{"id":1489,"date":"2021-02-23T20:29:31","date_gmt":"2021-02-23T19:29:31","guid":{"rendered":"https:\/\/www.anaromanature.com\/?page_id=1489"},"modified":"2024-10-14T06:51:04","modified_gmt":"2024-10-14T05:51:04","slug":"formas-de-envio","status":"publish","type":"page","link":"https:\/\/www.anaromanature.com\/index.php\/formas-de-envio\/","title":{"rendered":"Formas de Env\u00edo"},"content":{"rendered":"<p><strong>FORMAS DE ENV\u00cdO<\/strong><\/p>\n<p><strong>C\u00d3MO HACEMOS EL ENV\u00cdO Y CU\u00c1NTO TARDA<\/strong><\/p>\n<p>Si realizas tu pedido\u00a0<strong>antes de las 13\u201900h<\/strong>, sale ese mismo d\u00eda, con lo que al d\u00eda siguiente lo tienes en casa. Si realizas tu pedido <strong>despu\u00e9s de las 13\u201900h<\/strong> saldr\u00e1 al d\u00eda siguiente y tarda 24 horas en llegarte desde que se lo entregamos al mensajero. Esta informaci\u00f3n es a nivel Pen\u00ednsula.<\/p>\n<p><strong>Los env\u00edos se realizan de lunes a viernes.\u00a0<\/strong>Aquellos pedidos realizados entre el viernes a partir de las 12\u201900 y el domingo, ser\u00e1n enviados el lunes de la semana siguiente. No se hacen env\u00edos en festivos o d\u00edas no laborables. <strong>Las entregas se realizar\u00e1n de lunes a viernes.<\/strong><\/p>\n<p>La agencia de transportes que solemos utilizar es <b>GLS <\/b>y en el momento que hagamos la entrega a la agencia de tu env\u00edo, te facilitaremos el n\u00famero de seguimiento para que sepas en que punto se encuentra en cada momento.<\/p>\n<p><strong>GASTOS DE ENV\u00cdO<\/strong><\/p>\n<p>Realizamos env\u00edos a la Pen\u00ednsula, Islas Baleares, Ceuta y Melilla. Para pedidos fuera de esta zona, ponte en contacto con nosotros en info@anaromanature.com<\/p>\n<p>Los portes ser\u00e1n los que aparecen a continuaci\u00f3n, bajo las siguientes condiciones:<\/p>\n<ul>\n<li>Espa\u00f1a peninsular:\n<ul>\n<li>Pedidos superiores a 30\u20ac: portes gratis.<\/li>\n<li>Pedidos inferiores a 30\u20ac: portes 4,95 \u20ac.<\/li>\n<li>Recogida en nuestras tiendas: portes gratis.<\/li>\n<\/ul>\n<\/li>\n<li>Islas Canarias: No disponible actualmente.<\/li>\n<li>Islas Baleares:\n<ul>\n<li>Todos los Pedidos a Baleares llevan un coste de transporte de 6,95 \u20ac.<\/li>\n<\/ul>\n<\/li>\n<\/ul>\n<p>&nbsp;<\/p>\n<p><strong>FORMAS DE ENV\u00cdO<\/strong><\/p>\n<p><a href=\"mailto:%20info@anaromanature.com\">Cons\u00faltanos\u00a0<\/a>lo que necesites saber o aclarar.<\/p>\n<p>Visita nuestro <a href=\"http:\/\/facebook.com\/Anaroma-326324794814915\">Facebook<\/a> e <a href=\"https:\/\/www.instagram.com\/anaromanature\/\">Instagram<\/a>.<\/p>\n","protected":false},"excerpt":{"rendered":"<p>FORMAS DE ENV\u00cdO C\u00d3MO HACEMOS EL ENV\u00cdO Y CU\u00c1NTO TARDA Si realizas tu pedido\u00a0antes de las 13\u201900h, sale ese mismo d\u00eda, con lo que al d\u00eda siguiente lo tienes en casa. Si realizas tu pedido despu\u00e9s de las 13\u201900h saldr\u00e1 al d\u00eda siguiente y tarda 24 horas en llegarte desde que se lo entregamos al &hellip; <\/p>\n","protected":false},"author":1,"featured_media":0,"parent":0,"menu_order":0,"comment_status":"closed","ping_status":"closed","template":"","meta":{"_joinchat":[],"footnotes":""},"class_list":["post-1489","page","type-page","status-publish","hentry","latest_post"],"yoast_head":"<!-- This site is optimized with the Yoast SEO plugin v27.4 - https:\/\/yoast.com\/product\/yoast-seo-wordpress\/ -->\n<title>Formas de Env\u00edo - Anaroma Nature - Tienda Premium Online<\/title>\n<meta name=\"description\" content=\"FORMAS DE ENV\u00cdO. C\u00d3MO HACEMOS EL ENV\u00cdO Y CU\u00c1NTO TARDA. Si realizas tu pedido\u00a0antes de las 13\u201900h, sale ese mismo d\u00eda, con lo que al d\u00eda\" \/>\n<meta name=\"robots\" content=\"index, follow, max-snippet:-1, max-image-preview:large, max-video-preview:-1\" \/>\n<link rel=\"canonical\" href=\"https:\/\/www.anaromanature.com\/index.php\/formas-de-envio\/\" \/>\n<meta property=\"og:locale\" content=\"es_ES\" \/>\n<meta property=\"og:type\" content=\"article\" \/>\n<meta property=\"og:title\" content=\"Formas de Env\u00edo - Anaroma Nature - Tienda Premium Online\" \/>\n<meta property=\"og:description\" content=\"FORMAS DE ENV\u00cdO. C\u00d3MO HACEMOS EL ENV\u00cdO Y CU\u00c1NTO TARDA. Si realizas tu pedido\u00a0antes de las 13\u201900h, sale ese mismo d\u00eda, con lo que al d\u00eda\" \/>\n<meta property=\"og:url\" content=\"https:\/\/www.anaromanature.com\/index.php\/formas-de-envio\/\" \/>\n<meta property=\"og:site_name\" content=\"Anaroma Nature\" \/>\n<meta property=\"article:publisher\" content=\"http:\/\/facebook.com\/Anaroma-326324794814915\" \/>\n<meta property=\"article:modified_time\" content=\"2024-10-14T05:51:04+00:00\" \/>\n<meta property=\"og:image\" content=\"https:\/\/www.anaromanature.com\/wp-content\/uploads\/2021\/02\/cropped-cropped-Logotipo-1.jpg\" \/>\n\t<meta property=\"og:image:width\" content=\"290\" \/>\n\t<meta property=\"og:image:height\" content=\"290\" \/>\n\t<meta property=\"og:image:type\" content=\"image\/jpeg\" \/>\n<meta name=\"twitter:card\" content=\"summary_large_image\" \/>\n<meta name=\"twitter:label1\" content=\"Tiempo de lectura\" \/>\n\t<meta name=\"twitter:data1\" content=\"2 minutos\" \/>\n<script type=\"application\/ld+json\" class=\"yoast-schema-graph\">{\"@context\":\"https:\\\/\\\/schema.org\",\"@graph\":[{\"@type\":\"WebPage\",\"@id\":\"https:\\\/\\\/www.anaromanature.com\\\/index.php\\\/formas-de-envio\\\/\",\"url\":\"https:\\\/\\\/www.anaromanature.com\\\/index.php\\\/formas-de-envio\\\/\",\"name\":\"Formas de Env\u00edo - Anaroma Nature - Tienda Premium Online\",\"isPartOf\":{\"@id\":\"https:\\\/\\\/www.anaromanature.com\\\/#website\"},\"datePublished\":\"2021-02-23T19:29:31+00:00\",\"dateModified\":\"2024-10-14T05:51:04+00:00\",\"description\":\"FORMAS DE ENV\u00cdO. C\u00d3MO HACEMOS EL ENV\u00cdO Y CU\u00c1NTO TARDA. Si realizas tu pedido\u00a0antes de las 13\u201900h, sale ese mismo d\u00eda, con lo que al d\u00eda\",\"breadcrumb\":{\"@id\":\"https:\\\/\\\/www.anaromanature.com\\\/index.php\\\/formas-de-envio\\\/#breadcrumb\"},\"inLanguage\":\"es\",\"potentialAction\":[{\"@type\":\"ReadAction\",\"target\":[\"https:\\\/\\\/www.anaromanature.com\\\/index.php\\\/formas-de-envio\\\/\"]}]},{\"@type\":\"BreadcrumbList\",\"@id\":\"https:\\\/\\\/www.anaromanature.com\\\/index.php\\\/formas-de-envio\\\/#breadcrumb\",\"itemListElement\":[{\"@type\":\"ListItem\",\"position\":1,\"name\":\"Portada\",\"item\":\"https:\\\/\\\/www.anaromanature.com\\\/\"},{\"@type\":\"ListItem\",\"position\":2,\"name\":\"Formas de Env\u00edo\"}]},{\"@type\":\"WebSite\",\"@id\":\"https:\\\/\\\/www.anaromanature.com\\\/#website\",\"url\":\"https:\\\/\\\/www.anaromanature.com\\\/\",\"name\":\"Anaroma Nature\",\"description\":\"Aromas y color\",\"publisher\":{\"@id\":\"https:\\\/\\\/www.anaromanature.com\\\/#organization\"},\"potentialAction\":[{\"@type\":\"SearchAction\",\"target\":{\"@type\":\"EntryPoint\",\"urlTemplate\":\"https:\\\/\\\/www.anaromanature.com\\\/?s={search_term_string}\"},\"query-input\":{\"@type\":\"PropertyValueSpecification\",\"valueRequired\":true,\"valueName\":\"search_term_string\"}}],\"inLanguage\":\"es\"},{\"@type\":\"Organization\",\"@id\":\"https:\\\/\\\/www.anaromanature.com\\\/#organization\",\"name\":\"Anaroma Nature\",\"url\":\"https:\\\/\\\/www.anaromanature.com\\\/\",\"logo\":{\"@type\":\"ImageObject\",\"inLanguage\":\"es\",\"@id\":\"https:\\\/\\\/www.anaromanature.com\\\/#\\\/schema\\\/logo\\\/image\\\/\",\"url\":\"https:\\\/\\\/i2.wp.com\\\/www.anaromanature.com\\\/wp-content\\\/uploads\\\/2021\\\/02\\\/cropped-Logotipo-Anaroma-2.png?fit=290%2C288&ssl=1\",\"contentUrl\":\"https:\\\/\\\/i2.wp.com\\\/www.anaromanature.com\\\/wp-content\\\/uploads\\\/2021\\\/02\\\/cropped-Logotipo-Anaroma-2.png?fit=290%2C288&ssl=1\",\"width\":290,\"height\":288,\"caption\":\"Anaroma Nature\"},\"image\":{\"@id\":\"https:\\\/\\\/www.anaromanature.com\\\/#\\\/schema\\\/logo\\\/image\\\/\"},\"sameAs\":[\"http:\\\/\\\/facebook.com\\\/Anaroma-326324794814915\",\"http:\\\/\\\/instagram.com\\\/anaromanature\"]}]}<\/script>\n<!-- \/ Yoast SEO plugin. -->","yoast_head_json":{"title":"Formas de Env\u00edo - Anaroma Nature - Tienda Premium Online","description":"FORMAS DE ENV\u00cdO. C\u00d3MO HACEMOS EL ENV\u00cdO Y CU\u00c1NTO TARDA. Si realizas tu pedido\u00a0antes de las 13\u201900h, sale ese mismo d\u00eda, con lo que al d\u00eda","robots":{"index":"index","follow":"follow","max-snippet":"max-snippet:-1","max-image-preview":"max-image-preview:large","max-video-preview":"max-video-preview:-1"},"canonical":"https:\/\/www.anaromanature.com\/index.php\/formas-de-envio\/","og_locale":"es_ES","og_type":"article","og_title":"Formas de Env\u00edo - Anaroma Nature - Tienda Premium Online","og_description":"FORMAS DE ENV\u00cdO. C\u00d3MO HACEMOS EL ENV\u00cdO Y CU\u00c1NTO TARDA. Si realizas tu pedido\u00a0antes de las 13\u201900h, sale ese mismo d\u00eda, con lo que al d\u00eda","og_url":"https:\/\/www.anaromanature.com\/index.php\/formas-de-envio\/","og_site_name":"Anaroma Nature","article_publisher":"http:\/\/facebook.com\/Anaroma-326324794814915","article_modified_time":"2024-10-14T05:51:04+00:00","og_image":[{"width":290,"height":290,"url":"https:\/\/www.anaromanature.com\/wp-content\/uploads\/2021\/02\/cropped-cropped-Logotipo-1.jpg","type":"image\/jpeg"}],"twitter_card":"summary_large_image","twitter_misc":{"Tiempo de lectura":"2 minutos"},"schema":{"@context":"https:\/\/schema.org","@graph":[{"@type":"WebPage","@id":"https:\/\/www.anaromanature.com\/index.php\/formas-de-envio\/","url":"https:\/\/www.anaromanature.com\/index.php\/formas-de-envio\/","name":"Formas de Env\u00edo - Anaroma Nature - Tienda Premium Online","isPartOf":{"@id":"https:\/\/www.anaromanature.com\/#website"},"datePublished":"2021-02-23T19:29:31+00:00","dateModified":"2024-10-14T05:51:04+00:00","description":"FORMAS DE ENV\u00cdO. C\u00d3MO HACEMOS EL ENV\u00cdO Y CU\u00c1NTO TARDA. Si realizas tu pedido\u00a0antes de las 13\u201900h, sale ese mismo d\u00eda, con lo que al d\u00eda","breadcrumb":{"@id":"https:\/\/www.anaromanature.com\/index.php\/formas-de-envio\/#breadcrumb"},"inLanguage":"es","potentialAction":[{"@type":"ReadAction","target":["https:\/\/www.anaromanature.com\/index.php\/formas-de-envio\/"]}]},{"@type":"BreadcrumbList","@id":"https:\/\/www.anaromanature.com\/index.php\/formas-de-envio\/#breadcrumb","itemListElement":[{"@type":"ListItem","position":1,"name":"Portada","item":"https:\/\/www.anaromanature.com\/"},{"@type":"ListItem","position":2,"name":"Formas de Env\u00edo"}]},{"@type":"WebSite","@id":"https:\/\/www.anaromanature.com\/#website","url":"https:\/\/www.anaromanature.com\/","name":"Anaroma Nature","description":"Aromas y color","publisher":{"@id":"https:\/\/www.anaromanature.com\/#organization"},"potentialAction":[{"@type":"SearchAction","target":{"@type":"EntryPoint","urlTemplate":"https:\/\/www.anaromanature.com\/?s={search_term_string}"},"query-input":{"@type":"PropertyValueSpecification","valueRequired":true,"valueName":"search_term_string"}}],"inLanguage":"es"},{"@type":"Organization","@id":"https:\/\/www.anaromanature.com\/#organization","name":"Anaroma Nature","url":"https:\/\/www.anaromanature.com\/","logo":{"@type":"ImageObject","inLanguage":"es","@id":"https:\/\/www.anaromanature.com\/#\/schema\/logo\/image\/","url":"https:\/\/i2.wp.com\/www.anaromanature.com\/wp-content\/uploads\/2021\/02\/cropped-Logotipo-Anaroma-2.png?fit=290%2C288&ssl=1","contentUrl":"https:\/\/i2.wp.com\/www.anaromanature.com\/wp-content\/uploads\/2021\/02\/cropped-Logotipo-Anaroma-2.png?fit=290%2C288&ssl=1","width":290,"height":288,"caption":"Anaroma Nature"},"image":{"@id":"https:\/\/www.anaromanature.com\/#\/schema\/logo\/image\/"},"sameAs":["http:\/\/facebook.com\/Anaroma-326324794814915","http:\/\/instagram.com\/anaromanature"]}]}},"_links":{"self":[{"href":"https:\/\/www.anaromanature.com\/index.php\/wp-json\/wp\/v2\/pages\/1489","targetHints":{"allow":["GET"]}}],"collection":[{"href":"https:\/\/www.anaromanature.com\/index.php\/wp-json\/wp\/v2\/pages"}],"about":[{"href":"https:\/\/www.anaromanature.com\/index.php\/wp-json\/wp\/v2\/types\/page"}],"author":[{"embeddable":true,"href":"https:\/\/www.anaromanature.com\/index.php\/wp-json\/wp\/v2\/users\/1"}],"replies":[{"embeddable":true,"href":"https:\/\/www.anaromanature.com\/index.php\/wp-json\/wp\/v2\/comments?post=1489"}],"version-history":[{"count":9,"href":"https:\/\/www.anaromanature.com\/index.php\/wp-json\/wp\/v2\/pages\/1489\/revisions"}],"predecessor-version":[{"id":6705,"href":"https:\/\/www.anaromanature.com\/index.php\/wp-json\/wp\/v2\/pages\/1489\/revisions\/6705"}],"wp:attachment":[{"href":"https:\/\/www.anaromanature.com\/index.php\/wp-json\/wp\/v2\/media?parent=1489"}],"curies":[{"name":"wp","href":"https:\/\/api.w.org\/{rel}","templated":true}]}}