{"id":1493,"date":"2021-02-23T20:54:19","date_gmt":"2021-02-23T19:54:19","guid":{"rendered":"https:\/\/www.anaromanature.com\/?page_id=1493"},"modified":"2021-05-17T17:36:07","modified_gmt":"2021-05-17T16:36:07","slug":"quienes-somos-anaroma-nature","status":"publish","type":"page","link":"https:\/\/www.anaromanature.com\/index.php\/quienes-somos-anaroma-nature\/","title":{"rendered":"\u00bfQuienes somos?"},"content":{"rendered":"<p><a href=\"https:\/\/www.anaromanature.com\/wp-content\/uploads\/2021\/02\/Logotipo-Anaroma-2.png\"><img decoding=\"async\" class=\" wp-image-1166\" title=\"Logotipo Anaroma 2\" src=\"https:\/\/www.anaromanature.com\/wp-content\/uploads\/2021\/02\/Logotipo-Anaroma-2.png\" alt=\"Logotipo Anaroma 2\" width=\"110\" height=\"109\" srcset=\"https:\/\/www.anaromanature.com\/wp-content\/uploads\/2021\/02\/Logotipo-Anaroma-2.png 167w, https:\/\/www.anaromanature.com\/wp-content\/uploads\/2021\/02\/Logotipo-Anaroma-2-150x150.png 150w, https:\/\/www.anaromanature.com\/wp-content\/uploads\/2021\/02\/Logotipo-Anaroma-2-100x100.png 100w\" sizes=\"(max-width: 110px) 100vw, 110px\" \/><\/a><\/p>\n<p>Anaroma Nature es una tienda dedicada al asesoramiento y venta de Cosm\u00e9tica Natural, Perfumes de Equivalencia y\u00a0 Fragancias para el Hogar.<\/p>\n<p>Tratamos de ser un referente en estos campos con un trabajo limpio y dedicado hacia nuestros clientes, con esmero, dedicaci\u00f3n y constancia.<\/p>\n<p>Nos gusta contar con un producto de calidad y que las marcas que comercializamos tengan la suficiente calidad como para no desmerecer nuestro trabajo.<\/p>\n<p>Nos encontramos ubicados en Bola\u00f1os de Calatrava (Ciudad Real), desde donde preparamos todo con dedicaci\u00f3n y esmero para que cuando llegue a vuestros hogares, cumpla con la ilusi\u00f3n con la que hab\u00e9is realizado vuestros pedidos.<\/p>\n<p>Hay otra labor que nos encanta realizar y de la cual nos sentimos orgullosas de los resultados, y son las \u00abcestas personalizadas\u00bb, ya sea por un cumplea\u00f1os, boda, bautizo o comuni\u00f3n, fecha se\u00f1alada o simplemente porque s\u00ed, puedes indicarnos a la hora de hacer tu pedido que se trata de una cesta.<\/p>\n<p>En ese momento contactaremos contigo y ultimaremos los detalles importantes.<\/p>\n<p>No obstante, en breve habr\u00e1 una secci\u00f3n con algunos ejemplos de todo ello para que puedas hacerte una idea de los trabajos realizados.<\/p>\n<p>Si no nos conoces y no has hecho tu pedido con nosotros a\u00fan, d\u00e9janos que te lo demostremos.<\/p>\n<p>\u00bfTe animas?<\/p>\n<p>Si quieres saber m\u00e1s sobre nosotros, te recomendamos que nos sigas en nuestras RRSS, donde podr\u00e1s ver nuestras publicaciones, sorteos, consejos, etc.<\/p>\n<p>Perfuma tu hogar con\u00a0<a href=\"https:\/\/www.anaromanature.com\/\">Anaroma Nature<\/a><\/p>\n<p><a href=\"mailto:%20info@anaromanature.com\">Cons\u00faltanos\u00a0<\/a>lo que necesites saber o aclarar.<\/p>\n<p>Visita nuestro <a href=\"http:\/\/facebook.com\/Anaroma-326324794814915\">Facebook<\/a> o <a href=\"https:\/\/www.instagram.com\/anaromanature\/\">Instagram <\/a><\/p>\n","protected":false},"excerpt":{"rendered":"<p>Anaroma Nature es una tienda dedicada al asesoramiento y venta de Cosm\u00e9tica Natural, Perfumes de Equivalencia y\u00a0 Fragancias para el Hogar. Tratamos de ser un referente en estos campos con un trabajo limpio y dedicado hacia nuestros clientes, con esmero, dedicaci\u00f3n y constancia. Nos gusta contar con un producto de calidad y que las marcas &hellip; <\/p>\n","protected":false},"author":1,"featured_media":0,"parent":0,"menu_order":0,"comment_status":"closed","ping_status":"closed","template":"","meta":{"_joinchat":[],"footnotes":""},"class_list":["post-1493","page","type-page","status-publish","hentry","latest_post"],"yoast_head":"<!-- This site is optimized with the Yoast SEO plugin v27.4 - https:\/\/yoast.com\/product\/yoast-seo-wordpress\/ -->\n<title>\u00bfQuienes somos? - Anaroma Nature - Tienda Premium Online<\/title>\n<meta name=\"description\" content=\"Anaroma Nature es una tienda dedicada al asesoramiento y venta de Cosm\u00e9tica Natural, Perfumes de Equivalencia y Fragancias para el Hogar.\" \/>\n<meta name=\"robots\" content=\"index, follow, max-snippet:-1, max-image-preview:large, max-video-preview:-1\" \/>\n<link rel=\"canonical\" href=\"https:\/\/www.anaromanature.com\/index.php\/quienes-somos-anaroma-nature\/\" \/>\n<meta property=\"og:locale\" content=\"es_ES\" \/>\n<meta property=\"og:type\" content=\"article\" \/>\n<meta property=\"og:title\" content=\"\u00bfQuienes somos? - Anaroma Nature - Tienda Premium Online\" \/>\n<meta property=\"og:description\" content=\"Anaroma Nature es una tienda dedicada al asesoramiento y venta de Cosm\u00e9tica Natural, Perfumes de Equivalencia y Fragancias para el Hogar.\" \/>\n<meta property=\"og:url\" content=\"https:\/\/www.anaromanature.com\/index.php\/quienes-somos-anaroma-nature\/\" \/>\n<meta property=\"og:site_name\" content=\"Anaroma Nature\" \/>\n<meta property=\"article:publisher\" content=\"http:\/\/facebook.com\/Anaroma-326324794814915\" \/>\n<meta property=\"article:modified_time\" content=\"2021-05-17T16:36:07+00:00\" \/>\n<meta property=\"og:image\" content=\"https:\/\/www.anaromanature.com\/wp-content\/uploads\/2021\/02\/Logotipo-Anaroma-2.png\" \/>\n<meta name=\"twitter:card\" content=\"summary_large_image\" \/>\n<meta name=\"twitter:label1\" content=\"Tiempo de lectura\" \/>\n\t<meta name=\"twitter:data1\" content=\"2 minutos\" \/>\n<script type=\"application\/ld+json\" class=\"yoast-schema-graph\">{\"@context\":\"https:\\\/\\\/schema.org\",\"@graph\":[{\"@type\":\"WebPage\",\"@id\":\"https:\\\/\\\/www.anaromanature.com\\\/index.php\\\/quienes-somos-anaroma-nature\\\/\",\"url\":\"https:\\\/\\\/www.anaromanature.com\\\/index.php\\\/quienes-somos-anaroma-nature\\\/\",\"name\":\"\u00bfQuienes somos? - Anaroma Nature - Tienda Premium Online\",\"isPartOf\":{\"@id\":\"https:\\\/\\\/www.anaromanature.com\\\/#website\"},\"primaryImageOfPage\":{\"@id\":\"https:\\\/\\\/www.anaromanature.com\\\/index.php\\\/quienes-somos-anaroma-nature\\\/#primaryimage\"},\"image\":{\"@id\":\"https:\\\/\\\/www.anaromanature.com\\\/index.php\\\/quienes-somos-anaroma-nature\\\/#primaryimage\"},\"thumbnailUrl\":\"https:\\\/\\\/www.anaromanature.com\\\/wp-content\\\/uploads\\\/2021\\\/02\\\/Logotipo-Anaroma-2.png\",\"datePublished\":\"2021-02-23T19:54:19+00:00\",\"dateModified\":\"2021-05-17T16:36:07+00:00\",\"description\":\"Anaroma Nature es una tienda dedicada al asesoramiento y venta de Cosm\u00e9tica Natural, Perfumes de Equivalencia y Fragancias para el Hogar.\",\"breadcrumb\":{\"@id\":\"https:\\\/\\\/www.anaromanature.com\\\/index.php\\\/quienes-somos-anaroma-nature\\\/#breadcrumb\"},\"inLanguage\":\"es\",\"potentialAction\":[{\"@type\":\"ReadAction\",\"target\":[\"https:\\\/\\\/www.anaromanature.com\\\/index.php\\\/quienes-somos-anaroma-nature\\\/\"]}]},{\"@type\":\"ImageObject\",\"inLanguage\":\"es\",\"@id\":\"https:\\\/\\\/www.anaromanature.com\\\/index.php\\\/quienes-somos-anaroma-nature\\\/#primaryimage\",\"url\":\"https:\\\/\\\/www.anaromanature.com\\\/wp-content\\\/uploads\\\/2021\\\/02\\\/Logotipo-Anaroma-2.png\",\"contentUrl\":\"https:\\\/\\\/www.anaromanature.com\\\/wp-content\\\/uploads\\\/2021\\\/02\\\/Logotipo-Anaroma-2.png\",\"width\":167,\"height\":166,\"caption\":\"Logotipo Anaroma 2\"},{\"@type\":\"BreadcrumbList\",\"@id\":\"https:\\\/\\\/www.anaromanature.com\\\/index.php\\\/quienes-somos-anaroma-nature\\\/#breadcrumb\",\"itemListElement\":[{\"@type\":\"ListItem\",\"position\":1,\"name\":\"Portada\",\"item\":\"https:\\\/\\\/www.anaromanature.com\\\/\"},{\"@type\":\"ListItem\",\"position\":2,\"name\":\"\u00bfQuienes somos?\"}]},{\"@type\":\"WebSite\",\"@id\":\"https:\\\/\\\/www.anaromanature.com\\\/#website\",\"url\":\"https:\\\/\\\/www.anaromanature.com\\\/\",\"name\":\"Anaroma Nature\",\"description\":\"Aromas y color\",\"publisher\":{\"@id\":\"https:\\\/\\\/www.anaromanature.com\\\/#organization\"},\"potentialAction\":[{\"@type\":\"SearchAction\",\"target\":{\"@type\":\"EntryPoint\",\"urlTemplate\":\"https:\\\/\\\/www.anaromanature.com\\\/?s={search_term_string}\"},\"query-input\":{\"@type\":\"PropertyValueSpecification\",\"valueRequired\":true,\"valueName\":\"search_term_string\"}}],\"inLanguage\":\"es\"},{\"@type\":\"Organization\",\"@id\":\"https:\\\/\\\/www.anaromanature.com\\\/#organization\",\"name\":\"Anaroma Nature\",\"url\":\"https:\\\/\\\/www.anaromanature.com\\\/\",\"logo\":{\"@type\":\"ImageObject\",\"inLanguage\":\"es\",\"@id\":\"https:\\\/\\\/www.anaromanature.com\\\/#\\\/schema\\\/logo\\\/image\\\/\",\"url\":\"https:\\\/\\\/i2.wp.com\\\/www.anaromanature.com\\\/wp-content\\\/uploads\\\/2021\\\/02\\\/cropped-Logotipo-Anaroma-2.png?fit=290%2C288&ssl=1\",\"contentUrl\":\"https:\\\/\\\/i2.wp.com\\\/www.anaromanature.com\\\/wp-content\\\/uploads\\\/2021\\\/02\\\/cropped-Logotipo-Anaroma-2.png?fit=290%2C288&ssl=1\",\"width\":290,\"height\":288,\"caption\":\"Anaroma Nature\"},\"image\":{\"@id\":\"https:\\\/\\\/www.anaromanature.com\\\/#\\\/schema\\\/logo\\\/image\\\/\"},\"sameAs\":[\"http:\\\/\\\/facebook.com\\\/Anaroma-326324794814915\",\"http:\\\/\\\/instagram.com\\\/anaromanature\"]}]}<\/script>\n<!-- \/ Yoast SEO plugin. -->","yoast_head_json":{"title":"\u00bfQuienes somos? - Anaroma Nature - Tienda Premium Online","description":"Anaroma Nature es una tienda dedicada al asesoramiento y venta de Cosm\u00e9tica Natural, Perfumes de Equivalencia y Fragancias para el Hogar.","robots":{"index":"index","follow":"follow","max-snippet":"max-snippet:-1","max-image-preview":"max-image-preview:large","max-video-preview":"max-video-preview:-1"},"canonical":"https:\/\/www.anaromanature.com\/index.php\/quienes-somos-anaroma-nature\/","og_locale":"es_ES","og_type":"article","og_title":"\u00bfQuienes somos? - Anaroma Nature - Tienda Premium Online","og_description":"Anaroma Nature es una tienda dedicada al asesoramiento y venta de Cosm\u00e9tica Natural, Perfumes de Equivalencia y Fragancias para el Hogar.","og_url":"https:\/\/www.anaromanature.com\/index.php\/quienes-somos-anaroma-nature\/","og_site_name":"Anaroma Nature","article_publisher":"http:\/\/facebook.com\/Anaroma-326324794814915","article_modified_time":"2021-05-17T16:36:07+00:00","og_image":[{"url":"https:\/\/www.anaromanature.com\/wp-content\/uploads\/2021\/02\/Logotipo-Anaroma-2.png","type":"","width":"","height":""}],"twitter_card":"summary_large_image","twitter_misc":{"Tiempo de lectura":"2 minutos"},"schema":{"@context":"https:\/\/schema.org","@graph":[{"@type":"WebPage","@id":"https:\/\/www.anaromanature.com\/index.php\/quienes-somos-anaroma-nature\/","url":"https:\/\/www.anaromanature.com\/index.php\/quienes-somos-anaroma-nature\/","name":"\u00bfQuienes somos? - Anaroma Nature - Tienda Premium Online","isPartOf":{"@id":"https:\/\/www.anaromanature.com\/#website"},"primaryImageOfPage":{"@id":"https:\/\/www.anaromanature.com\/index.php\/quienes-somos-anaroma-nature\/#primaryimage"},"image":{"@id":"https:\/\/www.anaromanature.com\/index.php\/quienes-somos-anaroma-nature\/#primaryimage"},"thumbnailUrl":"https:\/\/www.anaromanature.com\/wp-content\/uploads\/2021\/02\/Logotipo-Anaroma-2.png","datePublished":"2021-02-23T19:54:19+00:00","dateModified":"2021-05-17T16:36:07+00:00","description":"Anaroma Nature es una tienda dedicada al asesoramiento y venta de Cosm\u00e9tica Natural, Perfumes de Equivalencia y Fragancias para el Hogar.","breadcrumb":{"@id":"https:\/\/www.anaromanature.com\/index.php\/quienes-somos-anaroma-nature\/#breadcrumb"},"inLanguage":"es","potentialAction":[{"@type":"ReadAction","target":["https:\/\/www.anaromanature.com\/index.php\/quienes-somos-anaroma-nature\/"]}]},{"@type":"ImageObject","inLanguage":"es","@id":"https:\/\/www.anaromanature.com\/index.php\/quienes-somos-anaroma-nature\/#primaryimage","url":"https:\/\/www.anaromanature.com\/wp-content\/uploads\/2021\/02\/Logotipo-Anaroma-2.png","contentUrl":"https:\/\/www.anaromanature.com\/wp-content\/uploads\/2021\/02\/Logotipo-Anaroma-2.png","width":167,"height":166,"caption":"Logotipo Anaroma 2"},{"@type":"BreadcrumbList","@id":"https:\/\/www.anaromanature.com\/index.php\/quienes-somos-anaroma-nature\/#breadcrumb","itemListElement":[{"@type":"ListItem","position":1,"name":"Portada","item":"https:\/\/www.anaromanature.com\/"},{"@type":"ListItem","position":2,"name":"\u00bfQuienes somos?"}]},{"@type":"WebSite","@id":"https:\/\/www.anaromanature.com\/#website","url":"https:\/\/www.anaromanature.com\/","name":"Anaroma Nature","description":"Aromas y color","publisher":{"@id":"https:\/\/www.anaromanature.com\/#organization"},"potentialAction":[{"@type":"SearchAction","target":{"@type":"EntryPoint","urlTemplate":"https:\/\/www.anaromanature.com\/?s={search_term_string}"},"query-input":{"@type":"PropertyValueSpecification","valueRequired":true,"valueName":"search_term_string"}}],"inLanguage":"es"},{"@type":"Organization","@id":"https:\/\/www.anaromanature.com\/#organization","name":"Anaroma Nature","url":"https:\/\/www.anaromanature.com\/","logo":{"@type":"ImageObject","inLanguage":"es","@id":"https:\/\/www.anaromanature.com\/#\/schema\/logo\/image\/","url":"https:\/\/i2.wp.com\/www.anaromanature.com\/wp-content\/uploads\/2021\/02\/cropped-Logotipo-Anaroma-2.png?fit=290%2C288&ssl=1","contentUrl":"https:\/\/i2.wp.com\/www.anaromanature.com\/wp-content\/uploads\/2021\/02\/cropped-Logotipo-Anaroma-2.png?fit=290%2C288&ssl=1","width":290,"height":288,"caption":"Anaroma Nature"},"image":{"@id":"https:\/\/www.anaromanature.com\/#\/schema\/logo\/image\/"},"sameAs":["http:\/\/facebook.com\/Anaroma-326324794814915","http:\/\/instagram.com\/anaromanature"]}]}},"_links":{"self":[{"href":"https:\/\/www.anaromanature.com\/index.php\/wp-json\/wp\/v2\/pages\/1493","targetHints":{"allow":["GET"]}}],"collection":[{"href":"https:\/\/www.anaromanature.com\/index.php\/wp-json\/wp\/v2\/pages"}],"about":[{"href":"https:\/\/www.anaromanature.com\/index.php\/wp-json\/wp\/v2\/types\/page"}],"author":[{"embeddable":true,"href":"https:\/\/www.anaromanature.com\/index.php\/wp-json\/wp\/v2\/users\/1"}],"replies":[{"embeddable":true,"href":"https:\/\/www.anaromanature.com\/index.php\/wp-json\/wp\/v2\/comments?post=1493"}],"version-history":[{"count":3,"href":"https:\/\/www.anaromanature.com\/index.php\/wp-json\/wp\/v2\/pages\/1493\/revisions"}],"predecessor-version":[{"id":3626,"href":"https:\/\/www.anaromanature.com\/index.php\/wp-json\/wp\/v2\/pages\/1493\/revisions\/3626"}],"wp:attachment":[{"href":"https:\/\/www.anaromanature.com\/index.php\/wp-json\/wp\/v2\/media?parent=1493"}],"curies":[{"name":"wp","href":"https:\/\/api.w.org\/{rel}","templated":true}]}}