{"id":251,"date":"2021-02-05T17:20:25","date_gmt":"2021-02-05T16:20:25","guid":{"rendered":"https:\/\/www.anaromanature.com\/?page_id=251"},"modified":"2024-06-21T16:41:03","modified_gmt":"2024-06-21T15:41:03","slug":"condiciones-de-venta","status":"publish","type":"page","link":"https:\/\/www.anaromanature.com\/index.php\/condiciones-de-venta\/","title":{"rendered":"Condiciones de Venta"},"content":{"rendered":"<div class=\"page-title page-title-default title-size-default title-design-default color-scheme-default\">\n<div class=\"container\">\n<header class=\"entry-header\">\n<h3>FORMAS DE PAGO<\/h3>\n<h1 class=\"entry-title\"><strong style=\"color: #222222; font-size: 15px;\">PAGO CON TARJETA DE CR\u00c9DITO\/D\u00c9BITO<\/strong><span style=\"color: #222222; font-size: 15px; font-weight: 400;\"> (VISA y MasterCard) a trav\u00e9s de la pasarela de pagos de BANKIA.<\/span><\/h1>\n<\/header>\n<\/div>\n<\/div>\n<div class=\"container\">\n<div class=\"row content-layout-wrapper align-items-start\">\n<div class=\"site-content col-lg-9 col-12 col-md-9\" role=\"main\">\n<article id=\"post-18191\" class=\"post-18191 page type-page status-publish hentry\">\n<div class=\"entry-content\">\n<p><strong>PAGO CON BIZUM<\/strong> a trav\u00e9s de la pasarela de pagos de BANKIA.<\/p>\n<p><strong>PAGO CON TRANSFERENCIA BANCARIA<\/strong> a la cuenta de BANKIA\u00a0 que aparecer\u00e1 una vez realizado el pedido. El pedido ser\u00e1 enviado una vez comprobado el pago. Usted debe tener en cuenta que si no es del mismo banco la transferencia puede tardar varios d\u00edas.<\/p>\n<p><span style=\"color: var(--black-color); font-family: var(--primary-font);\">*Si desea factura le rogamos que nos lo indique en el apartado de comentarios.<\/span><\/p>\n<h3>FORMAS DE ENV\u00cdO<\/h3>\n<p><strong>Debido a la situaci\u00f3n del Covid-19 no podemos garantizar los env\u00edos en 24h.\u00a0<\/strong><\/p>\n<p><strong>COMO HACEMOS EL ENV\u00cdO Y CUANTO TARDA<\/strong><\/p>\n<p>Si realizas tu pedido\u00a0<strong>antes de las 13\u201900h<\/strong>, sale ese mismo d\u00eda, con lo que al d\u00eda siguiente lo tienes en casa. Si realizas tu pedido <strong>despu\u00e9s de las 13\u201900h<\/strong> saldr\u00e1 al d\u00eda siguiente y tarda 24 horas en llegarte desde que se lo entregamos al mensajero. Esta informaci\u00f3n es a nivel Pen\u00ednsula.<\/p>\n<p><strong>Los env\u00edos se realizan de lunes a viernes.\u00a0<\/strong>Aquellos pedidos realizados entre el viernes a partir de las 12\u201900 y el domingo, ser\u00e1n enviados el lunes de la semana siguiente. No se hacen env\u00edos en festivos o d\u00edas no laborables. <strong>Las entregas se realizar\u00e1n de lunes a viernes.<\/strong><\/p>\n<p>La agencia de transportes que solemos utilizar es MRW y en el momento que hagamos la entrega a la agencia de tu env\u00edo, te facilitaremos el n\u00famero de seguimiento para que sepas en que punto se encuentra en cada momento.<\/p>\n<p><strong>GASTOS DE ENV\u00cdO<\/strong><\/p>\n<p>Realizamos env\u00edos a la Pen\u00ednsula, Islas Baleares, Islas Canarias, Ceuta y Melilla. Para pedidos fuera de esta zona, ponte en contacto con nosotros en info@anaromanature.com<\/p>\n<p>Los portes ser\u00e1n los que aparecen a continuaci\u00f3n, bajo las siguientes condiciones:<\/p>\n<ul>\n<li>Espa\u00f1a peninsular:\n<ul>\n<li>Pedidos superiores a 49 \u20ac: portes gratis.<\/li>\n<li>Pedidos inferiores a 49 \u20ac: portes 4,95 \u20ac.<\/li>\n<li>Recogida en nuestras tiendas: portes gratis.<\/li>\n<\/ul>\n<\/li>\n<\/ul>\n<p>&nbsp;<\/p>\n<ul>\n<li>Islas Canarias:\n<ul>\n<li>Todos los pedidos a las Islas Canarias llevan un coste de transporte de 18\u20ac.<\/li>\n<\/ul>\n<\/li>\n<\/ul>\n<p>&nbsp;<\/p>\n<ul>\n<li>Islas Baleares:\n<ul>\n<li>Todos los pedidos a Baleares llevan un coste de transporte de 6.95\u20ac.<\/li>\n<\/ul>\n<\/li>\n<\/ul>\n<p>&nbsp;<\/p>\n<h3>GARANT\u00cdA<\/h3>\n<p>Todos los aparatos el\u00e9ctricos tienen una garant\u00eda de 2 a\u00f1os por defecto de f\u00e1brica. En caso de incidencia debe proceder de la siguiente manera:<\/p>\n<p>1.- Ponerse en contacto con nosotros por cualquiera de estos medios<\/p>\n<p>E-mail: info@anaromanature.com<br \/>\nWhatsApp: 651 403 592<\/p>\n<p>La garant\u00eda entra en curso en el momento que procedamos a la facturaci\u00f3n de tu pedido. Recuerda que es indispensable mantenerlo contigo durante todo el periodo de garant\u00eda (2 a\u00f1os) ya que sin este ticket, no se aceptar\u00e1n reclamaciones.<\/p>\n<h3>CAMBIOS Y DEVOLUCIONES<\/h3>\n<p>Si al recibir la compra no estas satisfecho\/a con alg\u00fan art\u00edculo, tienes 14 d\u00edas para devolverlo, contando desde la fecha de compra.<\/p>\n<p>Una vez que www.anaromanature.com compruebe la mercanc\u00eda, haremos la devoluci\u00f3n del importe con la misma forma de pago que utilizaste al realizar el pedido.<\/p>\n<p>Para ejercitar el derecho de desistimiento, devoluci\u00f3n o el cambio del producto adquirido, deber\u00e1n cumplirse las siguientes condiciones:<\/p>\n<ul>\n<li>\u202fEl producto debe estar en perfecto estado y con su envoltorio original. Asimismo, no debe haberse abierto,\u202fdesprecintado o utilizado.<\/li>\n<li>Debe ser devuelto en las mismas condiciones en las que fue recibido\u202fcon su\u202fembalaje original intacto.<\/li>\n<li>La devoluci\u00f3n se puede realizar mediante env\u00edo por correo ordinario certificado a la direcci\u00f3n:\u00a0<strong>Ana Bel\u00e9n Ru\u00edz D\u00edaz. C\/ Arzobispo Calzado, 21. Bola\u00f1os de Calatrava<\/strong><strong>. Ciudad Real (ESPA\u00d1A).<\/strong><\/li>\n<li>En caso de que ejercite su derecho de desistimiento deber\u00e1 enviarnos la factura de compra junto con el producto.<\/li>\n<\/ul>\n<p><strong>Los gastos de envi\u00f3 siempre correr\u00e1n a cuenta del cliente, salvo que la incidencia haya sido por defecto de fabricaci\u00f3n, siendo en tal caso devueltos de la misma manera que se realiz\u00f3 el pedido.<\/strong><\/p>\n<\/div>\n<\/article>\n<\/div>\n<\/div>\n<\/div>\n","protected":false},"excerpt":{"rendered":"<p>FORMAS DE PAGO PAGO CON TARJETA DE CR\u00c9DITO\/D\u00c9BITO (VISA y MasterCard) a trav\u00e9s de la pasarela de pagos de BANKIA. PAGO CON BIZUM a trav\u00e9s de la pasarela de pagos de BANKIA. PAGO CON TRANSFERENCIA BANCARIA a la cuenta de BANKIA\u00a0 que aparecer\u00e1 una vez realizado el pedido. El pedido ser\u00e1 enviado una vez comprobado &hellip; <\/p>\n","protected":false},"author":1,"featured_media":0,"parent":0,"menu_order":0,"comment_status":"closed","ping_status":"closed","template":"","meta":{"_joinchat":[],"footnotes":""},"class_list":["post-251","page","type-page","status-publish","hentry","latest_post"],"yoast_head":"<!-- This site is optimized with the Yoast SEO plugin v27.4 - https:\/\/yoast.com\/product\/yoast-seo-wordpress\/ -->\n<title>Condiciones de Venta - Anaroma Nature<\/title>\n<meta name=\"robots\" content=\"index, follow, max-snippet:-1, max-image-preview:large, max-video-preview:-1\" \/>\n<link rel=\"canonical\" href=\"https:\/\/www.anaromanature.com\/index.php\/condiciones-de-venta\/\" \/>\n<meta property=\"og:locale\" content=\"es_ES\" \/>\n<meta property=\"og:type\" content=\"article\" \/>\n<meta property=\"og:title\" content=\"Condiciones de Venta - Anaroma Nature\" \/>\n<meta property=\"og:description\" content=\"FORMAS DE PAGO PAGO CON TARJETA DE CR\u00c9DITO\/D\u00c9BITO (VISA y MasterCard) a trav\u00e9s de la pasarela de pagos de BANKIA. PAGO CON BIZUM a trav\u00e9s de la pasarela de pagos de BANKIA. PAGO CON TRANSFERENCIA BANCARIA a la cuenta de BANKIA\u00a0 que aparecer\u00e1 una vez realizado el pedido. El pedido ser\u00e1 enviado una vez comprobado &hellip;\" \/>\n<meta property=\"og:url\" content=\"https:\/\/www.anaromanature.com\/index.php\/condiciones-de-venta\/\" \/>\n<meta property=\"og:site_name\" content=\"Anaroma Nature\" \/>\n<meta property=\"article:publisher\" content=\"http:\/\/facebook.com\/Anaroma-326324794814915\" \/>\n<meta property=\"article:modified_time\" content=\"2024-06-21T15:41:03+00:00\" \/>\n<meta property=\"og:image\" content=\"https:\/\/www.anaromanature.com\/wp-content\/uploads\/2021\/02\/cropped-cropped-Logotipo-1.jpg\" \/>\n\t<meta property=\"og:image:width\" content=\"290\" \/>\n\t<meta property=\"og:image:height\" content=\"290\" \/>\n\t<meta property=\"og:image:type\" content=\"image\/jpeg\" \/>\n<meta name=\"twitter:card\" content=\"summary_large_image\" \/>\n<meta name=\"twitter:label1\" content=\"Tiempo de lectura\" \/>\n\t<meta name=\"twitter:data1\" content=\"3 minutos\" \/>\n<script type=\"application\/ld+json\" class=\"yoast-schema-graph\">{\"@context\":\"https:\\\/\\\/schema.org\",\"@graph\":[{\"@type\":\"WebPage\",\"@id\":\"https:\\\/\\\/www.anaromanature.com\\\/index.php\\\/condiciones-de-venta\\\/\",\"url\":\"https:\\\/\\\/www.anaromanature.com\\\/index.php\\\/condiciones-de-venta\\\/\",\"name\":\"Condiciones de Venta - Anaroma Nature\",\"isPartOf\":{\"@id\":\"https:\\\/\\\/www.anaromanature.com\\\/#website\"},\"datePublished\":\"2021-02-05T16:20:25+00:00\",\"dateModified\":\"2024-06-21T15:41:03+00:00\",\"breadcrumb\":{\"@id\":\"https:\\\/\\\/www.anaromanature.com\\\/index.php\\\/condiciones-de-venta\\\/#breadcrumb\"},\"inLanguage\":\"es\",\"potentialAction\":[{\"@type\":\"ReadAction\",\"target\":[\"https:\\\/\\\/www.anaromanature.com\\\/index.php\\\/condiciones-de-venta\\\/\"]}]},{\"@type\":\"BreadcrumbList\",\"@id\":\"https:\\\/\\\/www.anaromanature.com\\\/index.php\\\/condiciones-de-venta\\\/#breadcrumb\",\"itemListElement\":[{\"@type\":\"ListItem\",\"position\":1,\"name\":\"Portada\",\"item\":\"https:\\\/\\\/www.anaromanature.com\\\/\"},{\"@type\":\"ListItem\",\"position\":2,\"name\":\"Condiciones de Venta\"}]},{\"@type\":\"WebSite\",\"@id\":\"https:\\\/\\\/www.anaromanature.com\\\/#website\",\"url\":\"https:\\\/\\\/www.anaromanature.com\\\/\",\"name\":\"Anaroma Nature\",\"description\":\"Aromas y color\",\"publisher\":{\"@id\":\"https:\\\/\\\/www.anaromanature.com\\\/#organization\"},\"potentialAction\":[{\"@type\":\"SearchAction\",\"target\":{\"@type\":\"EntryPoint\",\"urlTemplate\":\"https:\\\/\\\/www.anaromanature.com\\\/?s={search_term_string}\"},\"query-input\":{\"@type\":\"PropertyValueSpecification\",\"valueRequired\":true,\"valueName\":\"search_term_string\"}}],\"inLanguage\":\"es\"},{\"@type\":\"Organization\",\"@id\":\"https:\\\/\\\/www.anaromanature.com\\\/#organization\",\"name\":\"Anaroma Nature\",\"url\":\"https:\\\/\\\/www.anaromanature.com\\\/\",\"logo\":{\"@type\":\"ImageObject\",\"inLanguage\":\"es\",\"@id\":\"https:\\\/\\\/www.anaromanature.com\\\/#\\\/schema\\\/logo\\\/image\\\/\",\"url\":\"https:\\\/\\\/i2.wp.com\\\/www.anaromanature.com\\\/wp-content\\\/uploads\\\/2021\\\/02\\\/cropped-Logotipo-Anaroma-2.png?fit=290%2C288&ssl=1\",\"contentUrl\":\"https:\\\/\\\/i2.wp.com\\\/www.anaromanature.com\\\/wp-content\\\/uploads\\\/2021\\\/02\\\/cropped-Logotipo-Anaroma-2.png?fit=290%2C288&ssl=1\",\"width\":290,\"height\":288,\"caption\":\"Anaroma Nature\"},\"image\":{\"@id\":\"https:\\\/\\\/www.anaromanature.com\\\/#\\\/schema\\\/logo\\\/image\\\/\"},\"sameAs\":[\"http:\\\/\\\/facebook.com\\\/Anaroma-326324794814915\",\"http:\\\/\\\/instagram.com\\\/anaromanature\"]}]}<\/script>\n<!-- \/ Yoast SEO plugin. -->","yoast_head_json":{"title":"Condiciones de Venta - Anaroma Nature","robots":{"index":"index","follow":"follow","max-snippet":"max-snippet:-1","max-image-preview":"max-image-preview:large","max-video-preview":"max-video-preview:-1"},"canonical":"https:\/\/www.anaromanature.com\/index.php\/condiciones-de-venta\/","og_locale":"es_ES","og_type":"article","og_title":"Condiciones de Venta - Anaroma Nature","og_description":"FORMAS DE PAGO PAGO CON TARJETA DE CR\u00c9DITO\/D\u00c9BITO (VISA y MasterCard) a trav\u00e9s de la pasarela de pagos de BANKIA. PAGO CON BIZUM a trav\u00e9s de la pasarela de pagos de BANKIA. PAGO CON TRANSFERENCIA BANCARIA a la cuenta de BANKIA\u00a0 que aparecer\u00e1 una vez realizado el pedido. El pedido ser\u00e1 enviado una vez comprobado &hellip;","og_url":"https:\/\/www.anaromanature.com\/index.php\/condiciones-de-venta\/","og_site_name":"Anaroma Nature","article_publisher":"http:\/\/facebook.com\/Anaroma-326324794814915","article_modified_time":"2024-06-21T15:41:03+00:00","og_image":[{"width":290,"height":290,"url":"https:\/\/www.anaromanature.com\/wp-content\/uploads\/2021\/02\/cropped-cropped-Logotipo-1.jpg","type":"image\/jpeg"}],"twitter_card":"summary_large_image","twitter_misc":{"Tiempo de lectura":"3 minutos"},"schema":{"@context":"https:\/\/schema.org","@graph":[{"@type":"WebPage","@id":"https:\/\/www.anaromanature.com\/index.php\/condiciones-de-venta\/","url":"https:\/\/www.anaromanature.com\/index.php\/condiciones-de-venta\/","name":"Condiciones de Venta - Anaroma Nature","isPartOf":{"@id":"https:\/\/www.anaromanature.com\/#website"},"datePublished":"2021-02-05T16:20:25+00:00","dateModified":"2024-06-21T15:41:03+00:00","breadcrumb":{"@id":"https:\/\/www.anaromanature.com\/index.php\/condiciones-de-venta\/#breadcrumb"},"inLanguage":"es","potentialAction":[{"@type":"ReadAction","target":["https:\/\/www.anaromanature.com\/index.php\/condiciones-de-venta\/"]}]},{"@type":"BreadcrumbList","@id":"https:\/\/www.anaromanature.com\/index.php\/condiciones-de-venta\/#breadcrumb","itemListElement":[{"@type":"ListItem","position":1,"name":"Portada","item":"https:\/\/www.anaromanature.com\/"},{"@type":"ListItem","position":2,"name":"Condiciones de Venta"}]},{"@type":"WebSite","@id":"https:\/\/www.anaromanature.com\/#website","url":"https:\/\/www.anaromanature.com\/","name":"Anaroma Nature","description":"Aromas y color","publisher":{"@id":"https:\/\/www.anaromanature.com\/#organization"},"potentialAction":[{"@type":"SearchAction","target":{"@type":"EntryPoint","urlTemplate":"https:\/\/www.anaromanature.com\/?s={search_term_string}"},"query-input":{"@type":"PropertyValueSpecification","valueRequired":true,"valueName":"search_term_string"}}],"inLanguage":"es"},{"@type":"Organization","@id":"https:\/\/www.anaromanature.com\/#organization","name":"Anaroma Nature","url":"https:\/\/www.anaromanature.com\/","logo":{"@type":"ImageObject","inLanguage":"es","@id":"https:\/\/www.anaromanature.com\/#\/schema\/logo\/image\/","url":"https:\/\/i2.wp.com\/www.anaromanature.com\/wp-content\/uploads\/2021\/02\/cropped-Logotipo-Anaroma-2.png?fit=290%2C288&ssl=1","contentUrl":"https:\/\/i2.wp.com\/www.anaromanature.com\/wp-content\/uploads\/2021\/02\/cropped-Logotipo-Anaroma-2.png?fit=290%2C288&ssl=1","width":290,"height":288,"caption":"Anaroma Nature"},"image":{"@id":"https:\/\/www.anaromanature.com\/#\/schema\/logo\/image\/"},"sameAs":["http:\/\/facebook.com\/Anaroma-326324794814915","http:\/\/instagram.com\/anaromanature"]}]}},"_links":{"self":[{"href":"https:\/\/www.anaromanature.com\/index.php\/wp-json\/wp\/v2\/pages\/251","targetHints":{"allow":["GET"]}}],"collection":[{"href":"https:\/\/www.anaromanature.com\/index.php\/wp-json\/wp\/v2\/pages"}],"about":[{"href":"https:\/\/www.anaromanature.com\/index.php\/wp-json\/wp\/v2\/types\/page"}],"author":[{"embeddable":true,"href":"https:\/\/www.anaromanature.com\/index.php\/wp-json\/wp\/v2\/users\/1"}],"replies":[{"embeddable":true,"href":"https:\/\/www.anaromanature.com\/index.php\/wp-json\/wp\/v2\/comments?post=251"}],"version-history":[{"count":10,"href":"https:\/\/www.anaromanature.com\/index.php\/wp-json\/wp\/v2\/pages\/251\/revisions"}],"predecessor-version":[{"id":6598,"href":"https:\/\/www.anaromanature.com\/index.php\/wp-json\/wp\/v2\/pages\/251\/revisions\/6598"}],"wp:attachment":[{"href":"https:\/\/www.anaromanature.com\/index.php\/wp-json\/wp\/v2\/media?parent=251"}],"curies":[{"name":"wp","href":"https:\/\/api.w.org\/{rel}","templated":true}]}}