{"id":3849,"date":"2021-06-05T19:22:36","date_gmt":"2021-06-05T18:22:36","guid":{"rendered":"https:\/\/www.anaromanature.com\/?page_id=3849"},"modified":"2021-06-05T19:58:20","modified_gmt":"2021-06-05T18:58:20","slug":"tarjeta-de-fidelizacion-anaroma-nature","status":"publish","type":"page","link":"https:\/\/www.anaromanature.com\/index.php\/tarjeta-de-fidelizacion-anaroma-nature\/","title":{"rendered":"Tarjeta de Fidelizaci\u00f3n &#8211; Anaroma Nature"},"content":{"rendered":"<p><a href=\"https:\/\/www.anaromanature.com\/wp-content\/uploads\/2021\/06\/Tarjeta-Puntos-Anaroma-1.png\"><img fetchpriority=\"high\" decoding=\"async\" class=\"wp-image-3864 aligncenter\" title=\"Tarjeta Puntos Anaroma 1\" src=\"https:\/\/www.anaromanature.com\/wp-content\/uploads\/2021\/06\/Tarjeta-Puntos-Anaroma-1.png\" alt=\"Tarjeta Puntos Anaroma 1\" width=\"291\" height=\"359\" srcset=\"https:\/\/www.anaromanature.com\/wp-content\/uploads\/2021\/06\/Tarjeta-Puntos-Anaroma-1.png 487w, https:\/\/www.anaromanature.com\/wp-content\/uploads\/2021\/06\/Tarjeta-Puntos-Anaroma-1-243x300.png 243w\" sizes=\"(max-width: 291px) 100vw, 291px\" \/><\/a><\/p>\n<p>&nbsp;<\/p>\n<p>Tarjeta de Fidelizaci\u00f3n &#8211; Anaroma Nature<\/p>\n<ul>\n<li><strong>\u00bfC\u00f3mo funciona?<\/strong><\/li>\n<\/ul>\n<p>A\u00f1ade los productos que quieras al carrito, selecciona modo de pago y finaliza el pedido. Te informamos cuantos puntos acumulas antes de finalizar la compra.<\/p>\n<ul>\n<li><strong>\u00bfC\u00f3mo acumulo puntos?<\/strong><\/li>\n<\/ul>\n<p>Con tus compras superiores a 20 \u20ac.<\/p>\n<ul>\n<li><strong>\u00bfPuedo conseguir puntos sin estar registrado?<\/strong><\/li>\n<\/ul>\n<p>No. Es obligatorio registrarse para que tus puntos se acumulen.<\/p>\n<ul>\n<li><strong>\u00bfCu\u00e1nto vale mi dinero en Anaroma Nature?<\/strong><\/li>\n<\/ul>\n<p>Por cada 20 \u20ac de compra, obtendr\u00e1s 1 punto.<\/p>\n<ul>\n<li><strong>\u00bfCu\u00e1ndo puedo canjear mis puntos?<\/strong><\/li>\n<\/ul>\n<p>Cuando consigas 15 puntos.<\/p>\n<ul>\n<li><strong>\u00bfPuedo gastar el Cup\u00f3n de 20 \u20ac en pedidos peque\u00f1os?<\/strong><\/li>\n<\/ul>\n<p>No, el pedido en el que lo canjees ha de ser superior a ese importe.<\/p>\n<ul>\n<li><strong>\u00bfCaducan los puntos?<\/strong><\/li>\n<\/ul>\n<p>No, siempre estar\u00e1n disponibles.<\/p>\n<ul>\n<li><strong>\u00bfCu\u00e1ndo recibo el cup\u00f3n de 20 \u20ac?<\/strong><\/li>\n<\/ul>\n<p>Una vez alcances los 15 puntos, el Cup\u00f3n lo tendr\u00e1s disponible en tu email para canjear en el siguiente pedido.<\/p>\n<ul>\n<li><strong>\u00bfPuede otra persona usar mis puntos?<\/strong><\/li>\n<\/ul>\n<p>No, el Cup\u00f3n de 20 \u20ac, est\u00e1 unido al email con el que te registraste y nadie m\u00e1s puede hacer uso de \u00e9l.<\/p>\n<ul>\n<li><strong>\u00bfQu\u00e9 pasa con mis puntos cuando los use?<\/strong><\/li>\n<\/ul>\n<p>Se gastan y tu contador se pone a cero de nuevo.<\/p>\n<ul>\n<li><strong>\u00bfTengo un tiempo l\u00edmite para usar el Cup\u00f3n de 20 \u20ac?<\/strong><\/li>\n<\/ul>\n<p>S\u00ed, dispones de <strong><em>30\u00a0d\u00edas<\/em><\/strong> para hacer uso de \u00e9l, una vez pase este tiempo, caducar\u00e1, perdiendo de esa manera el Cup\u00f3n y los puntos correspondientes.<\/p>\n<ul>\n<li><strong>Recuerda:<\/strong><\/li>\n<\/ul>\n<h3 style=\"text-align: center;\"><strong>20 \u20ac de compra = 1 Punto<\/strong><\/h3>\n<h3 style=\"text-align: center;\"><strong>15 Puntos = 20 \u20ac<\/strong><\/h3>\n<p>&nbsp;<\/p>\n<p>Tarjeta de Fidelizaci\u00f3n &#8211; Anaroma Nature<\/p>\n<p>Haz tus compras en <a href=\"https:\/\/www.anaromanature.com\/\">Anaroma Nature<\/a><\/p>\n<p><a href=\"mailto:%20info@anaromanature.com\">Cons\u00faltanos\u00a0<\/a>lo que necesites saber o aclarar.<\/p>\n<p>Visita nuestro\u00a0<a href=\"https:\/\/www.instagram.com\/anaromanature\/\">Instagram<\/a>.<\/p>\n","protected":false},"excerpt":{"rendered":"<p>&nbsp; Tarjeta de Fidelizaci\u00f3n &#8211; Anaroma Nature \u00bfC\u00f3mo funciona? A\u00f1ade los productos que quieras al carrito, selecciona modo de pago y finaliza el pedido. Te informamos cuantos puntos acumulas antes de finalizar la compra. \u00bfC\u00f3mo acumulo puntos? Con tus compras superiores a 20 \u20ac. \u00bfPuedo conseguir puntos sin estar registrado? No. Es obligatorio registrarse para &hellip; <\/p>\n","protected":false},"author":1,"featured_media":0,"parent":0,"menu_order":0,"comment_status":"closed","ping_status":"closed","template":"","meta":{"_joinchat":[],"footnotes":""},"class_list":["post-3849","page","type-page","status-publish","hentry","latest_post"],"yoast_head":"<!-- This site is optimized with the Yoast SEO plugin v27.4 - https:\/\/yoast.com\/product\/yoast-seo-wordpress\/ -->\n<title>Tarjeta de Fidelizaci\u00f3n - Anaroma Nature - Anaroma Nature - Tienda Online<\/title>\n<meta name=\"description\" content=\"Tarjeta de Fidelizaci\u00f3n - Anaroma Nature \u00bfC\u00f3mo funciona? A\u00f1ade los productos que quieras al carrito, selecciona modo de pago y finaliza el\" \/>\n<meta name=\"robots\" content=\"index, follow, max-snippet:-1, max-image-preview:large, max-video-preview:-1\" \/>\n<link rel=\"canonical\" href=\"https:\/\/www.anaromanature.com\/index.php\/tarjeta-de-fidelizacion-anaroma-nature\/\" \/>\n<meta property=\"og:locale\" content=\"es_ES\" \/>\n<meta property=\"og:type\" content=\"article\" \/>\n<meta property=\"og:title\" content=\"Tarjeta de Fidelizaci\u00f3n - Anaroma Nature - Anaroma Nature - Tienda Online\" \/>\n<meta property=\"og:description\" content=\"Tarjeta de Fidelizaci\u00f3n - Anaroma Nature \u00bfC\u00f3mo funciona? A\u00f1ade los productos que quieras al carrito, selecciona modo de pago y finaliza el\" \/>\n<meta property=\"og:url\" content=\"https:\/\/www.anaromanature.com\/index.php\/tarjeta-de-fidelizacion-anaroma-nature\/\" \/>\n<meta property=\"og:site_name\" content=\"Anaroma Nature\" \/>\n<meta property=\"article:publisher\" content=\"http:\/\/facebook.com\/Anaroma-326324794814915\" \/>\n<meta property=\"article:modified_time\" content=\"2021-06-05T18:58:20+00:00\" \/>\n<meta property=\"og:image\" content=\"https:\/\/www.anaromanature.com\/wp-content\/uploads\/2021\/06\/Tarjeta-Puntos-Anaroma-1.png\" \/>\n<meta name=\"twitter:card\" content=\"summary_large_image\" \/>\n<meta name=\"twitter:label1\" content=\"Tiempo de lectura\" \/>\n\t<meta name=\"twitter:data1\" content=\"2 minutos\" \/>\n<script type=\"application\/ld+json\" class=\"yoast-schema-graph\">{\"@context\":\"https:\\\/\\\/schema.org\",\"@graph\":[{\"@type\":\"WebPage\",\"@id\":\"https:\\\/\\\/www.anaromanature.com\\\/index.php\\\/tarjeta-de-fidelizacion-anaroma-nature\\\/\",\"url\":\"https:\\\/\\\/www.anaromanature.com\\\/index.php\\\/tarjeta-de-fidelizacion-anaroma-nature\\\/\",\"name\":\"Tarjeta de Fidelizaci\u00f3n - Anaroma Nature - Anaroma Nature - Tienda Online\",\"isPartOf\":{\"@id\":\"https:\\\/\\\/www.anaromanature.com\\\/#website\"},\"primaryImageOfPage\":{\"@id\":\"https:\\\/\\\/www.anaromanature.com\\\/index.php\\\/tarjeta-de-fidelizacion-anaroma-nature\\\/#primaryimage\"},\"image\":{\"@id\":\"https:\\\/\\\/www.anaromanature.com\\\/index.php\\\/tarjeta-de-fidelizacion-anaroma-nature\\\/#primaryimage\"},\"thumbnailUrl\":\"https:\\\/\\\/www.anaromanature.com\\\/wp-content\\\/uploads\\\/2021\\\/06\\\/Tarjeta-Puntos-Anaroma-1.png\",\"datePublished\":\"2021-06-05T18:22:36+00:00\",\"dateModified\":\"2021-06-05T18:58:20+00:00\",\"description\":\"Tarjeta de Fidelizaci\u00f3n - Anaroma Nature \u00bfC\u00f3mo funciona? A\u00f1ade los productos que quieras al carrito, selecciona modo de pago y finaliza el\",\"breadcrumb\":{\"@id\":\"https:\\\/\\\/www.anaromanature.com\\\/index.php\\\/tarjeta-de-fidelizacion-anaroma-nature\\\/#breadcrumb\"},\"inLanguage\":\"es\",\"potentialAction\":[{\"@type\":\"ReadAction\",\"target\":[\"https:\\\/\\\/www.anaromanature.com\\\/index.php\\\/tarjeta-de-fidelizacion-anaroma-nature\\\/\"]}]},{\"@type\":\"ImageObject\",\"inLanguage\":\"es\",\"@id\":\"https:\\\/\\\/www.anaromanature.com\\\/index.php\\\/tarjeta-de-fidelizacion-anaroma-nature\\\/#primaryimage\",\"url\":\"https:\\\/\\\/www.anaromanature.com\\\/wp-content\\\/uploads\\\/2021\\\/06\\\/Tarjeta-Puntos-Anaroma-1.png\",\"contentUrl\":\"https:\\\/\\\/www.anaromanature.com\\\/wp-content\\\/uploads\\\/2021\\\/06\\\/Tarjeta-Puntos-Anaroma-1.png\",\"width\":487,\"height\":600,\"caption\":\"Tarjeta Puntos Anaroma 1\"},{\"@type\":\"BreadcrumbList\",\"@id\":\"https:\\\/\\\/www.anaromanature.com\\\/index.php\\\/tarjeta-de-fidelizacion-anaroma-nature\\\/#breadcrumb\",\"itemListElement\":[{\"@type\":\"ListItem\",\"position\":1,\"name\":\"Portada\",\"item\":\"https:\\\/\\\/www.anaromanature.com\\\/\"},{\"@type\":\"ListItem\",\"position\":2,\"name\":\"Tarjeta de Fidelizaci\u00f3n &#8211; Anaroma Nature\"}]},{\"@type\":\"WebSite\",\"@id\":\"https:\\\/\\\/www.anaromanature.com\\\/#website\",\"url\":\"https:\\\/\\\/www.anaromanature.com\\\/\",\"name\":\"Anaroma Nature\",\"description\":\"Aromas y color\",\"publisher\":{\"@id\":\"https:\\\/\\\/www.anaromanature.com\\\/#organization\"},\"potentialAction\":[{\"@type\":\"SearchAction\",\"target\":{\"@type\":\"EntryPoint\",\"urlTemplate\":\"https:\\\/\\\/www.anaromanature.com\\\/?s={search_term_string}\"},\"query-input\":{\"@type\":\"PropertyValueSpecification\",\"valueRequired\":true,\"valueName\":\"search_term_string\"}}],\"inLanguage\":\"es\"},{\"@type\":\"Organization\",\"@id\":\"https:\\\/\\\/www.anaromanature.com\\\/#organization\",\"name\":\"Anaroma Nature\",\"url\":\"https:\\\/\\\/www.anaromanature.com\\\/\",\"logo\":{\"@type\":\"ImageObject\",\"inLanguage\":\"es\",\"@id\":\"https:\\\/\\\/www.anaromanature.com\\\/#\\\/schema\\\/logo\\\/image\\\/\",\"url\":\"https:\\\/\\\/i2.wp.com\\\/www.anaromanature.com\\\/wp-content\\\/uploads\\\/2021\\\/02\\\/cropped-Logotipo-Anaroma-2.png?fit=290%2C288&ssl=1\",\"contentUrl\":\"https:\\\/\\\/i2.wp.com\\\/www.anaromanature.com\\\/wp-content\\\/uploads\\\/2021\\\/02\\\/cropped-Logotipo-Anaroma-2.png?fit=290%2C288&ssl=1\",\"width\":290,\"height\":288,\"caption\":\"Anaroma Nature\"},\"image\":{\"@id\":\"https:\\\/\\\/www.anaromanature.com\\\/#\\\/schema\\\/logo\\\/image\\\/\"},\"sameAs\":[\"http:\\\/\\\/facebook.com\\\/Anaroma-326324794814915\",\"http:\\\/\\\/instagram.com\\\/anaromanature\"]}]}<\/script>\n<!-- \/ Yoast SEO plugin. -->","yoast_head_json":{"title":"Tarjeta de Fidelizaci\u00f3n - Anaroma Nature - Anaroma Nature - Tienda Online","description":"Tarjeta de Fidelizaci\u00f3n - Anaroma Nature \u00bfC\u00f3mo funciona? A\u00f1ade los productos que quieras al carrito, selecciona modo de pago y finaliza el","robots":{"index":"index","follow":"follow","max-snippet":"max-snippet:-1","max-image-preview":"max-image-preview:large","max-video-preview":"max-video-preview:-1"},"canonical":"https:\/\/www.anaromanature.com\/index.php\/tarjeta-de-fidelizacion-anaroma-nature\/","og_locale":"es_ES","og_type":"article","og_title":"Tarjeta de Fidelizaci\u00f3n - Anaroma Nature - Anaroma Nature - Tienda Online","og_description":"Tarjeta de Fidelizaci\u00f3n - Anaroma Nature \u00bfC\u00f3mo funciona? A\u00f1ade los productos que quieras al carrito, selecciona modo de pago y finaliza el","og_url":"https:\/\/www.anaromanature.com\/index.php\/tarjeta-de-fidelizacion-anaroma-nature\/","og_site_name":"Anaroma Nature","article_publisher":"http:\/\/facebook.com\/Anaroma-326324794814915","article_modified_time":"2021-06-05T18:58:20+00:00","og_image":[{"url":"https:\/\/www.anaromanature.com\/wp-content\/uploads\/2021\/06\/Tarjeta-Puntos-Anaroma-1.png","type":"","width":"","height":""}],"twitter_card":"summary_large_image","twitter_misc":{"Tiempo de lectura":"2 minutos"},"schema":{"@context":"https:\/\/schema.org","@graph":[{"@type":"WebPage","@id":"https:\/\/www.anaromanature.com\/index.php\/tarjeta-de-fidelizacion-anaroma-nature\/","url":"https:\/\/www.anaromanature.com\/index.php\/tarjeta-de-fidelizacion-anaroma-nature\/","name":"Tarjeta de Fidelizaci\u00f3n - Anaroma Nature - Anaroma Nature - Tienda Online","isPartOf":{"@id":"https:\/\/www.anaromanature.com\/#website"},"primaryImageOfPage":{"@id":"https:\/\/www.anaromanature.com\/index.php\/tarjeta-de-fidelizacion-anaroma-nature\/#primaryimage"},"image":{"@id":"https:\/\/www.anaromanature.com\/index.php\/tarjeta-de-fidelizacion-anaroma-nature\/#primaryimage"},"thumbnailUrl":"https:\/\/www.anaromanature.com\/wp-content\/uploads\/2021\/06\/Tarjeta-Puntos-Anaroma-1.png","datePublished":"2021-06-05T18:22:36+00:00","dateModified":"2021-06-05T18:58:20+00:00","description":"Tarjeta de Fidelizaci\u00f3n - Anaroma Nature \u00bfC\u00f3mo funciona? A\u00f1ade los productos que quieras al carrito, selecciona modo de pago y finaliza el","breadcrumb":{"@id":"https:\/\/www.anaromanature.com\/index.php\/tarjeta-de-fidelizacion-anaroma-nature\/#breadcrumb"},"inLanguage":"es","potentialAction":[{"@type":"ReadAction","target":["https:\/\/www.anaromanature.com\/index.php\/tarjeta-de-fidelizacion-anaroma-nature\/"]}]},{"@type":"ImageObject","inLanguage":"es","@id":"https:\/\/www.anaromanature.com\/index.php\/tarjeta-de-fidelizacion-anaroma-nature\/#primaryimage","url":"https:\/\/www.anaromanature.com\/wp-content\/uploads\/2021\/06\/Tarjeta-Puntos-Anaroma-1.png","contentUrl":"https:\/\/www.anaromanature.com\/wp-content\/uploads\/2021\/06\/Tarjeta-Puntos-Anaroma-1.png","width":487,"height":600,"caption":"Tarjeta Puntos Anaroma 1"},{"@type":"BreadcrumbList","@id":"https:\/\/www.anaromanature.com\/index.php\/tarjeta-de-fidelizacion-anaroma-nature\/#breadcrumb","itemListElement":[{"@type":"ListItem","position":1,"name":"Portada","item":"https:\/\/www.anaromanature.com\/"},{"@type":"ListItem","position":2,"name":"Tarjeta de Fidelizaci\u00f3n &#8211; Anaroma Nature"}]},{"@type":"WebSite","@id":"https:\/\/www.anaromanature.com\/#website","url":"https:\/\/www.anaromanature.com\/","name":"Anaroma Nature","description":"Aromas y color","publisher":{"@id":"https:\/\/www.anaromanature.com\/#organization"},"potentialAction":[{"@type":"SearchAction","target":{"@type":"EntryPoint","urlTemplate":"https:\/\/www.anaromanature.com\/?s={search_term_string}"},"query-input":{"@type":"PropertyValueSpecification","valueRequired":true,"valueName":"search_term_string"}}],"inLanguage":"es"},{"@type":"Organization","@id":"https:\/\/www.anaromanature.com\/#organization","name":"Anaroma Nature","url":"https:\/\/www.anaromanature.com\/","logo":{"@type":"ImageObject","inLanguage":"es","@id":"https:\/\/www.anaromanature.com\/#\/schema\/logo\/image\/","url":"https:\/\/i2.wp.com\/www.anaromanature.com\/wp-content\/uploads\/2021\/02\/cropped-Logotipo-Anaroma-2.png?fit=290%2C288&ssl=1","contentUrl":"https:\/\/i2.wp.com\/www.anaromanature.com\/wp-content\/uploads\/2021\/02\/cropped-Logotipo-Anaroma-2.png?fit=290%2C288&ssl=1","width":290,"height":288,"caption":"Anaroma Nature"},"image":{"@id":"https:\/\/www.anaromanature.com\/#\/schema\/logo\/image\/"},"sameAs":["http:\/\/facebook.com\/Anaroma-326324794814915","http:\/\/instagram.com\/anaromanature"]}]}},"_links":{"self":[{"href":"https:\/\/www.anaromanature.com\/index.php\/wp-json\/wp\/v2\/pages\/3849","targetHints":{"allow":["GET"]}}],"collection":[{"href":"https:\/\/www.anaromanature.com\/index.php\/wp-json\/wp\/v2\/pages"}],"about":[{"href":"https:\/\/www.anaromanature.com\/index.php\/wp-json\/wp\/v2\/types\/page"}],"author":[{"embeddable":true,"href":"https:\/\/www.anaromanature.com\/index.php\/wp-json\/wp\/v2\/users\/1"}],"replies":[{"embeddable":true,"href":"https:\/\/www.anaromanature.com\/index.php\/wp-json\/wp\/v2\/comments?post=3849"}],"version-history":[{"count":12,"href":"https:\/\/www.anaromanature.com\/index.php\/wp-json\/wp\/v2\/pages\/3849\/revisions"}],"predecessor-version":[{"id":3871,"href":"https:\/\/www.anaromanature.com\/index.php\/wp-json\/wp\/v2\/pages\/3849\/revisions\/3871"}],"wp:attachment":[{"href":"https:\/\/www.anaromanature.com\/index.php\/wp-json\/wp\/v2\/media?parent=3849"}],"curies":[{"name":"wp","href":"https:\/\/api.w.org\/{rel}","templated":true}]}}