{"id":1281,"date":"2021-02-19T19:17:16","date_gmt":"2021-02-19T18:17:16","guid":{"rendered":"https:\/\/www.anaromanature.com\/?post_type=product&#038;p=1281"},"modified":"2021-02-20T19:07:29","modified_gmt":"2021-02-20T18:07:29","slug":"ziaja-desodorante-antitranspirante-men","status":"publish","type":"product","link":"https:\/\/www.anaromanature.com\/index.php\/producto\/ziaja-desodorante-antitranspirante-men\/","title":{"rendered":"ZIAJA Desodorante antitranspirante MEN"},"content":{"rendered":"<p>ZIAJA Desodorante antitranspirante MEN<\/p>\n<p>Desodorante que inhibe la secreci\u00f3n de sudor, neutralizando el mal olor.<\/p>\n<p>Inhibe la secreci\u00f3n de sudor.<\/p>\n<p>Elimina el mal olor.<\/p>\n<p>Sensaci\u00f3n de frescor duradera.<\/p>\n<p>No mancha la ropa.<\/p>\n<p><strong>Apto para veganos.<\/strong><\/p>\n<p><strong>MODO DE EMPLEO:<\/strong> Aplicar sobre la piel limpia y seca cuando sea necesario.<\/p>\n<p>Capacidad: 60 ml.<\/p>\n<p>ZIAJA Desodorante antitranspirante MEN<\/p>\n<p><strong>SOBRE ZIAJA<\/strong><\/p>\n<p>Ziaja es un fabricante polaco de productos farmac\u00e9uticos y cosm\u00e9ticos de alta calidad basados en ingredientes naturales para el cuidado de rostro, cuerpo y cabello.<\/p>\n<p>Se origin\u00f3 a partir de la pasi\u00f3n y el deseo de hacer reparaciones terap\u00e9uticas y cosm\u00e9ticos para el cuidado de la piel con las formulas m\u00e1s sencillas.<\/p>\n<p>Su punto de mira es la mejora y desarrollo continuo y eso convierte a Ziaja en una empresa innovadora y orientada al futuro.<\/p>\n<p>Cuida tu piel con <a href=\"https:\/\/www.anaromanature.com\/\">Anaroma Nature<\/a><\/p>\n<p><a href=\"mailto:%20info@anaromanature.com\">Cons\u00faltanos\u00a0<\/a>lo que necesites saber o aclarar.<\/p>\n<p>Visita nuestro\u00a0<a href=\"https:\/\/www.instagram.com\/anaromanature\/\">Instagram<\/a>.<\/p>\n","protected":false},"excerpt":{"rendered":"<p>&nbsp;<\/p>\n<p>Desodorante que inhibe la secreci\u00f3n de sudor, neutralizando el mal olor.<\/p>\n<p>Sensaci\u00f3n de frescor duradera.<\/p>\n<p>No mancha la ropa.<\/p>\n<p>Capacidad: 60 ml.<\/p>\n","protected":false},"featured_media":1282,"comment_status":"open","ping_status":"closed","template":"","meta":{"_joinchat":[]},"product_brand":[],"product_cat":[224,219],"product_tag":[228,222,223],"class_list":{"0":"post-1281","1":"product","2":"type-product","3":"status-publish","4":"has-post-thumbnail","6":"product_cat-men-hombre","7":"product_cat-ziaja","8":"product_tag-desodorante","9":"product_tag-hombre","10":"product_tag-men","11":"latest_post","13":"first","14":"instock","15":"taxable","16":"shipping-taxable","17":"purchasable","18":"product-type-simple"},"yoast_head":"<!-- This site is optimized with the Yoast SEO plugin v27.4 - https:\/\/yoast.com\/product\/yoast-seo-wordpress\/ -->\n<title>ZIAJA Desodorante antitranspirante MEN - Anaroma Nature - Tienda<\/title>\n<meta name=\"description\" content=\"ZIAJA Desodorante antitranspirante MEN. Desodorante que inhibe la secreci\u00f3n de sudor, neutralizando el mal olor. Inhibe la secreci\u00f3n de sudor\" \/>\n<meta name=\"robots\" content=\"index, follow, max-snippet:-1, max-image-preview:large, max-video-preview:-1\" \/>\n<link rel=\"canonical\" href=\"https:\/\/www.anaromanature.com\/index.php\/producto\/ziaja-desodorante-antitranspirante-men\/\" \/>\n<meta property=\"og:locale\" content=\"es_ES\" \/>\n<meta property=\"og:type\" content=\"article\" \/>\n<meta property=\"og:title\" content=\"ZIAJA Desodorante antitranspirante MEN - Anaroma Nature - Tienda\" \/>\n<meta property=\"og:description\" content=\"ZIAJA Desodorante antitranspirante MEN. Desodorante que inhibe la secreci\u00f3n de sudor, neutralizando el mal olor. Inhibe la secreci\u00f3n de sudor\" \/>\n<meta property=\"og:url\" content=\"https:\/\/www.anaromanature.com\/index.php\/producto\/ziaja-desodorante-antitranspirante-men\/\" \/>\n<meta property=\"og:site_name\" content=\"Anaroma Nature\" \/>\n<meta property=\"article:publisher\" content=\"http:\/\/facebook.com\/Anaroma-326324794814915\" \/>\n<meta property=\"article:modified_time\" content=\"2021-02-20T18:07:29+00:00\" \/>\n<meta property=\"og:image\" content=\"https:\/\/i1.wp.com\/www.anaromanature.com\/wp-content\/uploads\/2021\/02\/ZIAJA-Desodorante-antitranspirante-MEN.jpg?fit=600%2C600&ssl=1\" \/>\n\t<meta property=\"og:image:width\" content=\"600\" \/>\n\t<meta property=\"og:image:height\" content=\"600\" \/>\n\t<meta property=\"og:image:type\" content=\"image\/jpeg\" \/>\n<meta name=\"twitter:card\" content=\"summary_large_image\" \/>\n<meta name=\"twitter:label1\" content=\"Tiempo de lectura\" \/>\n\t<meta name=\"twitter:data1\" content=\"1 minuto\" \/>\n<script type=\"application\/ld+json\" class=\"yoast-schema-graph\">{\"@context\":\"https:\\\/\\\/schema.org\",\"@graph\":[{\"@type\":\"WebPage\",\"@id\":\"https:\\\/\\\/www.anaromanature.com\\\/index.php\\\/producto\\\/ziaja-desodorante-antitranspirante-men\\\/\",\"url\":\"https:\\\/\\\/www.anaromanature.com\\\/index.php\\\/producto\\\/ziaja-desodorante-antitranspirante-men\\\/\",\"name\":\"ZIAJA Desodorante antitranspirante MEN - Anaroma Nature - Tienda\",\"isPartOf\":{\"@id\":\"https:\\\/\\\/www.anaromanature.com\\\/#website\"},\"primaryImageOfPage\":{\"@id\":\"https:\\\/\\\/www.anaromanature.com\\\/index.php\\\/producto\\\/ziaja-desodorante-antitranspirante-men\\\/#primaryimage\"},\"image\":{\"@id\":\"https:\\\/\\\/www.anaromanature.com\\\/index.php\\\/producto\\\/ziaja-desodorante-antitranspirante-men\\\/#primaryimage\"},\"thumbnailUrl\":\"https:\\\/\\\/www.anaromanature.com\\\/wp-content\\\/uploads\\\/2021\\\/02\\\/ZIAJA-Desodorante-antitranspirante-MEN.jpg\",\"datePublished\":\"2021-02-19T18:17:16+00:00\",\"dateModified\":\"2021-02-20T18:07:29+00:00\",\"description\":\"ZIAJA Desodorante antitranspirante MEN. Desodorante que inhibe la secreci\u00f3n de sudor, neutralizando el mal olor. Inhibe la secreci\u00f3n de sudor\",\"breadcrumb\":{\"@id\":\"https:\\\/\\\/www.anaromanature.com\\\/index.php\\\/producto\\\/ziaja-desodorante-antitranspirante-men\\\/#breadcrumb\"},\"inLanguage\":\"es\",\"potentialAction\":[{\"@type\":\"ReadAction\",\"target\":[\"https:\\\/\\\/www.anaromanature.com\\\/index.php\\\/producto\\\/ziaja-desodorante-antitranspirante-men\\\/\"]}]},{\"@type\":\"ImageObject\",\"inLanguage\":\"es\",\"@id\":\"https:\\\/\\\/www.anaromanature.com\\\/index.php\\\/producto\\\/ziaja-desodorante-antitranspirante-men\\\/#primaryimage\",\"url\":\"https:\\\/\\\/www.anaromanature.com\\\/wp-content\\\/uploads\\\/2021\\\/02\\\/ZIAJA-Desodorante-antitranspirante-MEN.jpg\",\"contentUrl\":\"https:\\\/\\\/www.anaromanature.com\\\/wp-content\\\/uploads\\\/2021\\\/02\\\/ZIAJA-Desodorante-antitranspirante-MEN.jpg\",\"width\":600,\"height\":600,\"caption\":\"ZIAJA Desodorante antitranspirante MEN\"},{\"@type\":\"BreadcrumbList\",\"@id\":\"https:\\\/\\\/www.anaromanature.com\\\/index.php\\\/producto\\\/ziaja-desodorante-antitranspirante-men\\\/#breadcrumb\",\"itemListElement\":[{\"@type\":\"ListItem\",\"position\":1,\"name\":\"Portada\",\"item\":\"https:\\\/\\\/www.anaromanature.com\\\/\"},{\"@type\":\"ListItem\",\"position\":2,\"name\":\"Tienda\",\"item\":\"https:\\\/\\\/www.anaromanature.com\\\/index.php\\\/tienda-premium-online-anarome-nature\\\/\"},{\"@type\":\"ListItem\",\"position\":3,\"name\":\"ZIAJA Desodorante antitranspirante MEN\"}]},{\"@type\":\"WebSite\",\"@id\":\"https:\\\/\\\/www.anaromanature.com\\\/#website\",\"url\":\"https:\\\/\\\/www.anaromanature.com\\\/\",\"name\":\"Anaroma Nature\",\"description\":\"Aromas y color\",\"publisher\":{\"@id\":\"https:\\\/\\\/www.anaromanature.com\\\/#organization\"},\"potentialAction\":[{\"@type\":\"SearchAction\",\"target\":{\"@type\":\"EntryPoint\",\"urlTemplate\":\"https:\\\/\\\/www.anaromanature.com\\\/?s={search_term_string}\"},\"query-input\":{\"@type\":\"PropertyValueSpecification\",\"valueRequired\":true,\"valueName\":\"search_term_string\"}}],\"inLanguage\":\"es\"},{\"@type\":\"Organization\",\"@id\":\"https:\\\/\\\/www.anaromanature.com\\\/#organization\",\"name\":\"Anaroma Nature\",\"url\":\"https:\\\/\\\/www.anaromanature.com\\\/\",\"logo\":{\"@type\":\"ImageObject\",\"inLanguage\":\"es\",\"@id\":\"https:\\\/\\\/www.anaromanature.com\\\/#\\\/schema\\\/logo\\\/image\\\/\",\"url\":\"https:\\\/\\\/i2.wp.com\\\/www.anaromanature.com\\\/wp-content\\\/uploads\\\/2021\\\/02\\\/cropped-Logotipo-Anaroma-2.png?fit=290%2C288&ssl=1\",\"contentUrl\":\"https:\\\/\\\/i2.wp.com\\\/www.anaromanature.com\\\/wp-content\\\/uploads\\\/2021\\\/02\\\/cropped-Logotipo-Anaroma-2.png?fit=290%2C288&ssl=1\",\"width\":290,\"height\":288,\"caption\":\"Anaroma Nature\"},\"image\":{\"@id\":\"https:\\\/\\\/www.anaromanature.com\\\/#\\\/schema\\\/logo\\\/image\\\/\"},\"sameAs\":[\"http:\\\/\\\/facebook.com\\\/Anaroma-326324794814915\",\"http:\\\/\\\/instagram.com\\\/anaromanature\"]}]}<\/script>\n<!-- \/ Yoast SEO plugin. -->","yoast_head_json":{"title":"ZIAJA Desodorante antitranspirante MEN - Anaroma Nature - Tienda","description":"ZIAJA Desodorante antitranspirante MEN. Desodorante que inhibe la secreci\u00f3n de sudor, neutralizando el mal olor. Inhibe la secreci\u00f3n de sudor","robots":{"index":"index","follow":"follow","max-snippet":"max-snippet:-1","max-image-preview":"max-image-preview:large","max-video-preview":"max-video-preview:-1"},"canonical":"https:\/\/www.anaromanature.com\/index.php\/producto\/ziaja-desodorante-antitranspirante-men\/","og_locale":"es_ES","og_type":"article","og_title":"ZIAJA Desodorante antitranspirante MEN - Anaroma Nature - Tienda","og_description":"ZIAJA Desodorante antitranspirante MEN. Desodorante que inhibe la secreci\u00f3n de sudor, neutralizando el mal olor. Inhibe la secreci\u00f3n de sudor","og_url":"https:\/\/www.anaromanature.com\/index.php\/producto\/ziaja-desodorante-antitranspirante-men\/","og_site_name":"Anaroma Nature","article_publisher":"http:\/\/facebook.com\/Anaroma-326324794814915","article_modified_time":"2021-02-20T18:07:29+00:00","og_image":[{"width":600,"height":600,"url":"https:\/\/i1.wp.com\/www.anaromanature.com\/wp-content\/uploads\/2021\/02\/ZIAJA-Desodorante-antitranspirante-MEN.jpg?fit=600%2C600&ssl=1","type":"image\/jpeg"}],"twitter_card":"summary_large_image","twitter_misc":{"Tiempo de lectura":"1 minuto"},"schema":{"@context":"https:\/\/schema.org","@graph":[{"@type":"WebPage","@id":"https:\/\/www.anaromanature.com\/index.php\/producto\/ziaja-desodorante-antitranspirante-men\/","url":"https:\/\/www.anaromanature.com\/index.php\/producto\/ziaja-desodorante-antitranspirante-men\/","name":"ZIAJA Desodorante antitranspirante MEN - Anaroma Nature - Tienda","isPartOf":{"@id":"https:\/\/www.anaromanature.com\/#website"},"primaryImageOfPage":{"@id":"https:\/\/www.anaromanature.com\/index.php\/producto\/ziaja-desodorante-antitranspirante-men\/#primaryimage"},"image":{"@id":"https:\/\/www.anaromanature.com\/index.php\/producto\/ziaja-desodorante-antitranspirante-men\/#primaryimage"},"thumbnailUrl":"https:\/\/www.anaromanature.com\/wp-content\/uploads\/2021\/02\/ZIAJA-Desodorante-antitranspirante-MEN.jpg","datePublished":"2021-02-19T18:17:16+00:00","dateModified":"2021-02-20T18:07:29+00:00","description":"ZIAJA Desodorante antitranspirante MEN. Desodorante que inhibe la secreci\u00f3n de sudor, neutralizando el mal olor. Inhibe la secreci\u00f3n de sudor","breadcrumb":{"@id":"https:\/\/www.anaromanature.com\/index.php\/producto\/ziaja-desodorante-antitranspirante-men\/#breadcrumb"},"inLanguage":"es","potentialAction":[{"@type":"ReadAction","target":["https:\/\/www.anaromanature.com\/index.php\/producto\/ziaja-desodorante-antitranspirante-men\/"]}]},{"@type":"ImageObject","inLanguage":"es","@id":"https:\/\/www.anaromanature.com\/index.php\/producto\/ziaja-desodorante-antitranspirante-men\/#primaryimage","url":"https:\/\/www.anaromanature.com\/wp-content\/uploads\/2021\/02\/ZIAJA-Desodorante-antitranspirante-MEN.jpg","contentUrl":"https:\/\/www.anaromanature.com\/wp-content\/uploads\/2021\/02\/ZIAJA-Desodorante-antitranspirante-MEN.jpg","width":600,"height":600,"caption":"ZIAJA Desodorante antitranspirante MEN"},{"@type":"BreadcrumbList","@id":"https:\/\/www.anaromanature.com\/index.php\/producto\/ziaja-desodorante-antitranspirante-men\/#breadcrumb","itemListElement":[{"@type":"ListItem","position":1,"name":"Portada","item":"https:\/\/www.anaromanature.com\/"},{"@type":"ListItem","position":2,"name":"Tienda","item":"https:\/\/www.anaromanature.com\/index.php\/tienda-premium-online-anarome-nature\/"},{"@type":"ListItem","position":3,"name":"ZIAJA Desodorante antitranspirante MEN"}]},{"@type":"WebSite","@id":"https:\/\/www.anaromanature.com\/#website","url":"https:\/\/www.anaromanature.com\/","name":"Anaroma Nature","description":"Aromas y color","publisher":{"@id":"https:\/\/www.anaromanature.com\/#organization"},"potentialAction":[{"@type":"SearchAction","target":{"@type":"EntryPoint","urlTemplate":"https:\/\/www.anaromanature.com\/?s={search_term_string}"},"query-input":{"@type":"PropertyValueSpecification","valueRequired":true,"valueName":"search_term_string"}}],"inLanguage":"es"},{"@type":"Organization","@id":"https:\/\/www.anaromanature.com\/#organization","name":"Anaroma Nature","url":"https:\/\/www.anaromanature.com\/","logo":{"@type":"ImageObject","inLanguage":"es","@id":"https:\/\/www.anaromanature.com\/#\/schema\/logo\/image\/","url":"https:\/\/i2.wp.com\/www.anaromanature.com\/wp-content\/uploads\/2021\/02\/cropped-Logotipo-Anaroma-2.png?fit=290%2C288&ssl=1","contentUrl":"https:\/\/i2.wp.com\/www.anaromanature.com\/wp-content\/uploads\/2021\/02\/cropped-Logotipo-Anaroma-2.png?fit=290%2C288&ssl=1","width":290,"height":288,"caption":"Anaroma Nature"},"image":{"@id":"https:\/\/www.anaromanature.com\/#\/schema\/logo\/image\/"},"sameAs":["http:\/\/facebook.com\/Anaroma-326324794814915","http:\/\/instagram.com\/anaromanature"]}]}},"_links":{"self":[{"href":"https:\/\/www.anaromanature.com\/index.php\/wp-json\/wp\/v2\/product\/1281","targetHints":{"allow":["GET"]}}],"collection":[{"href":"https:\/\/www.anaromanature.com\/index.php\/wp-json\/wp\/v2\/product"}],"about":[{"href":"https:\/\/www.anaromanature.com\/index.php\/wp-json\/wp\/v2\/types\/product"}],"replies":[{"embeddable":true,"href":"https:\/\/www.anaromanature.com\/index.php\/wp-json\/wp\/v2\/comments?post=1281"}],"wp:featuredmedia":[{"embeddable":true,"href":"https:\/\/www.anaromanature.com\/index.php\/wp-json\/wp\/v2\/media\/1282"}],"wp:attachment":[{"href":"https:\/\/www.anaromanature.com\/index.php\/wp-json\/wp\/v2\/media?parent=1281"}],"wp:term":[{"taxonomy":"product_brand","embeddable":true,"href":"https:\/\/www.anaromanature.com\/index.php\/wp-json\/wp\/v2\/product_brand?post=1281"},{"taxonomy":"product_cat","embeddable":true,"href":"https:\/\/www.anaromanature.com\/index.php\/wp-json\/wp\/v2\/product_cat?post=1281"},{"taxonomy":"product_tag","embeddable":true,"href":"https:\/\/www.anaromanature.com\/index.php\/wp-json\/wp\/v2\/product_tag?post=1281"}],"curies":[{"name":"wp","href":"https:\/\/api.w.org\/{rel}","templated":true}]}}