{"id":1322,"date":"2021-02-20T16:36:13","date_gmt":"2021-02-20T15:36:13","guid":{"rendered":"https:\/\/www.anaromanature.com\/index.php\/producto\/ziaja-dentifrico-ninos-de-helado-de-galleta-y-vainilla\/"},"modified":"2021-02-21T21:20:18","modified_gmt":"2021-02-21T20:20:18","slug":"ziaja-dentifrico-ninos-de-helado-de-galleta-y-vainilla","status":"publish","type":"product","link":"https:\/\/www.anaromanature.com\/index.php\/producto\/ziaja-dentifrico-ninos-de-helado-de-galleta-y-vainilla\/","title":{"rendered":"ZIAJA Dent\u00edfrico Ni\u00f1os de Helado de Galleta y Vainilla"},"content":{"rendered":"<p>ZIAJA Dent\u00edfrico Ni\u00f1os de Helado de Galleta y Vainilla<\/p>\n<p>Pasta de dientes para ni\u00f1os a partir de 6 a\u00f1os.<\/p>\n<ul>\n<li>Indicado para los dientes primarios (dientes de leche), primeros molares y dentici\u00f3n mixta y definitiva.<\/li>\n<li>Contiene s\u00edlice natural (ingrediente que limpia suavemente los dientes).<\/li>\n<li>Agradable sabor (lo que fomenta los h\u00e1bitos de higiene bucal diaria en los ni\u00f1os)<\/li>\n<li>Contiene un 0.15% de fl\u00faor.<\/li>\n<\/ul>\n<p>No contiene az\u00facar, ni conservantes ni colorantes.<\/p>\n<p>Capacidad: 50 ml.<\/p>\n<p>ZIAJA Dent\u00edfrico Ni\u00f1os de Helado de Galleta y Vainilla<\/p>\n<p><strong>SOBRE ZIAJA<\/strong><\/p>\n<p>Ziaja es un fabricante polaco de productos farmac\u00e9uticos y cosm\u00e9ticos de alta calidad basados en ingredientes naturales para el cuidado de rostro, cuerpo y cabello.<\/p>\n<p>Se origin\u00f3 a partir de la pasi\u00f3n y el deseo de hacer reparaciones terap\u00e9uticas y cosm\u00e9ticos para el cuidado de la piel con las formulas m\u00e1s sencillas.<\/p>\n<p>Su punto de mira es la mejora y desarrollo continuo y eso convierte a Ziaja en una empresa innovadora y orientada al futuro.<\/p>\n<p>Cuida tu piel con\u00a0<a href=\"https:\/\/www.anaromanature.com\/\">Anaroma Nature<\/a><\/p>\n<p><a href=\"mailto:%20info@anaromanature.com\">Cons\u00faltanos\u00a0<\/a>lo que necesites saber o aclarar.<\/p>\n<p>Visita nuestro\u00a0<a href=\"https:\/\/www.instagram.com\/anaromanature\/\">Instagram<\/a>.<\/p>\n","protected":false},"excerpt":{"rendered":"<p>&nbsp;<\/p>\n<p><a href=\"https:\/\/www.anaromanature.com\/wp-content\/uploads\/2021\/02\/Logo-Ziaja.jpg\"><img decoding=\"async\" class=\" wp-image-1459\" title=\"Logo Ziaja\" src=\"https:\/\/www.anaromanature.com\/wp-content\/uploads\/2021\/02\/Logo-Ziaja.jpg\" alt=\"Logo Ziaja\" width=\"130\" height=\"80\" \/><\/a><\/p>\n<hr \/>\n<p>Pasta de dientes para ni\u00f1os a partir de 6 a\u00f1os.<\/p>\n<p>Indicado para los dientes primarios (dientes de leche), primeros molares y dentici\u00f3n mixta y definitiva.<\/p>\n<p>Capacidad: 50 ml.<\/p>\n","protected":false},"featured_media":1343,"comment_status":"open","ping_status":"closed","template":"","meta":{"_joinchat":[]},"product_brand":[],"product_cat":[232,219],"product_tag":[237,253,234],"class_list":{"0":"post-1322","1":"product","2":"type-product","3":"status-publish","4":"has-post-thumbnail","6":"product_cat-baby-bebe","7":"product_cat-ziaja","8":"product_tag-baby","9":"product_tag-dentifrico","10":"product_tag-nino","11":"latest_post","13":"first","14":"instock","15":"taxable","16":"shipping-taxable","17":"purchasable","18":"product-type-simple"},"yoast_head":"<!-- This site is optimized with the Yoast SEO plugin v27.4 - https:\/\/yoast.com\/product\/yoast-seo-wordpress\/ -->\n<title>ZIAJA Dent\u00edfrico Ni\u00f1os de Helado de Galleta y Vainilla - Anaroma Nature<\/title>\n<meta name=\"description\" content=\"ZIAJA Dent\u00edfrico Ni\u00f1os de Helado de Galleta y Vainilla. Pasta de dientes para ni\u00f1os a partir de 6 a\u00f1os. Indicado para los dientes primarios (\" \/>\n<meta name=\"robots\" content=\"index, follow, max-snippet:-1, max-image-preview:large, max-video-preview:-1\" \/>\n<link rel=\"canonical\" href=\"https:\/\/www.anaromanature.com\/index.php\/producto\/ziaja-dentifrico-ninos-de-helado-de-galleta-y-vainilla\/\" \/>\n<meta property=\"og:locale\" content=\"es_ES\" \/>\n<meta property=\"og:type\" content=\"article\" \/>\n<meta property=\"og:title\" content=\"ZIAJA Dent\u00edfrico Ni\u00f1os de Helado de Galleta y Vainilla - Anaroma Nature\" \/>\n<meta property=\"og:description\" content=\"ZIAJA Dent\u00edfrico Ni\u00f1os de Helado de Galleta y Vainilla. Pasta de dientes para ni\u00f1os a partir de 6 a\u00f1os. Indicado para los dientes primarios (\" \/>\n<meta property=\"og:url\" content=\"https:\/\/www.anaromanature.com\/index.php\/producto\/ziaja-dentifrico-ninos-de-helado-de-galleta-y-vainilla\/\" \/>\n<meta property=\"og:site_name\" content=\"Anaroma Nature\" \/>\n<meta property=\"article:publisher\" content=\"http:\/\/facebook.com\/Anaroma-326324794814915\" \/>\n<meta property=\"article:modified_time\" content=\"2021-02-21T20:20:18+00:00\" \/>\n<meta property=\"og:image\" content=\"https:\/\/i2.wp.com\/www.anaromanature.com\/wp-content\/uploads\/2021\/02\/ZIAJA-Dentifrico-Ninos-de-Helado-de-Galleta-y-Vainilla.jpg?fit=458%2C458&ssl=1\" \/>\n\t<meta property=\"og:image:width\" content=\"458\" \/>\n\t<meta property=\"og:image:height\" content=\"458\" \/>\n\t<meta property=\"og:image:type\" content=\"image\/jpeg\" \/>\n<meta name=\"twitter:card\" content=\"summary_large_image\" \/>\n<meta name=\"twitter:label1\" content=\"Tiempo de lectura\" \/>\n\t<meta name=\"twitter:data1\" content=\"1 minuto\" \/>\n<script type=\"application\/ld+json\" class=\"yoast-schema-graph\">{\"@context\":\"https:\\\/\\\/schema.org\",\"@graph\":[{\"@type\":\"WebPage\",\"@id\":\"https:\\\/\\\/www.anaromanature.com\\\/index.php\\\/producto\\\/ziaja-dentifrico-ninos-de-helado-de-galleta-y-vainilla\\\/\",\"url\":\"https:\\\/\\\/www.anaromanature.com\\\/index.php\\\/producto\\\/ziaja-dentifrico-ninos-de-helado-de-galleta-y-vainilla\\\/\",\"name\":\"ZIAJA Dent\u00edfrico Ni\u00f1os de Helado de Galleta y Vainilla - Anaroma Nature\",\"isPartOf\":{\"@id\":\"https:\\\/\\\/www.anaromanature.com\\\/#website\"},\"primaryImageOfPage\":{\"@id\":\"https:\\\/\\\/www.anaromanature.com\\\/index.php\\\/producto\\\/ziaja-dentifrico-ninos-de-helado-de-galleta-y-vainilla\\\/#primaryimage\"},\"image\":{\"@id\":\"https:\\\/\\\/www.anaromanature.com\\\/index.php\\\/producto\\\/ziaja-dentifrico-ninos-de-helado-de-galleta-y-vainilla\\\/#primaryimage\"},\"thumbnailUrl\":\"https:\\\/\\\/www.anaromanature.com\\\/wp-content\\\/uploads\\\/2021\\\/02\\\/ZIAJA-Dentifrico-Ninos-de-Helado-de-Galleta-y-Vainilla.jpg\",\"datePublished\":\"2021-02-20T15:36:13+00:00\",\"dateModified\":\"2021-02-21T20:20:18+00:00\",\"description\":\"ZIAJA Dent\u00edfrico Ni\u00f1os de Helado de Galleta y Vainilla. Pasta de dientes para ni\u00f1os a partir de 6 a\u00f1os. Indicado para los dientes primarios (\",\"breadcrumb\":{\"@id\":\"https:\\\/\\\/www.anaromanature.com\\\/index.php\\\/producto\\\/ziaja-dentifrico-ninos-de-helado-de-galleta-y-vainilla\\\/#breadcrumb\"},\"inLanguage\":\"es\",\"potentialAction\":[{\"@type\":\"ReadAction\",\"target\":[\"https:\\\/\\\/www.anaromanature.com\\\/index.php\\\/producto\\\/ziaja-dentifrico-ninos-de-helado-de-galleta-y-vainilla\\\/\"]}]},{\"@type\":\"ImageObject\",\"inLanguage\":\"es\",\"@id\":\"https:\\\/\\\/www.anaromanature.com\\\/index.php\\\/producto\\\/ziaja-dentifrico-ninos-de-helado-de-galleta-y-vainilla\\\/#primaryimage\",\"url\":\"https:\\\/\\\/www.anaromanature.com\\\/wp-content\\\/uploads\\\/2021\\\/02\\\/ZIAJA-Dentifrico-Ninos-de-Helado-de-Galleta-y-Vainilla.jpg\",\"contentUrl\":\"https:\\\/\\\/www.anaromanature.com\\\/wp-content\\\/uploads\\\/2021\\\/02\\\/ZIAJA-Dentifrico-Ninos-de-Helado-de-Galleta-y-Vainilla.jpg\",\"width\":458,\"height\":458,\"caption\":\"ZIAJA Dentifrico Ninos de Helado de Galleta y Vainilla\"},{\"@type\":\"BreadcrumbList\",\"@id\":\"https:\\\/\\\/www.anaromanature.com\\\/index.php\\\/producto\\\/ziaja-dentifrico-ninos-de-helado-de-galleta-y-vainilla\\\/#breadcrumb\",\"itemListElement\":[{\"@type\":\"ListItem\",\"position\":1,\"name\":\"Portada\",\"item\":\"https:\\\/\\\/www.anaromanature.com\\\/\"},{\"@type\":\"ListItem\",\"position\":2,\"name\":\"Tienda\",\"item\":\"https:\\\/\\\/www.anaromanature.com\\\/index.php\\\/tienda-premium-online-anarome-nature\\\/\"},{\"@type\":\"ListItem\",\"position\":3,\"name\":\"ZIAJA Dent\u00edfrico Ni\u00f1os de Helado de Galleta y Vainilla\"}]},{\"@type\":\"WebSite\",\"@id\":\"https:\\\/\\\/www.anaromanature.com\\\/#website\",\"url\":\"https:\\\/\\\/www.anaromanature.com\\\/\",\"name\":\"Anaroma Nature\",\"description\":\"Aromas y color\",\"publisher\":{\"@id\":\"https:\\\/\\\/www.anaromanature.com\\\/#organization\"},\"potentialAction\":[{\"@type\":\"SearchAction\",\"target\":{\"@type\":\"EntryPoint\",\"urlTemplate\":\"https:\\\/\\\/www.anaromanature.com\\\/?s={search_term_string}\"},\"query-input\":{\"@type\":\"PropertyValueSpecification\",\"valueRequired\":true,\"valueName\":\"search_term_string\"}}],\"inLanguage\":\"es\"},{\"@type\":\"Organization\",\"@id\":\"https:\\\/\\\/www.anaromanature.com\\\/#organization\",\"name\":\"Anaroma Nature\",\"url\":\"https:\\\/\\\/www.anaromanature.com\\\/\",\"logo\":{\"@type\":\"ImageObject\",\"inLanguage\":\"es\",\"@id\":\"https:\\\/\\\/www.anaromanature.com\\\/#\\\/schema\\\/logo\\\/image\\\/\",\"url\":\"https:\\\/\\\/i2.wp.com\\\/www.anaromanature.com\\\/wp-content\\\/uploads\\\/2021\\\/02\\\/cropped-Logotipo-Anaroma-2.png?fit=290%2C288&ssl=1\",\"contentUrl\":\"https:\\\/\\\/i2.wp.com\\\/www.anaromanature.com\\\/wp-content\\\/uploads\\\/2021\\\/02\\\/cropped-Logotipo-Anaroma-2.png?fit=290%2C288&ssl=1\",\"width\":290,\"height\":288,\"caption\":\"Anaroma Nature\"},\"image\":{\"@id\":\"https:\\\/\\\/www.anaromanature.com\\\/#\\\/schema\\\/logo\\\/image\\\/\"},\"sameAs\":[\"http:\\\/\\\/facebook.com\\\/Anaroma-326324794814915\",\"http:\\\/\\\/instagram.com\\\/anaromanature\"]}]}<\/script>\n<!-- \/ Yoast SEO plugin. -->","yoast_head_json":{"title":"ZIAJA Dent\u00edfrico Ni\u00f1os de Helado de Galleta y Vainilla - Anaroma Nature","description":"ZIAJA Dent\u00edfrico Ni\u00f1os de Helado de Galleta y Vainilla. Pasta de dientes para ni\u00f1os a partir de 6 a\u00f1os. Indicado para los dientes primarios (","robots":{"index":"index","follow":"follow","max-snippet":"max-snippet:-1","max-image-preview":"max-image-preview:large","max-video-preview":"max-video-preview:-1"},"canonical":"https:\/\/www.anaromanature.com\/index.php\/producto\/ziaja-dentifrico-ninos-de-helado-de-galleta-y-vainilla\/","og_locale":"es_ES","og_type":"article","og_title":"ZIAJA Dent\u00edfrico Ni\u00f1os de Helado de Galleta y Vainilla - Anaroma Nature","og_description":"ZIAJA Dent\u00edfrico Ni\u00f1os de Helado de Galleta y Vainilla. Pasta de dientes para ni\u00f1os a partir de 6 a\u00f1os. Indicado para los dientes primarios (","og_url":"https:\/\/www.anaromanature.com\/index.php\/producto\/ziaja-dentifrico-ninos-de-helado-de-galleta-y-vainilla\/","og_site_name":"Anaroma Nature","article_publisher":"http:\/\/facebook.com\/Anaroma-326324794814915","article_modified_time":"2021-02-21T20:20:18+00:00","og_image":[{"width":458,"height":458,"url":"https:\/\/i2.wp.com\/www.anaromanature.com\/wp-content\/uploads\/2021\/02\/ZIAJA-Dentifrico-Ninos-de-Helado-de-Galleta-y-Vainilla.jpg?fit=458%2C458&ssl=1","type":"image\/jpeg"}],"twitter_card":"summary_large_image","twitter_misc":{"Tiempo de lectura":"1 minuto"},"schema":{"@context":"https:\/\/schema.org","@graph":[{"@type":"WebPage","@id":"https:\/\/www.anaromanature.com\/index.php\/producto\/ziaja-dentifrico-ninos-de-helado-de-galleta-y-vainilla\/","url":"https:\/\/www.anaromanature.com\/index.php\/producto\/ziaja-dentifrico-ninos-de-helado-de-galleta-y-vainilla\/","name":"ZIAJA Dent\u00edfrico Ni\u00f1os de Helado de Galleta y Vainilla - Anaroma Nature","isPartOf":{"@id":"https:\/\/www.anaromanature.com\/#website"},"primaryImageOfPage":{"@id":"https:\/\/www.anaromanature.com\/index.php\/producto\/ziaja-dentifrico-ninos-de-helado-de-galleta-y-vainilla\/#primaryimage"},"image":{"@id":"https:\/\/www.anaromanature.com\/index.php\/producto\/ziaja-dentifrico-ninos-de-helado-de-galleta-y-vainilla\/#primaryimage"},"thumbnailUrl":"https:\/\/www.anaromanature.com\/wp-content\/uploads\/2021\/02\/ZIAJA-Dentifrico-Ninos-de-Helado-de-Galleta-y-Vainilla.jpg","datePublished":"2021-02-20T15:36:13+00:00","dateModified":"2021-02-21T20:20:18+00:00","description":"ZIAJA Dent\u00edfrico Ni\u00f1os de Helado de Galleta y Vainilla. Pasta de dientes para ni\u00f1os a partir de 6 a\u00f1os. Indicado para los dientes primarios (","breadcrumb":{"@id":"https:\/\/www.anaromanature.com\/index.php\/producto\/ziaja-dentifrico-ninos-de-helado-de-galleta-y-vainilla\/#breadcrumb"},"inLanguage":"es","potentialAction":[{"@type":"ReadAction","target":["https:\/\/www.anaromanature.com\/index.php\/producto\/ziaja-dentifrico-ninos-de-helado-de-galleta-y-vainilla\/"]}]},{"@type":"ImageObject","inLanguage":"es","@id":"https:\/\/www.anaromanature.com\/index.php\/producto\/ziaja-dentifrico-ninos-de-helado-de-galleta-y-vainilla\/#primaryimage","url":"https:\/\/www.anaromanature.com\/wp-content\/uploads\/2021\/02\/ZIAJA-Dentifrico-Ninos-de-Helado-de-Galleta-y-Vainilla.jpg","contentUrl":"https:\/\/www.anaromanature.com\/wp-content\/uploads\/2021\/02\/ZIAJA-Dentifrico-Ninos-de-Helado-de-Galleta-y-Vainilla.jpg","width":458,"height":458,"caption":"ZIAJA Dentifrico Ninos de Helado de Galleta y Vainilla"},{"@type":"BreadcrumbList","@id":"https:\/\/www.anaromanature.com\/index.php\/producto\/ziaja-dentifrico-ninos-de-helado-de-galleta-y-vainilla\/#breadcrumb","itemListElement":[{"@type":"ListItem","position":1,"name":"Portada","item":"https:\/\/www.anaromanature.com\/"},{"@type":"ListItem","position":2,"name":"Tienda","item":"https:\/\/www.anaromanature.com\/index.php\/tienda-premium-online-anarome-nature\/"},{"@type":"ListItem","position":3,"name":"ZIAJA Dent\u00edfrico Ni\u00f1os de Helado de Galleta y Vainilla"}]},{"@type":"WebSite","@id":"https:\/\/www.anaromanature.com\/#website","url":"https:\/\/www.anaromanature.com\/","name":"Anaroma Nature","description":"Aromas y color","publisher":{"@id":"https:\/\/www.anaromanature.com\/#organization"},"potentialAction":[{"@type":"SearchAction","target":{"@type":"EntryPoint","urlTemplate":"https:\/\/www.anaromanature.com\/?s={search_term_string}"},"query-input":{"@type":"PropertyValueSpecification","valueRequired":true,"valueName":"search_term_string"}}],"inLanguage":"es"},{"@type":"Organization","@id":"https:\/\/www.anaromanature.com\/#organization","name":"Anaroma Nature","url":"https:\/\/www.anaromanature.com\/","logo":{"@type":"ImageObject","inLanguage":"es","@id":"https:\/\/www.anaromanature.com\/#\/schema\/logo\/image\/","url":"https:\/\/i2.wp.com\/www.anaromanature.com\/wp-content\/uploads\/2021\/02\/cropped-Logotipo-Anaroma-2.png?fit=290%2C288&ssl=1","contentUrl":"https:\/\/i2.wp.com\/www.anaromanature.com\/wp-content\/uploads\/2021\/02\/cropped-Logotipo-Anaroma-2.png?fit=290%2C288&ssl=1","width":290,"height":288,"caption":"Anaroma Nature"},"image":{"@id":"https:\/\/www.anaromanature.com\/#\/schema\/logo\/image\/"},"sameAs":["http:\/\/facebook.com\/Anaroma-326324794814915","http:\/\/instagram.com\/anaromanature"]}]}},"_links":{"self":[{"href":"https:\/\/www.anaromanature.com\/index.php\/wp-json\/wp\/v2\/product\/1322","targetHints":{"allow":["GET"]}}],"collection":[{"href":"https:\/\/www.anaromanature.com\/index.php\/wp-json\/wp\/v2\/product"}],"about":[{"href":"https:\/\/www.anaromanature.com\/index.php\/wp-json\/wp\/v2\/types\/product"}],"replies":[{"embeddable":true,"href":"https:\/\/www.anaromanature.com\/index.php\/wp-json\/wp\/v2\/comments?post=1322"}],"wp:featuredmedia":[{"embeddable":true,"href":"https:\/\/www.anaromanature.com\/index.php\/wp-json\/wp\/v2\/media\/1343"}],"wp:attachment":[{"href":"https:\/\/www.anaromanature.com\/index.php\/wp-json\/wp\/v2\/media?parent=1322"}],"wp:term":[{"taxonomy":"product_brand","embeddable":true,"href":"https:\/\/www.anaromanature.com\/index.php\/wp-json\/wp\/v2\/product_brand?post=1322"},{"taxonomy":"product_cat","embeddable":true,"href":"https:\/\/www.anaromanature.com\/index.php\/wp-json\/wp\/v2\/product_cat?post=1322"},{"taxonomy":"product_tag","embeddable":true,"href":"https:\/\/www.anaromanature.com\/index.php\/wp-json\/wp\/v2\/product_tag?post=1322"}],"curies":[{"name":"wp","href":"https:\/\/api.w.org\/{rel}","templated":true}]}}