{"id":1326,"date":"2021-02-20T16:36:14","date_gmt":"2021-02-20T15:36:14","guid":{"rendered":"https:\/\/www.anaromanature.com\/index.php\/producto\/ziaja-jabon-cremoso-hipoalergenico-de-bano-para-bebe-3-meses\/"},"modified":"2021-02-21T21:12:14","modified_gmt":"2021-02-21T20:12:14","slug":"ziaja-jabon-cremoso-hipoalergenico-de-bano-para-bebe-3-meses","status":"publish","type":"product","link":"https:\/\/www.anaromanature.com\/index.php\/producto\/ziaja-jabon-cremoso-hipoalergenico-de-bano-para-bebe-3-meses\/","title":{"rendered":"ZIAJA Jab\u00f3n Cremoso Hipoalerg\u00e9nico de ba\u00f1o para Beb\u00e9 +3 meses"},"content":{"rendered":"<p>ZIAJA Jab\u00f3n Cremoso Hipoalerg\u00e9nico<\/p>\n<p>Jab\u00f3n cremoso de ba\u00f1o hipoalerg\u00e9nico para beb\u00e9s a partir de 3 meses de edad.<\/p>\n<p>Limpia suavemente y evita los picores e irritaciones, proporcionando niveles adecuados de hidrataci\u00f3n incluso si se usa con frecuencia.<\/p>\n<p>Cuenta con una combinaci\u00f3n de Xilitol y Jarabe de Ma\u00edz que refuerza la barrera natural protectora de la piel.<\/p>\n<p><strong>Apto para veganos.<\/strong><\/p>\n<p>Capacidad: 300 ml.<\/p>\n<p>ZIAJA Jab\u00f3n Cremoso Hipoalerg\u00e9nico<\/p>\n<p><strong>SOBRE ZIAJA<\/strong><\/p>\n<p>Ziaja es un fabricante polaco de productos farmac\u00e9uticos y cosm\u00e9ticos de alta calidad basados en ingredientes naturales para el cuidado de rostro, cuerpo y cabello.<\/p>\n<p>Se origin\u00f3 a partir de la pasi\u00f3n y el deseo de hacer reparaciones terap\u00e9uticas y cosm\u00e9ticos para el cuidado de la piel con las formulas m\u00e1s sencillas.<\/p>\n<p>Su punto de mira es la mejora y desarrollo continuo y eso convierte a Ziaja en una empresa innovadora y orientada al futuro.<\/p>\n<p>Cuida tu piel con\u00a0<a href=\"https:\/\/www.anaromanature.com\/\">Anaroma Nature<\/a><\/p>\n<p><a href=\"mailto:%20info@anaromanature.com\">Cons\u00faltanos\u00a0<\/a>lo que necesites saber o aclarar.<\/p>\n<p>Visita nuestro\u00a0<a href=\"https:\/\/www.instagram.com\/anaromanature\/\">Instagram<\/a>.<\/p>\n","protected":false},"excerpt":{"rendered":"<p>&nbsp;<\/p>\n<p><a href=\"https:\/\/www.anaromanature.com\/wp-content\/uploads\/2021\/02\/Logo-Ziaja.jpg\"><img decoding=\"async\" class=\" wp-image-1459\" title=\"Logo Ziaja\" src=\"https:\/\/www.anaromanature.com\/wp-content\/uploads\/2021\/02\/Logo-Ziaja.jpg\" alt=\"Logo Ziaja\" width=\"130\" height=\"80\" \/><\/a><\/p>\n<hr \/>\n<p>Limpia suavemente y evita los picores e irritaciones, proporcionando niveles adecuados de hidrataci\u00f3n incluso si se usa con frecuencia.<\/p>\n<p>Cuenta con una combinaci\u00f3n de Xilitol y Jarabe de Ma\u00edz que refuerza la barrera natural protectora de la piel.<\/p>\n<p>Capacidad: 300 ml.<\/p>\n","protected":false},"featured_media":1329,"comment_status":"open","ping_status":"closed","template":"","meta":{"_joinchat":[]},"product_brand":[],"product_cat":[232,219],"product_tag":[237,233,256],"class_list":{"0":"post-1326","1":"product","2":"type-product","3":"status-publish","4":"has-post-thumbnail","6":"product_cat-baby-bebe","7":"product_cat-ziaja","8":"product_tag-baby","9":"product_tag-bebe","10":"product_tag-jabon-bano","11":"latest_post","13":"first","14":"instock","15":"taxable","16":"shipping-taxable","17":"purchasable","18":"product-type-simple"},"yoast_head":"<!-- This site is optimized with the Yoast SEO plugin v27.4 - https:\/\/yoast.com\/product\/yoast-seo-wordpress\/ -->\n<title>ZIAJA Jab\u00f3n Cremoso Hipoalerg\u00e9nico de ba\u00f1o para Beb\u00e9 +3 meses -<\/title>\n<meta name=\"description\" content=\"ZIAJA Jab\u00f3n Cremoso Hipoalerg\u00e9nico. Jab\u00f3n cremoso de ba\u00f1o hipoalerg\u00e9nico para beb\u00e9s a partir de 3 meses de edad. Limpia suavemente y evita\" \/>\n<meta name=\"robots\" content=\"index, follow, max-snippet:-1, max-image-preview:large, max-video-preview:-1\" \/>\n<link rel=\"canonical\" href=\"https:\/\/www.anaromanature.com\/index.php\/producto\/ziaja-jabon-cremoso-hipoalergenico-de-bano-para-bebe-3-meses\/\" \/>\n<meta property=\"og:locale\" content=\"es_ES\" \/>\n<meta property=\"og:type\" content=\"article\" \/>\n<meta property=\"og:title\" content=\"ZIAJA Jab\u00f3n Cremoso Hipoalerg\u00e9nico de ba\u00f1o para Beb\u00e9 +3 meses -\" \/>\n<meta property=\"og:description\" content=\"ZIAJA Jab\u00f3n Cremoso Hipoalerg\u00e9nico. Jab\u00f3n cremoso de ba\u00f1o hipoalerg\u00e9nico para beb\u00e9s a partir de 3 meses de edad. Limpia suavemente y evita\" \/>\n<meta property=\"og:url\" content=\"https:\/\/www.anaromanature.com\/index.php\/producto\/ziaja-jabon-cremoso-hipoalergenico-de-bano-para-bebe-3-meses\/\" \/>\n<meta property=\"og:site_name\" content=\"Anaroma Nature\" \/>\n<meta property=\"article:publisher\" content=\"http:\/\/facebook.com\/Anaroma-326324794814915\" \/>\n<meta property=\"article:modified_time\" content=\"2021-02-21T20:12:14+00:00\" \/>\n<meta property=\"og:image\" content=\"https:\/\/i0.wp.com\/www.anaromanature.com\/wp-content\/uploads\/2021\/02\/ZIAJA-Jabon-Cremoso-Hipoalergenico-de-bano-para-Bebe-3-meses.jpg?fit=458%2C458&ssl=1\" \/>\n\t<meta property=\"og:image:width\" content=\"458\" \/>\n\t<meta property=\"og:image:height\" content=\"458\" \/>\n\t<meta property=\"og:image:type\" content=\"image\/jpeg\" \/>\n<meta name=\"twitter:card\" content=\"summary_large_image\" \/>\n<meta name=\"twitter:label1\" content=\"Tiempo de lectura\" \/>\n\t<meta name=\"twitter:data1\" content=\"1 minuto\" \/>\n<script type=\"application\/ld+json\" class=\"yoast-schema-graph\">{\"@context\":\"https:\\\/\\\/schema.org\",\"@graph\":[{\"@type\":\"WebPage\",\"@id\":\"https:\\\/\\\/www.anaromanature.com\\\/index.php\\\/producto\\\/ziaja-jabon-cremoso-hipoalergenico-de-bano-para-bebe-3-meses\\\/\",\"url\":\"https:\\\/\\\/www.anaromanature.com\\\/index.php\\\/producto\\\/ziaja-jabon-cremoso-hipoalergenico-de-bano-para-bebe-3-meses\\\/\",\"name\":\"ZIAJA Jab\u00f3n Cremoso Hipoalerg\u00e9nico de ba\u00f1o para Beb\u00e9 +3 meses -\",\"isPartOf\":{\"@id\":\"https:\\\/\\\/www.anaromanature.com\\\/#website\"},\"primaryImageOfPage\":{\"@id\":\"https:\\\/\\\/www.anaromanature.com\\\/index.php\\\/producto\\\/ziaja-jabon-cremoso-hipoalergenico-de-bano-para-bebe-3-meses\\\/#primaryimage\"},\"image\":{\"@id\":\"https:\\\/\\\/www.anaromanature.com\\\/index.php\\\/producto\\\/ziaja-jabon-cremoso-hipoalergenico-de-bano-para-bebe-3-meses\\\/#primaryimage\"},\"thumbnailUrl\":\"https:\\\/\\\/www.anaromanature.com\\\/wp-content\\\/uploads\\\/2021\\\/02\\\/ZIAJA-Jabon-Cremoso-Hipoalergenico-de-bano-para-Bebe-3-meses.jpg\",\"datePublished\":\"2021-02-20T15:36:14+00:00\",\"dateModified\":\"2021-02-21T20:12:14+00:00\",\"description\":\"ZIAJA Jab\u00f3n Cremoso Hipoalerg\u00e9nico. Jab\u00f3n cremoso de ba\u00f1o hipoalerg\u00e9nico para beb\u00e9s a partir de 3 meses de edad. Limpia suavemente y evita\",\"breadcrumb\":{\"@id\":\"https:\\\/\\\/www.anaromanature.com\\\/index.php\\\/producto\\\/ziaja-jabon-cremoso-hipoalergenico-de-bano-para-bebe-3-meses\\\/#breadcrumb\"},\"inLanguage\":\"es\",\"potentialAction\":[{\"@type\":\"ReadAction\",\"target\":[\"https:\\\/\\\/www.anaromanature.com\\\/index.php\\\/producto\\\/ziaja-jabon-cremoso-hipoalergenico-de-bano-para-bebe-3-meses\\\/\"]}]},{\"@type\":\"ImageObject\",\"inLanguage\":\"es\",\"@id\":\"https:\\\/\\\/www.anaromanature.com\\\/index.php\\\/producto\\\/ziaja-jabon-cremoso-hipoalergenico-de-bano-para-bebe-3-meses\\\/#primaryimage\",\"url\":\"https:\\\/\\\/www.anaromanature.com\\\/wp-content\\\/uploads\\\/2021\\\/02\\\/ZIAJA-Jabon-Cremoso-Hipoalergenico-de-bano-para-Bebe-3-meses.jpg\",\"contentUrl\":\"https:\\\/\\\/www.anaromanature.com\\\/wp-content\\\/uploads\\\/2021\\\/02\\\/ZIAJA-Jabon-Cremoso-Hipoalergenico-de-bano-para-Bebe-3-meses.jpg\",\"width\":458,\"height\":458,\"caption\":\"ZIAJA Jabon Cremoso Hipoalergenico de bano para Bebe 3 meses\"},{\"@type\":\"BreadcrumbList\",\"@id\":\"https:\\\/\\\/www.anaromanature.com\\\/index.php\\\/producto\\\/ziaja-jabon-cremoso-hipoalergenico-de-bano-para-bebe-3-meses\\\/#breadcrumb\",\"itemListElement\":[{\"@type\":\"ListItem\",\"position\":1,\"name\":\"Portada\",\"item\":\"https:\\\/\\\/www.anaromanature.com\\\/\"},{\"@type\":\"ListItem\",\"position\":2,\"name\":\"Tienda\",\"item\":\"https:\\\/\\\/www.anaromanature.com\\\/index.php\\\/tienda-premium-online-anarome-nature\\\/\"},{\"@type\":\"ListItem\",\"position\":3,\"name\":\"ZIAJA Jab\u00f3n Cremoso Hipoalerg\u00e9nico de ba\u00f1o para Beb\u00e9 +3 meses\"}]},{\"@type\":\"WebSite\",\"@id\":\"https:\\\/\\\/www.anaromanature.com\\\/#website\",\"url\":\"https:\\\/\\\/www.anaromanature.com\\\/\",\"name\":\"Anaroma Nature\",\"description\":\"Aromas y color\",\"publisher\":{\"@id\":\"https:\\\/\\\/www.anaromanature.com\\\/#organization\"},\"potentialAction\":[{\"@type\":\"SearchAction\",\"target\":{\"@type\":\"EntryPoint\",\"urlTemplate\":\"https:\\\/\\\/www.anaromanature.com\\\/?s={search_term_string}\"},\"query-input\":{\"@type\":\"PropertyValueSpecification\",\"valueRequired\":true,\"valueName\":\"search_term_string\"}}],\"inLanguage\":\"es\"},{\"@type\":\"Organization\",\"@id\":\"https:\\\/\\\/www.anaromanature.com\\\/#organization\",\"name\":\"Anaroma Nature\",\"url\":\"https:\\\/\\\/www.anaromanature.com\\\/\",\"logo\":{\"@type\":\"ImageObject\",\"inLanguage\":\"es\",\"@id\":\"https:\\\/\\\/www.anaromanature.com\\\/#\\\/schema\\\/logo\\\/image\\\/\",\"url\":\"https:\\\/\\\/i2.wp.com\\\/www.anaromanature.com\\\/wp-content\\\/uploads\\\/2021\\\/02\\\/cropped-Logotipo-Anaroma-2.png?fit=290%2C288&ssl=1\",\"contentUrl\":\"https:\\\/\\\/i2.wp.com\\\/www.anaromanature.com\\\/wp-content\\\/uploads\\\/2021\\\/02\\\/cropped-Logotipo-Anaroma-2.png?fit=290%2C288&ssl=1\",\"width\":290,\"height\":288,\"caption\":\"Anaroma Nature\"},\"image\":{\"@id\":\"https:\\\/\\\/www.anaromanature.com\\\/#\\\/schema\\\/logo\\\/image\\\/\"},\"sameAs\":[\"http:\\\/\\\/facebook.com\\\/Anaroma-326324794814915\",\"http:\\\/\\\/instagram.com\\\/anaromanature\"]}]}<\/script>\n<!-- \/ Yoast SEO plugin. -->","yoast_head_json":{"title":"ZIAJA Jab\u00f3n Cremoso Hipoalerg\u00e9nico de ba\u00f1o para Beb\u00e9 +3 meses -","description":"ZIAJA Jab\u00f3n Cremoso Hipoalerg\u00e9nico. Jab\u00f3n cremoso de ba\u00f1o hipoalerg\u00e9nico para beb\u00e9s a partir de 3 meses de edad. Limpia suavemente y evita","robots":{"index":"index","follow":"follow","max-snippet":"max-snippet:-1","max-image-preview":"max-image-preview:large","max-video-preview":"max-video-preview:-1"},"canonical":"https:\/\/www.anaromanature.com\/index.php\/producto\/ziaja-jabon-cremoso-hipoalergenico-de-bano-para-bebe-3-meses\/","og_locale":"es_ES","og_type":"article","og_title":"ZIAJA Jab\u00f3n Cremoso Hipoalerg\u00e9nico de ba\u00f1o para Beb\u00e9 +3 meses -","og_description":"ZIAJA Jab\u00f3n Cremoso Hipoalerg\u00e9nico. Jab\u00f3n cremoso de ba\u00f1o hipoalerg\u00e9nico para beb\u00e9s a partir de 3 meses de edad. Limpia suavemente y evita","og_url":"https:\/\/www.anaromanature.com\/index.php\/producto\/ziaja-jabon-cremoso-hipoalergenico-de-bano-para-bebe-3-meses\/","og_site_name":"Anaroma Nature","article_publisher":"http:\/\/facebook.com\/Anaroma-326324794814915","article_modified_time":"2021-02-21T20:12:14+00:00","og_image":[{"width":458,"height":458,"url":"https:\/\/i0.wp.com\/www.anaromanature.com\/wp-content\/uploads\/2021\/02\/ZIAJA-Jabon-Cremoso-Hipoalergenico-de-bano-para-Bebe-3-meses.jpg?fit=458%2C458&ssl=1","type":"image\/jpeg"}],"twitter_card":"summary_large_image","twitter_misc":{"Tiempo de lectura":"1 minuto"},"schema":{"@context":"https:\/\/schema.org","@graph":[{"@type":"WebPage","@id":"https:\/\/www.anaromanature.com\/index.php\/producto\/ziaja-jabon-cremoso-hipoalergenico-de-bano-para-bebe-3-meses\/","url":"https:\/\/www.anaromanature.com\/index.php\/producto\/ziaja-jabon-cremoso-hipoalergenico-de-bano-para-bebe-3-meses\/","name":"ZIAJA Jab\u00f3n Cremoso Hipoalerg\u00e9nico de ba\u00f1o para Beb\u00e9 +3 meses -","isPartOf":{"@id":"https:\/\/www.anaromanature.com\/#website"},"primaryImageOfPage":{"@id":"https:\/\/www.anaromanature.com\/index.php\/producto\/ziaja-jabon-cremoso-hipoalergenico-de-bano-para-bebe-3-meses\/#primaryimage"},"image":{"@id":"https:\/\/www.anaromanature.com\/index.php\/producto\/ziaja-jabon-cremoso-hipoalergenico-de-bano-para-bebe-3-meses\/#primaryimage"},"thumbnailUrl":"https:\/\/www.anaromanature.com\/wp-content\/uploads\/2021\/02\/ZIAJA-Jabon-Cremoso-Hipoalergenico-de-bano-para-Bebe-3-meses.jpg","datePublished":"2021-02-20T15:36:14+00:00","dateModified":"2021-02-21T20:12:14+00:00","description":"ZIAJA Jab\u00f3n Cremoso Hipoalerg\u00e9nico. Jab\u00f3n cremoso de ba\u00f1o hipoalerg\u00e9nico para beb\u00e9s a partir de 3 meses de edad. Limpia suavemente y evita","breadcrumb":{"@id":"https:\/\/www.anaromanature.com\/index.php\/producto\/ziaja-jabon-cremoso-hipoalergenico-de-bano-para-bebe-3-meses\/#breadcrumb"},"inLanguage":"es","potentialAction":[{"@type":"ReadAction","target":["https:\/\/www.anaromanature.com\/index.php\/producto\/ziaja-jabon-cremoso-hipoalergenico-de-bano-para-bebe-3-meses\/"]}]},{"@type":"ImageObject","inLanguage":"es","@id":"https:\/\/www.anaromanature.com\/index.php\/producto\/ziaja-jabon-cremoso-hipoalergenico-de-bano-para-bebe-3-meses\/#primaryimage","url":"https:\/\/www.anaromanature.com\/wp-content\/uploads\/2021\/02\/ZIAJA-Jabon-Cremoso-Hipoalergenico-de-bano-para-Bebe-3-meses.jpg","contentUrl":"https:\/\/www.anaromanature.com\/wp-content\/uploads\/2021\/02\/ZIAJA-Jabon-Cremoso-Hipoalergenico-de-bano-para-Bebe-3-meses.jpg","width":458,"height":458,"caption":"ZIAJA Jabon Cremoso Hipoalergenico de bano para Bebe 3 meses"},{"@type":"BreadcrumbList","@id":"https:\/\/www.anaromanature.com\/index.php\/producto\/ziaja-jabon-cremoso-hipoalergenico-de-bano-para-bebe-3-meses\/#breadcrumb","itemListElement":[{"@type":"ListItem","position":1,"name":"Portada","item":"https:\/\/www.anaromanature.com\/"},{"@type":"ListItem","position":2,"name":"Tienda","item":"https:\/\/www.anaromanature.com\/index.php\/tienda-premium-online-anarome-nature\/"},{"@type":"ListItem","position":3,"name":"ZIAJA Jab\u00f3n Cremoso Hipoalerg\u00e9nico de ba\u00f1o para Beb\u00e9 +3 meses"}]},{"@type":"WebSite","@id":"https:\/\/www.anaromanature.com\/#website","url":"https:\/\/www.anaromanature.com\/","name":"Anaroma Nature","description":"Aromas y color","publisher":{"@id":"https:\/\/www.anaromanature.com\/#organization"},"potentialAction":[{"@type":"SearchAction","target":{"@type":"EntryPoint","urlTemplate":"https:\/\/www.anaromanature.com\/?s={search_term_string}"},"query-input":{"@type":"PropertyValueSpecification","valueRequired":true,"valueName":"search_term_string"}}],"inLanguage":"es"},{"@type":"Organization","@id":"https:\/\/www.anaromanature.com\/#organization","name":"Anaroma Nature","url":"https:\/\/www.anaromanature.com\/","logo":{"@type":"ImageObject","inLanguage":"es","@id":"https:\/\/www.anaromanature.com\/#\/schema\/logo\/image\/","url":"https:\/\/i2.wp.com\/www.anaromanature.com\/wp-content\/uploads\/2021\/02\/cropped-Logotipo-Anaroma-2.png?fit=290%2C288&ssl=1","contentUrl":"https:\/\/i2.wp.com\/www.anaromanature.com\/wp-content\/uploads\/2021\/02\/cropped-Logotipo-Anaroma-2.png?fit=290%2C288&ssl=1","width":290,"height":288,"caption":"Anaroma Nature"},"image":{"@id":"https:\/\/www.anaromanature.com\/#\/schema\/logo\/image\/"},"sameAs":["http:\/\/facebook.com\/Anaroma-326324794814915","http:\/\/instagram.com\/anaromanature"]}]}},"_links":{"self":[{"href":"https:\/\/www.anaromanature.com\/index.php\/wp-json\/wp\/v2\/product\/1326","targetHints":{"allow":["GET"]}}],"collection":[{"href":"https:\/\/www.anaromanature.com\/index.php\/wp-json\/wp\/v2\/product"}],"about":[{"href":"https:\/\/www.anaromanature.com\/index.php\/wp-json\/wp\/v2\/types\/product"}],"replies":[{"embeddable":true,"href":"https:\/\/www.anaromanature.com\/index.php\/wp-json\/wp\/v2\/comments?post=1326"}],"wp:featuredmedia":[{"embeddable":true,"href":"https:\/\/www.anaromanature.com\/index.php\/wp-json\/wp\/v2\/media\/1329"}],"wp:attachment":[{"href":"https:\/\/www.anaromanature.com\/index.php\/wp-json\/wp\/v2\/media?parent=1326"}],"wp:term":[{"taxonomy":"product_brand","embeddable":true,"href":"https:\/\/www.anaromanature.com\/index.php\/wp-json\/wp\/v2\/product_brand?post=1326"},{"taxonomy":"product_cat","embeddable":true,"href":"https:\/\/www.anaromanature.com\/index.php\/wp-json\/wp\/v2\/product_cat?post=1326"},{"taxonomy":"product_tag","embeddable":true,"href":"https:\/\/www.anaromanature.com\/index.php\/wp-json\/wp\/v2\/product_tag?post=1326"}],"curies":[{"name":"wp","href":"https:\/\/api.w.org\/{rel}","templated":true}]}}