{"id":1470,"date":"2021-02-23T18:54:00","date_gmt":"2021-02-23T17:54:00","guid":{"rendered":"https:\/\/www.anaromanature.com\/index.php\/producto\/ziaja-leche-limpiadora-calamante-calendula\/"},"modified":"2021-02-24T17:09:06","modified_gmt":"2021-02-24T16:09:06","slug":"ziaja-leche-limpiadora-calamante-calendula","status":"publish","type":"product","link":"https:\/\/www.anaromanature.com\/index.php\/producto\/ziaja-leche-limpiadora-calamante-calendula\/","title":{"rendered":"ZIAJA Leche Limpiadora Calmante CAL\u00c9NDULA"},"content":{"rendered":"<p>ZIAJA Leche Limpiadora Calmante CAL\u00c9NDULA<\/p>\n<p>Un limpiador indicado para pieles secas, sensibles y normales.<\/p>\n<p>Desmaquilla suavemente.<\/p>\n<p>Rejuvenece y calma la irritaci\u00f3n de la piel.<\/p>\n<p>Prepara la piel para otros tratamientos cosm\u00e9ticos.<\/p>\n<p><strong>PRINCIPIOS ACTIVOS:<\/strong> vitamina E, vitamina A, vitamina B5 original (d-pantenol), extracto de cal\u00e9ndula, con potentes propiedades regenerativas antiinflamatorias y antibacterianas.<\/p>\n<p><strong>MODO DE EMPLEO:<\/strong> Masajear suavemente sobre la piel. Use una bola de algod\u00f3n para eliminar el exceso.<\/p>\n<p>Recomendado por 30 a\u00f1os.<\/p>\n<p>Capacidad: 200 ml.<\/p>\n<p><strong>SOBRE CAL\u00c9NDULA<\/strong><\/p>\n<p>La L\u00ednea Cal\u00e9ndula de Ziaja cuenta con un ingrediente activo principal como es la Cal\u00e9ndula.<\/p>\n<p>La Cal\u00e9ndula es una planta de color vistoso y llamativo que florece durante todo el a\u00f1o, pero que tiene grandes propiedades para la industria cosm\u00e9tica.<\/p>\n<p>Las dos propiedades a resaltar es que la Cal\u00e9ndula es calmante y reparadora, adem\u00e1s hace que disminuya cualquier irritaci\u00f3n que tengamos en la piel.<\/p>\n<p>Es muy recomendable para pieles sensibles, con desgaste por el sol, con marcas o cicatrices.<\/p>\n<p>Adem\u00e1s es un gran remedio para las marcas del acn\u00e9 o de eccemas de la piel<\/p>\n<p><strong>SOBRE ZIAJA<\/strong><\/p>\n<p>Ziaja es un fabricante polaco de productos farmac\u00e9uticos y cosm\u00e9ticos de alta calidad basados en ingredientes naturales para el cuidado de rostro, cuerpo y cabello.<\/p>\n<p>Se origin\u00f3 a partir de la pasi\u00f3n y el deseo de hacer reparaciones terap\u00e9uticas y cosm\u00e9ticos para el cuidado de la piel con las formulas m\u00e1s sencillas.<\/p>\n<p>Su punto de mira es la mejora y desarrollo continuo y eso convierte a Ziaja en una empresa innovadora y orientada al futuro.<\/p>\n<p>Cuida tu piel con\u00a0<a href=\"https:\/\/www.anaromanature.com\/\">Anaroma Nature<\/a><\/p>\n<p><a href=\"mailto:%20info@anaromanature.com\">Cons\u00faltanos\u00a0<\/a>lo que necesites saber o aclarar.<\/p>\n<p>Visita nuestro\u00a0<a href=\"https:\/\/www.instagram.com\/anaromanature\/\">Instagram<\/a>.<\/p>\n","protected":false},"excerpt":{"rendered":"<p>&nbsp;<\/p>\n<p><a href=\"https:\/\/www.anaromanature.com\/wp-content\/uploads\/2021\/02\/Logo-Ziaja.jpg\"><img decoding=\"async\" class=\" wp-image-1459\" title=\"Logo Ziaja\" src=\"https:\/\/www.anaromanature.com\/wp-content\/uploads\/2021\/02\/Logo-Ziaja.jpg\" alt=\"Logo Ziaja\" width=\"131\" height=\"81\" \/><\/a><\/p>\n<hr \/>\n<p>Un limpiador indicado para pieles secas, sensibles y normales.<\/p>\n<p>Desmaquilla suavemente.<\/p>\n<p>Rejuvenece y calma la irritaci\u00f3n de la piel.<\/p>\n<p>Capacidad: 200 ml.<\/p>\n","protected":false},"featured_media":1476,"comment_status":"open","ping_status":"closed","template":"","meta":{"_joinchat":[]},"product_brand":[],"product_cat":[287,302],"product_tag":[288,289,286],"class_list":{"0":"post-1470","1":"product","2":"type-product","3":"status-publish","4":"has-post-thumbnail","6":"product_cat-calendula-calmante","7":"product_cat-cosmetica-ziaja","8":"product_tag-calamante","9":"product_tag-calendula","10":"product_tag-leche-limpiadora","11":"latest_post","13":"first","14":"instock","15":"taxable","16":"shipping-taxable","17":"purchasable","18":"product-type-simple"},"yoast_head":"<!-- This site is optimized with the Yoast SEO plugin v27.4 - https:\/\/yoast.com\/product\/yoast-seo-wordpress\/ -->\n<title>ZIAJA Leche Limpiadora Calmante CAL\u00c9NDULA - Anaroma Nature<\/title>\n<meta name=\"description\" content=\"ZIAJA Leche Limpiadora Calmante CAL\u00c9NDULA. Un limpiador indicado para pieles secas, sensibles y normales. Desmaquilla suavemente.Rejuvenece y\" \/>\n<meta name=\"robots\" content=\"index, follow, max-snippet:-1, max-image-preview:large, max-video-preview:-1\" \/>\n<link rel=\"canonical\" href=\"https:\/\/www.anaromanature.com\/index.php\/producto\/ziaja-leche-limpiadora-calamante-calendula\/\" \/>\n<meta property=\"og:locale\" content=\"es_ES\" \/>\n<meta property=\"og:type\" content=\"article\" \/>\n<meta property=\"og:title\" content=\"ZIAJA Leche Limpiadora Calmante CAL\u00c9NDULA - Anaroma Nature\" \/>\n<meta property=\"og:description\" content=\"ZIAJA Leche Limpiadora Calmante CAL\u00c9NDULA. Un limpiador indicado para pieles secas, sensibles y normales. Desmaquilla suavemente.Rejuvenece y\" \/>\n<meta property=\"og:url\" content=\"https:\/\/www.anaromanature.com\/index.php\/producto\/ziaja-leche-limpiadora-calamante-calendula\/\" \/>\n<meta property=\"og:site_name\" content=\"Anaroma Nature\" \/>\n<meta property=\"article:publisher\" content=\"http:\/\/facebook.com\/Anaroma-326324794814915\" \/>\n<meta property=\"article:modified_time\" content=\"2021-02-24T16:09:06+00:00\" \/>\n<meta property=\"og:image\" content=\"https:\/\/i2.wp.com\/www.anaromanature.com\/wp-content\/uploads\/2021\/02\/ZIAJA-Leche-Limpiadora-Calmante-CALENDULA.jpg?fit=600%2C600&ssl=1\" \/>\n\t<meta property=\"og:image:width\" content=\"600\" \/>\n\t<meta property=\"og:image:height\" content=\"600\" \/>\n\t<meta property=\"og:image:type\" content=\"image\/jpeg\" \/>\n<meta name=\"twitter:card\" content=\"summary_large_image\" \/>\n<meta name=\"twitter:label1\" content=\"Tiempo de lectura\" \/>\n\t<meta name=\"twitter:data1\" content=\"2 minutos\" \/>\n<script type=\"application\/ld+json\" class=\"yoast-schema-graph\">{\"@context\":\"https:\\\/\\\/schema.org\",\"@graph\":[{\"@type\":\"WebPage\",\"@id\":\"https:\\\/\\\/www.anaromanature.com\\\/index.php\\\/producto\\\/ziaja-leche-limpiadora-calamante-calendula\\\/\",\"url\":\"https:\\\/\\\/www.anaromanature.com\\\/index.php\\\/producto\\\/ziaja-leche-limpiadora-calamante-calendula\\\/\",\"name\":\"ZIAJA Leche Limpiadora Calmante CAL\u00c9NDULA - Anaroma Nature\",\"isPartOf\":{\"@id\":\"https:\\\/\\\/www.anaromanature.com\\\/#website\"},\"primaryImageOfPage\":{\"@id\":\"https:\\\/\\\/www.anaromanature.com\\\/index.php\\\/producto\\\/ziaja-leche-limpiadora-calamante-calendula\\\/#primaryimage\"},\"image\":{\"@id\":\"https:\\\/\\\/www.anaromanature.com\\\/index.php\\\/producto\\\/ziaja-leche-limpiadora-calamante-calendula\\\/#primaryimage\"},\"thumbnailUrl\":\"https:\\\/\\\/www.anaromanature.com\\\/wp-content\\\/uploads\\\/2021\\\/02\\\/ZIAJA-Leche-Limpiadora-Calmante-CALENDULA.jpg\",\"datePublished\":\"2021-02-23T17:54:00+00:00\",\"dateModified\":\"2021-02-24T16:09:06+00:00\",\"description\":\"ZIAJA Leche Limpiadora Calmante CAL\u00c9NDULA. Un limpiador indicado para pieles secas, sensibles y normales. Desmaquilla suavemente.Rejuvenece y\",\"breadcrumb\":{\"@id\":\"https:\\\/\\\/www.anaromanature.com\\\/index.php\\\/producto\\\/ziaja-leche-limpiadora-calamante-calendula\\\/#breadcrumb\"},\"inLanguage\":\"es\",\"potentialAction\":[{\"@type\":\"ReadAction\",\"target\":[\"https:\\\/\\\/www.anaromanature.com\\\/index.php\\\/producto\\\/ziaja-leche-limpiadora-calamante-calendula\\\/\"]}]},{\"@type\":\"ImageObject\",\"inLanguage\":\"es\",\"@id\":\"https:\\\/\\\/www.anaromanature.com\\\/index.php\\\/producto\\\/ziaja-leche-limpiadora-calamante-calendula\\\/#primaryimage\",\"url\":\"https:\\\/\\\/www.anaromanature.com\\\/wp-content\\\/uploads\\\/2021\\\/02\\\/ZIAJA-Leche-Limpiadora-Calmante-CALENDULA.jpg\",\"contentUrl\":\"https:\\\/\\\/www.anaromanature.com\\\/wp-content\\\/uploads\\\/2021\\\/02\\\/ZIAJA-Leche-Limpiadora-Calmante-CALENDULA.jpg\",\"width\":600,\"height\":600,\"caption\":\"ZIAJA Leche Limpiadora Calmante CALENDULA\"},{\"@type\":\"BreadcrumbList\",\"@id\":\"https:\\\/\\\/www.anaromanature.com\\\/index.php\\\/producto\\\/ziaja-leche-limpiadora-calamante-calendula\\\/#breadcrumb\",\"itemListElement\":[{\"@type\":\"ListItem\",\"position\":1,\"name\":\"Portada\",\"item\":\"https:\\\/\\\/www.anaromanature.com\\\/\"},{\"@type\":\"ListItem\",\"position\":2,\"name\":\"Tienda\",\"item\":\"https:\\\/\\\/www.anaromanature.com\\\/index.php\\\/tienda-premium-online-anarome-nature\\\/\"},{\"@type\":\"ListItem\",\"position\":3,\"name\":\"ZIAJA Leche Limpiadora Calmante CAL\u00c9NDULA\"}]},{\"@type\":\"WebSite\",\"@id\":\"https:\\\/\\\/www.anaromanature.com\\\/#website\",\"url\":\"https:\\\/\\\/www.anaromanature.com\\\/\",\"name\":\"Anaroma Nature\",\"description\":\"Aromas y color\",\"publisher\":{\"@id\":\"https:\\\/\\\/www.anaromanature.com\\\/#organization\"},\"potentialAction\":[{\"@type\":\"SearchAction\",\"target\":{\"@type\":\"EntryPoint\",\"urlTemplate\":\"https:\\\/\\\/www.anaromanature.com\\\/?s={search_term_string}\"},\"query-input\":{\"@type\":\"PropertyValueSpecification\",\"valueRequired\":true,\"valueName\":\"search_term_string\"}}],\"inLanguage\":\"es\"},{\"@type\":\"Organization\",\"@id\":\"https:\\\/\\\/www.anaromanature.com\\\/#organization\",\"name\":\"Anaroma Nature\",\"url\":\"https:\\\/\\\/www.anaromanature.com\\\/\",\"logo\":{\"@type\":\"ImageObject\",\"inLanguage\":\"es\",\"@id\":\"https:\\\/\\\/www.anaromanature.com\\\/#\\\/schema\\\/logo\\\/image\\\/\",\"url\":\"https:\\\/\\\/i2.wp.com\\\/www.anaromanature.com\\\/wp-content\\\/uploads\\\/2021\\\/02\\\/cropped-Logotipo-Anaroma-2.png?fit=290%2C288&ssl=1\",\"contentUrl\":\"https:\\\/\\\/i2.wp.com\\\/www.anaromanature.com\\\/wp-content\\\/uploads\\\/2021\\\/02\\\/cropped-Logotipo-Anaroma-2.png?fit=290%2C288&ssl=1\",\"width\":290,\"height\":288,\"caption\":\"Anaroma Nature\"},\"image\":{\"@id\":\"https:\\\/\\\/www.anaromanature.com\\\/#\\\/schema\\\/logo\\\/image\\\/\"},\"sameAs\":[\"http:\\\/\\\/facebook.com\\\/Anaroma-326324794814915\",\"http:\\\/\\\/instagram.com\\\/anaromanature\"]}]}<\/script>\n<!-- \/ Yoast SEO plugin. -->","yoast_head_json":{"title":"ZIAJA Leche Limpiadora Calmante CAL\u00c9NDULA - Anaroma Nature","description":"ZIAJA Leche Limpiadora Calmante CAL\u00c9NDULA. Un limpiador indicado para pieles secas, sensibles y normales. Desmaquilla suavemente.Rejuvenece y","robots":{"index":"index","follow":"follow","max-snippet":"max-snippet:-1","max-image-preview":"max-image-preview:large","max-video-preview":"max-video-preview:-1"},"canonical":"https:\/\/www.anaromanature.com\/index.php\/producto\/ziaja-leche-limpiadora-calamante-calendula\/","og_locale":"es_ES","og_type":"article","og_title":"ZIAJA Leche Limpiadora Calmante CAL\u00c9NDULA - Anaroma Nature","og_description":"ZIAJA Leche Limpiadora Calmante CAL\u00c9NDULA. Un limpiador indicado para pieles secas, sensibles y normales. Desmaquilla suavemente.Rejuvenece y","og_url":"https:\/\/www.anaromanature.com\/index.php\/producto\/ziaja-leche-limpiadora-calamante-calendula\/","og_site_name":"Anaroma Nature","article_publisher":"http:\/\/facebook.com\/Anaroma-326324794814915","article_modified_time":"2021-02-24T16:09:06+00:00","og_image":[{"width":600,"height":600,"url":"https:\/\/i2.wp.com\/www.anaromanature.com\/wp-content\/uploads\/2021\/02\/ZIAJA-Leche-Limpiadora-Calmante-CALENDULA.jpg?fit=600%2C600&ssl=1","type":"image\/jpeg"}],"twitter_card":"summary_large_image","twitter_misc":{"Tiempo de lectura":"2 minutos"},"schema":{"@context":"https:\/\/schema.org","@graph":[{"@type":"WebPage","@id":"https:\/\/www.anaromanature.com\/index.php\/producto\/ziaja-leche-limpiadora-calamante-calendula\/","url":"https:\/\/www.anaromanature.com\/index.php\/producto\/ziaja-leche-limpiadora-calamante-calendula\/","name":"ZIAJA Leche Limpiadora Calmante CAL\u00c9NDULA - Anaroma Nature","isPartOf":{"@id":"https:\/\/www.anaromanature.com\/#website"},"primaryImageOfPage":{"@id":"https:\/\/www.anaromanature.com\/index.php\/producto\/ziaja-leche-limpiadora-calamante-calendula\/#primaryimage"},"image":{"@id":"https:\/\/www.anaromanature.com\/index.php\/producto\/ziaja-leche-limpiadora-calamante-calendula\/#primaryimage"},"thumbnailUrl":"https:\/\/www.anaromanature.com\/wp-content\/uploads\/2021\/02\/ZIAJA-Leche-Limpiadora-Calmante-CALENDULA.jpg","datePublished":"2021-02-23T17:54:00+00:00","dateModified":"2021-02-24T16:09:06+00:00","description":"ZIAJA Leche Limpiadora Calmante CAL\u00c9NDULA. Un limpiador indicado para pieles secas, sensibles y normales. Desmaquilla suavemente.Rejuvenece y","breadcrumb":{"@id":"https:\/\/www.anaromanature.com\/index.php\/producto\/ziaja-leche-limpiadora-calamante-calendula\/#breadcrumb"},"inLanguage":"es","potentialAction":[{"@type":"ReadAction","target":["https:\/\/www.anaromanature.com\/index.php\/producto\/ziaja-leche-limpiadora-calamante-calendula\/"]}]},{"@type":"ImageObject","inLanguage":"es","@id":"https:\/\/www.anaromanature.com\/index.php\/producto\/ziaja-leche-limpiadora-calamante-calendula\/#primaryimage","url":"https:\/\/www.anaromanature.com\/wp-content\/uploads\/2021\/02\/ZIAJA-Leche-Limpiadora-Calmante-CALENDULA.jpg","contentUrl":"https:\/\/www.anaromanature.com\/wp-content\/uploads\/2021\/02\/ZIAJA-Leche-Limpiadora-Calmante-CALENDULA.jpg","width":600,"height":600,"caption":"ZIAJA Leche Limpiadora Calmante CALENDULA"},{"@type":"BreadcrumbList","@id":"https:\/\/www.anaromanature.com\/index.php\/producto\/ziaja-leche-limpiadora-calamante-calendula\/#breadcrumb","itemListElement":[{"@type":"ListItem","position":1,"name":"Portada","item":"https:\/\/www.anaromanature.com\/"},{"@type":"ListItem","position":2,"name":"Tienda","item":"https:\/\/www.anaromanature.com\/index.php\/tienda-premium-online-anarome-nature\/"},{"@type":"ListItem","position":3,"name":"ZIAJA Leche Limpiadora Calmante CAL\u00c9NDULA"}]},{"@type":"WebSite","@id":"https:\/\/www.anaromanature.com\/#website","url":"https:\/\/www.anaromanature.com\/","name":"Anaroma Nature","description":"Aromas y color","publisher":{"@id":"https:\/\/www.anaromanature.com\/#organization"},"potentialAction":[{"@type":"SearchAction","target":{"@type":"EntryPoint","urlTemplate":"https:\/\/www.anaromanature.com\/?s={search_term_string}"},"query-input":{"@type":"PropertyValueSpecification","valueRequired":true,"valueName":"search_term_string"}}],"inLanguage":"es"},{"@type":"Organization","@id":"https:\/\/www.anaromanature.com\/#organization","name":"Anaroma Nature","url":"https:\/\/www.anaromanature.com\/","logo":{"@type":"ImageObject","inLanguage":"es","@id":"https:\/\/www.anaromanature.com\/#\/schema\/logo\/image\/","url":"https:\/\/i2.wp.com\/www.anaromanature.com\/wp-content\/uploads\/2021\/02\/cropped-Logotipo-Anaroma-2.png?fit=290%2C288&ssl=1","contentUrl":"https:\/\/i2.wp.com\/www.anaromanature.com\/wp-content\/uploads\/2021\/02\/cropped-Logotipo-Anaroma-2.png?fit=290%2C288&ssl=1","width":290,"height":288,"caption":"Anaroma Nature"},"image":{"@id":"https:\/\/www.anaromanature.com\/#\/schema\/logo\/image\/"},"sameAs":["http:\/\/facebook.com\/Anaroma-326324794814915","http:\/\/instagram.com\/anaromanature"]}]}},"_links":{"self":[{"href":"https:\/\/www.anaromanature.com\/index.php\/wp-json\/wp\/v2\/product\/1470","targetHints":{"allow":["GET"]}}],"collection":[{"href":"https:\/\/www.anaromanature.com\/index.php\/wp-json\/wp\/v2\/product"}],"about":[{"href":"https:\/\/www.anaromanature.com\/index.php\/wp-json\/wp\/v2\/types\/product"}],"replies":[{"embeddable":true,"href":"https:\/\/www.anaromanature.com\/index.php\/wp-json\/wp\/v2\/comments?post=1470"}],"wp:featuredmedia":[{"embeddable":true,"href":"https:\/\/www.anaromanature.com\/index.php\/wp-json\/wp\/v2\/media\/1476"}],"wp:attachment":[{"href":"https:\/\/www.anaromanature.com\/index.php\/wp-json\/wp\/v2\/media?parent=1470"}],"wp:term":[{"taxonomy":"product_brand","embeddable":true,"href":"https:\/\/www.anaromanature.com\/index.php\/wp-json\/wp\/v2\/product_brand?post=1470"},{"taxonomy":"product_cat","embeddable":true,"href":"https:\/\/www.anaromanature.com\/index.php\/wp-json\/wp\/v2\/product_cat?post=1470"},{"taxonomy":"product_tag","embeddable":true,"href":"https:\/\/www.anaromanature.com\/index.php\/wp-json\/wp\/v2\/product_tag?post=1470"}],"curies":[{"name":"wp","href":"https:\/\/api.w.org\/{rel}","templated":true}]}}