{"id":1532,"date":"2021-02-24T19:22:58","date_gmt":"2021-02-24T18:22:58","guid":{"rendered":"https:\/\/www.anaromanature.com\/index.php\/producto\/ziaja-crema-manos-hidratante-coco\/"},"modified":"2021-02-24T19:43:07","modified_gmt":"2021-02-24T18:43:07","slug":"ziaja-crema-manos-hidratante-coco","status":"publish","type":"product","link":"https:\/\/www.anaromanature.com\/index.php\/producto\/ziaja-crema-manos-hidratante-coco\/","title":{"rendered":"ZIAJA Crema Manos Hidratante COCO"},"content":{"rendered":"<p>ZIAJA Crema Manos Hidratante COCO<\/p>\n<p>La crema de manos de coco es apta para todo tipo de pieles.<\/p>\n<p>El tratamiento de la piel expuesta al contacto frecuente con limpiadores es sensible a factores atmosf\u00e9ricos negativos.<\/p>\n<p>Regenera, suaviza y alisa la piel de las manos.<\/p>\n<p>Fortalece las u\u00f1as evitando roturas y roturas.<\/p>\n<p><strong>INGREDIENTES ACTIVOS:<\/strong> grasa de coco, aceite de colza.<\/p>\n<p><strong>MODO DE EMPLEO:<\/strong> Aplicar sobre la piel limpia con un masaje.<\/p>\n<p>Apto para vegetarianos.<\/p>\n<p>Sin gluten.<\/p>\n<p>Capacidad: 80 ml.<\/p>\n<p>ZIAJA Crema Manos Hidratante COCO<\/p>\n<p><strong>SOBRE EL COCO<\/strong><\/p>\n<p>Su alt\u00edsimo contenido en \u00e1cidos grasos lo convierte en un excelente humectante que respeta la barrera agua-grasa. Es apto para todo tipo de pieles, pero aporta nutrici\u00f3n a las pieles m\u00e1s secas.<\/p>\n<ul>\n<li><strong>Reparaci\u00f3n r\u00e1pida:<\/strong> tiene una absorci\u00f3n muy r\u00e1pida. Antes de ponerte la ropa apl\u00edcala como loci\u00f3n corporal, no te preocupes. \u00a1Despu\u00e9s de unos minutos, desaparecer\u00e1 por completo!<\/li>\n<li><strong>Prevenir el envejecimiento:<\/strong> Reduce las l\u00edneas finas debido a un grupo de hormonas vegetales llamadas citoquininas. Son un tipo de antienvejecimiento celular, previenen los efectos degenerativos y ayudan a mantener los tejidos conectivos fuertes y flexibles.<\/li>\n<\/ul>\n<p><strong>SOBRE ZIAJA<\/strong><\/p>\n<p>Ziaja es un fabricante polaco de productos farmac\u00e9uticos y cosm\u00e9ticos de alta calidad basados en ingredientes naturales para el cuidado de rostro, cuerpo y cabello.<\/p>\n<p>Se origin\u00f3 a partir de la pasi\u00f3n y el deseo de hacer reparaciones terap\u00e9uticas y cosm\u00e9ticos para el cuidado de la piel con las formulas m\u00e1s sencillas.<\/p>\n<p>Su punto de mira es la mejora y desarrollo continuo y eso convierte a Ziaja en una empresa innovadora y orientada al futuro.<\/p>\n<p>Cuida tu piel con\u00a0<a href=\"https:\/\/www.anaromanature.com\/\">Anaroma Nature<\/a><\/p>\n<p><a href=\"mailto:%20info@anaromanature.com\">Cons\u00faltanos\u00a0<\/a>lo que necesites saber o aclarar.<\/p>\n<p>Visita nuestro\u00a0<a href=\"https:\/\/www.instagram.com\/anaromanature\/\">Instagram<\/a>.<\/p>\n","protected":false},"excerpt":{"rendered":"<p>&nbsp;<\/p>\n<p><a href=\"https:\/\/www.anaromanature.com\/wp-content\/uploads\/2021\/02\/Logo-Ziaja.jpg\"><img decoding=\"async\" class=\" wp-image-1459\" title=\"Logo Ziaja\" src=\"https:\/\/www.anaromanature.com\/wp-content\/uploads\/2021\/02\/Logo-Ziaja.jpg\" alt=\"Logo Ziaja\" width=\"130\" height=\"80\" \/><\/a><\/p>\n<hr \/>\n<p>Una crema hidratante apta para todo tipo de pieles.<\/p>\n<p>Complementa la falta de l\u00edpidos, regenera la barrera protectora natural y mejora significativamente la elasticidad y suavidad de la epidermis.<\/p>\n<p>Capacidad: 80 ml.<\/p>\n","protected":false},"featured_media":1539,"comment_status":"open","ping_status":"closed","template":"","meta":{"_joinchat":[]},"product_brand":[],"product_cat":[310,302],"product_tag":[307,283,220],"class_list":{"0":"post-1532","1":"product","2":"type-product","3":"status-publish","4":"has-post-thumbnail","6":"product_cat-coco-hidratante","7":"product_cat-cosmetica-ziaja","8":"product_tag-coco","9":"product_tag-crema-manos","10":"product_tag-hidratante","11":"latest_post","13":"first","14":"instock","15":"taxable","16":"shipping-taxable","17":"purchasable","18":"product-type-simple"},"yoast_head":"<!-- This site is optimized with the Yoast SEO plugin v27.1.1 - https:\/\/yoast.com\/product\/yoast-seo-wordpress\/ -->\n<title>ZIAJA Crema Manos Hidratante COCO - Anaroma Nature - Tienda<\/title>\n<meta name=\"description\" content=\"ZIAJA Crema Manos Hidratante COCO. La crema de manos de coco es apta para todo tipo de pieles. El tratamiento de la piel expuesta al contacto\" \/>\n<meta name=\"robots\" content=\"index, follow, max-snippet:-1, max-image-preview:large, max-video-preview:-1\" \/>\n<link rel=\"canonical\" href=\"https:\/\/www.anaromanature.com\/index.php\/producto\/ziaja-crema-manos-hidratante-coco\/\" \/>\n<meta property=\"og:locale\" content=\"es_ES\" \/>\n<meta property=\"og:type\" content=\"article\" \/>\n<meta property=\"og:title\" content=\"ZIAJA Crema Manos Hidratante COCO - Anaroma Nature - Tienda\" \/>\n<meta property=\"og:description\" content=\"ZIAJA Crema Manos Hidratante COCO. La crema de manos de coco es apta para todo tipo de pieles. El tratamiento de la piel expuesta al contacto\" \/>\n<meta property=\"og:url\" content=\"https:\/\/www.anaromanature.com\/index.php\/producto\/ziaja-crema-manos-hidratante-coco\/\" \/>\n<meta property=\"og:site_name\" content=\"Anaroma Nature\" \/>\n<meta property=\"article:publisher\" content=\"http:\/\/facebook.com\/Anaroma-326324794814915\" \/>\n<meta property=\"article:modified_time\" content=\"2021-02-24T18:43:07+00:00\" \/>\n<meta property=\"og:image\" content=\"https:\/\/i0.wp.com\/www.anaromanature.com\/wp-content\/uploads\/2021\/02\/ZIAJA-Crema-Manos-Hidratante-COCO.jpg?fit=600%2C600&ssl=1\" \/>\n\t<meta property=\"og:image:width\" content=\"600\" \/>\n\t<meta property=\"og:image:height\" content=\"600\" \/>\n\t<meta property=\"og:image:type\" content=\"image\/jpeg\" \/>\n<meta name=\"twitter:card\" content=\"summary_large_image\" \/>\n<meta name=\"twitter:label1\" content=\"Tiempo de lectura\" \/>\n\t<meta name=\"twitter:data1\" content=\"2 minutos\" \/>\n<script type=\"application\/ld+json\" class=\"yoast-schema-graph\">{\"@context\":\"https:\/\/schema.org\",\"@graph\":[{\"@type\":\"WebPage\",\"@id\":\"https:\/\/www.anaromanature.com\/index.php\/producto\/ziaja-crema-manos-hidratante-coco\/\",\"url\":\"https:\/\/www.anaromanature.com\/index.php\/producto\/ziaja-crema-manos-hidratante-coco\/\",\"name\":\"ZIAJA Crema Manos Hidratante COCO - Anaroma Nature - Tienda\",\"isPartOf\":{\"@id\":\"https:\/\/www.anaromanature.com\/#website\"},\"primaryImageOfPage\":{\"@id\":\"https:\/\/www.anaromanature.com\/index.php\/producto\/ziaja-crema-manos-hidratante-coco\/#primaryimage\"},\"image\":{\"@id\":\"https:\/\/www.anaromanature.com\/index.php\/producto\/ziaja-crema-manos-hidratante-coco\/#primaryimage\"},\"thumbnailUrl\":\"https:\/\/www.anaromanature.com\/wp-content\/uploads\/2021\/02\/ZIAJA-Crema-Manos-Hidratante-COCO.jpg\",\"datePublished\":\"2021-02-24T18:22:58+00:00\",\"dateModified\":\"2021-02-24T18:43:07+00:00\",\"description\":\"ZIAJA Crema Manos Hidratante COCO. La crema de manos de coco es apta para todo tipo de pieles. El tratamiento de la piel expuesta al contacto\",\"breadcrumb\":{\"@id\":\"https:\/\/www.anaromanature.com\/index.php\/producto\/ziaja-crema-manos-hidratante-coco\/#breadcrumb\"},\"inLanguage\":\"es\",\"potentialAction\":[{\"@type\":\"ReadAction\",\"target\":[\"https:\/\/www.anaromanature.com\/index.php\/producto\/ziaja-crema-manos-hidratante-coco\/\"]}]},{\"@type\":\"ImageObject\",\"inLanguage\":\"es\",\"@id\":\"https:\/\/www.anaromanature.com\/index.php\/producto\/ziaja-crema-manos-hidratante-coco\/#primaryimage\",\"url\":\"https:\/\/www.anaromanature.com\/wp-content\/uploads\/2021\/02\/ZIAJA-Crema-Manos-Hidratante-COCO.jpg\",\"contentUrl\":\"https:\/\/www.anaromanature.com\/wp-content\/uploads\/2021\/02\/ZIAJA-Crema-Manos-Hidratante-COCO.jpg\",\"width\":600,\"height\":600,\"caption\":\"ZIAJA Crema Manos Hidratante COCO\"},{\"@type\":\"BreadcrumbList\",\"@id\":\"https:\/\/www.anaromanature.com\/index.php\/producto\/ziaja-crema-manos-hidratante-coco\/#breadcrumb\",\"itemListElement\":[{\"@type\":\"ListItem\",\"position\":1,\"name\":\"Portada\",\"item\":\"https:\/\/www.anaromanature.com\/\"},{\"@type\":\"ListItem\",\"position\":2,\"name\":\"Tienda\",\"item\":\"https:\/\/www.anaromanature.com\/index.php\/tienda-premium-online-anarome-nature\/\"},{\"@type\":\"ListItem\",\"position\":3,\"name\":\"ZIAJA Crema Manos Hidratante COCO\"}]},{\"@type\":\"WebSite\",\"@id\":\"https:\/\/www.anaromanature.com\/#website\",\"url\":\"https:\/\/www.anaromanature.com\/\",\"name\":\"Anaroma Nature\",\"description\":\"Aromas y color\",\"publisher\":{\"@id\":\"https:\/\/www.anaromanature.com\/#organization\"},\"potentialAction\":[{\"@type\":\"SearchAction\",\"target\":{\"@type\":\"EntryPoint\",\"urlTemplate\":\"https:\/\/www.anaromanature.com\/?s={search_term_string}\"},\"query-input\":{\"@type\":\"PropertyValueSpecification\",\"valueRequired\":true,\"valueName\":\"search_term_string\"}}],\"inLanguage\":\"es\"},{\"@type\":\"Organization\",\"@id\":\"https:\/\/www.anaromanature.com\/#organization\",\"name\":\"Anaroma Nature\",\"url\":\"https:\/\/www.anaromanature.com\/\",\"logo\":{\"@type\":\"ImageObject\",\"inLanguage\":\"es\",\"@id\":\"https:\/\/www.anaromanature.com\/#\/schema\/logo\/image\/\",\"url\":\"https:\/\/i2.wp.com\/www.anaromanature.com\/wp-content\/uploads\/2021\/02\/cropped-Logotipo-Anaroma-2.png?fit=290%2C288&ssl=1\",\"contentUrl\":\"https:\/\/i2.wp.com\/www.anaromanature.com\/wp-content\/uploads\/2021\/02\/cropped-Logotipo-Anaroma-2.png?fit=290%2C288&ssl=1\",\"width\":290,\"height\":288,\"caption\":\"Anaroma Nature\"},\"image\":{\"@id\":\"https:\/\/www.anaromanature.com\/#\/schema\/logo\/image\/\"},\"sameAs\":[\"http:\/\/facebook.com\/Anaroma-326324794814915\",\"http:\/\/instagram.com\/anaromanature\"]}]}<\/script>\n<!-- \/ Yoast SEO plugin. -->","yoast_head_json":{"title":"ZIAJA Crema Manos Hidratante COCO - Anaroma Nature - Tienda","description":"ZIAJA Crema Manos Hidratante COCO. La crema de manos de coco es apta para todo tipo de pieles. El tratamiento de la piel expuesta al contacto","robots":{"index":"index","follow":"follow","max-snippet":"max-snippet:-1","max-image-preview":"max-image-preview:large","max-video-preview":"max-video-preview:-1"},"canonical":"https:\/\/www.anaromanature.com\/index.php\/producto\/ziaja-crema-manos-hidratante-coco\/","og_locale":"es_ES","og_type":"article","og_title":"ZIAJA Crema Manos Hidratante COCO - Anaroma Nature - Tienda","og_description":"ZIAJA Crema Manos Hidratante COCO. La crema de manos de coco es apta para todo tipo de pieles. El tratamiento de la piel expuesta al contacto","og_url":"https:\/\/www.anaromanature.com\/index.php\/producto\/ziaja-crema-manos-hidratante-coco\/","og_site_name":"Anaroma Nature","article_publisher":"http:\/\/facebook.com\/Anaroma-326324794814915","article_modified_time":"2021-02-24T18:43:07+00:00","og_image":[{"width":600,"height":600,"url":"https:\/\/i0.wp.com\/www.anaromanature.com\/wp-content\/uploads\/2021\/02\/ZIAJA-Crema-Manos-Hidratante-COCO.jpg?fit=600%2C600&ssl=1","type":"image\/jpeg"}],"twitter_card":"summary_large_image","twitter_misc":{"Tiempo de lectura":"2 minutos"},"schema":{"@context":"https:\/\/schema.org","@graph":[{"@type":"WebPage","@id":"https:\/\/www.anaromanature.com\/index.php\/producto\/ziaja-crema-manos-hidratante-coco\/","url":"https:\/\/www.anaromanature.com\/index.php\/producto\/ziaja-crema-manos-hidratante-coco\/","name":"ZIAJA Crema Manos Hidratante COCO - Anaroma Nature - Tienda","isPartOf":{"@id":"https:\/\/www.anaromanature.com\/#website"},"primaryImageOfPage":{"@id":"https:\/\/www.anaromanature.com\/index.php\/producto\/ziaja-crema-manos-hidratante-coco\/#primaryimage"},"image":{"@id":"https:\/\/www.anaromanature.com\/index.php\/producto\/ziaja-crema-manos-hidratante-coco\/#primaryimage"},"thumbnailUrl":"https:\/\/www.anaromanature.com\/wp-content\/uploads\/2021\/02\/ZIAJA-Crema-Manos-Hidratante-COCO.jpg","datePublished":"2021-02-24T18:22:58+00:00","dateModified":"2021-02-24T18:43:07+00:00","description":"ZIAJA Crema Manos Hidratante COCO. La crema de manos de coco es apta para todo tipo de pieles. El tratamiento de la piel expuesta al contacto","breadcrumb":{"@id":"https:\/\/www.anaromanature.com\/index.php\/producto\/ziaja-crema-manos-hidratante-coco\/#breadcrumb"},"inLanguage":"es","potentialAction":[{"@type":"ReadAction","target":["https:\/\/www.anaromanature.com\/index.php\/producto\/ziaja-crema-manos-hidratante-coco\/"]}]},{"@type":"ImageObject","inLanguage":"es","@id":"https:\/\/www.anaromanature.com\/index.php\/producto\/ziaja-crema-manos-hidratante-coco\/#primaryimage","url":"https:\/\/www.anaromanature.com\/wp-content\/uploads\/2021\/02\/ZIAJA-Crema-Manos-Hidratante-COCO.jpg","contentUrl":"https:\/\/www.anaromanature.com\/wp-content\/uploads\/2021\/02\/ZIAJA-Crema-Manos-Hidratante-COCO.jpg","width":600,"height":600,"caption":"ZIAJA Crema Manos Hidratante COCO"},{"@type":"BreadcrumbList","@id":"https:\/\/www.anaromanature.com\/index.php\/producto\/ziaja-crema-manos-hidratante-coco\/#breadcrumb","itemListElement":[{"@type":"ListItem","position":1,"name":"Portada","item":"https:\/\/www.anaromanature.com\/"},{"@type":"ListItem","position":2,"name":"Tienda","item":"https:\/\/www.anaromanature.com\/index.php\/tienda-premium-online-anarome-nature\/"},{"@type":"ListItem","position":3,"name":"ZIAJA Crema Manos Hidratante COCO"}]},{"@type":"WebSite","@id":"https:\/\/www.anaromanature.com\/#website","url":"https:\/\/www.anaromanature.com\/","name":"Anaroma Nature","description":"Aromas y color","publisher":{"@id":"https:\/\/www.anaromanature.com\/#organization"},"potentialAction":[{"@type":"SearchAction","target":{"@type":"EntryPoint","urlTemplate":"https:\/\/www.anaromanature.com\/?s={search_term_string}"},"query-input":{"@type":"PropertyValueSpecification","valueRequired":true,"valueName":"search_term_string"}}],"inLanguage":"es"},{"@type":"Organization","@id":"https:\/\/www.anaromanature.com\/#organization","name":"Anaroma Nature","url":"https:\/\/www.anaromanature.com\/","logo":{"@type":"ImageObject","inLanguage":"es","@id":"https:\/\/www.anaromanature.com\/#\/schema\/logo\/image\/","url":"https:\/\/i2.wp.com\/www.anaromanature.com\/wp-content\/uploads\/2021\/02\/cropped-Logotipo-Anaroma-2.png?fit=290%2C288&ssl=1","contentUrl":"https:\/\/i2.wp.com\/www.anaromanature.com\/wp-content\/uploads\/2021\/02\/cropped-Logotipo-Anaroma-2.png?fit=290%2C288&ssl=1","width":290,"height":288,"caption":"Anaroma Nature"},"image":{"@id":"https:\/\/www.anaromanature.com\/#\/schema\/logo\/image\/"},"sameAs":["http:\/\/facebook.com\/Anaroma-326324794814915","http:\/\/instagram.com\/anaromanature"]}]}},"_links":{"self":[{"href":"https:\/\/www.anaromanature.com\/index.php\/wp-json\/wp\/v2\/product\/1532","targetHints":{"allow":["GET"]}}],"collection":[{"href":"https:\/\/www.anaromanature.com\/index.php\/wp-json\/wp\/v2\/product"}],"about":[{"href":"https:\/\/www.anaromanature.com\/index.php\/wp-json\/wp\/v2\/types\/product"}],"replies":[{"embeddable":true,"href":"https:\/\/www.anaromanature.com\/index.php\/wp-json\/wp\/v2\/comments?post=1532"}],"wp:featuredmedia":[{"embeddable":true,"href":"https:\/\/www.anaromanature.com\/index.php\/wp-json\/wp\/v2\/media\/1539"}],"wp:attachment":[{"href":"https:\/\/www.anaromanature.com\/index.php\/wp-json\/wp\/v2\/media?parent=1532"}],"wp:term":[{"taxonomy":"product_brand","embeddable":true,"href":"https:\/\/www.anaromanature.com\/index.php\/wp-json\/wp\/v2\/product_brand?post=1532"},{"taxonomy":"product_cat","embeddable":true,"href":"https:\/\/www.anaromanature.com\/index.php\/wp-json\/wp\/v2\/product_cat?post=1532"},{"taxonomy":"product_tag","embeddable":true,"href":"https:\/\/www.anaromanature.com\/index.php\/wp-json\/wp\/v2\/product_tag?post=1532"}],"curies":[{"name":"wp","href":"https:\/\/api.w.org\/{rel}","templated":true}]}}