{"id":1549,"date":"2021-02-24T20:06:00","date_gmt":"2021-02-24T19:06:00","guid":{"rendered":"https:\/\/www.anaromanature.com\/index.php\/producto\/ziaja-contorno-ojos-en-gel-antiojeras-con-aciano\/"},"modified":"2021-02-27T18:47:26","modified_gmt":"2021-02-27T17:47:26","slug":"ziaja-contorno-ojos-en-gel-antiojeras-con-aciano","status":"publish","type":"product","link":"https:\/\/www.anaromanature.com\/index.php\/producto\/ziaja-contorno-ojos-en-gel-antiojeras-con-aciano\/","title":{"rendered":"ZIAJA Contorno Ojos en Gel Antiojeras con Aciano"},"content":{"rendered":"<p>ZIAJA Contorno Ojos en Gel Antiojeras con Aciano<\/p>\n<p>El Aciano es un Gel Antiojeras.<\/p>\n<p>Se recomienda un cuidado diario, apto para todas las edades.<\/p>\n<ul>\n<li>Reduce las ojeras.<\/li>\n<li>Hidrata, fija el tono y tensa ligeramente la epidermis.<\/li>\n<li>Nutre y reafirma la piel.<\/li>\n<li>Alisa las arrugas finas.<\/li>\n<\/ul>\n<p><strong>INGREDIENTES ACTIVOS:<\/strong> extracto de aciano, vitamina A, vitamina E, provitamina B5 (D-pantenol)<\/p>\n<p>Apto para vegetarianos.<\/p>\n<p><strong>MODO DE EMPLEO:<\/strong>\u00a0Aplicar t\u00f3picamente en el exterior de cada ojo, preferiblemente por la noche. Se extiende desde el contorno exterior al interior con suaves pinceladas. Evite el contacto directo con el saco conjuntival.<\/p>\n<p>Capacidad: 15 ml.<\/p>\n<p>ZIAJA Contorno Ojos en Gel Antiojeras con Aciano<\/p>\n<p><strong>SOBRE EL ACIANO<\/strong><\/p>\n<p>El Aciano es una planta, tambi\u00e9n conocido como Azulejo, que puede llegar a medir hasta un metro de altura. Tiene llamativas flores de color azul oscuro, suaves al tacto, y los p\u00e9talos aportan muchos beneficios a la piel.<\/p>\n<p>La crema de Aciano tiene un efecto antiinflamatorio, calma y drena la piel, por lo que es especialmente \u00fatil en invierno. Debe aplicarse sobre las pieles m\u00e1s sensibles y es ideal para descongestionar los ojos y rostro. Adem\u00e1s, es un antioxidante natural.<\/p>\n<p><strong>SOBRE ZIAJA<\/strong><\/p>\n<p>Ziaja es un fabricante polaco de productos farmac\u00e9uticos y cosm\u00e9ticos de alta calidad basados en ingredientes naturales para el cuidado de rostro, cuerpo y cabello.<\/p>\n<p>Se origin\u00f3 a partir de la pasi\u00f3n y el deseo de hacer reparaciones terap\u00e9uticas y cosm\u00e9ticos para el cuidado de la piel con las formulas m\u00e1s sencillas.<\/p>\n<p>Su punto de mira es la mejora y desarrollo continuo y eso convierte a Ziaja en una empresa innovadora y orientada al futuro.<\/p>\n<p>Cuida tu piel con\u00a0<a href=\"https:\/\/www.anaromanature.com\/\">Anaroma Nature<\/a><\/p>\n<p><a href=\"mailto:%20info@anaromanature.com\">Cons\u00faltanos\u00a0<\/a>lo que necesites saber o aclarar.<\/p>\n<p>Visita nuestro\u00a0<a href=\"https:\/\/www.instagram.com\/anaromanature\/\">Instagram<\/a>.<\/p>\n","protected":false},"excerpt":{"rendered":"<p>&nbsp;<\/p>\n<p><a href=\"https:\/\/www.anaromanature.com\/wp-content\/uploads\/2021\/02\/Logo-Ziaja.jpg\"><img decoding=\"async\" class=\" wp-image-1459\" title=\"Logo Ziaja\" src=\"https:\/\/www.anaromanature.com\/wp-content\/uploads\/2021\/02\/Logo-Ziaja.jpg\" alt=\"Logo Ziaja\" width=\"130\" height=\"80\" \/><\/a><\/p>\n<hr \/>\n<p>El Aciano es un Gel Antiojeras.<\/p>\n<p>Se recomienda un cuidado diario, apto para todas las edades.<\/p>\n<ul>\n<li>Reduce las ojeras.<\/li>\n<li>Hidrata, fija el tono y tensa ligeramente la epidermis.<\/li>\n<li>Nutre y reafirma la piel.<\/li>\n<li>Alisa las arrugas finas.<\/li>\n<\/ul>\n<p>Capacidad: 15 ml.<\/p>\n","protected":false},"featured_media":1556,"comment_status":"open","ping_status":"closed","template":"","meta":{"_joinchat":[]},"product_brand":[],"product_cat":[320,302],"product_tag":[319,318,311],"class_list":{"0":"post-1549","1":"product","2":"type-product","3":"status-publish","4":"has-post-thumbnail","6":"product_cat-contornos-de-ojos","7":"product_cat-cosmetica-ziaja","8":"product_tag-aciano","9":"product_tag-antiojeras","10":"product_tag-contorno-ojos","11":"latest_post","13":"first","14":"instock","15":"taxable","16":"shipping-taxable","17":"purchasable","18":"product-type-simple"},"yoast_head":"<!-- This site is optimized with the Yoast SEO plugin v27.4 - https:\/\/yoast.com\/product\/yoast-seo-wordpress\/ -->\n<title>ZIAJA Contorno Ojos en Gel Antiojeras con Aciano - Anaroma Nature<\/title>\n<meta name=\"description\" content=\"ZIAJA Contorno Ojos en Gel Antiojeras con Aciano. El Aciano es un Gel Antiojeras. Se recomienda un cuidado diario, apto para todas las\" \/>\n<meta name=\"robots\" content=\"index, follow, max-snippet:-1, max-image-preview:large, max-video-preview:-1\" \/>\n<link rel=\"canonical\" href=\"https:\/\/www.anaromanature.com\/index.php\/producto\/ziaja-contorno-ojos-en-gel-antiojeras-con-aciano\/\" \/>\n<meta property=\"og:locale\" content=\"es_ES\" \/>\n<meta property=\"og:type\" content=\"article\" \/>\n<meta property=\"og:title\" content=\"ZIAJA Contorno Ojos en Gel Antiojeras con Aciano - Anaroma Nature\" \/>\n<meta property=\"og:description\" content=\"ZIAJA Contorno Ojos en Gel Antiojeras con Aciano. El Aciano es un Gel Antiojeras. Se recomienda un cuidado diario, apto para todas las\" \/>\n<meta property=\"og:url\" content=\"https:\/\/www.anaromanature.com\/index.php\/producto\/ziaja-contorno-ojos-en-gel-antiojeras-con-aciano\/\" \/>\n<meta property=\"og:site_name\" content=\"Anaroma Nature\" \/>\n<meta property=\"article:publisher\" content=\"http:\/\/facebook.com\/Anaroma-326324794814915\" \/>\n<meta property=\"article:modified_time\" content=\"2021-02-27T17:47:26+00:00\" \/>\n<meta property=\"og:image\" content=\"https:\/\/i2.wp.com\/www.anaromanature.com\/wp-content\/uploads\/2021\/02\/ZIAJA-Contorno-Ojos-en-Gel-Antiojeras-con-Aciano.jpg?fit=458%2C458&ssl=1\" \/>\n\t<meta property=\"og:image:width\" content=\"458\" \/>\n\t<meta property=\"og:image:height\" content=\"458\" \/>\n\t<meta property=\"og:image:type\" content=\"image\/jpeg\" \/>\n<meta name=\"twitter:card\" content=\"summary_large_image\" \/>\n<meta name=\"twitter:label1\" content=\"Tiempo de lectura\" \/>\n\t<meta name=\"twitter:data1\" content=\"2 minutos\" \/>\n<script type=\"application\/ld+json\" class=\"yoast-schema-graph\">{\"@context\":\"https:\\\/\\\/schema.org\",\"@graph\":[{\"@type\":\"WebPage\",\"@id\":\"https:\\\/\\\/www.anaromanature.com\\\/index.php\\\/producto\\\/ziaja-contorno-ojos-en-gel-antiojeras-con-aciano\\\/\",\"url\":\"https:\\\/\\\/www.anaromanature.com\\\/index.php\\\/producto\\\/ziaja-contorno-ojos-en-gel-antiojeras-con-aciano\\\/\",\"name\":\"ZIAJA Contorno Ojos en Gel Antiojeras con Aciano - Anaroma Nature\",\"isPartOf\":{\"@id\":\"https:\\\/\\\/www.anaromanature.com\\\/#website\"},\"primaryImageOfPage\":{\"@id\":\"https:\\\/\\\/www.anaromanature.com\\\/index.php\\\/producto\\\/ziaja-contorno-ojos-en-gel-antiojeras-con-aciano\\\/#primaryimage\"},\"image\":{\"@id\":\"https:\\\/\\\/www.anaromanature.com\\\/index.php\\\/producto\\\/ziaja-contorno-ojos-en-gel-antiojeras-con-aciano\\\/#primaryimage\"},\"thumbnailUrl\":\"https:\\\/\\\/www.anaromanature.com\\\/wp-content\\\/uploads\\\/2021\\\/02\\\/ZIAJA-Contorno-Ojos-en-Gel-Antiojeras-con-Aciano.jpg\",\"datePublished\":\"2021-02-24T19:06:00+00:00\",\"dateModified\":\"2021-02-27T17:47:26+00:00\",\"description\":\"ZIAJA Contorno Ojos en Gel Antiojeras con Aciano. El Aciano es un Gel Antiojeras. Se recomienda un cuidado diario, apto para todas las\",\"breadcrumb\":{\"@id\":\"https:\\\/\\\/www.anaromanature.com\\\/index.php\\\/producto\\\/ziaja-contorno-ojos-en-gel-antiojeras-con-aciano\\\/#breadcrumb\"},\"inLanguage\":\"es\",\"potentialAction\":[{\"@type\":\"ReadAction\",\"target\":[\"https:\\\/\\\/www.anaromanature.com\\\/index.php\\\/producto\\\/ziaja-contorno-ojos-en-gel-antiojeras-con-aciano\\\/\"]}]},{\"@type\":\"ImageObject\",\"inLanguage\":\"es\",\"@id\":\"https:\\\/\\\/www.anaromanature.com\\\/index.php\\\/producto\\\/ziaja-contorno-ojos-en-gel-antiojeras-con-aciano\\\/#primaryimage\",\"url\":\"https:\\\/\\\/www.anaromanature.com\\\/wp-content\\\/uploads\\\/2021\\\/02\\\/ZIAJA-Contorno-Ojos-en-Gel-Antiojeras-con-Aciano.jpg\",\"contentUrl\":\"https:\\\/\\\/www.anaromanature.com\\\/wp-content\\\/uploads\\\/2021\\\/02\\\/ZIAJA-Contorno-Ojos-en-Gel-Antiojeras-con-Aciano.jpg\",\"width\":458,\"height\":458,\"caption\":\"ZIAJA Contorno Ojos en Gel Antiojeras con Aciano\"},{\"@type\":\"BreadcrumbList\",\"@id\":\"https:\\\/\\\/www.anaromanature.com\\\/index.php\\\/producto\\\/ziaja-contorno-ojos-en-gel-antiojeras-con-aciano\\\/#breadcrumb\",\"itemListElement\":[{\"@type\":\"ListItem\",\"position\":1,\"name\":\"Portada\",\"item\":\"https:\\\/\\\/www.anaromanature.com\\\/\"},{\"@type\":\"ListItem\",\"position\":2,\"name\":\"Tienda\",\"item\":\"https:\\\/\\\/www.anaromanature.com\\\/index.php\\\/tienda-premium-online-anarome-nature\\\/\"},{\"@type\":\"ListItem\",\"position\":3,\"name\":\"ZIAJA Contorno Ojos en Gel Antiojeras con Aciano\"}]},{\"@type\":\"WebSite\",\"@id\":\"https:\\\/\\\/www.anaromanature.com\\\/#website\",\"url\":\"https:\\\/\\\/www.anaromanature.com\\\/\",\"name\":\"Anaroma Nature\",\"description\":\"Aromas y color\",\"publisher\":{\"@id\":\"https:\\\/\\\/www.anaromanature.com\\\/#organization\"},\"potentialAction\":[{\"@type\":\"SearchAction\",\"target\":{\"@type\":\"EntryPoint\",\"urlTemplate\":\"https:\\\/\\\/www.anaromanature.com\\\/?s={search_term_string}\"},\"query-input\":{\"@type\":\"PropertyValueSpecification\",\"valueRequired\":true,\"valueName\":\"search_term_string\"}}],\"inLanguage\":\"es\"},{\"@type\":\"Organization\",\"@id\":\"https:\\\/\\\/www.anaromanature.com\\\/#organization\",\"name\":\"Anaroma Nature\",\"url\":\"https:\\\/\\\/www.anaromanature.com\\\/\",\"logo\":{\"@type\":\"ImageObject\",\"inLanguage\":\"es\",\"@id\":\"https:\\\/\\\/www.anaromanature.com\\\/#\\\/schema\\\/logo\\\/image\\\/\",\"url\":\"https:\\\/\\\/i2.wp.com\\\/www.anaromanature.com\\\/wp-content\\\/uploads\\\/2021\\\/02\\\/cropped-Logotipo-Anaroma-2.png?fit=290%2C288&ssl=1\",\"contentUrl\":\"https:\\\/\\\/i2.wp.com\\\/www.anaromanature.com\\\/wp-content\\\/uploads\\\/2021\\\/02\\\/cropped-Logotipo-Anaroma-2.png?fit=290%2C288&ssl=1\",\"width\":290,\"height\":288,\"caption\":\"Anaroma Nature\"},\"image\":{\"@id\":\"https:\\\/\\\/www.anaromanature.com\\\/#\\\/schema\\\/logo\\\/image\\\/\"},\"sameAs\":[\"http:\\\/\\\/facebook.com\\\/Anaroma-326324794814915\",\"http:\\\/\\\/instagram.com\\\/anaromanature\"]}]}<\/script>\n<!-- \/ Yoast SEO plugin. -->","yoast_head_json":{"title":"ZIAJA Contorno Ojos en Gel Antiojeras con Aciano - Anaroma Nature","description":"ZIAJA Contorno Ojos en Gel Antiojeras con Aciano. El Aciano es un Gel Antiojeras. Se recomienda un cuidado diario, apto para todas las","robots":{"index":"index","follow":"follow","max-snippet":"max-snippet:-1","max-image-preview":"max-image-preview:large","max-video-preview":"max-video-preview:-1"},"canonical":"https:\/\/www.anaromanature.com\/index.php\/producto\/ziaja-contorno-ojos-en-gel-antiojeras-con-aciano\/","og_locale":"es_ES","og_type":"article","og_title":"ZIAJA Contorno Ojos en Gel Antiojeras con Aciano - Anaroma Nature","og_description":"ZIAJA Contorno Ojos en Gel Antiojeras con Aciano. El Aciano es un Gel Antiojeras. Se recomienda un cuidado diario, apto para todas las","og_url":"https:\/\/www.anaromanature.com\/index.php\/producto\/ziaja-contorno-ojos-en-gel-antiojeras-con-aciano\/","og_site_name":"Anaroma Nature","article_publisher":"http:\/\/facebook.com\/Anaroma-326324794814915","article_modified_time":"2021-02-27T17:47:26+00:00","og_image":[{"width":458,"height":458,"url":"https:\/\/i2.wp.com\/www.anaromanature.com\/wp-content\/uploads\/2021\/02\/ZIAJA-Contorno-Ojos-en-Gel-Antiojeras-con-Aciano.jpg?fit=458%2C458&ssl=1","type":"image\/jpeg"}],"twitter_card":"summary_large_image","twitter_misc":{"Tiempo de lectura":"2 minutos"},"schema":{"@context":"https:\/\/schema.org","@graph":[{"@type":"WebPage","@id":"https:\/\/www.anaromanature.com\/index.php\/producto\/ziaja-contorno-ojos-en-gel-antiojeras-con-aciano\/","url":"https:\/\/www.anaromanature.com\/index.php\/producto\/ziaja-contorno-ojos-en-gel-antiojeras-con-aciano\/","name":"ZIAJA Contorno Ojos en Gel Antiojeras con Aciano - Anaroma Nature","isPartOf":{"@id":"https:\/\/www.anaromanature.com\/#website"},"primaryImageOfPage":{"@id":"https:\/\/www.anaromanature.com\/index.php\/producto\/ziaja-contorno-ojos-en-gel-antiojeras-con-aciano\/#primaryimage"},"image":{"@id":"https:\/\/www.anaromanature.com\/index.php\/producto\/ziaja-contorno-ojos-en-gel-antiojeras-con-aciano\/#primaryimage"},"thumbnailUrl":"https:\/\/www.anaromanature.com\/wp-content\/uploads\/2021\/02\/ZIAJA-Contorno-Ojos-en-Gel-Antiojeras-con-Aciano.jpg","datePublished":"2021-02-24T19:06:00+00:00","dateModified":"2021-02-27T17:47:26+00:00","description":"ZIAJA Contorno Ojos en Gel Antiojeras con Aciano. El Aciano es un Gel Antiojeras. Se recomienda un cuidado diario, apto para todas las","breadcrumb":{"@id":"https:\/\/www.anaromanature.com\/index.php\/producto\/ziaja-contorno-ojos-en-gel-antiojeras-con-aciano\/#breadcrumb"},"inLanguage":"es","potentialAction":[{"@type":"ReadAction","target":["https:\/\/www.anaromanature.com\/index.php\/producto\/ziaja-contorno-ojos-en-gel-antiojeras-con-aciano\/"]}]},{"@type":"ImageObject","inLanguage":"es","@id":"https:\/\/www.anaromanature.com\/index.php\/producto\/ziaja-contorno-ojos-en-gel-antiojeras-con-aciano\/#primaryimage","url":"https:\/\/www.anaromanature.com\/wp-content\/uploads\/2021\/02\/ZIAJA-Contorno-Ojos-en-Gel-Antiojeras-con-Aciano.jpg","contentUrl":"https:\/\/www.anaromanature.com\/wp-content\/uploads\/2021\/02\/ZIAJA-Contorno-Ojos-en-Gel-Antiojeras-con-Aciano.jpg","width":458,"height":458,"caption":"ZIAJA Contorno Ojos en Gel Antiojeras con Aciano"},{"@type":"BreadcrumbList","@id":"https:\/\/www.anaromanature.com\/index.php\/producto\/ziaja-contorno-ojos-en-gel-antiojeras-con-aciano\/#breadcrumb","itemListElement":[{"@type":"ListItem","position":1,"name":"Portada","item":"https:\/\/www.anaromanature.com\/"},{"@type":"ListItem","position":2,"name":"Tienda","item":"https:\/\/www.anaromanature.com\/index.php\/tienda-premium-online-anarome-nature\/"},{"@type":"ListItem","position":3,"name":"ZIAJA Contorno Ojos en Gel Antiojeras con Aciano"}]},{"@type":"WebSite","@id":"https:\/\/www.anaromanature.com\/#website","url":"https:\/\/www.anaromanature.com\/","name":"Anaroma Nature","description":"Aromas y color","publisher":{"@id":"https:\/\/www.anaromanature.com\/#organization"},"potentialAction":[{"@type":"SearchAction","target":{"@type":"EntryPoint","urlTemplate":"https:\/\/www.anaromanature.com\/?s={search_term_string}"},"query-input":{"@type":"PropertyValueSpecification","valueRequired":true,"valueName":"search_term_string"}}],"inLanguage":"es"},{"@type":"Organization","@id":"https:\/\/www.anaromanature.com\/#organization","name":"Anaroma Nature","url":"https:\/\/www.anaromanature.com\/","logo":{"@type":"ImageObject","inLanguage":"es","@id":"https:\/\/www.anaromanature.com\/#\/schema\/logo\/image\/","url":"https:\/\/i2.wp.com\/www.anaromanature.com\/wp-content\/uploads\/2021\/02\/cropped-Logotipo-Anaroma-2.png?fit=290%2C288&ssl=1","contentUrl":"https:\/\/i2.wp.com\/www.anaromanature.com\/wp-content\/uploads\/2021\/02\/cropped-Logotipo-Anaroma-2.png?fit=290%2C288&ssl=1","width":290,"height":288,"caption":"Anaroma Nature"},"image":{"@id":"https:\/\/www.anaromanature.com\/#\/schema\/logo\/image\/"},"sameAs":["http:\/\/facebook.com\/Anaroma-326324794814915","http:\/\/instagram.com\/anaromanature"]}]}},"_links":{"self":[{"href":"https:\/\/www.anaromanature.com\/index.php\/wp-json\/wp\/v2\/product\/1549","targetHints":{"allow":["GET"]}}],"collection":[{"href":"https:\/\/www.anaromanature.com\/index.php\/wp-json\/wp\/v2\/product"}],"about":[{"href":"https:\/\/www.anaromanature.com\/index.php\/wp-json\/wp\/v2\/types\/product"}],"replies":[{"embeddable":true,"href":"https:\/\/www.anaromanature.com\/index.php\/wp-json\/wp\/v2\/comments?post=1549"}],"wp:featuredmedia":[{"embeddable":true,"href":"https:\/\/www.anaromanature.com\/index.php\/wp-json\/wp\/v2\/media\/1556"}],"wp:attachment":[{"href":"https:\/\/www.anaromanature.com\/index.php\/wp-json\/wp\/v2\/media?parent=1549"}],"wp:term":[{"taxonomy":"product_brand","embeddable":true,"href":"https:\/\/www.anaromanature.com\/index.php\/wp-json\/wp\/v2\/product_brand?post=1549"},{"taxonomy":"product_cat","embeddable":true,"href":"https:\/\/www.anaromanature.com\/index.php\/wp-json\/wp\/v2\/product_cat?post=1549"},{"taxonomy":"product_tag","embeddable":true,"href":"https:\/\/www.anaromanature.com\/index.php\/wp-json\/wp\/v2\/product_tag?post=1549"}],"curies":[{"name":"wp","href":"https:\/\/api.w.org\/{rel}","templated":true}]}}