{"id":1723,"date":"2021-02-27T19:55:07","date_gmt":"2021-02-27T18:55:07","guid":{"rendered":"https:\/\/www.anaromanature.com\/index.php\/producto\/ziaja-balsamo-ducha-para-rostro-cuerpo-y-cabello-cupuazu\/"},"modified":"2021-02-27T20:29:16","modified_gmt":"2021-02-27T19:29:16","slug":"ziaja-balsamo-ducha-para-rostro-cuerpo-y-cabello-cupuazu","status":"publish","type":"product","link":"https:\/\/www.anaromanature.com\/index.php\/producto\/ziaja-balsamo-ducha-para-rostro-cuerpo-y-cabello-cupuazu\/","title":{"rendered":"ZIAJA B\u00e1lsamo Ducha para Rostro, Cuerpo y Cabello CUPUAZ\u00da"},"content":{"rendered":"<p>ZIAJA B\u00e1lsamo Ducha para Rostro, Cuerpo y Cabello CUPUAZ\u00da<\/p>\n<p>El Cupuaz\u00fa tiene propiedades de antioxidantes, fibra, hierro, f\u00f3sforo y prote\u00ednas, y es rico en varias vitaminas del complejo B y vitamina C.<\/p>\n<p>Una loci\u00f3n multifuncional con alto nivel emoliente.<\/p>\n<p>Funci\u00f3n hidratante: hidrata y nutre la piel en la ducha, reduce la piel \u00e1spera.<\/p>\n<p>Funci\u00f3n de mascarilla capilar: se puede utilizar como mascarilla nutritiva; \u00fasala sobre el cabello seco y l\u00e1vala con champ\u00fa.<\/p>\n<p>Capacidad: 300 ml.<\/p>\n<p>ZIAJA B\u00e1lsamo Ducha para Rostro, Cuerpo y Cabello CUPUAZ\u00da<\/p>\n<p><strong>SOBRE EL CUPUAZ\u00da<\/strong><\/p>\n<p>El mayor valor de esta planta lo constituyen sus frutos que son carnosos y de sabor agridulce agradable. Con la pulpa se elaboran bebidas, licores, compotas, dulces, gelatinas y otras golosinas.<\/p>\n<p>Adem\u00e1s de cafe\u00edna, los frutos contienen teobromina, que es un alcaloide muy conocido por sus propiedades estimulantes. Las semillas constituyen, en la regi\u00f3n del Amazonas, el cacao verdadero, y de ellas se obtiene el 45% de grasa blanca y arom\u00e1tica, que es digestiva para la especie humana.<\/p>\n<p>Del fruto tambi\u00e9n se aprovecha su semilla, que contiene porcentajes altos de prote\u00edna y grasa, para la preparaci\u00f3n de cupulate, un producto con caracter\u00edsticas similares al chocolate. La manteca de\u00a0<strong>Cupuaz\u00fa<\/strong>\u00a0posee propiedades emolientes y lubricantes de la piel, dejando un delicioso aroma.<\/p>\n<p><strong>SOBRE ZIAJA<\/strong><\/p>\n<p>Ziaja es un fabricante polaco de productos farmac\u00e9uticos y cosm\u00e9ticos de alta calidad basados en ingredientes naturales para el cuidado de rostro, cuerpo y cabello.<\/p>\n<p>Se origin\u00f3 a partir de la pasi\u00f3n y el deseo de hacer reparaciones terap\u00e9uticas y cosm\u00e9ticos para el cuidado de la piel con las formulas m\u00e1s sencillas.<\/p>\n<p>Su punto de mira es la mejora y desarrollo continuo y eso convierte a Ziaja en una empresa innovadora y orientada al futuro.<\/p>\n<p>Cuida tu piel con\u00a0<a href=\"https:\/\/www.anaromanature.com\/\">Anaroma Nature<\/a><\/p>\n<p><a href=\"mailto:%20info@anaromanature.com\">Cons\u00faltanos\u00a0<\/a>lo que necesites saber o aclarar.<\/p>\n<p>Visita nuestro\u00a0<a href=\"https:\/\/www.instagram.com\/anaromanature\/\">Instagram<\/a>.<\/p>\n","protected":false},"excerpt":{"rendered":"<p>&nbsp;<\/p>\n<p><a href=\"https:\/\/www.anaromanature.com\/wp-content\/uploads\/2021\/02\/Logo-Ziaja.jpg\"><img decoding=\"async\" class=\" wp-image-1459\" title=\"Logo Ziaja\" src=\"https:\/\/www.anaromanature.com\/wp-content\/uploads\/2021\/02\/Logo-Ziaja.jpg\" alt=\"Logo Ziaja\" width=\"130\" height=\"80\" \/><\/a><\/p>\n<hr \/>\n<p>El Cupuaz\u00fa tiene propiedades de antioxidantes, fibra, hierro, f\u00f3sforo y prote\u00ednas, y es rico en varias vitaminas del complejo B y vitamina C.<\/p>\n<p>Una loci\u00f3n multifuncional con alto nivel emoliente.<\/p>\n<p>Capacidad: 300 ml.<\/p>\n","protected":false},"featured_media":1730,"comment_status":"open","ping_status":"closed","template":"","meta":{"_joinchat":[]},"product_brand":[],"product_cat":[302,340],"product_tag":[333,336,335,330,334],"class_list":{"0":"post-1723","1":"product","2":"type-product","3":"status-publish","4":"has-post-thumbnail","6":"product_cat-cosmetica-ziaja","7":"product_cat-cupuazu-piel-bronceada","8":"product_tag-balsamo-ducha","9":"product_tag-cabello","10":"product_tag-cuerpo","11":"product_tag-cupuazu","12":"product_tag-rostro","13":"latest_post","15":"first","16":"instock","17":"taxable","18":"shipping-taxable","19":"purchasable","20":"product-type-simple"},"yoast_head":"<!-- This site is optimized with the Yoast SEO plugin v27.4 - https:\/\/yoast.com\/product\/yoast-seo-wordpress\/ -->\n<title>ZIAJA B\u00e1lsamo Ducha para Rostro, Cuerpo y Cabello CUPUAZ\u00da - Anaroma Nature<\/title>\n<meta name=\"description\" content=\"ZIAJA B\u00e1lsamo Ducha para Rostro, Cuerpo y Cabello CUPUAZ\u00da. El Cupuaz\u00fa tiene propiedades de antioxidantes, fibra, hierro, f\u00f3sforo y prote\u00ednas,\" \/>\n<meta name=\"robots\" content=\"index, follow, max-snippet:-1, max-image-preview:large, max-video-preview:-1\" \/>\n<link rel=\"canonical\" href=\"https:\/\/www.anaromanature.com\/index.php\/producto\/ziaja-balsamo-ducha-para-rostro-cuerpo-y-cabello-cupuazu\/\" \/>\n<meta property=\"og:locale\" content=\"es_ES\" \/>\n<meta property=\"og:type\" content=\"article\" \/>\n<meta property=\"og:title\" content=\"ZIAJA B\u00e1lsamo Ducha para Rostro, Cuerpo y Cabello CUPUAZ\u00da - Anaroma Nature\" \/>\n<meta property=\"og:description\" content=\"ZIAJA B\u00e1lsamo Ducha para Rostro, Cuerpo y Cabello CUPUAZ\u00da. El Cupuaz\u00fa tiene propiedades de antioxidantes, fibra, hierro, f\u00f3sforo y prote\u00ednas,\" \/>\n<meta property=\"og:url\" content=\"https:\/\/www.anaromanature.com\/index.php\/producto\/ziaja-balsamo-ducha-para-rostro-cuerpo-y-cabello-cupuazu\/\" \/>\n<meta property=\"og:site_name\" content=\"Anaroma Nature\" \/>\n<meta property=\"article:publisher\" content=\"http:\/\/facebook.com\/Anaroma-326324794814915\" \/>\n<meta property=\"article:modified_time\" content=\"2021-02-27T19:29:16+00:00\" \/>\n<meta property=\"og:image\" content=\"https:\/\/i2.wp.com\/www.anaromanature.com\/wp-content\/uploads\/2021\/02\/ZIAJA-Balsamo-Ducha-para-Rostro-Cuerpo-y-Cabello-CUPUAZU.jpg?fit=600%2C600&ssl=1\" \/>\n\t<meta property=\"og:image:width\" content=\"600\" \/>\n\t<meta property=\"og:image:height\" content=\"600\" \/>\n\t<meta property=\"og:image:type\" content=\"image\/jpeg\" \/>\n<meta name=\"twitter:card\" content=\"summary_large_image\" \/>\n<meta name=\"twitter:label1\" content=\"Tiempo de lectura\" \/>\n\t<meta name=\"twitter:data1\" content=\"2 minutos\" \/>\n<script type=\"application\/ld+json\" class=\"yoast-schema-graph\">{\"@context\":\"https:\\\/\\\/schema.org\",\"@graph\":[{\"@type\":\"WebPage\",\"@id\":\"https:\\\/\\\/www.anaromanature.com\\\/index.php\\\/producto\\\/ziaja-balsamo-ducha-para-rostro-cuerpo-y-cabello-cupuazu\\\/\",\"url\":\"https:\\\/\\\/www.anaromanature.com\\\/index.php\\\/producto\\\/ziaja-balsamo-ducha-para-rostro-cuerpo-y-cabello-cupuazu\\\/\",\"name\":\"ZIAJA B\u00e1lsamo Ducha para Rostro, Cuerpo y Cabello CUPUAZ\u00da - Anaroma Nature\",\"isPartOf\":{\"@id\":\"https:\\\/\\\/www.anaromanature.com\\\/#website\"},\"primaryImageOfPage\":{\"@id\":\"https:\\\/\\\/www.anaromanature.com\\\/index.php\\\/producto\\\/ziaja-balsamo-ducha-para-rostro-cuerpo-y-cabello-cupuazu\\\/#primaryimage\"},\"image\":{\"@id\":\"https:\\\/\\\/www.anaromanature.com\\\/index.php\\\/producto\\\/ziaja-balsamo-ducha-para-rostro-cuerpo-y-cabello-cupuazu\\\/#primaryimage\"},\"thumbnailUrl\":\"https:\\\/\\\/www.anaromanature.com\\\/wp-content\\\/uploads\\\/2021\\\/02\\\/ZIAJA-Balsamo-Ducha-para-Rostro-Cuerpo-y-Cabello-CUPUAZU.jpg\",\"datePublished\":\"2021-02-27T18:55:07+00:00\",\"dateModified\":\"2021-02-27T19:29:16+00:00\",\"description\":\"ZIAJA B\u00e1lsamo Ducha para Rostro, Cuerpo y Cabello CUPUAZ\u00da. El Cupuaz\u00fa tiene propiedades de antioxidantes, fibra, hierro, f\u00f3sforo y prote\u00ednas,\",\"breadcrumb\":{\"@id\":\"https:\\\/\\\/www.anaromanature.com\\\/index.php\\\/producto\\\/ziaja-balsamo-ducha-para-rostro-cuerpo-y-cabello-cupuazu\\\/#breadcrumb\"},\"inLanguage\":\"es\",\"potentialAction\":[{\"@type\":\"ReadAction\",\"target\":[\"https:\\\/\\\/www.anaromanature.com\\\/index.php\\\/producto\\\/ziaja-balsamo-ducha-para-rostro-cuerpo-y-cabello-cupuazu\\\/\"]}]},{\"@type\":\"ImageObject\",\"inLanguage\":\"es\",\"@id\":\"https:\\\/\\\/www.anaromanature.com\\\/index.php\\\/producto\\\/ziaja-balsamo-ducha-para-rostro-cuerpo-y-cabello-cupuazu\\\/#primaryimage\",\"url\":\"https:\\\/\\\/www.anaromanature.com\\\/wp-content\\\/uploads\\\/2021\\\/02\\\/ZIAJA-Balsamo-Ducha-para-Rostro-Cuerpo-y-Cabello-CUPUAZU.jpg\",\"contentUrl\":\"https:\\\/\\\/www.anaromanature.com\\\/wp-content\\\/uploads\\\/2021\\\/02\\\/ZIAJA-Balsamo-Ducha-para-Rostro-Cuerpo-y-Cabello-CUPUAZU.jpg\",\"width\":600,\"height\":600,\"caption\":\"ZIAJA Balsamo Ducha para Rostro Cuerpo y Cabello CUPUAZU\"},{\"@type\":\"BreadcrumbList\",\"@id\":\"https:\\\/\\\/www.anaromanature.com\\\/index.php\\\/producto\\\/ziaja-balsamo-ducha-para-rostro-cuerpo-y-cabello-cupuazu\\\/#breadcrumb\",\"itemListElement\":[{\"@type\":\"ListItem\",\"position\":1,\"name\":\"Portada\",\"item\":\"https:\\\/\\\/www.anaromanature.com\\\/\"},{\"@type\":\"ListItem\",\"position\":2,\"name\":\"Tienda\",\"item\":\"https:\\\/\\\/www.anaromanature.com\\\/index.php\\\/tienda-premium-online-anarome-nature\\\/\"},{\"@type\":\"ListItem\",\"position\":3,\"name\":\"ZIAJA B\u00e1lsamo Ducha para Rostro, Cuerpo y Cabello CUPUAZ\u00da\"}]},{\"@type\":\"WebSite\",\"@id\":\"https:\\\/\\\/www.anaromanature.com\\\/#website\",\"url\":\"https:\\\/\\\/www.anaromanature.com\\\/\",\"name\":\"Anaroma Nature\",\"description\":\"Aromas y color\",\"publisher\":{\"@id\":\"https:\\\/\\\/www.anaromanature.com\\\/#organization\"},\"potentialAction\":[{\"@type\":\"SearchAction\",\"target\":{\"@type\":\"EntryPoint\",\"urlTemplate\":\"https:\\\/\\\/www.anaromanature.com\\\/?s={search_term_string}\"},\"query-input\":{\"@type\":\"PropertyValueSpecification\",\"valueRequired\":true,\"valueName\":\"search_term_string\"}}],\"inLanguage\":\"es\"},{\"@type\":\"Organization\",\"@id\":\"https:\\\/\\\/www.anaromanature.com\\\/#organization\",\"name\":\"Anaroma Nature\",\"url\":\"https:\\\/\\\/www.anaromanature.com\\\/\",\"logo\":{\"@type\":\"ImageObject\",\"inLanguage\":\"es\",\"@id\":\"https:\\\/\\\/www.anaromanature.com\\\/#\\\/schema\\\/logo\\\/image\\\/\",\"url\":\"https:\\\/\\\/i2.wp.com\\\/www.anaromanature.com\\\/wp-content\\\/uploads\\\/2021\\\/02\\\/cropped-Logotipo-Anaroma-2.png?fit=290%2C288&ssl=1\",\"contentUrl\":\"https:\\\/\\\/i2.wp.com\\\/www.anaromanature.com\\\/wp-content\\\/uploads\\\/2021\\\/02\\\/cropped-Logotipo-Anaroma-2.png?fit=290%2C288&ssl=1\",\"width\":290,\"height\":288,\"caption\":\"Anaroma Nature\"},\"image\":{\"@id\":\"https:\\\/\\\/www.anaromanature.com\\\/#\\\/schema\\\/logo\\\/image\\\/\"},\"sameAs\":[\"http:\\\/\\\/facebook.com\\\/Anaroma-326324794814915\",\"http:\\\/\\\/instagram.com\\\/anaromanature\"]}]}<\/script>\n<!-- \/ Yoast SEO plugin. -->","yoast_head_json":{"title":"ZIAJA B\u00e1lsamo Ducha para Rostro, Cuerpo y Cabello CUPUAZ\u00da - Anaroma Nature","description":"ZIAJA B\u00e1lsamo Ducha para Rostro, Cuerpo y Cabello CUPUAZ\u00da. El Cupuaz\u00fa tiene propiedades de antioxidantes, fibra, hierro, f\u00f3sforo y prote\u00ednas,","robots":{"index":"index","follow":"follow","max-snippet":"max-snippet:-1","max-image-preview":"max-image-preview:large","max-video-preview":"max-video-preview:-1"},"canonical":"https:\/\/www.anaromanature.com\/index.php\/producto\/ziaja-balsamo-ducha-para-rostro-cuerpo-y-cabello-cupuazu\/","og_locale":"es_ES","og_type":"article","og_title":"ZIAJA B\u00e1lsamo Ducha para Rostro, Cuerpo y Cabello CUPUAZ\u00da - Anaroma Nature","og_description":"ZIAJA B\u00e1lsamo Ducha para Rostro, Cuerpo y Cabello CUPUAZ\u00da. El Cupuaz\u00fa tiene propiedades de antioxidantes, fibra, hierro, f\u00f3sforo y prote\u00ednas,","og_url":"https:\/\/www.anaromanature.com\/index.php\/producto\/ziaja-balsamo-ducha-para-rostro-cuerpo-y-cabello-cupuazu\/","og_site_name":"Anaroma Nature","article_publisher":"http:\/\/facebook.com\/Anaroma-326324794814915","article_modified_time":"2021-02-27T19:29:16+00:00","og_image":[{"width":600,"height":600,"url":"https:\/\/i2.wp.com\/www.anaromanature.com\/wp-content\/uploads\/2021\/02\/ZIAJA-Balsamo-Ducha-para-Rostro-Cuerpo-y-Cabello-CUPUAZU.jpg?fit=600%2C600&ssl=1","type":"image\/jpeg"}],"twitter_card":"summary_large_image","twitter_misc":{"Tiempo de lectura":"2 minutos"},"schema":{"@context":"https:\/\/schema.org","@graph":[{"@type":"WebPage","@id":"https:\/\/www.anaromanature.com\/index.php\/producto\/ziaja-balsamo-ducha-para-rostro-cuerpo-y-cabello-cupuazu\/","url":"https:\/\/www.anaromanature.com\/index.php\/producto\/ziaja-balsamo-ducha-para-rostro-cuerpo-y-cabello-cupuazu\/","name":"ZIAJA B\u00e1lsamo Ducha para Rostro, Cuerpo y Cabello CUPUAZ\u00da - Anaroma Nature","isPartOf":{"@id":"https:\/\/www.anaromanature.com\/#website"},"primaryImageOfPage":{"@id":"https:\/\/www.anaromanature.com\/index.php\/producto\/ziaja-balsamo-ducha-para-rostro-cuerpo-y-cabello-cupuazu\/#primaryimage"},"image":{"@id":"https:\/\/www.anaromanature.com\/index.php\/producto\/ziaja-balsamo-ducha-para-rostro-cuerpo-y-cabello-cupuazu\/#primaryimage"},"thumbnailUrl":"https:\/\/www.anaromanature.com\/wp-content\/uploads\/2021\/02\/ZIAJA-Balsamo-Ducha-para-Rostro-Cuerpo-y-Cabello-CUPUAZU.jpg","datePublished":"2021-02-27T18:55:07+00:00","dateModified":"2021-02-27T19:29:16+00:00","description":"ZIAJA B\u00e1lsamo Ducha para Rostro, Cuerpo y Cabello CUPUAZ\u00da. El Cupuaz\u00fa tiene propiedades de antioxidantes, fibra, hierro, f\u00f3sforo y prote\u00ednas,","breadcrumb":{"@id":"https:\/\/www.anaromanature.com\/index.php\/producto\/ziaja-balsamo-ducha-para-rostro-cuerpo-y-cabello-cupuazu\/#breadcrumb"},"inLanguage":"es","potentialAction":[{"@type":"ReadAction","target":["https:\/\/www.anaromanature.com\/index.php\/producto\/ziaja-balsamo-ducha-para-rostro-cuerpo-y-cabello-cupuazu\/"]}]},{"@type":"ImageObject","inLanguage":"es","@id":"https:\/\/www.anaromanature.com\/index.php\/producto\/ziaja-balsamo-ducha-para-rostro-cuerpo-y-cabello-cupuazu\/#primaryimage","url":"https:\/\/www.anaromanature.com\/wp-content\/uploads\/2021\/02\/ZIAJA-Balsamo-Ducha-para-Rostro-Cuerpo-y-Cabello-CUPUAZU.jpg","contentUrl":"https:\/\/www.anaromanature.com\/wp-content\/uploads\/2021\/02\/ZIAJA-Balsamo-Ducha-para-Rostro-Cuerpo-y-Cabello-CUPUAZU.jpg","width":600,"height":600,"caption":"ZIAJA Balsamo Ducha para Rostro Cuerpo y Cabello CUPUAZU"},{"@type":"BreadcrumbList","@id":"https:\/\/www.anaromanature.com\/index.php\/producto\/ziaja-balsamo-ducha-para-rostro-cuerpo-y-cabello-cupuazu\/#breadcrumb","itemListElement":[{"@type":"ListItem","position":1,"name":"Portada","item":"https:\/\/www.anaromanature.com\/"},{"@type":"ListItem","position":2,"name":"Tienda","item":"https:\/\/www.anaromanature.com\/index.php\/tienda-premium-online-anarome-nature\/"},{"@type":"ListItem","position":3,"name":"ZIAJA B\u00e1lsamo Ducha para Rostro, Cuerpo y Cabello CUPUAZ\u00da"}]},{"@type":"WebSite","@id":"https:\/\/www.anaromanature.com\/#website","url":"https:\/\/www.anaromanature.com\/","name":"Anaroma Nature","description":"Aromas y color","publisher":{"@id":"https:\/\/www.anaromanature.com\/#organization"},"potentialAction":[{"@type":"SearchAction","target":{"@type":"EntryPoint","urlTemplate":"https:\/\/www.anaromanature.com\/?s={search_term_string}"},"query-input":{"@type":"PropertyValueSpecification","valueRequired":true,"valueName":"search_term_string"}}],"inLanguage":"es"},{"@type":"Organization","@id":"https:\/\/www.anaromanature.com\/#organization","name":"Anaroma Nature","url":"https:\/\/www.anaromanature.com\/","logo":{"@type":"ImageObject","inLanguage":"es","@id":"https:\/\/www.anaromanature.com\/#\/schema\/logo\/image\/","url":"https:\/\/i2.wp.com\/www.anaromanature.com\/wp-content\/uploads\/2021\/02\/cropped-Logotipo-Anaroma-2.png?fit=290%2C288&ssl=1","contentUrl":"https:\/\/i2.wp.com\/www.anaromanature.com\/wp-content\/uploads\/2021\/02\/cropped-Logotipo-Anaroma-2.png?fit=290%2C288&ssl=1","width":290,"height":288,"caption":"Anaroma Nature"},"image":{"@id":"https:\/\/www.anaromanature.com\/#\/schema\/logo\/image\/"},"sameAs":["http:\/\/facebook.com\/Anaroma-326324794814915","http:\/\/instagram.com\/anaromanature"]}]}},"_links":{"self":[{"href":"https:\/\/www.anaromanature.com\/index.php\/wp-json\/wp\/v2\/product\/1723","targetHints":{"allow":["GET"]}}],"collection":[{"href":"https:\/\/www.anaromanature.com\/index.php\/wp-json\/wp\/v2\/product"}],"about":[{"href":"https:\/\/www.anaromanature.com\/index.php\/wp-json\/wp\/v2\/types\/product"}],"replies":[{"embeddable":true,"href":"https:\/\/www.anaromanature.com\/index.php\/wp-json\/wp\/v2\/comments?post=1723"}],"wp:featuredmedia":[{"embeddable":true,"href":"https:\/\/www.anaromanature.com\/index.php\/wp-json\/wp\/v2\/media\/1730"}],"wp:attachment":[{"href":"https:\/\/www.anaromanature.com\/index.php\/wp-json\/wp\/v2\/media?parent=1723"}],"wp:term":[{"taxonomy":"product_brand","embeddable":true,"href":"https:\/\/www.anaromanature.com\/index.php\/wp-json\/wp\/v2\/product_brand?post=1723"},{"taxonomy":"product_cat","embeddable":true,"href":"https:\/\/www.anaromanature.com\/index.php\/wp-json\/wp\/v2\/product_cat?post=1723"},{"taxonomy":"product_tag","embeddable":true,"href":"https:\/\/www.anaromanature.com\/index.php\/wp-json\/wp\/v2\/product_tag?post=1723"}],"curies":[{"name":"wp","href":"https:\/\/api.w.org\/{rel}","templated":true}]}}