{"id":1741,"date":"2021-02-27T20:43:26","date_gmt":"2021-02-27T19:43:26","guid":{"rendered":"https:\/\/www.anaromanature.com\/index.php\/producto\/ziaja-higiene-intima-diaria-espuma-flor-de-loto\/"},"modified":"2021-02-27T21:10:18","modified_gmt":"2021-02-27T20:10:18","slug":"ziaja-higiene-intima-diaria-espuma-flor-de-loto","status":"publish","type":"product","link":"https:\/\/www.anaromanature.com\/index.php\/producto\/ziaja-higiene-intima-diaria-espuma-flor-de-loto\/","title":{"rendered":"ZIAJA Higiene \u00cdntima Diaria Espuma Flor de Loto"},"content":{"rendered":"<p>ZIAJA Higiene \u00cdntima Diaria Espuma Flor de Loto<\/p>\n<p>La espuma suave se utiliza para la higiene \u00edntima diaria de la flor de loto y tiene propiedades antibacterianas y antif\u00fangicas.<\/p>\n<p>La espuma suave hidratante puede limpiar las partes \u00edntimas todos los d\u00edas.<\/p>\n<p>Contiene extracto de loto hidratante, \u00e1cido l\u00e1ctico de ajuste de pH y novedad en higiene \u00edntima: \u00e1cido \u00fasnico antibacteriano.<\/p>\n<p>Hidrata la zona mucosa y protege la piel de la irritaci\u00f3n.<\/p>\n<p>Tiene componentes arom\u00e1ticos no alerg\u00e9nicos.<\/p>\n<p>Contiene sustancias f\u00e1ciles de limpiar.<\/p>\n<p>Sin SLES, apto para vegetarianos.<\/p>\n<p><b>MODO DE EMPLEO: <\/b>Tomar una peque\u00f1a cantidad y aclarar con abundante agua.<\/p>\n<p>Capacidad: 250 ml.<\/p>\n<p>ZIAJA Higiene \u00cdntima Diaria Espuma Flor de Loto<\/p>\n<p><strong>SOBRE LA FLOR DE LOTO<\/strong><\/p>\n<p>Del mismo modo, cuando se usa en la piel, ayuda a la hidrataci\u00f3n, la circulaci\u00f3n y la luminosidad de la piel, y en general puede mejorar la textura y el estado de la piel del rostro.<\/p>\n<p>Lotus contiene \u00e1cido linoleico (esencial para el cuerpo humano), vitaminas B y C, hierro y otros minerales y nutrientes.<\/p>\n<p><strong>SOBRE ZIAJA<\/strong><\/p>\n<p>Ziaja es un fabricante polaco de productos farmac\u00e9uticos y cosm\u00e9ticos de alta calidad basados en ingredientes naturales para el cuidado de rostro, cuerpo y cabello.<\/p>\n<p>Se origin\u00f3 a partir de la pasi\u00f3n y el deseo de hacer reparaciones terap\u00e9uticas y cosm\u00e9ticos para el cuidado de la piel con las formulas m\u00e1s sencillas.<\/p>\n<p>Su punto de mira es la mejora y desarrollo continuo y eso convierte a Ziaja en una empresa innovadora y orientada al futuro.<\/p>\n<p>Cuida tu piel con\u00a0<a href=\"https:\/\/www.anaromanature.com\/\">Anaroma Nature<\/a><\/p>\n<p><a href=\"mailto:%20info@anaromanature.com\">Cons\u00faltanos\u00a0<\/a>lo que necesites saber o aclarar.<\/p>\n<p>Visita nuestro\u00a0<a href=\"https:\/\/www.instagram.com\/anaromanature\/\">Instagram<\/a>.<\/p>\n","protected":false},"excerpt":{"rendered":"<p>&nbsp;<\/p>\n<p><a href=\"https:\/\/www.anaromanature.com\/wp-content\/uploads\/2021\/02\/Logo-Ziaja.jpg\"><img decoding=\"async\" class=\" wp-image-1459\" title=\"Logo Ziaja\" src=\"https:\/\/www.anaromanature.com\/wp-content\/uploads\/2021\/02\/Logo-Ziaja.jpg\" alt=\"Logo Ziaja\" width=\"130\" height=\"80\" \/><\/a><\/p>\n<hr \/>\n<p>La espuma suave se utiliza para la higiene \u00edntima diaria de la flor de loto y tiene propiedades antibacterianas y antif\u00fangicas.<\/p>\n<p>La espuma suave hidratante puede limpiar las partes \u00edntimas todos los d\u00edas.<\/p>\n<p>Capacidad: 250 ml.<\/p>\n","protected":false},"featured_media":1746,"comment_status":"open","ping_status":"closed","template":"","meta":{"_joinchat":[]},"product_brand":[],"product_cat":[341,303],"product_tag":[343,147,342],"class_list":{"0":"post-1741","1":"product","2":"type-product","3":"status-publish","4":"has-post-thumbnail","6":"product_cat-higiene-intima-espuma","7":"product_cat-higiene-ziaja","8":"product_tag-espuma","9":"product_tag-flor-de-loto","10":"product_tag-higiene-intima","11":"latest_post","13":"first","14":"instock","15":"taxable","16":"shipping-taxable","17":"purchasable","18":"product-type-simple"},"yoast_head":"<!-- This site is optimized with the Yoast SEO plugin v27.4 - https:\/\/yoast.com\/product\/yoast-seo-wordpress\/ -->\n<title>ZIAJA Higiene \u00cdntima Diaria Espuma Flor de Loto - Anaroma Nature<\/title>\n<meta name=\"description\" content=\"ZIAJA Higiene \u00cdntima Diaria Espuma Flor de Loto. La espuma suave se utiliza para la higiene \u00edntima diaria de la flor de loto y tiene\" \/>\n<meta name=\"robots\" content=\"index, follow, max-snippet:-1, max-image-preview:large, max-video-preview:-1\" \/>\n<link rel=\"canonical\" href=\"https:\/\/www.anaromanature.com\/index.php\/producto\/ziaja-higiene-intima-diaria-espuma-flor-de-loto\/\" \/>\n<meta property=\"og:locale\" content=\"es_ES\" \/>\n<meta property=\"og:type\" content=\"article\" \/>\n<meta property=\"og:title\" content=\"ZIAJA Higiene \u00cdntima Diaria Espuma Flor de Loto - Anaroma Nature\" \/>\n<meta property=\"og:description\" content=\"ZIAJA Higiene \u00cdntima Diaria Espuma Flor de Loto. La espuma suave se utiliza para la higiene \u00edntima diaria de la flor de loto y tiene\" \/>\n<meta property=\"og:url\" content=\"https:\/\/www.anaromanature.com\/index.php\/producto\/ziaja-higiene-intima-diaria-espuma-flor-de-loto\/\" \/>\n<meta property=\"og:site_name\" content=\"Anaroma Nature\" \/>\n<meta property=\"article:publisher\" content=\"http:\/\/facebook.com\/Anaroma-326324794814915\" \/>\n<meta property=\"article:modified_time\" content=\"2021-02-27T20:10:18+00:00\" \/>\n<meta property=\"og:image\" content=\"https:\/\/i2.wp.com\/www.anaromanature.com\/wp-content\/uploads\/2021\/02\/ZIAJA-Higiene-Intima-Diaria-Espuma-Flor-de-Loto.jpg?fit=600%2C600&ssl=1\" \/>\n\t<meta property=\"og:image:width\" content=\"600\" \/>\n\t<meta property=\"og:image:height\" content=\"600\" \/>\n\t<meta property=\"og:image:type\" content=\"image\/jpeg\" \/>\n<meta name=\"twitter:card\" content=\"summary_large_image\" \/>\n<meta name=\"twitter:label1\" content=\"Tiempo de lectura\" \/>\n\t<meta name=\"twitter:data1\" content=\"2 minutos\" \/>\n<script type=\"application\/ld+json\" class=\"yoast-schema-graph\">{\"@context\":\"https:\\\/\\\/schema.org\",\"@graph\":[{\"@type\":\"WebPage\",\"@id\":\"https:\\\/\\\/www.anaromanature.com\\\/index.php\\\/producto\\\/ziaja-higiene-intima-diaria-espuma-flor-de-loto\\\/\",\"url\":\"https:\\\/\\\/www.anaromanature.com\\\/index.php\\\/producto\\\/ziaja-higiene-intima-diaria-espuma-flor-de-loto\\\/\",\"name\":\"ZIAJA Higiene \u00cdntima Diaria Espuma Flor de Loto - Anaroma Nature\",\"isPartOf\":{\"@id\":\"https:\\\/\\\/www.anaromanature.com\\\/#website\"},\"primaryImageOfPage\":{\"@id\":\"https:\\\/\\\/www.anaromanature.com\\\/index.php\\\/producto\\\/ziaja-higiene-intima-diaria-espuma-flor-de-loto\\\/#primaryimage\"},\"image\":{\"@id\":\"https:\\\/\\\/www.anaromanature.com\\\/index.php\\\/producto\\\/ziaja-higiene-intima-diaria-espuma-flor-de-loto\\\/#primaryimage\"},\"thumbnailUrl\":\"https:\\\/\\\/www.anaromanature.com\\\/wp-content\\\/uploads\\\/2021\\\/02\\\/ZIAJA-Higiene-Intima-Diaria-Espuma-Flor-de-Loto.jpg\",\"datePublished\":\"2021-02-27T19:43:26+00:00\",\"dateModified\":\"2021-02-27T20:10:18+00:00\",\"description\":\"ZIAJA Higiene \u00cdntima Diaria Espuma Flor de Loto. La espuma suave se utiliza para la higiene \u00edntima diaria de la flor de loto y tiene\",\"breadcrumb\":{\"@id\":\"https:\\\/\\\/www.anaromanature.com\\\/index.php\\\/producto\\\/ziaja-higiene-intima-diaria-espuma-flor-de-loto\\\/#breadcrumb\"},\"inLanguage\":\"es\",\"potentialAction\":[{\"@type\":\"ReadAction\",\"target\":[\"https:\\\/\\\/www.anaromanature.com\\\/index.php\\\/producto\\\/ziaja-higiene-intima-diaria-espuma-flor-de-loto\\\/\"]}]},{\"@type\":\"ImageObject\",\"inLanguage\":\"es\",\"@id\":\"https:\\\/\\\/www.anaromanature.com\\\/index.php\\\/producto\\\/ziaja-higiene-intima-diaria-espuma-flor-de-loto\\\/#primaryimage\",\"url\":\"https:\\\/\\\/www.anaromanature.com\\\/wp-content\\\/uploads\\\/2021\\\/02\\\/ZIAJA-Higiene-Intima-Diaria-Espuma-Flor-de-Loto.jpg\",\"contentUrl\":\"https:\\\/\\\/www.anaromanature.com\\\/wp-content\\\/uploads\\\/2021\\\/02\\\/ZIAJA-Higiene-Intima-Diaria-Espuma-Flor-de-Loto.jpg\",\"width\":600,\"height\":600,\"caption\":\"ZIAJA Higiene Intima Diaria Espuma Flor de Loto\"},{\"@type\":\"BreadcrumbList\",\"@id\":\"https:\\\/\\\/www.anaromanature.com\\\/index.php\\\/producto\\\/ziaja-higiene-intima-diaria-espuma-flor-de-loto\\\/#breadcrumb\",\"itemListElement\":[{\"@type\":\"ListItem\",\"position\":1,\"name\":\"Portada\",\"item\":\"https:\\\/\\\/www.anaromanature.com\\\/\"},{\"@type\":\"ListItem\",\"position\":2,\"name\":\"Tienda\",\"item\":\"https:\\\/\\\/www.anaromanature.com\\\/index.php\\\/tienda-premium-online-anarome-nature\\\/\"},{\"@type\":\"ListItem\",\"position\":3,\"name\":\"ZIAJA Higiene \u00cdntima Diaria Espuma Flor de Loto\"}]},{\"@type\":\"WebSite\",\"@id\":\"https:\\\/\\\/www.anaromanature.com\\\/#website\",\"url\":\"https:\\\/\\\/www.anaromanature.com\\\/\",\"name\":\"Anaroma Nature\",\"description\":\"Aromas y color\",\"publisher\":{\"@id\":\"https:\\\/\\\/www.anaromanature.com\\\/#organization\"},\"potentialAction\":[{\"@type\":\"SearchAction\",\"target\":{\"@type\":\"EntryPoint\",\"urlTemplate\":\"https:\\\/\\\/www.anaromanature.com\\\/?s={search_term_string}\"},\"query-input\":{\"@type\":\"PropertyValueSpecification\",\"valueRequired\":true,\"valueName\":\"search_term_string\"}}],\"inLanguage\":\"es\"},{\"@type\":\"Organization\",\"@id\":\"https:\\\/\\\/www.anaromanature.com\\\/#organization\",\"name\":\"Anaroma Nature\",\"url\":\"https:\\\/\\\/www.anaromanature.com\\\/\",\"logo\":{\"@type\":\"ImageObject\",\"inLanguage\":\"es\",\"@id\":\"https:\\\/\\\/www.anaromanature.com\\\/#\\\/schema\\\/logo\\\/image\\\/\",\"url\":\"https:\\\/\\\/i2.wp.com\\\/www.anaromanature.com\\\/wp-content\\\/uploads\\\/2021\\\/02\\\/cropped-Logotipo-Anaroma-2.png?fit=290%2C288&ssl=1\",\"contentUrl\":\"https:\\\/\\\/i2.wp.com\\\/www.anaromanature.com\\\/wp-content\\\/uploads\\\/2021\\\/02\\\/cropped-Logotipo-Anaroma-2.png?fit=290%2C288&ssl=1\",\"width\":290,\"height\":288,\"caption\":\"Anaroma Nature\"},\"image\":{\"@id\":\"https:\\\/\\\/www.anaromanature.com\\\/#\\\/schema\\\/logo\\\/image\\\/\"},\"sameAs\":[\"http:\\\/\\\/facebook.com\\\/Anaroma-326324794814915\",\"http:\\\/\\\/instagram.com\\\/anaromanature\"]}]}<\/script>\n<!-- \/ Yoast SEO plugin. -->","yoast_head_json":{"title":"ZIAJA Higiene \u00cdntima Diaria Espuma Flor de Loto - Anaroma Nature","description":"ZIAJA Higiene \u00cdntima Diaria Espuma Flor de Loto. La espuma suave se utiliza para la higiene \u00edntima diaria de la flor de loto y tiene","robots":{"index":"index","follow":"follow","max-snippet":"max-snippet:-1","max-image-preview":"max-image-preview:large","max-video-preview":"max-video-preview:-1"},"canonical":"https:\/\/www.anaromanature.com\/index.php\/producto\/ziaja-higiene-intima-diaria-espuma-flor-de-loto\/","og_locale":"es_ES","og_type":"article","og_title":"ZIAJA Higiene \u00cdntima Diaria Espuma Flor de Loto - Anaroma Nature","og_description":"ZIAJA Higiene \u00cdntima Diaria Espuma Flor de Loto. La espuma suave se utiliza para la higiene \u00edntima diaria de la flor de loto y tiene","og_url":"https:\/\/www.anaromanature.com\/index.php\/producto\/ziaja-higiene-intima-diaria-espuma-flor-de-loto\/","og_site_name":"Anaroma Nature","article_publisher":"http:\/\/facebook.com\/Anaroma-326324794814915","article_modified_time":"2021-02-27T20:10:18+00:00","og_image":[{"width":600,"height":600,"url":"https:\/\/i2.wp.com\/www.anaromanature.com\/wp-content\/uploads\/2021\/02\/ZIAJA-Higiene-Intima-Diaria-Espuma-Flor-de-Loto.jpg?fit=600%2C600&ssl=1","type":"image\/jpeg"}],"twitter_card":"summary_large_image","twitter_misc":{"Tiempo de lectura":"2 minutos"},"schema":{"@context":"https:\/\/schema.org","@graph":[{"@type":"WebPage","@id":"https:\/\/www.anaromanature.com\/index.php\/producto\/ziaja-higiene-intima-diaria-espuma-flor-de-loto\/","url":"https:\/\/www.anaromanature.com\/index.php\/producto\/ziaja-higiene-intima-diaria-espuma-flor-de-loto\/","name":"ZIAJA Higiene \u00cdntima Diaria Espuma Flor de Loto - Anaroma Nature","isPartOf":{"@id":"https:\/\/www.anaromanature.com\/#website"},"primaryImageOfPage":{"@id":"https:\/\/www.anaromanature.com\/index.php\/producto\/ziaja-higiene-intima-diaria-espuma-flor-de-loto\/#primaryimage"},"image":{"@id":"https:\/\/www.anaromanature.com\/index.php\/producto\/ziaja-higiene-intima-diaria-espuma-flor-de-loto\/#primaryimage"},"thumbnailUrl":"https:\/\/www.anaromanature.com\/wp-content\/uploads\/2021\/02\/ZIAJA-Higiene-Intima-Diaria-Espuma-Flor-de-Loto.jpg","datePublished":"2021-02-27T19:43:26+00:00","dateModified":"2021-02-27T20:10:18+00:00","description":"ZIAJA Higiene \u00cdntima Diaria Espuma Flor de Loto. La espuma suave se utiliza para la higiene \u00edntima diaria de la flor de loto y tiene","breadcrumb":{"@id":"https:\/\/www.anaromanature.com\/index.php\/producto\/ziaja-higiene-intima-diaria-espuma-flor-de-loto\/#breadcrumb"},"inLanguage":"es","potentialAction":[{"@type":"ReadAction","target":["https:\/\/www.anaromanature.com\/index.php\/producto\/ziaja-higiene-intima-diaria-espuma-flor-de-loto\/"]}]},{"@type":"ImageObject","inLanguage":"es","@id":"https:\/\/www.anaromanature.com\/index.php\/producto\/ziaja-higiene-intima-diaria-espuma-flor-de-loto\/#primaryimage","url":"https:\/\/www.anaromanature.com\/wp-content\/uploads\/2021\/02\/ZIAJA-Higiene-Intima-Diaria-Espuma-Flor-de-Loto.jpg","contentUrl":"https:\/\/www.anaromanature.com\/wp-content\/uploads\/2021\/02\/ZIAJA-Higiene-Intima-Diaria-Espuma-Flor-de-Loto.jpg","width":600,"height":600,"caption":"ZIAJA Higiene Intima Diaria Espuma Flor de Loto"},{"@type":"BreadcrumbList","@id":"https:\/\/www.anaromanature.com\/index.php\/producto\/ziaja-higiene-intima-diaria-espuma-flor-de-loto\/#breadcrumb","itemListElement":[{"@type":"ListItem","position":1,"name":"Portada","item":"https:\/\/www.anaromanature.com\/"},{"@type":"ListItem","position":2,"name":"Tienda","item":"https:\/\/www.anaromanature.com\/index.php\/tienda-premium-online-anarome-nature\/"},{"@type":"ListItem","position":3,"name":"ZIAJA Higiene \u00cdntima Diaria Espuma Flor de Loto"}]},{"@type":"WebSite","@id":"https:\/\/www.anaromanature.com\/#website","url":"https:\/\/www.anaromanature.com\/","name":"Anaroma Nature","description":"Aromas y color","publisher":{"@id":"https:\/\/www.anaromanature.com\/#organization"},"potentialAction":[{"@type":"SearchAction","target":{"@type":"EntryPoint","urlTemplate":"https:\/\/www.anaromanature.com\/?s={search_term_string}"},"query-input":{"@type":"PropertyValueSpecification","valueRequired":true,"valueName":"search_term_string"}}],"inLanguage":"es"},{"@type":"Organization","@id":"https:\/\/www.anaromanature.com\/#organization","name":"Anaroma Nature","url":"https:\/\/www.anaromanature.com\/","logo":{"@type":"ImageObject","inLanguage":"es","@id":"https:\/\/www.anaromanature.com\/#\/schema\/logo\/image\/","url":"https:\/\/i2.wp.com\/www.anaromanature.com\/wp-content\/uploads\/2021\/02\/cropped-Logotipo-Anaroma-2.png?fit=290%2C288&ssl=1","contentUrl":"https:\/\/i2.wp.com\/www.anaromanature.com\/wp-content\/uploads\/2021\/02\/cropped-Logotipo-Anaroma-2.png?fit=290%2C288&ssl=1","width":290,"height":288,"caption":"Anaroma Nature"},"image":{"@id":"https:\/\/www.anaromanature.com\/#\/schema\/logo\/image\/"},"sameAs":["http:\/\/facebook.com\/Anaroma-326324794814915","http:\/\/instagram.com\/anaromanature"]}]}},"_links":{"self":[{"href":"https:\/\/www.anaromanature.com\/index.php\/wp-json\/wp\/v2\/product\/1741","targetHints":{"allow":["GET"]}}],"collection":[{"href":"https:\/\/www.anaromanature.com\/index.php\/wp-json\/wp\/v2\/product"}],"about":[{"href":"https:\/\/www.anaromanature.com\/index.php\/wp-json\/wp\/v2\/types\/product"}],"replies":[{"embeddable":true,"href":"https:\/\/www.anaromanature.com\/index.php\/wp-json\/wp\/v2\/comments?post=1741"}],"wp:featuredmedia":[{"embeddable":true,"href":"https:\/\/www.anaromanature.com\/index.php\/wp-json\/wp\/v2\/media\/1746"}],"wp:attachment":[{"href":"https:\/\/www.anaromanature.com\/index.php\/wp-json\/wp\/v2\/media?parent=1741"}],"wp:term":[{"taxonomy":"product_brand","embeddable":true,"href":"https:\/\/www.anaromanature.com\/index.php\/wp-json\/wp\/v2\/product_brand?post=1741"},{"taxonomy":"product_cat","embeddable":true,"href":"https:\/\/www.anaromanature.com\/index.php\/wp-json\/wp\/v2\/product_cat?post=1741"},{"taxonomy":"product_tag","embeddable":true,"href":"https:\/\/www.anaromanature.com\/index.php\/wp-json\/wp\/v2\/product_tag?post=1741"}],"curies":[{"name":"wp","href":"https:\/\/api.w.org\/{rel}","templated":true}]}}