{"id":1751,"date":"2021-02-27T21:20:28","date_gmt":"2021-02-27T20:20:28","guid":{"rendered":"https:\/\/www.anaromanature.com\/index.php\/producto\/ziaja-jabon-manos-te-con-canela\/"},"modified":"2021-02-27T21:29:06","modified_gmt":"2021-02-27T20:29:06","slug":"ziaja-jabon-manos-te-con-canela","status":"publish","type":"product","link":"https:\/\/www.anaromanature.com\/index.php\/producto\/ziaja-jabon-manos-te-con-canela\/","title":{"rendered":"ZIAJA Jab\u00f3n Manos T\u00e9 con Canela"},"content":{"rendered":"<p>ZIAJA Jab\u00f3n Manos T\u00e9 con Canela<\/p>\n<p>Limpia e hidrata suavemente la piel de las manos para proporcionar una higiene adecuada.<\/p>\n<p>Elimina f\u00e1cilmente la suciedad y neutraliza los olores desagradables, incluidos los de la cocina.<\/p>\n<p>Aporta a la piel el calor de la canela y el aroma del t\u00e9.<\/p>\n<p>Apto para vegetarianos.<\/p>\n<p>Capacidad: 270 ml.<\/p>\n<p>ZIAJA Jab\u00f3n Manos T\u00e9 con Canela<\/p>\n<p><strong>SOBRE EL T\u00c9<\/strong><\/p>\n<p>El t\u00e9 contiene taninos y catequinas, sustancias que tienen una gran capacidad antioxidante y pueden proteger la piel de factores externos (como la luz solar). De esta forma se retrasa el proceso de envejecimiento, la piel permanece fresca y se reduce cualquier tipo de inflamaci\u00f3n.<\/p>\n<p><strong>SOBRE LA CANELA<\/strong><\/p>\n<p>La canela es la mejor arma contra la piel apagada, pero lo m\u00e1s importante, debido a sus propiedades antibacterianas y antiinflamatorias, puede reducir el acn\u00e9 y las espinillas. Aunque existen muchos remedios, la mejor forma es mezclar una cucharada de miel (que tambi\u00e9n tiene propiedades calmantes y antivirales) con una cucharada de canela.<\/p>\n<p><strong>SOBRE ZIAJA<\/strong><\/p>\n<p>Ziaja es un fabricante polaco de productos farmac\u00e9uticos y cosm\u00e9ticos de alta calidad basados en ingredientes naturales para el cuidado de rostro, cuerpo y cabello.<\/p>\n<p>Se origin\u00f3 a partir de la pasi\u00f3n y el deseo de hacer reparaciones terap\u00e9uticas y cosm\u00e9ticos para el cuidado de la piel con las formulas m\u00e1s sencillas.<\/p>\n<p>Su punto de mira es la mejora y desarrollo continuo y eso convierte a Ziaja en una empresa innovadora y orientada al futuro.<\/p>\n<p>Cuida tu piel con\u00a0<a href=\"https:\/\/www.anaromanature.com\/\">Anaroma Nature<\/a><\/p>\n<p><a href=\"mailto:%20info@anaromanature.com\">Cons\u00faltanos\u00a0<\/a>lo que necesites saber o aclarar.<\/p>\n<p>Visita nuestro\u00a0<a href=\"https:\/\/www.instagram.com\/anaromanature\/\">Instagram<\/a>.<\/p>\n","protected":false},"excerpt":{"rendered":"<p>&nbsp;<\/p>\n<p><a href=\"https:\/\/www.anaromanature.com\/wp-content\/uploads\/2021\/02\/Logo-Ziaja.jpg\"><img decoding=\"async\" class=\" wp-image-1459\" title=\"Logo Ziaja\" src=\"https:\/\/www.anaromanature.com\/wp-content\/uploads\/2021\/02\/Logo-Ziaja.jpg\" alt=\"Logo Ziaja\" width=\"130\" height=\"80\" \/><\/a><\/p>\n<hr \/>\n<p>Limpia e hidrata suavemente la piel de las manos para proporcionar una higiene adecuada.<\/p>\n<p>Elimina f\u00e1cilmente la suciedad y neutraliza los olores desagradables, incluidos los de la cocina.<\/p>\n<p>Capacidad: 270 ml.<\/p>\n","protected":false},"featured_media":1757,"comment_status":"open","ping_status":"closed","template":"","meta":{"_joinchat":[]},"product_brand":[],"product_cat":[303,346],"product_tag":[349,347,348],"class_list":{"0":"post-1751","1":"product","2":"type-product","3":"status-publish","4":"has-post-thumbnail","6":"product_cat-higiene-ziaja","7":"product_cat-jabon-de-manos","8":"product_tag-canela","9":"product_tag-jabon-manos","10":"product_tag-te","11":"latest_post","13":"first","14":"instock","15":"taxable","16":"shipping-taxable","17":"purchasable","18":"product-type-simple"},"yoast_head":"<!-- This site is optimized with the Yoast SEO plugin v27.4 - https:\/\/yoast.com\/product\/yoast-seo-wordpress\/ -->\n<title>ZIAJA Jab\u00f3n Manos T\u00e9 con Canela - Anaroma Nature<\/title>\n<meta name=\"description\" content=\"ZIAJA Jab\u00f3n Manos T\u00e9 con Canela. Limpia e hidrata suavemente la piel de las manos para proporcionar una higiene adecuada. Elimina f\u00e1cilmente\" \/>\n<meta name=\"robots\" content=\"index, follow, max-snippet:-1, max-image-preview:large, max-video-preview:-1\" \/>\n<link rel=\"canonical\" href=\"https:\/\/www.anaromanature.com\/index.php\/producto\/ziaja-jabon-manos-te-con-canela\/\" \/>\n<meta property=\"og:locale\" content=\"es_ES\" \/>\n<meta property=\"og:type\" content=\"article\" \/>\n<meta property=\"og:title\" content=\"ZIAJA Jab\u00f3n Manos T\u00e9 con Canela - Anaroma Nature\" \/>\n<meta property=\"og:description\" content=\"ZIAJA Jab\u00f3n Manos T\u00e9 con Canela. Limpia e hidrata suavemente la piel de las manos para proporcionar una higiene adecuada. Elimina f\u00e1cilmente\" \/>\n<meta property=\"og:url\" content=\"https:\/\/www.anaromanature.com\/index.php\/producto\/ziaja-jabon-manos-te-con-canela\/\" \/>\n<meta property=\"og:site_name\" content=\"Anaroma Nature\" \/>\n<meta property=\"article:publisher\" content=\"http:\/\/facebook.com\/Anaroma-326324794814915\" \/>\n<meta property=\"article:modified_time\" content=\"2021-02-27T20:29:06+00:00\" \/>\n<meta property=\"og:image\" content=\"https:\/\/i1.wp.com\/www.anaromanature.com\/wp-content\/uploads\/2021\/02\/ZIAJA-Jabon-Manos-Te-con-Canela.jpg?fit=600%2C600&ssl=1\" \/>\n\t<meta property=\"og:image:width\" content=\"600\" \/>\n\t<meta property=\"og:image:height\" content=\"600\" \/>\n\t<meta property=\"og:image:type\" content=\"image\/jpeg\" \/>\n<meta name=\"twitter:card\" content=\"summary_large_image\" \/>\n<meta name=\"twitter:label1\" content=\"Tiempo de lectura\" \/>\n\t<meta name=\"twitter:data1\" content=\"2 minutos\" \/>\n<script type=\"application\/ld+json\" class=\"yoast-schema-graph\">{\"@context\":\"https:\\\/\\\/schema.org\",\"@graph\":[{\"@type\":\"WebPage\",\"@id\":\"https:\\\/\\\/www.anaromanature.com\\\/index.php\\\/producto\\\/ziaja-jabon-manos-te-con-canela\\\/\",\"url\":\"https:\\\/\\\/www.anaromanature.com\\\/index.php\\\/producto\\\/ziaja-jabon-manos-te-con-canela\\\/\",\"name\":\"ZIAJA Jab\u00f3n Manos T\u00e9 con Canela - Anaroma Nature\",\"isPartOf\":{\"@id\":\"https:\\\/\\\/www.anaromanature.com\\\/#website\"},\"primaryImageOfPage\":{\"@id\":\"https:\\\/\\\/www.anaromanature.com\\\/index.php\\\/producto\\\/ziaja-jabon-manos-te-con-canela\\\/#primaryimage\"},\"image\":{\"@id\":\"https:\\\/\\\/www.anaromanature.com\\\/index.php\\\/producto\\\/ziaja-jabon-manos-te-con-canela\\\/#primaryimage\"},\"thumbnailUrl\":\"https:\\\/\\\/www.anaromanature.com\\\/wp-content\\\/uploads\\\/2021\\\/02\\\/ZIAJA-Jabon-Manos-Te-con-Canela.jpg\",\"datePublished\":\"2021-02-27T20:20:28+00:00\",\"dateModified\":\"2021-02-27T20:29:06+00:00\",\"description\":\"ZIAJA Jab\u00f3n Manos T\u00e9 con Canela. Limpia e hidrata suavemente la piel de las manos para proporcionar una higiene adecuada. Elimina f\u00e1cilmente\",\"breadcrumb\":{\"@id\":\"https:\\\/\\\/www.anaromanature.com\\\/index.php\\\/producto\\\/ziaja-jabon-manos-te-con-canela\\\/#breadcrumb\"},\"inLanguage\":\"es\",\"potentialAction\":[{\"@type\":\"ReadAction\",\"target\":[\"https:\\\/\\\/www.anaromanature.com\\\/index.php\\\/producto\\\/ziaja-jabon-manos-te-con-canela\\\/\"]}]},{\"@type\":\"ImageObject\",\"inLanguage\":\"es\",\"@id\":\"https:\\\/\\\/www.anaromanature.com\\\/index.php\\\/producto\\\/ziaja-jabon-manos-te-con-canela\\\/#primaryimage\",\"url\":\"https:\\\/\\\/www.anaromanature.com\\\/wp-content\\\/uploads\\\/2021\\\/02\\\/ZIAJA-Jabon-Manos-Te-con-Canela.jpg\",\"contentUrl\":\"https:\\\/\\\/www.anaromanature.com\\\/wp-content\\\/uploads\\\/2021\\\/02\\\/ZIAJA-Jabon-Manos-Te-con-Canela.jpg\",\"width\":600,\"height\":600,\"caption\":\"ZIAJA Jabon Manos Te con Canela\"},{\"@type\":\"BreadcrumbList\",\"@id\":\"https:\\\/\\\/www.anaromanature.com\\\/index.php\\\/producto\\\/ziaja-jabon-manos-te-con-canela\\\/#breadcrumb\",\"itemListElement\":[{\"@type\":\"ListItem\",\"position\":1,\"name\":\"Portada\",\"item\":\"https:\\\/\\\/www.anaromanature.com\\\/\"},{\"@type\":\"ListItem\",\"position\":2,\"name\":\"Tienda\",\"item\":\"https:\\\/\\\/www.anaromanature.com\\\/index.php\\\/tienda-premium-online-anarome-nature\\\/\"},{\"@type\":\"ListItem\",\"position\":3,\"name\":\"ZIAJA Jab\u00f3n Manos T\u00e9 con Canela\"}]},{\"@type\":\"WebSite\",\"@id\":\"https:\\\/\\\/www.anaromanature.com\\\/#website\",\"url\":\"https:\\\/\\\/www.anaromanature.com\\\/\",\"name\":\"Anaroma Nature\",\"description\":\"Aromas y color\",\"publisher\":{\"@id\":\"https:\\\/\\\/www.anaromanature.com\\\/#organization\"},\"potentialAction\":[{\"@type\":\"SearchAction\",\"target\":{\"@type\":\"EntryPoint\",\"urlTemplate\":\"https:\\\/\\\/www.anaromanature.com\\\/?s={search_term_string}\"},\"query-input\":{\"@type\":\"PropertyValueSpecification\",\"valueRequired\":true,\"valueName\":\"search_term_string\"}}],\"inLanguage\":\"es\"},{\"@type\":\"Organization\",\"@id\":\"https:\\\/\\\/www.anaromanature.com\\\/#organization\",\"name\":\"Anaroma Nature\",\"url\":\"https:\\\/\\\/www.anaromanature.com\\\/\",\"logo\":{\"@type\":\"ImageObject\",\"inLanguage\":\"es\",\"@id\":\"https:\\\/\\\/www.anaromanature.com\\\/#\\\/schema\\\/logo\\\/image\\\/\",\"url\":\"https:\\\/\\\/i2.wp.com\\\/www.anaromanature.com\\\/wp-content\\\/uploads\\\/2021\\\/02\\\/cropped-Logotipo-Anaroma-2.png?fit=290%2C288&ssl=1\",\"contentUrl\":\"https:\\\/\\\/i2.wp.com\\\/www.anaromanature.com\\\/wp-content\\\/uploads\\\/2021\\\/02\\\/cropped-Logotipo-Anaroma-2.png?fit=290%2C288&ssl=1\",\"width\":290,\"height\":288,\"caption\":\"Anaroma Nature\"},\"image\":{\"@id\":\"https:\\\/\\\/www.anaromanature.com\\\/#\\\/schema\\\/logo\\\/image\\\/\"},\"sameAs\":[\"http:\\\/\\\/facebook.com\\\/Anaroma-326324794814915\",\"http:\\\/\\\/instagram.com\\\/anaromanature\"]}]}<\/script>\n<!-- \/ Yoast SEO plugin. -->","yoast_head_json":{"title":"ZIAJA Jab\u00f3n Manos T\u00e9 con Canela - Anaroma Nature","description":"ZIAJA Jab\u00f3n Manos T\u00e9 con Canela. Limpia e hidrata suavemente la piel de las manos para proporcionar una higiene adecuada. Elimina f\u00e1cilmente","robots":{"index":"index","follow":"follow","max-snippet":"max-snippet:-1","max-image-preview":"max-image-preview:large","max-video-preview":"max-video-preview:-1"},"canonical":"https:\/\/www.anaromanature.com\/index.php\/producto\/ziaja-jabon-manos-te-con-canela\/","og_locale":"es_ES","og_type":"article","og_title":"ZIAJA Jab\u00f3n Manos T\u00e9 con Canela - Anaroma Nature","og_description":"ZIAJA Jab\u00f3n Manos T\u00e9 con Canela. Limpia e hidrata suavemente la piel de las manos para proporcionar una higiene adecuada. Elimina f\u00e1cilmente","og_url":"https:\/\/www.anaromanature.com\/index.php\/producto\/ziaja-jabon-manos-te-con-canela\/","og_site_name":"Anaroma Nature","article_publisher":"http:\/\/facebook.com\/Anaroma-326324794814915","article_modified_time":"2021-02-27T20:29:06+00:00","og_image":[{"width":600,"height":600,"url":"https:\/\/i1.wp.com\/www.anaromanature.com\/wp-content\/uploads\/2021\/02\/ZIAJA-Jabon-Manos-Te-con-Canela.jpg?fit=600%2C600&ssl=1","type":"image\/jpeg"}],"twitter_card":"summary_large_image","twitter_misc":{"Tiempo de lectura":"2 minutos"},"schema":{"@context":"https:\/\/schema.org","@graph":[{"@type":"WebPage","@id":"https:\/\/www.anaromanature.com\/index.php\/producto\/ziaja-jabon-manos-te-con-canela\/","url":"https:\/\/www.anaromanature.com\/index.php\/producto\/ziaja-jabon-manos-te-con-canela\/","name":"ZIAJA Jab\u00f3n Manos T\u00e9 con Canela - Anaroma Nature","isPartOf":{"@id":"https:\/\/www.anaromanature.com\/#website"},"primaryImageOfPage":{"@id":"https:\/\/www.anaromanature.com\/index.php\/producto\/ziaja-jabon-manos-te-con-canela\/#primaryimage"},"image":{"@id":"https:\/\/www.anaromanature.com\/index.php\/producto\/ziaja-jabon-manos-te-con-canela\/#primaryimage"},"thumbnailUrl":"https:\/\/www.anaromanature.com\/wp-content\/uploads\/2021\/02\/ZIAJA-Jabon-Manos-Te-con-Canela.jpg","datePublished":"2021-02-27T20:20:28+00:00","dateModified":"2021-02-27T20:29:06+00:00","description":"ZIAJA Jab\u00f3n Manos T\u00e9 con Canela. Limpia e hidrata suavemente la piel de las manos para proporcionar una higiene adecuada. Elimina f\u00e1cilmente","breadcrumb":{"@id":"https:\/\/www.anaromanature.com\/index.php\/producto\/ziaja-jabon-manos-te-con-canela\/#breadcrumb"},"inLanguage":"es","potentialAction":[{"@type":"ReadAction","target":["https:\/\/www.anaromanature.com\/index.php\/producto\/ziaja-jabon-manos-te-con-canela\/"]}]},{"@type":"ImageObject","inLanguage":"es","@id":"https:\/\/www.anaromanature.com\/index.php\/producto\/ziaja-jabon-manos-te-con-canela\/#primaryimage","url":"https:\/\/www.anaromanature.com\/wp-content\/uploads\/2021\/02\/ZIAJA-Jabon-Manos-Te-con-Canela.jpg","contentUrl":"https:\/\/www.anaromanature.com\/wp-content\/uploads\/2021\/02\/ZIAJA-Jabon-Manos-Te-con-Canela.jpg","width":600,"height":600,"caption":"ZIAJA Jabon Manos Te con Canela"},{"@type":"BreadcrumbList","@id":"https:\/\/www.anaromanature.com\/index.php\/producto\/ziaja-jabon-manos-te-con-canela\/#breadcrumb","itemListElement":[{"@type":"ListItem","position":1,"name":"Portada","item":"https:\/\/www.anaromanature.com\/"},{"@type":"ListItem","position":2,"name":"Tienda","item":"https:\/\/www.anaromanature.com\/index.php\/tienda-premium-online-anarome-nature\/"},{"@type":"ListItem","position":3,"name":"ZIAJA Jab\u00f3n Manos T\u00e9 con Canela"}]},{"@type":"WebSite","@id":"https:\/\/www.anaromanature.com\/#website","url":"https:\/\/www.anaromanature.com\/","name":"Anaroma Nature","description":"Aromas y color","publisher":{"@id":"https:\/\/www.anaromanature.com\/#organization"},"potentialAction":[{"@type":"SearchAction","target":{"@type":"EntryPoint","urlTemplate":"https:\/\/www.anaromanature.com\/?s={search_term_string}"},"query-input":{"@type":"PropertyValueSpecification","valueRequired":true,"valueName":"search_term_string"}}],"inLanguage":"es"},{"@type":"Organization","@id":"https:\/\/www.anaromanature.com\/#organization","name":"Anaroma Nature","url":"https:\/\/www.anaromanature.com\/","logo":{"@type":"ImageObject","inLanguage":"es","@id":"https:\/\/www.anaromanature.com\/#\/schema\/logo\/image\/","url":"https:\/\/i2.wp.com\/www.anaromanature.com\/wp-content\/uploads\/2021\/02\/cropped-Logotipo-Anaroma-2.png?fit=290%2C288&ssl=1","contentUrl":"https:\/\/i2.wp.com\/www.anaromanature.com\/wp-content\/uploads\/2021\/02\/cropped-Logotipo-Anaroma-2.png?fit=290%2C288&ssl=1","width":290,"height":288,"caption":"Anaroma Nature"},"image":{"@id":"https:\/\/www.anaromanature.com\/#\/schema\/logo\/image\/"},"sameAs":["http:\/\/facebook.com\/Anaroma-326324794814915","http:\/\/instagram.com\/anaromanature"]}]}},"_links":{"self":[{"href":"https:\/\/www.anaromanature.com\/index.php\/wp-json\/wp\/v2\/product\/1751","targetHints":{"allow":["GET"]}}],"collection":[{"href":"https:\/\/www.anaromanature.com\/index.php\/wp-json\/wp\/v2\/product"}],"about":[{"href":"https:\/\/www.anaromanature.com\/index.php\/wp-json\/wp\/v2\/types\/product"}],"replies":[{"embeddable":true,"href":"https:\/\/www.anaromanature.com\/index.php\/wp-json\/wp\/v2\/comments?post=1751"}],"wp:featuredmedia":[{"embeddable":true,"href":"https:\/\/www.anaromanature.com\/index.php\/wp-json\/wp\/v2\/media\/1757"}],"wp:attachment":[{"href":"https:\/\/www.anaromanature.com\/index.php\/wp-json\/wp\/v2\/media?parent=1751"}],"wp:term":[{"taxonomy":"product_brand","embeddable":true,"href":"https:\/\/www.anaromanature.com\/index.php\/wp-json\/wp\/v2\/product_brand?post=1751"},{"taxonomy":"product_cat","embeddable":true,"href":"https:\/\/www.anaromanature.com\/index.php\/wp-json\/wp\/v2\/product_cat?post=1751"},{"taxonomy":"product_tag","embeddable":true,"href":"https:\/\/www.anaromanature.com\/index.php\/wp-json\/wp\/v2\/product_tag?post=1751"}],"curies":[{"name":"wp","href":"https:\/\/api.w.org\/{rel}","templated":true}]}}