{"id":1774,"date":"2021-02-28T18:30:25","date_gmt":"2021-02-28T17:30:25","guid":{"rendered":"https:\/\/www.anaromanature.com\/index.php\/producto\/ziaja-balsamo-corporal-ilumina-e-hidrata-gdanskin\/"},"modified":"2021-02-28T18:48:52","modified_gmt":"2021-02-28T17:48:52","slug":"ziaja-balsamo-corporal-ilumina-e-hidrata-gdanskin","status":"publish","type":"product","link":"https:\/\/www.anaromanature.com\/index.php\/producto\/ziaja-balsamo-corporal-ilumina-e-hidrata-gdanskin\/","title":{"rendered":"ZIAJA B\u00e1lsamo Corporal Ilumina e Hidrata GDANSKIN"},"content":{"rendered":"<p>ZIAJA B\u00e1lsamo Corporal Ilumina e Hidrata GDANSKIN<\/p>\n<p>Una loci\u00f3n hidratante potente basada en un proceso de hidrataci\u00f3n de tres capas con ingredientes refrescantes.<\/p>\n<p>Garantiza una hidrataci\u00f3n fuerte y duradera, una suavidad y una fragancia agradable para la piel.<\/p>\n<p>Contiene minerales que iluminan el cutis y hacen que la piel brille.<\/p>\n<p>Edad sugerida: 17 a\u00f1os o m\u00e1s<\/p>\n<p><strong>INGREDIENTES PRINCIPALES:<\/strong>\u00a0glicerina, manteca de karit\u00e9, hisopo, micronutrientes, col\u00e1geno soluble, inmortalidad salvaje, marrubio blanco, minerales blanqueadores.<\/p>\n<p><b>MODO DE USO: <\/b>Masajea la piel hasta su total absorci\u00f3n. Para pieles muy secas, se recomienda utilizarlo dos veces al d\u00eda.<\/p>\n<p>Capacidad: 300 ml.<\/p>\n<p>ZIAJA B\u00e1lsamo Corporal Ilumina e Hidrata GDANSKIN<\/p>\n<p><strong>SOBRE ZIAJA<\/strong><\/p>\n<p>Ziaja es un fabricante polaco de productos farmac\u00e9uticos y cosm\u00e9ticos de alta calidad basados en ingredientes naturales para el cuidado de rostro, cuerpo y cabello.<\/p>\n<p>Se origin\u00f3 a partir de la pasi\u00f3n y el deseo de hacer reparaciones terap\u00e9uticas y cosm\u00e9ticos para el cuidado de la piel con las formulas m\u00e1s sencillas.<\/p>\n<p>Su punto de mira es la mejora y desarrollo continuo y eso convierte a Ziaja en una empresa innovadora y orientada al futuro.<\/p>\n<p>Cuida tu piel con\u00a0<a href=\"https:\/\/www.anaromanature.com\/\">Anaroma Nature<\/a><\/p>\n<p><a href=\"mailto:%20info@anaromanature.com\">Cons\u00faltanos\u00a0<\/a>lo que necesites saber o aclarar.<\/p>\n<p>Visita nuestro\u00a0<a href=\"https:\/\/www.instagram.com\/anaromanature\/\">Instagram<\/a>.<\/p>\n","protected":false},"excerpt":{"rendered":"<p>&nbsp;<\/p>\n<p><a href=\"https:\/\/www.anaromanature.com\/wp-content\/uploads\/2021\/02\/Logo-Ziaja.jpg\"><img decoding=\"async\" class=\" wp-image-1459\" title=\"Logo Ziaja\" src=\"https:\/\/www.anaromanature.com\/wp-content\/uploads\/2021\/02\/Logo-Ziaja.jpg\" alt=\"Logo Ziaja\" width=\"130\" height=\"80\" \/><\/a><\/p>\n<hr \/>\n<p>Una loci\u00f3n hidratante potente basada en un proceso de hidrataci\u00f3n de tres capas con ingredientes refrescantes.<\/p>\n<p>Garantiza una hidrataci\u00f3n fuerte y duradera, una suavidad y una fragancia agradable para la piel.<\/p>\n<p>Capacidad: 300 ml.<\/p>\n","protected":false},"featured_media":1780,"comment_status":"open","ping_status":"closed","template":"","meta":{"_joinchat":[]},"product_brand":[],"product_cat":[302,361],"product_tag":[359,357],"class_list":{"0":"post-1774","1":"product","2":"type-product","3":"status-publish","4":"has-post-thumbnail","6":"product_cat-cosmetica-ziaja","7":"product_cat-gdaskin","8":"product_tag-balsamo-corporal","9":"product_tag-gdanskin","10":"latest_post","12":"first","13":"instock","14":"taxable","15":"shipping-taxable","16":"purchasable","17":"product-type-simple"},"yoast_head":"<!-- This site is optimized with the Yoast SEO plugin v27.4 - https:\/\/yoast.com\/product\/yoast-seo-wordpress\/ -->\n<title>ZIAJA B\u00e1lsamo Corporal Ilumina e Hidrata GDANSKIN - Anaroma Nature<\/title>\n<meta name=\"description\" content=\"ZIAJA B\u00e1lsamo Corporal Ilumina e Hidrata GDANSKIN. Una loci\u00f3n hidratante potente basada en un proceso de hidrataci\u00f3n de tres capas con\" \/>\n<meta name=\"robots\" content=\"index, follow, max-snippet:-1, max-image-preview:large, max-video-preview:-1\" \/>\n<link rel=\"canonical\" href=\"https:\/\/www.anaromanature.com\/index.php\/producto\/ziaja-balsamo-corporal-ilumina-e-hidrata-gdanskin\/\" \/>\n<meta property=\"og:locale\" content=\"es_ES\" \/>\n<meta property=\"og:type\" content=\"article\" \/>\n<meta property=\"og:title\" content=\"ZIAJA B\u00e1lsamo Corporal Ilumina e Hidrata GDANSKIN - Anaroma Nature\" \/>\n<meta property=\"og:description\" content=\"ZIAJA B\u00e1lsamo Corporal Ilumina e Hidrata GDANSKIN. Una loci\u00f3n hidratante potente basada en un proceso de hidrataci\u00f3n de tres capas con\" \/>\n<meta property=\"og:url\" content=\"https:\/\/www.anaromanature.com\/index.php\/producto\/ziaja-balsamo-corporal-ilumina-e-hidrata-gdanskin\/\" \/>\n<meta property=\"og:site_name\" content=\"Anaroma Nature\" \/>\n<meta property=\"article:publisher\" content=\"http:\/\/facebook.com\/Anaroma-326324794814915\" \/>\n<meta property=\"article:modified_time\" content=\"2021-02-28T17:48:52+00:00\" \/>\n<meta property=\"og:image\" content=\"https:\/\/i2.wp.com\/www.anaromanature.com\/wp-content\/uploads\/2021\/02\/ZIAJA-Balsamo-Corporal-Ilumina-e-Hidrata-GDANSKIN.jpg?fit=600%2C600&ssl=1\" \/>\n\t<meta property=\"og:image:width\" content=\"600\" \/>\n\t<meta property=\"og:image:height\" content=\"600\" \/>\n\t<meta property=\"og:image:type\" content=\"image\/jpeg\" \/>\n<meta name=\"twitter:card\" content=\"summary_large_image\" \/>\n<meta name=\"twitter:label1\" content=\"Tiempo de lectura\" \/>\n\t<meta name=\"twitter:data1\" content=\"1 minuto\" \/>\n<script type=\"application\/ld+json\" class=\"yoast-schema-graph\">{\"@context\":\"https:\\\/\\\/schema.org\",\"@graph\":[{\"@type\":\"WebPage\",\"@id\":\"https:\\\/\\\/www.anaromanature.com\\\/index.php\\\/producto\\\/ziaja-balsamo-corporal-ilumina-e-hidrata-gdanskin\\\/\",\"url\":\"https:\\\/\\\/www.anaromanature.com\\\/index.php\\\/producto\\\/ziaja-balsamo-corporal-ilumina-e-hidrata-gdanskin\\\/\",\"name\":\"ZIAJA B\u00e1lsamo Corporal Ilumina e Hidrata GDANSKIN - Anaroma Nature\",\"isPartOf\":{\"@id\":\"https:\\\/\\\/www.anaromanature.com\\\/#website\"},\"primaryImageOfPage\":{\"@id\":\"https:\\\/\\\/www.anaromanature.com\\\/index.php\\\/producto\\\/ziaja-balsamo-corporal-ilumina-e-hidrata-gdanskin\\\/#primaryimage\"},\"image\":{\"@id\":\"https:\\\/\\\/www.anaromanature.com\\\/index.php\\\/producto\\\/ziaja-balsamo-corporal-ilumina-e-hidrata-gdanskin\\\/#primaryimage\"},\"thumbnailUrl\":\"https:\\\/\\\/www.anaromanature.com\\\/wp-content\\\/uploads\\\/2021\\\/02\\\/ZIAJA-Balsamo-Corporal-Ilumina-e-Hidrata-GDANSKIN.jpg\",\"datePublished\":\"2021-02-28T17:30:25+00:00\",\"dateModified\":\"2021-02-28T17:48:52+00:00\",\"description\":\"ZIAJA B\u00e1lsamo Corporal Ilumina e Hidrata GDANSKIN. Una loci\u00f3n hidratante potente basada en un proceso de hidrataci\u00f3n de tres capas con\",\"breadcrumb\":{\"@id\":\"https:\\\/\\\/www.anaromanature.com\\\/index.php\\\/producto\\\/ziaja-balsamo-corporal-ilumina-e-hidrata-gdanskin\\\/#breadcrumb\"},\"inLanguage\":\"es\",\"potentialAction\":[{\"@type\":\"ReadAction\",\"target\":[\"https:\\\/\\\/www.anaromanature.com\\\/index.php\\\/producto\\\/ziaja-balsamo-corporal-ilumina-e-hidrata-gdanskin\\\/\"]}]},{\"@type\":\"ImageObject\",\"inLanguage\":\"es\",\"@id\":\"https:\\\/\\\/www.anaromanature.com\\\/index.php\\\/producto\\\/ziaja-balsamo-corporal-ilumina-e-hidrata-gdanskin\\\/#primaryimage\",\"url\":\"https:\\\/\\\/www.anaromanature.com\\\/wp-content\\\/uploads\\\/2021\\\/02\\\/ZIAJA-Balsamo-Corporal-Ilumina-e-Hidrata-GDANSKIN.jpg\",\"contentUrl\":\"https:\\\/\\\/www.anaromanature.com\\\/wp-content\\\/uploads\\\/2021\\\/02\\\/ZIAJA-Balsamo-Corporal-Ilumina-e-Hidrata-GDANSKIN.jpg\",\"width\":600,\"height\":600,\"caption\":\"ZIAJA Balsamo Corporal Ilumina e Hidrata GDANSKIN\"},{\"@type\":\"BreadcrumbList\",\"@id\":\"https:\\\/\\\/www.anaromanature.com\\\/index.php\\\/producto\\\/ziaja-balsamo-corporal-ilumina-e-hidrata-gdanskin\\\/#breadcrumb\",\"itemListElement\":[{\"@type\":\"ListItem\",\"position\":1,\"name\":\"Portada\",\"item\":\"https:\\\/\\\/www.anaromanature.com\\\/\"},{\"@type\":\"ListItem\",\"position\":2,\"name\":\"Tienda\",\"item\":\"https:\\\/\\\/www.anaromanature.com\\\/index.php\\\/tienda-premium-online-anarome-nature\\\/\"},{\"@type\":\"ListItem\",\"position\":3,\"name\":\"ZIAJA B\u00e1lsamo Corporal Ilumina e Hidrata GDANSKIN\"}]},{\"@type\":\"WebSite\",\"@id\":\"https:\\\/\\\/www.anaromanature.com\\\/#website\",\"url\":\"https:\\\/\\\/www.anaromanature.com\\\/\",\"name\":\"Anaroma Nature\",\"description\":\"Aromas y color\",\"publisher\":{\"@id\":\"https:\\\/\\\/www.anaromanature.com\\\/#organization\"},\"potentialAction\":[{\"@type\":\"SearchAction\",\"target\":{\"@type\":\"EntryPoint\",\"urlTemplate\":\"https:\\\/\\\/www.anaromanature.com\\\/?s={search_term_string}\"},\"query-input\":{\"@type\":\"PropertyValueSpecification\",\"valueRequired\":true,\"valueName\":\"search_term_string\"}}],\"inLanguage\":\"es\"},{\"@type\":\"Organization\",\"@id\":\"https:\\\/\\\/www.anaromanature.com\\\/#organization\",\"name\":\"Anaroma Nature\",\"url\":\"https:\\\/\\\/www.anaromanature.com\\\/\",\"logo\":{\"@type\":\"ImageObject\",\"inLanguage\":\"es\",\"@id\":\"https:\\\/\\\/www.anaromanature.com\\\/#\\\/schema\\\/logo\\\/image\\\/\",\"url\":\"https:\\\/\\\/i2.wp.com\\\/www.anaromanature.com\\\/wp-content\\\/uploads\\\/2021\\\/02\\\/cropped-Logotipo-Anaroma-2.png?fit=290%2C288&ssl=1\",\"contentUrl\":\"https:\\\/\\\/i2.wp.com\\\/www.anaromanature.com\\\/wp-content\\\/uploads\\\/2021\\\/02\\\/cropped-Logotipo-Anaroma-2.png?fit=290%2C288&ssl=1\",\"width\":290,\"height\":288,\"caption\":\"Anaroma Nature\"},\"image\":{\"@id\":\"https:\\\/\\\/www.anaromanature.com\\\/#\\\/schema\\\/logo\\\/image\\\/\"},\"sameAs\":[\"http:\\\/\\\/facebook.com\\\/Anaroma-326324794814915\",\"http:\\\/\\\/instagram.com\\\/anaromanature\"]}]}<\/script>\n<!-- \/ Yoast SEO plugin. -->","yoast_head_json":{"title":"ZIAJA B\u00e1lsamo Corporal Ilumina e Hidrata GDANSKIN - Anaroma Nature","description":"ZIAJA B\u00e1lsamo Corporal Ilumina e Hidrata GDANSKIN. Una loci\u00f3n hidratante potente basada en un proceso de hidrataci\u00f3n de tres capas con","robots":{"index":"index","follow":"follow","max-snippet":"max-snippet:-1","max-image-preview":"max-image-preview:large","max-video-preview":"max-video-preview:-1"},"canonical":"https:\/\/www.anaromanature.com\/index.php\/producto\/ziaja-balsamo-corporal-ilumina-e-hidrata-gdanskin\/","og_locale":"es_ES","og_type":"article","og_title":"ZIAJA B\u00e1lsamo Corporal Ilumina e Hidrata GDANSKIN - Anaroma Nature","og_description":"ZIAJA B\u00e1lsamo Corporal Ilumina e Hidrata GDANSKIN. Una loci\u00f3n hidratante potente basada en un proceso de hidrataci\u00f3n de tres capas con","og_url":"https:\/\/www.anaromanature.com\/index.php\/producto\/ziaja-balsamo-corporal-ilumina-e-hidrata-gdanskin\/","og_site_name":"Anaroma Nature","article_publisher":"http:\/\/facebook.com\/Anaroma-326324794814915","article_modified_time":"2021-02-28T17:48:52+00:00","og_image":[{"width":600,"height":600,"url":"https:\/\/i2.wp.com\/www.anaromanature.com\/wp-content\/uploads\/2021\/02\/ZIAJA-Balsamo-Corporal-Ilumina-e-Hidrata-GDANSKIN.jpg?fit=600%2C600&ssl=1","type":"image\/jpeg"}],"twitter_card":"summary_large_image","twitter_misc":{"Tiempo de lectura":"1 minuto"},"schema":{"@context":"https:\/\/schema.org","@graph":[{"@type":"WebPage","@id":"https:\/\/www.anaromanature.com\/index.php\/producto\/ziaja-balsamo-corporal-ilumina-e-hidrata-gdanskin\/","url":"https:\/\/www.anaromanature.com\/index.php\/producto\/ziaja-balsamo-corporal-ilumina-e-hidrata-gdanskin\/","name":"ZIAJA B\u00e1lsamo Corporal Ilumina e Hidrata GDANSKIN - Anaroma Nature","isPartOf":{"@id":"https:\/\/www.anaromanature.com\/#website"},"primaryImageOfPage":{"@id":"https:\/\/www.anaromanature.com\/index.php\/producto\/ziaja-balsamo-corporal-ilumina-e-hidrata-gdanskin\/#primaryimage"},"image":{"@id":"https:\/\/www.anaromanature.com\/index.php\/producto\/ziaja-balsamo-corporal-ilumina-e-hidrata-gdanskin\/#primaryimage"},"thumbnailUrl":"https:\/\/www.anaromanature.com\/wp-content\/uploads\/2021\/02\/ZIAJA-Balsamo-Corporal-Ilumina-e-Hidrata-GDANSKIN.jpg","datePublished":"2021-02-28T17:30:25+00:00","dateModified":"2021-02-28T17:48:52+00:00","description":"ZIAJA B\u00e1lsamo Corporal Ilumina e Hidrata GDANSKIN. Una loci\u00f3n hidratante potente basada en un proceso de hidrataci\u00f3n de tres capas con","breadcrumb":{"@id":"https:\/\/www.anaromanature.com\/index.php\/producto\/ziaja-balsamo-corporal-ilumina-e-hidrata-gdanskin\/#breadcrumb"},"inLanguage":"es","potentialAction":[{"@type":"ReadAction","target":["https:\/\/www.anaromanature.com\/index.php\/producto\/ziaja-balsamo-corporal-ilumina-e-hidrata-gdanskin\/"]}]},{"@type":"ImageObject","inLanguage":"es","@id":"https:\/\/www.anaromanature.com\/index.php\/producto\/ziaja-balsamo-corporal-ilumina-e-hidrata-gdanskin\/#primaryimage","url":"https:\/\/www.anaromanature.com\/wp-content\/uploads\/2021\/02\/ZIAJA-Balsamo-Corporal-Ilumina-e-Hidrata-GDANSKIN.jpg","contentUrl":"https:\/\/www.anaromanature.com\/wp-content\/uploads\/2021\/02\/ZIAJA-Balsamo-Corporal-Ilumina-e-Hidrata-GDANSKIN.jpg","width":600,"height":600,"caption":"ZIAJA Balsamo Corporal Ilumina e Hidrata GDANSKIN"},{"@type":"BreadcrumbList","@id":"https:\/\/www.anaromanature.com\/index.php\/producto\/ziaja-balsamo-corporal-ilumina-e-hidrata-gdanskin\/#breadcrumb","itemListElement":[{"@type":"ListItem","position":1,"name":"Portada","item":"https:\/\/www.anaromanature.com\/"},{"@type":"ListItem","position":2,"name":"Tienda","item":"https:\/\/www.anaromanature.com\/index.php\/tienda-premium-online-anarome-nature\/"},{"@type":"ListItem","position":3,"name":"ZIAJA B\u00e1lsamo Corporal Ilumina e Hidrata GDANSKIN"}]},{"@type":"WebSite","@id":"https:\/\/www.anaromanature.com\/#website","url":"https:\/\/www.anaromanature.com\/","name":"Anaroma Nature","description":"Aromas y color","publisher":{"@id":"https:\/\/www.anaromanature.com\/#organization"},"potentialAction":[{"@type":"SearchAction","target":{"@type":"EntryPoint","urlTemplate":"https:\/\/www.anaromanature.com\/?s={search_term_string}"},"query-input":{"@type":"PropertyValueSpecification","valueRequired":true,"valueName":"search_term_string"}}],"inLanguage":"es"},{"@type":"Organization","@id":"https:\/\/www.anaromanature.com\/#organization","name":"Anaroma Nature","url":"https:\/\/www.anaromanature.com\/","logo":{"@type":"ImageObject","inLanguage":"es","@id":"https:\/\/www.anaromanature.com\/#\/schema\/logo\/image\/","url":"https:\/\/i2.wp.com\/www.anaromanature.com\/wp-content\/uploads\/2021\/02\/cropped-Logotipo-Anaroma-2.png?fit=290%2C288&ssl=1","contentUrl":"https:\/\/i2.wp.com\/www.anaromanature.com\/wp-content\/uploads\/2021\/02\/cropped-Logotipo-Anaroma-2.png?fit=290%2C288&ssl=1","width":290,"height":288,"caption":"Anaroma Nature"},"image":{"@id":"https:\/\/www.anaromanature.com\/#\/schema\/logo\/image\/"},"sameAs":["http:\/\/facebook.com\/Anaroma-326324794814915","http:\/\/instagram.com\/anaromanature"]}]}},"_links":{"self":[{"href":"https:\/\/www.anaromanature.com\/index.php\/wp-json\/wp\/v2\/product\/1774","targetHints":{"allow":["GET"]}}],"collection":[{"href":"https:\/\/www.anaromanature.com\/index.php\/wp-json\/wp\/v2\/product"}],"about":[{"href":"https:\/\/www.anaromanature.com\/index.php\/wp-json\/wp\/v2\/types\/product"}],"replies":[{"embeddable":true,"href":"https:\/\/www.anaromanature.com\/index.php\/wp-json\/wp\/v2\/comments?post=1774"}],"wp:featuredmedia":[{"embeddable":true,"href":"https:\/\/www.anaromanature.com\/index.php\/wp-json\/wp\/v2\/media\/1780"}],"wp:attachment":[{"href":"https:\/\/www.anaromanature.com\/index.php\/wp-json\/wp\/v2\/media?parent=1774"}],"wp:term":[{"taxonomy":"product_brand","embeddable":true,"href":"https:\/\/www.anaromanature.com\/index.php\/wp-json\/wp\/v2\/product_brand?post=1774"},{"taxonomy":"product_cat","embeddable":true,"href":"https:\/\/www.anaromanature.com\/index.php\/wp-json\/wp\/v2\/product_cat?post=1774"},{"taxonomy":"product_tag","embeddable":true,"href":"https:\/\/www.anaromanature.com\/index.php\/wp-json\/wp\/v2\/product_tag?post=1774"}],"curies":[{"name":"wp","href":"https:\/\/api.w.org\/{rel}","templated":true}]}}