{"id":1999,"date":"2021-03-05T17:39:34","date_gmt":"2021-03-05T16:39:34","guid":{"rendered":"https:\/\/www.anaromanature.com\/index.php\/producto\/gel-ducha-cereza\/"},"modified":"2021-03-05T18:31:03","modified_gmt":"2021-03-05T17:31:03","slug":"gel-ducha-cereza","status":"publish","type":"product","link":"https:\/\/www.anaromanature.com\/index.php\/producto\/gel-ducha-cereza\/","title":{"rendered":"Gel Ducha Cereza"},"content":{"rendered":"<p>Gel Ducha Cereza<\/p>\n<p>Geles de ducha con fragancia intensa, <strong>sin parabenos ni componentes qu\u00edmicos agresivos<\/strong>.<\/p>\n<p>La serie de geles de ducha <strong>Bubbles &amp; Colors<\/strong> nos brinda la mayor atenci\u00f3n y esmero en sus ingredientes y la est\u00e9tica del producto.<\/p>\n<p>La mejor materia prima para producir esta serie de geles en diferentes rincones del mundo de forma natural, sin parabenos y aditivos nocivos para la salud.<\/p>\n<p>Una serie de geles de ducha con una <strong>fragancia intensa y compuestos estimulantes<\/strong>\u00a0 que satisfacen las necesidades de los clientes m\u00e1s exigentes.<\/p>\n<p>La l\u00ednea de productos cuenta con una serie de geles, lociones y aceites corporales dise\u00f1ados para ni\u00f1os\/as (Fantsy\/Magic).<\/p>\n<p>Rico aroma de aceites esenciales mezclados.<\/p>\n<p>El producto no contiene parabenos y no ha sido probado en animales.<\/p>\n<p>Contenido: 250ml<\/p>\n<p><strong>INGREDIENTES ACTIVOS:<\/strong> Aqua, Sodium Lauroyl Methyl Isethionate, Cocamidopropyl Betaine, Lauryl Glucoside, Parfum, Sodium Chloride, Sodium Methyl Isethionate, Phenoxyethanol, Sodium Lauroyl Isethionate, Sodium Benzoate, Trisodium Sulfosuccinate, Polyquaternium-7, Lauric Acid, Zinc Dilaurate, Trisodium Ethylenediamine Disuccinate, Sodium Laurate,\u00a0CI 14720, CI 28440.<\/p>\n<p><strong>MODO DE USO:<\/strong> humedece el cuerpo y aplica una peque\u00f1a cantidad. Masajea suavemente con la mano o esponja de ba\u00f1o. Para retirar la espuma generada, aclarar con agua.<\/p>\n<p>Gel Ducha Cereza<\/p>\n<p>Cuida tu piel con\u00a0<a href=\"https:\/\/www.anaromanature.com\/\">Anaroma Nature<\/a><\/p>\n<p><a href=\"mailto:%20info@anaromanature.com\">Cons\u00faltanos\u00a0<\/a>lo que necesites saber o aclarar.<\/p>\n<p>Visita nuestro\u00a0<a href=\"https:\/\/www.instagram.com\/anaromanature\/\">Instagram<\/a>.<\/p>\n","protected":false},"excerpt":{"rendered":"<p><a href=\"https:\/\/www.anaromanature.com\/wp-content\/uploads\/2021\/03\/Logo-Bubbles.jpg\"><img decoding=\"async\" class=\" wp-image-1856\" title=\"Logo Bubbles\" src=\"https:\/\/www.anaromanature.com\/wp-content\/uploads\/2021\/03\/Logo-Bubbles.jpg\" alt=\"Logo Bubbles\" width=\"130\" height=\"130\" srcset=\"https:\/\/www.anaromanature.com\/wp-content\/uploads\/2021\/03\/Logo-Bubbles.jpg 356w, https:\/\/www.anaromanature.com\/wp-content\/uploads\/2021\/03\/Logo-Bubbles-300x300.jpg 300w, https:\/\/www.anaromanature.com\/wp-content\/uploads\/2021\/03\/Logo-Bubbles-150x150.jpg 150w, https:\/\/www.anaromanature.com\/wp-content\/uploads\/2021\/03\/Logo-Bubbles-75x75.jpg 75w, https:\/\/www.anaromanature.com\/wp-content\/uploads\/2021\/03\/Logo-Bubbles-100x100.jpg 100w\" sizes=\"(max-width: 130px) 100vw, 130px\" \/><\/a><\/p>\n<hr \/>\n<p>Gel de ducha con fragancia a Cereza.<\/p>\n<p>Hidrata y estimula tu piel.<\/p>\n<p>Fabricado a mano.<\/p>\n<p>Sin parabenos, sulfatos ni qu\u00edmica agresiva.<\/p>\n<p>Envase: 250 ml.<\/p>\n","protected":false},"featured_media":2002,"comment_status":"open","ping_status":"closed","template":"","meta":{"_joinchat":[]},"product_brand":[],"product_cat":[165,166],"product_tag":[382,371,236,220],"class_list":{"0":"post-1999","1":"product","2":"type-product","3":"status-publish","4":"has-post-thumbnail","6":"product_cat-cosmetica-corporal","7":"product_cat-gel-de-ducha","8":"product_tag-cereza","9":"product_tag-estimulante","10":"product_tag-gel-bano","11":"product_tag-hidratante","12":"latest_post","14":"first","15":"instock","16":"taxable","17":"shipping-taxable","18":"purchasable","19":"product-type-simple"},"yoast_head":"<!-- This site is optimized with the Yoast SEO plugin v27.1.1 - https:\/\/yoast.com\/product\/yoast-seo-wordpress\/ -->\n<title>Gel Ducha Cereza - Anaroma Nature - Tienda Online<\/title>\n<meta name=\"description\" content=\"Gel Ducha Cereza. Geles de ducha con fragancia intensa, sin parabenos ni componentes qu\u00edmicos agresivos. La serie de geles de ducha Bubbles &amp;\" \/>\n<meta name=\"robots\" content=\"index, follow, max-snippet:-1, max-image-preview:large, max-video-preview:-1\" \/>\n<link rel=\"canonical\" href=\"https:\/\/www.anaromanature.com\/index.php\/producto\/gel-ducha-cereza\/\" \/>\n<meta property=\"og:locale\" content=\"es_ES\" \/>\n<meta property=\"og:type\" content=\"article\" \/>\n<meta property=\"og:title\" content=\"Gel Ducha Cereza - Anaroma Nature - Tienda Online\" \/>\n<meta property=\"og:description\" content=\"Gel Ducha Cereza. Geles de ducha con fragancia intensa, sin parabenos ni componentes qu\u00edmicos agresivos. La serie de geles de ducha Bubbles &amp;\" \/>\n<meta property=\"og:url\" content=\"https:\/\/www.anaromanature.com\/index.php\/producto\/gel-ducha-cereza\/\" \/>\n<meta property=\"og:site_name\" content=\"Anaroma Nature\" \/>\n<meta property=\"article:publisher\" content=\"http:\/\/facebook.com\/Anaroma-326324794814915\" \/>\n<meta property=\"article:modified_time\" content=\"2021-03-05T17:31:03+00:00\" \/>\n<meta property=\"og:image\" content=\"https:\/\/i0.wp.com\/www.anaromanature.com\/wp-content\/uploads\/2021\/03\/Gel-Ducha-Cereza.jpg?fit=750%2C750&ssl=1\" \/>\n\t<meta property=\"og:image:width\" content=\"750\" \/>\n\t<meta property=\"og:image:height\" content=\"750\" \/>\n\t<meta property=\"og:image:type\" content=\"image\/jpeg\" \/>\n<meta name=\"twitter:card\" content=\"summary_large_image\" \/>\n<meta name=\"twitter:label1\" content=\"Tiempo de lectura\" \/>\n\t<meta name=\"twitter:data1\" content=\"1 minuto\" \/>\n<script type=\"application\/ld+json\" class=\"yoast-schema-graph\">{\"@context\":\"https:\/\/schema.org\",\"@graph\":[{\"@type\":\"WebPage\",\"@id\":\"https:\/\/www.anaromanature.com\/index.php\/producto\/gel-ducha-cereza\/\",\"url\":\"https:\/\/www.anaromanature.com\/index.php\/producto\/gel-ducha-cereza\/\",\"name\":\"Gel Ducha Cereza - Anaroma Nature - Tienda Online\",\"isPartOf\":{\"@id\":\"https:\/\/www.anaromanature.com\/#website\"},\"primaryImageOfPage\":{\"@id\":\"https:\/\/www.anaromanature.com\/index.php\/producto\/gel-ducha-cereza\/#primaryimage\"},\"image\":{\"@id\":\"https:\/\/www.anaromanature.com\/index.php\/producto\/gel-ducha-cereza\/#primaryimage\"},\"thumbnailUrl\":\"https:\/\/www.anaromanature.com\/wp-content\/uploads\/2021\/03\/Gel-Ducha-Cereza.jpg\",\"datePublished\":\"2021-03-05T16:39:34+00:00\",\"dateModified\":\"2021-03-05T17:31:03+00:00\",\"description\":\"Gel Ducha Cereza. Geles de ducha con fragancia intensa, sin parabenos ni componentes qu\u00edmicos agresivos. La serie de geles de ducha Bubbles &\",\"breadcrumb\":{\"@id\":\"https:\/\/www.anaromanature.com\/index.php\/producto\/gel-ducha-cereza\/#breadcrumb\"},\"inLanguage\":\"es\",\"potentialAction\":[{\"@type\":\"ReadAction\",\"target\":[\"https:\/\/www.anaromanature.com\/index.php\/producto\/gel-ducha-cereza\/\"]}]},{\"@type\":\"ImageObject\",\"inLanguage\":\"es\",\"@id\":\"https:\/\/www.anaromanature.com\/index.php\/producto\/gel-ducha-cereza\/#primaryimage\",\"url\":\"https:\/\/www.anaromanature.com\/wp-content\/uploads\/2021\/03\/Gel-Ducha-Cereza.jpg\",\"contentUrl\":\"https:\/\/www.anaromanature.com\/wp-content\/uploads\/2021\/03\/Gel-Ducha-Cereza.jpg\",\"width\":600,\"height\":600,\"caption\":\"Gel Ducha Cereza\"},{\"@type\":\"BreadcrumbList\",\"@id\":\"https:\/\/www.anaromanature.com\/index.php\/producto\/gel-ducha-cereza\/#breadcrumb\",\"itemListElement\":[{\"@type\":\"ListItem\",\"position\":1,\"name\":\"Portada\",\"item\":\"https:\/\/www.anaromanature.com\/\"},{\"@type\":\"ListItem\",\"position\":2,\"name\":\"Tienda\",\"item\":\"https:\/\/www.anaromanature.com\/index.php\/tienda-premium-online-anarome-nature\/\"},{\"@type\":\"ListItem\",\"position\":3,\"name\":\"Gel Ducha Cereza\"}]},{\"@type\":\"WebSite\",\"@id\":\"https:\/\/www.anaromanature.com\/#website\",\"url\":\"https:\/\/www.anaromanature.com\/\",\"name\":\"Anaroma Nature\",\"description\":\"Aromas y color\",\"publisher\":{\"@id\":\"https:\/\/www.anaromanature.com\/#organization\"},\"potentialAction\":[{\"@type\":\"SearchAction\",\"target\":{\"@type\":\"EntryPoint\",\"urlTemplate\":\"https:\/\/www.anaromanature.com\/?s={search_term_string}\"},\"query-input\":{\"@type\":\"PropertyValueSpecification\",\"valueRequired\":true,\"valueName\":\"search_term_string\"}}],\"inLanguage\":\"es\"},{\"@type\":\"Organization\",\"@id\":\"https:\/\/www.anaromanature.com\/#organization\",\"name\":\"Anaroma Nature\",\"url\":\"https:\/\/www.anaromanature.com\/\",\"logo\":{\"@type\":\"ImageObject\",\"inLanguage\":\"es\",\"@id\":\"https:\/\/www.anaromanature.com\/#\/schema\/logo\/image\/\",\"url\":\"https:\/\/i2.wp.com\/www.anaromanature.com\/wp-content\/uploads\/2021\/02\/cropped-Logotipo-Anaroma-2.png?fit=290%2C288&ssl=1\",\"contentUrl\":\"https:\/\/i2.wp.com\/www.anaromanature.com\/wp-content\/uploads\/2021\/02\/cropped-Logotipo-Anaroma-2.png?fit=290%2C288&ssl=1\",\"width\":290,\"height\":288,\"caption\":\"Anaroma Nature\"},\"image\":{\"@id\":\"https:\/\/www.anaromanature.com\/#\/schema\/logo\/image\/\"},\"sameAs\":[\"http:\/\/facebook.com\/Anaroma-326324794814915\",\"http:\/\/instagram.com\/anaromanature\"]}]}<\/script>\n<!-- \/ Yoast SEO plugin. -->","yoast_head_json":{"title":"Gel Ducha Cereza - Anaroma Nature - Tienda Online","description":"Gel Ducha Cereza. Geles de ducha con fragancia intensa, sin parabenos ni componentes qu\u00edmicos agresivos. La serie de geles de ducha Bubbles &","robots":{"index":"index","follow":"follow","max-snippet":"max-snippet:-1","max-image-preview":"max-image-preview:large","max-video-preview":"max-video-preview:-1"},"canonical":"https:\/\/www.anaromanature.com\/index.php\/producto\/gel-ducha-cereza\/","og_locale":"es_ES","og_type":"article","og_title":"Gel Ducha Cereza - Anaroma Nature - Tienda Online","og_description":"Gel Ducha Cereza. Geles de ducha con fragancia intensa, sin parabenos ni componentes qu\u00edmicos agresivos. La serie de geles de ducha Bubbles &","og_url":"https:\/\/www.anaromanature.com\/index.php\/producto\/gel-ducha-cereza\/","og_site_name":"Anaroma Nature","article_publisher":"http:\/\/facebook.com\/Anaroma-326324794814915","article_modified_time":"2021-03-05T17:31:03+00:00","og_image":[{"width":750,"height":750,"url":"https:\/\/i0.wp.com\/www.anaromanature.com\/wp-content\/uploads\/2021\/03\/Gel-Ducha-Cereza.jpg?fit=750%2C750&ssl=1","type":"image\/jpeg"}],"twitter_card":"summary_large_image","twitter_misc":{"Tiempo de lectura":"1 minuto"},"schema":{"@context":"https:\/\/schema.org","@graph":[{"@type":"WebPage","@id":"https:\/\/www.anaromanature.com\/index.php\/producto\/gel-ducha-cereza\/","url":"https:\/\/www.anaromanature.com\/index.php\/producto\/gel-ducha-cereza\/","name":"Gel Ducha Cereza - Anaroma Nature - Tienda Online","isPartOf":{"@id":"https:\/\/www.anaromanature.com\/#website"},"primaryImageOfPage":{"@id":"https:\/\/www.anaromanature.com\/index.php\/producto\/gel-ducha-cereza\/#primaryimage"},"image":{"@id":"https:\/\/www.anaromanature.com\/index.php\/producto\/gel-ducha-cereza\/#primaryimage"},"thumbnailUrl":"https:\/\/www.anaromanature.com\/wp-content\/uploads\/2021\/03\/Gel-Ducha-Cereza.jpg","datePublished":"2021-03-05T16:39:34+00:00","dateModified":"2021-03-05T17:31:03+00:00","description":"Gel Ducha Cereza. Geles de ducha con fragancia intensa, sin parabenos ni componentes qu\u00edmicos agresivos. La serie de geles de ducha Bubbles &","breadcrumb":{"@id":"https:\/\/www.anaromanature.com\/index.php\/producto\/gel-ducha-cereza\/#breadcrumb"},"inLanguage":"es","potentialAction":[{"@type":"ReadAction","target":["https:\/\/www.anaromanature.com\/index.php\/producto\/gel-ducha-cereza\/"]}]},{"@type":"ImageObject","inLanguage":"es","@id":"https:\/\/www.anaromanature.com\/index.php\/producto\/gel-ducha-cereza\/#primaryimage","url":"https:\/\/www.anaromanature.com\/wp-content\/uploads\/2021\/03\/Gel-Ducha-Cereza.jpg","contentUrl":"https:\/\/www.anaromanature.com\/wp-content\/uploads\/2021\/03\/Gel-Ducha-Cereza.jpg","width":600,"height":600,"caption":"Gel Ducha Cereza"},{"@type":"BreadcrumbList","@id":"https:\/\/www.anaromanature.com\/index.php\/producto\/gel-ducha-cereza\/#breadcrumb","itemListElement":[{"@type":"ListItem","position":1,"name":"Portada","item":"https:\/\/www.anaromanature.com\/"},{"@type":"ListItem","position":2,"name":"Tienda","item":"https:\/\/www.anaromanature.com\/index.php\/tienda-premium-online-anarome-nature\/"},{"@type":"ListItem","position":3,"name":"Gel Ducha Cereza"}]},{"@type":"WebSite","@id":"https:\/\/www.anaromanature.com\/#website","url":"https:\/\/www.anaromanature.com\/","name":"Anaroma Nature","description":"Aromas y color","publisher":{"@id":"https:\/\/www.anaromanature.com\/#organization"},"potentialAction":[{"@type":"SearchAction","target":{"@type":"EntryPoint","urlTemplate":"https:\/\/www.anaromanature.com\/?s={search_term_string}"},"query-input":{"@type":"PropertyValueSpecification","valueRequired":true,"valueName":"search_term_string"}}],"inLanguage":"es"},{"@type":"Organization","@id":"https:\/\/www.anaromanature.com\/#organization","name":"Anaroma Nature","url":"https:\/\/www.anaromanature.com\/","logo":{"@type":"ImageObject","inLanguage":"es","@id":"https:\/\/www.anaromanature.com\/#\/schema\/logo\/image\/","url":"https:\/\/i2.wp.com\/www.anaromanature.com\/wp-content\/uploads\/2021\/02\/cropped-Logotipo-Anaroma-2.png?fit=290%2C288&ssl=1","contentUrl":"https:\/\/i2.wp.com\/www.anaromanature.com\/wp-content\/uploads\/2021\/02\/cropped-Logotipo-Anaroma-2.png?fit=290%2C288&ssl=1","width":290,"height":288,"caption":"Anaroma Nature"},"image":{"@id":"https:\/\/www.anaromanature.com\/#\/schema\/logo\/image\/"},"sameAs":["http:\/\/facebook.com\/Anaroma-326324794814915","http:\/\/instagram.com\/anaromanature"]}]}},"_links":{"self":[{"href":"https:\/\/www.anaromanature.com\/index.php\/wp-json\/wp\/v2\/product\/1999","targetHints":{"allow":["GET"]}}],"collection":[{"href":"https:\/\/www.anaromanature.com\/index.php\/wp-json\/wp\/v2\/product"}],"about":[{"href":"https:\/\/www.anaromanature.com\/index.php\/wp-json\/wp\/v2\/types\/product"}],"replies":[{"embeddable":true,"href":"https:\/\/www.anaromanature.com\/index.php\/wp-json\/wp\/v2\/comments?post=1999"}],"wp:featuredmedia":[{"embeddable":true,"href":"https:\/\/www.anaromanature.com\/index.php\/wp-json\/wp\/v2\/media\/2002"}],"wp:attachment":[{"href":"https:\/\/www.anaromanature.com\/index.php\/wp-json\/wp\/v2\/media?parent=1999"}],"wp:term":[{"taxonomy":"product_brand","embeddable":true,"href":"https:\/\/www.anaromanature.com\/index.php\/wp-json\/wp\/v2\/product_brand?post=1999"},{"taxonomy":"product_cat","embeddable":true,"href":"https:\/\/www.anaromanature.com\/index.php\/wp-json\/wp\/v2\/product_cat?post=1999"},{"taxonomy":"product_tag","embeddable":true,"href":"https:\/\/www.anaromanature.com\/index.php\/wp-json\/wp\/v2\/product_tag?post=1999"}],"curies":[{"name":"wp","href":"https:\/\/api.w.org\/{rel}","templated":true}]}}