{"id":2098,"date":"2021-03-06T17:00:29","date_gmt":"2021-03-06T16:00:29","guid":{"rendered":"https:\/\/www.anaromanature.com\/index.php\/producto\/mousse-jabon-exfoliante-lavender\/"},"modified":"2024-02-14T00:05:52","modified_gmt":"2024-02-13T23:05:52","slug":"mousse-jabon-exfoliante-lavender","status":"publish","type":"product","link":"https:\/\/www.anaromanature.com\/index.php\/producto\/mousse-jabon-exfoliante-lavender\/","title":{"rendered":"Mousse Jab\u00f3n Exfoliante Lavender"},"content":{"rendered":"<p>Mousse Jab\u00f3n Exfoliante Lavender<\/p>\n<p>Este Mousse de Jab\u00f3n Exfoliante natural, deja la piel suave e hidratada.<\/p>\n<p>La incre\u00edble Mousse Exfoliante a base de az\u00facar es altamente hidratante ya que contiene <strong>Aloe Vera<\/strong>.<\/p>\n<p>Los productos fabricados por <strong>Bubbles &amp; Colors<\/strong> no contienen productos qu\u00edmicos agresivos.<\/p>\n<p>Limpia y exfolia la piel en un s\u00f3lo paso. Su textura, el efecto y la aplicaci\u00f3n sobre la piel se encuentran entre los exfoliantes m\u00e1s sorprendentes.<\/p>\n<p>Textura de jab\u00f3n suave con el mejor exfoliante natural, <strong>el Az\u00facar<\/strong>,\u00a0 adem\u00e1s todo ello enriquecido con Aloe Vera para oxigenar y fortalecer las c\u00e9lulas epiteliales. Una forma de exfoliaci\u00f3n completamente natural.<\/p>\n<p>Aportan una sorprendente suavidad a la piel y tienen una mayor durabilidad.<\/p>\n<p>Hecho a mano, 100% artesanales y rico en Aloe Vera.<\/p>\n<p>El producto no contiene parabenos, SLS ni siliconas.<\/p>\n<p><strong>INGREDIENTES ACTIVOS:<\/strong> Sucrose, Glycerin, Aqua, Sorbitol, Sodium Cocoyl Isethionate, Disodium Lauryl Sulfosuccinate, Sodium Chloride, Parfum, Aloe Barbadensis Extract, Phenoxyethanol, Tetrasodium EDTA, Alpha-Isomethyl Ionone, Citronellol, Limonene, C.I. 14720.<\/p>\n<p><strong>MODO DE USO:<\/strong> Coger un poco de Mousse Jab\u00f3n Exfoliante con la mano y aplicar el producto sobre la piel h\u00fameda. Masajea de manera circular hasta alcanzar la exfoliaci\u00f3n deseada. Aclarar el producto con agua hasta su desaparici\u00f3n.<\/p>\n<p>Envase: 500 ml.<\/p>\n<p>Mousse Jab\u00f3n Exfoliante Lavender<\/p>\n<p>Cuida tu piel con\u00a0<a href=\"https:\/\/www.anaromanature.com\/\">Anaroma Nature<\/a><\/p>\n<p><a href=\"mailto:%20info@anaromanature.com\">Cons\u00faltanos\u00a0<\/a>lo que necesites saber o aclarar.<\/p>\n<p>Visita nuestro\u00a0<a href=\"https:\/\/www.instagram.com\/anaromanature\/\">Instagram<\/a>.<\/p>\n","protected":false},"excerpt":{"rendered":"<p><a href=\"https:\/\/www.anaromanature.com\/wp-content\/uploads\/2021\/03\/Logo-Bubbles.jpg\"><img decoding=\"async\" class=\" wp-image-1856\" title=\"Logo Bubbles\" src=\"https:\/\/www.anaromanature.com\/wp-content\/uploads\/2021\/03\/Logo-Bubbles.jpg\" alt=\"Logo Bubbles\" width=\"130\" height=\"129\" srcset=\"https:\/\/www.anaromanature.com\/wp-content\/uploads\/2021\/03\/Logo-Bubbles.jpg 356w, https:\/\/www.anaromanature.com\/wp-content\/uploads\/2021\/03\/Logo-Bubbles-300x300.jpg 300w, https:\/\/www.anaromanature.com\/wp-content\/uploads\/2021\/03\/Logo-Bubbles-150x150.jpg 150w, https:\/\/www.anaromanature.com\/wp-content\/uploads\/2021\/03\/Logo-Bubbles-75x75.jpg 75w, https:\/\/www.anaromanature.com\/wp-content\/uploads\/2021\/03\/Logo-Bubbles-100x100.jpg 100w\" sizes=\"(max-width: 130px) 100vw, 130px\" \/><\/a><\/p>\n<hr \/>\n<p>Nuevo\u00a0<strong>Jab\u00f3n exfoliante<\/strong>\u00a0&#8211;\u00a0<strong>Mousse Mix Lavender<\/strong>.<\/p>\n<p>Mousse de<strong>\u00a0Jab\u00f3n extra suave<\/strong> de intenso aroma a Lavanda.<\/p>\n<p>Contiene <strong>az\u00facar<\/strong>\u00a0como exfoliante natural y\u00a0<strong>Aloe Vera.<\/strong><\/p>\n<p>Uso diario, maxima suavidad e hidrataci\u00f3n en la piel garantizada.<\/p>\n<p>Sin SLS, sin parabenos y sin siliconas.<\/p>\n<hr \/>\n<p><a href=\"https:\/\/www.anaromanature.com\/wp-content\/uploads\/2021\/03\/sello-vegano.jpg\"><img decoding=\"async\" class=\" wp-image-2137\" title=\"sello vegano\" src=\"https:\/\/www.anaromanature.com\/wp-content\/uploads\/2021\/03\/sello-vegano.jpg\" alt=\"sello vegano\" width=\"80\" height=\"80\" srcset=\"https:\/\/www.anaromanature.com\/wp-content\/uploads\/2021\/03\/sello-vegano.jpg 150w, https:\/\/www.anaromanature.com\/wp-content\/uploads\/2021\/03\/sello-vegano-75x75.jpg 75w, https:\/\/www.anaromanature.com\/wp-content\/uploads\/2021\/03\/sello-vegano-100x100.jpg 100w\" sizes=\"(max-width: 80px) 100vw, 80px\" \/>\u00a0\u00a0\u00a0\u00a0<\/a><a style=\"font-weight: bold;background-color: transparent;font-family: Roboto, sans-serif;text-align: inherit\" href=\"https:\/\/www.anaromanature.com\/wp-content\/uploads\/2021\/03\/libre-de-parabenos-sin-sls-sin-sles_1.png\"><img decoding=\"async\" class=\" wp-image-2108\" title=\"libre de parabenos sin sls sin sles 1\" src=\"https:\/\/www.anaromanature.com\/wp-content\/uploads\/2021\/03\/libre-de-parabenos-sin-sls-sin-sles_1.png\" alt=\"libre de parabenos sin sls sin sles 1\" width=\"80\" height=\"80\" srcset=\"https:\/\/www.anaromanature.com\/wp-content\/uploads\/2021\/03\/libre-de-parabenos-sin-sls-sin-sles_1.png 125w, https:\/\/www.anaromanature.com\/wp-content\/uploads\/2021\/03\/libre-de-parabenos-sin-sls-sin-sles_1-75x75.png 75w, https:\/\/www.anaromanature.com\/wp-content\/uploads\/2021\/03\/libre-de-parabenos-sin-sls-sin-sles_1-100x100.png 100w\" sizes=\"(max-width: 80px) 100vw, 80px\" \/>\u00a0\u00a0\u00a0\u00a0\u00a0<\/a><a style=\"font-weight: bold;background-color: transparent;font-family: Roboto, sans-serif;text-align: inherit\" href=\"https:\/\/www.anaromanature.com\/wp-content\/uploads\/2021\/03\/contiene-aloe-vera.png\"><img loading=\"lazy\" decoding=\"async\" class=\" wp-image-2107\" title=\"contiene aloe vera\" src=\"https:\/\/www.anaromanature.com\/wp-content\/uploads\/2021\/03\/contiene-aloe-vera.png\" alt=\"contiene aloe vera\" width=\"80\" height=\"81\" srcset=\"https:\/\/www.anaromanature.com\/wp-content\/uploads\/2021\/03\/contiene-aloe-vera.png 125w, https:\/\/www.anaromanature.com\/wp-content\/uploads\/2021\/03\/contiene-aloe-vera-75x75.png 75w, https:\/\/www.anaromanature.com\/wp-content\/uploads\/2021\/03\/contiene-aloe-vera-100x100.png 100w\" sizes=\"(max-width: 80px) 100vw, 80px\" \/><\/a><\/p>\n","protected":false},"featured_media":2129,"comment_status":"open","ping_status":"closed","template":"","meta":{"_joinchat":[]},"product_brand":[],"product_cat":[165,388],"product_tag":[383,337,331,395,389],"class_list":{"0":"post-2098","1":"product","2":"type-product","3":"status-publish","4":"has-post-thumbnail","6":"product_cat-cosmetica-corporal","7":"product_cat-mousse-jabon-exfoliante","8":"product_tag-bubbles-colors","9":"product_tag-exfoliante","10":"product_tag-jabon","11":"product_tag-lavender","12":"product_tag-mousse","13":"latest_post","15":"first","16":"instock","17":"taxable","18":"shipping-taxable","19":"purchasable","20":"product-type-simple"},"yoast_head":"<!-- This site is optimized with the Yoast SEO plugin v27.4 - https:\/\/yoast.com\/product\/yoast-seo-wordpress\/ -->\n<title>Mousse Jab\u00f3n Exfoliante Lavender - Anaroma Nature - Tienda Online<\/title>\n<meta name=\"description\" content=\"Mousse Jab\u00f3n Exfoliante Lavender. Este Mousse de Jab\u00f3n Exfoliante natural, deja la piel suave e hidratada. La incre\u00edble Mousse Exfoliante a\" \/>\n<meta name=\"robots\" content=\"index, follow, max-snippet:-1, max-image-preview:large, max-video-preview:-1\" \/>\n<link rel=\"canonical\" href=\"https:\/\/www.anaromanature.com\/index.php\/producto\/mousse-jabon-exfoliante-lavender\/\" \/>\n<meta property=\"og:locale\" content=\"es_ES\" \/>\n<meta property=\"og:type\" content=\"article\" \/>\n<meta property=\"og:title\" content=\"Mousse Jab\u00f3n Exfoliante Lavender - Anaroma Nature - Tienda Online\" \/>\n<meta property=\"og:description\" content=\"Mousse Jab\u00f3n Exfoliante Lavender. Este Mousse de Jab\u00f3n Exfoliante natural, deja la piel suave e hidratada. La incre\u00edble Mousse Exfoliante a\" \/>\n<meta property=\"og:url\" content=\"https:\/\/www.anaromanature.com\/index.php\/producto\/mousse-jabon-exfoliante-lavender\/\" \/>\n<meta property=\"og:site_name\" content=\"Anaroma Nature\" \/>\n<meta property=\"article:publisher\" content=\"http:\/\/facebook.com\/Anaroma-326324794814915\" \/>\n<meta property=\"article:modified_time\" content=\"2024-02-13T23:05:52+00:00\" \/>\n<meta property=\"og:image\" content=\"https:\/\/www.anaromanature.com\/wp-content\/uploads\/2021\/03\/Mousse-Jabon-Exfoliante-Lavender-1.jpg\" \/>\n\t<meta property=\"og:image:width\" content=\"600\" \/>\n\t<meta property=\"og:image:height\" content=\"600\" \/>\n\t<meta property=\"og:image:type\" content=\"image\/jpeg\" \/>\n<meta name=\"twitter:card\" content=\"summary_large_image\" \/>\n<meta name=\"twitter:label1\" content=\"Tiempo de lectura\" \/>\n\t<meta name=\"twitter:data1\" content=\"1 minuto\" \/>\n<script type=\"application\/ld+json\" class=\"yoast-schema-graph\">{\"@context\":\"https:\\\/\\\/schema.org\",\"@graph\":[{\"@type\":\"WebPage\",\"@id\":\"https:\\\/\\\/www.anaromanature.com\\\/index.php\\\/producto\\\/mousse-jabon-exfoliante-lavender\\\/\",\"url\":\"https:\\\/\\\/www.anaromanature.com\\\/index.php\\\/producto\\\/mousse-jabon-exfoliante-lavender\\\/\",\"name\":\"Mousse Jab\u00f3n Exfoliante Lavender - Anaroma Nature - Tienda Online\",\"isPartOf\":{\"@id\":\"https:\\\/\\\/www.anaromanature.com\\\/#website\"},\"primaryImageOfPage\":{\"@id\":\"https:\\\/\\\/www.anaromanature.com\\\/index.php\\\/producto\\\/mousse-jabon-exfoliante-lavender\\\/#primaryimage\"},\"image\":{\"@id\":\"https:\\\/\\\/www.anaromanature.com\\\/index.php\\\/producto\\\/mousse-jabon-exfoliante-lavender\\\/#primaryimage\"},\"thumbnailUrl\":\"https:\\\/\\\/www.anaromanature.com\\\/wp-content\\\/uploads\\\/2021\\\/03\\\/Mousse-Jabon-Exfoliante-Lavender-1.jpg\",\"datePublished\":\"2021-03-06T16:00:29+00:00\",\"dateModified\":\"2024-02-13T23:05:52+00:00\",\"description\":\"Mousse Jab\u00f3n Exfoliante Lavender. Este Mousse de Jab\u00f3n Exfoliante natural, deja la piel suave e hidratada. La incre\u00edble Mousse Exfoliante a\",\"breadcrumb\":{\"@id\":\"https:\\\/\\\/www.anaromanature.com\\\/index.php\\\/producto\\\/mousse-jabon-exfoliante-lavender\\\/#breadcrumb\"},\"inLanguage\":\"es\",\"potentialAction\":[{\"@type\":\"ReadAction\",\"target\":[\"https:\\\/\\\/www.anaromanature.com\\\/index.php\\\/producto\\\/mousse-jabon-exfoliante-lavender\\\/\"]}]},{\"@type\":\"ImageObject\",\"inLanguage\":\"es\",\"@id\":\"https:\\\/\\\/www.anaromanature.com\\\/index.php\\\/producto\\\/mousse-jabon-exfoliante-lavender\\\/#primaryimage\",\"url\":\"https:\\\/\\\/www.anaromanature.com\\\/wp-content\\\/uploads\\\/2021\\\/03\\\/Mousse-Jabon-Exfoliante-Lavender-1.jpg\",\"contentUrl\":\"https:\\\/\\\/www.anaromanature.com\\\/wp-content\\\/uploads\\\/2021\\\/03\\\/Mousse-Jabon-Exfoliante-Lavender-1.jpg\",\"width\":600,\"height\":600,\"caption\":\"Mousse Jabon Exfoliante Lavender 1\"},{\"@type\":\"BreadcrumbList\",\"@id\":\"https:\\\/\\\/www.anaromanature.com\\\/index.php\\\/producto\\\/mousse-jabon-exfoliante-lavender\\\/#breadcrumb\",\"itemListElement\":[{\"@type\":\"ListItem\",\"position\":1,\"name\":\"Portada\",\"item\":\"https:\\\/\\\/www.anaromanature.com\\\/\"},{\"@type\":\"ListItem\",\"position\":2,\"name\":\"Tienda\",\"item\":\"https:\\\/\\\/www.anaromanature.com\\\/index.php\\\/tienda-premium-online-anarome-nature\\\/\"},{\"@type\":\"ListItem\",\"position\":3,\"name\":\"Mousse Jab\u00f3n Exfoliante Lavender\"}]},{\"@type\":\"WebSite\",\"@id\":\"https:\\\/\\\/www.anaromanature.com\\\/#website\",\"url\":\"https:\\\/\\\/www.anaromanature.com\\\/\",\"name\":\"Anaroma Nature\",\"description\":\"Aromas y color\",\"publisher\":{\"@id\":\"https:\\\/\\\/www.anaromanature.com\\\/#organization\"},\"potentialAction\":[{\"@type\":\"SearchAction\",\"target\":{\"@type\":\"EntryPoint\",\"urlTemplate\":\"https:\\\/\\\/www.anaromanature.com\\\/?s={search_term_string}\"},\"query-input\":{\"@type\":\"PropertyValueSpecification\",\"valueRequired\":true,\"valueName\":\"search_term_string\"}}],\"inLanguage\":\"es\"},{\"@type\":\"Organization\",\"@id\":\"https:\\\/\\\/www.anaromanature.com\\\/#organization\",\"name\":\"Anaroma Nature\",\"url\":\"https:\\\/\\\/www.anaromanature.com\\\/\",\"logo\":{\"@type\":\"ImageObject\",\"inLanguage\":\"es\",\"@id\":\"https:\\\/\\\/www.anaromanature.com\\\/#\\\/schema\\\/logo\\\/image\\\/\",\"url\":\"https:\\\/\\\/i2.wp.com\\\/www.anaromanature.com\\\/wp-content\\\/uploads\\\/2021\\\/02\\\/cropped-Logotipo-Anaroma-2.png?fit=290%2C288&ssl=1\",\"contentUrl\":\"https:\\\/\\\/i2.wp.com\\\/www.anaromanature.com\\\/wp-content\\\/uploads\\\/2021\\\/02\\\/cropped-Logotipo-Anaroma-2.png?fit=290%2C288&ssl=1\",\"width\":290,\"height\":288,\"caption\":\"Anaroma Nature\"},\"image\":{\"@id\":\"https:\\\/\\\/www.anaromanature.com\\\/#\\\/schema\\\/logo\\\/image\\\/\"},\"sameAs\":[\"http:\\\/\\\/facebook.com\\\/Anaroma-326324794814915\",\"http:\\\/\\\/instagram.com\\\/anaromanature\"]}]}<\/script>\n<!-- \/ Yoast SEO plugin. -->","yoast_head_json":{"title":"Mousse Jab\u00f3n Exfoliante Lavender - Anaroma Nature - Tienda Online","description":"Mousse Jab\u00f3n Exfoliante Lavender. Este Mousse de Jab\u00f3n Exfoliante natural, deja la piel suave e hidratada. La incre\u00edble Mousse Exfoliante a","robots":{"index":"index","follow":"follow","max-snippet":"max-snippet:-1","max-image-preview":"max-image-preview:large","max-video-preview":"max-video-preview:-1"},"canonical":"https:\/\/www.anaromanature.com\/index.php\/producto\/mousse-jabon-exfoliante-lavender\/","og_locale":"es_ES","og_type":"article","og_title":"Mousse Jab\u00f3n Exfoliante Lavender - Anaroma Nature - Tienda Online","og_description":"Mousse Jab\u00f3n Exfoliante Lavender. Este Mousse de Jab\u00f3n Exfoliante natural, deja la piel suave e hidratada. La incre\u00edble Mousse Exfoliante a","og_url":"https:\/\/www.anaromanature.com\/index.php\/producto\/mousse-jabon-exfoliante-lavender\/","og_site_name":"Anaroma Nature","article_publisher":"http:\/\/facebook.com\/Anaroma-326324794814915","article_modified_time":"2024-02-13T23:05:52+00:00","og_image":[{"width":600,"height":600,"url":"https:\/\/www.anaromanature.com\/wp-content\/uploads\/2021\/03\/Mousse-Jabon-Exfoliante-Lavender-1.jpg","type":"image\/jpeg"}],"twitter_card":"summary_large_image","twitter_misc":{"Tiempo de lectura":"1 minuto"},"schema":{"@context":"https:\/\/schema.org","@graph":[{"@type":"WebPage","@id":"https:\/\/www.anaromanature.com\/index.php\/producto\/mousse-jabon-exfoliante-lavender\/","url":"https:\/\/www.anaromanature.com\/index.php\/producto\/mousse-jabon-exfoliante-lavender\/","name":"Mousse Jab\u00f3n Exfoliante Lavender - Anaroma Nature - Tienda Online","isPartOf":{"@id":"https:\/\/www.anaromanature.com\/#website"},"primaryImageOfPage":{"@id":"https:\/\/www.anaromanature.com\/index.php\/producto\/mousse-jabon-exfoliante-lavender\/#primaryimage"},"image":{"@id":"https:\/\/www.anaromanature.com\/index.php\/producto\/mousse-jabon-exfoliante-lavender\/#primaryimage"},"thumbnailUrl":"https:\/\/www.anaromanature.com\/wp-content\/uploads\/2021\/03\/Mousse-Jabon-Exfoliante-Lavender-1.jpg","datePublished":"2021-03-06T16:00:29+00:00","dateModified":"2024-02-13T23:05:52+00:00","description":"Mousse Jab\u00f3n Exfoliante Lavender. Este Mousse de Jab\u00f3n Exfoliante natural, deja la piel suave e hidratada. La incre\u00edble Mousse Exfoliante a","breadcrumb":{"@id":"https:\/\/www.anaromanature.com\/index.php\/producto\/mousse-jabon-exfoliante-lavender\/#breadcrumb"},"inLanguage":"es","potentialAction":[{"@type":"ReadAction","target":["https:\/\/www.anaromanature.com\/index.php\/producto\/mousse-jabon-exfoliante-lavender\/"]}]},{"@type":"ImageObject","inLanguage":"es","@id":"https:\/\/www.anaromanature.com\/index.php\/producto\/mousse-jabon-exfoliante-lavender\/#primaryimage","url":"https:\/\/www.anaromanature.com\/wp-content\/uploads\/2021\/03\/Mousse-Jabon-Exfoliante-Lavender-1.jpg","contentUrl":"https:\/\/www.anaromanature.com\/wp-content\/uploads\/2021\/03\/Mousse-Jabon-Exfoliante-Lavender-1.jpg","width":600,"height":600,"caption":"Mousse Jabon Exfoliante Lavender 1"},{"@type":"BreadcrumbList","@id":"https:\/\/www.anaromanature.com\/index.php\/producto\/mousse-jabon-exfoliante-lavender\/#breadcrumb","itemListElement":[{"@type":"ListItem","position":1,"name":"Portada","item":"https:\/\/www.anaromanature.com\/"},{"@type":"ListItem","position":2,"name":"Tienda","item":"https:\/\/www.anaromanature.com\/index.php\/tienda-premium-online-anarome-nature\/"},{"@type":"ListItem","position":3,"name":"Mousse Jab\u00f3n Exfoliante Lavender"}]},{"@type":"WebSite","@id":"https:\/\/www.anaromanature.com\/#website","url":"https:\/\/www.anaromanature.com\/","name":"Anaroma Nature","description":"Aromas y color","publisher":{"@id":"https:\/\/www.anaromanature.com\/#organization"},"potentialAction":[{"@type":"SearchAction","target":{"@type":"EntryPoint","urlTemplate":"https:\/\/www.anaromanature.com\/?s={search_term_string}"},"query-input":{"@type":"PropertyValueSpecification","valueRequired":true,"valueName":"search_term_string"}}],"inLanguage":"es"},{"@type":"Organization","@id":"https:\/\/www.anaromanature.com\/#organization","name":"Anaroma Nature","url":"https:\/\/www.anaromanature.com\/","logo":{"@type":"ImageObject","inLanguage":"es","@id":"https:\/\/www.anaromanature.com\/#\/schema\/logo\/image\/","url":"https:\/\/i2.wp.com\/www.anaromanature.com\/wp-content\/uploads\/2021\/02\/cropped-Logotipo-Anaroma-2.png?fit=290%2C288&ssl=1","contentUrl":"https:\/\/i2.wp.com\/www.anaromanature.com\/wp-content\/uploads\/2021\/02\/cropped-Logotipo-Anaroma-2.png?fit=290%2C288&ssl=1","width":290,"height":288,"caption":"Anaroma Nature"},"image":{"@id":"https:\/\/www.anaromanature.com\/#\/schema\/logo\/image\/"},"sameAs":["http:\/\/facebook.com\/Anaroma-326324794814915","http:\/\/instagram.com\/anaromanature"]}]}},"_links":{"self":[{"href":"https:\/\/www.anaromanature.com\/index.php\/wp-json\/wp\/v2\/product\/2098","targetHints":{"allow":["GET"]}}],"collection":[{"href":"https:\/\/www.anaromanature.com\/index.php\/wp-json\/wp\/v2\/product"}],"about":[{"href":"https:\/\/www.anaromanature.com\/index.php\/wp-json\/wp\/v2\/types\/product"}],"replies":[{"embeddable":true,"href":"https:\/\/www.anaromanature.com\/index.php\/wp-json\/wp\/v2\/comments?post=2098"}],"wp:featuredmedia":[{"embeddable":true,"href":"https:\/\/www.anaromanature.com\/index.php\/wp-json\/wp\/v2\/media\/2129"}],"wp:attachment":[{"href":"https:\/\/www.anaromanature.com\/index.php\/wp-json\/wp\/v2\/media?parent=2098"}],"wp:term":[{"taxonomy":"product_brand","embeddable":true,"href":"https:\/\/www.anaromanature.com\/index.php\/wp-json\/wp\/v2\/product_brand?post=2098"},{"taxonomy":"product_cat","embeddable":true,"href":"https:\/\/www.anaromanature.com\/index.php\/wp-json\/wp\/v2\/product_cat?post=2098"},{"taxonomy":"product_tag","embeddable":true,"href":"https:\/\/www.anaromanature.com\/index.php\/wp-json\/wp\/v2\/product_tag?post=2098"}],"curies":[{"name":"wp","href":"https:\/\/api.w.org\/{rel}","templated":true}]}}