{"id":2155,"date":"2021-03-06T18:57:27","date_gmt":"2021-03-06T17:57:27","guid":{"rendered":"https:\/\/www.anaromanature.com\/index.php\/producto\/balsamo-labial-natural-free\/"},"modified":"2024-06-12T17:25:52","modified_gmt":"2024-06-12T16:25:52","slug":"balsamo-labial-natural-free","status":"publish","type":"product","link":"https:\/\/www.anaromanature.com\/index.php\/producto\/balsamo-labial-natural-free\/","title":{"rendered":"B\u00e1lsamo Labial Natural Free"},"content":{"rendered":"<p>B\u00e1lsamo Labial Natural Free<\/p>\n<p>Los b\u00e1lsamos labiales naturales contienen:<\/p>\n<ul>\n<li>Aceite de Almendras<\/li>\n<li>Cera Candelilla<\/li>\n<li>Cera Blanca de Abejas<\/li>\n<li>Manteca de Karit\u00e9<\/li>\n<li>Jojoba<\/li>\n<li>Ceras de Aceite de Girasol<\/li>\n<li>Ceras de Flor de Acacia<\/li>\n<li>Vitamina E.<\/li>\n<\/ul>\n<p>El <strong>Aceite de Almendras<\/strong> tiene propiedades emolientes, suavizantes e hidratantes. El aceite de almendras qu\u00edmicamente es un triglic\u00e9rido de \u00e1cidos grasos vegetales. La fracci\u00f3n insaponificable de la almendra dulce, constituida sobre todo de escualeno, tocoferol y fitoesteroles garantizan a la piel el aporte de sustancias altamente nutritivas.<\/p>\n<p>La aplicaci\u00f3n t\u00f3pica del insaponificable vegetal act\u00faa, favoreciendo la tonicidad y la elasticidad de la piel.<\/p>\n<p>La <strong>Manteca de Karit\u00e9<\/strong> tiene un factor hidratante, emoliente y protector de la piel. Es un poderoso agente hidratante y muy nutritivo. Gracias a su riqueza en \u00e1cidos grasos insaturados, es un regenerador celular natural con grandes propiedades suavizantes y reestructurantes proporcionando a la piel una mayor firmeza y suavidad.<\/p>\n<p><strong>MODO DE EMPLEO:<\/strong>\u00a0Aplicar una capa generosa de b\u00e1lsamo labial sobre los labios secos o en zonas externas de la boca si lo desea. No aplicar sobre mucosas, ni heridas abiertas, ni en ni\u00f1os menores de 2 a\u00f1os.<\/p>\n<p>Sin parabenos y Sin siliconas.<\/p>\n<p>4,5 grs<\/p>\n<p>B\u00e1lsamo Labial Natural Free<\/p>\n<p>Cuida tu piel con\u00a0<a href=\"https:\/\/www.anaromanature.com\/\">Anaroma Nature<\/a><\/p>\n<p><a href=\"mailto:%20info@anaromanature.com\">Cons\u00faltanos\u00a0<\/a>lo que necesites saber o aclarar.<\/p>\n<p>Visita nuestro\u00a0<a href=\"https:\/\/www.instagram.com\/anaromanature\/\">Instagram<\/a>.<\/p>\n","protected":false},"excerpt":{"rendered":"<p><a href=\"https:\/\/www.anaromanature.com\/wp-content\/uploads\/2021\/03\/Logo-Bubbles.jpg\"><img decoding=\"async\" class=\" wp-image-1856\" title=\"Logo Bubbles\" src=\"https:\/\/www.anaromanature.com\/wp-content\/uploads\/2021\/03\/Logo-Bubbles.jpg\" alt=\"Logo Bubbles\" width=\"130\" height=\"130\" srcset=\"https:\/\/www.anaromanature.com\/wp-content\/uploads\/2021\/03\/Logo-Bubbles.jpg 356w, https:\/\/www.anaromanature.com\/wp-content\/uploads\/2021\/03\/Logo-Bubbles-300x300.jpg 300w, https:\/\/www.anaromanature.com\/wp-content\/uploads\/2021\/03\/Logo-Bubbles-150x150.jpg 150w, https:\/\/www.anaromanature.com\/wp-content\/uploads\/2021\/03\/Logo-Bubbles-75x75.jpg 75w, https:\/\/www.anaromanature.com\/wp-content\/uploads\/2021\/03\/Logo-Bubbles-100x100.jpg 100w\" sizes=\"(max-width: 130px) 100vw, 130px\" \/><\/a><\/p>\n<hr \/>\n<p>B\u00e1lsamo labial natural\u00a0<strong>Free<\/strong>\u00a0(Neutro, sin aroma).<\/p>\n<p>Con\u00a0<strong>Aceite de Almendras, Manteca de Karit\u00e9, Jojoba y Vitamina E.<\/strong><\/p>\n<p><strong>Sin aromas a\u00f1adidos.<\/strong><\/p>\n<p>Producto natural.<\/p>\n<p>4,5 grs por labial<\/p>\n<hr \/>\n<p><a href=\"https:\/\/www.anaromanature.com\/wp-content\/uploads\/2021\/03\/libre-de-parabenos-sin-sls-sin-sles_1.png\"><img decoding=\"async\" class=\" wp-image-2108\" title=\"libre de parabenos sin sls sin sles 1\" src=\"https:\/\/www.anaromanature.com\/wp-content\/uploads\/2021\/03\/libre-de-parabenos-sin-sls-sin-sles_1.png\" alt=\"libre de parabenos sin sls sin sles 1\" width=\"80\" height=\"80\" srcset=\"https:\/\/www.anaromanature.com\/wp-content\/uploads\/2021\/03\/libre-de-parabenos-sin-sls-sin-sles_1.png 125w, https:\/\/www.anaromanature.com\/wp-content\/uploads\/2021\/03\/libre-de-parabenos-sin-sls-sin-sles_1-75x75.png 75w, https:\/\/www.anaromanature.com\/wp-content\/uploads\/2021\/03\/libre-de-parabenos-sin-sls-sin-sles_1-100x100.png 100w\" sizes=\"(max-width: 80px) 100vw, 80px\" \/><\/a><\/p>\n","protected":false},"featured_media":2166,"comment_status":"open","ping_status":"closed","template":"","meta":{"_joinchat":[]},"product_brand":[],"product_cat":[406,153,412],"product_tag":[309,383,403],"class_list":{"0":"post-2155","1":"product","2":"type-product","3":"status-publish","4":"has-post-thumbnail","6":"product_cat-balsamo-labial","7":"product_cat-cosmetica-facial","8":"product_cat-junior-cosmetica","9":"product_tag-balsamo-labial","10":"product_tag-bubbles-colors","11":"product_tag-free","12":"latest_post","14":"first","15":"outofstock","16":"taxable","17":"shipping-taxable","18":"purchasable","19":"product-type-simple"},"yoast_head":"<!-- This site is optimized with the Yoast SEO plugin v27.1.1 - https:\/\/yoast.com\/product\/yoast-seo-wordpress\/ -->\n<title>B\u00e1lsamo Labial Natural Free - Anaroma Nature - Tienda Online<\/title>\n<meta name=\"description\" content=\"B\u00e1lsamo Labial Natural Free. Los b\u00e1lsamos labiales naturales contienen: Aceite de Almendras. Cera Candelilla. Cera Blanca de Abejas\" \/>\n<meta name=\"robots\" content=\"index, follow, max-snippet:-1, max-image-preview:large, max-video-preview:-1\" \/>\n<link rel=\"canonical\" href=\"https:\/\/www.anaromanature.com\/index.php\/producto\/balsamo-labial-natural-free\/\" \/>\n<meta property=\"og:locale\" content=\"es_ES\" \/>\n<meta property=\"og:type\" content=\"article\" \/>\n<meta property=\"og:title\" content=\"B\u00e1lsamo Labial Natural Free - Anaroma Nature - Tienda Online\" \/>\n<meta property=\"og:description\" content=\"B\u00e1lsamo Labial Natural Free. Los b\u00e1lsamos labiales naturales contienen: Aceite de Almendras. Cera Candelilla. Cera Blanca de Abejas\" \/>\n<meta property=\"og:url\" content=\"https:\/\/www.anaromanature.com\/index.php\/producto\/balsamo-labial-natural-free\/\" \/>\n<meta property=\"og:site_name\" content=\"Anaroma Nature\" \/>\n<meta property=\"article:publisher\" content=\"http:\/\/facebook.com\/Anaroma-326324794814915\" \/>\n<meta property=\"article:modified_time\" content=\"2024-06-12T16:25:52+00:00\" \/>\n<meta property=\"og:image\" content=\"https:\/\/www.anaromanature.com\/wp-content\/uploads\/2021\/03\/Balsamo-Labial-Natural-Free-1.jpg\" \/>\n\t<meta property=\"og:image:width\" content=\"600\" \/>\n\t<meta property=\"og:image:height\" content=\"600\" \/>\n\t<meta property=\"og:image:type\" content=\"image\/jpeg\" \/>\n<meta name=\"twitter:card\" content=\"summary_large_image\" \/>\n<meta name=\"twitter:label1\" content=\"Tiempo de lectura\" \/>\n\t<meta name=\"twitter:data1\" content=\"1 minuto\" \/>\n<script type=\"application\/ld+json\" class=\"yoast-schema-graph\">{\"@context\":\"https:\/\/schema.org\",\"@graph\":[{\"@type\":\"WebPage\",\"@id\":\"https:\/\/www.anaromanature.com\/index.php\/producto\/balsamo-labial-natural-free\/\",\"url\":\"https:\/\/www.anaromanature.com\/index.php\/producto\/balsamo-labial-natural-free\/\",\"name\":\"B\u00e1lsamo Labial Natural Free - Anaroma Nature - Tienda Online\",\"isPartOf\":{\"@id\":\"https:\/\/www.anaromanature.com\/#website\"},\"primaryImageOfPage\":{\"@id\":\"https:\/\/www.anaromanature.com\/index.php\/producto\/balsamo-labial-natural-free\/#primaryimage\"},\"image\":{\"@id\":\"https:\/\/www.anaromanature.com\/index.php\/producto\/balsamo-labial-natural-free\/#primaryimage\"},\"thumbnailUrl\":\"https:\/\/www.anaromanature.com\/wp-content\/uploads\/2021\/03\/Balsamo-Labial-Natural-Free-1.jpg\",\"datePublished\":\"2021-03-06T17:57:27+00:00\",\"dateModified\":\"2024-06-12T16:25:52+00:00\",\"description\":\"B\u00e1lsamo Labial Natural Free. Los b\u00e1lsamos labiales naturales contienen: Aceite de Almendras. Cera Candelilla. Cera Blanca de Abejas\",\"breadcrumb\":{\"@id\":\"https:\/\/www.anaromanature.com\/index.php\/producto\/balsamo-labial-natural-free\/#breadcrumb\"},\"inLanguage\":\"es\",\"potentialAction\":[{\"@type\":\"ReadAction\",\"target\":[\"https:\/\/www.anaromanature.com\/index.php\/producto\/balsamo-labial-natural-free\/\"]}]},{\"@type\":\"ImageObject\",\"inLanguage\":\"es\",\"@id\":\"https:\/\/www.anaromanature.com\/index.php\/producto\/balsamo-labial-natural-free\/#primaryimage\",\"url\":\"https:\/\/www.anaromanature.com\/wp-content\/uploads\/2021\/03\/Balsamo-Labial-Natural-Free-1.jpg\",\"contentUrl\":\"https:\/\/www.anaromanature.com\/wp-content\/uploads\/2021\/03\/Balsamo-Labial-Natural-Free-1.jpg\",\"width\":600,\"height\":600,\"caption\":\"Balsamo Labial Natural Free 1\"},{\"@type\":\"BreadcrumbList\",\"@id\":\"https:\/\/www.anaromanature.com\/index.php\/producto\/balsamo-labial-natural-free\/#breadcrumb\",\"itemListElement\":[{\"@type\":\"ListItem\",\"position\":1,\"name\":\"Portada\",\"item\":\"https:\/\/www.anaromanature.com\/\"},{\"@type\":\"ListItem\",\"position\":2,\"name\":\"Tienda\",\"item\":\"https:\/\/www.anaromanature.com\/index.php\/tienda-premium-online-anarome-nature\/\"},{\"@type\":\"ListItem\",\"position\":3,\"name\":\"B\u00e1lsamo Labial Natural Free\"}]},{\"@type\":\"WebSite\",\"@id\":\"https:\/\/www.anaromanature.com\/#website\",\"url\":\"https:\/\/www.anaromanature.com\/\",\"name\":\"Anaroma Nature\",\"description\":\"Aromas y color\",\"publisher\":{\"@id\":\"https:\/\/www.anaromanature.com\/#organization\"},\"potentialAction\":[{\"@type\":\"SearchAction\",\"target\":{\"@type\":\"EntryPoint\",\"urlTemplate\":\"https:\/\/www.anaromanature.com\/?s={search_term_string}\"},\"query-input\":{\"@type\":\"PropertyValueSpecification\",\"valueRequired\":true,\"valueName\":\"search_term_string\"}}],\"inLanguage\":\"es\"},{\"@type\":\"Organization\",\"@id\":\"https:\/\/www.anaromanature.com\/#organization\",\"name\":\"Anaroma Nature\",\"url\":\"https:\/\/www.anaromanature.com\/\",\"logo\":{\"@type\":\"ImageObject\",\"inLanguage\":\"es\",\"@id\":\"https:\/\/www.anaromanature.com\/#\/schema\/logo\/image\/\",\"url\":\"https:\/\/i2.wp.com\/www.anaromanature.com\/wp-content\/uploads\/2021\/02\/cropped-Logotipo-Anaroma-2.png?fit=290%2C288&ssl=1\",\"contentUrl\":\"https:\/\/i2.wp.com\/www.anaromanature.com\/wp-content\/uploads\/2021\/02\/cropped-Logotipo-Anaroma-2.png?fit=290%2C288&ssl=1\",\"width\":290,\"height\":288,\"caption\":\"Anaroma Nature\"},\"image\":{\"@id\":\"https:\/\/www.anaromanature.com\/#\/schema\/logo\/image\/\"},\"sameAs\":[\"http:\/\/facebook.com\/Anaroma-326324794814915\",\"http:\/\/instagram.com\/anaromanature\"]}]}<\/script>\n<!-- \/ Yoast SEO plugin. -->","yoast_head_json":{"title":"B\u00e1lsamo Labial Natural Free - Anaroma Nature - Tienda Online","description":"B\u00e1lsamo Labial Natural Free. Los b\u00e1lsamos labiales naturales contienen: Aceite de Almendras. Cera Candelilla. Cera Blanca de Abejas","robots":{"index":"index","follow":"follow","max-snippet":"max-snippet:-1","max-image-preview":"max-image-preview:large","max-video-preview":"max-video-preview:-1"},"canonical":"https:\/\/www.anaromanature.com\/index.php\/producto\/balsamo-labial-natural-free\/","og_locale":"es_ES","og_type":"article","og_title":"B\u00e1lsamo Labial Natural Free - Anaroma Nature - Tienda Online","og_description":"B\u00e1lsamo Labial Natural Free. Los b\u00e1lsamos labiales naturales contienen: Aceite de Almendras. Cera Candelilla. Cera Blanca de Abejas","og_url":"https:\/\/www.anaromanature.com\/index.php\/producto\/balsamo-labial-natural-free\/","og_site_name":"Anaroma Nature","article_publisher":"http:\/\/facebook.com\/Anaroma-326324794814915","article_modified_time":"2024-06-12T16:25:52+00:00","og_image":[{"width":600,"height":600,"url":"https:\/\/www.anaromanature.com\/wp-content\/uploads\/2021\/03\/Balsamo-Labial-Natural-Free-1.jpg","type":"image\/jpeg"}],"twitter_card":"summary_large_image","twitter_misc":{"Tiempo de lectura":"1 minuto"},"schema":{"@context":"https:\/\/schema.org","@graph":[{"@type":"WebPage","@id":"https:\/\/www.anaromanature.com\/index.php\/producto\/balsamo-labial-natural-free\/","url":"https:\/\/www.anaromanature.com\/index.php\/producto\/balsamo-labial-natural-free\/","name":"B\u00e1lsamo Labial Natural Free - Anaroma Nature - Tienda Online","isPartOf":{"@id":"https:\/\/www.anaromanature.com\/#website"},"primaryImageOfPage":{"@id":"https:\/\/www.anaromanature.com\/index.php\/producto\/balsamo-labial-natural-free\/#primaryimage"},"image":{"@id":"https:\/\/www.anaromanature.com\/index.php\/producto\/balsamo-labial-natural-free\/#primaryimage"},"thumbnailUrl":"https:\/\/www.anaromanature.com\/wp-content\/uploads\/2021\/03\/Balsamo-Labial-Natural-Free-1.jpg","datePublished":"2021-03-06T17:57:27+00:00","dateModified":"2024-06-12T16:25:52+00:00","description":"B\u00e1lsamo Labial Natural Free. Los b\u00e1lsamos labiales naturales contienen: Aceite de Almendras. Cera Candelilla. Cera Blanca de Abejas","breadcrumb":{"@id":"https:\/\/www.anaromanature.com\/index.php\/producto\/balsamo-labial-natural-free\/#breadcrumb"},"inLanguage":"es","potentialAction":[{"@type":"ReadAction","target":["https:\/\/www.anaromanature.com\/index.php\/producto\/balsamo-labial-natural-free\/"]}]},{"@type":"ImageObject","inLanguage":"es","@id":"https:\/\/www.anaromanature.com\/index.php\/producto\/balsamo-labial-natural-free\/#primaryimage","url":"https:\/\/www.anaromanature.com\/wp-content\/uploads\/2021\/03\/Balsamo-Labial-Natural-Free-1.jpg","contentUrl":"https:\/\/www.anaromanature.com\/wp-content\/uploads\/2021\/03\/Balsamo-Labial-Natural-Free-1.jpg","width":600,"height":600,"caption":"Balsamo Labial Natural Free 1"},{"@type":"BreadcrumbList","@id":"https:\/\/www.anaromanature.com\/index.php\/producto\/balsamo-labial-natural-free\/#breadcrumb","itemListElement":[{"@type":"ListItem","position":1,"name":"Portada","item":"https:\/\/www.anaromanature.com\/"},{"@type":"ListItem","position":2,"name":"Tienda","item":"https:\/\/www.anaromanature.com\/index.php\/tienda-premium-online-anarome-nature\/"},{"@type":"ListItem","position":3,"name":"B\u00e1lsamo Labial Natural Free"}]},{"@type":"WebSite","@id":"https:\/\/www.anaromanature.com\/#website","url":"https:\/\/www.anaromanature.com\/","name":"Anaroma Nature","description":"Aromas y color","publisher":{"@id":"https:\/\/www.anaromanature.com\/#organization"},"potentialAction":[{"@type":"SearchAction","target":{"@type":"EntryPoint","urlTemplate":"https:\/\/www.anaromanature.com\/?s={search_term_string}"},"query-input":{"@type":"PropertyValueSpecification","valueRequired":true,"valueName":"search_term_string"}}],"inLanguage":"es"},{"@type":"Organization","@id":"https:\/\/www.anaromanature.com\/#organization","name":"Anaroma Nature","url":"https:\/\/www.anaromanature.com\/","logo":{"@type":"ImageObject","inLanguage":"es","@id":"https:\/\/www.anaromanature.com\/#\/schema\/logo\/image\/","url":"https:\/\/i2.wp.com\/www.anaromanature.com\/wp-content\/uploads\/2021\/02\/cropped-Logotipo-Anaroma-2.png?fit=290%2C288&ssl=1","contentUrl":"https:\/\/i2.wp.com\/www.anaromanature.com\/wp-content\/uploads\/2021\/02\/cropped-Logotipo-Anaroma-2.png?fit=290%2C288&ssl=1","width":290,"height":288,"caption":"Anaroma Nature"},"image":{"@id":"https:\/\/www.anaromanature.com\/#\/schema\/logo\/image\/"},"sameAs":["http:\/\/facebook.com\/Anaroma-326324794814915","http:\/\/instagram.com\/anaromanature"]}]}},"_links":{"self":[{"href":"https:\/\/www.anaromanature.com\/index.php\/wp-json\/wp\/v2\/product\/2155","targetHints":{"allow":["GET"]}}],"collection":[{"href":"https:\/\/www.anaromanature.com\/index.php\/wp-json\/wp\/v2\/product"}],"about":[{"href":"https:\/\/www.anaromanature.com\/index.php\/wp-json\/wp\/v2\/types\/product"}],"replies":[{"embeddable":true,"href":"https:\/\/www.anaromanature.com\/index.php\/wp-json\/wp\/v2\/comments?post=2155"}],"wp:featuredmedia":[{"embeddable":true,"href":"https:\/\/www.anaromanature.com\/index.php\/wp-json\/wp\/v2\/media\/2166"}],"wp:attachment":[{"href":"https:\/\/www.anaromanature.com\/index.php\/wp-json\/wp\/v2\/media?parent=2155"}],"wp:term":[{"taxonomy":"product_brand","embeddable":true,"href":"https:\/\/www.anaromanature.com\/index.php\/wp-json\/wp\/v2\/product_brand?post=2155"},{"taxonomy":"product_cat","embeddable":true,"href":"https:\/\/www.anaromanature.com\/index.php\/wp-json\/wp\/v2\/product_cat?post=2155"},{"taxonomy":"product_tag","embeddable":true,"href":"https:\/\/www.anaromanature.com\/index.php\/wp-json\/wp\/v2\/product_tag?post=2155"}],"curies":[{"name":"wp","href":"https:\/\/api.w.org\/{rel}","templated":true}]}}