{"id":2314,"date":"2021-03-07T20:13:16","date_gmt":"2021-03-07T19:13:16","guid":{"rendered":"https:\/\/www.anaromanature.com\/index.php\/producto\/aceite-bano-masaje-fantasy-especial-nina\/"},"modified":"2021-03-08T19:17:49","modified_gmt":"2021-03-08T18:17:49","slug":"aceite-bano-masaje-fantasy-especial-nina","status":"publish","type":"product","link":"https:\/\/www.anaromanature.com\/index.php\/producto\/aceite-bano-masaje-fantasy-especial-nina\/","title":{"rendered":"Aceite Ba\u00f1o\/Masaje Fantasy (Especial ni\u00f1a)"},"content":{"rendered":"<p>Aceite Ba\u00f1o\/Masaje Fantasy (Especial ni\u00f1a)<\/p>\n<p>Una dosis del mejor aceite puro de almendras dulces 100% Natural para aportar hasta 8h de hidrataci\u00f3n y suavidad en la piel. Suaviza de un modo instant\u00e1neo la piel gracias a la combinaci\u00f3n de aceites combinados en con cada fragancia.<\/p>\n<p>Aceites ideales para masajes por su textura suave y ligera de intensas fragancias frutales, floral y herbal.<\/p>\n<p>No contiene la habitual qu\u00edmica a\u00f1adida de uso muy cotidiano en estas l\u00edneas de art\u00edculos. Un aceite corporal Libre de Aceites qu\u00edmicos elaborado con aceite de almendras puro para reestucturar el manto lip\u00eddico de la piel que mantienen la hidrataci\u00f3n natural de piel.<\/p>\n<p><strong>MODO DE USO:<\/strong> Verter unas gotas en el agua de ba\u00f1o junto con nuestro Gel o Espuma de ba\u00f1o preferido o aplicar con la piel h\u00fameda tras el ba\u00f1o, dejar absorber y despu\u00e9s secar.<\/p>\n<p><strong>INGREDIENTES ACTIVOS: <\/strong>Prunus Amygdalus Dulcis (Sweet Almond) Oil, Parfum, Tocopheryl Acetate.<\/p>\n<p>Producto libre de parabenos y no testado en animales.<\/p>\n<p>Contenido: 250ml<\/p>\n<p>Aceite Ba\u00f1o\/Masaje Fantasy (Especial ni\u00f1a)<\/p>\n<p>Cuida tu piel con\u00a0<a href=\"https:\/\/www.anaromanature.com\/\">Anaroma Nature<\/a><\/p>\n<p><a href=\"mailto:%20info@anaromanature.com\">Cons\u00faltanos\u00a0<\/a>lo que necesites saber o aclarar.<\/p>\n<p>Visita nuestro\u00a0<a href=\"https:\/\/www.instagram.com\/anaromanature\/\">Instagram<\/a>.<\/p>\n","protected":false},"excerpt":{"rendered":"<p><a href=\"https:\/\/www.anaromanature.com\/wp-content\/uploads\/2021\/03\/Logo-Bubbles.jpg\"><img decoding=\"async\" class=\" wp-image-1856\" title=\"Logo Bubbles\" src=\"https:\/\/www.anaromanature.com\/wp-content\/uploads\/2021\/03\/Logo-Bubbles.jpg\" alt=\"Logo Bubbles\" width=\"130\" height=\"130\" srcset=\"https:\/\/www.anaromanature.com\/wp-content\/uploads\/2021\/03\/Logo-Bubbles.jpg 356w, https:\/\/www.anaromanature.com\/wp-content\/uploads\/2021\/03\/Logo-Bubbles-300x300.jpg 300w, https:\/\/www.anaromanature.com\/wp-content\/uploads\/2021\/03\/Logo-Bubbles-150x150.jpg 150w, https:\/\/www.anaromanature.com\/wp-content\/uploads\/2021\/03\/Logo-Bubbles-75x75.jpg 75w, https:\/\/www.anaromanature.com\/wp-content\/uploads\/2021\/03\/Logo-Bubbles-100x100.jpg 100w\" sizes=\"(max-width: 130px) 100vw, 130px\" \/><\/a><\/p>\n<hr \/>\n<p>Aceite de masaje y ba\u00f1o delicado y suave para los m\u00e1s peque\u00f1os (incluidos beb\u00e9s)<\/p>\n<p>Aromatizado con aceites esenciales y con base de aceite de almendras puro<\/p>\n<p><strong>Aroma de Freesia.<\/strong><\/p>\n<p>Sin parabenos, sin lauryl sulfato, sin qu\u00edmica agresiva.<\/p>\n<p>Envase: 250ml<\/p>\n<hr \/>\n<p><a href=\"https:\/\/www.anaromanature.com\/wp-content\/uploads\/2021\/03\/libre-de-parabenos-sin-sls-sin-sles_1.png\"><img decoding=\"async\" class=\" wp-image-2108\" title=\"libre de parabenos sin sls sin sles 1\" src=\"https:\/\/www.anaromanature.com\/wp-content\/uploads\/2021\/03\/libre-de-parabenos-sin-sls-sin-sles_1.png\" alt=\"libre de parabenos sin sls sin sles 1\" width=\"80\" height=\"80\" srcset=\"https:\/\/www.anaromanature.com\/wp-content\/uploads\/2021\/03\/libre-de-parabenos-sin-sls-sin-sles_1.png 125w, https:\/\/www.anaromanature.com\/wp-content\/uploads\/2021\/03\/libre-de-parabenos-sin-sls-sin-sles_1-75x75.png 75w, https:\/\/www.anaromanature.com\/wp-content\/uploads\/2021\/03\/libre-de-parabenos-sin-sls-sin-sles_1-100x100.png 100w\" sizes=\"(max-width: 80px) 100vw, 80px\" \/><\/a><\/p>\n","protected":false},"featured_media":2327,"comment_status":"open","ping_status":"closed","template":"","meta":{"_joinchat":[]},"product_brand":[],"product_cat":[167,165,412],"product_tag":[409,383,379],"class_list":{"0":"post-2314","1":"product","2":"type-product","3":"status-publish","4":"has-post-thumbnail","6":"product_cat-aceite-corporal","7":"product_cat-cosmetica-corporal","8":"product_cat-junior-cosmetica","9":"product_tag-aceite-bano-masaje","10":"product_tag-bubbles-colors","11":"product_tag-fantasy","12":"latest_post","14":"first","15":"instock","16":"taxable","17":"shipping-taxable","18":"purchasable","19":"product-type-simple"},"yoast_head":"<!-- This site is optimized with the Yoast SEO plugin v27.4 - https:\/\/yoast.com\/product\/yoast-seo-wordpress\/ -->\n<title>Aceite Ba\u00f1o\/Masaje Fantasy (Especial ni\u00f1a) - Anaroma Nature<\/title>\n<meta name=\"description\" content=\"Aceite Ba\u00f1o\/Masaje Fantasy. Una dosis del mejor aceite puro de almendras dulces 100% Natural para aportar hasta 8h de hidrataci\u00f3n y suavidad\" \/>\n<meta name=\"robots\" content=\"index, follow, max-snippet:-1, max-image-preview:large, max-video-preview:-1\" \/>\n<link rel=\"canonical\" href=\"https:\/\/www.anaromanature.com\/index.php\/producto\/aceite-bano-masaje-fantasy-especial-nina\/\" \/>\n<meta property=\"og:locale\" content=\"es_ES\" \/>\n<meta property=\"og:type\" content=\"article\" \/>\n<meta property=\"og:title\" content=\"Aceite Ba\u00f1o\/Masaje Fantasy (Especial ni\u00f1a) - Anaroma Nature\" \/>\n<meta property=\"og:description\" content=\"Aceite Ba\u00f1o\/Masaje Fantasy. Una dosis del mejor aceite puro de almendras dulces 100% Natural para aportar hasta 8h de hidrataci\u00f3n y suavidad\" \/>\n<meta property=\"og:url\" content=\"https:\/\/www.anaromanature.com\/index.php\/producto\/aceite-bano-masaje-fantasy-especial-nina\/\" \/>\n<meta property=\"og:site_name\" content=\"Anaroma Nature\" \/>\n<meta property=\"article:publisher\" content=\"http:\/\/facebook.com\/Anaroma-326324794814915\" \/>\n<meta property=\"article:modified_time\" content=\"2021-03-08T18:17:49+00:00\" \/>\n<meta property=\"og:image\" content=\"https:\/\/i0.wp.com\/www.anaromanature.com\/wp-content\/uploads\/2021\/03\/aceite-de-bano-y-masaje-fantasy-especial-ninas.jpg?fit=750%2C750&ssl=1\" \/>\n\t<meta property=\"og:image:width\" content=\"750\" \/>\n\t<meta property=\"og:image:height\" content=\"750\" \/>\n\t<meta property=\"og:image:type\" content=\"image\/jpeg\" \/>\n<meta name=\"twitter:card\" content=\"summary_large_image\" \/>\n<meta name=\"twitter:label1\" content=\"Tiempo de lectura\" \/>\n\t<meta name=\"twitter:data1\" content=\"1 minuto\" \/>\n<script type=\"application\/ld+json\" class=\"yoast-schema-graph\">{\"@context\":\"https:\\\/\\\/schema.org\",\"@graph\":[{\"@type\":\"WebPage\",\"@id\":\"https:\\\/\\\/www.anaromanature.com\\\/index.php\\\/producto\\\/aceite-bano-masaje-fantasy-especial-nina\\\/\",\"url\":\"https:\\\/\\\/www.anaromanature.com\\\/index.php\\\/producto\\\/aceite-bano-masaje-fantasy-especial-nina\\\/\",\"name\":\"Aceite Ba\u00f1o\\\/Masaje Fantasy (Especial ni\u00f1a) - Anaroma Nature\",\"isPartOf\":{\"@id\":\"https:\\\/\\\/www.anaromanature.com\\\/#website\"},\"primaryImageOfPage\":{\"@id\":\"https:\\\/\\\/www.anaromanature.com\\\/index.php\\\/producto\\\/aceite-bano-masaje-fantasy-especial-nina\\\/#primaryimage\"},\"image\":{\"@id\":\"https:\\\/\\\/www.anaromanature.com\\\/index.php\\\/producto\\\/aceite-bano-masaje-fantasy-especial-nina\\\/#primaryimage\"},\"thumbnailUrl\":\"https:\\\/\\\/www.anaromanature.com\\\/wp-content\\\/uploads\\\/2021\\\/03\\\/aceite-de-bano-y-masaje-fantasy-especial-ninas.jpg\",\"datePublished\":\"2021-03-07T19:13:16+00:00\",\"dateModified\":\"2021-03-08T18:17:49+00:00\",\"description\":\"Aceite Ba\u00f1o\\\/Masaje Fantasy. Una dosis del mejor aceite puro de almendras dulces 100% Natural para aportar hasta 8h de hidrataci\u00f3n y suavidad\",\"breadcrumb\":{\"@id\":\"https:\\\/\\\/www.anaromanature.com\\\/index.php\\\/producto\\\/aceite-bano-masaje-fantasy-especial-nina\\\/#breadcrumb\"},\"inLanguage\":\"es\",\"potentialAction\":[{\"@type\":\"ReadAction\",\"target\":[\"https:\\\/\\\/www.anaromanature.com\\\/index.php\\\/producto\\\/aceite-bano-masaje-fantasy-especial-nina\\\/\"]}]},{\"@type\":\"ImageObject\",\"inLanguage\":\"es\",\"@id\":\"https:\\\/\\\/www.anaromanature.com\\\/index.php\\\/producto\\\/aceite-bano-masaje-fantasy-especial-nina\\\/#primaryimage\",\"url\":\"https:\\\/\\\/www.anaromanature.com\\\/wp-content\\\/uploads\\\/2021\\\/03\\\/aceite-de-bano-y-masaje-fantasy-especial-ninas.jpg\",\"contentUrl\":\"https:\\\/\\\/www.anaromanature.com\\\/wp-content\\\/uploads\\\/2021\\\/03\\\/aceite-de-bano-y-masaje-fantasy-especial-ninas.jpg\",\"width\":600,\"height\":600,\"caption\":\"aceite de bano y masaje fantasy especial ninas\"},{\"@type\":\"BreadcrumbList\",\"@id\":\"https:\\\/\\\/www.anaromanature.com\\\/index.php\\\/producto\\\/aceite-bano-masaje-fantasy-especial-nina\\\/#breadcrumb\",\"itemListElement\":[{\"@type\":\"ListItem\",\"position\":1,\"name\":\"Portada\",\"item\":\"https:\\\/\\\/www.anaromanature.com\\\/\"},{\"@type\":\"ListItem\",\"position\":2,\"name\":\"Tienda\",\"item\":\"https:\\\/\\\/www.anaromanature.com\\\/index.php\\\/tienda-premium-online-anarome-nature\\\/\"},{\"@type\":\"ListItem\",\"position\":3,\"name\":\"Aceite Ba\u00f1o\\\/Masaje Fantasy (Especial ni\u00f1a)\"}]},{\"@type\":\"WebSite\",\"@id\":\"https:\\\/\\\/www.anaromanature.com\\\/#website\",\"url\":\"https:\\\/\\\/www.anaromanature.com\\\/\",\"name\":\"Anaroma Nature\",\"description\":\"Aromas y color\",\"publisher\":{\"@id\":\"https:\\\/\\\/www.anaromanature.com\\\/#organization\"},\"potentialAction\":[{\"@type\":\"SearchAction\",\"target\":{\"@type\":\"EntryPoint\",\"urlTemplate\":\"https:\\\/\\\/www.anaromanature.com\\\/?s={search_term_string}\"},\"query-input\":{\"@type\":\"PropertyValueSpecification\",\"valueRequired\":true,\"valueName\":\"search_term_string\"}}],\"inLanguage\":\"es\"},{\"@type\":\"Organization\",\"@id\":\"https:\\\/\\\/www.anaromanature.com\\\/#organization\",\"name\":\"Anaroma Nature\",\"url\":\"https:\\\/\\\/www.anaromanature.com\\\/\",\"logo\":{\"@type\":\"ImageObject\",\"inLanguage\":\"es\",\"@id\":\"https:\\\/\\\/www.anaromanature.com\\\/#\\\/schema\\\/logo\\\/image\\\/\",\"url\":\"https:\\\/\\\/i2.wp.com\\\/www.anaromanature.com\\\/wp-content\\\/uploads\\\/2021\\\/02\\\/cropped-Logotipo-Anaroma-2.png?fit=290%2C288&ssl=1\",\"contentUrl\":\"https:\\\/\\\/i2.wp.com\\\/www.anaromanature.com\\\/wp-content\\\/uploads\\\/2021\\\/02\\\/cropped-Logotipo-Anaroma-2.png?fit=290%2C288&ssl=1\",\"width\":290,\"height\":288,\"caption\":\"Anaroma Nature\"},\"image\":{\"@id\":\"https:\\\/\\\/www.anaromanature.com\\\/#\\\/schema\\\/logo\\\/image\\\/\"},\"sameAs\":[\"http:\\\/\\\/facebook.com\\\/Anaroma-326324794814915\",\"http:\\\/\\\/instagram.com\\\/anaromanature\"]}]}<\/script>\n<!-- \/ Yoast SEO plugin. -->","yoast_head_json":{"title":"Aceite Ba\u00f1o\/Masaje Fantasy (Especial ni\u00f1a) - Anaroma Nature","description":"Aceite Ba\u00f1o\/Masaje Fantasy. Una dosis del mejor aceite puro de almendras dulces 100% Natural para aportar hasta 8h de hidrataci\u00f3n y suavidad","robots":{"index":"index","follow":"follow","max-snippet":"max-snippet:-1","max-image-preview":"max-image-preview:large","max-video-preview":"max-video-preview:-1"},"canonical":"https:\/\/www.anaromanature.com\/index.php\/producto\/aceite-bano-masaje-fantasy-especial-nina\/","og_locale":"es_ES","og_type":"article","og_title":"Aceite Ba\u00f1o\/Masaje Fantasy (Especial ni\u00f1a) - Anaroma Nature","og_description":"Aceite Ba\u00f1o\/Masaje Fantasy. Una dosis del mejor aceite puro de almendras dulces 100% Natural para aportar hasta 8h de hidrataci\u00f3n y suavidad","og_url":"https:\/\/www.anaromanature.com\/index.php\/producto\/aceite-bano-masaje-fantasy-especial-nina\/","og_site_name":"Anaroma Nature","article_publisher":"http:\/\/facebook.com\/Anaroma-326324794814915","article_modified_time":"2021-03-08T18:17:49+00:00","og_image":[{"width":750,"height":750,"url":"https:\/\/i0.wp.com\/www.anaromanature.com\/wp-content\/uploads\/2021\/03\/aceite-de-bano-y-masaje-fantasy-especial-ninas.jpg?fit=750%2C750&ssl=1","type":"image\/jpeg"}],"twitter_card":"summary_large_image","twitter_misc":{"Tiempo de lectura":"1 minuto"},"schema":{"@context":"https:\/\/schema.org","@graph":[{"@type":"WebPage","@id":"https:\/\/www.anaromanature.com\/index.php\/producto\/aceite-bano-masaje-fantasy-especial-nina\/","url":"https:\/\/www.anaromanature.com\/index.php\/producto\/aceite-bano-masaje-fantasy-especial-nina\/","name":"Aceite Ba\u00f1o\/Masaje Fantasy (Especial ni\u00f1a) - Anaroma Nature","isPartOf":{"@id":"https:\/\/www.anaromanature.com\/#website"},"primaryImageOfPage":{"@id":"https:\/\/www.anaromanature.com\/index.php\/producto\/aceite-bano-masaje-fantasy-especial-nina\/#primaryimage"},"image":{"@id":"https:\/\/www.anaromanature.com\/index.php\/producto\/aceite-bano-masaje-fantasy-especial-nina\/#primaryimage"},"thumbnailUrl":"https:\/\/www.anaromanature.com\/wp-content\/uploads\/2021\/03\/aceite-de-bano-y-masaje-fantasy-especial-ninas.jpg","datePublished":"2021-03-07T19:13:16+00:00","dateModified":"2021-03-08T18:17:49+00:00","description":"Aceite Ba\u00f1o\/Masaje Fantasy. Una dosis del mejor aceite puro de almendras dulces 100% Natural para aportar hasta 8h de hidrataci\u00f3n y suavidad","breadcrumb":{"@id":"https:\/\/www.anaromanature.com\/index.php\/producto\/aceite-bano-masaje-fantasy-especial-nina\/#breadcrumb"},"inLanguage":"es","potentialAction":[{"@type":"ReadAction","target":["https:\/\/www.anaromanature.com\/index.php\/producto\/aceite-bano-masaje-fantasy-especial-nina\/"]}]},{"@type":"ImageObject","inLanguage":"es","@id":"https:\/\/www.anaromanature.com\/index.php\/producto\/aceite-bano-masaje-fantasy-especial-nina\/#primaryimage","url":"https:\/\/www.anaromanature.com\/wp-content\/uploads\/2021\/03\/aceite-de-bano-y-masaje-fantasy-especial-ninas.jpg","contentUrl":"https:\/\/www.anaromanature.com\/wp-content\/uploads\/2021\/03\/aceite-de-bano-y-masaje-fantasy-especial-ninas.jpg","width":600,"height":600,"caption":"aceite de bano y masaje fantasy especial ninas"},{"@type":"BreadcrumbList","@id":"https:\/\/www.anaromanature.com\/index.php\/producto\/aceite-bano-masaje-fantasy-especial-nina\/#breadcrumb","itemListElement":[{"@type":"ListItem","position":1,"name":"Portada","item":"https:\/\/www.anaromanature.com\/"},{"@type":"ListItem","position":2,"name":"Tienda","item":"https:\/\/www.anaromanature.com\/index.php\/tienda-premium-online-anarome-nature\/"},{"@type":"ListItem","position":3,"name":"Aceite Ba\u00f1o\/Masaje Fantasy (Especial ni\u00f1a)"}]},{"@type":"WebSite","@id":"https:\/\/www.anaromanature.com\/#website","url":"https:\/\/www.anaromanature.com\/","name":"Anaroma Nature","description":"Aromas y color","publisher":{"@id":"https:\/\/www.anaromanature.com\/#organization"},"potentialAction":[{"@type":"SearchAction","target":{"@type":"EntryPoint","urlTemplate":"https:\/\/www.anaromanature.com\/?s={search_term_string}"},"query-input":{"@type":"PropertyValueSpecification","valueRequired":true,"valueName":"search_term_string"}}],"inLanguage":"es"},{"@type":"Organization","@id":"https:\/\/www.anaromanature.com\/#organization","name":"Anaroma Nature","url":"https:\/\/www.anaromanature.com\/","logo":{"@type":"ImageObject","inLanguage":"es","@id":"https:\/\/www.anaromanature.com\/#\/schema\/logo\/image\/","url":"https:\/\/i2.wp.com\/www.anaromanature.com\/wp-content\/uploads\/2021\/02\/cropped-Logotipo-Anaroma-2.png?fit=290%2C288&ssl=1","contentUrl":"https:\/\/i2.wp.com\/www.anaromanature.com\/wp-content\/uploads\/2021\/02\/cropped-Logotipo-Anaroma-2.png?fit=290%2C288&ssl=1","width":290,"height":288,"caption":"Anaroma Nature"},"image":{"@id":"https:\/\/www.anaromanature.com\/#\/schema\/logo\/image\/"},"sameAs":["http:\/\/facebook.com\/Anaroma-326324794814915","http:\/\/instagram.com\/anaromanature"]}]}},"_links":{"self":[{"href":"https:\/\/www.anaromanature.com\/index.php\/wp-json\/wp\/v2\/product\/2314","targetHints":{"allow":["GET"]}}],"collection":[{"href":"https:\/\/www.anaromanature.com\/index.php\/wp-json\/wp\/v2\/product"}],"about":[{"href":"https:\/\/www.anaromanature.com\/index.php\/wp-json\/wp\/v2\/types\/product"}],"replies":[{"embeddable":true,"href":"https:\/\/www.anaromanature.com\/index.php\/wp-json\/wp\/v2\/comments?post=2314"}],"wp:featuredmedia":[{"embeddable":true,"href":"https:\/\/www.anaromanature.com\/index.php\/wp-json\/wp\/v2\/media\/2327"}],"wp:attachment":[{"href":"https:\/\/www.anaromanature.com\/index.php\/wp-json\/wp\/v2\/media?parent=2314"}],"wp:term":[{"taxonomy":"product_brand","embeddable":true,"href":"https:\/\/www.anaromanature.com\/index.php\/wp-json\/wp\/v2\/product_brand?post=2314"},{"taxonomy":"product_cat","embeddable":true,"href":"https:\/\/www.anaromanature.com\/index.php\/wp-json\/wp\/v2\/product_cat?post=2314"},{"taxonomy":"product_tag","embeddable":true,"href":"https:\/\/www.anaromanature.com\/index.php\/wp-json\/wp\/v2\/product_tag?post=2314"}],"curies":[{"name":"wp","href":"https:\/\/api.w.org\/{rel}","templated":true}]}}