{"id":2506,"date":"2021-03-09T17:41:36","date_gmt":"2021-03-09T16:41:36","guid":{"rendered":"https:\/\/www.anaromanature.com\/?post_type=product&#038;p=2506"},"modified":"2024-02-14T00:09:48","modified_gmt":"2024-02-13T23:09:48","slug":"serum-reafirmante-naturabio-15ml","status":"publish","type":"product","link":"https:\/\/www.anaromanature.com\/index.php\/producto\/serum-reafirmante-naturabio-15ml\/","title":{"rendered":"S\u00e9rum Reafirmante NATURABIO 15ml"},"content":{"rendered":"<p>S\u00e9rum Reafirmante NATURABIO<\/p>\n<p>S\u00e9rum con efecto reafirmante inmediato. Reafirma e ilumina la tez.<\/p>\n<p>Se puede usar como un producto individual o para complementar el tratamiento facial.<\/p>\n<p>Apta para veganos.<\/p>\n<p><strong>RECOMENDACIONES DE USO:<\/strong> Aplicar por la ma\u00f1ana y\/o por la noche sobre la piel limpia de la cara, cuello y escote efectuando un ligero masaje. Se pone sobre la zona central de la frente o en zonas de m\u00e1s arrugas, masajenado con la yema de los dedos hasta su total absorci\u00f3n.<\/p>\n<p><strong>Nuestro consejo:<\/strong> Completar el tratamiento facial con la crema facial reafirmante NaturaBIO.<\/p>\n<p><strong>PRINCIPIOS ACTIVOS:<\/strong><\/p>\n<ul>\n<li><strong>Principio activo patentado OSILIFT\u00ae<\/strong> a base de <strong>Avena Bio:<\/strong> Act\u00faa como tensor sobre la piel. Efecto lifting. Eficacia probada.<\/li>\n<li><strong>Agua de Siempreviva Bio:<\/strong> calmante y con propiedades antirrojeces.<\/li>\n<li><strong>Extracto de T\u00e9 Blanco:<\/strong> Ayuda a iluminar la tez y unifica el tono.<\/li>\n<li><strong>Aloe Vera Bio:<\/strong> Calma e hidrata la piel.<\/li>\n<\/ul>\n<p><strong>Ingredientes:<\/strong> Ingredientes:<br \/>\nAqua, Glycerin, Parfum, Avena Sativa Kernel Extract**, Aloe Barbadensis Extract*, Helichrysum Italicum Flower Water*, Camellia Sinensis Leaf Extract, Propanediol, Benzyl Alcohol, Sodium Benzoate, Acacia Senegal Gum, Xanthan Gum, Dehydroacetic Acid, Mica, Eugenol, Citronellol, Limonene, Linalool, CI77891, CI 77491 *Ingredientes procedentes de la agricultura ecol\u00f3gica **Transformados a partir de ingredientes ecol\u00f3gicos<br \/>\n98% del total de origen natural<br \/>\nEl 30% del total de los ingredientes procede de la agricultura ecol\u00f3gica.<\/p>\n<p>Capacidad: 15 ml<\/p>\n<p>S\u00e9rum Reafirmante NATURABIO<\/p>\n<p>Cuida tu piel con\u00a0<a href=\"https:\/\/www.anaromanature.com\/\">Anaroma Nature<\/a><\/p>\n<p><a href=\"mailto:%20info@anaromanature.com\">Cons\u00faltanos\u00a0<\/a>lo que necesites saber o aclarar.<\/p>\n<p>Visita nuestro\u00a0<a href=\"https:\/\/www.instagram.com\/anaromanature\/\">Instagram<\/a>.<\/p>\n","protected":false},"excerpt":{"rendered":"<p><a href=\"https:\/\/www.anaromanature.com\/wp-content\/uploads\/2021\/03\/Logo-NaturaBio.jpg\"><img decoding=\"async\" class=\" wp-image-2488\" title=\"Logo NaturaBio\" src=\"https:\/\/www.anaromanature.com\/wp-content\/uploads\/2021\/03\/Logo-NaturaBio.jpg\" alt=\"Logo NaturaBio\" width=\"100\" height=\"100\" srcset=\"https:\/\/www.anaromanature.com\/wp-content\/uploads\/2021\/03\/Logo-NaturaBio.jpg 356w, https:\/\/www.anaromanature.com\/wp-content\/uploads\/2021\/03\/Logo-NaturaBio-300x300.jpg 300w, https:\/\/www.anaromanature.com\/wp-content\/uploads\/2021\/03\/Logo-NaturaBio-150x150.jpg 150w, https:\/\/www.anaromanature.com\/wp-content\/uploads\/2021\/03\/Logo-NaturaBio-75x75.jpg 75w, https:\/\/www.anaromanature.com\/wp-content\/uploads\/2021\/03\/Logo-NaturaBio-100x100.jpg 100w\" sizes=\"(max-width: 100px) 100vw, 100px\" \/><\/a><\/p>\n<hr \/>\n<ul>\n<li>S\u00e9rum con efecto reafirmante inmediato. Reafirma e ilumina la tez.<\/li>\n<li>Se puede usar como un producto individual o para complementar el tratamiento facial.<\/li>\n<li>Apta para veganos.<\/li>\n<\/ul>\n<p>Capacidad: 15 ml.<\/p>\n<hr \/>\n<p><a href=\"https:\/\/www.anaromanature.com\/wp-content\/uploads\/2021\/03\/sello-vegano.jpg\"><img decoding=\"async\" class=\" wp-image-2137\" title=\"sello vegano\" src=\"https:\/\/www.anaromanature.com\/wp-content\/uploads\/2021\/03\/sello-vegano.jpg\" alt=\"sello vegano\" width=\"80\" height=\"80\" srcset=\"https:\/\/www.anaromanature.com\/wp-content\/uploads\/2021\/03\/sello-vegano.jpg 150w, https:\/\/www.anaromanature.com\/wp-content\/uploads\/2021\/03\/sello-vegano-75x75.jpg 75w, https:\/\/www.anaromanature.com\/wp-content\/uploads\/2021\/03\/sello-vegano-100x100.jpg 100w\" sizes=\"(max-width: 80px) 100vw, 80px\" \/>\u00a0 \u00a0<\/a><a href=\"https:\/\/www.anaromanature.com\/wp-content\/uploads\/2021\/03\/libre-de-parabenos-sin-sls-sin-sles_1.png\">\u00a0<\/a><a href=\"https:\/\/www.anaromanature.com\/wp-content\/uploads\/2021\/03\/contiene-aloe-vera.png\"><img decoding=\"async\" class=\" wp-image-2107\" title=\"contiene aloe vera\" src=\"https:\/\/www.anaromanature.com\/wp-content\/uploads\/2021\/03\/contiene-aloe-vera.png\" alt=\"contiene aloe vera\" width=\"80\" height=\"81\" srcset=\"https:\/\/www.anaromanature.com\/wp-content\/uploads\/2021\/03\/contiene-aloe-vera.png 125w, https:\/\/www.anaromanature.com\/wp-content\/uploads\/2021\/03\/contiene-aloe-vera-75x75.png 75w, https:\/\/www.anaromanature.com\/wp-content\/uploads\/2021\/03\/contiene-aloe-vera-100x100.png 100w\" sizes=\"(max-width: 80px) 100vw, 80px\" \/><\/a><\/p>\n","protected":false},"featured_media":2507,"comment_status":"open","ping_status":"closed","template":"","meta":{"_joinchat":[]},"product_brand":[],"product_cat":[153,158],"product_tag":[424,439,434],"class_list":{"0":"post-2506","1":"product","2":"type-product","3":"status-publish","4":"has-post-thumbnail","6":"product_cat-cosmetica-facial","7":"product_cat-serum","8":"product_tag-naturabio","9":"product_tag-reafirmante","10":"product_tag-serum","11":"latest_post","13":"first","14":"outofstock","15":"taxable","16":"shipping-taxable","17":"purchasable","18":"product-type-simple"},"yoast_head":"<!-- This site is optimized with the Yoast SEO plugin v27.1.1 - https:\/\/yoast.com\/product\/yoast-seo-wordpress\/ -->\n<title>S\u00e9rum Reafirmante NATURABIO 15ml - Anaroma Nature - Tienda<\/title>\n<meta name=\"description\" content=\"S\u00e9rum Reafirmante NATURABIO. S\u00e9rum con efecto reafirmante inmediato. Reafirma e ilumina la tez. Se puede usar como un producto individual o\" \/>\n<meta name=\"robots\" content=\"index, follow, max-snippet:-1, max-image-preview:large, max-video-preview:-1\" \/>\n<link rel=\"canonical\" href=\"https:\/\/www.anaromanature.com\/index.php\/producto\/serum-reafirmante-naturabio-15ml\/\" \/>\n<meta property=\"og:locale\" content=\"es_ES\" \/>\n<meta property=\"og:type\" content=\"article\" \/>\n<meta property=\"og:title\" content=\"S\u00e9rum Reafirmante NATURABIO 15ml - Anaroma Nature - Tienda\" \/>\n<meta property=\"og:description\" content=\"S\u00e9rum Reafirmante NATURABIO. S\u00e9rum con efecto reafirmante inmediato. Reafirma e ilumina la tez. Se puede usar como un producto individual o\" \/>\n<meta property=\"og:url\" content=\"https:\/\/www.anaromanature.com\/index.php\/producto\/serum-reafirmante-naturabio-15ml\/\" \/>\n<meta property=\"og:site_name\" content=\"Anaroma Nature\" \/>\n<meta property=\"article:publisher\" content=\"http:\/\/facebook.com\/Anaroma-326324794814915\" \/>\n<meta property=\"article:modified_time\" content=\"2024-02-13T23:09:48+00:00\" \/>\n<meta property=\"og:image\" content=\"https:\/\/www.anaromanature.com\/wp-content\/uploads\/2021\/03\/Serum-Reafirmante.jpg\" \/>\n\t<meta property=\"og:image:width\" content=\"600\" \/>\n\t<meta property=\"og:image:height\" content=\"600\" \/>\n\t<meta property=\"og:image:type\" content=\"image\/jpeg\" \/>\n<meta name=\"twitter:card\" content=\"summary_large_image\" \/>\n<meta name=\"twitter:label1\" content=\"Tiempo de lectura\" \/>\n\t<meta name=\"twitter:data1\" content=\"2 minutos\" \/>\n<script type=\"application\/ld+json\" class=\"yoast-schema-graph\">{\"@context\":\"https:\/\/schema.org\",\"@graph\":[{\"@type\":\"WebPage\",\"@id\":\"https:\/\/www.anaromanature.com\/index.php\/producto\/serum-reafirmante-naturabio-15ml\/\",\"url\":\"https:\/\/www.anaromanature.com\/index.php\/producto\/serum-reafirmante-naturabio-15ml\/\",\"name\":\"S\u00e9rum Reafirmante NATURABIO 15ml - Anaroma Nature - Tienda\",\"isPartOf\":{\"@id\":\"https:\/\/www.anaromanature.com\/#website\"},\"primaryImageOfPage\":{\"@id\":\"https:\/\/www.anaromanature.com\/index.php\/producto\/serum-reafirmante-naturabio-15ml\/#primaryimage\"},\"image\":{\"@id\":\"https:\/\/www.anaromanature.com\/index.php\/producto\/serum-reafirmante-naturabio-15ml\/#primaryimage\"},\"thumbnailUrl\":\"https:\/\/www.anaromanature.com\/wp-content\/uploads\/2021\/03\/Serum-Reafirmante.jpg\",\"datePublished\":\"2021-03-09T16:41:36+00:00\",\"dateModified\":\"2024-02-13T23:09:48+00:00\",\"description\":\"S\u00e9rum Reafirmante NATURABIO. S\u00e9rum con efecto reafirmante inmediato. Reafirma e ilumina la tez. Se puede usar como un producto individual o\",\"breadcrumb\":{\"@id\":\"https:\/\/www.anaromanature.com\/index.php\/producto\/serum-reafirmante-naturabio-15ml\/#breadcrumb\"},\"inLanguage\":\"es\",\"potentialAction\":[{\"@type\":\"ReadAction\",\"target\":[\"https:\/\/www.anaromanature.com\/index.php\/producto\/serum-reafirmante-naturabio-15ml\/\"]}]},{\"@type\":\"ImageObject\",\"inLanguage\":\"es\",\"@id\":\"https:\/\/www.anaromanature.com\/index.php\/producto\/serum-reafirmante-naturabio-15ml\/#primaryimage\",\"url\":\"https:\/\/www.anaromanature.com\/wp-content\/uploads\/2021\/03\/Serum-Reafirmante.jpg\",\"contentUrl\":\"https:\/\/www.anaromanature.com\/wp-content\/uploads\/2021\/03\/Serum-Reafirmante.jpg\",\"width\":600,\"height\":600,\"caption\":\"Serum Reafirmante\"},{\"@type\":\"BreadcrumbList\",\"@id\":\"https:\/\/www.anaromanature.com\/index.php\/producto\/serum-reafirmante-naturabio-15ml\/#breadcrumb\",\"itemListElement\":[{\"@type\":\"ListItem\",\"position\":1,\"name\":\"Portada\",\"item\":\"https:\/\/www.anaromanature.com\/\"},{\"@type\":\"ListItem\",\"position\":2,\"name\":\"Tienda\",\"item\":\"https:\/\/www.anaromanature.com\/index.php\/tienda-premium-online-anarome-nature\/\"},{\"@type\":\"ListItem\",\"position\":3,\"name\":\"S\u00e9rum Reafirmante NATURABIO 15ml\"}]},{\"@type\":\"WebSite\",\"@id\":\"https:\/\/www.anaromanature.com\/#website\",\"url\":\"https:\/\/www.anaromanature.com\/\",\"name\":\"Anaroma Nature\",\"description\":\"Aromas y color\",\"publisher\":{\"@id\":\"https:\/\/www.anaromanature.com\/#organization\"},\"potentialAction\":[{\"@type\":\"SearchAction\",\"target\":{\"@type\":\"EntryPoint\",\"urlTemplate\":\"https:\/\/www.anaromanature.com\/?s={search_term_string}\"},\"query-input\":{\"@type\":\"PropertyValueSpecification\",\"valueRequired\":true,\"valueName\":\"search_term_string\"}}],\"inLanguage\":\"es\"},{\"@type\":\"Organization\",\"@id\":\"https:\/\/www.anaromanature.com\/#organization\",\"name\":\"Anaroma Nature\",\"url\":\"https:\/\/www.anaromanature.com\/\",\"logo\":{\"@type\":\"ImageObject\",\"inLanguage\":\"es\",\"@id\":\"https:\/\/www.anaromanature.com\/#\/schema\/logo\/image\/\",\"url\":\"https:\/\/i2.wp.com\/www.anaromanature.com\/wp-content\/uploads\/2021\/02\/cropped-Logotipo-Anaroma-2.png?fit=290%2C288&ssl=1\",\"contentUrl\":\"https:\/\/i2.wp.com\/www.anaromanature.com\/wp-content\/uploads\/2021\/02\/cropped-Logotipo-Anaroma-2.png?fit=290%2C288&ssl=1\",\"width\":290,\"height\":288,\"caption\":\"Anaroma Nature\"},\"image\":{\"@id\":\"https:\/\/www.anaromanature.com\/#\/schema\/logo\/image\/\"},\"sameAs\":[\"http:\/\/facebook.com\/Anaroma-326324794814915\",\"http:\/\/instagram.com\/anaromanature\"]}]}<\/script>\n<!-- \/ Yoast SEO plugin. -->","yoast_head_json":{"title":"S\u00e9rum Reafirmante NATURABIO 15ml - Anaroma Nature - Tienda","description":"S\u00e9rum Reafirmante NATURABIO. S\u00e9rum con efecto reafirmante inmediato. Reafirma e ilumina la tez. Se puede usar como un producto individual o","robots":{"index":"index","follow":"follow","max-snippet":"max-snippet:-1","max-image-preview":"max-image-preview:large","max-video-preview":"max-video-preview:-1"},"canonical":"https:\/\/www.anaromanature.com\/index.php\/producto\/serum-reafirmante-naturabio-15ml\/","og_locale":"es_ES","og_type":"article","og_title":"S\u00e9rum Reafirmante NATURABIO 15ml - Anaroma Nature - Tienda","og_description":"S\u00e9rum Reafirmante NATURABIO. S\u00e9rum con efecto reafirmante inmediato. Reafirma e ilumina la tez. Se puede usar como un producto individual o","og_url":"https:\/\/www.anaromanature.com\/index.php\/producto\/serum-reafirmante-naturabio-15ml\/","og_site_name":"Anaroma Nature","article_publisher":"http:\/\/facebook.com\/Anaroma-326324794814915","article_modified_time":"2024-02-13T23:09:48+00:00","og_image":[{"width":600,"height":600,"url":"https:\/\/www.anaromanature.com\/wp-content\/uploads\/2021\/03\/Serum-Reafirmante.jpg","type":"image\/jpeg"}],"twitter_card":"summary_large_image","twitter_misc":{"Tiempo de lectura":"2 minutos"},"schema":{"@context":"https:\/\/schema.org","@graph":[{"@type":"WebPage","@id":"https:\/\/www.anaromanature.com\/index.php\/producto\/serum-reafirmante-naturabio-15ml\/","url":"https:\/\/www.anaromanature.com\/index.php\/producto\/serum-reafirmante-naturabio-15ml\/","name":"S\u00e9rum Reafirmante NATURABIO 15ml - Anaroma Nature - Tienda","isPartOf":{"@id":"https:\/\/www.anaromanature.com\/#website"},"primaryImageOfPage":{"@id":"https:\/\/www.anaromanature.com\/index.php\/producto\/serum-reafirmante-naturabio-15ml\/#primaryimage"},"image":{"@id":"https:\/\/www.anaromanature.com\/index.php\/producto\/serum-reafirmante-naturabio-15ml\/#primaryimage"},"thumbnailUrl":"https:\/\/www.anaromanature.com\/wp-content\/uploads\/2021\/03\/Serum-Reafirmante.jpg","datePublished":"2021-03-09T16:41:36+00:00","dateModified":"2024-02-13T23:09:48+00:00","description":"S\u00e9rum Reafirmante NATURABIO. S\u00e9rum con efecto reafirmante inmediato. Reafirma e ilumina la tez. Se puede usar como un producto individual o","breadcrumb":{"@id":"https:\/\/www.anaromanature.com\/index.php\/producto\/serum-reafirmante-naturabio-15ml\/#breadcrumb"},"inLanguage":"es","potentialAction":[{"@type":"ReadAction","target":["https:\/\/www.anaromanature.com\/index.php\/producto\/serum-reafirmante-naturabio-15ml\/"]}]},{"@type":"ImageObject","inLanguage":"es","@id":"https:\/\/www.anaromanature.com\/index.php\/producto\/serum-reafirmante-naturabio-15ml\/#primaryimage","url":"https:\/\/www.anaromanature.com\/wp-content\/uploads\/2021\/03\/Serum-Reafirmante.jpg","contentUrl":"https:\/\/www.anaromanature.com\/wp-content\/uploads\/2021\/03\/Serum-Reafirmante.jpg","width":600,"height":600,"caption":"Serum Reafirmante"},{"@type":"BreadcrumbList","@id":"https:\/\/www.anaromanature.com\/index.php\/producto\/serum-reafirmante-naturabio-15ml\/#breadcrumb","itemListElement":[{"@type":"ListItem","position":1,"name":"Portada","item":"https:\/\/www.anaromanature.com\/"},{"@type":"ListItem","position":2,"name":"Tienda","item":"https:\/\/www.anaromanature.com\/index.php\/tienda-premium-online-anarome-nature\/"},{"@type":"ListItem","position":3,"name":"S\u00e9rum Reafirmante NATURABIO 15ml"}]},{"@type":"WebSite","@id":"https:\/\/www.anaromanature.com\/#website","url":"https:\/\/www.anaromanature.com\/","name":"Anaroma Nature","description":"Aromas y color","publisher":{"@id":"https:\/\/www.anaromanature.com\/#organization"},"potentialAction":[{"@type":"SearchAction","target":{"@type":"EntryPoint","urlTemplate":"https:\/\/www.anaromanature.com\/?s={search_term_string}"},"query-input":{"@type":"PropertyValueSpecification","valueRequired":true,"valueName":"search_term_string"}}],"inLanguage":"es"},{"@type":"Organization","@id":"https:\/\/www.anaromanature.com\/#organization","name":"Anaroma Nature","url":"https:\/\/www.anaromanature.com\/","logo":{"@type":"ImageObject","inLanguage":"es","@id":"https:\/\/www.anaromanature.com\/#\/schema\/logo\/image\/","url":"https:\/\/i2.wp.com\/www.anaromanature.com\/wp-content\/uploads\/2021\/02\/cropped-Logotipo-Anaroma-2.png?fit=290%2C288&ssl=1","contentUrl":"https:\/\/i2.wp.com\/www.anaromanature.com\/wp-content\/uploads\/2021\/02\/cropped-Logotipo-Anaroma-2.png?fit=290%2C288&ssl=1","width":290,"height":288,"caption":"Anaroma Nature"},"image":{"@id":"https:\/\/www.anaromanature.com\/#\/schema\/logo\/image\/"},"sameAs":["http:\/\/facebook.com\/Anaroma-326324794814915","http:\/\/instagram.com\/anaromanature"]}]}},"_links":{"self":[{"href":"https:\/\/www.anaromanature.com\/index.php\/wp-json\/wp\/v2\/product\/2506","targetHints":{"allow":["GET"]}}],"collection":[{"href":"https:\/\/www.anaromanature.com\/index.php\/wp-json\/wp\/v2\/product"}],"about":[{"href":"https:\/\/www.anaromanature.com\/index.php\/wp-json\/wp\/v2\/types\/product"}],"replies":[{"embeddable":true,"href":"https:\/\/www.anaromanature.com\/index.php\/wp-json\/wp\/v2\/comments?post=2506"}],"wp:featuredmedia":[{"embeddable":true,"href":"https:\/\/www.anaromanature.com\/index.php\/wp-json\/wp\/v2\/media\/2507"}],"wp:attachment":[{"href":"https:\/\/www.anaromanature.com\/index.php\/wp-json\/wp\/v2\/media?parent=2506"}],"wp:term":[{"taxonomy":"product_brand","embeddable":true,"href":"https:\/\/www.anaromanature.com\/index.php\/wp-json\/wp\/v2\/product_brand?post=2506"},{"taxonomy":"product_cat","embeddable":true,"href":"https:\/\/www.anaromanature.com\/index.php\/wp-json\/wp\/v2\/product_cat?post=2506"},{"taxonomy":"product_tag","embeddable":true,"href":"https:\/\/www.anaromanature.com\/index.php\/wp-json\/wp\/v2\/product_tag?post=2506"}],"curies":[{"name":"wp","href":"https:\/\/api.w.org\/{rel}","templated":true}]}}