{"id":2517,"date":"2021-03-13T17:14:37","date_gmt":"2021-03-13T16:14:37","guid":{"rendered":"https:\/\/www.anaromanature.com\/?post_type=product&#038;p=2517"},"modified":"2024-08-09T19:47:10","modified_gmt":"2024-08-09T18:47:10","slug":"serum-hidratante-stop-fatiga-naturabio-30ml","status":"publish","type":"product","link":"https:\/\/www.anaromanature.com\/index.php\/producto\/serum-hidratante-stop-fatiga-naturabio-30ml\/","title":{"rendered":"S\u00e9rum Facial Stop Fatiga Vitamina C NaturaBIO Cosmetics"},"content":{"rendered":"<p>S\u00e9rum Facial Stop Fatiga Vitamina C NaturaBIO Cosmetics<\/p>\n<p><span style=\"color: var(--black-color);font-family: var(--primary-font)\">Calma, hidrata y refresca la piel.<\/span><\/p>\n<p>Forma una pel\u00edcula protectora.<\/p>\n<p>Textura ligera, no grasa y de r\u00e1pida absorci\u00f3n.<\/p>\n<p>Apta para veganos.<\/p>\n<p><strong>RECOMENDACIONES DE USO:<\/strong> Aplicar ma\u00f1ana y\/o noche sobre la piel limpia de la cara y del cuello efectuando un ligero masaje.<\/p>\n<p><strong>Nuestro consejo:<\/strong> ecomendamos completar el tratamiento con el fluido facial y el contorno<br \/>\nde ojos stop fatiga NaturaBIO Cosmetics.<\/p>\n<p><strong>PRINCIPIOS ACTIVOS:<\/strong><\/p>\n<ul>\n<li><strong>Vitamina C:<\/strong> excelente antioxidante natural, que protege del envejecimiento de la piel y estimula la creaci\u00f3n de col\u00e1geno.<\/li>\n<li><strong>\u00c1cido hialur\u00f3nico natural<\/strong> de alto peso molecular, da una aporte extra de hidrataci\u00f3n y<br \/>\npreviene la sequedad de la piel. Forma un film sobre la piel y regula su respiraci\u00f3n y la protege de las agresiones externas.<\/li>\n<li><strong>Aloe Vera Bio:<\/strong> da un plus extra de hidrataci\u00f3n y calma la piel.<\/li>\n<li><strong>Aquaxyl:<\/strong> activo derivado del az\u00facar de ca\u00f1a que hidrata la piel a largo plazo y deja la piel<br \/>\nlisa.<\/li>\n<li><strong>Glicerina:<\/strong> hidrata y crea una pel\u00edcula protectora<\/li>\n<\/ul>\n<p><strong>Ingredientes:<\/strong> Aqua, Glycerin, Sodium Hyaluronate, Aloe Barbadensis Extract*, Xylitylglucoside, Anhydroxylitol, Xylitol, Benzyl Alcohol, Sodium Benzoate, Citric Acid,Glucose<\/p>\n<p>*Ingredientes procedentes de la agricultura ecol\u00f3gica. 99% del total de origen natural. El 20% del total de los ingredientes procede de la agricultura ecol\u00f3gica.<\/p>\n<p><strong>Capacidad:<\/strong> 30 ml<\/p>\n<p>S\u00e9rum Facial Stop Fatiga Vitamina C NaturaBIO Cosmetics<\/p>\n<p>Cuida tu piel con\u00a0<a href=\"https:\/\/www.anaromanature.com\/\">Anaroma Nature<\/a><\/p>\n<p><a href=\"mailto:%20info@anaromanature.com\">Cons\u00faltanos\u00a0<\/a>lo que necesites saber o aclarar.<\/p>\n<p>Visita nuestro\u00a0<a href=\"https:\/\/www.instagram.com\/anaromanature\/\">Instagram<\/a>.<\/p>\n","protected":false},"excerpt":{"rendered":"<p><a href=\"https:\/\/www.anaromanature.com\/wp-content\/uploads\/2021\/03\/Logo-NaturaBio.jpg\"><img decoding=\"async\" class=\" wp-image-2488\" title=\"Logo NaturaBio\" src=\"https:\/\/www.anaromanature.com\/wp-content\/uploads\/2021\/03\/Logo-NaturaBio.jpg\" alt=\"Logo NaturaBio\" width=\"100\" height=\"100\" srcset=\"https:\/\/www.anaromanature.com\/wp-content\/uploads\/2021\/03\/Logo-NaturaBio.jpg 356w, https:\/\/www.anaromanature.com\/wp-content\/uploads\/2021\/03\/Logo-NaturaBio-300x300.jpg 300w, https:\/\/www.anaromanature.com\/wp-content\/uploads\/2021\/03\/Logo-NaturaBio-150x150.jpg 150w, https:\/\/www.anaromanature.com\/wp-content\/uploads\/2021\/03\/Logo-NaturaBio-75x75.jpg 75w, https:\/\/www.anaromanature.com\/wp-content\/uploads\/2021\/03\/Logo-NaturaBio-100x100.jpg 100w\" sizes=\"(max-width: 100px) 100vw, 100px\" \/><\/a><\/p>\n<hr \/>\n<ul>\n<li>Calma, hidrata y refresca la piel.<\/li>\n<li>Forma una pel\u00edcula protectora.<\/li>\n<li>Textura ligera, no grasa y de r\u00e1pida absorci\u00f3n.<\/li>\n<li>Apta para veganos.<\/li>\n<\/ul>\n<p>Capacidad: 30 ml.<\/p>\n<hr \/>\n<p><a href=\"https:\/\/www.anaromanature.com\/wp-content\/uploads\/2021\/03\/sello-vegano.jpg\"><img decoding=\"async\" class=\" wp-image-2137\" title=\"sello vegano\" src=\"https:\/\/www.anaromanature.com\/wp-content\/uploads\/2021\/03\/sello-vegano.jpg\" alt=\"sello vegano\" width=\"80\" height=\"80\" srcset=\"https:\/\/www.anaromanature.com\/wp-content\/uploads\/2021\/03\/sello-vegano.jpg 150w, https:\/\/www.anaromanature.com\/wp-content\/uploads\/2021\/03\/sello-vegano-75x75.jpg 75w, https:\/\/www.anaromanature.com\/wp-content\/uploads\/2021\/03\/sello-vegano-100x100.jpg 100w\" sizes=\"(max-width: 80px) 100vw, 80px\" \/>\u00a0 \u00a0<\/a><a href=\"https:\/\/www.anaromanature.com\/wp-content\/uploads\/2021\/03\/libre-de-parabenos-sin-sls-sin-sles_1.png\">\u00a0<\/a><a href=\"https:\/\/www.anaromanature.com\/wp-content\/uploads\/2021\/03\/contiene-aloe-vera.png\"><img decoding=\"async\" class=\" wp-image-2107\" title=\"contiene aloe vera\" src=\"https:\/\/www.anaromanature.com\/wp-content\/uploads\/2021\/03\/contiene-aloe-vera.png\" alt=\"contiene aloe vera\" width=\"80\" height=\"81\" srcset=\"https:\/\/www.anaromanature.com\/wp-content\/uploads\/2021\/03\/contiene-aloe-vera.png 125w, https:\/\/www.anaromanature.com\/wp-content\/uploads\/2021\/03\/contiene-aloe-vera-75x75.png 75w, https:\/\/www.anaromanature.com\/wp-content\/uploads\/2021\/03\/contiene-aloe-vera-100x100.png 100w\" sizes=\"(max-width: 80px) 100vw, 80px\" \/><\/a><\/p>\n","protected":false},"featured_media":6319,"comment_status":"open","ping_status":"closed","template":"","meta":{"_joinchat":[]},"product_brand":[],"product_cat":[180,153,158,182],"product_tag":[220,424,434,435],"class_list":{"0":"post-2517","1":"product","2":"type-product","3":"status-publish","4":"has-post-thumbnail","6":"product_cat-cosmetica-facial-hombre-cosmetica","7":"product_cat-cosmetica-facial","8":"product_cat-serum","9":"product_cat-serum-cosmetica-facial-hombre-cosmetica","10":"product_tag-hidratante","11":"product_tag-naturabio","12":"product_tag-serum","13":"product_tag-stop-fatiga","14":"latest_post","16":"first","17":"outofstock","18":"taxable","19":"shipping-taxable","20":"purchasable","21":"product-type-simple"},"yoast_head":"<!-- This site is optimized with the Yoast SEO plugin v27.4 - https:\/\/yoast.com\/product\/yoast-seo-wordpress\/ -->\n<title>S\u00e9rum Facial Stop Fatiga Vitamina C NaturaBIO Cosmetics - Anaroma Nature<\/title>\n<meta name=\"description\" content=\"S\u00e9rum Facial Stop Fatiga Vitamina C NaturaBIO Cosmetics. Calma, hidrata y refresca la piel. Forma una pel\u00edcula protectora. Textura ligera, no grasa y de\" \/>\n<meta name=\"robots\" content=\"index, follow, max-snippet:-1, max-image-preview:large, max-video-preview:-1\" \/>\n<link rel=\"canonical\" href=\"https:\/\/www.anaromanature.com\/index.php\/producto\/serum-hidratante-stop-fatiga-naturabio-30ml\/\" \/>\n<meta property=\"og:locale\" content=\"es_ES\" \/>\n<meta property=\"og:type\" content=\"article\" \/>\n<meta property=\"og:title\" content=\"S\u00e9rum Facial Stop Fatiga Vitamina C NaturaBIO Cosmetics - Anaroma Nature\" \/>\n<meta property=\"og:description\" content=\"S\u00e9rum Facial Stop Fatiga Vitamina C NaturaBIO Cosmetics. Calma, hidrata y refresca la piel. Forma una pel\u00edcula protectora. Textura ligera, no grasa y de\" \/>\n<meta property=\"og:url\" content=\"https:\/\/www.anaromanature.com\/index.php\/producto\/serum-hidratante-stop-fatiga-naturabio-30ml\/\" \/>\n<meta property=\"og:site_name\" content=\"Anaroma Nature\" \/>\n<meta property=\"article:publisher\" content=\"http:\/\/facebook.com\/Anaroma-326324794814915\" \/>\n<meta property=\"article:modified_time\" content=\"2024-08-09T18:47:10+00:00\" \/>\n<meta property=\"og:image\" content=\"https:\/\/www.anaromanature.com\/wp-content\/uploads\/2021\/03\/Serum-Facial-Stop-Fatiga-Vitamina-C-NaturaBIO-Cosmetics.jpg\" \/>\n\t<meta property=\"og:image:width\" content=\"800\" \/>\n\t<meta property=\"og:image:height\" content=\"800\" \/>\n\t<meta property=\"og:image:type\" content=\"image\/jpeg\" \/>\n<meta name=\"twitter:card\" content=\"summary_large_image\" \/>\n<meta name=\"twitter:label1\" content=\"Tiempo de lectura\" \/>\n\t<meta name=\"twitter:data1\" content=\"1 minuto\" \/>\n<script type=\"application\/ld+json\" class=\"yoast-schema-graph\">{\"@context\":\"https:\\\/\\\/schema.org\",\"@graph\":[{\"@type\":\"WebPage\",\"@id\":\"https:\\\/\\\/www.anaromanature.com\\\/index.php\\\/producto\\\/serum-hidratante-stop-fatiga-naturabio-30ml\\\/\",\"url\":\"https:\\\/\\\/www.anaromanature.com\\\/index.php\\\/producto\\\/serum-hidratante-stop-fatiga-naturabio-30ml\\\/\",\"name\":\"S\u00e9rum Facial Stop Fatiga Vitamina C NaturaBIO Cosmetics - Anaroma Nature\",\"isPartOf\":{\"@id\":\"https:\\\/\\\/www.anaromanature.com\\\/#website\"},\"primaryImageOfPage\":{\"@id\":\"https:\\\/\\\/www.anaromanature.com\\\/index.php\\\/producto\\\/serum-hidratante-stop-fatiga-naturabio-30ml\\\/#primaryimage\"},\"image\":{\"@id\":\"https:\\\/\\\/www.anaromanature.com\\\/index.php\\\/producto\\\/serum-hidratante-stop-fatiga-naturabio-30ml\\\/#primaryimage\"},\"thumbnailUrl\":\"https:\\\/\\\/www.anaromanature.com\\\/wp-content\\\/uploads\\\/2021\\\/03\\\/Serum-Facial-Stop-Fatiga-Vitamina-C-NaturaBIO-Cosmetics.jpg\",\"datePublished\":\"2021-03-13T16:14:37+00:00\",\"dateModified\":\"2024-08-09T18:47:10+00:00\",\"description\":\"S\u00e9rum Facial Stop Fatiga Vitamina C NaturaBIO Cosmetics. Calma, hidrata y refresca la piel. Forma una pel\u00edcula protectora. Textura ligera, no grasa y de\",\"breadcrumb\":{\"@id\":\"https:\\\/\\\/www.anaromanature.com\\\/index.php\\\/producto\\\/serum-hidratante-stop-fatiga-naturabio-30ml\\\/#breadcrumb\"},\"inLanguage\":\"es\",\"potentialAction\":[{\"@type\":\"ReadAction\",\"target\":[\"https:\\\/\\\/www.anaromanature.com\\\/index.php\\\/producto\\\/serum-hidratante-stop-fatiga-naturabio-30ml\\\/\"]}]},{\"@type\":\"ImageObject\",\"inLanguage\":\"es\",\"@id\":\"https:\\\/\\\/www.anaromanature.com\\\/index.php\\\/producto\\\/serum-hidratante-stop-fatiga-naturabio-30ml\\\/#primaryimage\",\"url\":\"https:\\\/\\\/www.anaromanature.com\\\/wp-content\\\/uploads\\\/2021\\\/03\\\/Serum-Facial-Stop-Fatiga-Vitamina-C-NaturaBIO-Cosmetics.jpg\",\"contentUrl\":\"https:\\\/\\\/www.anaromanature.com\\\/wp-content\\\/uploads\\\/2021\\\/03\\\/Serum-Facial-Stop-Fatiga-Vitamina-C-NaturaBIO-Cosmetics.jpg\",\"width\":800,\"height\":800,\"caption\":\"S\u00e9rum Facial Stop Fatiga Vitamina C NaturaBIO Cosmetics\"},{\"@type\":\"BreadcrumbList\",\"@id\":\"https:\\\/\\\/www.anaromanature.com\\\/index.php\\\/producto\\\/serum-hidratante-stop-fatiga-naturabio-30ml\\\/#breadcrumb\",\"itemListElement\":[{\"@type\":\"ListItem\",\"position\":1,\"name\":\"Portada\",\"item\":\"https:\\\/\\\/www.anaromanature.com\\\/\"},{\"@type\":\"ListItem\",\"position\":2,\"name\":\"Tienda\",\"item\":\"https:\\\/\\\/www.anaromanature.com\\\/index.php\\\/tienda-premium-online-anarome-nature\\\/\"},{\"@type\":\"ListItem\",\"position\":3,\"name\":\"S\u00e9rum Facial Stop Fatiga Vitamina C NaturaBIO Cosmetics\"}]},{\"@type\":\"WebSite\",\"@id\":\"https:\\\/\\\/www.anaromanature.com\\\/#website\",\"url\":\"https:\\\/\\\/www.anaromanature.com\\\/\",\"name\":\"Anaroma Nature\",\"description\":\"Aromas y color\",\"publisher\":{\"@id\":\"https:\\\/\\\/www.anaromanature.com\\\/#organization\"},\"potentialAction\":[{\"@type\":\"SearchAction\",\"target\":{\"@type\":\"EntryPoint\",\"urlTemplate\":\"https:\\\/\\\/www.anaromanature.com\\\/?s={search_term_string}\"},\"query-input\":{\"@type\":\"PropertyValueSpecification\",\"valueRequired\":true,\"valueName\":\"search_term_string\"}}],\"inLanguage\":\"es\"},{\"@type\":\"Organization\",\"@id\":\"https:\\\/\\\/www.anaromanature.com\\\/#organization\",\"name\":\"Anaroma Nature\",\"url\":\"https:\\\/\\\/www.anaromanature.com\\\/\",\"logo\":{\"@type\":\"ImageObject\",\"inLanguage\":\"es\",\"@id\":\"https:\\\/\\\/www.anaromanature.com\\\/#\\\/schema\\\/logo\\\/image\\\/\",\"url\":\"https:\\\/\\\/i2.wp.com\\\/www.anaromanature.com\\\/wp-content\\\/uploads\\\/2021\\\/02\\\/cropped-Logotipo-Anaroma-2.png?fit=290%2C288&ssl=1\",\"contentUrl\":\"https:\\\/\\\/i2.wp.com\\\/www.anaromanature.com\\\/wp-content\\\/uploads\\\/2021\\\/02\\\/cropped-Logotipo-Anaroma-2.png?fit=290%2C288&ssl=1\",\"width\":290,\"height\":288,\"caption\":\"Anaroma Nature\"},\"image\":{\"@id\":\"https:\\\/\\\/www.anaromanature.com\\\/#\\\/schema\\\/logo\\\/image\\\/\"},\"sameAs\":[\"http:\\\/\\\/facebook.com\\\/Anaroma-326324794814915\",\"http:\\\/\\\/instagram.com\\\/anaromanature\"]}]}<\/script>\n<!-- \/ Yoast SEO plugin. -->","yoast_head_json":{"title":"S\u00e9rum Facial Stop Fatiga Vitamina C NaturaBIO Cosmetics - Anaroma Nature","description":"S\u00e9rum Facial Stop Fatiga Vitamina C NaturaBIO Cosmetics. Calma, hidrata y refresca la piel. Forma una pel\u00edcula protectora. Textura ligera, no grasa y de","robots":{"index":"index","follow":"follow","max-snippet":"max-snippet:-1","max-image-preview":"max-image-preview:large","max-video-preview":"max-video-preview:-1"},"canonical":"https:\/\/www.anaromanature.com\/index.php\/producto\/serum-hidratante-stop-fatiga-naturabio-30ml\/","og_locale":"es_ES","og_type":"article","og_title":"S\u00e9rum Facial Stop Fatiga Vitamina C NaturaBIO Cosmetics - Anaroma Nature","og_description":"S\u00e9rum Facial Stop Fatiga Vitamina C NaturaBIO Cosmetics. Calma, hidrata y refresca la piel. Forma una pel\u00edcula protectora. Textura ligera, no grasa y de","og_url":"https:\/\/www.anaromanature.com\/index.php\/producto\/serum-hidratante-stop-fatiga-naturabio-30ml\/","og_site_name":"Anaroma Nature","article_publisher":"http:\/\/facebook.com\/Anaroma-326324794814915","article_modified_time":"2024-08-09T18:47:10+00:00","og_image":[{"width":800,"height":800,"url":"https:\/\/www.anaromanature.com\/wp-content\/uploads\/2021\/03\/Serum-Facial-Stop-Fatiga-Vitamina-C-NaturaBIO-Cosmetics.jpg","type":"image\/jpeg"}],"twitter_card":"summary_large_image","twitter_misc":{"Tiempo de lectura":"1 minuto"},"schema":{"@context":"https:\/\/schema.org","@graph":[{"@type":"WebPage","@id":"https:\/\/www.anaromanature.com\/index.php\/producto\/serum-hidratante-stop-fatiga-naturabio-30ml\/","url":"https:\/\/www.anaromanature.com\/index.php\/producto\/serum-hidratante-stop-fatiga-naturabio-30ml\/","name":"S\u00e9rum Facial Stop Fatiga Vitamina C NaturaBIO Cosmetics - Anaroma Nature","isPartOf":{"@id":"https:\/\/www.anaromanature.com\/#website"},"primaryImageOfPage":{"@id":"https:\/\/www.anaromanature.com\/index.php\/producto\/serum-hidratante-stop-fatiga-naturabio-30ml\/#primaryimage"},"image":{"@id":"https:\/\/www.anaromanature.com\/index.php\/producto\/serum-hidratante-stop-fatiga-naturabio-30ml\/#primaryimage"},"thumbnailUrl":"https:\/\/www.anaromanature.com\/wp-content\/uploads\/2021\/03\/Serum-Facial-Stop-Fatiga-Vitamina-C-NaturaBIO-Cosmetics.jpg","datePublished":"2021-03-13T16:14:37+00:00","dateModified":"2024-08-09T18:47:10+00:00","description":"S\u00e9rum Facial Stop Fatiga Vitamina C NaturaBIO Cosmetics. Calma, hidrata y refresca la piel. Forma una pel\u00edcula protectora. Textura ligera, no grasa y de","breadcrumb":{"@id":"https:\/\/www.anaromanature.com\/index.php\/producto\/serum-hidratante-stop-fatiga-naturabio-30ml\/#breadcrumb"},"inLanguage":"es","potentialAction":[{"@type":"ReadAction","target":["https:\/\/www.anaromanature.com\/index.php\/producto\/serum-hidratante-stop-fatiga-naturabio-30ml\/"]}]},{"@type":"ImageObject","inLanguage":"es","@id":"https:\/\/www.anaromanature.com\/index.php\/producto\/serum-hidratante-stop-fatiga-naturabio-30ml\/#primaryimage","url":"https:\/\/www.anaromanature.com\/wp-content\/uploads\/2021\/03\/Serum-Facial-Stop-Fatiga-Vitamina-C-NaturaBIO-Cosmetics.jpg","contentUrl":"https:\/\/www.anaromanature.com\/wp-content\/uploads\/2021\/03\/Serum-Facial-Stop-Fatiga-Vitamina-C-NaturaBIO-Cosmetics.jpg","width":800,"height":800,"caption":"S\u00e9rum Facial Stop Fatiga Vitamina C NaturaBIO Cosmetics"},{"@type":"BreadcrumbList","@id":"https:\/\/www.anaromanature.com\/index.php\/producto\/serum-hidratante-stop-fatiga-naturabio-30ml\/#breadcrumb","itemListElement":[{"@type":"ListItem","position":1,"name":"Portada","item":"https:\/\/www.anaromanature.com\/"},{"@type":"ListItem","position":2,"name":"Tienda","item":"https:\/\/www.anaromanature.com\/index.php\/tienda-premium-online-anarome-nature\/"},{"@type":"ListItem","position":3,"name":"S\u00e9rum Facial Stop Fatiga Vitamina C NaturaBIO Cosmetics"}]},{"@type":"WebSite","@id":"https:\/\/www.anaromanature.com\/#website","url":"https:\/\/www.anaromanature.com\/","name":"Anaroma Nature","description":"Aromas y color","publisher":{"@id":"https:\/\/www.anaromanature.com\/#organization"},"potentialAction":[{"@type":"SearchAction","target":{"@type":"EntryPoint","urlTemplate":"https:\/\/www.anaromanature.com\/?s={search_term_string}"},"query-input":{"@type":"PropertyValueSpecification","valueRequired":true,"valueName":"search_term_string"}}],"inLanguage":"es"},{"@type":"Organization","@id":"https:\/\/www.anaromanature.com\/#organization","name":"Anaroma Nature","url":"https:\/\/www.anaromanature.com\/","logo":{"@type":"ImageObject","inLanguage":"es","@id":"https:\/\/www.anaromanature.com\/#\/schema\/logo\/image\/","url":"https:\/\/i2.wp.com\/www.anaromanature.com\/wp-content\/uploads\/2021\/02\/cropped-Logotipo-Anaroma-2.png?fit=290%2C288&ssl=1","contentUrl":"https:\/\/i2.wp.com\/www.anaromanature.com\/wp-content\/uploads\/2021\/02\/cropped-Logotipo-Anaroma-2.png?fit=290%2C288&ssl=1","width":290,"height":288,"caption":"Anaroma Nature"},"image":{"@id":"https:\/\/www.anaromanature.com\/#\/schema\/logo\/image\/"},"sameAs":["http:\/\/facebook.com\/Anaroma-326324794814915","http:\/\/instagram.com\/anaromanature"]}]}},"_links":{"self":[{"href":"https:\/\/www.anaromanature.com\/index.php\/wp-json\/wp\/v2\/product\/2517","targetHints":{"allow":["GET"]}}],"collection":[{"href":"https:\/\/www.anaromanature.com\/index.php\/wp-json\/wp\/v2\/product"}],"about":[{"href":"https:\/\/www.anaromanature.com\/index.php\/wp-json\/wp\/v2\/types\/product"}],"replies":[{"embeddable":true,"href":"https:\/\/www.anaromanature.com\/index.php\/wp-json\/wp\/v2\/comments?post=2517"}],"wp:featuredmedia":[{"embeddable":true,"href":"https:\/\/www.anaromanature.com\/index.php\/wp-json\/wp\/v2\/media\/6319"}],"wp:attachment":[{"href":"https:\/\/www.anaromanature.com\/index.php\/wp-json\/wp\/v2\/media?parent=2517"}],"wp:term":[{"taxonomy":"product_brand","embeddable":true,"href":"https:\/\/www.anaromanature.com\/index.php\/wp-json\/wp\/v2\/product_brand?post=2517"},{"taxonomy":"product_cat","embeddable":true,"href":"https:\/\/www.anaromanature.com\/index.php\/wp-json\/wp\/v2\/product_cat?post=2517"},{"taxonomy":"product_tag","embeddable":true,"href":"https:\/\/www.anaromanature.com\/index.php\/wp-json\/wp\/v2\/product_tag?post=2517"}],"curies":[{"name":"wp","href":"https:\/\/api.w.org\/{rel}","templated":true}]}}