{"id":2540,"date":"2021-03-13T18:40:42","date_gmt":"2021-03-13T17:40:42","guid":{"rendered":"https:\/\/www.anaromanature.com\/?post_type=product&#038;p=2540"},"modified":"2021-03-13T19:51:18","modified_gmt":"2021-03-13T18:51:18","slug":"espuma-intima-extra-suave-150ml","status":"publish","type":"product","link":"https:\/\/www.anaromanature.com\/index.php\/producto\/espuma-intima-extra-suave-150ml\/","title":{"rendered":"Espuma \u00cdntima Extra Suave 150ml"},"content":{"rendered":"<p>Espuma \u00cdntima Extra Suave<\/p>\n<p>Espuma suave y cremosa que limpia en profundidad la piel de impurezas y suciedad diaria.<\/p>\n<p>Deja la piel hidratada, limpia y suave.<\/p>\n<p>Apto para veganos<\/p>\n<p><strong>RECOMENDACIONES DE USO:<\/strong> Aplicar una vez al d\u00eda, dosificando una peque\u00f1a cantidad de producto y despu\u00e9s aclarar con abundante agua.<\/p>\n<p><strong>PRINCIPIOS ACTIVOS:\u00a0<\/strong><\/p>\n<ul>\n<li><strong>Aloe Vera Bio:<\/strong> hidratante y calmante. Protege la hidrataci\u00f3n de las zonas mucosas.<\/li>\n<li><strong>Agua de Cal\u00e9ndula y Aciano Bio:<\/strong> calmantes y refrescante.<\/li>\n<li><strong>Salvia Bio:<\/strong> purificante.<\/li>\n<\/ul>\n<p><strong>Ingredientes:<\/strong> Aqua, Calendula Officinalis Extract*, Caprylyl\/Capryl Glucoside, Salvia Officinalis Leaf Extract*, Centaurea Cyanus Flower Water*, Glycerin, Coco-Betaine, Glyceryl Caprylate, Aloe Barbadensis Extract*, Coco-Glucoside, Glyceryl Oleate, Acacia Senegal Gum, Xanthan Gum, Parfum, Potassium Sorbate, Sodium Benzoate, Citric Acid, Benzyl Alcohol, Dehydroacetic Acid.<br \/>\n*Ingredientes procedentes de la agricultura ecol\u00f3gica<br \/>\n98% del total es de origen natural.<br \/>\nEl 37% del total de los ingredientes procede de la agricultura ecol\u00f3gica<\/p>\n<p>Espuma \u00cdntima Extra Suave<\/p>\n<p>Cuida tu piel con\u00a0<a href=\"https:\/\/www.anaromanature.com\/\">Anaroma Nature<\/a><\/p>\n<p><a href=\"mailto:%20info@anaromanature.com\">Cons\u00faltanos\u00a0<\/a>lo que necesites saber o aclarar.<\/p>\n<p>Visita nuestro\u00a0<a href=\"https:\/\/www.instagram.com\/anaromanature\/\">Instagram<\/a>.<\/p>\n","protected":false},"excerpt":{"rendered":"<p><a href=\"https:\/\/www.anaromanature.com\/wp-content\/uploads\/2021\/03\/Logo-NaturaBio.jpg\"><img decoding=\"async\" class=\" wp-image-2488\" title=\"Logo NaturaBio\" src=\"https:\/\/www.anaromanature.com\/wp-content\/uploads\/2021\/03\/Logo-NaturaBio.jpg\" alt=\"Logo NaturaBio\" width=\"100\" height=\"100\" srcset=\"https:\/\/www.anaromanature.com\/wp-content\/uploads\/2021\/03\/Logo-NaturaBio.jpg 356w, https:\/\/www.anaromanature.com\/wp-content\/uploads\/2021\/03\/Logo-NaturaBio-300x300.jpg 300w, https:\/\/www.anaromanature.com\/wp-content\/uploads\/2021\/03\/Logo-NaturaBio-150x150.jpg 150w, https:\/\/www.anaromanature.com\/wp-content\/uploads\/2021\/03\/Logo-NaturaBio-75x75.jpg 75w, https:\/\/www.anaromanature.com\/wp-content\/uploads\/2021\/03\/Logo-NaturaBio-100x100.jpg 100w\" sizes=\"(max-width: 100px) 100vw, 100px\" \/><\/a><\/p>\n<hr \/>\n<ul>\n<li>Limpia delicadamente y es respetuosa con la zona \u00edntima.<\/li>\n<li>Hidrata, calma y refresca,<\/li>\n<li>Ginecol\u00f3gicamente testada.<\/li>\n<li>Capacidad: 150 ml<\/li>\n<\/ul>\n<hr \/>\n<p>&nbsp;<\/p>\n<p><a href=\"https:\/\/www.anaromanature.com\/wp-content\/uploads\/2021\/03\/sello-vegano.jpg\"><img decoding=\"async\" class=\" wp-image-2137\" title=\"sello vegano\" src=\"https:\/\/www.anaromanature.com\/wp-content\/uploads\/2021\/03\/sello-vegano.jpg\" alt=\"sello vegano\" width=\"80\" height=\"80\" srcset=\"https:\/\/www.anaromanature.com\/wp-content\/uploads\/2021\/03\/sello-vegano.jpg 150w, https:\/\/www.anaromanature.com\/wp-content\/uploads\/2021\/03\/sello-vegano-75x75.jpg 75w, https:\/\/www.anaromanature.com\/wp-content\/uploads\/2021\/03\/sello-vegano-100x100.jpg 100w\" sizes=\"(max-width: 80px) 100vw, 80px\" \/>\u00a0 \u00a0<\/a><a href=\"https:\/\/www.anaromanature.com\/wp-content\/uploads\/2021\/03\/libre-de-parabenos-sin-sls-sin-sles_1.png\">\u00a0<\/a><a href=\"https:\/\/www.anaromanature.com\/wp-content\/uploads\/2021\/03\/contiene-aloe-vera.png\"><img decoding=\"async\" class=\" wp-image-2107\" title=\"contiene aloe vera\" src=\"https:\/\/www.anaromanature.com\/wp-content\/uploads\/2021\/03\/contiene-aloe-vera.png\" alt=\"contiene aloe vera\" width=\"80\" height=\"81\" srcset=\"https:\/\/www.anaromanature.com\/wp-content\/uploads\/2021\/03\/contiene-aloe-vera.png 125w, https:\/\/www.anaromanature.com\/wp-content\/uploads\/2021\/03\/contiene-aloe-vera-75x75.png 75w, https:\/\/www.anaromanature.com\/wp-content\/uploads\/2021\/03\/contiene-aloe-vera-100x100.png 100w\" sizes=\"(max-width: 80px) 100vw, 80px\" \/><\/a><\/p>\n","protected":false},"featured_media":2542,"comment_status":"open","ping_status":"closed","template":"","meta":{"_joinchat":[]},"product_brand":[],"product_cat":[165,420],"product_tag":[343,342,424],"class_list":{"0":"post-2540","1":"product","2":"type-product","3":"status-publish","4":"has-post-thumbnail","6":"product_cat-cosmetica-corporal","7":"product_cat-higiene-intima","8":"product_tag-espuma","9":"product_tag-higiene-intima","10":"product_tag-naturabio","11":"latest_post","13":"first","14":"instock","15":"taxable","16":"shipping-taxable","17":"purchasable","18":"product-type-simple"},"yoast_head":"<!-- This site is optimized with the Yoast SEO plugin v27.4 - https:\/\/yoast.com\/product\/yoast-seo-wordpress\/ -->\n<title>Espuma \u00cdntima Extra Suave 150ml - Anaroma Nature - Tienda<\/title>\n<meta name=\"description\" content=\"Espuma \u00cdntima Extra Suave. Espuma suave y cremosa que limpia en profundidad la piel de impurezas y suciedad diaria. Deja la piel hidratada,\" \/>\n<meta name=\"robots\" content=\"index, follow, max-snippet:-1, max-image-preview:large, max-video-preview:-1\" \/>\n<link rel=\"canonical\" href=\"https:\/\/www.anaromanature.com\/index.php\/producto\/espuma-intima-extra-suave-150ml\/\" \/>\n<meta property=\"og:locale\" content=\"es_ES\" \/>\n<meta property=\"og:type\" content=\"article\" \/>\n<meta property=\"og:title\" content=\"Espuma \u00cdntima Extra Suave 150ml - Anaroma Nature - Tienda\" \/>\n<meta property=\"og:description\" content=\"Espuma \u00cdntima Extra Suave. Espuma suave y cremosa que limpia en profundidad la piel de impurezas y suciedad diaria. Deja la piel hidratada,\" \/>\n<meta property=\"og:url\" content=\"https:\/\/www.anaromanature.com\/index.php\/producto\/espuma-intima-extra-suave-150ml\/\" \/>\n<meta property=\"og:site_name\" content=\"Anaroma Nature\" \/>\n<meta property=\"article:publisher\" content=\"http:\/\/facebook.com\/Anaroma-326324794814915\" \/>\n<meta property=\"article:modified_time\" content=\"2021-03-13T18:51:18+00:00\" \/>\n<meta property=\"og:image\" content=\"https:\/\/i2.wp.com\/www.anaromanature.com\/wp-content\/uploads\/2021\/03\/Espuma-Intima.jpg?fit=800%2C800&ssl=1\" \/>\n\t<meta property=\"og:image:width\" content=\"800\" \/>\n\t<meta property=\"og:image:height\" content=\"800\" \/>\n\t<meta property=\"og:image:type\" content=\"image\/jpeg\" \/>\n<meta name=\"twitter:card\" content=\"summary_large_image\" \/>\n<meta name=\"twitter:label1\" content=\"Tiempo de lectura\" \/>\n\t<meta name=\"twitter:data1\" content=\"1 minuto\" \/>\n<script type=\"application\/ld+json\" class=\"yoast-schema-graph\">{\"@context\":\"https:\\\/\\\/schema.org\",\"@graph\":[{\"@type\":\"WebPage\",\"@id\":\"https:\\\/\\\/www.anaromanature.com\\\/index.php\\\/producto\\\/espuma-intima-extra-suave-150ml\\\/\",\"url\":\"https:\\\/\\\/www.anaromanature.com\\\/index.php\\\/producto\\\/espuma-intima-extra-suave-150ml\\\/\",\"name\":\"Espuma \u00cdntima Extra Suave 150ml - Anaroma Nature - Tienda\",\"isPartOf\":{\"@id\":\"https:\\\/\\\/www.anaromanature.com\\\/#website\"},\"primaryImageOfPage\":{\"@id\":\"https:\\\/\\\/www.anaromanature.com\\\/index.php\\\/producto\\\/espuma-intima-extra-suave-150ml\\\/#primaryimage\"},\"image\":{\"@id\":\"https:\\\/\\\/www.anaromanature.com\\\/index.php\\\/producto\\\/espuma-intima-extra-suave-150ml\\\/#primaryimage\"},\"thumbnailUrl\":\"https:\\\/\\\/www.anaromanature.com\\\/wp-content\\\/uploads\\\/2021\\\/03\\\/Espuma-Intima.jpg\",\"datePublished\":\"2021-03-13T17:40:42+00:00\",\"dateModified\":\"2021-03-13T18:51:18+00:00\",\"description\":\"Espuma \u00cdntima Extra Suave. Espuma suave y cremosa que limpia en profundidad la piel de impurezas y suciedad diaria. Deja la piel hidratada,\",\"breadcrumb\":{\"@id\":\"https:\\\/\\\/www.anaromanature.com\\\/index.php\\\/producto\\\/espuma-intima-extra-suave-150ml\\\/#breadcrumb\"},\"inLanguage\":\"es\",\"potentialAction\":[{\"@type\":\"ReadAction\",\"target\":[\"https:\\\/\\\/www.anaromanature.com\\\/index.php\\\/producto\\\/espuma-intima-extra-suave-150ml\\\/\"]}]},{\"@type\":\"ImageObject\",\"inLanguage\":\"es\",\"@id\":\"https:\\\/\\\/www.anaromanature.com\\\/index.php\\\/producto\\\/espuma-intima-extra-suave-150ml\\\/#primaryimage\",\"url\":\"https:\\\/\\\/www.anaromanature.com\\\/wp-content\\\/uploads\\\/2021\\\/03\\\/Espuma-Intima.jpg\",\"contentUrl\":\"https:\\\/\\\/www.anaromanature.com\\\/wp-content\\\/uploads\\\/2021\\\/03\\\/Espuma-Intima.jpg\",\"width\":600,\"height\":600,\"caption\":\"Espuma Intima\"},{\"@type\":\"BreadcrumbList\",\"@id\":\"https:\\\/\\\/www.anaromanature.com\\\/index.php\\\/producto\\\/espuma-intima-extra-suave-150ml\\\/#breadcrumb\",\"itemListElement\":[{\"@type\":\"ListItem\",\"position\":1,\"name\":\"Portada\",\"item\":\"https:\\\/\\\/www.anaromanature.com\\\/\"},{\"@type\":\"ListItem\",\"position\":2,\"name\":\"Tienda\",\"item\":\"https:\\\/\\\/www.anaromanature.com\\\/index.php\\\/tienda-premium-online-anarome-nature\\\/\"},{\"@type\":\"ListItem\",\"position\":3,\"name\":\"Espuma \u00cdntima Extra Suave 150ml\"}]},{\"@type\":\"WebSite\",\"@id\":\"https:\\\/\\\/www.anaromanature.com\\\/#website\",\"url\":\"https:\\\/\\\/www.anaromanature.com\\\/\",\"name\":\"Anaroma Nature\",\"description\":\"Aromas y color\",\"publisher\":{\"@id\":\"https:\\\/\\\/www.anaromanature.com\\\/#organization\"},\"potentialAction\":[{\"@type\":\"SearchAction\",\"target\":{\"@type\":\"EntryPoint\",\"urlTemplate\":\"https:\\\/\\\/www.anaromanature.com\\\/?s={search_term_string}\"},\"query-input\":{\"@type\":\"PropertyValueSpecification\",\"valueRequired\":true,\"valueName\":\"search_term_string\"}}],\"inLanguage\":\"es\"},{\"@type\":\"Organization\",\"@id\":\"https:\\\/\\\/www.anaromanature.com\\\/#organization\",\"name\":\"Anaroma Nature\",\"url\":\"https:\\\/\\\/www.anaromanature.com\\\/\",\"logo\":{\"@type\":\"ImageObject\",\"inLanguage\":\"es\",\"@id\":\"https:\\\/\\\/www.anaromanature.com\\\/#\\\/schema\\\/logo\\\/image\\\/\",\"url\":\"https:\\\/\\\/i2.wp.com\\\/www.anaromanature.com\\\/wp-content\\\/uploads\\\/2021\\\/02\\\/cropped-Logotipo-Anaroma-2.png?fit=290%2C288&ssl=1\",\"contentUrl\":\"https:\\\/\\\/i2.wp.com\\\/www.anaromanature.com\\\/wp-content\\\/uploads\\\/2021\\\/02\\\/cropped-Logotipo-Anaroma-2.png?fit=290%2C288&ssl=1\",\"width\":290,\"height\":288,\"caption\":\"Anaroma Nature\"},\"image\":{\"@id\":\"https:\\\/\\\/www.anaromanature.com\\\/#\\\/schema\\\/logo\\\/image\\\/\"},\"sameAs\":[\"http:\\\/\\\/facebook.com\\\/Anaroma-326324794814915\",\"http:\\\/\\\/instagram.com\\\/anaromanature\"]}]}<\/script>\n<!-- \/ Yoast SEO plugin. -->","yoast_head_json":{"title":"Espuma \u00cdntima Extra Suave 150ml - Anaroma Nature - Tienda","description":"Espuma \u00cdntima Extra Suave. Espuma suave y cremosa que limpia en profundidad la piel de impurezas y suciedad diaria. Deja la piel hidratada,","robots":{"index":"index","follow":"follow","max-snippet":"max-snippet:-1","max-image-preview":"max-image-preview:large","max-video-preview":"max-video-preview:-1"},"canonical":"https:\/\/www.anaromanature.com\/index.php\/producto\/espuma-intima-extra-suave-150ml\/","og_locale":"es_ES","og_type":"article","og_title":"Espuma \u00cdntima Extra Suave 150ml - Anaroma Nature - Tienda","og_description":"Espuma \u00cdntima Extra Suave. Espuma suave y cremosa que limpia en profundidad la piel de impurezas y suciedad diaria. Deja la piel hidratada,","og_url":"https:\/\/www.anaromanature.com\/index.php\/producto\/espuma-intima-extra-suave-150ml\/","og_site_name":"Anaroma Nature","article_publisher":"http:\/\/facebook.com\/Anaroma-326324794814915","article_modified_time":"2021-03-13T18:51:18+00:00","og_image":[{"width":800,"height":800,"url":"https:\/\/i2.wp.com\/www.anaromanature.com\/wp-content\/uploads\/2021\/03\/Espuma-Intima.jpg?fit=800%2C800&ssl=1","type":"image\/jpeg"}],"twitter_card":"summary_large_image","twitter_misc":{"Tiempo de lectura":"1 minuto"},"schema":{"@context":"https:\/\/schema.org","@graph":[{"@type":"WebPage","@id":"https:\/\/www.anaromanature.com\/index.php\/producto\/espuma-intima-extra-suave-150ml\/","url":"https:\/\/www.anaromanature.com\/index.php\/producto\/espuma-intima-extra-suave-150ml\/","name":"Espuma \u00cdntima Extra Suave 150ml - Anaroma Nature - Tienda","isPartOf":{"@id":"https:\/\/www.anaromanature.com\/#website"},"primaryImageOfPage":{"@id":"https:\/\/www.anaromanature.com\/index.php\/producto\/espuma-intima-extra-suave-150ml\/#primaryimage"},"image":{"@id":"https:\/\/www.anaromanature.com\/index.php\/producto\/espuma-intima-extra-suave-150ml\/#primaryimage"},"thumbnailUrl":"https:\/\/www.anaromanature.com\/wp-content\/uploads\/2021\/03\/Espuma-Intima.jpg","datePublished":"2021-03-13T17:40:42+00:00","dateModified":"2021-03-13T18:51:18+00:00","description":"Espuma \u00cdntima Extra Suave. Espuma suave y cremosa que limpia en profundidad la piel de impurezas y suciedad diaria. Deja la piel hidratada,","breadcrumb":{"@id":"https:\/\/www.anaromanature.com\/index.php\/producto\/espuma-intima-extra-suave-150ml\/#breadcrumb"},"inLanguage":"es","potentialAction":[{"@type":"ReadAction","target":["https:\/\/www.anaromanature.com\/index.php\/producto\/espuma-intima-extra-suave-150ml\/"]}]},{"@type":"ImageObject","inLanguage":"es","@id":"https:\/\/www.anaromanature.com\/index.php\/producto\/espuma-intima-extra-suave-150ml\/#primaryimage","url":"https:\/\/www.anaromanature.com\/wp-content\/uploads\/2021\/03\/Espuma-Intima.jpg","contentUrl":"https:\/\/www.anaromanature.com\/wp-content\/uploads\/2021\/03\/Espuma-Intima.jpg","width":600,"height":600,"caption":"Espuma Intima"},{"@type":"BreadcrumbList","@id":"https:\/\/www.anaromanature.com\/index.php\/producto\/espuma-intima-extra-suave-150ml\/#breadcrumb","itemListElement":[{"@type":"ListItem","position":1,"name":"Portada","item":"https:\/\/www.anaromanature.com\/"},{"@type":"ListItem","position":2,"name":"Tienda","item":"https:\/\/www.anaromanature.com\/index.php\/tienda-premium-online-anarome-nature\/"},{"@type":"ListItem","position":3,"name":"Espuma \u00cdntima Extra Suave 150ml"}]},{"@type":"WebSite","@id":"https:\/\/www.anaromanature.com\/#website","url":"https:\/\/www.anaromanature.com\/","name":"Anaroma Nature","description":"Aromas y color","publisher":{"@id":"https:\/\/www.anaromanature.com\/#organization"},"potentialAction":[{"@type":"SearchAction","target":{"@type":"EntryPoint","urlTemplate":"https:\/\/www.anaromanature.com\/?s={search_term_string}"},"query-input":{"@type":"PropertyValueSpecification","valueRequired":true,"valueName":"search_term_string"}}],"inLanguage":"es"},{"@type":"Organization","@id":"https:\/\/www.anaromanature.com\/#organization","name":"Anaroma Nature","url":"https:\/\/www.anaromanature.com\/","logo":{"@type":"ImageObject","inLanguage":"es","@id":"https:\/\/www.anaromanature.com\/#\/schema\/logo\/image\/","url":"https:\/\/i2.wp.com\/www.anaromanature.com\/wp-content\/uploads\/2021\/02\/cropped-Logotipo-Anaroma-2.png?fit=290%2C288&ssl=1","contentUrl":"https:\/\/i2.wp.com\/www.anaromanature.com\/wp-content\/uploads\/2021\/02\/cropped-Logotipo-Anaroma-2.png?fit=290%2C288&ssl=1","width":290,"height":288,"caption":"Anaroma Nature"},"image":{"@id":"https:\/\/www.anaromanature.com\/#\/schema\/logo\/image\/"},"sameAs":["http:\/\/facebook.com\/Anaroma-326324794814915","http:\/\/instagram.com\/anaromanature"]}]}},"_links":{"self":[{"href":"https:\/\/www.anaromanature.com\/index.php\/wp-json\/wp\/v2\/product\/2540","targetHints":{"allow":["GET"]}}],"collection":[{"href":"https:\/\/www.anaromanature.com\/index.php\/wp-json\/wp\/v2\/product"}],"about":[{"href":"https:\/\/www.anaromanature.com\/index.php\/wp-json\/wp\/v2\/types\/product"}],"replies":[{"embeddable":true,"href":"https:\/\/www.anaromanature.com\/index.php\/wp-json\/wp\/v2\/comments?post=2540"}],"wp:featuredmedia":[{"embeddable":true,"href":"https:\/\/www.anaromanature.com\/index.php\/wp-json\/wp\/v2\/media\/2542"}],"wp:attachment":[{"href":"https:\/\/www.anaromanature.com\/index.php\/wp-json\/wp\/v2\/media?parent=2540"}],"wp:term":[{"taxonomy":"product_brand","embeddable":true,"href":"https:\/\/www.anaromanature.com\/index.php\/wp-json\/wp\/v2\/product_brand?post=2540"},{"taxonomy":"product_cat","embeddable":true,"href":"https:\/\/www.anaromanature.com\/index.php\/wp-json\/wp\/v2\/product_cat?post=2540"},{"taxonomy":"product_tag","embeddable":true,"href":"https:\/\/www.anaromanature.com\/index.php\/wp-json\/wp\/v2\/product_tag?post=2540"}],"curies":[{"name":"wp","href":"https:\/\/api.w.org\/{rel}","templated":true}]}}