{"id":2548,"date":"2021-03-13T19:28:36","date_gmt":"2021-03-13T18:28:36","guid":{"rendered":"https:\/\/www.anaromanature.com\/?post_type=product&#038;p=2548"},"modified":"2021-03-13T19:50:27","modified_gmt":"2021-03-13T18:50:27","slug":"locion-reductora-detox-200ml","status":"publish","type":"product","link":"https:\/\/www.anaromanature.com\/index.php\/producto\/locion-reductora-detox-200ml\/","title":{"rendered":"Loci\u00f3n Reductora Detox 200ml"},"content":{"rendered":"<p>Loci\u00f3n Reductora Detox<\/p>\n<p>Reafirma y cuida la piel .<\/p>\n<p>Ayuda a reducir la grasa acumulada gracias a la alga laminaria digitata.<\/p>\n<p>Deja la piel m\u00e1s suave y con una aroma c\u00edtrica refrescante.<\/p>\n<p><strong>RECOMENDACIONES DE USO:<\/strong> plicar de 1 a 2 veces al d\u00eda en la zona del cuerpo a tratar realizando un masaje en\u00e9rgico hasta su completa absorci\u00f3n. En caso de contacto en los ojos, aclarar con abundante agua.<\/p>\n<p><strong>RUTINA REDUCTORA:<\/strong> Se combina con la loci\u00f3n reductora (para el d\u00eda) y el aceite<br \/>\nreductor para la noche<\/p>\n<p><strong>PRINCIPIOS ACTIVOS:\u00a0<\/strong><\/p>\n<ul>\n<li><strong>Extracto de Alga (alga Laminaria Digitata):<\/strong> ayuda a eliminar la acumulaci\u00f3n localizada de<br \/>\ngrasa. Efecto reductor probado con la aplicaci\u00f3n dos veces al d\u00eda, durante 28 d\u00edas.<\/li>\n<li><strong>Extracto de Jengibre Bio:<\/strong> propiedades antioxidantes, astringentes y antiedad. Frena la<br \/>\ndegradaci\u00f3n de col\u00e1geno, gracias a la inhibici\u00f3n de la enzima colegenasa<\/li>\n<li><strong>Aloe Vera Bio:<\/strong> hidrata intensamente la piel.<\/li>\n<li><strong>Aceites esenciales de Lima y Pomelo Bio:<\/strong> tonifican, purifican y refresca la piel.<\/li>\n<\/ul>\n<p><strong>Ingredientes:<\/strong> Aqua, Caprylic\/Capric Glycerides, Helianthus Annuus Seed Oil*, Alcohol**, Glycerin, Behenyl Alcohol, Polyglyceryl-2 Dipolyhydroxystearate, Lauryl Glucoside, Aloe Barbadensis Extract*, Microcrystalline Cellulose, Citrus Aurantifolia Oil*, Laminaria Digitata Extract, Zingiber Officinale Root Extract*, Sphacelaria Scoparia Extract, Citrus Paradisi Peel Oil*, Tocopherol, Potassium Sorbate, Sodium Benzoate, Parfum, Xanthan Gum, Limonene, Cellulose Gum, Citric Acid, Linalool, Citral, Geraniol.<br \/>\n*Ingredientes procedentes de la agricultura ecol\u00f3gica.<br \/>\n**Transformados a partir de ingredientes ecol\u00f3gicos.<br \/>\n99% del total es de origen natural.<br \/>\nEl 41% del total de los ingredientes procede de la agricultura ecol\u00f3gica.<\/p>\n<p>Loci\u00f3n Reductora Detox<\/p>\n<p>Cuida tu piel con\u00a0<a href=\"https:\/\/www.anaromanature.com\/\">Anaroma Nature<\/a><\/p>\n<p><a href=\"mailto:%20info@anaromanature.com\">Cons\u00faltanos\u00a0<\/a>lo que necesites saber o aclarar.<\/p>\n<p>Visita nuestro\u00a0<a href=\"https:\/\/www.instagram.com\/anaromanature\/\">Instagram<\/a>.<\/p>\n","protected":false},"excerpt":{"rendered":"<p><a href=\"https:\/\/www.anaromanature.com\/wp-content\/uploads\/2021\/03\/Logo-NaturaBio.jpg\"><img decoding=\"async\" class=\" wp-image-2488\" title=\"Logo NaturaBio\" src=\"https:\/\/www.anaromanature.com\/wp-content\/uploads\/2021\/03\/Logo-NaturaBio.jpg\" alt=\"Logo NaturaBio\" width=\"100\" height=\"100\" srcset=\"https:\/\/www.anaromanature.com\/wp-content\/uploads\/2021\/03\/Logo-NaturaBio.jpg 356w, https:\/\/www.anaromanature.com\/wp-content\/uploads\/2021\/03\/Logo-NaturaBio-300x300.jpg 300w, https:\/\/www.anaromanature.com\/wp-content\/uploads\/2021\/03\/Logo-NaturaBio-150x150.jpg 150w, https:\/\/www.anaromanature.com\/wp-content\/uploads\/2021\/03\/Logo-NaturaBio-75x75.jpg 75w, https:\/\/www.anaromanature.com\/wp-content\/uploads\/2021\/03\/Logo-NaturaBio-100x100.jpg 100w\" sizes=\"(max-width: 100px) 100vw, 100px\" \/><\/a><\/p>\n<hr \/>\n<ul>\n<li>Reafirma y cuida la piel .<\/li>\n<li>Ayuda a reducir la grasa acumulada gracias a la<br \/>\nalga laminaria digitata.<\/li>\n<li>Deja la piel m\u00e1s suave y con una aroma c\u00edtrica<br \/>\nrefrescante.<\/li>\n<li>Capacidad: 200 ml<\/li>\n<\/ul>\n<hr \/>\n<p>&nbsp;<\/p>\n<p><a href=\"https:\/\/www.anaromanature.com\/wp-content\/uploads\/2021\/03\/sello-vegano.jpg\"><img decoding=\"async\" class=\" wp-image-2137\" title=\"sello vegano\" src=\"https:\/\/www.anaromanature.com\/wp-content\/uploads\/2021\/03\/sello-vegano.jpg\" alt=\"sello vegano\" width=\"80\" height=\"80\" srcset=\"https:\/\/www.anaromanature.com\/wp-content\/uploads\/2021\/03\/sello-vegano.jpg 150w, https:\/\/www.anaromanature.com\/wp-content\/uploads\/2021\/03\/sello-vegano-75x75.jpg 75w, https:\/\/www.anaromanature.com\/wp-content\/uploads\/2021\/03\/sello-vegano-100x100.jpg 100w\" sizes=\"(max-width: 80px) 100vw, 80px\" \/>\u00a0 \u00a0<\/a><a href=\"https:\/\/www.anaromanature.com\/wp-content\/uploads\/2021\/03\/libre-de-parabenos-sin-sls-sin-sles_1.png\">\u00a0<\/a><a href=\"https:\/\/www.anaromanature.com\/wp-content\/uploads\/2021\/03\/contiene-aloe-vera.png\"><img decoding=\"async\" class=\" wp-image-2107\" title=\"contiene aloe vera\" src=\"https:\/\/www.anaromanature.com\/wp-content\/uploads\/2021\/03\/contiene-aloe-vera.png\" alt=\"contiene aloe vera\" width=\"80\" height=\"81\" srcset=\"https:\/\/www.anaromanature.com\/wp-content\/uploads\/2021\/03\/contiene-aloe-vera.png 125w, https:\/\/www.anaromanature.com\/wp-content\/uploads\/2021\/03\/contiene-aloe-vera-75x75.png 75w, https:\/\/www.anaromanature.com\/wp-content\/uploads\/2021\/03\/contiene-aloe-vera-100x100.png 100w\" sizes=\"(max-width: 80px) 100vw, 80px\" \/><\/a><\/p>\n","protected":false},"featured_media":2549,"comment_status":"open","ping_status":"closed","template":"","meta":{"_joinchat":[]},"product_brand":[],"product_cat":[165,421],"product_tag":[423,424,422],"class_list":{"0":"post-2548","1":"product","2":"type-product","3":"status-publish","4":"has-post-thumbnail","6":"product_cat-cosmetica-corporal","7":"product_cat-reductor-corporal","8":"product_tag-detox","9":"product_tag-naturabio","10":"product_tag-reductor","11":"latest_post","13":"first","14":"instock","15":"taxable","16":"shipping-taxable","17":"purchasable","18":"product-type-simple"},"yoast_head":"<!-- This site is optimized with the Yoast SEO plugin v27.4 - https:\/\/yoast.com\/product\/yoast-seo-wordpress\/ -->\n<title>Loci\u00f3n Reductora Detox 200ml - Anaroma Nature - Tienda Online<\/title>\n<meta name=\"description\" content=\"Loci\u00f3n Reductora Detox. Reafirma y cuida la piel. Ayuda a reducir la grasa acumulada gracias a la alga laminaria digitata. Deja la piel m\u00e1s\" \/>\n<meta name=\"robots\" content=\"index, follow, max-snippet:-1, max-image-preview:large, max-video-preview:-1\" \/>\n<link rel=\"canonical\" href=\"https:\/\/www.anaromanature.com\/index.php\/producto\/locion-reductora-detox-200ml\/\" \/>\n<meta property=\"og:locale\" content=\"es_ES\" \/>\n<meta property=\"og:type\" content=\"article\" \/>\n<meta property=\"og:title\" content=\"Loci\u00f3n Reductora Detox 200ml - Anaroma Nature - Tienda Online\" \/>\n<meta property=\"og:description\" content=\"Loci\u00f3n Reductora Detox. Reafirma y cuida la piel. Ayuda a reducir la grasa acumulada gracias a la alga laminaria digitata. Deja la piel m\u00e1s\" \/>\n<meta property=\"og:url\" content=\"https:\/\/www.anaromanature.com\/index.php\/producto\/locion-reductora-detox-200ml\/\" \/>\n<meta property=\"og:site_name\" content=\"Anaroma Nature\" \/>\n<meta property=\"article:publisher\" content=\"http:\/\/facebook.com\/Anaroma-326324794814915\" \/>\n<meta property=\"article:modified_time\" content=\"2021-03-13T18:50:27+00:00\" \/>\n<meta property=\"og:image\" content=\"https:\/\/i1.wp.com\/www.anaromanature.com\/wp-content\/uploads\/2021\/03\/Locion-Reductora-Detox.jpg?fit=800%2C800&ssl=1\" \/>\n\t<meta property=\"og:image:width\" content=\"800\" \/>\n\t<meta property=\"og:image:height\" content=\"800\" \/>\n\t<meta property=\"og:image:type\" content=\"image\/jpeg\" \/>\n<meta name=\"twitter:card\" content=\"summary_large_image\" \/>\n<meta name=\"twitter:label1\" content=\"Tiempo de lectura\" \/>\n\t<meta name=\"twitter:data1\" content=\"2 minutos\" \/>\n<script type=\"application\/ld+json\" class=\"yoast-schema-graph\">{\"@context\":\"https:\\\/\\\/schema.org\",\"@graph\":[{\"@type\":\"WebPage\",\"@id\":\"https:\\\/\\\/www.anaromanature.com\\\/index.php\\\/producto\\\/locion-reductora-detox-200ml\\\/\",\"url\":\"https:\\\/\\\/www.anaromanature.com\\\/index.php\\\/producto\\\/locion-reductora-detox-200ml\\\/\",\"name\":\"Loci\u00f3n Reductora Detox 200ml - Anaroma Nature - Tienda Online\",\"isPartOf\":{\"@id\":\"https:\\\/\\\/www.anaromanature.com\\\/#website\"},\"primaryImageOfPage\":{\"@id\":\"https:\\\/\\\/www.anaromanature.com\\\/index.php\\\/producto\\\/locion-reductora-detox-200ml\\\/#primaryimage\"},\"image\":{\"@id\":\"https:\\\/\\\/www.anaromanature.com\\\/index.php\\\/producto\\\/locion-reductora-detox-200ml\\\/#primaryimage\"},\"thumbnailUrl\":\"https:\\\/\\\/www.anaromanature.com\\\/wp-content\\\/uploads\\\/2021\\\/03\\\/Locion-Reductora-Detox.jpg\",\"datePublished\":\"2021-03-13T18:28:36+00:00\",\"dateModified\":\"2021-03-13T18:50:27+00:00\",\"description\":\"Loci\u00f3n Reductora Detox. Reafirma y cuida la piel. Ayuda a reducir la grasa acumulada gracias a la alga laminaria digitata. Deja la piel m\u00e1s\",\"breadcrumb\":{\"@id\":\"https:\\\/\\\/www.anaromanature.com\\\/index.php\\\/producto\\\/locion-reductora-detox-200ml\\\/#breadcrumb\"},\"inLanguage\":\"es\",\"potentialAction\":[{\"@type\":\"ReadAction\",\"target\":[\"https:\\\/\\\/www.anaromanature.com\\\/index.php\\\/producto\\\/locion-reductora-detox-200ml\\\/\"]}]},{\"@type\":\"ImageObject\",\"inLanguage\":\"es\",\"@id\":\"https:\\\/\\\/www.anaromanature.com\\\/index.php\\\/producto\\\/locion-reductora-detox-200ml\\\/#primaryimage\",\"url\":\"https:\\\/\\\/www.anaromanature.com\\\/wp-content\\\/uploads\\\/2021\\\/03\\\/Locion-Reductora-Detox.jpg\",\"contentUrl\":\"https:\\\/\\\/www.anaromanature.com\\\/wp-content\\\/uploads\\\/2021\\\/03\\\/Locion-Reductora-Detox.jpg\",\"width\":600,\"height\":600,\"caption\":\"Locion Reductora Detox\"},{\"@type\":\"BreadcrumbList\",\"@id\":\"https:\\\/\\\/www.anaromanature.com\\\/index.php\\\/producto\\\/locion-reductora-detox-200ml\\\/#breadcrumb\",\"itemListElement\":[{\"@type\":\"ListItem\",\"position\":1,\"name\":\"Portada\",\"item\":\"https:\\\/\\\/www.anaromanature.com\\\/\"},{\"@type\":\"ListItem\",\"position\":2,\"name\":\"Tienda\",\"item\":\"https:\\\/\\\/www.anaromanature.com\\\/index.php\\\/tienda-premium-online-anarome-nature\\\/\"},{\"@type\":\"ListItem\",\"position\":3,\"name\":\"Loci\u00f3n Reductora Detox 200ml\"}]},{\"@type\":\"WebSite\",\"@id\":\"https:\\\/\\\/www.anaromanature.com\\\/#website\",\"url\":\"https:\\\/\\\/www.anaromanature.com\\\/\",\"name\":\"Anaroma Nature\",\"description\":\"Aromas y color\",\"publisher\":{\"@id\":\"https:\\\/\\\/www.anaromanature.com\\\/#organization\"},\"potentialAction\":[{\"@type\":\"SearchAction\",\"target\":{\"@type\":\"EntryPoint\",\"urlTemplate\":\"https:\\\/\\\/www.anaromanature.com\\\/?s={search_term_string}\"},\"query-input\":{\"@type\":\"PropertyValueSpecification\",\"valueRequired\":true,\"valueName\":\"search_term_string\"}}],\"inLanguage\":\"es\"},{\"@type\":\"Organization\",\"@id\":\"https:\\\/\\\/www.anaromanature.com\\\/#organization\",\"name\":\"Anaroma Nature\",\"url\":\"https:\\\/\\\/www.anaromanature.com\\\/\",\"logo\":{\"@type\":\"ImageObject\",\"inLanguage\":\"es\",\"@id\":\"https:\\\/\\\/www.anaromanature.com\\\/#\\\/schema\\\/logo\\\/image\\\/\",\"url\":\"https:\\\/\\\/i2.wp.com\\\/www.anaromanature.com\\\/wp-content\\\/uploads\\\/2021\\\/02\\\/cropped-Logotipo-Anaroma-2.png?fit=290%2C288&ssl=1\",\"contentUrl\":\"https:\\\/\\\/i2.wp.com\\\/www.anaromanature.com\\\/wp-content\\\/uploads\\\/2021\\\/02\\\/cropped-Logotipo-Anaroma-2.png?fit=290%2C288&ssl=1\",\"width\":290,\"height\":288,\"caption\":\"Anaroma Nature\"},\"image\":{\"@id\":\"https:\\\/\\\/www.anaromanature.com\\\/#\\\/schema\\\/logo\\\/image\\\/\"},\"sameAs\":[\"http:\\\/\\\/facebook.com\\\/Anaroma-326324794814915\",\"http:\\\/\\\/instagram.com\\\/anaromanature\"]}]}<\/script>\n<!-- \/ Yoast SEO plugin. -->","yoast_head_json":{"title":"Loci\u00f3n Reductora Detox 200ml - Anaroma Nature - Tienda Online","description":"Loci\u00f3n Reductora Detox. Reafirma y cuida la piel. Ayuda a reducir la grasa acumulada gracias a la alga laminaria digitata. Deja la piel m\u00e1s","robots":{"index":"index","follow":"follow","max-snippet":"max-snippet:-1","max-image-preview":"max-image-preview:large","max-video-preview":"max-video-preview:-1"},"canonical":"https:\/\/www.anaromanature.com\/index.php\/producto\/locion-reductora-detox-200ml\/","og_locale":"es_ES","og_type":"article","og_title":"Loci\u00f3n Reductora Detox 200ml - Anaroma Nature - Tienda Online","og_description":"Loci\u00f3n Reductora Detox. Reafirma y cuida la piel. Ayuda a reducir la grasa acumulada gracias a la alga laminaria digitata. Deja la piel m\u00e1s","og_url":"https:\/\/www.anaromanature.com\/index.php\/producto\/locion-reductora-detox-200ml\/","og_site_name":"Anaroma Nature","article_publisher":"http:\/\/facebook.com\/Anaroma-326324794814915","article_modified_time":"2021-03-13T18:50:27+00:00","og_image":[{"width":800,"height":800,"url":"https:\/\/i1.wp.com\/www.anaromanature.com\/wp-content\/uploads\/2021\/03\/Locion-Reductora-Detox.jpg?fit=800%2C800&ssl=1","type":"image\/jpeg"}],"twitter_card":"summary_large_image","twitter_misc":{"Tiempo de lectura":"2 minutos"},"schema":{"@context":"https:\/\/schema.org","@graph":[{"@type":"WebPage","@id":"https:\/\/www.anaromanature.com\/index.php\/producto\/locion-reductora-detox-200ml\/","url":"https:\/\/www.anaromanature.com\/index.php\/producto\/locion-reductora-detox-200ml\/","name":"Loci\u00f3n Reductora Detox 200ml - Anaroma Nature - Tienda Online","isPartOf":{"@id":"https:\/\/www.anaromanature.com\/#website"},"primaryImageOfPage":{"@id":"https:\/\/www.anaromanature.com\/index.php\/producto\/locion-reductora-detox-200ml\/#primaryimage"},"image":{"@id":"https:\/\/www.anaromanature.com\/index.php\/producto\/locion-reductora-detox-200ml\/#primaryimage"},"thumbnailUrl":"https:\/\/www.anaromanature.com\/wp-content\/uploads\/2021\/03\/Locion-Reductora-Detox.jpg","datePublished":"2021-03-13T18:28:36+00:00","dateModified":"2021-03-13T18:50:27+00:00","description":"Loci\u00f3n Reductora Detox. Reafirma y cuida la piel. Ayuda a reducir la grasa acumulada gracias a la alga laminaria digitata. Deja la piel m\u00e1s","breadcrumb":{"@id":"https:\/\/www.anaromanature.com\/index.php\/producto\/locion-reductora-detox-200ml\/#breadcrumb"},"inLanguage":"es","potentialAction":[{"@type":"ReadAction","target":["https:\/\/www.anaromanature.com\/index.php\/producto\/locion-reductora-detox-200ml\/"]}]},{"@type":"ImageObject","inLanguage":"es","@id":"https:\/\/www.anaromanature.com\/index.php\/producto\/locion-reductora-detox-200ml\/#primaryimage","url":"https:\/\/www.anaromanature.com\/wp-content\/uploads\/2021\/03\/Locion-Reductora-Detox.jpg","contentUrl":"https:\/\/www.anaromanature.com\/wp-content\/uploads\/2021\/03\/Locion-Reductora-Detox.jpg","width":600,"height":600,"caption":"Locion Reductora Detox"},{"@type":"BreadcrumbList","@id":"https:\/\/www.anaromanature.com\/index.php\/producto\/locion-reductora-detox-200ml\/#breadcrumb","itemListElement":[{"@type":"ListItem","position":1,"name":"Portada","item":"https:\/\/www.anaromanature.com\/"},{"@type":"ListItem","position":2,"name":"Tienda","item":"https:\/\/www.anaromanature.com\/index.php\/tienda-premium-online-anarome-nature\/"},{"@type":"ListItem","position":3,"name":"Loci\u00f3n Reductora Detox 200ml"}]},{"@type":"WebSite","@id":"https:\/\/www.anaromanature.com\/#website","url":"https:\/\/www.anaromanature.com\/","name":"Anaroma Nature","description":"Aromas y color","publisher":{"@id":"https:\/\/www.anaromanature.com\/#organization"},"potentialAction":[{"@type":"SearchAction","target":{"@type":"EntryPoint","urlTemplate":"https:\/\/www.anaromanature.com\/?s={search_term_string}"},"query-input":{"@type":"PropertyValueSpecification","valueRequired":true,"valueName":"search_term_string"}}],"inLanguage":"es"},{"@type":"Organization","@id":"https:\/\/www.anaromanature.com\/#organization","name":"Anaroma Nature","url":"https:\/\/www.anaromanature.com\/","logo":{"@type":"ImageObject","inLanguage":"es","@id":"https:\/\/www.anaromanature.com\/#\/schema\/logo\/image\/","url":"https:\/\/i2.wp.com\/www.anaromanature.com\/wp-content\/uploads\/2021\/02\/cropped-Logotipo-Anaroma-2.png?fit=290%2C288&ssl=1","contentUrl":"https:\/\/i2.wp.com\/www.anaromanature.com\/wp-content\/uploads\/2021\/02\/cropped-Logotipo-Anaroma-2.png?fit=290%2C288&ssl=1","width":290,"height":288,"caption":"Anaroma Nature"},"image":{"@id":"https:\/\/www.anaromanature.com\/#\/schema\/logo\/image\/"},"sameAs":["http:\/\/facebook.com\/Anaroma-326324794814915","http:\/\/instagram.com\/anaromanature"]}]}},"_links":{"self":[{"href":"https:\/\/www.anaromanature.com\/index.php\/wp-json\/wp\/v2\/product\/2548","targetHints":{"allow":["GET"]}}],"collection":[{"href":"https:\/\/www.anaromanature.com\/index.php\/wp-json\/wp\/v2\/product"}],"about":[{"href":"https:\/\/www.anaromanature.com\/index.php\/wp-json\/wp\/v2\/types\/product"}],"replies":[{"embeddable":true,"href":"https:\/\/www.anaromanature.com\/index.php\/wp-json\/wp\/v2\/comments?post=2548"}],"wp:featuredmedia":[{"embeddable":true,"href":"https:\/\/www.anaromanature.com\/index.php\/wp-json\/wp\/v2\/media\/2549"}],"wp:attachment":[{"href":"https:\/\/www.anaromanature.com\/index.php\/wp-json\/wp\/v2\/media?parent=2548"}],"wp:term":[{"taxonomy":"product_brand","embeddable":true,"href":"https:\/\/www.anaromanature.com\/index.php\/wp-json\/wp\/v2\/product_brand?post=2548"},{"taxonomy":"product_cat","embeddable":true,"href":"https:\/\/www.anaromanature.com\/index.php\/wp-json\/wp\/v2\/product_cat?post=2548"},{"taxonomy":"product_tag","embeddable":true,"href":"https:\/\/www.anaromanature.com\/index.php\/wp-json\/wp\/v2\/product_tag?post=2548"}],"curies":[{"name":"wp","href":"https:\/\/api.w.org\/{rel}","templated":true}]}}