{"id":2562,"date":"2021-03-13T21:00:06","date_gmt":"2021-03-13T20:00:06","guid":{"rendered":"https:\/\/www.anaromanature.com\/?post_type=product&#038;p=2562"},"modified":"2021-11-26T19:23:25","modified_gmt":"2021-11-26T18:23:25","slug":"desodorante-spray-mann-100ml","status":"publish","type":"product","link":"https:\/\/www.anaromanature.com\/index.php\/producto\/desodorante-spray-mann-100ml\/","title":{"rendered":"Desodorante Spray Mann 100ml"},"content":{"rendered":"<p>Desodorante Spray Mann<\/p>\n<p>Textura ligera que hidrata y revitaliza la piel.<\/p>\n<p>Calma las irritaciones cut\u00e1neas. De r\u00e1pida absorci\u00f3n.<\/p>\n<p>Apta para todo tipo de piel. Para uso diario.<\/p>\n<p><strong>RECOMENDACIONES DE USO:<\/strong> Aplicar diariamente sobre la piel limpia de las axilas.<\/p>\n<p><strong>PRINCIPIOS ACTIVOS:\u00a0<\/strong><\/p>\n<ul>\n<li><strong>Cafe\u00edna Bio:<\/strong> estimula y promueve el metabolismo de la piel mejorando su circulaci\u00f3n.<\/li>\n<li><strong>Extracto de Gingko Bio:<\/strong> protege y tonifica la piel.<\/li>\n<li><strong>Aceite de Salvia:<\/strong> propiedades antibacterianas, cubre el mal olor corporal.<\/li>\n<\/ul>\n<p><strong>Ingredientes:<\/strong>Alcohol denat.*, Aqua (Water), Triethyl Citrate, Betaine, Polyglyceryl-10 Laurate, Sodium Caproyl\/Lauroyl Lactylate, Lauryl Lactate, Caffeine*, Dipotassium Glycyrrhizate, Ginkgo Biloba Leaf Extract*, Sodium Hyaluronate, Salvia Officinalis (Sage) Oil, Glycerin, Citric Acid, Parfum (Fragrance)**, Limonene**, Linalool**, Citral**<br \/>\n*procedentes de cultivo ecol\u00f3gico.<br \/>\n** ingredientes naturales y ecol\u00f3gicos<\/p>\n<p>Desodorante Spray Mann<\/p>\n<p>Cuida tu piel con\u00a0<a href=\"https:\/\/www.anaromanature.com\/\">Anaroma Nature<\/a><\/p>\n<p><a href=\"mailto:%20info@anaromanature.com\">Cons\u00faltanos\u00a0<\/a>lo que necesites saber o aclarar.<\/p>\n<p>Visita nuestro\u00a0<a href=\"https:\/\/www.instagram.com\/anaromanature\/\">Instagram<\/a>.<\/p>\n","protected":false},"excerpt":{"rendered":"<p><a href=\"https:\/\/www.anaromanature.com\/wp-content\/uploads\/2021\/03\/Logo-NaturaBio.jpg\"><img decoding=\"async\" class=\" wp-image-2488\" title=\"Logo NaturaBio\" src=\"https:\/\/www.anaromanature.com\/wp-content\/uploads\/2021\/03\/Logo-NaturaBio.jpg\" alt=\"Logo NaturaBio\" width=\"100\" height=\"100\" srcset=\"https:\/\/www.anaromanature.com\/wp-content\/uploads\/2021\/03\/Logo-NaturaBio.jpg 356w, https:\/\/www.anaromanature.com\/wp-content\/uploads\/2021\/03\/Logo-NaturaBio-300x300.jpg 300w, https:\/\/www.anaromanature.com\/wp-content\/uploads\/2021\/03\/Logo-NaturaBio-150x150.jpg 150w, https:\/\/www.anaromanature.com\/wp-content\/uploads\/2021\/03\/Logo-NaturaBio-75x75.jpg 75w, https:\/\/www.anaromanature.com\/wp-content\/uploads\/2021\/03\/Logo-NaturaBio-100x100.jpg 100w\" sizes=\"(max-width: 100px) 100vw, 100px\" \/><\/a><\/p>\n<hr \/>\n<ul>\n<li>Frescor duradero de larga duraci\u00f3n (24h).<\/li>\n<li>No mancha ni deja residuos en la ropa.<\/li>\n<li>Apto para todo tipo de piel. Para uso diario.<\/li>\n<li>Capacidad: 100 ml<\/li>\n<\/ul>\n<hr \/>\n<p>&nbsp;<\/p>\n<p><a href=\"https:\/\/www.anaromanature.com\/wp-content\/uploads\/2021\/03\/sello-vegano.jpg\"><img decoding=\"async\" class=\" wp-image-2137\" title=\"sello vegano\" src=\"https:\/\/www.anaromanature.com\/wp-content\/uploads\/2021\/03\/sello-vegano.jpg\" alt=\"sello vegano\" width=\"80\" height=\"80\" srcset=\"https:\/\/www.anaromanature.com\/wp-content\/uploads\/2021\/03\/sello-vegano.jpg 150w, https:\/\/www.anaromanature.com\/wp-content\/uploads\/2021\/03\/sello-vegano-75x75.jpg 75w, https:\/\/www.anaromanature.com\/wp-content\/uploads\/2021\/03\/sello-vegano-100x100.jpg 100w\" sizes=\"(max-width: 80px) 100vw, 80px\" \/>\u00a0 \u00a0<\/a><a href=\"https:\/\/www.anaromanature.com\/wp-content\/uploads\/2021\/03\/libre-de-parabenos-sin-sls-sin-sles_1.png\">\u00a0<\/a><a href=\"https:\/\/www.anaromanature.com\/wp-content\/uploads\/2021\/03\/contiene-aloe-vera.png\"><img decoding=\"async\" class=\" wp-image-2107\" title=\"contiene aloe vera\" src=\"https:\/\/www.anaromanature.com\/wp-content\/uploads\/2021\/03\/contiene-aloe-vera.png\" alt=\"contiene aloe vera\" width=\"80\" height=\"81\" srcset=\"https:\/\/www.anaromanature.com\/wp-content\/uploads\/2021\/03\/contiene-aloe-vera.png 125w, https:\/\/www.anaromanature.com\/wp-content\/uploads\/2021\/03\/contiene-aloe-vera-75x75.png 75w, https:\/\/www.anaromanature.com\/wp-content\/uploads\/2021\/03\/contiene-aloe-vera-100x100.png 100w\" sizes=\"(max-width: 80px) 100vw, 80px\" \/><\/a><\/p>\n","protected":false},"featured_media":2564,"comment_status":"open","ping_status":"closed","template":"","meta":{"_joinchat":[]},"product_brand":[],"product_cat":[180,446,178],"product_tag":[228,222,424],"class_list":{"0":"post-2562","1":"product","2":"type-product","3":"status-publish","4":"has-post-thumbnail","6":"product_cat-cosmetica-facial-hombre-cosmetica","7":"product_cat-desodorante-spray-h","8":"product_cat-hombre-cosmetica","9":"product_tag-desodorante","10":"product_tag-hombre","11":"product_tag-naturabio","12":"latest_post","14":"first","15":"outofstock","16":"taxable","17":"shipping-taxable","18":"purchasable","19":"product-type-simple"},"yoast_head":"<!-- This site is optimized with the Yoast SEO plugin v27.4 - https:\/\/yoast.com\/product\/yoast-seo-wordpress\/ -->\n<title>Desodorante Spray Mann 100ml - Anaroma Nature - Tienda Online<\/title>\n<meta name=\"description\" content=\"Desodorante Spray Mann. Textura ligera que hidrata y revitaliza la piel. Calma las irritaciones cut\u00e1neas. De r\u00e1pida absorci\u00f3n. Apta para todo\" \/>\n<meta name=\"robots\" content=\"index, follow, max-snippet:-1, max-image-preview:large, max-video-preview:-1\" \/>\n<link rel=\"canonical\" href=\"https:\/\/www.anaromanature.com\/index.php\/producto\/desodorante-spray-mann-100ml\/\" \/>\n<meta property=\"og:locale\" content=\"es_ES\" \/>\n<meta property=\"og:type\" content=\"article\" \/>\n<meta property=\"og:title\" content=\"Desodorante Spray Mann 100ml - Anaroma Nature - Tienda Online\" \/>\n<meta property=\"og:description\" content=\"Desodorante Spray Mann. Textura ligera que hidrata y revitaliza la piel. Calma las irritaciones cut\u00e1neas. De r\u00e1pida absorci\u00f3n. Apta para todo\" \/>\n<meta property=\"og:url\" content=\"https:\/\/www.anaromanature.com\/index.php\/producto\/desodorante-spray-mann-100ml\/\" \/>\n<meta property=\"og:site_name\" content=\"Anaroma Nature\" \/>\n<meta property=\"article:publisher\" content=\"http:\/\/facebook.com\/Anaroma-326324794814915\" \/>\n<meta property=\"article:modified_time\" content=\"2021-11-26T18:23:25+00:00\" \/>\n<meta property=\"og:image\" content=\"https:\/\/www.anaromanature.com\/wp-content\/uploads\/2021\/03\/Desodorante-Spray-Mann.jpg\" \/>\n\t<meta property=\"og:image:width\" content=\"800\" \/>\n\t<meta property=\"og:image:height\" content=\"800\" \/>\n\t<meta property=\"og:image:type\" content=\"image\/jpeg\" \/>\n<meta name=\"twitter:card\" content=\"summary_large_image\" \/>\n<meta name=\"twitter:label1\" content=\"Tiempo de lectura\" \/>\n\t<meta name=\"twitter:data1\" content=\"1 minuto\" \/>\n<script type=\"application\/ld+json\" class=\"yoast-schema-graph\">{\"@context\":\"https:\\\/\\\/schema.org\",\"@graph\":[{\"@type\":\"WebPage\",\"@id\":\"https:\\\/\\\/www.anaromanature.com\\\/index.php\\\/producto\\\/desodorante-spray-mann-100ml\\\/\",\"url\":\"https:\\\/\\\/www.anaromanature.com\\\/index.php\\\/producto\\\/desodorante-spray-mann-100ml\\\/\",\"name\":\"Desodorante Spray Mann 100ml - Anaroma Nature - Tienda Online\",\"isPartOf\":{\"@id\":\"https:\\\/\\\/www.anaromanature.com\\\/#website\"},\"primaryImageOfPage\":{\"@id\":\"https:\\\/\\\/www.anaromanature.com\\\/index.php\\\/producto\\\/desodorante-spray-mann-100ml\\\/#primaryimage\"},\"image\":{\"@id\":\"https:\\\/\\\/www.anaromanature.com\\\/index.php\\\/producto\\\/desodorante-spray-mann-100ml\\\/#primaryimage\"},\"thumbnailUrl\":\"https:\\\/\\\/www.anaromanature.com\\\/wp-content\\\/uploads\\\/2021\\\/03\\\/Desodorante-Spray-Mann.jpg\",\"datePublished\":\"2021-03-13T20:00:06+00:00\",\"dateModified\":\"2021-11-26T18:23:25+00:00\",\"description\":\"Desodorante Spray Mann. Textura ligera que hidrata y revitaliza la piel. Calma las irritaciones cut\u00e1neas. De r\u00e1pida absorci\u00f3n. Apta para todo\",\"breadcrumb\":{\"@id\":\"https:\\\/\\\/www.anaromanature.com\\\/index.php\\\/producto\\\/desodorante-spray-mann-100ml\\\/#breadcrumb\"},\"inLanguage\":\"es\",\"potentialAction\":[{\"@type\":\"ReadAction\",\"target\":[\"https:\\\/\\\/www.anaromanature.com\\\/index.php\\\/producto\\\/desodorante-spray-mann-100ml\\\/\"]}]},{\"@type\":\"ImageObject\",\"inLanguage\":\"es\",\"@id\":\"https:\\\/\\\/www.anaromanature.com\\\/index.php\\\/producto\\\/desodorante-spray-mann-100ml\\\/#primaryimage\",\"url\":\"https:\\\/\\\/www.anaromanature.com\\\/wp-content\\\/uploads\\\/2021\\\/03\\\/Desodorante-Spray-Mann.jpg\",\"contentUrl\":\"https:\\\/\\\/www.anaromanature.com\\\/wp-content\\\/uploads\\\/2021\\\/03\\\/Desodorante-Spray-Mann.jpg\",\"width\":600,\"height\":600,\"caption\":\"Desodorante Spray Mann\"},{\"@type\":\"BreadcrumbList\",\"@id\":\"https:\\\/\\\/www.anaromanature.com\\\/index.php\\\/producto\\\/desodorante-spray-mann-100ml\\\/#breadcrumb\",\"itemListElement\":[{\"@type\":\"ListItem\",\"position\":1,\"name\":\"Portada\",\"item\":\"https:\\\/\\\/www.anaromanature.com\\\/\"},{\"@type\":\"ListItem\",\"position\":2,\"name\":\"Tienda\",\"item\":\"https:\\\/\\\/www.anaromanature.com\\\/index.php\\\/tienda-premium-online-anarome-nature\\\/\"},{\"@type\":\"ListItem\",\"position\":3,\"name\":\"Desodorante Spray Mann 100ml\"}]},{\"@type\":\"WebSite\",\"@id\":\"https:\\\/\\\/www.anaromanature.com\\\/#website\",\"url\":\"https:\\\/\\\/www.anaromanature.com\\\/\",\"name\":\"Anaroma Nature\",\"description\":\"Aromas y color\",\"publisher\":{\"@id\":\"https:\\\/\\\/www.anaromanature.com\\\/#organization\"},\"potentialAction\":[{\"@type\":\"SearchAction\",\"target\":{\"@type\":\"EntryPoint\",\"urlTemplate\":\"https:\\\/\\\/www.anaromanature.com\\\/?s={search_term_string}\"},\"query-input\":{\"@type\":\"PropertyValueSpecification\",\"valueRequired\":true,\"valueName\":\"search_term_string\"}}],\"inLanguage\":\"es\"},{\"@type\":\"Organization\",\"@id\":\"https:\\\/\\\/www.anaromanature.com\\\/#organization\",\"name\":\"Anaroma Nature\",\"url\":\"https:\\\/\\\/www.anaromanature.com\\\/\",\"logo\":{\"@type\":\"ImageObject\",\"inLanguage\":\"es\",\"@id\":\"https:\\\/\\\/www.anaromanature.com\\\/#\\\/schema\\\/logo\\\/image\\\/\",\"url\":\"https:\\\/\\\/i2.wp.com\\\/www.anaromanature.com\\\/wp-content\\\/uploads\\\/2021\\\/02\\\/cropped-Logotipo-Anaroma-2.png?fit=290%2C288&ssl=1\",\"contentUrl\":\"https:\\\/\\\/i2.wp.com\\\/www.anaromanature.com\\\/wp-content\\\/uploads\\\/2021\\\/02\\\/cropped-Logotipo-Anaroma-2.png?fit=290%2C288&ssl=1\",\"width\":290,\"height\":288,\"caption\":\"Anaroma Nature\"},\"image\":{\"@id\":\"https:\\\/\\\/www.anaromanature.com\\\/#\\\/schema\\\/logo\\\/image\\\/\"},\"sameAs\":[\"http:\\\/\\\/facebook.com\\\/Anaroma-326324794814915\",\"http:\\\/\\\/instagram.com\\\/anaromanature\"]}]}<\/script>\n<!-- \/ Yoast SEO plugin. -->","yoast_head_json":{"title":"Desodorante Spray Mann 100ml - Anaroma Nature - Tienda Online","description":"Desodorante Spray Mann. Textura ligera que hidrata y revitaliza la piel. Calma las irritaciones cut\u00e1neas. De r\u00e1pida absorci\u00f3n. Apta para todo","robots":{"index":"index","follow":"follow","max-snippet":"max-snippet:-1","max-image-preview":"max-image-preview:large","max-video-preview":"max-video-preview:-1"},"canonical":"https:\/\/www.anaromanature.com\/index.php\/producto\/desodorante-spray-mann-100ml\/","og_locale":"es_ES","og_type":"article","og_title":"Desodorante Spray Mann 100ml - Anaroma Nature - Tienda Online","og_description":"Desodorante Spray Mann. Textura ligera que hidrata y revitaliza la piel. Calma las irritaciones cut\u00e1neas. De r\u00e1pida absorci\u00f3n. Apta para todo","og_url":"https:\/\/www.anaromanature.com\/index.php\/producto\/desodorante-spray-mann-100ml\/","og_site_name":"Anaroma Nature","article_publisher":"http:\/\/facebook.com\/Anaroma-326324794814915","article_modified_time":"2021-11-26T18:23:25+00:00","og_image":[{"width":800,"height":800,"url":"https:\/\/www.anaromanature.com\/wp-content\/uploads\/2021\/03\/Desodorante-Spray-Mann.jpg","type":"image\/jpeg"}],"twitter_card":"summary_large_image","twitter_misc":{"Tiempo de lectura":"1 minuto"},"schema":{"@context":"https:\/\/schema.org","@graph":[{"@type":"WebPage","@id":"https:\/\/www.anaromanature.com\/index.php\/producto\/desodorante-spray-mann-100ml\/","url":"https:\/\/www.anaromanature.com\/index.php\/producto\/desodorante-spray-mann-100ml\/","name":"Desodorante Spray Mann 100ml - Anaroma Nature - Tienda Online","isPartOf":{"@id":"https:\/\/www.anaromanature.com\/#website"},"primaryImageOfPage":{"@id":"https:\/\/www.anaromanature.com\/index.php\/producto\/desodorante-spray-mann-100ml\/#primaryimage"},"image":{"@id":"https:\/\/www.anaromanature.com\/index.php\/producto\/desodorante-spray-mann-100ml\/#primaryimage"},"thumbnailUrl":"https:\/\/www.anaromanature.com\/wp-content\/uploads\/2021\/03\/Desodorante-Spray-Mann.jpg","datePublished":"2021-03-13T20:00:06+00:00","dateModified":"2021-11-26T18:23:25+00:00","description":"Desodorante Spray Mann. Textura ligera que hidrata y revitaliza la piel. Calma las irritaciones cut\u00e1neas. De r\u00e1pida absorci\u00f3n. Apta para todo","breadcrumb":{"@id":"https:\/\/www.anaromanature.com\/index.php\/producto\/desodorante-spray-mann-100ml\/#breadcrumb"},"inLanguage":"es","potentialAction":[{"@type":"ReadAction","target":["https:\/\/www.anaromanature.com\/index.php\/producto\/desodorante-spray-mann-100ml\/"]}]},{"@type":"ImageObject","inLanguage":"es","@id":"https:\/\/www.anaromanature.com\/index.php\/producto\/desodorante-spray-mann-100ml\/#primaryimage","url":"https:\/\/www.anaromanature.com\/wp-content\/uploads\/2021\/03\/Desodorante-Spray-Mann.jpg","contentUrl":"https:\/\/www.anaromanature.com\/wp-content\/uploads\/2021\/03\/Desodorante-Spray-Mann.jpg","width":600,"height":600,"caption":"Desodorante Spray Mann"},{"@type":"BreadcrumbList","@id":"https:\/\/www.anaromanature.com\/index.php\/producto\/desodorante-spray-mann-100ml\/#breadcrumb","itemListElement":[{"@type":"ListItem","position":1,"name":"Portada","item":"https:\/\/www.anaromanature.com\/"},{"@type":"ListItem","position":2,"name":"Tienda","item":"https:\/\/www.anaromanature.com\/index.php\/tienda-premium-online-anarome-nature\/"},{"@type":"ListItem","position":3,"name":"Desodorante Spray Mann 100ml"}]},{"@type":"WebSite","@id":"https:\/\/www.anaromanature.com\/#website","url":"https:\/\/www.anaromanature.com\/","name":"Anaroma Nature","description":"Aromas y color","publisher":{"@id":"https:\/\/www.anaromanature.com\/#organization"},"potentialAction":[{"@type":"SearchAction","target":{"@type":"EntryPoint","urlTemplate":"https:\/\/www.anaromanature.com\/?s={search_term_string}"},"query-input":{"@type":"PropertyValueSpecification","valueRequired":true,"valueName":"search_term_string"}}],"inLanguage":"es"},{"@type":"Organization","@id":"https:\/\/www.anaromanature.com\/#organization","name":"Anaroma Nature","url":"https:\/\/www.anaromanature.com\/","logo":{"@type":"ImageObject","inLanguage":"es","@id":"https:\/\/www.anaromanature.com\/#\/schema\/logo\/image\/","url":"https:\/\/i2.wp.com\/www.anaromanature.com\/wp-content\/uploads\/2021\/02\/cropped-Logotipo-Anaroma-2.png?fit=290%2C288&ssl=1","contentUrl":"https:\/\/i2.wp.com\/www.anaromanature.com\/wp-content\/uploads\/2021\/02\/cropped-Logotipo-Anaroma-2.png?fit=290%2C288&ssl=1","width":290,"height":288,"caption":"Anaroma Nature"},"image":{"@id":"https:\/\/www.anaromanature.com\/#\/schema\/logo\/image\/"},"sameAs":["http:\/\/facebook.com\/Anaroma-326324794814915","http:\/\/instagram.com\/anaromanature"]}]}},"_links":{"self":[{"href":"https:\/\/www.anaromanature.com\/index.php\/wp-json\/wp\/v2\/product\/2562","targetHints":{"allow":["GET"]}}],"collection":[{"href":"https:\/\/www.anaromanature.com\/index.php\/wp-json\/wp\/v2\/product"}],"about":[{"href":"https:\/\/www.anaromanature.com\/index.php\/wp-json\/wp\/v2\/types\/product"}],"replies":[{"embeddable":true,"href":"https:\/\/www.anaromanature.com\/index.php\/wp-json\/wp\/v2\/comments?post=2562"}],"wp:featuredmedia":[{"embeddable":true,"href":"https:\/\/www.anaromanature.com\/index.php\/wp-json\/wp\/v2\/media\/2564"}],"wp:attachment":[{"href":"https:\/\/www.anaromanature.com\/index.php\/wp-json\/wp\/v2\/media?parent=2562"}],"wp:term":[{"taxonomy":"product_brand","embeddable":true,"href":"https:\/\/www.anaromanature.com\/index.php\/wp-json\/wp\/v2\/product_brand?post=2562"},{"taxonomy":"product_cat","embeddable":true,"href":"https:\/\/www.anaromanature.com\/index.php\/wp-json\/wp\/v2\/product_cat?post=2562"},{"taxonomy":"product_tag","embeddable":true,"href":"https:\/\/www.anaromanature.com\/index.php\/wp-json\/wp\/v2\/product_tag?post=2562"}],"curies":[{"name":"wp","href":"https:\/\/api.w.org\/{rel}","templated":true}]}}