{"id":2610,"date":"2021-03-17T20:05:35","date_gmt":"2021-03-17T19:05:35","guid":{"rendered":"https:\/\/www.anaromanature.com\/?post_type=product&#038;p=2610"},"modified":"2024-03-31T21:05:39","modified_gmt":"2024-03-31T20:05:39","slug":"balsamo-labial-reparador-alga-cicosa","status":"publish","type":"product","link":"https:\/\/www.anaromanature.com\/index.php\/producto\/balsamo-labial-reparador-alga-cicosa\/","title":{"rendered":"B\u00e1lsamo Labial Reparador Alga Cicosa 15ml LAB. BIARRITZ"},"content":{"rendered":"<p>B\u00e1lsamo Labial Reparador Alga Cicosa<\/p>\n<p>Repara, nutre y alivia los labios muy secos y\/o da\u00f1ados gracias a sus activos reparadores y nutritivos.<\/p>\n<p>Con un c\u00f3modo aplicador y su tama\u00f1o peque\u00f1o lo permite llevarlo a todas partes.<\/p>\n<p>A partir de 3 a\u00f1os. Para toda la familia: Ni\u00f1os &amp; adultos.<\/p>\n<p>Transparente y no pegajoso.<\/p>\n<p>Hipoalerg\u00e9nico. Sin perfume. Sin alcohol. Testado bajo control dermatol\u00f3gico.<\/p>\n<p><strong>RECOMENDACIONES DE USO:<\/strong> Aplicar regularmente con el c\u00f3modo aplicador.<\/p>\n<p><strong>PRINCIPIOS ACTIVOS:\u00a0<\/strong><\/p>\n<ul>\n<li><strong>Alga-Sendatu:<\/strong> mejora la reparaci\u00f3n de las capas superficiales de la piel.<\/li>\n<li><strong>Aceite de Ricino Bio:<\/strong> nutre, suaviza y previene la deshidrataci\u00f3n de los labios.<\/li>\n<li><strong>Glicerina Bio:<\/strong> humectante e hidratante.<\/li>\n<\/ul>\n<p><strong>Ingredientes:<\/strong> Ricinus Communis Seed Oil*, Oleic\/Linoleic\/Linolenic Polyglycerides, C10-18 Triglycerides, Glycerin**, Glyceryl Behenate, Glyceryl Stearate, Aqua, Hydrogenated Castor Oil, Gelidium Sesquipedale Extract, Helianthus Annuus Seed Oil, Tocopherol, Sodium Benzoate, Citric Acid, Potassium Sorbate *Procedentes de cultivo ecol\u00f3gico. **Transformados a partir de ingredientes ecol\u00f3gicos 99,9% del total de los Ingredientes son de origen natural. 43,84% del total de los Ingredientes son de cultivo ecol\u00f3gico.<\/p>\n<p>B\u00e1lsamo Labial Reparador Alga Cicosa<\/p>\n<p>Cuida tu piel con\u00a0<a href=\"https:\/\/www.anaromanature.com\/\">Anaroma Nature<\/a><\/p>\n<p><a href=\"mailto:%20info@anaromanature.com\">Cons\u00faltanos\u00a0<\/a>lo que necesites saber o aclarar.<\/p>\n<p>Visita nuestro\u00a0<a href=\"https:\/\/www.instagram.com\/anaromanature\/\">Instagram<\/a>.<\/p>\n","protected":false},"excerpt":{"rendered":"<p>&nbsp;<\/p>\n<p><a href=\"https:\/\/www.anaromanature.com\/wp-content\/uploads\/2021\/03\/Logo-Lab.Biarritz.jpg\"><img decoding=\"async\" class=\" wp-image-2606\" title=\"Logo Lab.Biarritz\" src=\"https:\/\/www.anaromanature.com\/wp-content\/uploads\/2021\/03\/Logo-Lab.Biarritz-1024x718.jpg\" alt=\"Logo Lab.Biarritz\" width=\"101\" height=\"71\" srcset=\"https:\/\/www.anaromanature.com\/wp-content\/uploads\/2021\/03\/Logo-Lab.Biarritz-1024x718.jpg 1024w, https:\/\/www.anaromanature.com\/wp-content\/uploads\/2021\/03\/Logo-Lab.Biarritz-300x210.jpg 300w, https:\/\/www.anaromanature.com\/wp-content\/uploads\/2021\/03\/Logo-Lab.Biarritz-768x538.jpg 768w, https:\/\/www.anaromanature.com\/wp-content\/uploads\/2021\/03\/Logo-Lab.Biarritz.jpg 600w\" sizes=\"(max-width: 101px) 100vw, 101px\" \/><\/a><\/p>\n<hr \/>\n<ul>\n<li>Repara, nutre y alivia los labios muy secos y\/o da\u00f1ados gracias a sus activos reparadores y nutritivos.<\/li>\n<li>Con un c\u00f3modo aplicador y su tama\u00f1o peque\u00f1o lo permite llevarlo a todas partes.<\/li>\n<li>A partir de 3 a\u00f1os. Para toda la familia: Ni\u00f1os &amp; adultos.<\/li>\n<li>Transparente y no pegajoso.<\/li>\n<li>Hipoalerg\u00e9nico. Sin perfume. Sin alcohol. Testado bajo control dermatol\u00f3gico.<\/li>\n<li>Capacidad: 15ml<\/li>\n<\/ul>\n<hr \/>\n<p><a href=\"https:\/\/www.anaromanature.com\/wp-content\/uploads\/2021\/03\/sello-vegano.jpg\"><img decoding=\"async\" class=\" wp-image-2137\" title=\"sello vegano\" src=\"https:\/\/www.anaromanature.com\/wp-content\/uploads\/2021\/03\/sello-vegano.jpg\" alt=\"sello vegano\" width=\"80\" height=\"80\" srcset=\"https:\/\/www.anaromanature.com\/wp-content\/uploads\/2021\/03\/sello-vegano.jpg 150w, https:\/\/www.anaromanature.com\/wp-content\/uploads\/2021\/03\/sello-vegano-75x75.jpg 75w, https:\/\/www.anaromanature.com\/wp-content\/uploads\/2021\/03\/sello-vegano-100x100.jpg 100w\" sizes=\"(max-width: 80px) 100vw, 80px\" \/>\u00a0 \u00a0<\/a><a href=\"https:\/\/www.anaromanature.com\/wp-content\/uploads\/2021\/03\/libre-de-parabenos-sin-sls-sin-sles_1.png\">\u00a0<\/a><a href=\"https:\/\/www.anaromanature.com\/wp-content\/uploads\/2021\/03\/contiene-aloe-vera.png\"><img decoding=\"async\" class=\" wp-image-2107\" title=\"contiene aloe vera\" src=\"https:\/\/www.anaromanature.com\/wp-content\/uploads\/2021\/03\/contiene-aloe-vera.png\" alt=\"contiene aloe vera\" width=\"80\" height=\"81\" srcset=\"https:\/\/www.anaromanature.com\/wp-content\/uploads\/2021\/03\/contiene-aloe-vera.png 125w, https:\/\/www.anaromanature.com\/wp-content\/uploads\/2021\/03\/contiene-aloe-vera-75x75.png 75w, https:\/\/www.anaromanature.com\/wp-content\/uploads\/2021\/03\/contiene-aloe-vera-100x100.png 100w\" sizes=\"(max-width: 80px) 100vw, 80px\" \/><\/a><\/p>\n","protected":false},"featured_media":2611,"comment_status":"open","ping_status":"closed","template":"","meta":{"_joinchat":[]},"product_brand":[],"product_cat":[406,180],"product_tag":[309,461,460],"class_list":{"0":"post-2610","1":"product","2":"type-product","3":"status-publish","4":"has-post-thumbnail","6":"product_cat-balsamo-labial","7":"product_cat-cosmetica-facial-hombre-cosmetica","8":"product_tag-balsamo-labial","9":"product_tag-lab-biarritz","10":"product_tag-reparadora","11":"latest_post","13":"first","14":"instock","15":"taxable","16":"shipping-taxable","17":"purchasable","18":"product-type-simple"},"yoast_head":"<!-- This site is optimized with the Yoast SEO plugin v27.1.1 - https:\/\/yoast.com\/product\/yoast-seo-wordpress\/ -->\n<title>B\u00e1lsamo Labial Reparador Alga Cicosa 15ml LAB. BIARRITZ - Anaroma<\/title>\n<meta name=\"description\" content=\"B\u00e1lsamo Labial Reparador Alga Cicosa. Repara, nutre y alivia los labios muy secos y\/o da\u00f1ados gracias a sus activos reparadores y nutritivos.\" \/>\n<meta name=\"robots\" content=\"index, follow, max-snippet:-1, max-image-preview:large, max-video-preview:-1\" \/>\n<link rel=\"canonical\" href=\"https:\/\/www.anaromanature.com\/index.php\/producto\/balsamo-labial-reparador-alga-cicosa\/\" \/>\n<meta property=\"og:locale\" content=\"es_ES\" \/>\n<meta property=\"og:type\" content=\"article\" \/>\n<meta property=\"og:title\" content=\"B\u00e1lsamo Labial Reparador Alga Cicosa 15ml LAB. BIARRITZ - Anaroma\" \/>\n<meta property=\"og:description\" content=\"B\u00e1lsamo Labial Reparador Alga Cicosa. Repara, nutre y alivia los labios muy secos y\/o da\u00f1ados gracias a sus activos reparadores y nutritivos.\" \/>\n<meta property=\"og:url\" content=\"https:\/\/www.anaromanature.com\/index.php\/producto\/balsamo-labial-reparador-alga-cicosa\/\" \/>\n<meta property=\"og:site_name\" content=\"Anaroma Nature\" \/>\n<meta property=\"article:publisher\" content=\"http:\/\/facebook.com\/Anaroma-326324794814915\" \/>\n<meta property=\"article:modified_time\" content=\"2024-03-31T20:05:39+00:00\" \/>\n<meta property=\"og:image\" content=\"https:\/\/www.anaromanature.com\/wp-content\/uploads\/2021\/03\/Balsamo-Labial-Raparadora-Alga-Cicosa-Biarritz.jpg\" \/>\n\t<meta property=\"og:image:width\" content=\"600\" \/>\n\t<meta property=\"og:image:height\" content=\"600\" \/>\n\t<meta property=\"og:image:type\" content=\"image\/jpeg\" \/>\n<meta name=\"twitter:card\" content=\"summary_large_image\" \/>\n<meta name=\"twitter:label1\" content=\"Tiempo de lectura\" \/>\n\t<meta name=\"twitter:data1\" content=\"1 minuto\" \/>\n<script type=\"application\/ld+json\" class=\"yoast-schema-graph\">{\"@context\":\"https:\/\/schema.org\",\"@graph\":[{\"@type\":\"WebPage\",\"@id\":\"https:\/\/www.anaromanature.com\/index.php\/producto\/balsamo-labial-reparador-alga-cicosa\/\",\"url\":\"https:\/\/www.anaromanature.com\/index.php\/producto\/balsamo-labial-reparador-alga-cicosa\/\",\"name\":\"B\u00e1lsamo Labial Reparador Alga Cicosa 15ml LAB. BIARRITZ - Anaroma\",\"isPartOf\":{\"@id\":\"https:\/\/www.anaromanature.com\/#website\"},\"primaryImageOfPage\":{\"@id\":\"https:\/\/www.anaromanature.com\/index.php\/producto\/balsamo-labial-reparador-alga-cicosa\/#primaryimage\"},\"image\":{\"@id\":\"https:\/\/www.anaromanature.com\/index.php\/producto\/balsamo-labial-reparador-alga-cicosa\/#primaryimage\"},\"thumbnailUrl\":\"https:\/\/www.anaromanature.com\/wp-content\/uploads\/2021\/03\/Balsamo-Labial-Raparadora-Alga-Cicosa-Biarritz.jpg\",\"datePublished\":\"2021-03-17T19:05:35+00:00\",\"dateModified\":\"2024-03-31T20:05:39+00:00\",\"description\":\"B\u00e1lsamo Labial Reparador Alga Cicosa. Repara, nutre y alivia los labios muy secos y\/o da\u00f1ados gracias a sus activos reparadores y nutritivos.\",\"breadcrumb\":{\"@id\":\"https:\/\/www.anaromanature.com\/index.php\/producto\/balsamo-labial-reparador-alga-cicosa\/#breadcrumb\"},\"inLanguage\":\"es\",\"potentialAction\":[{\"@type\":\"ReadAction\",\"target\":[\"https:\/\/www.anaromanature.com\/index.php\/producto\/balsamo-labial-reparador-alga-cicosa\/\"]}]},{\"@type\":\"ImageObject\",\"inLanguage\":\"es\",\"@id\":\"https:\/\/www.anaromanature.com\/index.php\/producto\/balsamo-labial-reparador-alga-cicosa\/#primaryimage\",\"url\":\"https:\/\/www.anaromanature.com\/wp-content\/uploads\/2021\/03\/Balsamo-Labial-Raparadora-Alga-Cicosa-Biarritz.jpg\",\"contentUrl\":\"https:\/\/www.anaromanature.com\/wp-content\/uploads\/2021\/03\/Balsamo-Labial-Raparadora-Alga-Cicosa-Biarritz.jpg\",\"width\":600,\"height\":600,\"caption\":\"Balsamo Labial Raparadora Alga Cicosa Biarritz\"},{\"@type\":\"BreadcrumbList\",\"@id\":\"https:\/\/www.anaromanature.com\/index.php\/producto\/balsamo-labial-reparador-alga-cicosa\/#breadcrumb\",\"itemListElement\":[{\"@type\":\"ListItem\",\"position\":1,\"name\":\"Portada\",\"item\":\"https:\/\/www.anaromanature.com\/\"},{\"@type\":\"ListItem\",\"position\":2,\"name\":\"Tienda\",\"item\":\"https:\/\/www.anaromanature.com\/index.php\/tienda-premium-online-anarome-nature\/\"},{\"@type\":\"ListItem\",\"position\":3,\"name\":\"B\u00e1lsamo Labial Reparador Alga Cicosa 15ml LAB. BIARRITZ\"}]},{\"@type\":\"WebSite\",\"@id\":\"https:\/\/www.anaromanature.com\/#website\",\"url\":\"https:\/\/www.anaromanature.com\/\",\"name\":\"Anaroma Nature\",\"description\":\"Aromas y color\",\"publisher\":{\"@id\":\"https:\/\/www.anaromanature.com\/#organization\"},\"potentialAction\":[{\"@type\":\"SearchAction\",\"target\":{\"@type\":\"EntryPoint\",\"urlTemplate\":\"https:\/\/www.anaromanature.com\/?s={search_term_string}\"},\"query-input\":{\"@type\":\"PropertyValueSpecification\",\"valueRequired\":true,\"valueName\":\"search_term_string\"}}],\"inLanguage\":\"es\"},{\"@type\":\"Organization\",\"@id\":\"https:\/\/www.anaromanature.com\/#organization\",\"name\":\"Anaroma Nature\",\"url\":\"https:\/\/www.anaromanature.com\/\",\"logo\":{\"@type\":\"ImageObject\",\"inLanguage\":\"es\",\"@id\":\"https:\/\/www.anaromanature.com\/#\/schema\/logo\/image\/\",\"url\":\"https:\/\/i2.wp.com\/www.anaromanature.com\/wp-content\/uploads\/2021\/02\/cropped-Logotipo-Anaroma-2.png?fit=290%2C288&ssl=1\",\"contentUrl\":\"https:\/\/i2.wp.com\/www.anaromanature.com\/wp-content\/uploads\/2021\/02\/cropped-Logotipo-Anaroma-2.png?fit=290%2C288&ssl=1\",\"width\":290,\"height\":288,\"caption\":\"Anaroma Nature\"},\"image\":{\"@id\":\"https:\/\/www.anaromanature.com\/#\/schema\/logo\/image\/\"},\"sameAs\":[\"http:\/\/facebook.com\/Anaroma-326324794814915\",\"http:\/\/instagram.com\/anaromanature\"]}]}<\/script>\n<!-- \/ Yoast SEO plugin. -->","yoast_head_json":{"title":"B\u00e1lsamo Labial Reparador Alga Cicosa 15ml LAB. BIARRITZ - Anaroma","description":"B\u00e1lsamo Labial Reparador Alga Cicosa. Repara, nutre y alivia los labios muy secos y\/o da\u00f1ados gracias a sus activos reparadores y nutritivos.","robots":{"index":"index","follow":"follow","max-snippet":"max-snippet:-1","max-image-preview":"max-image-preview:large","max-video-preview":"max-video-preview:-1"},"canonical":"https:\/\/www.anaromanature.com\/index.php\/producto\/balsamo-labial-reparador-alga-cicosa\/","og_locale":"es_ES","og_type":"article","og_title":"B\u00e1lsamo Labial Reparador Alga Cicosa 15ml LAB. BIARRITZ - Anaroma","og_description":"B\u00e1lsamo Labial Reparador Alga Cicosa. Repara, nutre y alivia los labios muy secos y\/o da\u00f1ados gracias a sus activos reparadores y nutritivos.","og_url":"https:\/\/www.anaromanature.com\/index.php\/producto\/balsamo-labial-reparador-alga-cicosa\/","og_site_name":"Anaroma Nature","article_publisher":"http:\/\/facebook.com\/Anaroma-326324794814915","article_modified_time":"2024-03-31T20:05:39+00:00","og_image":[{"width":600,"height":600,"url":"https:\/\/www.anaromanature.com\/wp-content\/uploads\/2021\/03\/Balsamo-Labial-Raparadora-Alga-Cicosa-Biarritz.jpg","type":"image\/jpeg"}],"twitter_card":"summary_large_image","twitter_misc":{"Tiempo de lectura":"1 minuto"},"schema":{"@context":"https:\/\/schema.org","@graph":[{"@type":"WebPage","@id":"https:\/\/www.anaromanature.com\/index.php\/producto\/balsamo-labial-reparador-alga-cicosa\/","url":"https:\/\/www.anaromanature.com\/index.php\/producto\/balsamo-labial-reparador-alga-cicosa\/","name":"B\u00e1lsamo Labial Reparador Alga Cicosa 15ml LAB. BIARRITZ - Anaroma","isPartOf":{"@id":"https:\/\/www.anaromanature.com\/#website"},"primaryImageOfPage":{"@id":"https:\/\/www.anaromanature.com\/index.php\/producto\/balsamo-labial-reparador-alga-cicosa\/#primaryimage"},"image":{"@id":"https:\/\/www.anaromanature.com\/index.php\/producto\/balsamo-labial-reparador-alga-cicosa\/#primaryimage"},"thumbnailUrl":"https:\/\/www.anaromanature.com\/wp-content\/uploads\/2021\/03\/Balsamo-Labial-Raparadora-Alga-Cicosa-Biarritz.jpg","datePublished":"2021-03-17T19:05:35+00:00","dateModified":"2024-03-31T20:05:39+00:00","description":"B\u00e1lsamo Labial Reparador Alga Cicosa. Repara, nutre y alivia los labios muy secos y\/o da\u00f1ados gracias a sus activos reparadores y nutritivos.","breadcrumb":{"@id":"https:\/\/www.anaromanature.com\/index.php\/producto\/balsamo-labial-reparador-alga-cicosa\/#breadcrumb"},"inLanguage":"es","potentialAction":[{"@type":"ReadAction","target":["https:\/\/www.anaromanature.com\/index.php\/producto\/balsamo-labial-reparador-alga-cicosa\/"]}]},{"@type":"ImageObject","inLanguage":"es","@id":"https:\/\/www.anaromanature.com\/index.php\/producto\/balsamo-labial-reparador-alga-cicosa\/#primaryimage","url":"https:\/\/www.anaromanature.com\/wp-content\/uploads\/2021\/03\/Balsamo-Labial-Raparadora-Alga-Cicosa-Biarritz.jpg","contentUrl":"https:\/\/www.anaromanature.com\/wp-content\/uploads\/2021\/03\/Balsamo-Labial-Raparadora-Alga-Cicosa-Biarritz.jpg","width":600,"height":600,"caption":"Balsamo Labial Raparadora Alga Cicosa Biarritz"},{"@type":"BreadcrumbList","@id":"https:\/\/www.anaromanature.com\/index.php\/producto\/balsamo-labial-reparador-alga-cicosa\/#breadcrumb","itemListElement":[{"@type":"ListItem","position":1,"name":"Portada","item":"https:\/\/www.anaromanature.com\/"},{"@type":"ListItem","position":2,"name":"Tienda","item":"https:\/\/www.anaromanature.com\/index.php\/tienda-premium-online-anarome-nature\/"},{"@type":"ListItem","position":3,"name":"B\u00e1lsamo Labial Reparador Alga Cicosa 15ml LAB. BIARRITZ"}]},{"@type":"WebSite","@id":"https:\/\/www.anaromanature.com\/#website","url":"https:\/\/www.anaromanature.com\/","name":"Anaroma Nature","description":"Aromas y color","publisher":{"@id":"https:\/\/www.anaromanature.com\/#organization"},"potentialAction":[{"@type":"SearchAction","target":{"@type":"EntryPoint","urlTemplate":"https:\/\/www.anaromanature.com\/?s={search_term_string}"},"query-input":{"@type":"PropertyValueSpecification","valueRequired":true,"valueName":"search_term_string"}}],"inLanguage":"es"},{"@type":"Organization","@id":"https:\/\/www.anaromanature.com\/#organization","name":"Anaroma Nature","url":"https:\/\/www.anaromanature.com\/","logo":{"@type":"ImageObject","inLanguage":"es","@id":"https:\/\/www.anaromanature.com\/#\/schema\/logo\/image\/","url":"https:\/\/i2.wp.com\/www.anaromanature.com\/wp-content\/uploads\/2021\/02\/cropped-Logotipo-Anaroma-2.png?fit=290%2C288&ssl=1","contentUrl":"https:\/\/i2.wp.com\/www.anaromanature.com\/wp-content\/uploads\/2021\/02\/cropped-Logotipo-Anaroma-2.png?fit=290%2C288&ssl=1","width":290,"height":288,"caption":"Anaroma Nature"},"image":{"@id":"https:\/\/www.anaromanature.com\/#\/schema\/logo\/image\/"},"sameAs":["http:\/\/facebook.com\/Anaroma-326324794814915","http:\/\/instagram.com\/anaromanature"]}]}},"_links":{"self":[{"href":"https:\/\/www.anaromanature.com\/index.php\/wp-json\/wp\/v2\/product\/2610","targetHints":{"allow":["GET"]}}],"collection":[{"href":"https:\/\/www.anaromanature.com\/index.php\/wp-json\/wp\/v2\/product"}],"about":[{"href":"https:\/\/www.anaromanature.com\/index.php\/wp-json\/wp\/v2\/types\/product"}],"replies":[{"embeddable":true,"href":"https:\/\/www.anaromanature.com\/index.php\/wp-json\/wp\/v2\/comments?post=2610"}],"wp:featuredmedia":[{"embeddable":true,"href":"https:\/\/www.anaromanature.com\/index.php\/wp-json\/wp\/v2\/media\/2611"}],"wp:attachment":[{"href":"https:\/\/www.anaromanature.com\/index.php\/wp-json\/wp\/v2\/media?parent=2610"}],"wp:term":[{"taxonomy":"product_brand","embeddable":true,"href":"https:\/\/www.anaromanature.com\/index.php\/wp-json\/wp\/v2\/product_brand?post=2610"},{"taxonomy":"product_cat","embeddable":true,"href":"https:\/\/www.anaromanature.com\/index.php\/wp-json\/wp\/v2\/product_cat?post=2610"},{"taxonomy":"product_tag","embeddable":true,"href":"https:\/\/www.anaromanature.com\/index.php\/wp-json\/wp\/v2\/product_tag?post=2610"}],"curies":[{"name":"wp","href":"https:\/\/api.w.org\/{rel}","templated":true}]}}