{"id":2613,"date":"2021-03-17T20:16:09","date_gmt":"2021-03-17T19:16:09","guid":{"rendered":"https:\/\/www.anaromanature.com\/?post_type=product&#038;p=2613"},"modified":"2024-03-31T21:04:59","modified_gmt":"2024-03-31T20:04:59","slug":"crema-manos-reparadora-alga-cicosa","status":"publish","type":"product","link":"https:\/\/www.anaromanature.com\/index.php\/producto\/crema-manos-reparadora-alga-cicosa\/","title":{"rendered":"Crema Manos Reparadora Alga Cicosa 50ml LAB. BIARRITZ"},"content":{"rendered":"<p>Crema Manos Reparadora Alga Cicosa<\/p>\n<p>Repara y alivia inmediatamente la piel de las manos .<\/p>\n<p>Fortalece la pel\u00edcula hidrol\u00edpidica de la piel y forma una barrera protectora.<\/p>\n<p>Ideal para piel sensible, irritada o muy seca como consecuencia de factores externos con el fr\u00edo o la aplicaci\u00f3n de gel hidroalcoh\u00f3lico.<\/p>\n<p>El resultado es una manos suaves y reconfortadas.<\/p>\n<p>Apto para todo tipo de piel. Hipoalerg\u00e9nica. Sin perfume. Sin alcohol. Testado bajo control dermatol\u00f3gico.<\/p>\n<p><strong>RECOMENDACIONES DE USO:<\/strong> Aplicar sobre la piel limpia y seca, tan a menudo como sea necesario.<\/p>\n<p><strong>PRINCIPIOS ACTIVOS:\u00a0<\/strong><\/p>\n<ul>\n<li><strong>Alga-Sendatu:<\/strong> mejora la reparaci\u00f3n de las capas superficiales de la piel.<\/li>\n<li><strong>\u00c1cido hialur\u00f3nico:<\/strong> hidrata intensamente la piel.<\/li>\n<li><strong>Aloe Vera Bio:<\/strong> hidrata, protege y calma.<\/li>\n<li><strong>Manteca de Karit\u00e9 Bio:<\/strong> nutre e hidrata, rica en vitamina E, en aceites grasos Omega-6 y 9.<\/li>\n<li><strong>Aceite de Coco Bio:<\/strong> nutre intensamente.<\/li>\n<\/ul>\n<p><strong>Ingredientes:<\/strong> Aqua, Glycerin, Coco-Caprylate\/Caprate, Butyrospermum Parkii Butter*, Cocos Nucifera Oil*, Polyglyceryl-2 Dipolyhydroxystearate, Borago Officinalis Seed Oil*, Cera Alba*, Magnesium Sulfate, Propanediol, Gelidium Sesquipedale Extract, Linoleic Acid, Sodium Levulinate, Glyceryl Caprylate, Sodium Anisate, Oleic Acid, Tocopherol, Bisabolol*, Citric Acid, Helianthus Annuus Seed Oil, Sodium Hyaluronate, Palmitic Acid, Aloe Barbadensis Leaf Juice Powder*, Stearic Acid, Linolenic Acid.<br \/>\n*Procedentes de cultivo ecol\u00f3gico. 100% del total de los Ingredientes son de origen natural.<br \/>\n36% del total de los Ingredientes son de cultivo ecol\u00f3gico.<\/p>\n<p>Crema Manos Reparadora Alga Cicosa<\/p>\n<p>Cuida tu piel con\u00a0<a href=\"https:\/\/www.anaromanature.com\/\">Anaroma Nature<\/a><\/p>\n<p><a href=\"mailto:%20info@anaromanature.com\">Cons\u00faltanos\u00a0<\/a>lo que necesites saber o aclarar.<\/p>\n<p>Visita nuestro\u00a0<a href=\"https:\/\/www.instagram.com\/anaromanature\/\">Instagram<\/a>.<\/p>\n","protected":false},"excerpt":{"rendered":"<p>&nbsp;<\/p>\n<p><a href=\"https:\/\/www.anaromanature.com\/wp-content\/uploads\/2021\/03\/Logo-Lab.Biarritz.jpg\"><img decoding=\"async\" class=\" wp-image-2606\" title=\"Logo Lab.Biarritz\" src=\"https:\/\/www.anaromanature.com\/wp-content\/uploads\/2021\/03\/Logo-Lab.Biarritz-1024x718.jpg\" alt=\"Logo Lab.Biarritz\" width=\"101\" height=\"71\" srcset=\"https:\/\/www.anaromanature.com\/wp-content\/uploads\/2021\/03\/Logo-Lab.Biarritz-1024x718.jpg 1024w, https:\/\/www.anaromanature.com\/wp-content\/uploads\/2021\/03\/Logo-Lab.Biarritz-300x210.jpg 300w, https:\/\/www.anaromanature.com\/wp-content\/uploads\/2021\/03\/Logo-Lab.Biarritz-768x538.jpg 768w, https:\/\/www.anaromanature.com\/wp-content\/uploads\/2021\/03\/Logo-Lab.Biarritz.jpg 600w\" sizes=\"(max-width: 101px) 100vw, 101px\" \/><\/a><\/p>\n<hr \/>\n<ul>\n<li>Repara y alivia inmediatamente la piel de las manos .<\/li>\n<li>Fortalece la pel\u00edcula hidrol\u00edpidica de la piel y forma una barrera protectora.<\/li>\n<li>Ideal para piel sensible, irritada o muy seca como consecuencia de factores externos con el fr\u00edo o la aplicaci\u00f3n de gel hidroalcoh\u00f3lico.<\/li>\n<li>El resultado es una manos suaves y reconfortadas.<\/li>\n<li>Apto para todo tipo de piel. Hipoalerg\u00e9nica. Sin perfume. Sin alcohol. Testado bajo control dermatol\u00f3gico.<\/li>\n<li>Capacidad: 50ml<\/li>\n<\/ul>\n<hr \/>\n<p><a href=\"https:\/\/www.anaromanature.com\/wp-content\/uploads\/2021\/03\/sello-vegano.jpg\"><img decoding=\"async\" class=\" wp-image-2137\" title=\"sello vegano\" src=\"https:\/\/www.anaromanature.com\/wp-content\/uploads\/2021\/03\/sello-vegano.jpg\" alt=\"sello vegano\" width=\"80\" height=\"80\" srcset=\"https:\/\/www.anaromanature.com\/wp-content\/uploads\/2021\/03\/sello-vegano.jpg 150w, https:\/\/www.anaromanature.com\/wp-content\/uploads\/2021\/03\/sello-vegano-75x75.jpg 75w, https:\/\/www.anaromanature.com\/wp-content\/uploads\/2021\/03\/sello-vegano-100x100.jpg 100w\" sizes=\"(max-width: 80px) 100vw, 80px\" \/>\u00a0 \u00a0<\/a><a href=\"https:\/\/www.anaromanature.com\/wp-content\/uploads\/2021\/03\/libre-de-parabenos-sin-sls-sin-sles_1.png\">\u00a0<\/a><a href=\"https:\/\/www.anaromanature.com\/wp-content\/uploads\/2021\/03\/contiene-aloe-vera.png\"><img decoding=\"async\" class=\" wp-image-2107\" title=\"contiene aloe vera\" src=\"https:\/\/www.anaromanature.com\/wp-content\/uploads\/2021\/03\/contiene-aloe-vera.png\" alt=\"contiene aloe vera\" width=\"80\" height=\"81\" srcset=\"https:\/\/www.anaromanature.com\/wp-content\/uploads\/2021\/03\/contiene-aloe-vera.png 125w, https:\/\/www.anaromanature.com\/wp-content\/uploads\/2021\/03\/contiene-aloe-vera-75x75.png 75w, https:\/\/www.anaromanature.com\/wp-content\/uploads\/2021\/03\/contiene-aloe-vera-100x100.png 100w\" sizes=\"(max-width: 80px) 100vw, 80px\" \/><\/a><\/p>\n","protected":false},"featured_media":2614,"comment_status":"open","ping_status":"closed","template":"","meta":{"_joinchat":[]},"product_brand":[],"product_cat":[462,463],"product_tag":[283,461,460],"class_list":{"0":"post-2613","1":"product","2":"type-product","3":"status-publish","4":"has-post-thumbnail","6":"product_cat-crema-de-manos","7":"product_cat-crema-de-manos-cosmetica-corporal-hombre-cosmetica","8":"product_tag-crema-manos","9":"product_tag-lab-biarritz","10":"product_tag-reparadora","11":"latest_post","13":"first","14":"instock","15":"taxable","16":"shipping-taxable","17":"purchasable","18":"product-type-simple"},"yoast_head":"<!-- This site is optimized with the Yoast SEO plugin v27.1.1 - https:\/\/yoast.com\/product\/yoast-seo-wordpress\/ -->\n<title>Crema Manos Reparadora Alga Cicosa 50ml LAB. BIARRITZ - Anaroma<\/title>\n<meta name=\"description\" content=\"Crema Manos Reparadora Alga Cicosa. Repara y alivia inmediatamente la piel de las manos. Fortalece la pel\u00edcula hidrol\u00edpidica de la piel y\" \/>\n<meta name=\"robots\" content=\"index, follow, max-snippet:-1, max-image-preview:large, max-video-preview:-1\" \/>\n<link rel=\"canonical\" href=\"https:\/\/www.anaromanature.com\/index.php\/producto\/crema-manos-reparadora-alga-cicosa\/\" \/>\n<meta property=\"og:locale\" content=\"es_ES\" \/>\n<meta property=\"og:type\" content=\"article\" \/>\n<meta property=\"og:title\" content=\"Crema Manos Reparadora Alga Cicosa 50ml LAB. BIARRITZ - Anaroma\" \/>\n<meta property=\"og:description\" content=\"Crema Manos Reparadora Alga Cicosa. Repara y alivia inmediatamente la piel de las manos. Fortalece la pel\u00edcula hidrol\u00edpidica de la piel y\" \/>\n<meta property=\"og:url\" content=\"https:\/\/www.anaromanature.com\/index.php\/producto\/crema-manos-reparadora-alga-cicosa\/\" \/>\n<meta property=\"og:site_name\" content=\"Anaroma Nature\" \/>\n<meta property=\"article:publisher\" content=\"http:\/\/facebook.com\/Anaroma-326324794814915\" \/>\n<meta property=\"article:modified_time\" content=\"2024-03-31T20:04:59+00:00\" \/>\n<meta property=\"og:image\" content=\"https:\/\/www.anaromanature.com\/wp-content\/uploads\/2021\/03\/Crema-Manos-Raparadora-Alga-Cicosa-Biarritz.jpg\" \/>\n\t<meta property=\"og:image:width\" content=\"600\" \/>\n\t<meta property=\"og:image:height\" content=\"600\" \/>\n\t<meta property=\"og:image:type\" content=\"image\/jpeg\" \/>\n<meta name=\"twitter:card\" content=\"summary_large_image\" \/>\n<meta name=\"twitter:label1\" content=\"Tiempo de lectura\" \/>\n\t<meta name=\"twitter:data1\" content=\"2 minutos\" \/>\n<script type=\"application\/ld+json\" class=\"yoast-schema-graph\">{\"@context\":\"https:\/\/schema.org\",\"@graph\":[{\"@type\":\"WebPage\",\"@id\":\"https:\/\/www.anaromanature.com\/index.php\/producto\/crema-manos-reparadora-alga-cicosa\/\",\"url\":\"https:\/\/www.anaromanature.com\/index.php\/producto\/crema-manos-reparadora-alga-cicosa\/\",\"name\":\"Crema Manos Reparadora Alga Cicosa 50ml LAB. BIARRITZ - Anaroma\",\"isPartOf\":{\"@id\":\"https:\/\/www.anaromanature.com\/#website\"},\"primaryImageOfPage\":{\"@id\":\"https:\/\/www.anaromanature.com\/index.php\/producto\/crema-manos-reparadora-alga-cicosa\/#primaryimage\"},\"image\":{\"@id\":\"https:\/\/www.anaromanature.com\/index.php\/producto\/crema-manos-reparadora-alga-cicosa\/#primaryimage\"},\"thumbnailUrl\":\"https:\/\/www.anaromanature.com\/wp-content\/uploads\/2021\/03\/Crema-Manos-Raparadora-Alga-Cicosa-Biarritz.jpg\",\"datePublished\":\"2021-03-17T19:16:09+00:00\",\"dateModified\":\"2024-03-31T20:04:59+00:00\",\"description\":\"Crema Manos Reparadora Alga Cicosa. Repara y alivia inmediatamente la piel de las manos. Fortalece la pel\u00edcula hidrol\u00edpidica de la piel y\",\"breadcrumb\":{\"@id\":\"https:\/\/www.anaromanature.com\/index.php\/producto\/crema-manos-reparadora-alga-cicosa\/#breadcrumb\"},\"inLanguage\":\"es\",\"potentialAction\":[{\"@type\":\"ReadAction\",\"target\":[\"https:\/\/www.anaromanature.com\/index.php\/producto\/crema-manos-reparadora-alga-cicosa\/\"]}]},{\"@type\":\"ImageObject\",\"inLanguage\":\"es\",\"@id\":\"https:\/\/www.anaromanature.com\/index.php\/producto\/crema-manos-reparadora-alga-cicosa\/#primaryimage\",\"url\":\"https:\/\/www.anaromanature.com\/wp-content\/uploads\/2021\/03\/Crema-Manos-Raparadora-Alga-Cicosa-Biarritz.jpg\",\"contentUrl\":\"https:\/\/www.anaromanature.com\/wp-content\/uploads\/2021\/03\/Crema-Manos-Raparadora-Alga-Cicosa-Biarritz.jpg\",\"width\":600,\"height\":600,\"caption\":\"Crema Manos Raparadora Alga Cicosa Biarritz\"},{\"@type\":\"BreadcrumbList\",\"@id\":\"https:\/\/www.anaromanature.com\/index.php\/producto\/crema-manos-reparadora-alga-cicosa\/#breadcrumb\",\"itemListElement\":[{\"@type\":\"ListItem\",\"position\":1,\"name\":\"Portada\",\"item\":\"https:\/\/www.anaromanature.com\/\"},{\"@type\":\"ListItem\",\"position\":2,\"name\":\"Tienda\",\"item\":\"https:\/\/www.anaromanature.com\/index.php\/tienda-premium-online-anarome-nature\/\"},{\"@type\":\"ListItem\",\"position\":3,\"name\":\"Crema Manos Reparadora Alga Cicosa 50ml LAB. BIARRITZ\"}]},{\"@type\":\"WebSite\",\"@id\":\"https:\/\/www.anaromanature.com\/#website\",\"url\":\"https:\/\/www.anaromanature.com\/\",\"name\":\"Anaroma Nature\",\"description\":\"Aromas y color\",\"publisher\":{\"@id\":\"https:\/\/www.anaromanature.com\/#organization\"},\"potentialAction\":[{\"@type\":\"SearchAction\",\"target\":{\"@type\":\"EntryPoint\",\"urlTemplate\":\"https:\/\/www.anaromanature.com\/?s={search_term_string}\"},\"query-input\":{\"@type\":\"PropertyValueSpecification\",\"valueRequired\":true,\"valueName\":\"search_term_string\"}}],\"inLanguage\":\"es\"},{\"@type\":\"Organization\",\"@id\":\"https:\/\/www.anaromanature.com\/#organization\",\"name\":\"Anaroma Nature\",\"url\":\"https:\/\/www.anaromanature.com\/\",\"logo\":{\"@type\":\"ImageObject\",\"inLanguage\":\"es\",\"@id\":\"https:\/\/www.anaromanature.com\/#\/schema\/logo\/image\/\",\"url\":\"https:\/\/i2.wp.com\/www.anaromanature.com\/wp-content\/uploads\/2021\/02\/cropped-Logotipo-Anaroma-2.png?fit=290%2C288&ssl=1\",\"contentUrl\":\"https:\/\/i2.wp.com\/www.anaromanature.com\/wp-content\/uploads\/2021\/02\/cropped-Logotipo-Anaroma-2.png?fit=290%2C288&ssl=1\",\"width\":290,\"height\":288,\"caption\":\"Anaroma Nature\"},\"image\":{\"@id\":\"https:\/\/www.anaromanature.com\/#\/schema\/logo\/image\/\"},\"sameAs\":[\"http:\/\/facebook.com\/Anaroma-326324794814915\",\"http:\/\/instagram.com\/anaromanature\"]}]}<\/script>\n<!-- \/ Yoast SEO plugin. -->","yoast_head_json":{"title":"Crema Manos Reparadora Alga Cicosa 50ml LAB. BIARRITZ - Anaroma","description":"Crema Manos Reparadora Alga Cicosa. Repara y alivia inmediatamente la piel de las manos. Fortalece la pel\u00edcula hidrol\u00edpidica de la piel y","robots":{"index":"index","follow":"follow","max-snippet":"max-snippet:-1","max-image-preview":"max-image-preview:large","max-video-preview":"max-video-preview:-1"},"canonical":"https:\/\/www.anaromanature.com\/index.php\/producto\/crema-manos-reparadora-alga-cicosa\/","og_locale":"es_ES","og_type":"article","og_title":"Crema Manos Reparadora Alga Cicosa 50ml LAB. BIARRITZ - Anaroma","og_description":"Crema Manos Reparadora Alga Cicosa. Repara y alivia inmediatamente la piel de las manos. Fortalece la pel\u00edcula hidrol\u00edpidica de la piel y","og_url":"https:\/\/www.anaromanature.com\/index.php\/producto\/crema-manos-reparadora-alga-cicosa\/","og_site_name":"Anaroma Nature","article_publisher":"http:\/\/facebook.com\/Anaroma-326324794814915","article_modified_time":"2024-03-31T20:04:59+00:00","og_image":[{"width":600,"height":600,"url":"https:\/\/www.anaromanature.com\/wp-content\/uploads\/2021\/03\/Crema-Manos-Raparadora-Alga-Cicosa-Biarritz.jpg","type":"image\/jpeg"}],"twitter_card":"summary_large_image","twitter_misc":{"Tiempo de lectura":"2 minutos"},"schema":{"@context":"https:\/\/schema.org","@graph":[{"@type":"WebPage","@id":"https:\/\/www.anaromanature.com\/index.php\/producto\/crema-manos-reparadora-alga-cicosa\/","url":"https:\/\/www.anaromanature.com\/index.php\/producto\/crema-manos-reparadora-alga-cicosa\/","name":"Crema Manos Reparadora Alga Cicosa 50ml LAB. BIARRITZ - Anaroma","isPartOf":{"@id":"https:\/\/www.anaromanature.com\/#website"},"primaryImageOfPage":{"@id":"https:\/\/www.anaromanature.com\/index.php\/producto\/crema-manos-reparadora-alga-cicosa\/#primaryimage"},"image":{"@id":"https:\/\/www.anaromanature.com\/index.php\/producto\/crema-manos-reparadora-alga-cicosa\/#primaryimage"},"thumbnailUrl":"https:\/\/www.anaromanature.com\/wp-content\/uploads\/2021\/03\/Crema-Manos-Raparadora-Alga-Cicosa-Biarritz.jpg","datePublished":"2021-03-17T19:16:09+00:00","dateModified":"2024-03-31T20:04:59+00:00","description":"Crema Manos Reparadora Alga Cicosa. Repara y alivia inmediatamente la piel de las manos. Fortalece la pel\u00edcula hidrol\u00edpidica de la piel y","breadcrumb":{"@id":"https:\/\/www.anaromanature.com\/index.php\/producto\/crema-manos-reparadora-alga-cicosa\/#breadcrumb"},"inLanguage":"es","potentialAction":[{"@type":"ReadAction","target":["https:\/\/www.anaromanature.com\/index.php\/producto\/crema-manos-reparadora-alga-cicosa\/"]}]},{"@type":"ImageObject","inLanguage":"es","@id":"https:\/\/www.anaromanature.com\/index.php\/producto\/crema-manos-reparadora-alga-cicosa\/#primaryimage","url":"https:\/\/www.anaromanature.com\/wp-content\/uploads\/2021\/03\/Crema-Manos-Raparadora-Alga-Cicosa-Biarritz.jpg","contentUrl":"https:\/\/www.anaromanature.com\/wp-content\/uploads\/2021\/03\/Crema-Manos-Raparadora-Alga-Cicosa-Biarritz.jpg","width":600,"height":600,"caption":"Crema Manos Raparadora Alga Cicosa Biarritz"},{"@type":"BreadcrumbList","@id":"https:\/\/www.anaromanature.com\/index.php\/producto\/crema-manos-reparadora-alga-cicosa\/#breadcrumb","itemListElement":[{"@type":"ListItem","position":1,"name":"Portada","item":"https:\/\/www.anaromanature.com\/"},{"@type":"ListItem","position":2,"name":"Tienda","item":"https:\/\/www.anaromanature.com\/index.php\/tienda-premium-online-anarome-nature\/"},{"@type":"ListItem","position":3,"name":"Crema Manos Reparadora Alga Cicosa 50ml LAB. BIARRITZ"}]},{"@type":"WebSite","@id":"https:\/\/www.anaromanature.com\/#website","url":"https:\/\/www.anaromanature.com\/","name":"Anaroma Nature","description":"Aromas y color","publisher":{"@id":"https:\/\/www.anaromanature.com\/#organization"},"potentialAction":[{"@type":"SearchAction","target":{"@type":"EntryPoint","urlTemplate":"https:\/\/www.anaromanature.com\/?s={search_term_string}"},"query-input":{"@type":"PropertyValueSpecification","valueRequired":true,"valueName":"search_term_string"}}],"inLanguage":"es"},{"@type":"Organization","@id":"https:\/\/www.anaromanature.com\/#organization","name":"Anaroma Nature","url":"https:\/\/www.anaromanature.com\/","logo":{"@type":"ImageObject","inLanguage":"es","@id":"https:\/\/www.anaromanature.com\/#\/schema\/logo\/image\/","url":"https:\/\/i2.wp.com\/www.anaromanature.com\/wp-content\/uploads\/2021\/02\/cropped-Logotipo-Anaroma-2.png?fit=290%2C288&ssl=1","contentUrl":"https:\/\/i2.wp.com\/www.anaromanature.com\/wp-content\/uploads\/2021\/02\/cropped-Logotipo-Anaroma-2.png?fit=290%2C288&ssl=1","width":290,"height":288,"caption":"Anaroma Nature"},"image":{"@id":"https:\/\/www.anaromanature.com\/#\/schema\/logo\/image\/"},"sameAs":["http:\/\/facebook.com\/Anaroma-326324794814915","http:\/\/instagram.com\/anaromanature"]}]}},"_links":{"self":[{"href":"https:\/\/www.anaromanature.com\/index.php\/wp-json\/wp\/v2\/product\/2613","targetHints":{"allow":["GET"]}}],"collection":[{"href":"https:\/\/www.anaromanature.com\/index.php\/wp-json\/wp\/v2\/product"}],"about":[{"href":"https:\/\/www.anaromanature.com\/index.php\/wp-json\/wp\/v2\/types\/product"}],"replies":[{"embeddable":true,"href":"https:\/\/www.anaromanature.com\/index.php\/wp-json\/wp\/v2\/comments?post=2613"}],"wp:featuredmedia":[{"embeddable":true,"href":"https:\/\/www.anaromanature.com\/index.php\/wp-json\/wp\/v2\/media\/2614"}],"wp:attachment":[{"href":"https:\/\/www.anaromanature.com\/index.php\/wp-json\/wp\/v2\/media?parent=2613"}],"wp:term":[{"taxonomy":"product_brand","embeddable":true,"href":"https:\/\/www.anaromanature.com\/index.php\/wp-json\/wp\/v2\/product_brand?post=2613"},{"taxonomy":"product_cat","embeddable":true,"href":"https:\/\/www.anaromanature.com\/index.php\/wp-json\/wp\/v2\/product_cat?post=2613"},{"taxonomy":"product_tag","embeddable":true,"href":"https:\/\/www.anaromanature.com\/index.php\/wp-json\/wp\/v2\/product_tag?post=2613"}],"curies":[{"name":"wp","href":"https:\/\/api.w.org\/{rel}","templated":true}]}}