{"id":2631,"date":"2021-03-19T18:25:00","date_gmt":"2021-03-19T17:25:00","guid":{"rendered":"https:\/\/www.anaromanature.com\/index.php\/producto\/crema-dia-family-75-ml-sante\/"},"modified":"2022-11-02T18:18:45","modified_gmt":"2022-11-02T17:18:45","slug":"crema-dia-family-75-ml-sante","status":"publish","type":"product","link":"https:\/\/www.anaromanature.com\/index.php\/producto\/crema-dia-family-75-ml-sante\/","title":{"rendered":"Crema D\u00eda Family Granada SANTE 75ml"},"content":{"rendered":"<p>Crema D\u00eda Family Granada SANTE 75ml<\/p>\n<p>Crema de d\u00eda que aporta hidrataci\u00f3n y nutrici\u00f3n al cutis.<\/p>\n<p>Fragancia afrutada y fresca.<\/p>\n<p>Apta para todo tipo de piel.<\/p>\n<p><strong>RECOMENDACIONES DE USO:<\/strong> Aplicar uniformemente sobre la piel limpia de la cara y el cuello cada ma\u00f1ana despu\u00e9s de la limpieza. Apto para uso diario. Indicado para toda la familia.<\/p>\n<p><strong>PRINCIPIOS ACTIVOS:<\/strong><\/p>\n<ul>\n<li><strong>Extracto de Granada Bio:<\/strong> regenera la piel.<\/li>\n<li><strong>Aceite de Marula:<\/strong> protege la piel de las agresiones externas e hidrata la piel.<\/li>\n<li><strong>Manteca de Karit\u00e9 Bio:<\/strong> nutre e hidrata intensamente.<\/li>\n<\/ul>\n<p><strong>Ingredientes:<\/strong> Aqua (Water), Glycine Soja (Soybean) Oil*, Alcohol denat.*, Butyrospermum Parkii (Shea) Butter*, Polyglyceryl-3 Dicitrate\/Stearate, Glycerin, Cetearyl Alcohol, Isoamyl Laurate, Parfum (Fragrance)**, Limonene**, Sclerocarya Birrea Seed Oil, Rhus Verniciflua Peel Wax, Punica Granatum Seed Extract*, Sodium Lactate, Xanthan Gum, Sodium Stearoyl Glutamate, Tocopherol, Lactic Acid, Helianthus Annuus (Sunflower) Seed Oil*, Rosmarinus Officinalis (Rosemary) Leaf Extract*, Linalool**, Citral**, Coumarin**<br \/>\n* A partir de agricultura ecol\u00f3gica<br \/>\n** Aceites esenciales naturales<\/p>\n<p>Capacidad: 75ml.<\/p>\n<p>Crema D\u00eda Family Granada SANTE 75ml<\/p>\n<p>Cuida tu piel con\u00a0<a href=\"https:\/\/www.anaromanature.com\/\">Anaroma Nature<\/a><\/p>\n<p><a href=\"mailto:%20info@anaromanature.com\">Cons\u00faltanos\u00a0<\/a>lo que necesites saber o aclarar.<\/p>\n<p>Visita nuestro\u00a0<a href=\"https:\/\/www.instagram.com\/anaromanature\/\">Instagram<\/a>.<\/p>\n","protected":false},"excerpt":{"rendered":"<p><a href=\"https:\/\/www.anaromanature.com\/wp-content\/uploads\/2021\/02\/Logo-Sante-2.jpg\"><img decoding=\"async\" class=\" wp-image-1689\" title=\"Logo Sante 2\" src=\"https:\/\/www.anaromanature.com\/wp-content\/uploads\/2021\/02\/Logo-Sante-2.jpg\" alt=\"Logo Sante 2\" width=\"100\" height=\"100\" srcset=\"https:\/\/www.anaromanature.com\/wp-content\/uploads\/2021\/02\/Logo-Sante-2.jpg 360w, https:\/\/www.anaromanature.com\/wp-content\/uploads\/2021\/02\/Logo-Sante-2-300x300.jpg 300w, https:\/\/www.anaromanature.com\/wp-content\/uploads\/2021\/02\/Logo-Sante-2-150x150.jpg 150w, https:\/\/www.anaromanature.com\/wp-content\/uploads\/2021\/02\/Logo-Sante-2-75x75.jpg 75w, https:\/\/www.anaromanature.com\/wp-content\/uploads\/2021\/02\/Logo-Sante-2-100x100.jpg 100w\" sizes=\"(max-width: 100px) 100vw, 100px\" \/><\/a><\/p>\n<hr \/>\n<ul>\n<li>Crema de d\u00eda que aporta hidrataci\u00f3n y nutrici\u00f3n al cutis.<\/li>\n<li>Fragancia afrutada y fresca.<\/li>\n<li>Apta para todo tipo de piel.<\/li>\n<li>Capacidad: 75ml.<\/li>\n<\/ul>\n<hr \/>\n<p><a href=\"https:\/\/www.anaromanature.com\/wp-content\/uploads\/2021\/03\/sello-vegano.jpg\"><img decoding=\"async\" class=\" wp-image-2137\" title=\"sello vegano\" src=\"https:\/\/www.anaromanature.com\/wp-content\/uploads\/2021\/03\/sello-vegano.jpg\" alt=\"sello vegano\" width=\"80\" height=\"80\" srcset=\"https:\/\/www.anaromanature.com\/wp-content\/uploads\/2021\/03\/sello-vegano.jpg 150w, https:\/\/www.anaromanature.com\/wp-content\/uploads\/2021\/03\/sello-vegano-75x75.jpg 75w, https:\/\/www.anaromanature.com\/wp-content\/uploads\/2021\/03\/sello-vegano-100x100.jpg 100w\" sizes=\"(max-width: 80px) 100vw, 80px\" \/>\u00a0 \u00a0<\/a><a href=\"https:\/\/www.anaromanature.com\/wp-content\/uploads\/2021\/03\/libre-de-parabenos-sin-sls-sin-sles_1.png\">\u00a0<\/a><a href=\"https:\/\/www.anaromanature.com\/wp-content\/uploads\/2021\/03\/contiene-aloe-vera.png\"><img decoding=\"async\" class=\" wp-image-2107\" title=\"contiene aloe vera\" src=\"https:\/\/www.anaromanature.com\/wp-content\/uploads\/2021\/03\/contiene-aloe-vera.png\" alt=\"contiene aloe vera\" width=\"80\" height=\"81\" srcset=\"https:\/\/www.anaromanature.com\/wp-content\/uploads\/2021\/03\/contiene-aloe-vera.png 125w, https:\/\/www.anaromanature.com\/wp-content\/uploads\/2021\/03\/contiene-aloe-vera-75x75.png 75w, https:\/\/www.anaromanature.com\/wp-content\/uploads\/2021\/03\/contiene-aloe-vera-100x100.png 100w\" sizes=\"(max-width: 80px) 100vw, 80px\" \/><\/a><\/p>\n","protected":false},"featured_media":2662,"comment_status":"open","ping_status":"closed","template":"","meta":{"_joinchat":[]},"product_brand":[],"product_cat":[154,181],"product_tag":[259,470,469],"class_list":{"0":"post-2631","1":"product","2":"type-product","3":"status-publish","4":"has-post-thumbnail","6":"product_cat-crema-facial-dia","7":"product_cat-crema-facial","8":"product_tag-crema-dia","9":"product_tag-family","10":"product_tag-sante","11":"latest_post","13":"first","14":"outofstock","15":"taxable","16":"shipping-taxable","17":"purchasable","18":"product-type-simple"},"yoast_head":"<!-- This site is optimized with the Yoast SEO plugin v27.4 - https:\/\/yoast.com\/product\/yoast-seo-wordpress\/ -->\n<title>Crema D\u00eda Family Granada SANTE 75ml - Anaroma Nature - Tienda<\/title>\n<meta name=\"description\" content=\"Crema D\u00eda Family Granada SANTE 75ml. Crema de d\u00eda que aporta hidrataci\u00f3n y nutrici\u00f3n al cutis. Fragancia afrutada y fresca. Apta para todo\" \/>\n<meta name=\"robots\" content=\"index, follow, max-snippet:-1, max-image-preview:large, max-video-preview:-1\" \/>\n<link rel=\"canonical\" href=\"https:\/\/www.anaromanature.com\/index.php\/producto\/crema-dia-family-75-ml-sante\/\" \/>\n<meta property=\"og:locale\" content=\"es_ES\" \/>\n<meta property=\"og:type\" content=\"article\" \/>\n<meta property=\"og:title\" content=\"Crema D\u00eda Family Granada SANTE 75ml - Anaroma Nature - Tienda\" \/>\n<meta property=\"og:description\" content=\"Crema D\u00eda Family Granada SANTE 75ml. Crema de d\u00eda que aporta hidrataci\u00f3n y nutrici\u00f3n al cutis. Fragancia afrutada y fresca. Apta para todo\" \/>\n<meta property=\"og:url\" content=\"https:\/\/www.anaromanature.com\/index.php\/producto\/crema-dia-family-75-ml-sante\/\" \/>\n<meta property=\"og:site_name\" content=\"Anaroma Nature\" \/>\n<meta property=\"article:publisher\" content=\"http:\/\/facebook.com\/Anaroma-326324794814915\" \/>\n<meta property=\"article:modified_time\" content=\"2022-11-02T17:18:45+00:00\" \/>\n<meta property=\"og:image\" content=\"https:\/\/www.anaromanature.com\/wp-content\/uploads\/2021\/03\/Crema-Dia-Granada.jpg\" \/>\n\t<meta property=\"og:image:width\" content=\"600\" \/>\n\t<meta property=\"og:image:height\" content=\"600\" \/>\n\t<meta property=\"og:image:type\" content=\"image\/jpeg\" \/>\n<meta name=\"twitter:card\" content=\"summary_large_image\" \/>\n<meta name=\"twitter:label1\" content=\"Tiempo de lectura\" \/>\n\t<meta name=\"twitter:data1\" content=\"1 minuto\" \/>\n<script type=\"application\/ld+json\" class=\"yoast-schema-graph\">{\"@context\":\"https:\\\/\\\/schema.org\",\"@graph\":[{\"@type\":\"WebPage\",\"@id\":\"https:\\\/\\\/www.anaromanature.com\\\/index.php\\\/producto\\\/crema-dia-family-75-ml-sante\\\/\",\"url\":\"https:\\\/\\\/www.anaromanature.com\\\/index.php\\\/producto\\\/crema-dia-family-75-ml-sante\\\/\",\"name\":\"Crema D\u00eda Family Granada SANTE 75ml - Anaroma Nature - Tienda\",\"isPartOf\":{\"@id\":\"https:\\\/\\\/www.anaromanature.com\\\/#website\"},\"primaryImageOfPage\":{\"@id\":\"https:\\\/\\\/www.anaromanature.com\\\/index.php\\\/producto\\\/crema-dia-family-75-ml-sante\\\/#primaryimage\"},\"image\":{\"@id\":\"https:\\\/\\\/www.anaromanature.com\\\/index.php\\\/producto\\\/crema-dia-family-75-ml-sante\\\/#primaryimage\"},\"thumbnailUrl\":\"https:\\\/\\\/www.anaromanature.com\\\/wp-content\\\/uploads\\\/2021\\\/03\\\/Crema-Dia-Granada.jpg\",\"datePublished\":\"2021-03-19T17:25:00+00:00\",\"dateModified\":\"2022-11-02T17:18:45+00:00\",\"description\":\"Crema D\u00eda Family Granada SANTE 75ml. Crema de d\u00eda que aporta hidrataci\u00f3n y nutrici\u00f3n al cutis. Fragancia afrutada y fresca. Apta para todo\",\"breadcrumb\":{\"@id\":\"https:\\\/\\\/www.anaromanature.com\\\/index.php\\\/producto\\\/crema-dia-family-75-ml-sante\\\/#breadcrumb\"},\"inLanguage\":\"es\",\"potentialAction\":[{\"@type\":\"ReadAction\",\"target\":[\"https:\\\/\\\/www.anaromanature.com\\\/index.php\\\/producto\\\/crema-dia-family-75-ml-sante\\\/\"]}]},{\"@type\":\"ImageObject\",\"inLanguage\":\"es\",\"@id\":\"https:\\\/\\\/www.anaromanature.com\\\/index.php\\\/producto\\\/crema-dia-family-75-ml-sante\\\/#primaryimage\",\"url\":\"https:\\\/\\\/www.anaromanature.com\\\/wp-content\\\/uploads\\\/2021\\\/03\\\/Crema-Dia-Granada.jpg\",\"contentUrl\":\"https:\\\/\\\/www.anaromanature.com\\\/wp-content\\\/uploads\\\/2021\\\/03\\\/Crema-Dia-Granada.jpg\",\"width\":600,\"height\":600,\"caption\":\"Crema Dia Granada\"},{\"@type\":\"BreadcrumbList\",\"@id\":\"https:\\\/\\\/www.anaromanature.com\\\/index.php\\\/producto\\\/crema-dia-family-75-ml-sante\\\/#breadcrumb\",\"itemListElement\":[{\"@type\":\"ListItem\",\"position\":1,\"name\":\"Portada\",\"item\":\"https:\\\/\\\/www.anaromanature.com\\\/\"},{\"@type\":\"ListItem\",\"position\":2,\"name\":\"Tienda\",\"item\":\"https:\\\/\\\/www.anaromanature.com\\\/index.php\\\/tienda-premium-online-anarome-nature\\\/\"},{\"@type\":\"ListItem\",\"position\":3,\"name\":\"Crema D\u00eda Family Granada SANTE 75ml\"}]},{\"@type\":\"WebSite\",\"@id\":\"https:\\\/\\\/www.anaromanature.com\\\/#website\",\"url\":\"https:\\\/\\\/www.anaromanature.com\\\/\",\"name\":\"Anaroma Nature\",\"description\":\"Aromas y color\",\"publisher\":{\"@id\":\"https:\\\/\\\/www.anaromanature.com\\\/#organization\"},\"potentialAction\":[{\"@type\":\"SearchAction\",\"target\":{\"@type\":\"EntryPoint\",\"urlTemplate\":\"https:\\\/\\\/www.anaromanature.com\\\/?s={search_term_string}\"},\"query-input\":{\"@type\":\"PropertyValueSpecification\",\"valueRequired\":true,\"valueName\":\"search_term_string\"}}],\"inLanguage\":\"es\"},{\"@type\":\"Organization\",\"@id\":\"https:\\\/\\\/www.anaromanature.com\\\/#organization\",\"name\":\"Anaroma Nature\",\"url\":\"https:\\\/\\\/www.anaromanature.com\\\/\",\"logo\":{\"@type\":\"ImageObject\",\"inLanguage\":\"es\",\"@id\":\"https:\\\/\\\/www.anaromanature.com\\\/#\\\/schema\\\/logo\\\/image\\\/\",\"url\":\"https:\\\/\\\/i2.wp.com\\\/www.anaromanature.com\\\/wp-content\\\/uploads\\\/2021\\\/02\\\/cropped-Logotipo-Anaroma-2.png?fit=290%2C288&ssl=1\",\"contentUrl\":\"https:\\\/\\\/i2.wp.com\\\/www.anaromanature.com\\\/wp-content\\\/uploads\\\/2021\\\/02\\\/cropped-Logotipo-Anaroma-2.png?fit=290%2C288&ssl=1\",\"width\":290,\"height\":288,\"caption\":\"Anaroma Nature\"},\"image\":{\"@id\":\"https:\\\/\\\/www.anaromanature.com\\\/#\\\/schema\\\/logo\\\/image\\\/\"},\"sameAs\":[\"http:\\\/\\\/facebook.com\\\/Anaroma-326324794814915\",\"http:\\\/\\\/instagram.com\\\/anaromanature\"]}]}<\/script>\n<!-- \/ Yoast SEO plugin. -->","yoast_head_json":{"title":"Crema D\u00eda Family Granada SANTE 75ml - Anaroma Nature - Tienda","description":"Crema D\u00eda Family Granada SANTE 75ml. Crema de d\u00eda que aporta hidrataci\u00f3n y nutrici\u00f3n al cutis. Fragancia afrutada y fresca. Apta para todo","robots":{"index":"index","follow":"follow","max-snippet":"max-snippet:-1","max-image-preview":"max-image-preview:large","max-video-preview":"max-video-preview:-1"},"canonical":"https:\/\/www.anaromanature.com\/index.php\/producto\/crema-dia-family-75-ml-sante\/","og_locale":"es_ES","og_type":"article","og_title":"Crema D\u00eda Family Granada SANTE 75ml - Anaroma Nature - Tienda","og_description":"Crema D\u00eda Family Granada SANTE 75ml. Crema de d\u00eda que aporta hidrataci\u00f3n y nutrici\u00f3n al cutis. Fragancia afrutada y fresca. Apta para todo","og_url":"https:\/\/www.anaromanature.com\/index.php\/producto\/crema-dia-family-75-ml-sante\/","og_site_name":"Anaroma Nature","article_publisher":"http:\/\/facebook.com\/Anaroma-326324794814915","article_modified_time":"2022-11-02T17:18:45+00:00","og_image":[{"width":600,"height":600,"url":"https:\/\/www.anaromanature.com\/wp-content\/uploads\/2021\/03\/Crema-Dia-Granada.jpg","type":"image\/jpeg"}],"twitter_card":"summary_large_image","twitter_misc":{"Tiempo de lectura":"1 minuto"},"schema":{"@context":"https:\/\/schema.org","@graph":[{"@type":"WebPage","@id":"https:\/\/www.anaromanature.com\/index.php\/producto\/crema-dia-family-75-ml-sante\/","url":"https:\/\/www.anaromanature.com\/index.php\/producto\/crema-dia-family-75-ml-sante\/","name":"Crema D\u00eda Family Granada SANTE 75ml - Anaroma Nature - Tienda","isPartOf":{"@id":"https:\/\/www.anaromanature.com\/#website"},"primaryImageOfPage":{"@id":"https:\/\/www.anaromanature.com\/index.php\/producto\/crema-dia-family-75-ml-sante\/#primaryimage"},"image":{"@id":"https:\/\/www.anaromanature.com\/index.php\/producto\/crema-dia-family-75-ml-sante\/#primaryimage"},"thumbnailUrl":"https:\/\/www.anaromanature.com\/wp-content\/uploads\/2021\/03\/Crema-Dia-Granada.jpg","datePublished":"2021-03-19T17:25:00+00:00","dateModified":"2022-11-02T17:18:45+00:00","description":"Crema D\u00eda Family Granada SANTE 75ml. Crema de d\u00eda que aporta hidrataci\u00f3n y nutrici\u00f3n al cutis. Fragancia afrutada y fresca. Apta para todo","breadcrumb":{"@id":"https:\/\/www.anaromanature.com\/index.php\/producto\/crema-dia-family-75-ml-sante\/#breadcrumb"},"inLanguage":"es","potentialAction":[{"@type":"ReadAction","target":["https:\/\/www.anaromanature.com\/index.php\/producto\/crema-dia-family-75-ml-sante\/"]}]},{"@type":"ImageObject","inLanguage":"es","@id":"https:\/\/www.anaromanature.com\/index.php\/producto\/crema-dia-family-75-ml-sante\/#primaryimage","url":"https:\/\/www.anaromanature.com\/wp-content\/uploads\/2021\/03\/Crema-Dia-Granada.jpg","contentUrl":"https:\/\/www.anaromanature.com\/wp-content\/uploads\/2021\/03\/Crema-Dia-Granada.jpg","width":600,"height":600,"caption":"Crema Dia Granada"},{"@type":"BreadcrumbList","@id":"https:\/\/www.anaromanature.com\/index.php\/producto\/crema-dia-family-75-ml-sante\/#breadcrumb","itemListElement":[{"@type":"ListItem","position":1,"name":"Portada","item":"https:\/\/www.anaromanature.com\/"},{"@type":"ListItem","position":2,"name":"Tienda","item":"https:\/\/www.anaromanature.com\/index.php\/tienda-premium-online-anarome-nature\/"},{"@type":"ListItem","position":3,"name":"Crema D\u00eda Family Granada SANTE 75ml"}]},{"@type":"WebSite","@id":"https:\/\/www.anaromanature.com\/#website","url":"https:\/\/www.anaromanature.com\/","name":"Anaroma Nature","description":"Aromas y color","publisher":{"@id":"https:\/\/www.anaromanature.com\/#organization"},"potentialAction":[{"@type":"SearchAction","target":{"@type":"EntryPoint","urlTemplate":"https:\/\/www.anaromanature.com\/?s={search_term_string}"},"query-input":{"@type":"PropertyValueSpecification","valueRequired":true,"valueName":"search_term_string"}}],"inLanguage":"es"},{"@type":"Organization","@id":"https:\/\/www.anaromanature.com\/#organization","name":"Anaroma Nature","url":"https:\/\/www.anaromanature.com\/","logo":{"@type":"ImageObject","inLanguage":"es","@id":"https:\/\/www.anaromanature.com\/#\/schema\/logo\/image\/","url":"https:\/\/i2.wp.com\/www.anaromanature.com\/wp-content\/uploads\/2021\/02\/cropped-Logotipo-Anaroma-2.png?fit=290%2C288&ssl=1","contentUrl":"https:\/\/i2.wp.com\/www.anaromanature.com\/wp-content\/uploads\/2021\/02\/cropped-Logotipo-Anaroma-2.png?fit=290%2C288&ssl=1","width":290,"height":288,"caption":"Anaroma Nature"},"image":{"@id":"https:\/\/www.anaromanature.com\/#\/schema\/logo\/image\/"},"sameAs":["http:\/\/facebook.com\/Anaroma-326324794814915","http:\/\/instagram.com\/anaromanature"]}]}},"_links":{"self":[{"href":"https:\/\/www.anaromanature.com\/index.php\/wp-json\/wp\/v2\/product\/2631","targetHints":{"allow":["GET"]}}],"collection":[{"href":"https:\/\/www.anaromanature.com\/index.php\/wp-json\/wp\/v2\/product"}],"about":[{"href":"https:\/\/www.anaromanature.com\/index.php\/wp-json\/wp\/v2\/types\/product"}],"replies":[{"embeddable":true,"href":"https:\/\/www.anaromanature.com\/index.php\/wp-json\/wp\/v2\/comments?post=2631"}],"wp:featuredmedia":[{"embeddable":true,"href":"https:\/\/www.anaromanature.com\/index.php\/wp-json\/wp\/v2\/media\/2662"}],"wp:attachment":[{"href":"https:\/\/www.anaromanature.com\/index.php\/wp-json\/wp\/v2\/media?parent=2631"}],"wp:term":[{"taxonomy":"product_brand","embeddable":true,"href":"https:\/\/www.anaromanature.com\/index.php\/wp-json\/wp\/v2\/product_brand?post=2631"},{"taxonomy":"product_cat","embeddable":true,"href":"https:\/\/www.anaromanature.com\/index.php\/wp-json\/wp\/v2\/product_cat?post=2631"},{"taxonomy":"product_tag","embeddable":true,"href":"https:\/\/www.anaromanature.com\/index.php\/wp-json\/wp\/v2\/product_tag?post=2631"}],"curies":[{"name":"wp","href":"https:\/\/api.w.org\/{rel}","templated":true}]}}