{"id":2640,"date":"2021-03-19T18:25:01","date_gmt":"2021-03-19T17:25:01","guid":{"rendered":"https:\/\/www.anaromanature.com\/index.php\/producto\/serum-antimanchas-selection-30ml-heliotrop\/"},"modified":"2022-03-30T12:41:39","modified_gmt":"2022-03-30T11:41:39","slug":"serum-antimanchas-selection-30ml-heliotrop","status":"publish","type":"product","link":"https:\/\/www.anaromanature.com\/index.php\/producto\/serum-antimanchas-selection-30ml-heliotrop\/","title":{"rendered":"S\u00e9rum Antimanchas Selection 30ml HELIOTROP"},"content":{"rendered":"<p>S\u00e9rum Antimanchas Selection<\/p>\n<p>Previene la aparici\u00f3n de nuevas manchas y ayuda a reducir las ya existentes.<\/p>\n<p>Hidrata intensamente la piel.<\/p>\n<p>Resultado: cutis terso y homog\u00e9neo.<\/p>\n<p>Apto para veganos.<\/p>\n<p><strong>RECOMENDACIONES DE USO:<\/strong> Aplicar diariamente sobre la piel limpia de la cara. Despu\u00e9s, aplicar la crema de d\u00eda habitual.<\/p>\n<p><strong>PRINCIPIOS ACTIVOS:\u00a0<\/strong><\/p>\n<ul>\n<li><strong>Extracto de Margarita Bio:<\/strong> ayuda a reducir las manchas de la piel y las clarifica.<\/li>\n<li><strong>\u00c1cido Hialur\u00f3nico:<\/strong> hidrataci\u00f3n intensiva; disminuye las arrugas.<\/li>\n<li><strong>Aloe Vera Bio:<\/strong> calma sensibilidades, cuida e hidrata la piel.<\/li>\n<\/ul>\n<p><strong>Ingredientes:<\/strong> Aqua (Water), Aloe Barbadensis Leaf Juice*, Bellis Perennis Flower Extract*, Glycerin, Alcohol denat.*, Betaine, Olea Europaea (Olive) Fruit Oil*, Glyceryl Stearate Citrate, Simmondsia Chinensis (Jojoba) Seed Oil*, Prunus Amygdalus Dulcis (Sweet Almond) Oil*, Glycine Soja (Soybean) Oil*, Isoamyl Laurate, Sorbitol, Tocopheryl Acetate, Caprylic\/Capric Triglyceride, Acacia Senegal Gum, Beta Vulgaris (Beet) Root Extract, Sodium Stearoyl Glutamate, Hydrolyzed Corn Starch, Hydrolyzed Rhizobian Gum, Alaria Esculenta Extract, Sodium Levulinate, Ginkgo Biloba Leaf Extract*, Passiflora Incarnata Extract*, Sodium Anisate, Sodium Hyaluronate, Xanthan Gum, Tocopherol, Sodium, Lactate, Lactic Acid, Helianthus Annuus (Sunflower) Seed Oil*, Sodium Hydroxide, p- Anisic Acid, Sodium Chloride, PCA Ethyl Cocoyl Arginate, Disodium Phosphate, Potassium Chloride, Potassium Phosphate, Parfum (Essential Oils), Citronellol**, Limonene**, Linalool**, Geraniol**, Benzyl Benzoate**, Citral**<br \/>\n* A partir de agricultura ecologica ** Aceites esenciales naturales<\/p>\n<p>Capacidad: 30ml.<\/p>\n<p>S\u00e9rum Antimanchas Selection<\/p>\n<p>Cuida tu piel con\u00a0<a href=\"https:\/\/www.anaromanature.com\/\">Anaroma Nature<\/a><\/p>\n<p><a href=\"mailto:%20info@anaromanature.com\">Cons\u00faltanos\u00a0<\/a>lo que necesites saber o aclarar.<\/p>\n<p>Visita nuestro\u00a0<a href=\"https:\/\/www.instagram.com\/anaromanature\/\">Instagram<\/a>.<\/p>\n","protected":false},"excerpt":{"rendered":"<p><a href=\"https:\/\/www.anaromanature.com\/wp-content\/uploads\/2021\/03\/Logo-Heliotrop.jpg\"><img decoding=\"async\" class=\" wp-image-2644\" title=\"Logo Heliotrop\" src=\"https:\/\/www.anaromanature.com\/wp-content\/uploads\/2021\/03\/Logo-Heliotrop.jpg\" alt=\"Logo Heliotrop\" width=\"134\" height=\"134\" srcset=\"https:\/\/www.anaromanature.com\/wp-content\/uploads\/2021\/03\/Logo-Heliotrop.jpg 458w, https:\/\/www.anaromanature.com\/wp-content\/uploads\/2021\/03\/Logo-Heliotrop-300x300.jpg 300w, https:\/\/www.anaromanature.com\/wp-content\/uploads\/2021\/03\/Logo-Heliotrop-150x150.jpg 150w, https:\/\/www.anaromanature.com\/wp-content\/uploads\/2021\/03\/Logo-Heliotrop-420x420.jpg 420w, https:\/\/www.anaromanature.com\/wp-content\/uploads\/2021\/03\/Logo-Heliotrop-75x75.jpg 75w, https:\/\/www.anaromanature.com\/wp-content\/uploads\/2021\/03\/Logo-Heliotrop-100x100.jpg 100w\" sizes=\"(max-width: 134px) 100vw, 134px\" \/><\/a><\/p>\n<hr \/>\n<ul>\n<li>Previene la aparici\u00f3n de nuevas manchas y ayuda a reducir las ya existentes.<\/li>\n<li>Hidrata intensamente la piel.<\/li>\n<li>Resultado: cutis terso y homog\u00e9neo.<\/li>\n<li>Apto para veganos.<\/li>\n<\/ul>\n<p>Capacidad: 30 ml.<\/p>\n<hr \/>\n<p><a href=\"https:\/\/www.anaromanature.com\/wp-content\/uploads\/2021\/03\/sello-vegano.jpg\"><img decoding=\"async\" class=\" wp-image-2137\" title=\"sello vegano\" src=\"https:\/\/www.anaromanature.com\/wp-content\/uploads\/2021\/03\/sello-vegano.jpg\" alt=\"sello vegano\" width=\"80\" height=\"80\" srcset=\"https:\/\/www.anaromanature.com\/wp-content\/uploads\/2021\/03\/sello-vegano.jpg 150w, https:\/\/www.anaromanature.com\/wp-content\/uploads\/2021\/03\/sello-vegano-75x75.jpg 75w, https:\/\/www.anaromanature.com\/wp-content\/uploads\/2021\/03\/sello-vegano-100x100.jpg 100w\" sizes=\"(max-width: 80px) 100vw, 80px\" \/>\u00a0 \u00a0<\/a><a href=\"https:\/\/www.anaromanature.com\/wp-content\/uploads\/2021\/03\/libre-de-parabenos-sin-sls-sin-sles_1.png\">\u00a0<\/a><a href=\"https:\/\/www.anaromanature.com\/wp-content\/uploads\/2021\/03\/contiene-aloe-vera.png\"><img decoding=\"async\" class=\" wp-image-2107\" title=\"contiene aloe vera\" src=\"https:\/\/www.anaromanature.com\/wp-content\/uploads\/2021\/03\/contiene-aloe-vera.png\" alt=\"contiene aloe vera\" width=\"80\" height=\"81\" srcset=\"https:\/\/www.anaromanature.com\/wp-content\/uploads\/2021\/03\/contiene-aloe-vera.png 125w, https:\/\/www.anaromanature.com\/wp-content\/uploads\/2021\/03\/contiene-aloe-vera-75x75.png 75w, https:\/\/www.anaromanature.com\/wp-content\/uploads\/2021\/03\/contiene-aloe-vera-100x100.png 100w\" sizes=\"(max-width: 80px) 100vw, 80px\" \/><\/a><\/p>\n","protected":false},"featured_media":2645,"comment_status":"open","ping_status":"closed","template":"","meta":{"_joinchat":[]},"product_brand":[],"product_cat":[153,158],"product_tag":[475,477,476,434],"class_list":{"0":"post-2640","1":"product","2":"type-product","3":"status-publish","4":"has-post-thumbnail","6":"product_cat-cosmetica-facial","7":"product_cat-serum","8":"product_tag-antimanchas","9":"product_tag-heliotrop","10":"product_tag-selection","11":"product_tag-serum","12":"latest_post","14":"first","15":"outofstock","16":"taxable","17":"shipping-taxable","18":"purchasable","19":"product-type-simple"},"yoast_head":"<!-- This site is optimized with the Yoast SEO plugin v27.4 - https:\/\/yoast.com\/product\/yoast-seo-wordpress\/ -->\n<title>S\u00e9rum Antimanchas Selection 30ml HELIOTROP - Anaroma Nature<\/title>\n<meta name=\"description\" content=\"S\u00e9rum Antimanchas Selection. Previene la aparici\u00f3n de nuevas manchas y ayuda a reducir las ya existentes. Hidrata intensamente la piel.\" \/>\n<meta name=\"robots\" content=\"index, follow, max-snippet:-1, max-image-preview:large, max-video-preview:-1\" \/>\n<link rel=\"canonical\" href=\"https:\/\/www.anaromanature.com\/index.php\/producto\/serum-antimanchas-selection-30ml-heliotrop\/\" \/>\n<meta property=\"og:locale\" content=\"es_ES\" \/>\n<meta property=\"og:type\" content=\"article\" \/>\n<meta property=\"og:title\" content=\"S\u00e9rum Antimanchas Selection 30ml HELIOTROP - Anaroma Nature\" \/>\n<meta property=\"og:description\" content=\"S\u00e9rum Antimanchas Selection. Previene la aparici\u00f3n de nuevas manchas y ayuda a reducir las ya existentes. Hidrata intensamente la piel.\" \/>\n<meta property=\"og:url\" content=\"https:\/\/www.anaromanature.com\/index.php\/producto\/serum-antimanchas-selection-30ml-heliotrop\/\" \/>\n<meta property=\"og:site_name\" content=\"Anaroma Nature\" \/>\n<meta property=\"article:publisher\" content=\"http:\/\/facebook.com\/Anaroma-326324794814915\" \/>\n<meta property=\"article:modified_time\" content=\"2022-03-30T11:41:39+00:00\" \/>\n<meta property=\"og:image\" content=\"https:\/\/www.anaromanature.com\/wp-content\/uploads\/2021\/03\/Serum-Antimanchas-Heliotrop.jpg\" \/>\n\t<meta property=\"og:image:width\" content=\"800\" \/>\n\t<meta property=\"og:image:height\" content=\"800\" \/>\n\t<meta property=\"og:image:type\" content=\"image\/jpeg\" \/>\n<meta name=\"twitter:card\" content=\"summary_large_image\" \/>\n<meta name=\"twitter:label1\" content=\"Tiempo de lectura\" \/>\n\t<meta name=\"twitter:data1\" content=\"2 minutos\" \/>\n<script type=\"application\/ld+json\" class=\"yoast-schema-graph\">{\"@context\":\"https:\\\/\\\/schema.org\",\"@graph\":[{\"@type\":\"WebPage\",\"@id\":\"https:\\\/\\\/www.anaromanature.com\\\/index.php\\\/producto\\\/serum-antimanchas-selection-30ml-heliotrop\\\/\",\"url\":\"https:\\\/\\\/www.anaromanature.com\\\/index.php\\\/producto\\\/serum-antimanchas-selection-30ml-heliotrop\\\/\",\"name\":\"S\u00e9rum Antimanchas Selection 30ml HELIOTROP - Anaroma Nature\",\"isPartOf\":{\"@id\":\"https:\\\/\\\/www.anaromanature.com\\\/#website\"},\"primaryImageOfPage\":{\"@id\":\"https:\\\/\\\/www.anaromanature.com\\\/index.php\\\/producto\\\/serum-antimanchas-selection-30ml-heliotrop\\\/#primaryimage\"},\"image\":{\"@id\":\"https:\\\/\\\/www.anaromanature.com\\\/index.php\\\/producto\\\/serum-antimanchas-selection-30ml-heliotrop\\\/#primaryimage\"},\"thumbnailUrl\":\"https:\\\/\\\/www.anaromanature.com\\\/wp-content\\\/uploads\\\/2021\\\/03\\\/Serum-Antimanchas-Heliotrop.jpg\",\"datePublished\":\"2021-03-19T17:25:01+00:00\",\"dateModified\":\"2022-03-30T11:41:39+00:00\",\"description\":\"S\u00e9rum Antimanchas Selection. Previene la aparici\u00f3n de nuevas manchas y ayuda a reducir las ya existentes. Hidrata intensamente la piel.\",\"breadcrumb\":{\"@id\":\"https:\\\/\\\/www.anaromanature.com\\\/index.php\\\/producto\\\/serum-antimanchas-selection-30ml-heliotrop\\\/#breadcrumb\"},\"inLanguage\":\"es\",\"potentialAction\":[{\"@type\":\"ReadAction\",\"target\":[\"https:\\\/\\\/www.anaromanature.com\\\/index.php\\\/producto\\\/serum-antimanchas-selection-30ml-heliotrop\\\/\"]}]},{\"@type\":\"ImageObject\",\"inLanguage\":\"es\",\"@id\":\"https:\\\/\\\/www.anaromanature.com\\\/index.php\\\/producto\\\/serum-antimanchas-selection-30ml-heliotrop\\\/#primaryimage\",\"url\":\"https:\\\/\\\/www.anaromanature.com\\\/wp-content\\\/uploads\\\/2021\\\/03\\\/Serum-Antimanchas-Heliotrop.jpg\",\"contentUrl\":\"https:\\\/\\\/www.anaromanature.com\\\/wp-content\\\/uploads\\\/2021\\\/03\\\/Serum-Antimanchas-Heliotrop.jpg\",\"width\":600,\"height\":600,\"caption\":\"Serum Antimanchas Heliotrop\"},{\"@type\":\"BreadcrumbList\",\"@id\":\"https:\\\/\\\/www.anaromanature.com\\\/index.php\\\/producto\\\/serum-antimanchas-selection-30ml-heliotrop\\\/#breadcrumb\",\"itemListElement\":[{\"@type\":\"ListItem\",\"position\":1,\"name\":\"Portada\",\"item\":\"https:\\\/\\\/www.anaromanature.com\\\/\"},{\"@type\":\"ListItem\",\"position\":2,\"name\":\"Tienda\",\"item\":\"https:\\\/\\\/www.anaromanature.com\\\/index.php\\\/tienda-premium-online-anarome-nature\\\/\"},{\"@type\":\"ListItem\",\"position\":3,\"name\":\"S\u00e9rum Antimanchas Selection 30ml HELIOTROP\"}]},{\"@type\":\"WebSite\",\"@id\":\"https:\\\/\\\/www.anaromanature.com\\\/#website\",\"url\":\"https:\\\/\\\/www.anaromanature.com\\\/\",\"name\":\"Anaroma Nature\",\"description\":\"Aromas y color\",\"publisher\":{\"@id\":\"https:\\\/\\\/www.anaromanature.com\\\/#organization\"},\"potentialAction\":[{\"@type\":\"SearchAction\",\"target\":{\"@type\":\"EntryPoint\",\"urlTemplate\":\"https:\\\/\\\/www.anaromanature.com\\\/?s={search_term_string}\"},\"query-input\":{\"@type\":\"PropertyValueSpecification\",\"valueRequired\":true,\"valueName\":\"search_term_string\"}}],\"inLanguage\":\"es\"},{\"@type\":\"Organization\",\"@id\":\"https:\\\/\\\/www.anaromanature.com\\\/#organization\",\"name\":\"Anaroma Nature\",\"url\":\"https:\\\/\\\/www.anaromanature.com\\\/\",\"logo\":{\"@type\":\"ImageObject\",\"inLanguage\":\"es\",\"@id\":\"https:\\\/\\\/www.anaromanature.com\\\/#\\\/schema\\\/logo\\\/image\\\/\",\"url\":\"https:\\\/\\\/i2.wp.com\\\/www.anaromanature.com\\\/wp-content\\\/uploads\\\/2021\\\/02\\\/cropped-Logotipo-Anaroma-2.png?fit=290%2C288&ssl=1\",\"contentUrl\":\"https:\\\/\\\/i2.wp.com\\\/www.anaromanature.com\\\/wp-content\\\/uploads\\\/2021\\\/02\\\/cropped-Logotipo-Anaroma-2.png?fit=290%2C288&ssl=1\",\"width\":290,\"height\":288,\"caption\":\"Anaroma Nature\"},\"image\":{\"@id\":\"https:\\\/\\\/www.anaromanature.com\\\/#\\\/schema\\\/logo\\\/image\\\/\"},\"sameAs\":[\"http:\\\/\\\/facebook.com\\\/Anaroma-326324794814915\",\"http:\\\/\\\/instagram.com\\\/anaromanature\"]}]}<\/script>\n<!-- \/ Yoast SEO plugin. -->","yoast_head_json":{"title":"S\u00e9rum Antimanchas Selection 30ml HELIOTROP - Anaroma Nature","description":"S\u00e9rum Antimanchas Selection. Previene la aparici\u00f3n de nuevas manchas y ayuda a reducir las ya existentes. Hidrata intensamente la piel.","robots":{"index":"index","follow":"follow","max-snippet":"max-snippet:-1","max-image-preview":"max-image-preview:large","max-video-preview":"max-video-preview:-1"},"canonical":"https:\/\/www.anaromanature.com\/index.php\/producto\/serum-antimanchas-selection-30ml-heliotrop\/","og_locale":"es_ES","og_type":"article","og_title":"S\u00e9rum Antimanchas Selection 30ml HELIOTROP - Anaroma Nature","og_description":"S\u00e9rum Antimanchas Selection. Previene la aparici\u00f3n de nuevas manchas y ayuda a reducir las ya existentes. Hidrata intensamente la piel.","og_url":"https:\/\/www.anaromanature.com\/index.php\/producto\/serum-antimanchas-selection-30ml-heliotrop\/","og_site_name":"Anaroma Nature","article_publisher":"http:\/\/facebook.com\/Anaroma-326324794814915","article_modified_time":"2022-03-30T11:41:39+00:00","og_image":[{"width":800,"height":800,"url":"https:\/\/www.anaromanature.com\/wp-content\/uploads\/2021\/03\/Serum-Antimanchas-Heliotrop.jpg","type":"image\/jpeg"}],"twitter_card":"summary_large_image","twitter_misc":{"Tiempo de lectura":"2 minutos"},"schema":{"@context":"https:\/\/schema.org","@graph":[{"@type":"WebPage","@id":"https:\/\/www.anaromanature.com\/index.php\/producto\/serum-antimanchas-selection-30ml-heliotrop\/","url":"https:\/\/www.anaromanature.com\/index.php\/producto\/serum-antimanchas-selection-30ml-heliotrop\/","name":"S\u00e9rum Antimanchas Selection 30ml HELIOTROP - Anaroma Nature","isPartOf":{"@id":"https:\/\/www.anaromanature.com\/#website"},"primaryImageOfPage":{"@id":"https:\/\/www.anaromanature.com\/index.php\/producto\/serum-antimanchas-selection-30ml-heliotrop\/#primaryimage"},"image":{"@id":"https:\/\/www.anaromanature.com\/index.php\/producto\/serum-antimanchas-selection-30ml-heliotrop\/#primaryimage"},"thumbnailUrl":"https:\/\/www.anaromanature.com\/wp-content\/uploads\/2021\/03\/Serum-Antimanchas-Heliotrop.jpg","datePublished":"2021-03-19T17:25:01+00:00","dateModified":"2022-03-30T11:41:39+00:00","description":"S\u00e9rum Antimanchas Selection. Previene la aparici\u00f3n de nuevas manchas y ayuda a reducir las ya existentes. Hidrata intensamente la piel.","breadcrumb":{"@id":"https:\/\/www.anaromanature.com\/index.php\/producto\/serum-antimanchas-selection-30ml-heliotrop\/#breadcrumb"},"inLanguage":"es","potentialAction":[{"@type":"ReadAction","target":["https:\/\/www.anaromanature.com\/index.php\/producto\/serum-antimanchas-selection-30ml-heliotrop\/"]}]},{"@type":"ImageObject","inLanguage":"es","@id":"https:\/\/www.anaromanature.com\/index.php\/producto\/serum-antimanchas-selection-30ml-heliotrop\/#primaryimage","url":"https:\/\/www.anaromanature.com\/wp-content\/uploads\/2021\/03\/Serum-Antimanchas-Heliotrop.jpg","contentUrl":"https:\/\/www.anaromanature.com\/wp-content\/uploads\/2021\/03\/Serum-Antimanchas-Heliotrop.jpg","width":600,"height":600,"caption":"Serum Antimanchas Heliotrop"},{"@type":"BreadcrumbList","@id":"https:\/\/www.anaromanature.com\/index.php\/producto\/serum-antimanchas-selection-30ml-heliotrop\/#breadcrumb","itemListElement":[{"@type":"ListItem","position":1,"name":"Portada","item":"https:\/\/www.anaromanature.com\/"},{"@type":"ListItem","position":2,"name":"Tienda","item":"https:\/\/www.anaromanature.com\/index.php\/tienda-premium-online-anarome-nature\/"},{"@type":"ListItem","position":3,"name":"S\u00e9rum Antimanchas Selection 30ml HELIOTROP"}]},{"@type":"WebSite","@id":"https:\/\/www.anaromanature.com\/#website","url":"https:\/\/www.anaromanature.com\/","name":"Anaroma Nature","description":"Aromas y color","publisher":{"@id":"https:\/\/www.anaromanature.com\/#organization"},"potentialAction":[{"@type":"SearchAction","target":{"@type":"EntryPoint","urlTemplate":"https:\/\/www.anaromanature.com\/?s={search_term_string}"},"query-input":{"@type":"PropertyValueSpecification","valueRequired":true,"valueName":"search_term_string"}}],"inLanguage":"es"},{"@type":"Organization","@id":"https:\/\/www.anaromanature.com\/#organization","name":"Anaroma Nature","url":"https:\/\/www.anaromanature.com\/","logo":{"@type":"ImageObject","inLanguage":"es","@id":"https:\/\/www.anaromanature.com\/#\/schema\/logo\/image\/","url":"https:\/\/i2.wp.com\/www.anaromanature.com\/wp-content\/uploads\/2021\/02\/cropped-Logotipo-Anaroma-2.png?fit=290%2C288&ssl=1","contentUrl":"https:\/\/i2.wp.com\/www.anaromanature.com\/wp-content\/uploads\/2021\/02\/cropped-Logotipo-Anaroma-2.png?fit=290%2C288&ssl=1","width":290,"height":288,"caption":"Anaroma Nature"},"image":{"@id":"https:\/\/www.anaromanature.com\/#\/schema\/logo\/image\/"},"sameAs":["http:\/\/facebook.com\/Anaroma-326324794814915","http:\/\/instagram.com\/anaromanature"]}]}},"_links":{"self":[{"href":"https:\/\/www.anaromanature.com\/index.php\/wp-json\/wp\/v2\/product\/2640","targetHints":{"allow":["GET"]}}],"collection":[{"href":"https:\/\/www.anaromanature.com\/index.php\/wp-json\/wp\/v2\/product"}],"about":[{"href":"https:\/\/www.anaromanature.com\/index.php\/wp-json\/wp\/v2\/types\/product"}],"replies":[{"embeddable":true,"href":"https:\/\/www.anaromanature.com\/index.php\/wp-json\/wp\/v2\/comments?post=2640"}],"wp:featuredmedia":[{"embeddable":true,"href":"https:\/\/www.anaromanature.com\/index.php\/wp-json\/wp\/v2\/media\/2645"}],"wp:attachment":[{"href":"https:\/\/www.anaromanature.com\/index.php\/wp-json\/wp\/v2\/media?parent=2640"}],"wp:term":[{"taxonomy":"product_brand","embeddable":true,"href":"https:\/\/www.anaromanature.com\/index.php\/wp-json\/wp\/v2\/product_brand?post=2640"},{"taxonomy":"product_cat","embeddable":true,"href":"https:\/\/www.anaromanature.com\/index.php\/wp-json\/wp\/v2\/product_cat?post=2640"},{"taxonomy":"product_tag","embeddable":true,"href":"https:\/\/www.anaromanature.com\/index.php\/wp-json\/wp\/v2\/product_tag?post=2640"}],"curies":[{"name":"wp","href":"https:\/\/api.w.org\/{rel}","templated":true}]}}