{"id":2942,"date":"2021-03-26T18:56:10","date_gmt":"2021-03-26T17:56:10","guid":{"rendered":"https:\/\/www.anaromanature.com\/?post_type=product&#038;p=2942"},"modified":"2021-03-26T19:06:30","modified_gmt":"2021-03-26T18:06:30","slug":"base-glicerina-cristal","status":"publish","type":"product","link":"https:\/\/www.anaromanature.com\/index.php\/producto\/base-glicerina-cristal\/","title":{"rendered":"Base Glicerina Cristal"},"content":{"rendered":"<p>Base<strong> de glicerina cristal <\/strong>de alta calidad Melt &amp; Pour para derretir y verter.<\/p>\n<p>Preparada para a\u00f1adirle fragancias (esencias), principios activos y colorantes y tener un jab\u00f3n de calidad.\u00a0<strong>Sin SLS<\/strong><\/p>\n<p>El jab\u00f3n que obtendr\u00e1s utilizando esta glicerina, ser\u00e1 una pastilla opaca.<\/p>\n<p>No olvides a\u00f1adir a tu base los colorantes y esencias arom\u00e1ticas que desees utilizar.<\/p>\n<hr \/>\n<p><strong>Modo de uso:<\/strong><\/p>\n<ol>\n<li>Trocear el jab\u00f3n base en peque\u00f1as partes, dependiendo de la cantidad de jab\u00f3n que necesitemos.<\/li>\n<li>Colocar trozos de jab\u00f3n en un recipiente que soporte el calor para poder calentarlos y derretirlos. Se puede usar el microondas (tapado con un film de pl\u00e1stico) y\/o al Ba\u00f1o Mar\u00eda. No debe llegar nunca a hervir ya que podemos da\u00f1ar la base de la glicerina (lo ideal es derretir entre 50 y 60\u00ba).<\/li>\n<li>Una vez l\u00edquido es cuando se pueden a\u00f1adir fragancias, aceites, colorantes, semillas, etc<\/li>\n<\/ol>\n<p>Para evitar las burbujas en superficie se puede pulverizar alcohol et\u00edlico (96\u00ba) y esperar a que se enfr\u00ede la glicerina.<\/p>\n<p><strong>Ingredientes:<\/strong>\u00a0Aqua (Water), Glycerin, Propylen Glycol, Sodium Laureth Sulfate, Sodium Stearate, Sorbitol, Sodium Laurate, Sodium Chloride, Etidronic Acid,Titanium Dioxide.<\/p>\n<p>Cuida tu piel con\u00a0<a href=\"https:\/\/www.anaromanature.com\/\">Anaroma Nature<\/a><\/p>\n<p><a href=\"mailto:%20info@anaromanature.com\">Cons\u00faltanos\u00a0<\/a>lo que necesites saber o aclarar.<\/p>\n<p>Visita nuestro\u00a0<a href=\"https:\/\/www.instagram.com\/anaromanature\/\">Instagram<\/a>.<\/p>\n","protected":false},"excerpt":{"rendered":"<p>&nbsp;<\/p>\n<ul>\n<li>Glicerina cristal para hacer jabones caseros.<\/li>\n<li>Sin SLS.<\/li>\n<li>Jab\u00f3n resultante apariencia transparente.<\/li>\n<li>Formato 1.000 gr.<\/li>\n<\/ul>\n<p>&nbsp;<\/p>\n","protected":false},"featured_media":2944,"comment_status":"open","ping_status":"closed","template":"","meta":{"_joinchat":[]},"product_brand":[],"product_cat":[214,213],"product_tag":[509,358,331],"class_list":{"0":"post-2942","1":"product","2":"type-product","3":"status-publish","4":"has-post-thumbnail","6":"product_cat-bases-de-glicerina","7":"product_cat-crea-tu-propio-jabon","8":"product_tag-cristal","9":"product_tag-glicerina","10":"product_tag-jabon","11":"latest_post","13":"first","14":"instock","15":"taxable","16":"shipping-taxable","17":"purchasable","18":"product-type-simple"},"yoast_head":"<!-- This site is optimized with the Yoast SEO plugin v27.1.1 - https:\/\/yoast.com\/product\/yoast-seo-wordpress\/ -->\n<title>Base Glicerina Cristal - Anaroma Nature - Tienda Online<\/title>\n<meta name=\"description\" content=\"Base\u00a0de glicerina cristal de alta calidad Melt &amp; Pour para derretir y verter. Preparada para a\u00f1adirle fragancias (esencias), principios\" \/>\n<meta name=\"robots\" content=\"index, follow, max-snippet:-1, max-image-preview:large, max-video-preview:-1\" \/>\n<link rel=\"canonical\" href=\"https:\/\/www.anaromanature.com\/index.php\/producto\/base-glicerina-cristal\/\" \/>\n<meta property=\"og:locale\" content=\"es_ES\" \/>\n<meta property=\"og:type\" content=\"article\" \/>\n<meta property=\"og:title\" content=\"Base Glicerina Cristal - Anaroma Nature - Tienda Online\" \/>\n<meta property=\"og:description\" content=\"Base\u00a0de glicerina cristal de alta calidad Melt &amp; Pour para derretir y verter. Preparada para a\u00f1adirle fragancias (esencias), principios\" \/>\n<meta property=\"og:url\" content=\"https:\/\/www.anaromanature.com\/index.php\/producto\/base-glicerina-cristal\/\" \/>\n<meta property=\"og:site_name\" content=\"Anaroma Nature\" \/>\n<meta property=\"article:publisher\" content=\"http:\/\/facebook.com\/Anaroma-326324794814915\" \/>\n<meta property=\"article:modified_time\" content=\"2021-03-26T18:06:30+00:00\" \/>\n<meta property=\"og:image\" content=\"https:\/\/i1.wp.com\/www.anaromanature.com\/wp-content\/uploads\/2021\/03\/Glicerina-Transp-1000gr.jpg?fit=750%2C750&ssl=1\" \/>\n\t<meta property=\"og:image:width\" content=\"750\" \/>\n\t<meta property=\"og:image:height\" content=\"750\" \/>\n\t<meta property=\"og:image:type\" content=\"image\/jpeg\" \/>\n<meta name=\"twitter:card\" content=\"summary_large_image\" \/>\n<meta name=\"twitter:label1\" content=\"Tiempo de lectura\" \/>\n\t<meta name=\"twitter:data1\" content=\"1 minuto\" \/>\n<script type=\"application\/ld+json\" class=\"yoast-schema-graph\">{\"@context\":\"https:\/\/schema.org\",\"@graph\":[{\"@type\":\"WebPage\",\"@id\":\"https:\/\/www.anaromanature.com\/index.php\/producto\/base-glicerina-cristal\/\",\"url\":\"https:\/\/www.anaromanature.com\/index.php\/producto\/base-glicerina-cristal\/\",\"name\":\"Base Glicerina Cristal - Anaroma Nature - Tienda Online\",\"isPartOf\":{\"@id\":\"https:\/\/www.anaromanature.com\/#website\"},\"primaryImageOfPage\":{\"@id\":\"https:\/\/www.anaromanature.com\/index.php\/producto\/base-glicerina-cristal\/#primaryimage\"},\"image\":{\"@id\":\"https:\/\/www.anaromanature.com\/index.php\/producto\/base-glicerina-cristal\/#primaryimage\"},\"thumbnailUrl\":\"https:\/\/www.anaromanature.com\/wp-content\/uploads\/2021\/03\/Glicerina-Transp-1000gr.jpg\",\"datePublished\":\"2021-03-26T17:56:10+00:00\",\"dateModified\":\"2021-03-26T18:06:30+00:00\",\"description\":\"Base\u00a0de glicerina cristal de alta calidad Melt & Pour para derretir y verter. Preparada para a\u00f1adirle fragancias (esencias), principios\",\"breadcrumb\":{\"@id\":\"https:\/\/www.anaromanature.com\/index.php\/producto\/base-glicerina-cristal\/#breadcrumb\"},\"inLanguage\":\"es\",\"potentialAction\":[{\"@type\":\"ReadAction\",\"target\":[\"https:\/\/www.anaromanature.com\/index.php\/producto\/base-glicerina-cristal\/\"]}]},{\"@type\":\"ImageObject\",\"inLanguage\":\"es\",\"@id\":\"https:\/\/www.anaromanature.com\/index.php\/producto\/base-glicerina-cristal\/#primaryimage\",\"url\":\"https:\/\/www.anaromanature.com\/wp-content\/uploads\/2021\/03\/Glicerina-Transp-1000gr.jpg\",\"contentUrl\":\"https:\/\/www.anaromanature.com\/wp-content\/uploads\/2021\/03\/Glicerina-Transp-1000gr.jpg\",\"width\":600,\"height\":600,\"caption\":\"Glicerina Transp 1000gr\"},{\"@type\":\"BreadcrumbList\",\"@id\":\"https:\/\/www.anaromanature.com\/index.php\/producto\/base-glicerina-cristal\/#breadcrumb\",\"itemListElement\":[{\"@type\":\"ListItem\",\"position\":1,\"name\":\"Portada\",\"item\":\"https:\/\/www.anaromanature.com\/\"},{\"@type\":\"ListItem\",\"position\":2,\"name\":\"Tienda\",\"item\":\"https:\/\/www.anaromanature.com\/index.php\/tienda-premium-online-anarome-nature\/\"},{\"@type\":\"ListItem\",\"position\":3,\"name\":\"Base Glicerina Cristal\"}]},{\"@type\":\"WebSite\",\"@id\":\"https:\/\/www.anaromanature.com\/#website\",\"url\":\"https:\/\/www.anaromanature.com\/\",\"name\":\"Anaroma Nature\",\"description\":\"Aromas y color\",\"publisher\":{\"@id\":\"https:\/\/www.anaromanature.com\/#organization\"},\"potentialAction\":[{\"@type\":\"SearchAction\",\"target\":{\"@type\":\"EntryPoint\",\"urlTemplate\":\"https:\/\/www.anaromanature.com\/?s={search_term_string}\"},\"query-input\":{\"@type\":\"PropertyValueSpecification\",\"valueRequired\":true,\"valueName\":\"search_term_string\"}}],\"inLanguage\":\"es\"},{\"@type\":\"Organization\",\"@id\":\"https:\/\/www.anaromanature.com\/#organization\",\"name\":\"Anaroma Nature\",\"url\":\"https:\/\/www.anaromanature.com\/\",\"logo\":{\"@type\":\"ImageObject\",\"inLanguage\":\"es\",\"@id\":\"https:\/\/www.anaromanature.com\/#\/schema\/logo\/image\/\",\"url\":\"https:\/\/i2.wp.com\/www.anaromanature.com\/wp-content\/uploads\/2021\/02\/cropped-Logotipo-Anaroma-2.png?fit=290%2C288&ssl=1\",\"contentUrl\":\"https:\/\/i2.wp.com\/www.anaromanature.com\/wp-content\/uploads\/2021\/02\/cropped-Logotipo-Anaroma-2.png?fit=290%2C288&ssl=1\",\"width\":290,\"height\":288,\"caption\":\"Anaroma Nature\"},\"image\":{\"@id\":\"https:\/\/www.anaromanature.com\/#\/schema\/logo\/image\/\"},\"sameAs\":[\"http:\/\/facebook.com\/Anaroma-326324794814915\",\"http:\/\/instagram.com\/anaromanature\"]}]}<\/script>\n<!-- \/ Yoast SEO plugin. -->","yoast_head_json":{"title":"Base Glicerina Cristal - Anaroma Nature - Tienda Online","description":"Base\u00a0de glicerina cristal de alta calidad Melt & Pour para derretir y verter. Preparada para a\u00f1adirle fragancias (esencias), principios","robots":{"index":"index","follow":"follow","max-snippet":"max-snippet:-1","max-image-preview":"max-image-preview:large","max-video-preview":"max-video-preview:-1"},"canonical":"https:\/\/www.anaromanature.com\/index.php\/producto\/base-glicerina-cristal\/","og_locale":"es_ES","og_type":"article","og_title":"Base Glicerina Cristal - Anaroma Nature - Tienda Online","og_description":"Base\u00a0de glicerina cristal de alta calidad Melt & Pour para derretir y verter. Preparada para a\u00f1adirle fragancias (esencias), principios","og_url":"https:\/\/www.anaromanature.com\/index.php\/producto\/base-glicerina-cristal\/","og_site_name":"Anaroma Nature","article_publisher":"http:\/\/facebook.com\/Anaroma-326324794814915","article_modified_time":"2021-03-26T18:06:30+00:00","og_image":[{"width":750,"height":750,"url":"https:\/\/i1.wp.com\/www.anaromanature.com\/wp-content\/uploads\/2021\/03\/Glicerina-Transp-1000gr.jpg?fit=750%2C750&ssl=1","type":"image\/jpeg"}],"twitter_card":"summary_large_image","twitter_misc":{"Tiempo de lectura":"1 minuto"},"schema":{"@context":"https:\/\/schema.org","@graph":[{"@type":"WebPage","@id":"https:\/\/www.anaromanature.com\/index.php\/producto\/base-glicerina-cristal\/","url":"https:\/\/www.anaromanature.com\/index.php\/producto\/base-glicerina-cristal\/","name":"Base Glicerina Cristal - Anaroma Nature - Tienda Online","isPartOf":{"@id":"https:\/\/www.anaromanature.com\/#website"},"primaryImageOfPage":{"@id":"https:\/\/www.anaromanature.com\/index.php\/producto\/base-glicerina-cristal\/#primaryimage"},"image":{"@id":"https:\/\/www.anaromanature.com\/index.php\/producto\/base-glicerina-cristal\/#primaryimage"},"thumbnailUrl":"https:\/\/www.anaromanature.com\/wp-content\/uploads\/2021\/03\/Glicerina-Transp-1000gr.jpg","datePublished":"2021-03-26T17:56:10+00:00","dateModified":"2021-03-26T18:06:30+00:00","description":"Base\u00a0de glicerina cristal de alta calidad Melt & Pour para derretir y verter. Preparada para a\u00f1adirle fragancias (esencias), principios","breadcrumb":{"@id":"https:\/\/www.anaromanature.com\/index.php\/producto\/base-glicerina-cristal\/#breadcrumb"},"inLanguage":"es","potentialAction":[{"@type":"ReadAction","target":["https:\/\/www.anaromanature.com\/index.php\/producto\/base-glicerina-cristal\/"]}]},{"@type":"ImageObject","inLanguage":"es","@id":"https:\/\/www.anaromanature.com\/index.php\/producto\/base-glicerina-cristal\/#primaryimage","url":"https:\/\/www.anaromanature.com\/wp-content\/uploads\/2021\/03\/Glicerina-Transp-1000gr.jpg","contentUrl":"https:\/\/www.anaromanature.com\/wp-content\/uploads\/2021\/03\/Glicerina-Transp-1000gr.jpg","width":600,"height":600,"caption":"Glicerina Transp 1000gr"},{"@type":"BreadcrumbList","@id":"https:\/\/www.anaromanature.com\/index.php\/producto\/base-glicerina-cristal\/#breadcrumb","itemListElement":[{"@type":"ListItem","position":1,"name":"Portada","item":"https:\/\/www.anaromanature.com\/"},{"@type":"ListItem","position":2,"name":"Tienda","item":"https:\/\/www.anaromanature.com\/index.php\/tienda-premium-online-anarome-nature\/"},{"@type":"ListItem","position":3,"name":"Base Glicerina Cristal"}]},{"@type":"WebSite","@id":"https:\/\/www.anaromanature.com\/#website","url":"https:\/\/www.anaromanature.com\/","name":"Anaroma Nature","description":"Aromas y color","publisher":{"@id":"https:\/\/www.anaromanature.com\/#organization"},"potentialAction":[{"@type":"SearchAction","target":{"@type":"EntryPoint","urlTemplate":"https:\/\/www.anaromanature.com\/?s={search_term_string}"},"query-input":{"@type":"PropertyValueSpecification","valueRequired":true,"valueName":"search_term_string"}}],"inLanguage":"es"},{"@type":"Organization","@id":"https:\/\/www.anaromanature.com\/#organization","name":"Anaroma Nature","url":"https:\/\/www.anaromanature.com\/","logo":{"@type":"ImageObject","inLanguage":"es","@id":"https:\/\/www.anaromanature.com\/#\/schema\/logo\/image\/","url":"https:\/\/i2.wp.com\/www.anaromanature.com\/wp-content\/uploads\/2021\/02\/cropped-Logotipo-Anaroma-2.png?fit=290%2C288&ssl=1","contentUrl":"https:\/\/i2.wp.com\/www.anaromanature.com\/wp-content\/uploads\/2021\/02\/cropped-Logotipo-Anaroma-2.png?fit=290%2C288&ssl=1","width":290,"height":288,"caption":"Anaroma Nature"},"image":{"@id":"https:\/\/www.anaromanature.com\/#\/schema\/logo\/image\/"},"sameAs":["http:\/\/facebook.com\/Anaroma-326324794814915","http:\/\/instagram.com\/anaromanature"]}]}},"_links":{"self":[{"href":"https:\/\/www.anaromanature.com\/index.php\/wp-json\/wp\/v2\/product\/2942","targetHints":{"allow":["GET"]}}],"collection":[{"href":"https:\/\/www.anaromanature.com\/index.php\/wp-json\/wp\/v2\/product"}],"about":[{"href":"https:\/\/www.anaromanature.com\/index.php\/wp-json\/wp\/v2\/types\/product"}],"replies":[{"embeddable":true,"href":"https:\/\/www.anaromanature.com\/index.php\/wp-json\/wp\/v2\/comments?post=2942"}],"wp:featuredmedia":[{"embeddable":true,"href":"https:\/\/www.anaromanature.com\/index.php\/wp-json\/wp\/v2\/media\/2944"}],"wp:attachment":[{"href":"https:\/\/www.anaromanature.com\/index.php\/wp-json\/wp\/v2\/media?parent=2942"}],"wp:term":[{"taxonomy":"product_brand","embeddable":true,"href":"https:\/\/www.anaromanature.com\/index.php\/wp-json\/wp\/v2\/product_brand?post=2942"},{"taxonomy":"product_cat","embeddable":true,"href":"https:\/\/www.anaromanature.com\/index.php\/wp-json\/wp\/v2\/product_cat?post=2942"},{"taxonomy":"product_tag","embeddable":true,"href":"https:\/\/www.anaromanature.com\/index.php\/wp-json\/wp\/v2\/product_tag?post=2942"}],"curies":[{"name":"wp","href":"https:\/\/api.w.org\/{rel}","templated":true}]}}