{"id":2982,"date":"2021-03-26T20:58:53","date_gmt":"2021-03-26T19:58:53","guid":{"rendered":"https:\/\/www.anaromanature.com\/?post_type=product&#038;p=2982"},"modified":"2021-03-26T21:00:40","modified_gmt":"2021-03-26T20:00:40","slug":"esencia-aromatica-coco-60ml","status":"publish","type":"product","link":"https:\/\/www.anaromanature.com\/index.php\/producto\/esencia-aromatica-coco-60ml\/","title":{"rendered":"Esencia Arom\u00e1tica Coco 60ml"},"content":{"rendered":"<p>Esencia Arom\u00e1tica Coco 60ml<\/p>\n<p>Esencia concentrada de Coco para hacer jabones y cosm\u00e9tica.<\/p>\n<p>Composiciones arom\u00e1ticas seleccionadas entre las de mayor calidad del mercado.<\/p>\n<p>Esencias Arom\u00e1ticas no diluidas.<\/p>\n<p>Esencia de la m\u00e1s alta calidad.<\/p>\n<p>Mantener el frasco a temperatura ambiente.<\/p>\n<p>Evitar la exposici\u00f3n a la luz.<\/p>\n<p>No utilizar para preparados de cosm\u00e9tica labial.<\/p>\n<p>Mantener fuera del alcance de los ni\u00f1os.<\/p>\n<p>M\u00e1ximo resultado en el producto con dosis m\u00ednimas de aplicaci\u00f3n.<\/p>\n<p>Capacidad: 60ml.<\/p>\n<p>Esencia Arom\u00e1tica Coco 60ml<\/p>\n<p>Perfuma tu hogar con\u00a0<a href=\"https:\/\/www.anaromanature.com\/\">Anaroma Nature<\/a><\/p>\n<p><a href=\"mailto:%20info@anaromanature.com\">Cons\u00faltanos\u00a0<\/a>lo que necesites saber o aclarar.<\/p>\n<p>Visita nuestro\u00a0<a href=\"https:\/\/www.instagram.com\/anaromanature\/\">Instagram<\/a>.<\/p>\n","protected":false},"excerpt":{"rendered":"<p>&nbsp;<\/p>\n<ul>\n<li>Esencia de la m\u00e1s alta calidad.<\/li>\n<li>Aroma: Coco.<\/li>\n<li>M\u00e1ximo resultado en el producto con dosis m\u00ednimas de aplicaci\u00f3n.<\/li>\n<li>Capacidad: 60ml.<\/li>\n<\/ul>\n<p>&nbsp;<\/p>\n","protected":false},"featured_media":2981,"comment_status":"open","ping_status":"closed","template":"","meta":{"_joinchat":[]},"product_brand":[],"product_cat":[213,216],"product_tag":[307,519],"class_list":{"0":"post-2982","1":"product","2":"type-product","3":"status-publish","4":"has-post-thumbnail","6":"product_cat-crea-tu-propio-jabon","7":"product_cat-esencias-aromaticas","8":"product_tag-coco","9":"product_tag-esencia-aromatica","10":"latest_post","12":"first","13":"instock","14":"taxable","15":"shipping-taxable","16":"purchasable","17":"product-type-simple"},"yoast_head":"<!-- This site is optimized with the Yoast SEO plugin v27.1.1 - https:\/\/yoast.com\/product\/yoast-seo-wordpress\/ -->\n<title>Esencia Arom\u00e1tica Coco 60ml - Anaroma Nature - Tienda Online<\/title>\n<meta name=\"description\" content=\"Esencia Arom\u00e1tica Coco 60ml. Esencia concentrada de Coco para hacer jabones y cosm\u00e9tica. Composiciones arom\u00e1ticas seleccionadas entre las\" \/>\n<meta name=\"robots\" content=\"index, follow, max-snippet:-1, max-image-preview:large, max-video-preview:-1\" \/>\n<link rel=\"canonical\" href=\"https:\/\/www.anaromanature.com\/index.php\/producto\/esencia-aromatica-coco-60ml\/\" \/>\n<meta property=\"og:locale\" content=\"es_ES\" \/>\n<meta property=\"og:type\" content=\"article\" \/>\n<meta property=\"og:title\" content=\"Esencia Arom\u00e1tica Coco 60ml - Anaroma Nature - Tienda Online\" \/>\n<meta property=\"og:description\" content=\"Esencia Arom\u00e1tica Coco 60ml. Esencia concentrada de Coco para hacer jabones y cosm\u00e9tica. Composiciones arom\u00e1ticas seleccionadas entre las\" \/>\n<meta property=\"og:url\" content=\"https:\/\/www.anaromanature.com\/index.php\/producto\/esencia-aromatica-coco-60ml\/\" \/>\n<meta property=\"og:site_name\" content=\"Anaroma Nature\" \/>\n<meta property=\"article:publisher\" content=\"http:\/\/facebook.com\/Anaroma-326324794814915\" \/>\n<meta property=\"article:modified_time\" content=\"2021-03-26T20:00:40+00:00\" \/>\n<meta property=\"og:image\" content=\"https:\/\/i1.wp.com\/www.anaromanature.com\/wp-content\/uploads\/2021\/03\/Esencia-Aromatica-Coco.jpg?fit=750%2C750&ssl=1\" \/>\n\t<meta property=\"og:image:width\" content=\"750\" \/>\n\t<meta property=\"og:image:height\" content=\"750\" \/>\n\t<meta property=\"og:image:type\" content=\"image\/jpeg\" \/>\n<meta name=\"twitter:card\" content=\"summary_large_image\" \/>\n<meta name=\"twitter:label1\" content=\"Tiempo de lectura\" \/>\n\t<meta name=\"twitter:data1\" content=\"1 minuto\" \/>\n<script type=\"application\/ld+json\" class=\"yoast-schema-graph\">{\"@context\":\"https:\/\/schema.org\",\"@graph\":[{\"@type\":\"WebPage\",\"@id\":\"https:\/\/www.anaromanature.com\/index.php\/producto\/esencia-aromatica-coco-60ml\/\",\"url\":\"https:\/\/www.anaromanature.com\/index.php\/producto\/esencia-aromatica-coco-60ml\/\",\"name\":\"Esencia Arom\u00e1tica Coco 60ml - Anaroma Nature - Tienda Online\",\"isPartOf\":{\"@id\":\"https:\/\/www.anaromanature.com\/#website\"},\"primaryImageOfPage\":{\"@id\":\"https:\/\/www.anaromanature.com\/index.php\/producto\/esencia-aromatica-coco-60ml\/#primaryimage\"},\"image\":{\"@id\":\"https:\/\/www.anaromanature.com\/index.php\/producto\/esencia-aromatica-coco-60ml\/#primaryimage\"},\"thumbnailUrl\":\"https:\/\/www.anaromanature.com\/wp-content\/uploads\/2021\/03\/Esencia-Aromatica-Coco.jpg\",\"datePublished\":\"2021-03-26T19:58:53+00:00\",\"dateModified\":\"2021-03-26T20:00:40+00:00\",\"description\":\"Esencia Arom\u00e1tica Coco 60ml. Esencia concentrada de Coco para hacer jabones y cosm\u00e9tica. Composiciones arom\u00e1ticas seleccionadas entre las\",\"breadcrumb\":{\"@id\":\"https:\/\/www.anaromanature.com\/index.php\/producto\/esencia-aromatica-coco-60ml\/#breadcrumb\"},\"inLanguage\":\"es\",\"potentialAction\":[{\"@type\":\"ReadAction\",\"target\":[\"https:\/\/www.anaromanature.com\/index.php\/producto\/esencia-aromatica-coco-60ml\/\"]}]},{\"@type\":\"ImageObject\",\"inLanguage\":\"es\",\"@id\":\"https:\/\/www.anaromanature.com\/index.php\/producto\/esencia-aromatica-coco-60ml\/#primaryimage\",\"url\":\"https:\/\/www.anaromanature.com\/wp-content\/uploads\/2021\/03\/Esencia-Aromatica-Coco.jpg\",\"contentUrl\":\"https:\/\/www.anaromanature.com\/wp-content\/uploads\/2021\/03\/Esencia-Aromatica-Coco.jpg\",\"width\":600,\"height\":600,\"caption\":\"Esencia Aromatica Coco\"},{\"@type\":\"BreadcrumbList\",\"@id\":\"https:\/\/www.anaromanature.com\/index.php\/producto\/esencia-aromatica-coco-60ml\/#breadcrumb\",\"itemListElement\":[{\"@type\":\"ListItem\",\"position\":1,\"name\":\"Portada\",\"item\":\"https:\/\/www.anaromanature.com\/\"},{\"@type\":\"ListItem\",\"position\":2,\"name\":\"Tienda\",\"item\":\"https:\/\/www.anaromanature.com\/index.php\/tienda-premium-online-anarome-nature\/\"},{\"@type\":\"ListItem\",\"position\":3,\"name\":\"Esencia Arom\u00e1tica Coco 60ml\"}]},{\"@type\":\"WebSite\",\"@id\":\"https:\/\/www.anaromanature.com\/#website\",\"url\":\"https:\/\/www.anaromanature.com\/\",\"name\":\"Anaroma Nature\",\"description\":\"Aromas y color\",\"publisher\":{\"@id\":\"https:\/\/www.anaromanature.com\/#organization\"},\"potentialAction\":[{\"@type\":\"SearchAction\",\"target\":{\"@type\":\"EntryPoint\",\"urlTemplate\":\"https:\/\/www.anaromanature.com\/?s={search_term_string}\"},\"query-input\":{\"@type\":\"PropertyValueSpecification\",\"valueRequired\":true,\"valueName\":\"search_term_string\"}}],\"inLanguage\":\"es\"},{\"@type\":\"Organization\",\"@id\":\"https:\/\/www.anaromanature.com\/#organization\",\"name\":\"Anaroma Nature\",\"url\":\"https:\/\/www.anaromanature.com\/\",\"logo\":{\"@type\":\"ImageObject\",\"inLanguage\":\"es\",\"@id\":\"https:\/\/www.anaromanature.com\/#\/schema\/logo\/image\/\",\"url\":\"https:\/\/i2.wp.com\/www.anaromanature.com\/wp-content\/uploads\/2021\/02\/cropped-Logotipo-Anaroma-2.png?fit=290%2C288&ssl=1\",\"contentUrl\":\"https:\/\/i2.wp.com\/www.anaromanature.com\/wp-content\/uploads\/2021\/02\/cropped-Logotipo-Anaroma-2.png?fit=290%2C288&ssl=1\",\"width\":290,\"height\":288,\"caption\":\"Anaroma Nature\"},\"image\":{\"@id\":\"https:\/\/www.anaromanature.com\/#\/schema\/logo\/image\/\"},\"sameAs\":[\"http:\/\/facebook.com\/Anaroma-326324794814915\",\"http:\/\/instagram.com\/anaromanature\"]}]}<\/script>\n<!-- \/ Yoast SEO plugin. -->","yoast_head_json":{"title":"Esencia Arom\u00e1tica Coco 60ml - Anaroma Nature - Tienda Online","description":"Esencia Arom\u00e1tica Coco 60ml. Esencia concentrada de Coco para hacer jabones y cosm\u00e9tica. Composiciones arom\u00e1ticas seleccionadas entre las","robots":{"index":"index","follow":"follow","max-snippet":"max-snippet:-1","max-image-preview":"max-image-preview:large","max-video-preview":"max-video-preview:-1"},"canonical":"https:\/\/www.anaromanature.com\/index.php\/producto\/esencia-aromatica-coco-60ml\/","og_locale":"es_ES","og_type":"article","og_title":"Esencia Arom\u00e1tica Coco 60ml - Anaroma Nature - Tienda Online","og_description":"Esencia Arom\u00e1tica Coco 60ml. Esencia concentrada de Coco para hacer jabones y cosm\u00e9tica. Composiciones arom\u00e1ticas seleccionadas entre las","og_url":"https:\/\/www.anaromanature.com\/index.php\/producto\/esencia-aromatica-coco-60ml\/","og_site_name":"Anaroma Nature","article_publisher":"http:\/\/facebook.com\/Anaroma-326324794814915","article_modified_time":"2021-03-26T20:00:40+00:00","og_image":[{"width":750,"height":750,"url":"https:\/\/i1.wp.com\/www.anaromanature.com\/wp-content\/uploads\/2021\/03\/Esencia-Aromatica-Coco.jpg?fit=750%2C750&ssl=1","type":"image\/jpeg"}],"twitter_card":"summary_large_image","twitter_misc":{"Tiempo de lectura":"1 minuto"},"schema":{"@context":"https:\/\/schema.org","@graph":[{"@type":"WebPage","@id":"https:\/\/www.anaromanature.com\/index.php\/producto\/esencia-aromatica-coco-60ml\/","url":"https:\/\/www.anaromanature.com\/index.php\/producto\/esencia-aromatica-coco-60ml\/","name":"Esencia Arom\u00e1tica Coco 60ml - Anaroma Nature - Tienda Online","isPartOf":{"@id":"https:\/\/www.anaromanature.com\/#website"},"primaryImageOfPage":{"@id":"https:\/\/www.anaromanature.com\/index.php\/producto\/esencia-aromatica-coco-60ml\/#primaryimage"},"image":{"@id":"https:\/\/www.anaromanature.com\/index.php\/producto\/esencia-aromatica-coco-60ml\/#primaryimage"},"thumbnailUrl":"https:\/\/www.anaromanature.com\/wp-content\/uploads\/2021\/03\/Esencia-Aromatica-Coco.jpg","datePublished":"2021-03-26T19:58:53+00:00","dateModified":"2021-03-26T20:00:40+00:00","description":"Esencia Arom\u00e1tica Coco 60ml. Esencia concentrada de Coco para hacer jabones y cosm\u00e9tica. Composiciones arom\u00e1ticas seleccionadas entre las","breadcrumb":{"@id":"https:\/\/www.anaromanature.com\/index.php\/producto\/esencia-aromatica-coco-60ml\/#breadcrumb"},"inLanguage":"es","potentialAction":[{"@type":"ReadAction","target":["https:\/\/www.anaromanature.com\/index.php\/producto\/esencia-aromatica-coco-60ml\/"]}]},{"@type":"ImageObject","inLanguage":"es","@id":"https:\/\/www.anaromanature.com\/index.php\/producto\/esencia-aromatica-coco-60ml\/#primaryimage","url":"https:\/\/www.anaromanature.com\/wp-content\/uploads\/2021\/03\/Esencia-Aromatica-Coco.jpg","contentUrl":"https:\/\/www.anaromanature.com\/wp-content\/uploads\/2021\/03\/Esencia-Aromatica-Coco.jpg","width":600,"height":600,"caption":"Esencia Aromatica Coco"},{"@type":"BreadcrumbList","@id":"https:\/\/www.anaromanature.com\/index.php\/producto\/esencia-aromatica-coco-60ml\/#breadcrumb","itemListElement":[{"@type":"ListItem","position":1,"name":"Portada","item":"https:\/\/www.anaromanature.com\/"},{"@type":"ListItem","position":2,"name":"Tienda","item":"https:\/\/www.anaromanature.com\/index.php\/tienda-premium-online-anarome-nature\/"},{"@type":"ListItem","position":3,"name":"Esencia Arom\u00e1tica Coco 60ml"}]},{"@type":"WebSite","@id":"https:\/\/www.anaromanature.com\/#website","url":"https:\/\/www.anaromanature.com\/","name":"Anaroma Nature","description":"Aromas y color","publisher":{"@id":"https:\/\/www.anaromanature.com\/#organization"},"potentialAction":[{"@type":"SearchAction","target":{"@type":"EntryPoint","urlTemplate":"https:\/\/www.anaromanature.com\/?s={search_term_string}"},"query-input":{"@type":"PropertyValueSpecification","valueRequired":true,"valueName":"search_term_string"}}],"inLanguage":"es"},{"@type":"Organization","@id":"https:\/\/www.anaromanature.com\/#organization","name":"Anaroma Nature","url":"https:\/\/www.anaromanature.com\/","logo":{"@type":"ImageObject","inLanguage":"es","@id":"https:\/\/www.anaromanature.com\/#\/schema\/logo\/image\/","url":"https:\/\/i2.wp.com\/www.anaromanature.com\/wp-content\/uploads\/2021\/02\/cropped-Logotipo-Anaroma-2.png?fit=290%2C288&ssl=1","contentUrl":"https:\/\/i2.wp.com\/www.anaromanature.com\/wp-content\/uploads\/2021\/02\/cropped-Logotipo-Anaroma-2.png?fit=290%2C288&ssl=1","width":290,"height":288,"caption":"Anaroma Nature"},"image":{"@id":"https:\/\/www.anaromanature.com\/#\/schema\/logo\/image\/"},"sameAs":["http:\/\/facebook.com\/Anaroma-326324794814915","http:\/\/instagram.com\/anaromanature"]}]}},"_links":{"self":[{"href":"https:\/\/www.anaromanature.com\/index.php\/wp-json\/wp\/v2\/product\/2982","targetHints":{"allow":["GET"]}}],"collection":[{"href":"https:\/\/www.anaromanature.com\/index.php\/wp-json\/wp\/v2\/product"}],"about":[{"href":"https:\/\/www.anaromanature.com\/index.php\/wp-json\/wp\/v2\/types\/product"}],"replies":[{"embeddable":true,"href":"https:\/\/www.anaromanature.com\/index.php\/wp-json\/wp\/v2\/comments?post=2982"}],"wp:featuredmedia":[{"embeddable":true,"href":"https:\/\/www.anaromanature.com\/index.php\/wp-json\/wp\/v2\/media\/2981"}],"wp:attachment":[{"href":"https:\/\/www.anaromanature.com\/index.php\/wp-json\/wp\/v2\/media?parent=2982"}],"wp:term":[{"taxonomy":"product_brand","embeddable":true,"href":"https:\/\/www.anaromanature.com\/index.php\/wp-json\/wp\/v2\/product_brand?post=2982"},{"taxonomy":"product_cat","embeddable":true,"href":"https:\/\/www.anaromanature.com\/index.php\/wp-json\/wp\/v2\/product_cat?post=2982"},{"taxonomy":"product_tag","embeddable":true,"href":"https:\/\/www.anaromanature.com\/index.php\/wp-json\/wp\/v2\/product_tag?post=2982"}],"curies":[{"name":"wp","href":"https:\/\/api.w.org\/{rel}","templated":true}]}}