{"id":3018,"date":"2021-03-27T11:46:00","date_gmt":"2021-03-27T10:46:00","guid":{"rendered":"https:\/\/www.anaromanature.com\/?post_type=product&#038;p=3018"},"modified":"2021-03-27T11:50:00","modified_gmt":"2021-03-27T10:50:00","slug":"pack-jabon-personalizado-aceite-esencial","status":"publish","type":"product","link":"https:\/\/www.anaromanature.com\/index.php\/producto\/pack-jabon-personalizado-aceite-esencial\/","title":{"rendered":"Pack Jab\u00f3n Personalizado + Aceite Esencial 10ml"},"content":{"rendered":"<p>Pack Jab\u00f3n Personalizado para los principiantes en la fabricaci\u00f3n de jabones.<\/p>\n<p>Sigue los pasos y ser\u00e1 muy sencillo tener todo lo que necesitas para realizar tu primer jab\u00f3n casero.<\/p>\n<p>Si ya eres <strong>\u00abprofesional del jab\u00f3n\u00bb<\/strong> podr\u00e1s comprar tus art\u00edculos de manera libre.<\/p>\n<p>\u00a1Ya nos contar\u00e1s que tal se te he dado!<\/p>\n","protected":false},"excerpt":{"rendered":"<p>Pack Jab\u00f3n Personalizado para los principiantes en la fabricaci\u00f3n de jabones. Sigue los pasos y ser\u00e1 muy sencillo tener todo lo que necesitas para realizar tu primer jab\u00f3n casero. Si ya eres \u00abprofesional del jab\u00f3n\u00bb podr\u00e1s comprar tus art\u00edculos de manera libre. \u00a1Ya nos contar\u00e1s que tal se te he dado!<\/p>\n","protected":false},"featured_media":2932,"comment_status":"open","ping_status":"closed","template":"","meta":{"_joinchat":[]},"product_brand":[],"product_cat":[507,213],"product_tag":[],"class_list":{"0":"post-3018","1":"product","2":"type-product","3":"status-publish","4":"has-post-thumbnail","6":"product_cat-comenzar","7":"product_cat-crea-tu-propio-jabon","8":"latest_post","10":"first","11":"instock","12":"taxable","13":"shipping-taxable","14":"purchasable","15":"product-type-simple"},"yoast_head":"<!-- This site is optimized with the Yoast SEO plugin v27.4 - https:\/\/yoast.com\/product\/yoast-seo-wordpress\/ -->\n<title>Pack Jab\u00f3n Personalizado + Aceite Esencial 10ml - Anaroma Nature<\/title>\n<meta name=\"robots\" content=\"index, follow, max-snippet:-1, max-image-preview:large, max-video-preview:-1\" \/>\n<link rel=\"canonical\" href=\"https:\/\/www.anaromanature.com\/index.php\/producto\/pack-jabon-personalizado-aceite-esencial\/\" \/>\n<meta property=\"og:locale\" content=\"es_ES\" \/>\n<meta property=\"og:type\" content=\"article\" \/>\n<meta property=\"og:title\" content=\"Pack Jab\u00f3n Personalizado + Aceite Esencial 10ml - Anaroma Nature\" \/>\n<meta property=\"og:description\" content=\"Pack Jab\u00f3n Personalizado para los principiantes en la fabricaci\u00f3n de jabones. Sigue los pasos y ser\u00e1 muy sencillo tener todo lo que necesitas para realizar tu primer jab\u00f3n casero. Si ya eres \u00abprofesional del jab\u00f3n\u00bb podr\u00e1s comprar tus art\u00edculos de manera libre. \u00a1Ya nos contar\u00e1s que tal se te he dado!\" \/>\n<meta property=\"og:url\" content=\"https:\/\/www.anaromanature.com\/index.php\/producto\/pack-jabon-personalizado-aceite-esencial\/\" \/>\n<meta property=\"og:site_name\" content=\"Anaroma Nature\" \/>\n<meta property=\"article:publisher\" content=\"http:\/\/facebook.com\/Anaroma-326324794814915\" \/>\n<meta property=\"article:modified_time\" content=\"2021-03-27T10:50:00+00:00\" \/>\n<meta property=\"og:image\" content=\"https:\/\/i0.wp.com\/www.anaromanature.com\/wp-content\/uploads\/2021\/03\/handmade-soap-3750715_640.jpg?fit=640%2C426&ssl=1\" \/>\n\t<meta property=\"og:image:width\" content=\"640\" \/>\n\t<meta property=\"og:image:height\" content=\"426\" \/>\n\t<meta property=\"og:image:type\" content=\"image\/jpeg\" \/>\n<meta name=\"twitter:card\" content=\"summary_large_image\" \/>\n<meta name=\"twitter:label1\" content=\"Tiempo de lectura\" \/>\n\t<meta name=\"twitter:data1\" content=\"1 minuto\" \/>\n<script type=\"application\/ld+json\" class=\"yoast-schema-graph\">{\"@context\":\"https:\\\/\\\/schema.org\",\"@graph\":[{\"@type\":\"WebPage\",\"@id\":\"https:\\\/\\\/www.anaromanature.com\\\/index.php\\\/producto\\\/pack-jabon-personalizado-aceite-esencial\\\/\",\"url\":\"https:\\\/\\\/www.anaromanature.com\\\/index.php\\\/producto\\\/pack-jabon-personalizado-aceite-esencial\\\/\",\"name\":\"Pack Jab\u00f3n Personalizado + Aceite Esencial 10ml - Anaroma Nature\",\"isPartOf\":{\"@id\":\"https:\\\/\\\/www.anaromanature.com\\\/#website\"},\"primaryImageOfPage\":{\"@id\":\"https:\\\/\\\/www.anaromanature.com\\\/index.php\\\/producto\\\/pack-jabon-personalizado-aceite-esencial\\\/#primaryimage\"},\"image\":{\"@id\":\"https:\\\/\\\/www.anaromanature.com\\\/index.php\\\/producto\\\/pack-jabon-personalizado-aceite-esencial\\\/#primaryimage\"},\"thumbnailUrl\":\"https:\\\/\\\/www.anaromanature.com\\\/wp-content\\\/uploads\\\/2021\\\/03\\\/handmade-soap-3750715_640.jpg\",\"datePublished\":\"2021-03-27T10:46:00+00:00\",\"dateModified\":\"2021-03-27T10:50:00+00:00\",\"breadcrumb\":{\"@id\":\"https:\\\/\\\/www.anaromanature.com\\\/index.php\\\/producto\\\/pack-jabon-personalizado-aceite-esencial\\\/#breadcrumb\"},\"inLanguage\":\"es\",\"potentialAction\":[{\"@type\":\"ReadAction\",\"target\":[\"https:\\\/\\\/www.anaromanature.com\\\/index.php\\\/producto\\\/pack-jabon-personalizado-aceite-esencial\\\/\"]}]},{\"@type\":\"ImageObject\",\"inLanguage\":\"es\",\"@id\":\"https:\\\/\\\/www.anaromanature.com\\\/index.php\\\/producto\\\/pack-jabon-personalizado-aceite-esencial\\\/#primaryimage\",\"url\":\"https:\\\/\\\/www.anaromanature.com\\\/wp-content\\\/uploads\\\/2021\\\/03\\\/handmade-soap-3750715_640.jpg\",\"contentUrl\":\"https:\\\/\\\/www.anaromanature.com\\\/wp-content\\\/uploads\\\/2021\\\/03\\\/handmade-soap-3750715_640.jpg\",\"width\":600,\"height\":399,\"caption\":\"handmade soap 3750715 640\"},{\"@type\":\"BreadcrumbList\",\"@id\":\"https:\\\/\\\/www.anaromanature.com\\\/index.php\\\/producto\\\/pack-jabon-personalizado-aceite-esencial\\\/#breadcrumb\",\"itemListElement\":[{\"@type\":\"ListItem\",\"position\":1,\"name\":\"Portada\",\"item\":\"https:\\\/\\\/www.anaromanature.com\\\/\"},{\"@type\":\"ListItem\",\"position\":2,\"name\":\"Tienda\",\"item\":\"https:\\\/\\\/www.anaromanature.com\\\/index.php\\\/tienda-premium-online-anarome-nature\\\/\"},{\"@type\":\"ListItem\",\"position\":3,\"name\":\"Pack Jab\u00f3n Personalizado + Aceite Esencial 10ml\"}]},{\"@type\":\"WebSite\",\"@id\":\"https:\\\/\\\/www.anaromanature.com\\\/#website\",\"url\":\"https:\\\/\\\/www.anaromanature.com\\\/\",\"name\":\"Anaroma Nature\",\"description\":\"Aromas y color\",\"publisher\":{\"@id\":\"https:\\\/\\\/www.anaromanature.com\\\/#organization\"},\"potentialAction\":[{\"@type\":\"SearchAction\",\"target\":{\"@type\":\"EntryPoint\",\"urlTemplate\":\"https:\\\/\\\/www.anaromanature.com\\\/?s={search_term_string}\"},\"query-input\":{\"@type\":\"PropertyValueSpecification\",\"valueRequired\":true,\"valueName\":\"search_term_string\"}}],\"inLanguage\":\"es\"},{\"@type\":\"Organization\",\"@id\":\"https:\\\/\\\/www.anaromanature.com\\\/#organization\",\"name\":\"Anaroma Nature\",\"url\":\"https:\\\/\\\/www.anaromanature.com\\\/\",\"logo\":{\"@type\":\"ImageObject\",\"inLanguage\":\"es\",\"@id\":\"https:\\\/\\\/www.anaromanature.com\\\/#\\\/schema\\\/logo\\\/image\\\/\",\"url\":\"https:\\\/\\\/i2.wp.com\\\/www.anaromanature.com\\\/wp-content\\\/uploads\\\/2021\\\/02\\\/cropped-Logotipo-Anaroma-2.png?fit=290%2C288&ssl=1\",\"contentUrl\":\"https:\\\/\\\/i2.wp.com\\\/www.anaromanature.com\\\/wp-content\\\/uploads\\\/2021\\\/02\\\/cropped-Logotipo-Anaroma-2.png?fit=290%2C288&ssl=1\",\"width\":290,\"height\":288,\"caption\":\"Anaroma Nature\"},\"image\":{\"@id\":\"https:\\\/\\\/www.anaromanature.com\\\/#\\\/schema\\\/logo\\\/image\\\/\"},\"sameAs\":[\"http:\\\/\\\/facebook.com\\\/Anaroma-326324794814915\",\"http:\\\/\\\/instagram.com\\\/anaromanature\"]}]}<\/script>\n<!-- \/ Yoast SEO plugin. -->","yoast_head_json":{"title":"Pack Jab\u00f3n Personalizado + Aceite Esencial 10ml - Anaroma Nature","robots":{"index":"index","follow":"follow","max-snippet":"max-snippet:-1","max-image-preview":"max-image-preview:large","max-video-preview":"max-video-preview:-1"},"canonical":"https:\/\/www.anaromanature.com\/index.php\/producto\/pack-jabon-personalizado-aceite-esencial\/","og_locale":"es_ES","og_type":"article","og_title":"Pack Jab\u00f3n Personalizado + Aceite Esencial 10ml - Anaroma Nature","og_description":"Pack Jab\u00f3n Personalizado para los principiantes en la fabricaci\u00f3n de jabones. Sigue los pasos y ser\u00e1 muy sencillo tener todo lo que necesitas para realizar tu primer jab\u00f3n casero. Si ya eres \u00abprofesional del jab\u00f3n\u00bb podr\u00e1s comprar tus art\u00edculos de manera libre. \u00a1Ya nos contar\u00e1s que tal se te he dado!","og_url":"https:\/\/www.anaromanature.com\/index.php\/producto\/pack-jabon-personalizado-aceite-esencial\/","og_site_name":"Anaroma Nature","article_publisher":"http:\/\/facebook.com\/Anaroma-326324794814915","article_modified_time":"2021-03-27T10:50:00+00:00","og_image":[{"width":640,"height":426,"url":"https:\/\/i0.wp.com\/www.anaromanature.com\/wp-content\/uploads\/2021\/03\/handmade-soap-3750715_640.jpg?fit=640%2C426&ssl=1","type":"image\/jpeg"}],"twitter_card":"summary_large_image","twitter_misc":{"Tiempo de lectura":"1 minuto"},"schema":{"@context":"https:\/\/schema.org","@graph":[{"@type":"WebPage","@id":"https:\/\/www.anaromanature.com\/index.php\/producto\/pack-jabon-personalizado-aceite-esencial\/","url":"https:\/\/www.anaromanature.com\/index.php\/producto\/pack-jabon-personalizado-aceite-esencial\/","name":"Pack Jab\u00f3n Personalizado + Aceite Esencial 10ml - Anaroma Nature","isPartOf":{"@id":"https:\/\/www.anaromanature.com\/#website"},"primaryImageOfPage":{"@id":"https:\/\/www.anaromanature.com\/index.php\/producto\/pack-jabon-personalizado-aceite-esencial\/#primaryimage"},"image":{"@id":"https:\/\/www.anaromanature.com\/index.php\/producto\/pack-jabon-personalizado-aceite-esencial\/#primaryimage"},"thumbnailUrl":"https:\/\/www.anaromanature.com\/wp-content\/uploads\/2021\/03\/handmade-soap-3750715_640.jpg","datePublished":"2021-03-27T10:46:00+00:00","dateModified":"2021-03-27T10:50:00+00:00","breadcrumb":{"@id":"https:\/\/www.anaromanature.com\/index.php\/producto\/pack-jabon-personalizado-aceite-esencial\/#breadcrumb"},"inLanguage":"es","potentialAction":[{"@type":"ReadAction","target":["https:\/\/www.anaromanature.com\/index.php\/producto\/pack-jabon-personalizado-aceite-esencial\/"]}]},{"@type":"ImageObject","inLanguage":"es","@id":"https:\/\/www.anaromanature.com\/index.php\/producto\/pack-jabon-personalizado-aceite-esencial\/#primaryimage","url":"https:\/\/www.anaromanature.com\/wp-content\/uploads\/2021\/03\/handmade-soap-3750715_640.jpg","contentUrl":"https:\/\/www.anaromanature.com\/wp-content\/uploads\/2021\/03\/handmade-soap-3750715_640.jpg","width":600,"height":399,"caption":"handmade soap 3750715 640"},{"@type":"BreadcrumbList","@id":"https:\/\/www.anaromanature.com\/index.php\/producto\/pack-jabon-personalizado-aceite-esencial\/#breadcrumb","itemListElement":[{"@type":"ListItem","position":1,"name":"Portada","item":"https:\/\/www.anaromanature.com\/"},{"@type":"ListItem","position":2,"name":"Tienda","item":"https:\/\/www.anaromanature.com\/index.php\/tienda-premium-online-anarome-nature\/"},{"@type":"ListItem","position":3,"name":"Pack Jab\u00f3n Personalizado + Aceite Esencial 10ml"}]},{"@type":"WebSite","@id":"https:\/\/www.anaromanature.com\/#website","url":"https:\/\/www.anaromanature.com\/","name":"Anaroma Nature","description":"Aromas y color","publisher":{"@id":"https:\/\/www.anaromanature.com\/#organization"},"potentialAction":[{"@type":"SearchAction","target":{"@type":"EntryPoint","urlTemplate":"https:\/\/www.anaromanature.com\/?s={search_term_string}"},"query-input":{"@type":"PropertyValueSpecification","valueRequired":true,"valueName":"search_term_string"}}],"inLanguage":"es"},{"@type":"Organization","@id":"https:\/\/www.anaromanature.com\/#organization","name":"Anaroma Nature","url":"https:\/\/www.anaromanature.com\/","logo":{"@type":"ImageObject","inLanguage":"es","@id":"https:\/\/www.anaromanature.com\/#\/schema\/logo\/image\/","url":"https:\/\/i2.wp.com\/www.anaromanature.com\/wp-content\/uploads\/2021\/02\/cropped-Logotipo-Anaroma-2.png?fit=290%2C288&ssl=1","contentUrl":"https:\/\/i2.wp.com\/www.anaromanature.com\/wp-content\/uploads\/2021\/02\/cropped-Logotipo-Anaroma-2.png?fit=290%2C288&ssl=1","width":290,"height":288,"caption":"Anaroma Nature"},"image":{"@id":"https:\/\/www.anaromanature.com\/#\/schema\/logo\/image\/"},"sameAs":["http:\/\/facebook.com\/Anaroma-326324794814915","http:\/\/instagram.com\/anaromanature"]}]}},"_links":{"self":[{"href":"https:\/\/www.anaromanature.com\/index.php\/wp-json\/wp\/v2\/product\/3018","targetHints":{"allow":["GET"]}}],"collection":[{"href":"https:\/\/www.anaromanature.com\/index.php\/wp-json\/wp\/v2\/product"}],"about":[{"href":"https:\/\/www.anaromanature.com\/index.php\/wp-json\/wp\/v2\/types\/product"}],"replies":[{"embeddable":true,"href":"https:\/\/www.anaromanature.com\/index.php\/wp-json\/wp\/v2\/comments?post=3018"}],"wp:featuredmedia":[{"embeddable":true,"href":"https:\/\/www.anaromanature.com\/index.php\/wp-json\/wp\/v2\/media\/2932"}],"wp:attachment":[{"href":"https:\/\/www.anaromanature.com\/index.php\/wp-json\/wp\/v2\/media?parent=3018"}],"wp:term":[{"taxonomy":"product_brand","embeddable":true,"href":"https:\/\/www.anaromanature.com\/index.php\/wp-json\/wp\/v2\/product_brand?post=3018"},{"taxonomy":"product_cat","embeddable":true,"href":"https:\/\/www.anaromanature.com\/index.php\/wp-json\/wp\/v2\/product_cat?post=3018"},{"taxonomy":"product_tag","embeddable":true,"href":"https:\/\/www.anaromanature.com\/index.php\/wp-json\/wp\/v2\/product_tag?post=3018"}],"curies":[{"name":"wp","href":"https:\/\/api.w.org\/{rel}","templated":true}]}}