{"id":3041,"date":"2021-03-29T13:03:32","date_gmt":"2021-03-29T12:03:32","guid":{"rendered":"https:\/\/www.anaromanature.com\/?post_type=product&#038;p=3041"},"modified":"2021-03-29T13:11:08","modified_gmt":"2021-03-29T12:11:08","slug":"fluido-hidratante-matificante-logona-125ml","status":"publish","type":"product","link":"https:\/\/www.anaromanature.com\/index.php\/producto\/fluido-hidratante-matificante-logona-125ml\/","title":{"rendered":"Fluido Hidratante Matificante LOGONA 30ml"},"content":{"rendered":"<p>Fluido Hidratante Matificante LOGONA 30ml<\/p>\n<p>Regula el grado de hidrataci\u00f3n y grasa de la piel.<\/p>\n<p>Mejora y calma su aspecto dejando una tez suave.<\/p>\n<p>Textura fluida. Se absorbe r\u00e1pidamente.<\/p>\n<p>Adecuada para la piel de la pubertad y con impurezas o mixta.<\/p>\n<p>100% RPET<\/p>\n<p><strong>RECOMENDACIONES DE USO:<\/strong> Aplicar ma\u00f1ana y noche sobre la piel limpia de la cara y cuello despu\u00e9s de la limpieza y del t\u00f3nico purificante LOGONA.<\/p>\n<p><strong>Nuestro consejo:<\/strong> Para \u00f3ptimos resultados, recomendamos completar el tratamiento purificante con el stick sos granos de LOGONA.<\/p>\n<p><strong>PRINCIPIOS ACTIVOS:\u00a0<\/strong><\/p>\n<ul>\n<li><strong>Aceite y extracto de Menta Bio:<\/strong> propiedades antis\u00e9pticas y refrescantes. Purifica la piel.<\/li>\n<li><strong>\u00c1cido salic\u00edlico de corteza de Sauce:<\/strong> ayuda a la regeneraci\u00f3n celular. Efecto antiinflamatorio.<\/li>\n<li><strong>Aloe Vera Bio:<\/strong> propiedades hidratantes y calmantes.<\/li>\n<li><strong>Extracto de Salvia Bio:<\/strong> antimicrobiana y purificante.<\/li>\n<li><strong>Aceite de Jojoba Bio y Almendra:<\/strong> calma y nutre con suavidad.<\/li>\n<\/ul>\n<p><strong>Ingredientes:<\/strong>Aqua (Water), Glycerin, Aloe Barbadensis Leaf Juice*, Vitis Vinifera (Grape) Seed Oil, Alcohol denat.*, Butylene Glycol, Salix Alba (Willow) Bark Extract, Dehydroxanthan Gum, Enantia Chlorantha Bark Extract, Simmondsia Chinensis (Jojoba) Seed Oil*, Mentha Piperita (Peppermint) Leaf Extract*, Aloe Barbadensis Leaf Juice Powder*, Prunus Amygdalus Dulcis (Sweet Almond) Oil, Hydrolyzed Jojoba Esters, Oleanolic Acid, Levulinic Acid, Sodium Levulinate, p-Anisic Acid, Sodium Lactate, Tocopherol, Helianthus Annuus (Sunflower) Seed Oil*, Sodium Hydroxide, Citric Acid, PCA Ethyl Cocoyl Arginate, Parfum (Fragrance)**, Limonene**, Linalool**, Coumarin**, Citral**<br \/>\n*procedente de cultivo ecol\u00f3gico **Aceites esenciales naturales<\/p>\n<p>Capacidad: 30ml.<\/p>\n<p>Fluido Hidratante Matificante LOGONA 30ml<\/p>\n<p>Cuida tu piel con\u00a0<a href=\"https:\/\/www.anaromanature.com\/\">Anaroma Nature<\/a><\/p>\n<p><a href=\"mailto:%20info@anaromanature.com\">Cons\u00faltanos\u00a0<\/a>lo que necesites saber o aclarar.<\/p>\n<p>Visita nuestro\u00a0<a href=\"https:\/\/www.instagram.com\/anaromanature\/\">Instagram<\/a>.<\/p>\n","protected":false},"excerpt":{"rendered":"<p><a href=\"https:\/\/www.anaromanature.com\/wp-content\/uploads\/2021\/03\/Logo-Logona-2.jpg\"><img decoding=\"async\" class=\" wp-image-2486\" title=\"Logo Logona 2\" src=\"https:\/\/www.anaromanature.com\/wp-content\/uploads\/2021\/03\/Logo-Logona-2.jpg\" alt=\"Logo Logona 2\" width=\"103\" height=\"103\" srcset=\"https:\/\/www.anaromanature.com\/wp-content\/uploads\/2021\/03\/Logo-Logona-2.jpg 356w, https:\/\/www.anaromanature.com\/wp-content\/uploads\/2021\/03\/Logo-Logona-2-300x300.jpg 300w, https:\/\/www.anaromanature.com\/wp-content\/uploads\/2021\/03\/Logo-Logona-2-150x150.jpg 150w, https:\/\/www.anaromanature.com\/wp-content\/uploads\/2021\/03\/Logo-Logona-2-75x75.jpg 75w, https:\/\/www.anaromanature.com\/wp-content\/uploads\/2021\/03\/Logo-Logona-2-100x100.jpg 100w\" sizes=\"(max-width: 103px) 100vw, 103px\" \/><\/a><\/p>\n<hr \/>\n<ul>\n<li>Regula el grado de hidrataci\u00f3n y grasa de la piel.<\/li>\n<li>Mejora y calma su aspecto dejando una tez suave.<\/li>\n<li>Textura fluida. Se absorbe r\u00e1pidamente.<\/li>\n<li>Adecuada para la piel de la pubertad y con impurezas o mixta.<\/li>\n<li>100% RPET<\/li>\n<li>Capacidad: 125ml.<\/li>\n<\/ul>\n<hr \/>\n<p><a href=\"https:\/\/www.anaromanature.com\/wp-content\/uploads\/2021\/03\/sello-vegano.jpg\"><img decoding=\"async\" class=\" wp-image-2137\" title=\"sello vegano\" src=\"https:\/\/www.anaromanature.com\/wp-content\/uploads\/2021\/03\/sello-vegano.jpg\" alt=\"sello vegano\" width=\"80\" height=\"80\" srcset=\"https:\/\/www.anaromanature.com\/wp-content\/uploads\/2021\/03\/sello-vegano.jpg 150w, https:\/\/www.anaromanature.com\/wp-content\/uploads\/2021\/03\/sello-vegano-75x75.jpg 75w, https:\/\/www.anaromanature.com\/wp-content\/uploads\/2021\/03\/sello-vegano-100x100.jpg 100w\" sizes=\"(max-width: 80px) 100vw, 80px\" \/>\u00a0 \u00a0<\/a><a href=\"https:\/\/www.anaromanature.com\/wp-content\/uploads\/2021\/03\/libre-de-parabenos-sin-sls-sin-sles_1.png\">\u00a0<\/a><a href=\"https:\/\/www.anaromanature.com\/wp-content\/uploads\/2021\/03\/contiene-aloe-vera.png\"><img decoding=\"async\" class=\" wp-image-2107\" title=\"contiene aloe vera\" src=\"https:\/\/www.anaromanature.com\/wp-content\/uploads\/2021\/03\/contiene-aloe-vera.png\" alt=\"contiene aloe vera\" width=\"80\" height=\"81\" srcset=\"https:\/\/www.anaromanature.com\/wp-content\/uploads\/2021\/03\/contiene-aloe-vera.png 125w, https:\/\/www.anaromanature.com\/wp-content\/uploads\/2021\/03\/contiene-aloe-vera-75x75.png 75w, https:\/\/www.anaromanature.com\/wp-content\/uploads\/2021\/03\/contiene-aloe-vera-100x100.png 100w\" sizes=\"(max-width: 80px) 100vw, 80px\" \/><\/a><\/p>\n","protected":false},"featured_media":3042,"comment_status":"open","ping_status":"closed","template":"","meta":{"_joinchat":[]},"product_brand":[],"product_cat":[153,180,156,181],"product_tag":[436,220,474,538],"class_list":{"0":"post-3041","1":"product","2":"type-product","3":"status-publish","4":"has-post-thumbnail","6":"product_cat-cosmetica-facial","7":"product_cat-cosmetica-facial-hombre-cosmetica","8":"product_cat-crema-facial-24-horas","9":"product_cat-crema-facial","10":"product_tag-fluido","11":"product_tag-hidratante","12":"product_tag-logona","13":"product_tag-matificante","14":"latest_post","16":"first","17":"instock","18":"taxable","19":"shipping-taxable","20":"purchasable","21":"product-type-simple"},"yoast_head":"<!-- This site is optimized with the Yoast SEO plugin v27.4 - https:\/\/yoast.com\/product\/yoast-seo-wordpress\/ -->\n<title>Fluido Hidratante Matificante LOGONA 30ml - Anaroma Nature - Tienda<\/title>\n<meta name=\"description\" content=\"Fluido Hidratante Matificante LOGONA 30ml. Regula el grado de hidrataci\u00f3n y grasa de la piel. Mejora y calma su aspecto dejando una tez\" \/>\n<meta name=\"robots\" content=\"index, follow, max-snippet:-1, max-image-preview:large, max-video-preview:-1\" \/>\n<link rel=\"canonical\" href=\"https:\/\/www.anaromanature.com\/index.php\/producto\/fluido-hidratante-matificante-logona-125ml\/\" \/>\n<meta property=\"og:locale\" content=\"es_ES\" \/>\n<meta property=\"og:type\" content=\"article\" \/>\n<meta property=\"og:title\" content=\"Fluido Hidratante Matificante LOGONA 30ml - Anaroma Nature - Tienda\" \/>\n<meta property=\"og:description\" content=\"Fluido Hidratante Matificante LOGONA 30ml. Regula el grado de hidrataci\u00f3n y grasa de la piel. Mejora y calma su aspecto dejando una tez\" \/>\n<meta property=\"og:url\" content=\"https:\/\/www.anaromanature.com\/index.php\/producto\/fluido-hidratante-matificante-logona-125ml\/\" \/>\n<meta property=\"og:site_name\" content=\"Anaroma Nature\" \/>\n<meta property=\"article:publisher\" content=\"http:\/\/facebook.com\/Anaroma-326324794814915\" \/>\n<meta property=\"article:modified_time\" content=\"2021-03-29T12:11:08+00:00\" \/>\n<meta property=\"og:image\" content=\"https:\/\/i0.wp.com\/www.anaromanature.com\/wp-content\/uploads\/2021\/03\/Fluido-Hidratante-Matificante-30ml.jpg?fit=800%2C800&ssl=1\" \/>\n\t<meta property=\"og:image:width\" content=\"800\" \/>\n\t<meta property=\"og:image:height\" content=\"800\" \/>\n\t<meta property=\"og:image:type\" content=\"image\/jpeg\" \/>\n<meta name=\"twitter:card\" content=\"summary_large_image\" \/>\n<meta name=\"twitter:label1\" content=\"Tiempo de lectura\" \/>\n\t<meta name=\"twitter:data1\" content=\"2 minutos\" \/>\n<script type=\"application\/ld+json\" class=\"yoast-schema-graph\">{\"@context\":\"https:\\\/\\\/schema.org\",\"@graph\":[{\"@type\":\"WebPage\",\"@id\":\"https:\\\/\\\/www.anaromanature.com\\\/index.php\\\/producto\\\/fluido-hidratante-matificante-logona-125ml\\\/\",\"url\":\"https:\\\/\\\/www.anaromanature.com\\\/index.php\\\/producto\\\/fluido-hidratante-matificante-logona-125ml\\\/\",\"name\":\"Fluido Hidratante Matificante LOGONA 30ml - Anaroma Nature - Tienda\",\"isPartOf\":{\"@id\":\"https:\\\/\\\/www.anaromanature.com\\\/#website\"},\"primaryImageOfPage\":{\"@id\":\"https:\\\/\\\/www.anaromanature.com\\\/index.php\\\/producto\\\/fluido-hidratante-matificante-logona-125ml\\\/#primaryimage\"},\"image\":{\"@id\":\"https:\\\/\\\/www.anaromanature.com\\\/index.php\\\/producto\\\/fluido-hidratante-matificante-logona-125ml\\\/#primaryimage\"},\"thumbnailUrl\":\"https:\\\/\\\/www.anaromanature.com\\\/wp-content\\\/uploads\\\/2021\\\/03\\\/Fluido-Hidratante-Matificante-30ml.jpg\",\"datePublished\":\"2021-03-29T12:03:32+00:00\",\"dateModified\":\"2021-03-29T12:11:08+00:00\",\"description\":\"Fluido Hidratante Matificante LOGONA 30ml. Regula el grado de hidrataci\u00f3n y grasa de la piel. Mejora y calma su aspecto dejando una tez\",\"breadcrumb\":{\"@id\":\"https:\\\/\\\/www.anaromanature.com\\\/index.php\\\/producto\\\/fluido-hidratante-matificante-logona-125ml\\\/#breadcrumb\"},\"inLanguage\":\"es\",\"potentialAction\":[{\"@type\":\"ReadAction\",\"target\":[\"https:\\\/\\\/www.anaromanature.com\\\/index.php\\\/producto\\\/fluido-hidratante-matificante-logona-125ml\\\/\"]}]},{\"@type\":\"ImageObject\",\"inLanguage\":\"es\",\"@id\":\"https:\\\/\\\/www.anaromanature.com\\\/index.php\\\/producto\\\/fluido-hidratante-matificante-logona-125ml\\\/#primaryimage\",\"url\":\"https:\\\/\\\/www.anaromanature.com\\\/wp-content\\\/uploads\\\/2021\\\/03\\\/Fluido-Hidratante-Matificante-30ml.jpg\",\"contentUrl\":\"https:\\\/\\\/www.anaromanature.com\\\/wp-content\\\/uploads\\\/2021\\\/03\\\/Fluido-Hidratante-Matificante-30ml.jpg\",\"width\":600,\"height\":600,\"caption\":\"Fluido Hidratante Matificante 30ml\"},{\"@type\":\"BreadcrumbList\",\"@id\":\"https:\\\/\\\/www.anaromanature.com\\\/index.php\\\/producto\\\/fluido-hidratante-matificante-logona-125ml\\\/#breadcrumb\",\"itemListElement\":[{\"@type\":\"ListItem\",\"position\":1,\"name\":\"Portada\",\"item\":\"https:\\\/\\\/www.anaromanature.com\\\/\"},{\"@type\":\"ListItem\",\"position\":2,\"name\":\"Tienda\",\"item\":\"https:\\\/\\\/www.anaromanature.com\\\/index.php\\\/tienda-premium-online-anarome-nature\\\/\"},{\"@type\":\"ListItem\",\"position\":3,\"name\":\"Fluido Hidratante Matificante LOGONA 30ml\"}]},{\"@type\":\"WebSite\",\"@id\":\"https:\\\/\\\/www.anaromanature.com\\\/#website\",\"url\":\"https:\\\/\\\/www.anaromanature.com\\\/\",\"name\":\"Anaroma Nature\",\"description\":\"Aromas y color\",\"publisher\":{\"@id\":\"https:\\\/\\\/www.anaromanature.com\\\/#organization\"},\"potentialAction\":[{\"@type\":\"SearchAction\",\"target\":{\"@type\":\"EntryPoint\",\"urlTemplate\":\"https:\\\/\\\/www.anaromanature.com\\\/?s={search_term_string}\"},\"query-input\":{\"@type\":\"PropertyValueSpecification\",\"valueRequired\":true,\"valueName\":\"search_term_string\"}}],\"inLanguage\":\"es\"},{\"@type\":\"Organization\",\"@id\":\"https:\\\/\\\/www.anaromanature.com\\\/#organization\",\"name\":\"Anaroma Nature\",\"url\":\"https:\\\/\\\/www.anaromanature.com\\\/\",\"logo\":{\"@type\":\"ImageObject\",\"inLanguage\":\"es\",\"@id\":\"https:\\\/\\\/www.anaromanature.com\\\/#\\\/schema\\\/logo\\\/image\\\/\",\"url\":\"https:\\\/\\\/i2.wp.com\\\/www.anaromanature.com\\\/wp-content\\\/uploads\\\/2021\\\/02\\\/cropped-Logotipo-Anaroma-2.png?fit=290%2C288&ssl=1\",\"contentUrl\":\"https:\\\/\\\/i2.wp.com\\\/www.anaromanature.com\\\/wp-content\\\/uploads\\\/2021\\\/02\\\/cropped-Logotipo-Anaroma-2.png?fit=290%2C288&ssl=1\",\"width\":290,\"height\":288,\"caption\":\"Anaroma Nature\"},\"image\":{\"@id\":\"https:\\\/\\\/www.anaromanature.com\\\/#\\\/schema\\\/logo\\\/image\\\/\"},\"sameAs\":[\"http:\\\/\\\/facebook.com\\\/Anaroma-326324794814915\",\"http:\\\/\\\/instagram.com\\\/anaromanature\"]}]}<\/script>\n<!-- \/ Yoast SEO plugin. -->","yoast_head_json":{"title":"Fluido Hidratante Matificante LOGONA 30ml - Anaroma Nature - Tienda","description":"Fluido Hidratante Matificante LOGONA 30ml. Regula el grado de hidrataci\u00f3n y grasa de la piel. Mejora y calma su aspecto dejando una tez","robots":{"index":"index","follow":"follow","max-snippet":"max-snippet:-1","max-image-preview":"max-image-preview:large","max-video-preview":"max-video-preview:-1"},"canonical":"https:\/\/www.anaromanature.com\/index.php\/producto\/fluido-hidratante-matificante-logona-125ml\/","og_locale":"es_ES","og_type":"article","og_title":"Fluido Hidratante Matificante LOGONA 30ml - Anaroma Nature - Tienda","og_description":"Fluido Hidratante Matificante LOGONA 30ml. Regula el grado de hidrataci\u00f3n y grasa de la piel. Mejora y calma su aspecto dejando una tez","og_url":"https:\/\/www.anaromanature.com\/index.php\/producto\/fluido-hidratante-matificante-logona-125ml\/","og_site_name":"Anaroma Nature","article_publisher":"http:\/\/facebook.com\/Anaroma-326324794814915","article_modified_time":"2021-03-29T12:11:08+00:00","og_image":[{"width":800,"height":800,"url":"https:\/\/i0.wp.com\/www.anaromanature.com\/wp-content\/uploads\/2021\/03\/Fluido-Hidratante-Matificante-30ml.jpg?fit=800%2C800&ssl=1","type":"image\/jpeg"}],"twitter_card":"summary_large_image","twitter_misc":{"Tiempo de lectura":"2 minutos"},"schema":{"@context":"https:\/\/schema.org","@graph":[{"@type":"WebPage","@id":"https:\/\/www.anaromanature.com\/index.php\/producto\/fluido-hidratante-matificante-logona-125ml\/","url":"https:\/\/www.anaromanature.com\/index.php\/producto\/fluido-hidratante-matificante-logona-125ml\/","name":"Fluido Hidratante Matificante LOGONA 30ml - Anaroma Nature - Tienda","isPartOf":{"@id":"https:\/\/www.anaromanature.com\/#website"},"primaryImageOfPage":{"@id":"https:\/\/www.anaromanature.com\/index.php\/producto\/fluido-hidratante-matificante-logona-125ml\/#primaryimage"},"image":{"@id":"https:\/\/www.anaromanature.com\/index.php\/producto\/fluido-hidratante-matificante-logona-125ml\/#primaryimage"},"thumbnailUrl":"https:\/\/www.anaromanature.com\/wp-content\/uploads\/2021\/03\/Fluido-Hidratante-Matificante-30ml.jpg","datePublished":"2021-03-29T12:03:32+00:00","dateModified":"2021-03-29T12:11:08+00:00","description":"Fluido Hidratante Matificante LOGONA 30ml. Regula el grado de hidrataci\u00f3n y grasa de la piel. Mejora y calma su aspecto dejando una tez","breadcrumb":{"@id":"https:\/\/www.anaromanature.com\/index.php\/producto\/fluido-hidratante-matificante-logona-125ml\/#breadcrumb"},"inLanguage":"es","potentialAction":[{"@type":"ReadAction","target":["https:\/\/www.anaromanature.com\/index.php\/producto\/fluido-hidratante-matificante-logona-125ml\/"]}]},{"@type":"ImageObject","inLanguage":"es","@id":"https:\/\/www.anaromanature.com\/index.php\/producto\/fluido-hidratante-matificante-logona-125ml\/#primaryimage","url":"https:\/\/www.anaromanature.com\/wp-content\/uploads\/2021\/03\/Fluido-Hidratante-Matificante-30ml.jpg","contentUrl":"https:\/\/www.anaromanature.com\/wp-content\/uploads\/2021\/03\/Fluido-Hidratante-Matificante-30ml.jpg","width":600,"height":600,"caption":"Fluido Hidratante Matificante 30ml"},{"@type":"BreadcrumbList","@id":"https:\/\/www.anaromanature.com\/index.php\/producto\/fluido-hidratante-matificante-logona-125ml\/#breadcrumb","itemListElement":[{"@type":"ListItem","position":1,"name":"Portada","item":"https:\/\/www.anaromanature.com\/"},{"@type":"ListItem","position":2,"name":"Tienda","item":"https:\/\/www.anaromanature.com\/index.php\/tienda-premium-online-anarome-nature\/"},{"@type":"ListItem","position":3,"name":"Fluido Hidratante Matificante LOGONA 30ml"}]},{"@type":"WebSite","@id":"https:\/\/www.anaromanature.com\/#website","url":"https:\/\/www.anaromanature.com\/","name":"Anaroma Nature","description":"Aromas y color","publisher":{"@id":"https:\/\/www.anaromanature.com\/#organization"},"potentialAction":[{"@type":"SearchAction","target":{"@type":"EntryPoint","urlTemplate":"https:\/\/www.anaromanature.com\/?s={search_term_string}"},"query-input":{"@type":"PropertyValueSpecification","valueRequired":true,"valueName":"search_term_string"}}],"inLanguage":"es"},{"@type":"Organization","@id":"https:\/\/www.anaromanature.com\/#organization","name":"Anaroma Nature","url":"https:\/\/www.anaromanature.com\/","logo":{"@type":"ImageObject","inLanguage":"es","@id":"https:\/\/www.anaromanature.com\/#\/schema\/logo\/image\/","url":"https:\/\/i2.wp.com\/www.anaromanature.com\/wp-content\/uploads\/2021\/02\/cropped-Logotipo-Anaroma-2.png?fit=290%2C288&ssl=1","contentUrl":"https:\/\/i2.wp.com\/www.anaromanature.com\/wp-content\/uploads\/2021\/02\/cropped-Logotipo-Anaroma-2.png?fit=290%2C288&ssl=1","width":290,"height":288,"caption":"Anaroma Nature"},"image":{"@id":"https:\/\/www.anaromanature.com\/#\/schema\/logo\/image\/"},"sameAs":["http:\/\/facebook.com\/Anaroma-326324794814915","http:\/\/instagram.com\/anaromanature"]}]}},"_links":{"self":[{"href":"https:\/\/www.anaromanature.com\/index.php\/wp-json\/wp\/v2\/product\/3041","targetHints":{"allow":["GET"]}}],"collection":[{"href":"https:\/\/www.anaromanature.com\/index.php\/wp-json\/wp\/v2\/product"}],"about":[{"href":"https:\/\/www.anaromanature.com\/index.php\/wp-json\/wp\/v2\/types\/product"}],"replies":[{"embeddable":true,"href":"https:\/\/www.anaromanature.com\/index.php\/wp-json\/wp\/v2\/comments?post=3041"}],"wp:featuredmedia":[{"embeddable":true,"href":"https:\/\/www.anaromanature.com\/index.php\/wp-json\/wp\/v2\/media\/3042"}],"wp:attachment":[{"href":"https:\/\/www.anaromanature.com\/index.php\/wp-json\/wp\/v2\/media?parent=3041"}],"wp:term":[{"taxonomy":"product_brand","embeddable":true,"href":"https:\/\/www.anaromanature.com\/index.php\/wp-json\/wp\/v2\/product_brand?post=3041"},{"taxonomy":"product_cat","embeddable":true,"href":"https:\/\/www.anaromanature.com\/index.php\/wp-json\/wp\/v2\/product_cat?post=3041"},{"taxonomy":"product_tag","embeddable":true,"href":"https:\/\/www.anaromanature.com\/index.php\/wp-json\/wp\/v2\/product_tag?post=3041"}],"curies":[{"name":"wp","href":"https:\/\/api.w.org\/{rel}","templated":true}]}}