{"id":3523,"date":"2021-05-05T18:04:50","date_gmt":"2021-05-05T17:04:50","guid":{"rendered":"https:\/\/www.anaromanature.com\/?post_type=product&#038;p=3523"},"modified":"2025-01-10T17:24:02","modified_gmt":"2025-01-10T16:24:02","slug":"pack-contra-el-tabaco","status":"publish","type":"product","link":"https:\/\/www.anaromanature.com\/index.php\/producto\/pack-contra-el-tabaco\/","title":{"rendered":"Pack &#8211; Contra el Tabaco"},"content":{"rendered":"<p>Pack &#8211; Contra el Tabaco<\/p>\n<p>Pack formado por un Brumizador Essencials 600 ml y una Bruma de Ambiente de 50ml del aroma Iris. Este aroma tiene la caracter\u00edstica de eliminar el olor a tabaco de una manera rotunda.<\/p>\n<p><strong>BRUMIZADOR ESSENCIALS 600ml<\/strong><\/p>\n<p>Desde hace tiempo los sistemas de ambientar un hogar est\u00e1 estancado en los mismo productos de siempre.<\/p>\n<p>Te presentamos un sistema innovador, pr\u00e1ctico y c\u00f3modo que funciona de manera muy sencilla pero altamente eficaz.<\/p>\n<p>Un brumizador es un aparato el\u00e9ctrico que funciona con agua y esencia (bruma) de manera combinada.<\/p>\n<p>Simplemente has de verter la cantidad de agua indicada en las instrucciones y la cantidad correspondiente de bruma de ambiente.<\/p>\n<p>Cantidad de bruma necesaria para el Brumizador:<\/p>\n<p>Brumizador Essencials 600 ml: hasta 9 ml (dependiendo de la intensidad de la bruma).<\/p>\n<p><strong>BRUMA IRIS.<\/strong><\/p>\n<p><strong>Fresco<\/strong><\/p>\n<p>Una fragancia fresca, transparente, limpia y sedosa. Un cl\u00e1sico que pervive cada vez con m\u00e1s fuerza. Cubre extraordinariamente los olores desagradables dejando un rastro agradable de frescura y personalidad.<\/p>\n<p><strong>Notas de fragancia<\/strong><\/p>\n<ul>\n<li><strong>Salida:\u00a0<\/strong>Lima, Bergamota, Mandarina, Enebro, Salvia y Menta verde.<\/li>\n<li><strong>Coraz\u00f3n:\u00a0<\/strong>Raices de Iris y Lirio Blanco.<\/li>\n<li><strong>Fondo:\u00a0<\/strong>Pachul\u00ed, \u00c1mbar, Almizcle y S\u00e1ndalo.<\/li>\n<\/ul>\n<p>&nbsp;<\/p>\n<p>Pack &#8211; Contra el Tabaco<\/p>\n<p>Perfuma tu hogar con\u00a0<a href=\"https:\/\/www.anaromanature.com\/\">Anaroma Nature<\/a><\/p>\n<p><a href=\"mailto:%20info@anaromanature.com\">Cons\u00faltanos\u00a0<\/a>lo que necesites saber o aclarar.<\/p>\n<p>S\u00edguenos en\u00a0<a href=\"https:\/\/www.instagram.com\/anaromanature\/\">Instagram<\/a>.<\/p>\n","protected":false},"excerpt":{"rendered":"<p>Pack formado por un Brumizador Essencials 600 ml y una Bruma de Ambiente de 50ml del aroma Iris. Este aroma tiene la caracter\u00edstica de eliminar el olor a tabaco de una manera rotunda.<\/p>\n<ul>\n<li class=\"fusion-responsive-typography-calculated\" data-fontsize=\"16.38\" data-lineheight=\"26.208px\">\n<h4>Fresco<\/h4>\n<\/li>\n<\/ul>\n<p>Una fragancia fresca, transparente, limpia y sedosa. Un cl\u00e1sico que pervive cada vez con m\u00e1s fuerza. Cubre extraordinariamente los olores desagradables dejando un rastro agradable de frescura y personalidad.<\/p>\n<p><strong>Notas de fragancia<\/strong><\/p>\n<ul>\n<li><strong>Salida:\u00a0<\/strong>Lima, Bergamota, Mandarina, Enebro, Salvia y Menta verde.<\/li>\n<li><strong>Coraz\u00f3n:\u00a0<\/strong>Raices de Iris y Lirio Blanco.<\/li>\n<li><strong>Fondo:\u00a0<\/strong>Pachul\u00ed, \u00c1mbar, Almizcle y S\u00e1ndalo.<\/li>\n<\/ul>\n","protected":false},"featured_media":3524,"comment_status":"open","ping_status":"closed","template":"","meta":{"_joinchat":[]},"product_brand":[],"product_cat":[26,491],"product_tag":[578,492],"class_list":{"0":"post-3523","1":"product","2":"type-product","3":"status-publish","4":"has-post-thumbnail","6":"product_cat-boles-dolor-un-mundo-de-suenos-fragantes","7":"product_cat-packs-de-inicio","8":"product_tag-antitabaco","9":"product_tag-pack","10":"latest_post","12":"first","13":"instock","14":"taxable","15":"shipping-taxable","16":"purchasable","17":"product-type-simple"},"yoast_head":"<!-- This site is optimized with the Yoast SEO plugin v27.4 - https:\/\/yoast.com\/product\/yoast-seo-wordpress\/ -->\n<title>Pack - Contra el Tabaco - Anaroma Nature - Tienda Premium<\/title>\n<meta name=\"description\" content=\"Pack - Contra el Tabaco. Pack formado por un Brumizador Essencials 600 ml y una Bruma de Ambiente de 50ml del aroma Iris. Este aroma tiene la\" \/>\n<meta name=\"robots\" content=\"index, follow, max-snippet:-1, max-image-preview:large, max-video-preview:-1\" \/>\n<link rel=\"canonical\" href=\"https:\/\/www.anaromanature.com\/index.php\/producto\/pack-contra-el-tabaco\/\" \/>\n<meta property=\"og:locale\" content=\"es_ES\" \/>\n<meta property=\"og:type\" content=\"article\" \/>\n<meta property=\"og:title\" content=\"Pack - Contra el Tabaco - Anaroma Nature - Tienda Premium\" \/>\n<meta property=\"og:description\" content=\"Pack - Contra el Tabaco. Pack formado por un Brumizador Essencials 600 ml y una Bruma de Ambiente de 50ml del aroma Iris. Este aroma tiene la\" \/>\n<meta property=\"og:url\" content=\"https:\/\/www.anaromanature.com\/index.php\/producto\/pack-contra-el-tabaco\/\" \/>\n<meta property=\"og:site_name\" content=\"Anaroma Nature\" \/>\n<meta property=\"article:publisher\" content=\"http:\/\/facebook.com\/Anaroma-326324794814915\" \/>\n<meta property=\"article:modified_time\" content=\"2025-01-10T16:24:02+00:00\" \/>\n<meta property=\"og:image\" content=\"https:\/\/www.anaromanature.com\/wp-content\/uploads\/2021\/05\/Pack-Contra-el-Tabaco.jpg\" \/>\n\t<meta property=\"og:image:width\" content=\"600\" \/>\n\t<meta property=\"og:image:height\" content=\"600\" \/>\n\t<meta property=\"og:image:type\" content=\"image\/jpeg\" \/>\n<meta name=\"twitter:card\" content=\"summary_large_image\" \/>\n<meta name=\"twitter:label1\" content=\"Tiempo de lectura\" \/>\n\t<meta name=\"twitter:data1\" content=\"1 minuto\" \/>\n<script type=\"application\/ld+json\" class=\"yoast-schema-graph\">{\"@context\":\"https:\\\/\\\/schema.org\",\"@graph\":[{\"@type\":\"WebPage\",\"@id\":\"https:\\\/\\\/www.anaromanature.com\\\/index.php\\\/producto\\\/pack-contra-el-tabaco\\\/\",\"url\":\"https:\\\/\\\/www.anaromanature.com\\\/index.php\\\/producto\\\/pack-contra-el-tabaco\\\/\",\"name\":\"Pack - Contra el Tabaco - Anaroma Nature - Tienda Premium\",\"isPartOf\":{\"@id\":\"https:\\\/\\\/www.anaromanature.com\\\/#website\"},\"primaryImageOfPage\":{\"@id\":\"https:\\\/\\\/www.anaromanature.com\\\/index.php\\\/producto\\\/pack-contra-el-tabaco\\\/#primaryimage\"},\"image\":{\"@id\":\"https:\\\/\\\/www.anaromanature.com\\\/index.php\\\/producto\\\/pack-contra-el-tabaco\\\/#primaryimage\"},\"thumbnailUrl\":\"https:\\\/\\\/www.anaromanature.com\\\/wp-content\\\/uploads\\\/2021\\\/05\\\/Pack-Contra-el-Tabaco.jpg\",\"datePublished\":\"2021-05-05T17:04:50+00:00\",\"dateModified\":\"2025-01-10T16:24:02+00:00\",\"description\":\"Pack - Contra el Tabaco. Pack formado por un Brumizador Essencials 600 ml y una Bruma de Ambiente de 50ml del aroma Iris. Este aroma tiene la\",\"breadcrumb\":{\"@id\":\"https:\\\/\\\/www.anaromanature.com\\\/index.php\\\/producto\\\/pack-contra-el-tabaco\\\/#breadcrumb\"},\"inLanguage\":\"es\",\"potentialAction\":[{\"@type\":\"ReadAction\",\"target\":[\"https:\\\/\\\/www.anaromanature.com\\\/index.php\\\/producto\\\/pack-contra-el-tabaco\\\/\"]}]},{\"@type\":\"ImageObject\",\"inLanguage\":\"es\",\"@id\":\"https:\\\/\\\/www.anaromanature.com\\\/index.php\\\/producto\\\/pack-contra-el-tabaco\\\/#primaryimage\",\"url\":\"https:\\\/\\\/www.anaromanature.com\\\/wp-content\\\/uploads\\\/2021\\\/05\\\/Pack-Contra-el-Tabaco.jpg\",\"contentUrl\":\"https:\\\/\\\/www.anaromanature.com\\\/wp-content\\\/uploads\\\/2021\\\/05\\\/Pack-Contra-el-Tabaco.jpg\",\"width\":600,\"height\":600,\"caption\":\"Pack Contra el Tabaco\"},{\"@type\":\"BreadcrumbList\",\"@id\":\"https:\\\/\\\/www.anaromanature.com\\\/index.php\\\/producto\\\/pack-contra-el-tabaco\\\/#breadcrumb\",\"itemListElement\":[{\"@type\":\"ListItem\",\"position\":1,\"name\":\"Portada\",\"item\":\"https:\\\/\\\/www.anaromanature.com\\\/\"},{\"@type\":\"ListItem\",\"position\":2,\"name\":\"Tienda\",\"item\":\"https:\\\/\\\/www.anaromanature.com\\\/index.php\\\/tienda-premium-online-anarome-nature\\\/\"},{\"@type\":\"ListItem\",\"position\":3,\"name\":\"Pack &#8211; Contra el Tabaco\"}]},{\"@type\":\"WebSite\",\"@id\":\"https:\\\/\\\/www.anaromanature.com\\\/#website\",\"url\":\"https:\\\/\\\/www.anaromanature.com\\\/\",\"name\":\"Anaroma Nature\",\"description\":\"Aromas y color\",\"publisher\":{\"@id\":\"https:\\\/\\\/www.anaromanature.com\\\/#organization\"},\"potentialAction\":[{\"@type\":\"SearchAction\",\"target\":{\"@type\":\"EntryPoint\",\"urlTemplate\":\"https:\\\/\\\/www.anaromanature.com\\\/?s={search_term_string}\"},\"query-input\":{\"@type\":\"PropertyValueSpecification\",\"valueRequired\":true,\"valueName\":\"search_term_string\"}}],\"inLanguage\":\"es\"},{\"@type\":\"Organization\",\"@id\":\"https:\\\/\\\/www.anaromanature.com\\\/#organization\",\"name\":\"Anaroma Nature\",\"url\":\"https:\\\/\\\/www.anaromanature.com\\\/\",\"logo\":{\"@type\":\"ImageObject\",\"inLanguage\":\"es\",\"@id\":\"https:\\\/\\\/www.anaromanature.com\\\/#\\\/schema\\\/logo\\\/image\\\/\",\"url\":\"https:\\\/\\\/i2.wp.com\\\/www.anaromanature.com\\\/wp-content\\\/uploads\\\/2021\\\/02\\\/cropped-Logotipo-Anaroma-2.png?fit=290%2C288&ssl=1\",\"contentUrl\":\"https:\\\/\\\/i2.wp.com\\\/www.anaromanature.com\\\/wp-content\\\/uploads\\\/2021\\\/02\\\/cropped-Logotipo-Anaroma-2.png?fit=290%2C288&ssl=1\",\"width\":290,\"height\":288,\"caption\":\"Anaroma Nature\"},\"image\":{\"@id\":\"https:\\\/\\\/www.anaromanature.com\\\/#\\\/schema\\\/logo\\\/image\\\/\"},\"sameAs\":[\"http:\\\/\\\/facebook.com\\\/Anaroma-326324794814915\",\"http:\\\/\\\/instagram.com\\\/anaromanature\"]}]}<\/script>\n<!-- \/ Yoast SEO plugin. -->","yoast_head_json":{"title":"Pack - Contra el Tabaco - Anaroma Nature - Tienda Premium","description":"Pack - Contra el Tabaco. Pack formado por un Brumizador Essencials 600 ml y una Bruma de Ambiente de 50ml del aroma Iris. Este aroma tiene la","robots":{"index":"index","follow":"follow","max-snippet":"max-snippet:-1","max-image-preview":"max-image-preview:large","max-video-preview":"max-video-preview:-1"},"canonical":"https:\/\/www.anaromanature.com\/index.php\/producto\/pack-contra-el-tabaco\/","og_locale":"es_ES","og_type":"article","og_title":"Pack - Contra el Tabaco - Anaroma Nature - Tienda Premium","og_description":"Pack - Contra el Tabaco. Pack formado por un Brumizador Essencials 600 ml y una Bruma de Ambiente de 50ml del aroma Iris. Este aroma tiene la","og_url":"https:\/\/www.anaromanature.com\/index.php\/producto\/pack-contra-el-tabaco\/","og_site_name":"Anaroma Nature","article_publisher":"http:\/\/facebook.com\/Anaroma-326324794814915","article_modified_time":"2025-01-10T16:24:02+00:00","og_image":[{"width":600,"height":600,"url":"https:\/\/www.anaromanature.com\/wp-content\/uploads\/2021\/05\/Pack-Contra-el-Tabaco.jpg","type":"image\/jpeg"}],"twitter_card":"summary_large_image","twitter_misc":{"Tiempo de lectura":"1 minuto"},"schema":{"@context":"https:\/\/schema.org","@graph":[{"@type":"WebPage","@id":"https:\/\/www.anaromanature.com\/index.php\/producto\/pack-contra-el-tabaco\/","url":"https:\/\/www.anaromanature.com\/index.php\/producto\/pack-contra-el-tabaco\/","name":"Pack - Contra el Tabaco - Anaroma Nature - Tienda Premium","isPartOf":{"@id":"https:\/\/www.anaromanature.com\/#website"},"primaryImageOfPage":{"@id":"https:\/\/www.anaromanature.com\/index.php\/producto\/pack-contra-el-tabaco\/#primaryimage"},"image":{"@id":"https:\/\/www.anaromanature.com\/index.php\/producto\/pack-contra-el-tabaco\/#primaryimage"},"thumbnailUrl":"https:\/\/www.anaromanature.com\/wp-content\/uploads\/2021\/05\/Pack-Contra-el-Tabaco.jpg","datePublished":"2021-05-05T17:04:50+00:00","dateModified":"2025-01-10T16:24:02+00:00","description":"Pack - Contra el Tabaco. Pack formado por un Brumizador Essencials 600 ml y una Bruma de Ambiente de 50ml del aroma Iris. Este aroma tiene la","breadcrumb":{"@id":"https:\/\/www.anaromanature.com\/index.php\/producto\/pack-contra-el-tabaco\/#breadcrumb"},"inLanguage":"es","potentialAction":[{"@type":"ReadAction","target":["https:\/\/www.anaromanature.com\/index.php\/producto\/pack-contra-el-tabaco\/"]}]},{"@type":"ImageObject","inLanguage":"es","@id":"https:\/\/www.anaromanature.com\/index.php\/producto\/pack-contra-el-tabaco\/#primaryimage","url":"https:\/\/www.anaromanature.com\/wp-content\/uploads\/2021\/05\/Pack-Contra-el-Tabaco.jpg","contentUrl":"https:\/\/www.anaromanature.com\/wp-content\/uploads\/2021\/05\/Pack-Contra-el-Tabaco.jpg","width":600,"height":600,"caption":"Pack Contra el Tabaco"},{"@type":"BreadcrumbList","@id":"https:\/\/www.anaromanature.com\/index.php\/producto\/pack-contra-el-tabaco\/#breadcrumb","itemListElement":[{"@type":"ListItem","position":1,"name":"Portada","item":"https:\/\/www.anaromanature.com\/"},{"@type":"ListItem","position":2,"name":"Tienda","item":"https:\/\/www.anaromanature.com\/index.php\/tienda-premium-online-anarome-nature\/"},{"@type":"ListItem","position":3,"name":"Pack &#8211; Contra el Tabaco"}]},{"@type":"WebSite","@id":"https:\/\/www.anaromanature.com\/#website","url":"https:\/\/www.anaromanature.com\/","name":"Anaroma Nature","description":"Aromas y color","publisher":{"@id":"https:\/\/www.anaromanature.com\/#organization"},"potentialAction":[{"@type":"SearchAction","target":{"@type":"EntryPoint","urlTemplate":"https:\/\/www.anaromanature.com\/?s={search_term_string}"},"query-input":{"@type":"PropertyValueSpecification","valueRequired":true,"valueName":"search_term_string"}}],"inLanguage":"es"},{"@type":"Organization","@id":"https:\/\/www.anaromanature.com\/#organization","name":"Anaroma Nature","url":"https:\/\/www.anaromanature.com\/","logo":{"@type":"ImageObject","inLanguage":"es","@id":"https:\/\/www.anaromanature.com\/#\/schema\/logo\/image\/","url":"https:\/\/i2.wp.com\/www.anaromanature.com\/wp-content\/uploads\/2021\/02\/cropped-Logotipo-Anaroma-2.png?fit=290%2C288&ssl=1","contentUrl":"https:\/\/i2.wp.com\/www.anaromanature.com\/wp-content\/uploads\/2021\/02\/cropped-Logotipo-Anaroma-2.png?fit=290%2C288&ssl=1","width":290,"height":288,"caption":"Anaroma Nature"},"image":{"@id":"https:\/\/www.anaromanature.com\/#\/schema\/logo\/image\/"},"sameAs":["http:\/\/facebook.com\/Anaroma-326324794814915","http:\/\/instagram.com\/anaromanature"]}]}},"_links":{"self":[{"href":"https:\/\/www.anaromanature.com\/index.php\/wp-json\/wp\/v2\/product\/3523","targetHints":{"allow":["GET"]}}],"collection":[{"href":"https:\/\/www.anaromanature.com\/index.php\/wp-json\/wp\/v2\/product"}],"about":[{"href":"https:\/\/www.anaromanature.com\/index.php\/wp-json\/wp\/v2\/types\/product"}],"replies":[{"embeddable":true,"href":"https:\/\/www.anaromanature.com\/index.php\/wp-json\/wp\/v2\/comments?post=3523"}],"wp:featuredmedia":[{"embeddable":true,"href":"https:\/\/www.anaromanature.com\/index.php\/wp-json\/wp\/v2\/media\/3524"}],"wp:attachment":[{"href":"https:\/\/www.anaromanature.com\/index.php\/wp-json\/wp\/v2\/media?parent=3523"}],"wp:term":[{"taxonomy":"product_brand","embeddable":true,"href":"https:\/\/www.anaromanature.com\/index.php\/wp-json\/wp\/v2\/product_brand?post=3523"},{"taxonomy":"product_cat","embeddable":true,"href":"https:\/\/www.anaromanature.com\/index.php\/wp-json\/wp\/v2\/product_cat?post=3523"},{"taxonomy":"product_tag","embeddable":true,"href":"https:\/\/www.anaromanature.com\/index.php\/wp-json\/wp\/v2\/product_tag?post=3523"}],"curies":[{"name":"wp","href":"https:\/\/api.w.org\/{rel}","templated":true}]}}