{"id":3726,"date":"2021-06-05T06:29:57","date_gmt":"2021-06-05T05:29:57","guid":{"rendered":"https:\/\/www.anaromanature.com\/?post_type=product&#038;p=3726"},"modified":"2021-06-05T06:37:29","modified_gmt":"2021-06-05T05:37:29","slug":"ziaja-sun-protector-solar-ninos-spf50","status":"publish","type":"product","link":"https:\/\/www.anaromanature.com\/index.php\/producto\/ziaja-sun-protector-solar-ninos-spf50\/","title":{"rendered":"ZIAJA SUN Protector Solar Ni\u00f1os SPF50"},"content":{"rendered":"<p>ZIAJA SUN Protector Solar Ni\u00f1os SPF50<\/p>\n<p>Loci\u00f3n solar resistente al agua para ni\u00f1os, a partir de 6 meses o m\u00e1s.<\/p>\n<p>Con factor de protecci\u00f3n SPF50.<\/p>\n<p>Testado, bajo riesgo de reacciones al\u00e9rgicas.<\/p>\n<p>Aumenta el tiempo de protecci\u00f3n a la exposici\u00f3n del sol. Crea una capa protectora sobre la piel, resistente al agua.<\/p>\n<p>Refleja los rayos UVA y UVB, evitando las quemaduras del sol. No produce irritaciones.<\/p>\n<p>Edad recomendada: 6 meses+<\/p>\n<p><strong>Principales ingredientes Activos:<\/strong> UVA filtros org\u00e1nicos \/ UVB, filtros minerales UVA \/ UVB<\/p>\n<p><strong>Modo de empleo:<\/strong> Aplicar una gran cantidad de la loci\u00f3n sobre la piel 30 minutos antes de la exposici\u00f3n al sol. Repetir la aplicaci\u00f3n con frecuencia durante la exposici\u00f3n al sol, especialmente despu\u00e9s de nadar, secarse o de sudoraci\u00f3n.<\/p>\n<p><strong>Apto para veganos.<\/strong><br \/>\n<strong>Sin gluten.<\/strong><\/p>\n<p>\u00a1PRECAUCI\u00d3N! Evitar el contacto con los ojos y tejidos. La exposici\u00f3n excesiva al sol puede causar riesgos para la salud. El producto no garantiza una protecci\u00f3n del 100% contra los rayos UV.<\/p>\n<p>Contenido: 125ml.<\/p>\n<p>ZIAJA SUN Protector Solar Ni\u00f1os SPF50<\/p>\n<p>Cuida tu piel con <a style=\"background-color: #ffffff;\" href=\"https:\/\/www.anaromanature.com\/\">Anaroma Nature<\/a><\/p>\n<p><a href=\"mailto:%20info@anaromanature.com\">Cons\u00faltanos\u00a0<\/a>lo que necesites saber o aclarar.<\/p>\n<p>Visita nuestro\u00a0<a href=\"https:\/\/www.instagram.com\/anaromanature\/\">Instagram<\/a>.<\/p>\n","protected":false},"excerpt":{"rendered":"<p>Loci\u00f3n solar resistente al agua para ni\u00f1os, a partir de 6 meses o m\u00e1s.<\/p>\n<p>Con factor de protecci\u00f3n SPF50.<\/p>\n<p>Contenido: 125ml.<\/p>\n","protected":false},"featured_media":3712,"comment_status":"open","ping_status":"closed","template":"","meta":{"_joinchat":[]},"product_brand":[],"product_cat":[586,219],"product_tag":[579,580,581],"class_list":{"0":"post-3726","1":"product","2":"type-product","3":"status-publish","4":"has-post-thumbnail","6":"product_cat-sun","7":"product_cat-ziaja","8":"product_tag-bronceado","9":"product_tag-sol","10":"product_tag-sun","11":"latest_post","13":"first","14":"instock","15":"taxable","16":"shipping-taxable","17":"purchasable","18":"product-type-simple"},"yoast_head":"<!-- This site is optimized with the Yoast SEO plugin v27.4 - https:\/\/yoast.com\/product\/yoast-seo-wordpress\/ -->\n<title>ZIAJA SUN Protector Solar Ni\u00f1os SPF50 - Anaroma Nature - Tienda<\/title>\n<meta name=\"description\" content=\"ZIAJA SUN Protector Solar Ni\u00f1os SPF50. Loci\u00f3n solar resistente al agua para ni\u00f1os, a partir de 6 meses o m\u00e1s. Con factor de protecci\u00f3n SPF50.\" \/>\n<meta name=\"robots\" content=\"index, follow, max-snippet:-1, max-image-preview:large, max-video-preview:-1\" \/>\n<link rel=\"canonical\" href=\"https:\/\/www.anaromanature.com\/index.php\/producto\/ziaja-sun-protector-solar-ninos-spf50\/\" \/>\n<meta property=\"og:locale\" content=\"es_ES\" \/>\n<meta property=\"og:type\" content=\"article\" \/>\n<meta property=\"og:title\" content=\"ZIAJA SUN Protector Solar Ni\u00f1os SPF50 - Anaroma Nature - Tienda\" \/>\n<meta property=\"og:description\" content=\"ZIAJA SUN Protector Solar Ni\u00f1os SPF50. Loci\u00f3n solar resistente al agua para ni\u00f1os, a partir de 6 meses o m\u00e1s. Con factor de protecci\u00f3n SPF50.\" \/>\n<meta property=\"og:url\" content=\"https:\/\/www.anaromanature.com\/index.php\/producto\/ziaja-sun-protector-solar-ninos-spf50\/\" \/>\n<meta property=\"og:site_name\" content=\"Anaroma Nature\" \/>\n<meta property=\"article:publisher\" content=\"http:\/\/facebook.com\/Anaroma-326324794814915\" \/>\n<meta property=\"article:modified_time\" content=\"2021-06-05T05:37:29+00:00\" \/>\n<meta property=\"og:image\" content=\"https:\/\/i2.wp.com\/www.anaromanature.com\/wp-content\/uploads\/2021\/06\/SUN-Protector-solar-para-ninos-SPF50.jpg?fit=600%2C600&ssl=1\" \/>\n\t<meta property=\"og:image:width\" content=\"600\" \/>\n\t<meta property=\"og:image:height\" content=\"600\" \/>\n\t<meta property=\"og:image:type\" content=\"image\/jpeg\" \/>\n<meta name=\"twitter:card\" content=\"summary_large_image\" \/>\n<meta name=\"twitter:label1\" content=\"Tiempo de lectura\" \/>\n\t<meta name=\"twitter:data1\" content=\"1 minuto\" \/>\n<script type=\"application\/ld+json\" class=\"yoast-schema-graph\">{\"@context\":\"https:\\\/\\\/schema.org\",\"@graph\":[{\"@type\":\"WebPage\",\"@id\":\"https:\\\/\\\/www.anaromanature.com\\\/index.php\\\/producto\\\/ziaja-sun-protector-solar-ninos-spf50\\\/\",\"url\":\"https:\\\/\\\/www.anaromanature.com\\\/index.php\\\/producto\\\/ziaja-sun-protector-solar-ninos-spf50\\\/\",\"name\":\"ZIAJA SUN Protector Solar Ni\u00f1os SPF50 - Anaroma Nature - Tienda\",\"isPartOf\":{\"@id\":\"https:\\\/\\\/www.anaromanature.com\\\/#website\"},\"primaryImageOfPage\":{\"@id\":\"https:\\\/\\\/www.anaromanature.com\\\/index.php\\\/producto\\\/ziaja-sun-protector-solar-ninos-spf50\\\/#primaryimage\"},\"image\":{\"@id\":\"https:\\\/\\\/www.anaromanature.com\\\/index.php\\\/producto\\\/ziaja-sun-protector-solar-ninos-spf50\\\/#primaryimage\"},\"thumbnailUrl\":\"https:\\\/\\\/www.anaromanature.com\\\/wp-content\\\/uploads\\\/2021\\\/06\\\/SUN-Protector-solar-para-ninos-SPF50.jpg\",\"datePublished\":\"2021-06-05T05:29:57+00:00\",\"dateModified\":\"2021-06-05T05:37:29+00:00\",\"description\":\"ZIAJA SUN Protector Solar Ni\u00f1os SPF50. Loci\u00f3n solar resistente al agua para ni\u00f1os, a partir de 6 meses o m\u00e1s. Con factor de protecci\u00f3n SPF50.\",\"breadcrumb\":{\"@id\":\"https:\\\/\\\/www.anaromanature.com\\\/index.php\\\/producto\\\/ziaja-sun-protector-solar-ninos-spf50\\\/#breadcrumb\"},\"inLanguage\":\"es\",\"potentialAction\":[{\"@type\":\"ReadAction\",\"target\":[\"https:\\\/\\\/www.anaromanature.com\\\/index.php\\\/producto\\\/ziaja-sun-protector-solar-ninos-spf50\\\/\"]}]},{\"@type\":\"ImageObject\",\"inLanguage\":\"es\",\"@id\":\"https:\\\/\\\/www.anaromanature.com\\\/index.php\\\/producto\\\/ziaja-sun-protector-solar-ninos-spf50\\\/#primaryimage\",\"url\":\"https:\\\/\\\/www.anaromanature.com\\\/wp-content\\\/uploads\\\/2021\\\/06\\\/SUN-Protector-solar-para-ninos-SPF50.jpg\",\"contentUrl\":\"https:\\\/\\\/www.anaromanature.com\\\/wp-content\\\/uploads\\\/2021\\\/06\\\/SUN-Protector-solar-para-ninos-SPF50.jpg\",\"width\":600,\"height\":600,\"caption\":\"SUN Protector solar para ninos SPF50\"},{\"@type\":\"BreadcrumbList\",\"@id\":\"https:\\\/\\\/www.anaromanature.com\\\/index.php\\\/producto\\\/ziaja-sun-protector-solar-ninos-spf50\\\/#breadcrumb\",\"itemListElement\":[{\"@type\":\"ListItem\",\"position\":1,\"name\":\"Portada\",\"item\":\"https:\\\/\\\/www.anaromanature.com\\\/\"},{\"@type\":\"ListItem\",\"position\":2,\"name\":\"Tienda\",\"item\":\"https:\\\/\\\/www.anaromanature.com\\\/index.php\\\/tienda-premium-online-anarome-nature\\\/\"},{\"@type\":\"ListItem\",\"position\":3,\"name\":\"ZIAJA SUN Protector Solar Ni\u00f1os SPF50\"}]},{\"@type\":\"WebSite\",\"@id\":\"https:\\\/\\\/www.anaromanature.com\\\/#website\",\"url\":\"https:\\\/\\\/www.anaromanature.com\\\/\",\"name\":\"Anaroma Nature\",\"description\":\"Aromas y color\",\"publisher\":{\"@id\":\"https:\\\/\\\/www.anaromanature.com\\\/#organization\"},\"potentialAction\":[{\"@type\":\"SearchAction\",\"target\":{\"@type\":\"EntryPoint\",\"urlTemplate\":\"https:\\\/\\\/www.anaromanature.com\\\/?s={search_term_string}\"},\"query-input\":{\"@type\":\"PropertyValueSpecification\",\"valueRequired\":true,\"valueName\":\"search_term_string\"}}],\"inLanguage\":\"es\"},{\"@type\":\"Organization\",\"@id\":\"https:\\\/\\\/www.anaromanature.com\\\/#organization\",\"name\":\"Anaroma Nature\",\"url\":\"https:\\\/\\\/www.anaromanature.com\\\/\",\"logo\":{\"@type\":\"ImageObject\",\"inLanguage\":\"es\",\"@id\":\"https:\\\/\\\/www.anaromanature.com\\\/#\\\/schema\\\/logo\\\/image\\\/\",\"url\":\"https:\\\/\\\/i2.wp.com\\\/www.anaromanature.com\\\/wp-content\\\/uploads\\\/2021\\\/02\\\/cropped-Logotipo-Anaroma-2.png?fit=290%2C288&ssl=1\",\"contentUrl\":\"https:\\\/\\\/i2.wp.com\\\/www.anaromanature.com\\\/wp-content\\\/uploads\\\/2021\\\/02\\\/cropped-Logotipo-Anaroma-2.png?fit=290%2C288&ssl=1\",\"width\":290,\"height\":288,\"caption\":\"Anaroma Nature\"},\"image\":{\"@id\":\"https:\\\/\\\/www.anaromanature.com\\\/#\\\/schema\\\/logo\\\/image\\\/\"},\"sameAs\":[\"http:\\\/\\\/facebook.com\\\/Anaroma-326324794814915\",\"http:\\\/\\\/instagram.com\\\/anaromanature\"]}]}<\/script>\n<!-- \/ Yoast SEO plugin. -->","yoast_head_json":{"title":"ZIAJA SUN Protector Solar Ni\u00f1os SPF50 - Anaroma Nature - Tienda","description":"ZIAJA SUN Protector Solar Ni\u00f1os SPF50. Loci\u00f3n solar resistente al agua para ni\u00f1os, a partir de 6 meses o m\u00e1s. Con factor de protecci\u00f3n SPF50.","robots":{"index":"index","follow":"follow","max-snippet":"max-snippet:-1","max-image-preview":"max-image-preview:large","max-video-preview":"max-video-preview:-1"},"canonical":"https:\/\/www.anaromanature.com\/index.php\/producto\/ziaja-sun-protector-solar-ninos-spf50\/","og_locale":"es_ES","og_type":"article","og_title":"ZIAJA SUN Protector Solar Ni\u00f1os SPF50 - Anaroma Nature - Tienda","og_description":"ZIAJA SUN Protector Solar Ni\u00f1os SPF50. Loci\u00f3n solar resistente al agua para ni\u00f1os, a partir de 6 meses o m\u00e1s. Con factor de protecci\u00f3n SPF50.","og_url":"https:\/\/www.anaromanature.com\/index.php\/producto\/ziaja-sun-protector-solar-ninos-spf50\/","og_site_name":"Anaroma Nature","article_publisher":"http:\/\/facebook.com\/Anaroma-326324794814915","article_modified_time":"2021-06-05T05:37:29+00:00","og_image":[{"width":600,"height":600,"url":"https:\/\/i2.wp.com\/www.anaromanature.com\/wp-content\/uploads\/2021\/06\/SUN-Protector-solar-para-ninos-SPF50.jpg?fit=600%2C600&ssl=1","type":"image\/jpeg"}],"twitter_card":"summary_large_image","twitter_misc":{"Tiempo de lectura":"1 minuto"},"schema":{"@context":"https:\/\/schema.org","@graph":[{"@type":"WebPage","@id":"https:\/\/www.anaromanature.com\/index.php\/producto\/ziaja-sun-protector-solar-ninos-spf50\/","url":"https:\/\/www.anaromanature.com\/index.php\/producto\/ziaja-sun-protector-solar-ninos-spf50\/","name":"ZIAJA SUN Protector Solar Ni\u00f1os SPF50 - Anaroma Nature - Tienda","isPartOf":{"@id":"https:\/\/www.anaromanature.com\/#website"},"primaryImageOfPage":{"@id":"https:\/\/www.anaromanature.com\/index.php\/producto\/ziaja-sun-protector-solar-ninos-spf50\/#primaryimage"},"image":{"@id":"https:\/\/www.anaromanature.com\/index.php\/producto\/ziaja-sun-protector-solar-ninos-spf50\/#primaryimage"},"thumbnailUrl":"https:\/\/www.anaromanature.com\/wp-content\/uploads\/2021\/06\/SUN-Protector-solar-para-ninos-SPF50.jpg","datePublished":"2021-06-05T05:29:57+00:00","dateModified":"2021-06-05T05:37:29+00:00","description":"ZIAJA SUN Protector Solar Ni\u00f1os SPF50. Loci\u00f3n solar resistente al agua para ni\u00f1os, a partir de 6 meses o m\u00e1s. Con factor de protecci\u00f3n SPF50.","breadcrumb":{"@id":"https:\/\/www.anaromanature.com\/index.php\/producto\/ziaja-sun-protector-solar-ninos-spf50\/#breadcrumb"},"inLanguage":"es","potentialAction":[{"@type":"ReadAction","target":["https:\/\/www.anaromanature.com\/index.php\/producto\/ziaja-sun-protector-solar-ninos-spf50\/"]}]},{"@type":"ImageObject","inLanguage":"es","@id":"https:\/\/www.anaromanature.com\/index.php\/producto\/ziaja-sun-protector-solar-ninos-spf50\/#primaryimage","url":"https:\/\/www.anaromanature.com\/wp-content\/uploads\/2021\/06\/SUN-Protector-solar-para-ninos-SPF50.jpg","contentUrl":"https:\/\/www.anaromanature.com\/wp-content\/uploads\/2021\/06\/SUN-Protector-solar-para-ninos-SPF50.jpg","width":600,"height":600,"caption":"SUN Protector solar para ninos SPF50"},{"@type":"BreadcrumbList","@id":"https:\/\/www.anaromanature.com\/index.php\/producto\/ziaja-sun-protector-solar-ninos-spf50\/#breadcrumb","itemListElement":[{"@type":"ListItem","position":1,"name":"Portada","item":"https:\/\/www.anaromanature.com\/"},{"@type":"ListItem","position":2,"name":"Tienda","item":"https:\/\/www.anaromanature.com\/index.php\/tienda-premium-online-anarome-nature\/"},{"@type":"ListItem","position":3,"name":"ZIAJA SUN Protector Solar Ni\u00f1os SPF50"}]},{"@type":"WebSite","@id":"https:\/\/www.anaromanature.com\/#website","url":"https:\/\/www.anaromanature.com\/","name":"Anaroma Nature","description":"Aromas y color","publisher":{"@id":"https:\/\/www.anaromanature.com\/#organization"},"potentialAction":[{"@type":"SearchAction","target":{"@type":"EntryPoint","urlTemplate":"https:\/\/www.anaromanature.com\/?s={search_term_string}"},"query-input":{"@type":"PropertyValueSpecification","valueRequired":true,"valueName":"search_term_string"}}],"inLanguage":"es"},{"@type":"Organization","@id":"https:\/\/www.anaromanature.com\/#organization","name":"Anaroma Nature","url":"https:\/\/www.anaromanature.com\/","logo":{"@type":"ImageObject","inLanguage":"es","@id":"https:\/\/www.anaromanature.com\/#\/schema\/logo\/image\/","url":"https:\/\/i2.wp.com\/www.anaromanature.com\/wp-content\/uploads\/2021\/02\/cropped-Logotipo-Anaroma-2.png?fit=290%2C288&ssl=1","contentUrl":"https:\/\/i2.wp.com\/www.anaromanature.com\/wp-content\/uploads\/2021\/02\/cropped-Logotipo-Anaroma-2.png?fit=290%2C288&ssl=1","width":290,"height":288,"caption":"Anaroma Nature"},"image":{"@id":"https:\/\/www.anaromanature.com\/#\/schema\/logo\/image\/"},"sameAs":["http:\/\/facebook.com\/Anaroma-326324794814915","http:\/\/instagram.com\/anaromanature"]}]}},"_links":{"self":[{"href":"https:\/\/www.anaromanature.com\/index.php\/wp-json\/wp\/v2\/product\/3726","targetHints":{"allow":["GET"]}}],"collection":[{"href":"https:\/\/www.anaromanature.com\/index.php\/wp-json\/wp\/v2\/product"}],"about":[{"href":"https:\/\/www.anaromanature.com\/index.php\/wp-json\/wp\/v2\/types\/product"}],"replies":[{"embeddable":true,"href":"https:\/\/www.anaromanature.com\/index.php\/wp-json\/wp\/v2\/comments?post=3726"}],"wp:featuredmedia":[{"embeddable":true,"href":"https:\/\/www.anaromanature.com\/index.php\/wp-json\/wp\/v2\/media\/3712"}],"wp:attachment":[{"href":"https:\/\/www.anaromanature.com\/index.php\/wp-json\/wp\/v2\/media?parent=3726"}],"wp:term":[{"taxonomy":"product_brand","embeddable":true,"href":"https:\/\/www.anaromanature.com\/index.php\/wp-json\/wp\/v2\/product_brand?post=3726"},{"taxonomy":"product_cat","embeddable":true,"href":"https:\/\/www.anaromanature.com\/index.php\/wp-json\/wp\/v2\/product_cat?post=3726"},{"taxonomy":"product_tag","embeddable":true,"href":"https:\/\/www.anaromanature.com\/index.php\/wp-json\/wp\/v2\/product_tag?post=3726"}],"curies":[{"name":"wp","href":"https:\/\/api.w.org\/{rel}","templated":true}]}}