{"id":4094,"date":"2021-07-13T17:04:21","date_gmt":"2021-07-13T16:04:21","guid":{"rendered":"https:\/\/www.anaromanature.com\/?post_type=product&#038;p=4094"},"modified":"2021-10-09T17:13:05","modified_gmt":"2021-10-09T16:13:05","slug":"limpiador-facial-solido","status":"publish","type":"product","link":"https:\/\/www.anaromanature.com\/index.php\/producto\/limpiador-facial-solido\/","title":{"rendered":"LIMPIADOR FACIAL S\u00d3LIDO"},"content":{"rendered":"<p>LIMPIADOR FACIAL S\u00d3LIDO<\/p>\n<p><strong>Para todo tipo de pieles.<\/strong><\/p>\n<p>Limpia suavemente, suaviza e hidrata el rostro.<\/p>\n<p>Equilibra la capa hidrolip\u00eddica y ayuda a minimizar la aparici\u00f3n de manchas.<\/p>\n<p>Contiene\u00a0<strong>Manteca de Cacao, Aceite de Arg\u00e1n y Naranja.<\/strong><\/p>\n<p><strong>Envase Zero Waste de\u00a0aluminio<\/strong>\u00a0(100% reciclable, reutilizable, libre de pl\u00e1sticos).<\/p>\n<p><strong>F\u00f3rmula vegana<\/strong>, sin ingredientes de origen animal, sin SLS, ni SLES.<\/p>\n<p><strong>No contiene\u00a0perfumes a\u00f1adidos.<\/strong><\/p>\n<p><strong>Modo de uso:<\/strong><\/p>\n<p>1. Humedezca la pastilla con agua tibia unos segundos, aplique el producto en el rostro.<\/p>\n<p>2. Retire la pastilla y contin\u00fae extendiendo el producto para un mejor resultado masajeando con cuidado en la cara con las yemas\u00a0 de los dedos.<\/p>\n<p>3. Aclare la cara con agua tibia o con un pa\u00f1o h\u00famedo.<\/p>\n<p><strong>Principales ingredientes:<\/strong><\/p>\n<p>Cetearyl Alcohol, Sodium Coco-Sulfate, Cocamidopropyl Betaine, Theobroma Cacao Seed Butter, Oleyl Erucate, Sodium Chloride, Argania Spinosa Kernel Oil, Citrus Aurantium Dulcis Peel Oil Expressed, Distearoylethyl Dimonium Chloride, Limonene.<\/p>\n<p><strong>MANTENER EN UN LUGAR FRESCO, SECO Y BIEN CERRADO.<\/strong><\/p>\n<p>Contenido: 50 gr<\/p>\n<p>LIMPIADOR FACIAL S\u00d3LIDO<\/p>\n<p>Cuida tu piel con\u00a0<a href=\"https:\/\/www.anaromanature.com\/\">Anaroma Nature<\/a><\/p>\n<p><a href=\"mailto:%20info@anaromanature.com\">Cons\u00faltanos\u00a0<\/a>lo que necesites saber o aclarar.<\/p>\n<p>Visita nuestro\u00a0<a href=\"https:\/\/www.instagram.com\/anaromanature\/\">Instagram<\/a>.<\/p>\n","protected":false},"excerpt":{"rendered":"<p><strong>Para todo tipo de pieles.<\/strong><\/p>\n<p>Limpia suavemente, suaviza e hidrata el rostro.<\/p>\n<p>Contenido: 50gr<\/p>\n","protected":false},"featured_media":4097,"comment_status":"open","ping_status":"closed","template":"","meta":{"_joinchat":[]},"product_brand":[],"product_cat":[205],"product_tag":[430,426,549],"class_list":{"0":"post-4094","1":"product","2":"type-product","3":"status-publish","4":"has-post-thumbnail","6":"product_cat-cosmetica-solida","7":"product_tag-facial","8":"product_tag-limpiador","9":"product_tag-solido","10":"latest_post","12":"first","13":"instock","14":"taxable","15":"shipping-taxable","16":"purchasable","17":"product-type-simple"},"yoast_head":"<!-- This site is optimized with the Yoast SEO plugin v27.4 - https:\/\/yoast.com\/product\/yoast-seo-wordpress\/ -->\n<title>LIMPIADOR FACIAL S\u00d3LIDO - Anaroma Nature - Tienda Online<\/title>\n<meta name=\"description\" content=\"LIMPIADOR FACIAL S\u00d3LIDO. Para todo tipo de pieles.Limpia suavemente, suaviza e hidrata el rostro. Equilibra la capa hidrolip\u00eddica y ayuda a\" \/>\n<meta name=\"robots\" content=\"index, follow, max-snippet:-1, max-image-preview:large, max-video-preview:-1\" \/>\n<link rel=\"canonical\" href=\"https:\/\/www.anaromanature.com\/index.php\/producto\/limpiador-facial-solido\/\" \/>\n<meta property=\"og:locale\" content=\"es_ES\" \/>\n<meta property=\"og:type\" content=\"article\" \/>\n<meta property=\"og:title\" content=\"LIMPIADOR FACIAL S\u00d3LIDO - Anaroma Nature - Tienda Online\" \/>\n<meta property=\"og:description\" content=\"LIMPIADOR FACIAL S\u00d3LIDO. Para todo tipo de pieles.Limpia suavemente, suaviza e hidrata el rostro. Equilibra la capa hidrolip\u00eddica y ayuda a\" \/>\n<meta property=\"og:url\" content=\"https:\/\/www.anaromanature.com\/index.php\/producto\/limpiador-facial-solido\/\" \/>\n<meta property=\"og:site_name\" content=\"Anaroma Nature\" \/>\n<meta property=\"article:publisher\" content=\"http:\/\/facebook.com\/Anaroma-326324794814915\" \/>\n<meta property=\"article:modified_time\" content=\"2021-10-09T16:13:05+00:00\" \/>\n<meta property=\"og:image\" content=\"https:\/\/i2.wp.com\/www.anaromanature.com\/wp-content\/uploads\/2021\/07\/limpiador-facial-solido.jpg?fit=750%2C750&ssl=1\" \/>\n\t<meta property=\"og:image:width\" content=\"750\" \/>\n\t<meta property=\"og:image:height\" content=\"750\" \/>\n\t<meta property=\"og:image:type\" content=\"image\/jpeg\" \/>\n<meta name=\"twitter:card\" content=\"summary_large_image\" \/>\n<meta name=\"twitter:label1\" content=\"Tiempo de lectura\" \/>\n\t<meta name=\"twitter:data1\" content=\"1 minuto\" \/>\n<script type=\"application\/ld+json\" class=\"yoast-schema-graph\">{\"@context\":\"https:\\\/\\\/schema.org\",\"@graph\":[{\"@type\":\"WebPage\",\"@id\":\"https:\\\/\\\/www.anaromanature.com\\\/index.php\\\/producto\\\/limpiador-facial-solido\\\/\",\"url\":\"https:\\\/\\\/www.anaromanature.com\\\/index.php\\\/producto\\\/limpiador-facial-solido\\\/\",\"name\":\"LIMPIADOR FACIAL S\u00d3LIDO - Anaroma Nature - Tienda Online\",\"isPartOf\":{\"@id\":\"https:\\\/\\\/www.anaromanature.com\\\/#website\"},\"primaryImageOfPage\":{\"@id\":\"https:\\\/\\\/www.anaromanature.com\\\/index.php\\\/producto\\\/limpiador-facial-solido\\\/#primaryimage\"},\"image\":{\"@id\":\"https:\\\/\\\/www.anaromanature.com\\\/index.php\\\/producto\\\/limpiador-facial-solido\\\/#primaryimage\"},\"thumbnailUrl\":\"https:\\\/\\\/www.anaromanature.com\\\/wp-content\\\/uploads\\\/2021\\\/07\\\/limpiador-facial-solido.jpg\",\"datePublished\":\"2021-07-13T16:04:21+00:00\",\"dateModified\":\"2021-10-09T16:13:05+00:00\",\"description\":\"LIMPIADOR FACIAL S\u00d3LIDO. Para todo tipo de pieles.Limpia suavemente, suaviza e hidrata el rostro. Equilibra la capa hidrolip\u00eddica y ayuda a\",\"breadcrumb\":{\"@id\":\"https:\\\/\\\/www.anaromanature.com\\\/index.php\\\/producto\\\/limpiador-facial-solido\\\/#breadcrumb\"},\"inLanguage\":\"es\",\"potentialAction\":[{\"@type\":\"ReadAction\",\"target\":[\"https:\\\/\\\/www.anaromanature.com\\\/index.php\\\/producto\\\/limpiador-facial-solido\\\/\"]}]},{\"@type\":\"ImageObject\",\"inLanguage\":\"es\",\"@id\":\"https:\\\/\\\/www.anaromanature.com\\\/index.php\\\/producto\\\/limpiador-facial-solido\\\/#primaryimage\",\"url\":\"https:\\\/\\\/www.anaromanature.com\\\/wp-content\\\/uploads\\\/2021\\\/07\\\/limpiador-facial-solido.jpg\",\"contentUrl\":\"https:\\\/\\\/www.anaromanature.com\\\/wp-content\\\/uploads\\\/2021\\\/07\\\/limpiador-facial-solido.jpg\",\"width\":600,\"height\":600,\"caption\":\"limpiador facial solido\"},{\"@type\":\"BreadcrumbList\",\"@id\":\"https:\\\/\\\/www.anaromanature.com\\\/index.php\\\/producto\\\/limpiador-facial-solido\\\/#breadcrumb\",\"itemListElement\":[{\"@type\":\"ListItem\",\"position\":1,\"name\":\"Portada\",\"item\":\"https:\\\/\\\/www.anaromanature.com\\\/\"},{\"@type\":\"ListItem\",\"position\":2,\"name\":\"Tienda\",\"item\":\"https:\\\/\\\/www.anaromanature.com\\\/index.php\\\/tienda-premium-online-anarome-nature\\\/\"},{\"@type\":\"ListItem\",\"position\":3,\"name\":\"LIMPIADOR FACIAL S\u00d3LIDO\"}]},{\"@type\":\"WebSite\",\"@id\":\"https:\\\/\\\/www.anaromanature.com\\\/#website\",\"url\":\"https:\\\/\\\/www.anaromanature.com\\\/\",\"name\":\"Anaroma Nature\",\"description\":\"Aromas y color\",\"publisher\":{\"@id\":\"https:\\\/\\\/www.anaromanature.com\\\/#organization\"},\"potentialAction\":[{\"@type\":\"SearchAction\",\"target\":{\"@type\":\"EntryPoint\",\"urlTemplate\":\"https:\\\/\\\/www.anaromanature.com\\\/?s={search_term_string}\"},\"query-input\":{\"@type\":\"PropertyValueSpecification\",\"valueRequired\":true,\"valueName\":\"search_term_string\"}}],\"inLanguage\":\"es\"},{\"@type\":\"Organization\",\"@id\":\"https:\\\/\\\/www.anaromanature.com\\\/#organization\",\"name\":\"Anaroma Nature\",\"url\":\"https:\\\/\\\/www.anaromanature.com\\\/\",\"logo\":{\"@type\":\"ImageObject\",\"inLanguage\":\"es\",\"@id\":\"https:\\\/\\\/www.anaromanature.com\\\/#\\\/schema\\\/logo\\\/image\\\/\",\"url\":\"https:\\\/\\\/i2.wp.com\\\/www.anaromanature.com\\\/wp-content\\\/uploads\\\/2021\\\/02\\\/cropped-Logotipo-Anaroma-2.png?fit=290%2C288&ssl=1\",\"contentUrl\":\"https:\\\/\\\/i2.wp.com\\\/www.anaromanature.com\\\/wp-content\\\/uploads\\\/2021\\\/02\\\/cropped-Logotipo-Anaroma-2.png?fit=290%2C288&ssl=1\",\"width\":290,\"height\":288,\"caption\":\"Anaroma Nature\"},\"image\":{\"@id\":\"https:\\\/\\\/www.anaromanature.com\\\/#\\\/schema\\\/logo\\\/image\\\/\"},\"sameAs\":[\"http:\\\/\\\/facebook.com\\\/Anaroma-326324794814915\",\"http:\\\/\\\/instagram.com\\\/anaromanature\"]}]}<\/script>\n<!-- \/ Yoast SEO plugin. -->","yoast_head_json":{"title":"LIMPIADOR FACIAL S\u00d3LIDO - Anaroma Nature - Tienda Online","description":"LIMPIADOR FACIAL S\u00d3LIDO. Para todo tipo de pieles.Limpia suavemente, suaviza e hidrata el rostro. Equilibra la capa hidrolip\u00eddica y ayuda a","robots":{"index":"index","follow":"follow","max-snippet":"max-snippet:-1","max-image-preview":"max-image-preview:large","max-video-preview":"max-video-preview:-1"},"canonical":"https:\/\/www.anaromanature.com\/index.php\/producto\/limpiador-facial-solido\/","og_locale":"es_ES","og_type":"article","og_title":"LIMPIADOR FACIAL S\u00d3LIDO - Anaroma Nature - Tienda Online","og_description":"LIMPIADOR FACIAL S\u00d3LIDO. Para todo tipo de pieles.Limpia suavemente, suaviza e hidrata el rostro. Equilibra la capa hidrolip\u00eddica y ayuda a","og_url":"https:\/\/www.anaromanature.com\/index.php\/producto\/limpiador-facial-solido\/","og_site_name":"Anaroma Nature","article_publisher":"http:\/\/facebook.com\/Anaroma-326324794814915","article_modified_time":"2021-10-09T16:13:05+00:00","og_image":[{"width":750,"height":750,"url":"https:\/\/i2.wp.com\/www.anaromanature.com\/wp-content\/uploads\/2021\/07\/limpiador-facial-solido.jpg?fit=750%2C750&ssl=1","type":"image\/jpeg"}],"twitter_card":"summary_large_image","twitter_misc":{"Tiempo de lectura":"1 minuto"},"schema":{"@context":"https:\/\/schema.org","@graph":[{"@type":"WebPage","@id":"https:\/\/www.anaromanature.com\/index.php\/producto\/limpiador-facial-solido\/","url":"https:\/\/www.anaromanature.com\/index.php\/producto\/limpiador-facial-solido\/","name":"LIMPIADOR FACIAL S\u00d3LIDO - Anaroma Nature - Tienda Online","isPartOf":{"@id":"https:\/\/www.anaromanature.com\/#website"},"primaryImageOfPage":{"@id":"https:\/\/www.anaromanature.com\/index.php\/producto\/limpiador-facial-solido\/#primaryimage"},"image":{"@id":"https:\/\/www.anaromanature.com\/index.php\/producto\/limpiador-facial-solido\/#primaryimage"},"thumbnailUrl":"https:\/\/www.anaromanature.com\/wp-content\/uploads\/2021\/07\/limpiador-facial-solido.jpg","datePublished":"2021-07-13T16:04:21+00:00","dateModified":"2021-10-09T16:13:05+00:00","description":"LIMPIADOR FACIAL S\u00d3LIDO. Para todo tipo de pieles.Limpia suavemente, suaviza e hidrata el rostro. Equilibra la capa hidrolip\u00eddica y ayuda a","breadcrumb":{"@id":"https:\/\/www.anaromanature.com\/index.php\/producto\/limpiador-facial-solido\/#breadcrumb"},"inLanguage":"es","potentialAction":[{"@type":"ReadAction","target":["https:\/\/www.anaromanature.com\/index.php\/producto\/limpiador-facial-solido\/"]}]},{"@type":"ImageObject","inLanguage":"es","@id":"https:\/\/www.anaromanature.com\/index.php\/producto\/limpiador-facial-solido\/#primaryimage","url":"https:\/\/www.anaromanature.com\/wp-content\/uploads\/2021\/07\/limpiador-facial-solido.jpg","contentUrl":"https:\/\/www.anaromanature.com\/wp-content\/uploads\/2021\/07\/limpiador-facial-solido.jpg","width":600,"height":600,"caption":"limpiador facial solido"},{"@type":"BreadcrumbList","@id":"https:\/\/www.anaromanature.com\/index.php\/producto\/limpiador-facial-solido\/#breadcrumb","itemListElement":[{"@type":"ListItem","position":1,"name":"Portada","item":"https:\/\/www.anaromanature.com\/"},{"@type":"ListItem","position":2,"name":"Tienda","item":"https:\/\/www.anaromanature.com\/index.php\/tienda-premium-online-anarome-nature\/"},{"@type":"ListItem","position":3,"name":"LIMPIADOR FACIAL S\u00d3LIDO"}]},{"@type":"WebSite","@id":"https:\/\/www.anaromanature.com\/#website","url":"https:\/\/www.anaromanature.com\/","name":"Anaroma Nature","description":"Aromas y color","publisher":{"@id":"https:\/\/www.anaromanature.com\/#organization"},"potentialAction":[{"@type":"SearchAction","target":{"@type":"EntryPoint","urlTemplate":"https:\/\/www.anaromanature.com\/?s={search_term_string}"},"query-input":{"@type":"PropertyValueSpecification","valueRequired":true,"valueName":"search_term_string"}}],"inLanguage":"es"},{"@type":"Organization","@id":"https:\/\/www.anaromanature.com\/#organization","name":"Anaroma Nature","url":"https:\/\/www.anaromanature.com\/","logo":{"@type":"ImageObject","inLanguage":"es","@id":"https:\/\/www.anaromanature.com\/#\/schema\/logo\/image\/","url":"https:\/\/i2.wp.com\/www.anaromanature.com\/wp-content\/uploads\/2021\/02\/cropped-Logotipo-Anaroma-2.png?fit=290%2C288&ssl=1","contentUrl":"https:\/\/i2.wp.com\/www.anaromanature.com\/wp-content\/uploads\/2021\/02\/cropped-Logotipo-Anaroma-2.png?fit=290%2C288&ssl=1","width":290,"height":288,"caption":"Anaroma Nature"},"image":{"@id":"https:\/\/www.anaromanature.com\/#\/schema\/logo\/image\/"},"sameAs":["http:\/\/facebook.com\/Anaroma-326324794814915","http:\/\/instagram.com\/anaromanature"]}]}},"_links":{"self":[{"href":"https:\/\/www.anaromanature.com\/index.php\/wp-json\/wp\/v2\/product\/4094","targetHints":{"allow":["GET"]}}],"collection":[{"href":"https:\/\/www.anaromanature.com\/index.php\/wp-json\/wp\/v2\/product"}],"about":[{"href":"https:\/\/www.anaromanature.com\/index.php\/wp-json\/wp\/v2\/types\/product"}],"replies":[{"embeddable":true,"href":"https:\/\/www.anaromanature.com\/index.php\/wp-json\/wp\/v2\/comments?post=4094"}],"wp:featuredmedia":[{"embeddable":true,"href":"https:\/\/www.anaromanature.com\/index.php\/wp-json\/wp\/v2\/media\/4097"}],"wp:attachment":[{"href":"https:\/\/www.anaromanature.com\/index.php\/wp-json\/wp\/v2\/media?parent=4094"}],"wp:term":[{"taxonomy":"product_brand","embeddable":true,"href":"https:\/\/www.anaromanature.com\/index.php\/wp-json\/wp\/v2\/product_brand?post=4094"},{"taxonomy":"product_cat","embeddable":true,"href":"https:\/\/www.anaromanature.com\/index.php\/wp-json\/wp\/v2\/product_cat?post=4094"},{"taxonomy":"product_tag","embeddable":true,"href":"https:\/\/www.anaromanature.com\/index.php\/wp-json\/wp\/v2\/product_tag?post=4094"}],"curies":[{"name":"wp","href":"https:\/\/api.w.org\/{rel}","templated":true}]}}