{"id":4099,"date":"2021-07-13T17:19:14","date_gmt":"2021-07-13T16:19:14","guid":{"rendered":"https:\/\/www.anaromanature.com\/?post_type=product&#038;p=4099"},"modified":"2024-02-14T00:32:43","modified_gmt":"2024-02-13T23:32:43","slug":"desodorante-en-crema","status":"publish","type":"product","link":"https:\/\/www.anaromanature.com\/index.php\/producto\/desodorante-en-crema\/","title":{"rendered":"DESODORANTE EN CREMA"},"content":{"rendered":"<p>DESODORANTE EN CREMA<\/p>\n<p>Desodorante que neutraliza los olores desagradables y aporta frescura y confort.<\/p>\n<p>Contiene\u00a0<strong>Almid\u00f3n de patata, aceite de coco y \u00e1rbol del t\u00e9<\/strong>.<\/p>\n<p><strong>Envase Zero Waste de\u00a0aluminio<\/strong>\u00a0(100% reciclable, reutilizable, libre de pl\u00e1sticos).<\/p>\n<p><strong>F\u00f3rmula vegana<\/strong>, sin ingredientes de origen animal, sin SLS, ni SLES.<\/p>\n<p><strong>Para todo tipo de pieles.<\/strong><\/p>\n<p><strong>Modo de uso:<\/strong><\/p>\n<p>1. Abra el envase, con los dedos unte una peque\u00f1a cantidad de producto.<\/p>\n<p>2. Aplique con los dedos en las axilas limpias y masajee hasta su total absorci\u00f3n.<\/p>\n<p>3. Volver a aplicar el producto diariamente.<\/p>\n<p><strong>MANTENER EN UN LUGAR FRESCO, SECO Y BIEN CERRADO.<\/strong><\/p>\n<p><strong>Principales ingredientes:<\/strong><\/p>\n<p>Solanum Tuberosum Starch, Cocos Nucifera Oil, Sodium Bicarbonate, Cetearyl Alcohol, CI77947, Melaleuca Alternifolia Leaf Oil, Limonene<\/p>\n<p><strong>MANTENER EN UN LUGAR FRESCO, SECO Y BIEN CERRADO.<\/strong><\/p>\n<p>Contenido: 75 gr<\/p>\n<p>DESODORANTE EN CREMA<\/p>\n<p>Cuida tu piel con\u00a0<a href=\"https:\/\/www.anaromanature.com\/\">Anaroma Nature<\/a><\/p>\n<p><a href=\"mailto:%20info@anaromanature.com\">Cons\u00faltanos\u00a0<\/a>lo que necesites saber o aclarar.<\/p>\n<p>Visita nuestro\u00a0<a href=\"https:\/\/www.instagram.com\/anaromanature\/\">Instagram<\/a>.<\/p>\n","protected":false},"excerpt":{"rendered":"<p><strong>Para todo tipo de pieles.<\/strong><\/p>\n<p>Desodorante que neutraliza los olores desagradables y aporta frescura y confort.<\/p>\n<p>Contenido: 75gr<\/p>\n","protected":false},"featured_media":4102,"comment_status":"open","ping_status":"closed","template":"","meta":{"_joinchat":[]},"product_brand":[],"product_cat":[205],"product_tag":[228,549],"class_list":{"0":"post-4099","1":"product","2":"type-product","3":"status-publish","4":"has-post-thumbnail","6":"product_cat-cosmetica-solida","7":"product_tag-desodorante","8":"product_tag-solido","9":"latest_post","11":"first","12":"instock","13":"taxable","14":"shipping-taxable","15":"purchasable","16":"product-type-simple"},"yoast_head":"<!-- This site is optimized with the Yoast SEO plugin v27.4 - https:\/\/yoast.com\/product\/yoast-seo-wordpress\/ -->\n<title>DESODORANTE EN CREMA - Anaroma Nature - Tienda Online<\/title>\n<meta name=\"description\" content=\"DESODORANTE EN CREMA. Desodorante que neutraliza los olores desagradables y aporta frescura y confort. Contiene\u00a0Almid\u00f3n de patata, aceite de\" \/>\n<meta name=\"robots\" content=\"index, follow, max-snippet:-1, max-image-preview:large, max-video-preview:-1\" \/>\n<link rel=\"canonical\" href=\"https:\/\/www.anaromanature.com\/index.php\/producto\/desodorante-en-crema\/\" \/>\n<meta property=\"og:locale\" content=\"es_ES\" \/>\n<meta property=\"og:type\" content=\"article\" \/>\n<meta property=\"og:title\" content=\"DESODORANTE EN CREMA - Anaroma Nature - Tienda Online\" \/>\n<meta property=\"og:description\" content=\"DESODORANTE EN CREMA. Desodorante que neutraliza los olores desagradables y aporta frescura y confort. Contiene\u00a0Almid\u00f3n de patata, aceite de\" \/>\n<meta property=\"og:url\" content=\"https:\/\/www.anaromanature.com\/index.php\/producto\/desodorante-en-crema\/\" \/>\n<meta property=\"og:site_name\" content=\"Anaroma Nature\" \/>\n<meta property=\"article:publisher\" content=\"http:\/\/facebook.com\/Anaroma-326324794814915\" \/>\n<meta property=\"article:modified_time\" content=\"2024-02-13T23:32:43+00:00\" \/>\n<meta property=\"og:image\" content=\"https:\/\/www.anaromanature.com\/wp-content\/uploads\/2021\/07\/desodorante-en-crema.jpg\" \/>\n\t<meta property=\"og:image:width\" content=\"600\" \/>\n\t<meta property=\"og:image:height\" content=\"600\" \/>\n\t<meta property=\"og:image:type\" content=\"image\/jpeg\" \/>\n<meta name=\"twitter:card\" content=\"summary_large_image\" \/>\n<meta name=\"twitter:label1\" content=\"Tiempo de lectura\" \/>\n\t<meta name=\"twitter:data1\" content=\"1 minuto\" \/>\n<script type=\"application\/ld+json\" class=\"yoast-schema-graph\">{\"@context\":\"https:\\\/\\\/schema.org\",\"@graph\":[{\"@type\":\"WebPage\",\"@id\":\"https:\\\/\\\/www.anaromanature.com\\\/index.php\\\/producto\\\/desodorante-en-crema\\\/\",\"url\":\"https:\\\/\\\/www.anaromanature.com\\\/index.php\\\/producto\\\/desodorante-en-crema\\\/\",\"name\":\"DESODORANTE EN CREMA - Anaroma Nature - Tienda Online\",\"isPartOf\":{\"@id\":\"https:\\\/\\\/www.anaromanature.com\\\/#website\"},\"primaryImageOfPage\":{\"@id\":\"https:\\\/\\\/www.anaromanature.com\\\/index.php\\\/producto\\\/desodorante-en-crema\\\/#primaryimage\"},\"image\":{\"@id\":\"https:\\\/\\\/www.anaromanature.com\\\/index.php\\\/producto\\\/desodorante-en-crema\\\/#primaryimage\"},\"thumbnailUrl\":\"https:\\\/\\\/www.anaromanature.com\\\/wp-content\\\/uploads\\\/2021\\\/07\\\/desodorante-en-crema.jpg\",\"datePublished\":\"2021-07-13T16:19:14+00:00\",\"dateModified\":\"2024-02-13T23:32:43+00:00\",\"description\":\"DESODORANTE EN CREMA. Desodorante que neutraliza los olores desagradables y aporta frescura y confort. Contiene\u00a0Almid\u00f3n de patata, aceite de\",\"breadcrumb\":{\"@id\":\"https:\\\/\\\/www.anaromanature.com\\\/index.php\\\/producto\\\/desodorante-en-crema\\\/#breadcrumb\"},\"inLanguage\":\"es\",\"potentialAction\":[{\"@type\":\"ReadAction\",\"target\":[\"https:\\\/\\\/www.anaromanature.com\\\/index.php\\\/producto\\\/desodorante-en-crema\\\/\"]}]},{\"@type\":\"ImageObject\",\"inLanguage\":\"es\",\"@id\":\"https:\\\/\\\/www.anaromanature.com\\\/index.php\\\/producto\\\/desodorante-en-crema\\\/#primaryimage\",\"url\":\"https:\\\/\\\/www.anaromanature.com\\\/wp-content\\\/uploads\\\/2021\\\/07\\\/desodorante-en-crema.jpg\",\"contentUrl\":\"https:\\\/\\\/www.anaromanature.com\\\/wp-content\\\/uploads\\\/2021\\\/07\\\/desodorante-en-crema.jpg\",\"width\":600,\"height\":600,\"caption\":\"desodorante en crema\"},{\"@type\":\"BreadcrumbList\",\"@id\":\"https:\\\/\\\/www.anaromanature.com\\\/index.php\\\/producto\\\/desodorante-en-crema\\\/#breadcrumb\",\"itemListElement\":[{\"@type\":\"ListItem\",\"position\":1,\"name\":\"Portada\",\"item\":\"https:\\\/\\\/www.anaromanature.com\\\/\"},{\"@type\":\"ListItem\",\"position\":2,\"name\":\"Tienda\",\"item\":\"https:\\\/\\\/www.anaromanature.com\\\/index.php\\\/tienda-premium-online-anarome-nature\\\/\"},{\"@type\":\"ListItem\",\"position\":3,\"name\":\"DESODORANTE EN CREMA\"}]},{\"@type\":\"WebSite\",\"@id\":\"https:\\\/\\\/www.anaromanature.com\\\/#website\",\"url\":\"https:\\\/\\\/www.anaromanature.com\\\/\",\"name\":\"Anaroma Nature\",\"description\":\"Aromas y color\",\"publisher\":{\"@id\":\"https:\\\/\\\/www.anaromanature.com\\\/#organization\"},\"potentialAction\":[{\"@type\":\"SearchAction\",\"target\":{\"@type\":\"EntryPoint\",\"urlTemplate\":\"https:\\\/\\\/www.anaromanature.com\\\/?s={search_term_string}\"},\"query-input\":{\"@type\":\"PropertyValueSpecification\",\"valueRequired\":true,\"valueName\":\"search_term_string\"}}],\"inLanguage\":\"es\"},{\"@type\":\"Organization\",\"@id\":\"https:\\\/\\\/www.anaromanature.com\\\/#organization\",\"name\":\"Anaroma Nature\",\"url\":\"https:\\\/\\\/www.anaromanature.com\\\/\",\"logo\":{\"@type\":\"ImageObject\",\"inLanguage\":\"es\",\"@id\":\"https:\\\/\\\/www.anaromanature.com\\\/#\\\/schema\\\/logo\\\/image\\\/\",\"url\":\"https:\\\/\\\/i2.wp.com\\\/www.anaromanature.com\\\/wp-content\\\/uploads\\\/2021\\\/02\\\/cropped-Logotipo-Anaroma-2.png?fit=290%2C288&ssl=1\",\"contentUrl\":\"https:\\\/\\\/i2.wp.com\\\/www.anaromanature.com\\\/wp-content\\\/uploads\\\/2021\\\/02\\\/cropped-Logotipo-Anaroma-2.png?fit=290%2C288&ssl=1\",\"width\":290,\"height\":288,\"caption\":\"Anaroma Nature\"},\"image\":{\"@id\":\"https:\\\/\\\/www.anaromanature.com\\\/#\\\/schema\\\/logo\\\/image\\\/\"},\"sameAs\":[\"http:\\\/\\\/facebook.com\\\/Anaroma-326324794814915\",\"http:\\\/\\\/instagram.com\\\/anaromanature\"]}]}<\/script>\n<!-- \/ Yoast SEO plugin. -->","yoast_head_json":{"title":"DESODORANTE EN CREMA - Anaroma Nature - Tienda Online","description":"DESODORANTE EN CREMA. Desodorante que neutraliza los olores desagradables y aporta frescura y confort. Contiene\u00a0Almid\u00f3n de patata, aceite de","robots":{"index":"index","follow":"follow","max-snippet":"max-snippet:-1","max-image-preview":"max-image-preview:large","max-video-preview":"max-video-preview:-1"},"canonical":"https:\/\/www.anaromanature.com\/index.php\/producto\/desodorante-en-crema\/","og_locale":"es_ES","og_type":"article","og_title":"DESODORANTE EN CREMA - Anaroma Nature - Tienda Online","og_description":"DESODORANTE EN CREMA. Desodorante que neutraliza los olores desagradables y aporta frescura y confort. Contiene\u00a0Almid\u00f3n de patata, aceite de","og_url":"https:\/\/www.anaromanature.com\/index.php\/producto\/desodorante-en-crema\/","og_site_name":"Anaroma Nature","article_publisher":"http:\/\/facebook.com\/Anaroma-326324794814915","article_modified_time":"2024-02-13T23:32:43+00:00","og_image":[{"width":600,"height":600,"url":"https:\/\/www.anaromanature.com\/wp-content\/uploads\/2021\/07\/desodorante-en-crema.jpg","type":"image\/jpeg"}],"twitter_card":"summary_large_image","twitter_misc":{"Tiempo de lectura":"1 minuto"},"schema":{"@context":"https:\/\/schema.org","@graph":[{"@type":"WebPage","@id":"https:\/\/www.anaromanature.com\/index.php\/producto\/desodorante-en-crema\/","url":"https:\/\/www.anaromanature.com\/index.php\/producto\/desodorante-en-crema\/","name":"DESODORANTE EN CREMA - Anaroma Nature - Tienda Online","isPartOf":{"@id":"https:\/\/www.anaromanature.com\/#website"},"primaryImageOfPage":{"@id":"https:\/\/www.anaromanature.com\/index.php\/producto\/desodorante-en-crema\/#primaryimage"},"image":{"@id":"https:\/\/www.anaromanature.com\/index.php\/producto\/desodorante-en-crema\/#primaryimage"},"thumbnailUrl":"https:\/\/www.anaromanature.com\/wp-content\/uploads\/2021\/07\/desodorante-en-crema.jpg","datePublished":"2021-07-13T16:19:14+00:00","dateModified":"2024-02-13T23:32:43+00:00","description":"DESODORANTE EN CREMA. Desodorante que neutraliza los olores desagradables y aporta frescura y confort. Contiene\u00a0Almid\u00f3n de patata, aceite de","breadcrumb":{"@id":"https:\/\/www.anaromanature.com\/index.php\/producto\/desodorante-en-crema\/#breadcrumb"},"inLanguage":"es","potentialAction":[{"@type":"ReadAction","target":["https:\/\/www.anaromanature.com\/index.php\/producto\/desodorante-en-crema\/"]}]},{"@type":"ImageObject","inLanguage":"es","@id":"https:\/\/www.anaromanature.com\/index.php\/producto\/desodorante-en-crema\/#primaryimage","url":"https:\/\/www.anaromanature.com\/wp-content\/uploads\/2021\/07\/desodorante-en-crema.jpg","contentUrl":"https:\/\/www.anaromanature.com\/wp-content\/uploads\/2021\/07\/desodorante-en-crema.jpg","width":600,"height":600,"caption":"desodorante en crema"},{"@type":"BreadcrumbList","@id":"https:\/\/www.anaromanature.com\/index.php\/producto\/desodorante-en-crema\/#breadcrumb","itemListElement":[{"@type":"ListItem","position":1,"name":"Portada","item":"https:\/\/www.anaromanature.com\/"},{"@type":"ListItem","position":2,"name":"Tienda","item":"https:\/\/www.anaromanature.com\/index.php\/tienda-premium-online-anarome-nature\/"},{"@type":"ListItem","position":3,"name":"DESODORANTE EN CREMA"}]},{"@type":"WebSite","@id":"https:\/\/www.anaromanature.com\/#website","url":"https:\/\/www.anaromanature.com\/","name":"Anaroma Nature","description":"Aromas y color","publisher":{"@id":"https:\/\/www.anaromanature.com\/#organization"},"potentialAction":[{"@type":"SearchAction","target":{"@type":"EntryPoint","urlTemplate":"https:\/\/www.anaromanature.com\/?s={search_term_string}"},"query-input":{"@type":"PropertyValueSpecification","valueRequired":true,"valueName":"search_term_string"}}],"inLanguage":"es"},{"@type":"Organization","@id":"https:\/\/www.anaromanature.com\/#organization","name":"Anaroma Nature","url":"https:\/\/www.anaromanature.com\/","logo":{"@type":"ImageObject","inLanguage":"es","@id":"https:\/\/www.anaromanature.com\/#\/schema\/logo\/image\/","url":"https:\/\/i2.wp.com\/www.anaromanature.com\/wp-content\/uploads\/2021\/02\/cropped-Logotipo-Anaroma-2.png?fit=290%2C288&ssl=1","contentUrl":"https:\/\/i2.wp.com\/www.anaromanature.com\/wp-content\/uploads\/2021\/02\/cropped-Logotipo-Anaroma-2.png?fit=290%2C288&ssl=1","width":290,"height":288,"caption":"Anaroma Nature"},"image":{"@id":"https:\/\/www.anaromanature.com\/#\/schema\/logo\/image\/"},"sameAs":["http:\/\/facebook.com\/Anaroma-326324794814915","http:\/\/instagram.com\/anaromanature"]}]}},"_links":{"self":[{"href":"https:\/\/www.anaromanature.com\/index.php\/wp-json\/wp\/v2\/product\/4099","targetHints":{"allow":["GET"]}}],"collection":[{"href":"https:\/\/www.anaromanature.com\/index.php\/wp-json\/wp\/v2\/product"}],"about":[{"href":"https:\/\/www.anaromanature.com\/index.php\/wp-json\/wp\/v2\/types\/product"}],"replies":[{"embeddable":true,"href":"https:\/\/www.anaromanature.com\/index.php\/wp-json\/wp\/v2\/comments?post=4099"}],"wp:featuredmedia":[{"embeddable":true,"href":"https:\/\/www.anaromanature.com\/index.php\/wp-json\/wp\/v2\/media\/4102"}],"wp:attachment":[{"href":"https:\/\/www.anaromanature.com\/index.php\/wp-json\/wp\/v2\/media?parent=4099"}],"wp:term":[{"taxonomy":"product_brand","embeddable":true,"href":"https:\/\/www.anaromanature.com\/index.php\/wp-json\/wp\/v2\/product_brand?post=4099"},{"taxonomy":"product_cat","embeddable":true,"href":"https:\/\/www.anaromanature.com\/index.php\/wp-json\/wp\/v2\/product_cat?post=4099"},{"taxonomy":"product_tag","embeddable":true,"href":"https:\/\/www.anaromanature.com\/index.php\/wp-json\/wp\/v2\/product_tag?post=4099"}],"curies":[{"name":"wp","href":"https:\/\/api.w.org\/{rel}","templated":true}]}}