{"id":4132,"date":"2021-07-19T18:46:06","date_gmt":"2021-07-19T17:46:06","guid":{"rendered":"https:\/\/www.anaromanature.com\/?post_type=product&#038;p=4132"},"modified":"2025-01-10T17:24:01","modified_gmt":"2025-01-10T16:24:01","slug":"pack-essencials-gr-clasicos","status":"publish","type":"product","link":"https:\/\/www.anaromanature.com\/index.php\/producto\/pack-essencials-gr-clasicos\/","title":{"rendered":"Pack ESSENCIALS GR Cl\u00e1sicos"},"content":{"rendered":"<p>Pack ESSENCIALS GR Cl\u00e1sicos<\/p>\n<p>Pack formado por: 1 Brumizador Essencials 600ml\u00a0 y 2 Brumas de Ambiente 50 ml (Frutos Rojos y Cotonet)<\/p>\n<ul>\n<li><b>Frutos Rojos<\/b><\/li>\n<\/ul>\n<p>Frutal<\/p>\n<p>\u00a1La explosi\u00f3n del verano ha llegado! Una fragancia expansiva, tremendamente frutal, fresca y sugerente; con el aroma caracter\u00edstico de jugosos Frutos Rojos.<\/p>\n<ul>\n<li><strong>Cotonet<\/strong><\/li>\n<\/ul>\n<p>Fresco<\/p>\n<p>La fresca caricia de la fragancia del Algod\u00f3n y el Lino reci\u00e9n lavados. Una fragancia que evoca, naturaleza, frescor, y limpieza que mantendr\u00e1 los armarios con esta inigualable sensaci\u00f3n de la ropa limpia.<\/p>\n<p><strong>Brumizador Essencials 600ml.<\/strong><\/p>\n<ul>\n<li>Capacidad del dep\u00f3sito: 600 ml.<\/li>\n<li>Funciona con agua (preferiblemente mineral).<\/li>\n<li>Capacidad de ambientaci\u00f3n: hasta 240 m2.<\/li>\n<li>Ionizador (purifica el ambiente).<\/li>\n<li>Humidificador de bajo rendimiento<\/li>\n<\/ul>\n<p>&nbsp;<\/p>\n<p><strong>USO FUNCI\u00d3N AROMATERAPIA:<\/strong> Se recomienda usar el aparato a intervalos de 10 minutos cada 30 minutos. Es necesario que nuestro organismo interiorice las propiedades de los Aceites Esenciales de manera escalonada.<\/p>\n<p><strong>USO FUNCI\u00d3N AMBIENTE:<\/strong> Se puede usar el aparato de forma continua durante m\u00e1ximo 8 horas, tras las cuales el humifidicador debe descansar 1 hora antes de volverlo a conectar.<\/p>\n<p><strong>NUESTROS CONSEJOS:<\/strong><\/p>\n<ul>\n<li><em>Usar agua embotellada:<\/em> de esta manera la percepci\u00f3n del aroma es m\u00e1s fiel ya que no tiene alteraciones.<\/li>\n<li><em>Limpieza tras su uso:<\/em> retirar los restos que existan antes de volver a llenar el dep\u00f3sito de agua y una vez al mes, realizar una limpieza profunda siguiendo las indicaciones que aparecen en las instrucciones.<\/li>\n<li><em>Intercambiar aromas:<\/em> para no acostumbrar nuestro olfato a la misma fragancia y que as\u00ed nos parezcan mas intensas.<\/li>\n<li><em>Respetar las horas de uso:<\/em> que aparecen en las instrucciones.<\/li>\n<\/ul>\n<p>&nbsp;<\/p>\n<p>Pack ESSENCIALS GR Cl\u00e1sicos<\/p>\n<p>Perfuma tu hogar con\u00a0<a href=\"https:\/\/www.anaromanature.com\/\">Anaroma Nature<\/a><\/p>\n<p><a href=\"mailto:%20info@anaromanature.com\">Cons\u00faltanos\u00a0<\/a>lo que necesites saber o aclarar.<\/p>\n<p>S\u00edguenos en\u00a0<a href=\"https:\/\/www.instagram.com\/anaromanature\/\">Instagram<\/a>.<\/p>\n","protected":false},"excerpt":{"rendered":"<p>&nbsp;<\/p>\n<p>Pack formado por: 1 Brumizador Essencials 600ml\u00a0 y 2 Brumas de Ambiente 50 ml (Frutos Rojos y Cotonet)<\/p>\n<ul>\n<li><b>Frutos Rojos<\/b><\/li>\n<\/ul>\n<p>Frutal<\/p>\n<p>\u00a1La explosi\u00f3n del verano ha llegado! Una fragancia expansiva, tremendamente frutal, fresca y sugerente; con el aroma caracter\u00edstico de jugosos Frutos Rojos.<\/p>\n<ul>\n<li><strong>Cotonet<\/strong><\/li>\n<\/ul>\n<p>Fresco<\/p>\n<p>La fresca caricia de la fragancia del Algod\u00f3n y el Lino reci\u00e9n lavados. Una fragancia que evoca, naturaleza, frescor, y limpieza que mantendr\u00e1 los armarios con esta inigualable sensaci\u00f3n de la ropa limpia.<\/p>\n","protected":false},"featured_media":4133,"comment_status":"open","ping_status":"closed","template":"","meta":{"_joinchat":[]},"product_brand":[],"product_cat":[26,491],"product_tag":[145,575,542,492],"class_list":{"0":"post-4132","1":"product","2":"type-product","3":"status-publish","4":"has-post-thumbnail","6":"product_cat-boles-dolor-un-mundo-de-suenos-fragantes","7":"product_cat-packs-de-inicio","8":"product_tag-brumizador","9":"product_tag-cotonet","10":"product_tag-frutos-rojos","11":"product_tag-pack","12":"latest_post","14":"first","15":"instock","16":"taxable","17":"shipping-taxable","18":"purchasable","19":"product-type-simple"},"yoast_head":"<!-- This site is optimized with the Yoast SEO plugin v27.4 - https:\/\/yoast.com\/product\/yoast-seo-wordpress\/ -->\n<title>Pack ESSENCIALS GR Cl\u00e1sicos Boles d&#039;olor - Anaroma Nature - Tienda<\/title>\n<meta name=\"description\" content=\"Pack ESSENCIALS GR Cl\u00e1sicos. Pack formado por: 1 Brumizador Essencials 600ml\u00a0 y 2 Brumas de Ambiente 50 ml (Frutos Rojos y Cotonet) Frutos\" \/>\n<meta name=\"robots\" content=\"index, follow, max-snippet:-1, max-image-preview:large, max-video-preview:-1\" \/>\n<link rel=\"canonical\" href=\"https:\/\/www.anaromanature.com\/index.php\/producto\/pack-essencials-gr-clasicos\/\" \/>\n<meta property=\"og:locale\" content=\"es_ES\" \/>\n<meta property=\"og:type\" content=\"article\" \/>\n<meta property=\"og:title\" content=\"Pack ESSENCIALS GR Cl\u00e1sicos Boles d&#039;olor - Anaroma Nature - Tienda\" \/>\n<meta property=\"og:description\" content=\"Pack ESSENCIALS GR Cl\u00e1sicos. Pack formado por: 1 Brumizador Essencials 600ml\u00a0 y 2 Brumas de Ambiente 50 ml (Frutos Rojos y Cotonet) Frutos\" \/>\n<meta property=\"og:url\" content=\"https:\/\/www.anaromanature.com\/index.php\/producto\/pack-essencials-gr-clasicos\/\" \/>\n<meta property=\"og:site_name\" content=\"Anaroma Nature\" \/>\n<meta property=\"article:publisher\" content=\"http:\/\/facebook.com\/Anaroma-326324794814915\" \/>\n<meta property=\"article:modified_time\" content=\"2025-01-10T16:24:01+00:00\" \/>\n<meta property=\"og:image\" content=\"https:\/\/www.anaromanature.com\/wp-content\/uploads\/2021\/07\/Pack-ESSENCIALS-GR-Clasicos.jpg\" \/>\n\t<meta property=\"og:image:width\" content=\"600\" \/>\n\t<meta property=\"og:image:height\" content=\"600\" \/>\n\t<meta property=\"og:image:type\" content=\"image\/jpeg\" \/>\n<meta name=\"twitter:card\" content=\"summary_large_image\" \/>\n<meta name=\"twitter:label1\" content=\"Tiempo de lectura\" \/>\n\t<meta name=\"twitter:data1\" content=\"2 minutos\" \/>\n<script type=\"application\/ld+json\" class=\"yoast-schema-graph\">{\"@context\":\"https:\\\/\\\/schema.org\",\"@graph\":[{\"@type\":\"WebPage\",\"@id\":\"https:\\\/\\\/www.anaromanature.com\\\/index.php\\\/producto\\\/pack-essencials-gr-clasicos\\\/\",\"url\":\"https:\\\/\\\/www.anaromanature.com\\\/index.php\\\/producto\\\/pack-essencials-gr-clasicos\\\/\",\"name\":\"Pack ESSENCIALS GR Cl\u00e1sicos Boles d'olor - Anaroma Nature - Tienda\",\"isPartOf\":{\"@id\":\"https:\\\/\\\/www.anaromanature.com\\\/#website\"},\"primaryImageOfPage\":{\"@id\":\"https:\\\/\\\/www.anaromanature.com\\\/index.php\\\/producto\\\/pack-essencials-gr-clasicos\\\/#primaryimage\"},\"image\":{\"@id\":\"https:\\\/\\\/www.anaromanature.com\\\/index.php\\\/producto\\\/pack-essencials-gr-clasicos\\\/#primaryimage\"},\"thumbnailUrl\":\"https:\\\/\\\/www.anaromanature.com\\\/wp-content\\\/uploads\\\/2021\\\/07\\\/Pack-ESSENCIALS-GR-Clasicos.jpg\",\"datePublished\":\"2021-07-19T17:46:06+00:00\",\"dateModified\":\"2025-01-10T16:24:01+00:00\",\"description\":\"Pack ESSENCIALS GR Cl\u00e1sicos. Pack formado por: 1 Brumizador Essencials 600ml\u00a0 y 2 Brumas de Ambiente 50 ml (Frutos Rojos y Cotonet) Frutos\",\"breadcrumb\":{\"@id\":\"https:\\\/\\\/www.anaromanature.com\\\/index.php\\\/producto\\\/pack-essencials-gr-clasicos\\\/#breadcrumb\"},\"inLanguage\":\"es\",\"potentialAction\":[{\"@type\":\"ReadAction\",\"target\":[\"https:\\\/\\\/www.anaromanature.com\\\/index.php\\\/producto\\\/pack-essencials-gr-clasicos\\\/\"]}]},{\"@type\":\"ImageObject\",\"inLanguage\":\"es\",\"@id\":\"https:\\\/\\\/www.anaromanature.com\\\/index.php\\\/producto\\\/pack-essencials-gr-clasicos\\\/#primaryimage\",\"url\":\"https:\\\/\\\/www.anaromanature.com\\\/wp-content\\\/uploads\\\/2021\\\/07\\\/Pack-ESSENCIALS-GR-Clasicos.jpg\",\"contentUrl\":\"https:\\\/\\\/www.anaromanature.com\\\/wp-content\\\/uploads\\\/2021\\\/07\\\/Pack-ESSENCIALS-GR-Clasicos.jpg\",\"width\":600,\"height\":600,\"caption\":\"Pack ESSENCIALS GR Clasicos\"},{\"@type\":\"BreadcrumbList\",\"@id\":\"https:\\\/\\\/www.anaromanature.com\\\/index.php\\\/producto\\\/pack-essencials-gr-clasicos\\\/#breadcrumb\",\"itemListElement\":[{\"@type\":\"ListItem\",\"position\":1,\"name\":\"Portada\",\"item\":\"https:\\\/\\\/www.anaromanature.com\\\/\"},{\"@type\":\"ListItem\",\"position\":2,\"name\":\"Tienda\",\"item\":\"https:\\\/\\\/www.anaromanature.com\\\/index.php\\\/tienda-premium-online-anarome-nature\\\/\"},{\"@type\":\"ListItem\",\"position\":3,\"name\":\"Pack ESSENCIALS GR Cl\u00e1sicos\"}]},{\"@type\":\"WebSite\",\"@id\":\"https:\\\/\\\/www.anaromanature.com\\\/#website\",\"url\":\"https:\\\/\\\/www.anaromanature.com\\\/\",\"name\":\"Anaroma Nature\",\"description\":\"Aromas y color\",\"publisher\":{\"@id\":\"https:\\\/\\\/www.anaromanature.com\\\/#organization\"},\"potentialAction\":[{\"@type\":\"SearchAction\",\"target\":{\"@type\":\"EntryPoint\",\"urlTemplate\":\"https:\\\/\\\/www.anaromanature.com\\\/?s={search_term_string}\"},\"query-input\":{\"@type\":\"PropertyValueSpecification\",\"valueRequired\":true,\"valueName\":\"search_term_string\"}}],\"inLanguage\":\"es\"},{\"@type\":\"Organization\",\"@id\":\"https:\\\/\\\/www.anaromanature.com\\\/#organization\",\"name\":\"Anaroma Nature\",\"url\":\"https:\\\/\\\/www.anaromanature.com\\\/\",\"logo\":{\"@type\":\"ImageObject\",\"inLanguage\":\"es\",\"@id\":\"https:\\\/\\\/www.anaromanature.com\\\/#\\\/schema\\\/logo\\\/image\\\/\",\"url\":\"https:\\\/\\\/i2.wp.com\\\/www.anaromanature.com\\\/wp-content\\\/uploads\\\/2021\\\/02\\\/cropped-Logotipo-Anaroma-2.png?fit=290%2C288&ssl=1\",\"contentUrl\":\"https:\\\/\\\/i2.wp.com\\\/www.anaromanature.com\\\/wp-content\\\/uploads\\\/2021\\\/02\\\/cropped-Logotipo-Anaroma-2.png?fit=290%2C288&ssl=1\",\"width\":290,\"height\":288,\"caption\":\"Anaroma Nature\"},\"image\":{\"@id\":\"https:\\\/\\\/www.anaromanature.com\\\/#\\\/schema\\\/logo\\\/image\\\/\"},\"sameAs\":[\"http:\\\/\\\/facebook.com\\\/Anaroma-326324794814915\",\"http:\\\/\\\/instagram.com\\\/anaromanature\"]}]}<\/script>\n<!-- \/ Yoast SEO plugin. -->","yoast_head_json":{"title":"Pack ESSENCIALS GR Cl\u00e1sicos Boles d'olor - Anaroma Nature - Tienda","description":"Pack ESSENCIALS GR Cl\u00e1sicos. Pack formado por: 1 Brumizador Essencials 600ml\u00a0 y 2 Brumas de Ambiente 50 ml (Frutos Rojos y Cotonet) Frutos","robots":{"index":"index","follow":"follow","max-snippet":"max-snippet:-1","max-image-preview":"max-image-preview:large","max-video-preview":"max-video-preview:-1"},"canonical":"https:\/\/www.anaromanature.com\/index.php\/producto\/pack-essencials-gr-clasicos\/","og_locale":"es_ES","og_type":"article","og_title":"Pack ESSENCIALS GR Cl\u00e1sicos Boles d'olor - Anaroma Nature - Tienda","og_description":"Pack ESSENCIALS GR Cl\u00e1sicos. Pack formado por: 1 Brumizador Essencials 600ml\u00a0 y 2 Brumas de Ambiente 50 ml (Frutos Rojos y Cotonet) Frutos","og_url":"https:\/\/www.anaromanature.com\/index.php\/producto\/pack-essencials-gr-clasicos\/","og_site_name":"Anaroma Nature","article_publisher":"http:\/\/facebook.com\/Anaroma-326324794814915","article_modified_time":"2025-01-10T16:24:01+00:00","og_image":[{"width":600,"height":600,"url":"https:\/\/www.anaromanature.com\/wp-content\/uploads\/2021\/07\/Pack-ESSENCIALS-GR-Clasicos.jpg","type":"image\/jpeg"}],"twitter_card":"summary_large_image","twitter_misc":{"Tiempo de lectura":"2 minutos"},"schema":{"@context":"https:\/\/schema.org","@graph":[{"@type":"WebPage","@id":"https:\/\/www.anaromanature.com\/index.php\/producto\/pack-essencials-gr-clasicos\/","url":"https:\/\/www.anaromanature.com\/index.php\/producto\/pack-essencials-gr-clasicos\/","name":"Pack ESSENCIALS GR Cl\u00e1sicos Boles d'olor - Anaroma Nature - Tienda","isPartOf":{"@id":"https:\/\/www.anaromanature.com\/#website"},"primaryImageOfPage":{"@id":"https:\/\/www.anaromanature.com\/index.php\/producto\/pack-essencials-gr-clasicos\/#primaryimage"},"image":{"@id":"https:\/\/www.anaromanature.com\/index.php\/producto\/pack-essencials-gr-clasicos\/#primaryimage"},"thumbnailUrl":"https:\/\/www.anaromanature.com\/wp-content\/uploads\/2021\/07\/Pack-ESSENCIALS-GR-Clasicos.jpg","datePublished":"2021-07-19T17:46:06+00:00","dateModified":"2025-01-10T16:24:01+00:00","description":"Pack ESSENCIALS GR Cl\u00e1sicos. Pack formado por: 1 Brumizador Essencials 600ml\u00a0 y 2 Brumas de Ambiente 50 ml (Frutos Rojos y Cotonet) Frutos","breadcrumb":{"@id":"https:\/\/www.anaromanature.com\/index.php\/producto\/pack-essencials-gr-clasicos\/#breadcrumb"},"inLanguage":"es","potentialAction":[{"@type":"ReadAction","target":["https:\/\/www.anaromanature.com\/index.php\/producto\/pack-essencials-gr-clasicos\/"]}]},{"@type":"ImageObject","inLanguage":"es","@id":"https:\/\/www.anaromanature.com\/index.php\/producto\/pack-essencials-gr-clasicos\/#primaryimage","url":"https:\/\/www.anaromanature.com\/wp-content\/uploads\/2021\/07\/Pack-ESSENCIALS-GR-Clasicos.jpg","contentUrl":"https:\/\/www.anaromanature.com\/wp-content\/uploads\/2021\/07\/Pack-ESSENCIALS-GR-Clasicos.jpg","width":600,"height":600,"caption":"Pack ESSENCIALS GR Clasicos"},{"@type":"BreadcrumbList","@id":"https:\/\/www.anaromanature.com\/index.php\/producto\/pack-essencials-gr-clasicos\/#breadcrumb","itemListElement":[{"@type":"ListItem","position":1,"name":"Portada","item":"https:\/\/www.anaromanature.com\/"},{"@type":"ListItem","position":2,"name":"Tienda","item":"https:\/\/www.anaromanature.com\/index.php\/tienda-premium-online-anarome-nature\/"},{"@type":"ListItem","position":3,"name":"Pack ESSENCIALS GR Cl\u00e1sicos"}]},{"@type":"WebSite","@id":"https:\/\/www.anaromanature.com\/#website","url":"https:\/\/www.anaromanature.com\/","name":"Anaroma Nature","description":"Aromas y color","publisher":{"@id":"https:\/\/www.anaromanature.com\/#organization"},"potentialAction":[{"@type":"SearchAction","target":{"@type":"EntryPoint","urlTemplate":"https:\/\/www.anaromanature.com\/?s={search_term_string}"},"query-input":{"@type":"PropertyValueSpecification","valueRequired":true,"valueName":"search_term_string"}}],"inLanguage":"es"},{"@type":"Organization","@id":"https:\/\/www.anaromanature.com\/#organization","name":"Anaroma Nature","url":"https:\/\/www.anaromanature.com\/","logo":{"@type":"ImageObject","inLanguage":"es","@id":"https:\/\/www.anaromanature.com\/#\/schema\/logo\/image\/","url":"https:\/\/i2.wp.com\/www.anaromanature.com\/wp-content\/uploads\/2021\/02\/cropped-Logotipo-Anaroma-2.png?fit=290%2C288&ssl=1","contentUrl":"https:\/\/i2.wp.com\/www.anaromanature.com\/wp-content\/uploads\/2021\/02\/cropped-Logotipo-Anaroma-2.png?fit=290%2C288&ssl=1","width":290,"height":288,"caption":"Anaroma Nature"},"image":{"@id":"https:\/\/www.anaromanature.com\/#\/schema\/logo\/image\/"},"sameAs":["http:\/\/facebook.com\/Anaroma-326324794814915","http:\/\/instagram.com\/anaromanature"]}]}},"_links":{"self":[{"href":"https:\/\/www.anaromanature.com\/index.php\/wp-json\/wp\/v2\/product\/4132","targetHints":{"allow":["GET"]}}],"collection":[{"href":"https:\/\/www.anaromanature.com\/index.php\/wp-json\/wp\/v2\/product"}],"about":[{"href":"https:\/\/www.anaromanature.com\/index.php\/wp-json\/wp\/v2\/types\/product"}],"replies":[{"embeddable":true,"href":"https:\/\/www.anaromanature.com\/index.php\/wp-json\/wp\/v2\/comments?post=4132"}],"wp:featuredmedia":[{"embeddable":true,"href":"https:\/\/www.anaromanature.com\/index.php\/wp-json\/wp\/v2\/media\/4133"}],"wp:attachment":[{"href":"https:\/\/www.anaromanature.com\/index.php\/wp-json\/wp\/v2\/media?parent=4132"}],"wp:term":[{"taxonomy":"product_brand","embeddable":true,"href":"https:\/\/www.anaromanature.com\/index.php\/wp-json\/wp\/v2\/product_brand?post=4132"},{"taxonomy":"product_cat","embeddable":true,"href":"https:\/\/www.anaromanature.com\/index.php\/wp-json\/wp\/v2\/product_cat?post=4132"},{"taxonomy":"product_tag","embeddable":true,"href":"https:\/\/www.anaromanature.com\/index.php\/wp-json\/wp\/v2\/product_tag?post=4132"}],"curies":[{"name":"wp","href":"https:\/\/api.w.org\/{rel}","templated":true}]}}