{"id":4187,"date":"2021-08-31T19:16:12","date_gmt":"2021-08-31T18:16:12","guid":{"rendered":"https:\/\/www.anaromanature.com\/?post_type=product&#038;p=4187"},"modified":"2025-01-10T16:46:59","modified_gmt":"2025-01-10T15:46:59","slug":"sachet-perfumado-lavanda","status":"publish","type":"product","link":"https:\/\/www.anaromanature.com\/index.php\/producto\/sachet-perfumado-lavanda\/","title":{"rendered":"Sachet Perfumado Lavanda"},"content":{"rendered":"<p>Sachet Perfumado Lavanda<\/p>\n<p>Sobres de ambiente para perfumar diferentes lugares.<\/p>\n<p>Si queremos conseguir que nuestros armarios, maletas, coches, etc., se mantengan perfumados por m\u00e1s tiempo, es necesarios que introduzcamos alguna soluci\u00f3n en ellos.<\/p>\n<p>Los sachets, de gran tama\u00f1o, son una soluci\u00f3n muy apropiada para tal fin, duraderos, intensos.<\/p>\n<p>Es importante resaltar que si lo que buscamos es ambientar un gran espacio, es el formato ideal ya que tienen gran intensidad.<\/p>\n<p>Por el producto con el que est\u00e1n fabricados debemos saber que son capaces de absorber humedad hasta 20 veces su peso.<\/p>\n<p>Otro uso que le podemos dar a los sachets, es en el aspirador; basta con poner una peque\u00f1a cantidad en el suelo y aspirarla.<\/p>\n<p>De esta manera a medida que limpiamos nuestro suelo, iremos perfumando las habitaciones por donde pasemos.<\/p>\n<p>En el coche lo podemos ubicar entre los asientos delanteros o bajo las alfombrillas, sin impedir as\u00ed la visi\u00f3n al tenerlo colgado del espejo retrovisor.<\/p>\n<p>Ideales para regalar.<\/p>\n<p>Nosotros te hemos propuesto una serie de ideas para usarlos \u00bfquieres compartir con nosotros alguna idea m\u00e1s donde poder usar los sachets?<\/p>\n<p>Sachet Perfumado Lavanda<\/p>\n<p>Perfuma tu hogar con\u00a0<a href=\"https:\/\/www.anaromanature.com\/\">Anaroma Nature<\/a><\/p>\n<p><a href=\"mailto:%20info@anaromanature.com\">Cons\u00faltanos\u00a0<\/a>lo que necesites saber o aclarar.<\/p>\n<p>Visita nuestro\u00a0<a href=\"https:\/\/www.instagram.com\/anaromanature\/\">Instagram<\/a>.<\/p>\n","protected":false},"excerpt":{"rendered":"<p>&nbsp;<\/p>\n<ul>\n<li>\n<ul>\n<li class=\"fusion-responsive-typography-calculated\" data-fontsize=\"16.38\" data-lineheight=\"26.208px\">\n<ul>\n<li>\n<ul>\n<li class=\"fusion-responsive-typography-calculated\" data-fontsize=\"16.38\" data-lineheight=\"26.208px\">\n<ul>\n<li class=\"fusion-responsive-typography-calculated\" data-fontsize=\"16.38\" data-lineheight=\"26.208px\">\n<h4>Floral<\/h4>\n<\/li>\n<\/ul>\n<p>El aspecto m\u00e1s natural y silvestre de las Lavandas. Un cl\u00e1sico atemporal que llenar\u00e1 tu hogar de calma y relajaci\u00f3n con el caracteristico aroma de los montes mediterraneos.<\/p>\n<p><strong>Notas de fragancia<\/strong><\/p>\n<ul>\n<li><strong>Salida:\u00a0<\/strong>Lavanda, Romero, Espliego, y Bergamota.<\/li>\n<li><strong>Coraz\u00f3n:\u00a0<\/strong>Hojas de Limonero, Tomillo, Salvia y Geranio.<\/li>\n<li><strong>Fondo:\u00a0<\/strong>Musgo de Encinas, madera de Cedro, S\u00e1ndalo, Tonka, Clavo y Almizcle.<\/li>\n<\/ul>\n<\/li>\n<\/ul>\n<\/li>\n<\/ul>\n<\/li>\n<\/ul>\n<\/li>\n<\/ul>\n","protected":false},"featured_media":4184,"comment_status":"open","ping_status":"closed","template":"","meta":{"_joinchat":[]},"product_brand":[],"product_cat":[110,26,559],"product_tag":[42,132,43,108],"class_list":{"0":"post-4187","1":"product","2":"type-product","3":"status-publish","4":"has-post-thumbnail","6":"product_cat-armarios-perfumados","7":"product_cat-boles-dolor-un-mundo-de-suenos-fragantes","8":"product_cat-sachet-ambients","9":"product_tag-ambientador","10":"product_tag-armario","11":"product_tag-floral","12":"product_tag-sachet","13":"latest_post","15":"first","16":"outofstock","17":"taxable","18":"shipping-taxable","19":"purchasable","20":"product-type-simple"},"yoast_head":"<!-- This site is optimized with the Yoast SEO plugin v27.4 - https:\/\/yoast.com\/product\/yoast-seo-wordpress\/ -->\n<title>Sachet Perfumado Lavanda - Anaroma Nature - Tienda Premium<\/title>\n<meta name=\"description\" content=\"Sachet Perfumado Lavanda. Sobres de ambiente para perfumar diferentes lugares. Si queremos conseguir que nuestros armarios, maletas,\" \/>\n<meta name=\"robots\" content=\"index, follow, max-snippet:-1, max-image-preview:large, max-video-preview:-1\" \/>\n<link rel=\"canonical\" href=\"https:\/\/www.anaromanature.com\/index.php\/producto\/sachet-perfumado-lavanda\/\" \/>\n<meta property=\"og:locale\" content=\"es_ES\" \/>\n<meta property=\"og:type\" content=\"article\" \/>\n<meta property=\"og:title\" content=\"Sachet Perfumado Lavanda - Anaroma Nature - Tienda Premium\" \/>\n<meta property=\"og:description\" content=\"Sachet Perfumado Lavanda. Sobres de ambiente para perfumar diferentes lugares. Si queremos conseguir que nuestros armarios, maletas,\" \/>\n<meta property=\"og:url\" content=\"https:\/\/www.anaromanature.com\/index.php\/producto\/sachet-perfumado-lavanda\/\" \/>\n<meta property=\"og:site_name\" content=\"Anaroma Nature\" \/>\n<meta property=\"article:publisher\" content=\"http:\/\/facebook.com\/Anaroma-326324794814915\" \/>\n<meta property=\"article:modified_time\" content=\"2025-01-10T15:46:59+00:00\" \/>\n<meta property=\"og:image\" content=\"https:\/\/www.anaromanature.com\/wp-content\/uploads\/2021\/08\/A86649AD-33BF-4C77-AE70-F96F7DF71B61-scaled.jpeg\" \/>\n\t<meta property=\"og:image:width\" content=\"600\" \/>\n\t<meta property=\"og:image:height\" content=\"600\" \/>\n\t<meta property=\"og:image:type\" content=\"image\/jpeg\" \/>\n<meta name=\"twitter:card\" content=\"summary_large_image\" \/>\n<meta name=\"twitter:label1\" content=\"Tiempo de lectura\" \/>\n\t<meta name=\"twitter:data1\" content=\"1 minuto\" \/>\n<script type=\"application\/ld+json\" class=\"yoast-schema-graph\">{\"@context\":\"https:\\\/\\\/schema.org\",\"@graph\":[{\"@type\":\"WebPage\",\"@id\":\"https:\\\/\\\/www.anaromanature.com\\\/index.php\\\/producto\\\/sachet-perfumado-lavanda\\\/\",\"url\":\"https:\\\/\\\/www.anaromanature.com\\\/index.php\\\/producto\\\/sachet-perfumado-lavanda\\\/\",\"name\":\"Sachet Perfumado Lavanda - Anaroma Nature - Tienda Premium\",\"isPartOf\":{\"@id\":\"https:\\\/\\\/www.anaromanature.com\\\/#website\"},\"primaryImageOfPage\":{\"@id\":\"https:\\\/\\\/www.anaromanature.com\\\/index.php\\\/producto\\\/sachet-perfumado-lavanda\\\/#primaryimage\"},\"image\":{\"@id\":\"https:\\\/\\\/www.anaromanature.com\\\/index.php\\\/producto\\\/sachet-perfumado-lavanda\\\/#primaryimage\"},\"thumbnailUrl\":\"https:\\\/\\\/www.anaromanature.com\\\/wp-content\\\/uploads\\\/2021\\\/08\\\/A86649AD-33BF-4C77-AE70-F96F7DF71B61-scaled.jpeg\",\"datePublished\":\"2021-08-31T18:16:12+00:00\",\"dateModified\":\"2025-01-10T15:46:59+00:00\",\"description\":\"Sachet Perfumado Lavanda. Sobres de ambiente para perfumar diferentes lugares. Si queremos conseguir que nuestros armarios, maletas,\",\"breadcrumb\":{\"@id\":\"https:\\\/\\\/www.anaromanature.com\\\/index.php\\\/producto\\\/sachet-perfumado-lavanda\\\/#breadcrumb\"},\"inLanguage\":\"es\",\"potentialAction\":[{\"@type\":\"ReadAction\",\"target\":[\"https:\\\/\\\/www.anaromanature.com\\\/index.php\\\/producto\\\/sachet-perfumado-lavanda\\\/\"]}]},{\"@type\":\"ImageObject\",\"inLanguage\":\"es\",\"@id\":\"https:\\\/\\\/www.anaromanature.com\\\/index.php\\\/producto\\\/sachet-perfumado-lavanda\\\/#primaryimage\",\"url\":\"https:\\\/\\\/www.anaromanature.com\\\/wp-content\\\/uploads\\\/2021\\\/08\\\/A86649AD-33BF-4C77-AE70-F96F7DF71B61-scaled.jpeg\",\"contentUrl\":\"https:\\\/\\\/www.anaromanature.com\\\/wp-content\\\/uploads\\\/2021\\\/08\\\/A86649AD-33BF-4C77-AE70-F96F7DF71B61-scaled.jpeg\",\"width\":600,\"height\":600,\"caption\":\"A86649AD 33BF 4C77 AE70 F96F7DF71B61\"},{\"@type\":\"BreadcrumbList\",\"@id\":\"https:\\\/\\\/www.anaromanature.com\\\/index.php\\\/producto\\\/sachet-perfumado-lavanda\\\/#breadcrumb\",\"itemListElement\":[{\"@type\":\"ListItem\",\"position\":1,\"name\":\"Portada\",\"item\":\"https:\\\/\\\/www.anaromanature.com\\\/\"},{\"@type\":\"ListItem\",\"position\":2,\"name\":\"Tienda\",\"item\":\"https:\\\/\\\/www.anaromanature.com\\\/index.php\\\/tienda-premium-online-anarome-nature\\\/\"},{\"@type\":\"ListItem\",\"position\":3,\"name\":\"Sachet Perfumado Lavanda\"}]},{\"@type\":\"WebSite\",\"@id\":\"https:\\\/\\\/www.anaromanature.com\\\/#website\",\"url\":\"https:\\\/\\\/www.anaromanature.com\\\/\",\"name\":\"Anaroma Nature\",\"description\":\"Aromas y color\",\"publisher\":{\"@id\":\"https:\\\/\\\/www.anaromanature.com\\\/#organization\"},\"potentialAction\":[{\"@type\":\"SearchAction\",\"target\":{\"@type\":\"EntryPoint\",\"urlTemplate\":\"https:\\\/\\\/www.anaromanature.com\\\/?s={search_term_string}\"},\"query-input\":{\"@type\":\"PropertyValueSpecification\",\"valueRequired\":true,\"valueName\":\"search_term_string\"}}],\"inLanguage\":\"es\"},{\"@type\":\"Organization\",\"@id\":\"https:\\\/\\\/www.anaromanature.com\\\/#organization\",\"name\":\"Anaroma Nature\",\"url\":\"https:\\\/\\\/www.anaromanature.com\\\/\",\"logo\":{\"@type\":\"ImageObject\",\"inLanguage\":\"es\",\"@id\":\"https:\\\/\\\/www.anaromanature.com\\\/#\\\/schema\\\/logo\\\/image\\\/\",\"url\":\"https:\\\/\\\/i2.wp.com\\\/www.anaromanature.com\\\/wp-content\\\/uploads\\\/2021\\\/02\\\/cropped-Logotipo-Anaroma-2.png?fit=290%2C288&ssl=1\",\"contentUrl\":\"https:\\\/\\\/i2.wp.com\\\/www.anaromanature.com\\\/wp-content\\\/uploads\\\/2021\\\/02\\\/cropped-Logotipo-Anaroma-2.png?fit=290%2C288&ssl=1\",\"width\":290,\"height\":288,\"caption\":\"Anaroma Nature\"},\"image\":{\"@id\":\"https:\\\/\\\/www.anaromanature.com\\\/#\\\/schema\\\/logo\\\/image\\\/\"},\"sameAs\":[\"http:\\\/\\\/facebook.com\\\/Anaroma-326324794814915\",\"http:\\\/\\\/instagram.com\\\/anaromanature\"]}]}<\/script>\n<!-- \/ Yoast SEO plugin. -->","yoast_head_json":{"title":"Sachet Perfumado Lavanda - Anaroma Nature - Tienda Premium","description":"Sachet Perfumado Lavanda. Sobres de ambiente para perfumar diferentes lugares. Si queremos conseguir que nuestros armarios, maletas,","robots":{"index":"index","follow":"follow","max-snippet":"max-snippet:-1","max-image-preview":"max-image-preview:large","max-video-preview":"max-video-preview:-1"},"canonical":"https:\/\/www.anaromanature.com\/index.php\/producto\/sachet-perfumado-lavanda\/","og_locale":"es_ES","og_type":"article","og_title":"Sachet Perfumado Lavanda - Anaroma Nature - Tienda Premium","og_description":"Sachet Perfumado Lavanda. Sobres de ambiente para perfumar diferentes lugares. Si queremos conseguir que nuestros armarios, maletas,","og_url":"https:\/\/www.anaromanature.com\/index.php\/producto\/sachet-perfumado-lavanda\/","og_site_name":"Anaroma Nature","article_publisher":"http:\/\/facebook.com\/Anaroma-326324794814915","article_modified_time":"2025-01-10T15:46:59+00:00","og_image":[{"width":600,"height":600,"url":"https:\/\/www.anaromanature.com\/wp-content\/uploads\/2021\/08\/A86649AD-33BF-4C77-AE70-F96F7DF71B61-scaled.jpeg","type":"image\/jpeg"}],"twitter_card":"summary_large_image","twitter_misc":{"Tiempo de lectura":"1 minuto"},"schema":{"@context":"https:\/\/schema.org","@graph":[{"@type":"WebPage","@id":"https:\/\/www.anaromanature.com\/index.php\/producto\/sachet-perfumado-lavanda\/","url":"https:\/\/www.anaromanature.com\/index.php\/producto\/sachet-perfumado-lavanda\/","name":"Sachet Perfumado Lavanda - Anaroma Nature - Tienda Premium","isPartOf":{"@id":"https:\/\/www.anaromanature.com\/#website"},"primaryImageOfPage":{"@id":"https:\/\/www.anaromanature.com\/index.php\/producto\/sachet-perfumado-lavanda\/#primaryimage"},"image":{"@id":"https:\/\/www.anaromanature.com\/index.php\/producto\/sachet-perfumado-lavanda\/#primaryimage"},"thumbnailUrl":"https:\/\/www.anaromanature.com\/wp-content\/uploads\/2021\/08\/A86649AD-33BF-4C77-AE70-F96F7DF71B61-scaled.jpeg","datePublished":"2021-08-31T18:16:12+00:00","dateModified":"2025-01-10T15:46:59+00:00","description":"Sachet Perfumado Lavanda. Sobres de ambiente para perfumar diferentes lugares. Si queremos conseguir que nuestros armarios, maletas,","breadcrumb":{"@id":"https:\/\/www.anaromanature.com\/index.php\/producto\/sachet-perfumado-lavanda\/#breadcrumb"},"inLanguage":"es","potentialAction":[{"@type":"ReadAction","target":["https:\/\/www.anaromanature.com\/index.php\/producto\/sachet-perfumado-lavanda\/"]}]},{"@type":"ImageObject","inLanguage":"es","@id":"https:\/\/www.anaromanature.com\/index.php\/producto\/sachet-perfumado-lavanda\/#primaryimage","url":"https:\/\/www.anaromanature.com\/wp-content\/uploads\/2021\/08\/A86649AD-33BF-4C77-AE70-F96F7DF71B61-scaled.jpeg","contentUrl":"https:\/\/www.anaromanature.com\/wp-content\/uploads\/2021\/08\/A86649AD-33BF-4C77-AE70-F96F7DF71B61-scaled.jpeg","width":600,"height":600,"caption":"A86649AD 33BF 4C77 AE70 F96F7DF71B61"},{"@type":"BreadcrumbList","@id":"https:\/\/www.anaromanature.com\/index.php\/producto\/sachet-perfumado-lavanda\/#breadcrumb","itemListElement":[{"@type":"ListItem","position":1,"name":"Portada","item":"https:\/\/www.anaromanature.com\/"},{"@type":"ListItem","position":2,"name":"Tienda","item":"https:\/\/www.anaromanature.com\/index.php\/tienda-premium-online-anarome-nature\/"},{"@type":"ListItem","position":3,"name":"Sachet Perfumado Lavanda"}]},{"@type":"WebSite","@id":"https:\/\/www.anaromanature.com\/#website","url":"https:\/\/www.anaromanature.com\/","name":"Anaroma Nature","description":"Aromas y color","publisher":{"@id":"https:\/\/www.anaromanature.com\/#organization"},"potentialAction":[{"@type":"SearchAction","target":{"@type":"EntryPoint","urlTemplate":"https:\/\/www.anaromanature.com\/?s={search_term_string}"},"query-input":{"@type":"PropertyValueSpecification","valueRequired":true,"valueName":"search_term_string"}}],"inLanguage":"es"},{"@type":"Organization","@id":"https:\/\/www.anaromanature.com\/#organization","name":"Anaroma Nature","url":"https:\/\/www.anaromanature.com\/","logo":{"@type":"ImageObject","inLanguage":"es","@id":"https:\/\/www.anaromanature.com\/#\/schema\/logo\/image\/","url":"https:\/\/i2.wp.com\/www.anaromanature.com\/wp-content\/uploads\/2021\/02\/cropped-Logotipo-Anaroma-2.png?fit=290%2C288&ssl=1","contentUrl":"https:\/\/i2.wp.com\/www.anaromanature.com\/wp-content\/uploads\/2021\/02\/cropped-Logotipo-Anaroma-2.png?fit=290%2C288&ssl=1","width":290,"height":288,"caption":"Anaroma Nature"},"image":{"@id":"https:\/\/www.anaromanature.com\/#\/schema\/logo\/image\/"},"sameAs":["http:\/\/facebook.com\/Anaroma-326324794814915","http:\/\/instagram.com\/anaromanature"]}]}},"_links":{"self":[{"href":"https:\/\/www.anaromanature.com\/index.php\/wp-json\/wp\/v2\/product\/4187","targetHints":{"allow":["GET"]}}],"collection":[{"href":"https:\/\/www.anaromanature.com\/index.php\/wp-json\/wp\/v2\/product"}],"about":[{"href":"https:\/\/www.anaromanature.com\/index.php\/wp-json\/wp\/v2\/types\/product"}],"replies":[{"embeddable":true,"href":"https:\/\/www.anaromanature.com\/index.php\/wp-json\/wp\/v2\/comments?post=4187"}],"wp:featuredmedia":[{"embeddable":true,"href":"https:\/\/www.anaromanature.com\/index.php\/wp-json\/wp\/v2\/media\/4184"}],"wp:attachment":[{"href":"https:\/\/www.anaromanature.com\/index.php\/wp-json\/wp\/v2\/media?parent=4187"}],"wp:term":[{"taxonomy":"product_brand","embeddable":true,"href":"https:\/\/www.anaromanature.com\/index.php\/wp-json\/wp\/v2\/product_brand?post=4187"},{"taxonomy":"product_cat","embeddable":true,"href":"https:\/\/www.anaromanature.com\/index.php\/wp-json\/wp\/v2\/product_cat?post=4187"},{"taxonomy":"product_tag","embeddable":true,"href":"https:\/\/www.anaromanature.com\/index.php\/wp-json\/wp\/v2\/product_tag?post=4187"}],"curies":[{"name":"wp","href":"https:\/\/api.w.org\/{rel}","templated":true}]}}