{"id":4452,"date":"2021-09-30T18:48:39","date_gmt":"2021-09-30T17:48:39","guid":{"rendered":"https:\/\/www.anaromanature.com\/?post_type=product&#038;p=4452"},"modified":"2025-01-10T16:55:50","modified_gmt":"2025-01-10T15:55:50","slug":"aceite-concentrado-onix-10ml","status":"publish","type":"product","link":"https:\/\/www.anaromanature.com\/index.php\/producto\/aceite-concentrado-onix-10ml\/","title":{"rendered":"Aceite Concentrado Onix 10ml"},"content":{"rendered":"<p>Aceite Concentrado Onix 10ml<\/p>\n<p>Los aceites concentrados de Boles d&#8217;olor son ideales para descubrir nuevos aromas.<\/p>\n<p>Est\u00e1n pensados para poderse usar de varias maneras; ya sea como aceites de perfume para los tradicionales quemadores o bien para los brumizadores.<\/p>\n<p><strong>Usos:\u00a0<\/strong><\/p>\n<ul>\n<li><strong>Quemadores de esencias:<\/strong> llena la parte superior con agua y pon unas gotas en ella; coloca la vela de t\u00e9 en la parte inferior y enci\u00e9ndela. A los pocos minutos percibir\u00e1s su agradable e intenso aroma.<\/li>\n<li><strong>Brumizadores Boles d&#8217;olor:<\/strong> una vez lleno el dep\u00f3sito con agua mineral, vierte unas gotas en el agua y presiona el bot\u00f3n de encendido. Inmediatamente\u00a0 percibir\u00e1s el aroma por toda la habitaci\u00f3n.<\/li>\n<\/ul>\n<p>Aunque la concentraci\u00f3n de estos botes es elevada, no llega al mismo nivel de las brumas de ambiente, por lo que es posible que sea necesario poner alguna gota m\u00e1s que cuando usas las brumas.<\/p>\n<p>Si est\u00e1s pensando en hacer un regalo pr\u00f3ximamente y no sabes si vas a acertar con el aroma que has elegido con el modelo de brumizador, con este formato puedes a\u00f1adir un par de aromas para que pruebe.<\/p>\n<p>Aceite Concentrado Onix 10ml<\/p>\n<p>Perfuma tu hogar con\u00a0<a href=\"https:\/\/www.anaromanature.com\/\">Anaroma Nature<\/a><\/p>\n<p><a href=\"mailto:%20info@anaromanature.com\">Cons\u00faltanos\u00a0<\/a>lo que necesites saber o aclarar.<\/p>\n<p>Visita nuestro\u00a0<a href=\"https:\/\/www.instagram.com\/anaromanature\/\">Instagram<\/a>.<\/p>\n<p>&nbsp;<\/p>\n","protected":false},"excerpt":{"rendered":"<p>&nbsp;<\/p>\n<ul>\n<li>\n<ul>\n<li class=\"fusion-responsive-typography-calculated\" data-fontsize=\"16.38\" data-lineheight=\"26.208px\">\n<ul>\n<li>\n<ul>\n<li class=\"fusion-responsive-typography-calculated\" data-fontsize=\"16.38\" data-lineheight=\"26.208px\">\n<ul>\n<li class=\"fusion-responsive-typography-calculated\" data-fontsize=\"16.38\" data-lineheight=\"26.208px\">\n<ul>\n<li class=\"fusion-responsive-typography-calculated\" data-fontsize=\"16.38\" data-lineheight=\"26.208px\">\n<h4>Fresco \u25cf Amaderado<\/h4>\n<\/li>\n<\/ul>\n<p>Con presencia y car\u00e1cter, s\u00f3lida como un \u00f3nix, esta fragancia promueve el vigor y la perseverancia.<\/p>\n<p><strong>Notas de fragancia<\/strong><\/p>\n<ul>\n<li><strong>Salida:\u00a0<\/strong>Cortezas de C\u00edtricos, Manzana \u00c1cida<\/li>\n<li><strong>Coraz\u00f3n:\u00a0<\/strong>Lavanda, Magnolia<\/li>\n<li><strong>Fondo:\u00a0<\/strong>\u00c1mbar Gris, Vetiver, Almizcle y Humo<\/li>\n<\/ul>\n<\/li>\n<\/ul>\n<\/li>\n<\/ul>\n<\/li>\n<\/ul>\n<\/li>\n<\/ul>\n<\/li>\n<\/ul>\n","protected":false},"featured_media":4453,"comment_status":"open","ping_status":"closed","template":"","meta":{"_joinchat":[]},"product_brand":[],"product_cat":[305,26,105],"product_tag":[90,42,53,565],"class_list":{"0":"post-4452","1":"product","2":"type-product","3":"status-publish","4":"has-post-thumbnail","6":"product_cat-aceite-de-perfume-10-ml","7":"product_cat-boles-dolor-un-mundo-de-suenos-fragantes","8":"product_cat-brumas-de-ambiente","9":"product_tag-amaderado","10":"product_tag-ambientador","11":"product_tag-fresco","12":"product_tag-mini-bruma","13":"latest_post","15":"first","16":"instock","17":"taxable","18":"shipping-taxable","19":"purchasable","20":"product-type-simple"},"yoast_head":"<!-- This site is optimized with the Yoast SEO plugin v27.4 - https:\/\/yoast.com\/product\/yoast-seo-wordpress\/ -->\n<title>Aceite Concentrado Onix 10ml - Anaroma Nature - Tienda Premium<\/title>\n<meta name=\"description\" content=\"Aceite Concentrado Onix 10ml. Los aceites concentrados de Boles d&#039;olor son ideales para descubrir nuevos aromas. Est\u00e1n pensados para\" \/>\n<meta name=\"robots\" content=\"index, follow, max-snippet:-1, max-image-preview:large, max-video-preview:-1\" \/>\n<link rel=\"canonical\" href=\"https:\/\/www.anaromanature.com\/index.php\/producto\/aceite-concentrado-onix-10ml\/\" \/>\n<meta property=\"og:locale\" content=\"es_ES\" \/>\n<meta property=\"og:type\" content=\"article\" \/>\n<meta property=\"og:title\" content=\"Aceite Concentrado Onix 10ml - Anaroma Nature - Tienda Premium\" \/>\n<meta property=\"og:description\" content=\"Aceite Concentrado Onix 10ml. Los aceites concentrados de Boles d&#039;olor son ideales para descubrir nuevos aromas. Est\u00e1n pensados para\" \/>\n<meta property=\"og:url\" content=\"https:\/\/www.anaromanature.com\/index.php\/producto\/aceite-concentrado-onix-10ml\/\" \/>\n<meta property=\"og:site_name\" content=\"Anaroma Nature\" \/>\n<meta property=\"article:publisher\" content=\"http:\/\/facebook.com\/Anaroma-326324794814915\" \/>\n<meta property=\"article:modified_time\" content=\"2025-01-10T15:55:50+00:00\" \/>\n<meta property=\"og:image\" content=\"https:\/\/www.anaromanature.com\/wp-content\/uploads\/2021\/09\/Aceite-de-Perfume-Ambients-10-ml-Onix-0600387-scaled.jpg\" \/>\n\t<meta property=\"og:image:width\" content=\"600\" \/>\n\t<meta property=\"og:image:height\" content=\"600\" \/>\n\t<meta property=\"og:image:type\" content=\"image\/jpeg\" \/>\n<meta name=\"twitter:card\" content=\"summary_large_image\" \/>\n<meta name=\"twitter:label1\" content=\"Tiempo de lectura\" \/>\n\t<meta name=\"twitter:data1\" content=\"1 minuto\" \/>\n<script type=\"application\/ld+json\" class=\"yoast-schema-graph\">{\"@context\":\"https:\\\/\\\/schema.org\",\"@graph\":[{\"@type\":\"WebPage\",\"@id\":\"https:\\\/\\\/www.anaromanature.com\\\/index.php\\\/producto\\\/aceite-concentrado-onix-10ml\\\/\",\"url\":\"https:\\\/\\\/www.anaromanature.com\\\/index.php\\\/producto\\\/aceite-concentrado-onix-10ml\\\/\",\"name\":\"Aceite Concentrado Onix 10ml - Anaroma Nature - Tienda Premium\",\"isPartOf\":{\"@id\":\"https:\\\/\\\/www.anaromanature.com\\\/#website\"},\"primaryImageOfPage\":{\"@id\":\"https:\\\/\\\/www.anaromanature.com\\\/index.php\\\/producto\\\/aceite-concentrado-onix-10ml\\\/#primaryimage\"},\"image\":{\"@id\":\"https:\\\/\\\/www.anaromanature.com\\\/index.php\\\/producto\\\/aceite-concentrado-onix-10ml\\\/#primaryimage\"},\"thumbnailUrl\":\"https:\\\/\\\/www.anaromanature.com\\\/wp-content\\\/uploads\\\/2021\\\/09\\\/Aceite-de-Perfume-Ambients-10-ml-Onix-0600387-scaled.jpg\",\"datePublished\":\"2021-09-30T17:48:39+00:00\",\"dateModified\":\"2025-01-10T15:55:50+00:00\",\"description\":\"Aceite Concentrado Onix 10ml. Los aceites concentrados de Boles d'olor son ideales para descubrir nuevos aromas. Est\u00e1n pensados para\",\"breadcrumb\":{\"@id\":\"https:\\\/\\\/www.anaromanature.com\\\/index.php\\\/producto\\\/aceite-concentrado-onix-10ml\\\/#breadcrumb\"},\"inLanguage\":\"es\",\"potentialAction\":[{\"@type\":\"ReadAction\",\"target\":[\"https:\\\/\\\/www.anaromanature.com\\\/index.php\\\/producto\\\/aceite-concentrado-onix-10ml\\\/\"]}]},{\"@type\":\"ImageObject\",\"inLanguage\":\"es\",\"@id\":\"https:\\\/\\\/www.anaromanature.com\\\/index.php\\\/producto\\\/aceite-concentrado-onix-10ml\\\/#primaryimage\",\"url\":\"https:\\\/\\\/www.anaromanature.com\\\/wp-content\\\/uploads\\\/2021\\\/09\\\/Aceite-de-Perfume-Ambients-10-ml-Onix-0600387-scaled.jpg\",\"contentUrl\":\"https:\\\/\\\/www.anaromanature.com\\\/wp-content\\\/uploads\\\/2021\\\/09\\\/Aceite-de-Perfume-Ambients-10-ml-Onix-0600387-scaled.jpg\",\"width\":600,\"height\":600,\"caption\":\"Aceite de Perfume Ambients 10 ml Onix 0600387\"},{\"@type\":\"BreadcrumbList\",\"@id\":\"https:\\\/\\\/www.anaromanature.com\\\/index.php\\\/producto\\\/aceite-concentrado-onix-10ml\\\/#breadcrumb\",\"itemListElement\":[{\"@type\":\"ListItem\",\"position\":1,\"name\":\"Portada\",\"item\":\"https:\\\/\\\/www.anaromanature.com\\\/\"},{\"@type\":\"ListItem\",\"position\":2,\"name\":\"Tienda\",\"item\":\"https:\\\/\\\/www.anaromanature.com\\\/index.php\\\/tienda-premium-online-anarome-nature\\\/\"},{\"@type\":\"ListItem\",\"position\":3,\"name\":\"Aceite Concentrado Onix 10ml\"}]},{\"@type\":\"WebSite\",\"@id\":\"https:\\\/\\\/www.anaromanature.com\\\/#website\",\"url\":\"https:\\\/\\\/www.anaromanature.com\\\/\",\"name\":\"Anaroma Nature\",\"description\":\"Aromas y color\",\"publisher\":{\"@id\":\"https:\\\/\\\/www.anaromanature.com\\\/#organization\"},\"potentialAction\":[{\"@type\":\"SearchAction\",\"target\":{\"@type\":\"EntryPoint\",\"urlTemplate\":\"https:\\\/\\\/www.anaromanature.com\\\/?s={search_term_string}\"},\"query-input\":{\"@type\":\"PropertyValueSpecification\",\"valueRequired\":true,\"valueName\":\"search_term_string\"}}],\"inLanguage\":\"es\"},{\"@type\":\"Organization\",\"@id\":\"https:\\\/\\\/www.anaromanature.com\\\/#organization\",\"name\":\"Anaroma Nature\",\"url\":\"https:\\\/\\\/www.anaromanature.com\\\/\",\"logo\":{\"@type\":\"ImageObject\",\"inLanguage\":\"es\",\"@id\":\"https:\\\/\\\/www.anaromanature.com\\\/#\\\/schema\\\/logo\\\/image\\\/\",\"url\":\"https:\\\/\\\/i2.wp.com\\\/www.anaromanature.com\\\/wp-content\\\/uploads\\\/2021\\\/02\\\/cropped-Logotipo-Anaroma-2.png?fit=290%2C288&ssl=1\",\"contentUrl\":\"https:\\\/\\\/i2.wp.com\\\/www.anaromanature.com\\\/wp-content\\\/uploads\\\/2021\\\/02\\\/cropped-Logotipo-Anaroma-2.png?fit=290%2C288&ssl=1\",\"width\":290,\"height\":288,\"caption\":\"Anaroma Nature\"},\"image\":{\"@id\":\"https:\\\/\\\/www.anaromanature.com\\\/#\\\/schema\\\/logo\\\/image\\\/\"},\"sameAs\":[\"http:\\\/\\\/facebook.com\\\/Anaroma-326324794814915\",\"http:\\\/\\\/instagram.com\\\/anaromanature\"]}]}<\/script>\n<!-- \/ Yoast SEO plugin. -->","yoast_head_json":{"title":"Aceite Concentrado Onix 10ml - Anaroma Nature - Tienda Premium","description":"Aceite Concentrado Onix 10ml. Los aceites concentrados de Boles d'olor son ideales para descubrir nuevos aromas. Est\u00e1n pensados para","robots":{"index":"index","follow":"follow","max-snippet":"max-snippet:-1","max-image-preview":"max-image-preview:large","max-video-preview":"max-video-preview:-1"},"canonical":"https:\/\/www.anaromanature.com\/index.php\/producto\/aceite-concentrado-onix-10ml\/","og_locale":"es_ES","og_type":"article","og_title":"Aceite Concentrado Onix 10ml - Anaroma Nature - Tienda Premium","og_description":"Aceite Concentrado Onix 10ml. Los aceites concentrados de Boles d'olor son ideales para descubrir nuevos aromas. Est\u00e1n pensados para","og_url":"https:\/\/www.anaromanature.com\/index.php\/producto\/aceite-concentrado-onix-10ml\/","og_site_name":"Anaroma Nature","article_publisher":"http:\/\/facebook.com\/Anaroma-326324794814915","article_modified_time":"2025-01-10T15:55:50+00:00","og_image":[{"width":600,"height":600,"url":"https:\/\/www.anaromanature.com\/wp-content\/uploads\/2021\/09\/Aceite-de-Perfume-Ambients-10-ml-Onix-0600387-scaled.jpg","type":"image\/jpeg"}],"twitter_card":"summary_large_image","twitter_misc":{"Tiempo de lectura":"1 minuto"},"schema":{"@context":"https:\/\/schema.org","@graph":[{"@type":"WebPage","@id":"https:\/\/www.anaromanature.com\/index.php\/producto\/aceite-concentrado-onix-10ml\/","url":"https:\/\/www.anaromanature.com\/index.php\/producto\/aceite-concentrado-onix-10ml\/","name":"Aceite Concentrado Onix 10ml - Anaroma Nature - Tienda Premium","isPartOf":{"@id":"https:\/\/www.anaromanature.com\/#website"},"primaryImageOfPage":{"@id":"https:\/\/www.anaromanature.com\/index.php\/producto\/aceite-concentrado-onix-10ml\/#primaryimage"},"image":{"@id":"https:\/\/www.anaromanature.com\/index.php\/producto\/aceite-concentrado-onix-10ml\/#primaryimage"},"thumbnailUrl":"https:\/\/www.anaromanature.com\/wp-content\/uploads\/2021\/09\/Aceite-de-Perfume-Ambients-10-ml-Onix-0600387-scaled.jpg","datePublished":"2021-09-30T17:48:39+00:00","dateModified":"2025-01-10T15:55:50+00:00","description":"Aceite Concentrado Onix 10ml. Los aceites concentrados de Boles d'olor son ideales para descubrir nuevos aromas. Est\u00e1n pensados para","breadcrumb":{"@id":"https:\/\/www.anaromanature.com\/index.php\/producto\/aceite-concentrado-onix-10ml\/#breadcrumb"},"inLanguage":"es","potentialAction":[{"@type":"ReadAction","target":["https:\/\/www.anaromanature.com\/index.php\/producto\/aceite-concentrado-onix-10ml\/"]}]},{"@type":"ImageObject","inLanguage":"es","@id":"https:\/\/www.anaromanature.com\/index.php\/producto\/aceite-concentrado-onix-10ml\/#primaryimage","url":"https:\/\/www.anaromanature.com\/wp-content\/uploads\/2021\/09\/Aceite-de-Perfume-Ambients-10-ml-Onix-0600387-scaled.jpg","contentUrl":"https:\/\/www.anaromanature.com\/wp-content\/uploads\/2021\/09\/Aceite-de-Perfume-Ambients-10-ml-Onix-0600387-scaled.jpg","width":600,"height":600,"caption":"Aceite de Perfume Ambients 10 ml Onix 0600387"},{"@type":"BreadcrumbList","@id":"https:\/\/www.anaromanature.com\/index.php\/producto\/aceite-concentrado-onix-10ml\/#breadcrumb","itemListElement":[{"@type":"ListItem","position":1,"name":"Portada","item":"https:\/\/www.anaromanature.com\/"},{"@type":"ListItem","position":2,"name":"Tienda","item":"https:\/\/www.anaromanature.com\/index.php\/tienda-premium-online-anarome-nature\/"},{"@type":"ListItem","position":3,"name":"Aceite Concentrado Onix 10ml"}]},{"@type":"WebSite","@id":"https:\/\/www.anaromanature.com\/#website","url":"https:\/\/www.anaromanature.com\/","name":"Anaroma Nature","description":"Aromas y color","publisher":{"@id":"https:\/\/www.anaromanature.com\/#organization"},"potentialAction":[{"@type":"SearchAction","target":{"@type":"EntryPoint","urlTemplate":"https:\/\/www.anaromanature.com\/?s={search_term_string}"},"query-input":{"@type":"PropertyValueSpecification","valueRequired":true,"valueName":"search_term_string"}}],"inLanguage":"es"},{"@type":"Organization","@id":"https:\/\/www.anaromanature.com\/#organization","name":"Anaroma Nature","url":"https:\/\/www.anaromanature.com\/","logo":{"@type":"ImageObject","inLanguage":"es","@id":"https:\/\/www.anaromanature.com\/#\/schema\/logo\/image\/","url":"https:\/\/i2.wp.com\/www.anaromanature.com\/wp-content\/uploads\/2021\/02\/cropped-Logotipo-Anaroma-2.png?fit=290%2C288&ssl=1","contentUrl":"https:\/\/i2.wp.com\/www.anaromanature.com\/wp-content\/uploads\/2021\/02\/cropped-Logotipo-Anaroma-2.png?fit=290%2C288&ssl=1","width":290,"height":288,"caption":"Anaroma Nature"},"image":{"@id":"https:\/\/www.anaromanature.com\/#\/schema\/logo\/image\/"},"sameAs":["http:\/\/facebook.com\/Anaroma-326324794814915","http:\/\/instagram.com\/anaromanature"]}]}},"_links":{"self":[{"href":"https:\/\/www.anaromanature.com\/index.php\/wp-json\/wp\/v2\/product\/4452","targetHints":{"allow":["GET"]}}],"collection":[{"href":"https:\/\/www.anaromanature.com\/index.php\/wp-json\/wp\/v2\/product"}],"about":[{"href":"https:\/\/www.anaromanature.com\/index.php\/wp-json\/wp\/v2\/types\/product"}],"replies":[{"embeddable":true,"href":"https:\/\/www.anaromanature.com\/index.php\/wp-json\/wp\/v2\/comments?post=4452"}],"wp:featuredmedia":[{"embeddable":true,"href":"https:\/\/www.anaromanature.com\/index.php\/wp-json\/wp\/v2\/media\/4453"}],"wp:attachment":[{"href":"https:\/\/www.anaromanature.com\/index.php\/wp-json\/wp\/v2\/media?parent=4452"}],"wp:term":[{"taxonomy":"product_brand","embeddable":true,"href":"https:\/\/www.anaromanature.com\/index.php\/wp-json\/wp\/v2\/product_brand?post=4452"},{"taxonomy":"product_cat","embeddable":true,"href":"https:\/\/www.anaromanature.com\/index.php\/wp-json\/wp\/v2\/product_cat?post=4452"},{"taxonomy":"product_tag","embeddable":true,"href":"https:\/\/www.anaromanature.com\/index.php\/wp-json\/wp\/v2\/product_tag?post=4452"}],"curies":[{"name":"wp","href":"https:\/\/api.w.org\/{rel}","templated":true}]}}