{"id":4603,"date":"2021-10-31T17:19:05","date_gmt":"2021-10-31T16:19:05","guid":{"rendered":"https:\/\/www.anaromanature.com\/?post_type=product&#038;p=4603"},"modified":"2025-01-10T17:06:50","modified_gmt":"2025-01-10T16:06:50","slug":"incienso-flor-de-vainilla","status":"publish","type":"product","link":"https:\/\/www.anaromanature.com\/index.php\/producto\/incienso-flor-de-vainilla\/","title":{"rendered":"Incienso Flor de Vainilla"},"content":{"rendered":"<p>Incienso Flor de Vainilla<\/p>\n<p>Una forma de perfumar tu hogar de una manera diferente.<\/p>\n<p>Si eres amante de los aromas de Boles d&#8217;olor, disfruta de tu preferido en incienso tambi\u00e9n, descubrir\u00e1s algo nuevo.<\/p>\n<p>Crea una atm\u00f3sfera embriagadora en toda tu casa, dale rienda suelta a los sentidos y deja que todo fluya.<\/p>\n<p>S\u00f3lo tienes que&#8230;<em> encender y disfrutar.<\/em><\/p>\n<p>Fabricados a mano con madera de S\u00e1ndalo y resinas de Machilus.<\/p>\n<p>El producto se presenta en un tubo de unos 25 cm de largo en cuyo interior encontrar\u00e1s 16 varitas de puro placer.<\/p>\n<p>Cada una de ellas cuenta con una duraci\u00f3n aproximada de unos 45 minutos.<\/p>\n<p><strong>USO:<\/strong><\/p>\n<ul>\n<li>Destapa del tubo por cualquiera de sus extremos.<\/li>\n<li>Si no dispones de quemador de inciensos, puedes usar el tap\u00f3n ya que viene preparado para ello.<\/li>\n<li>Sujeta la varita por la madera y prende el extremo opuesto.<\/li>\n<li>Espera unos segundos y sopla la llama.<\/li>\n<li>Coloca la varita en el incensario.<\/li>\n<li>Si quieres apagarlo antes de que se consuma por completo, introduce la punta humeante en un vaso de agua.<\/li>\n<li>Dejar secar completamente al aire antes de volver a encenderlo.<\/li>\n<li>Guarda el incienso en un lugar aireado.<\/li>\n<li><\/li>\n<\/ul>\n<p>Incienso Flor de Vainilla<\/p>\n<p>Perfuma tu hogar con\u00a0<a href=\"https:\/\/www.anaromanature.com\/\">Anaroma Nature<\/a><\/p>\n<p><a href=\"mailto:%20info@anaromanature.com\">Cons\u00faltanos\u00a0<\/a>lo que necesites saber o aclarar.<\/p>\n<p>S\u00edguenos en <a href=\"https:\/\/www.instagram.com\/anaromanature\/\">Instagram<\/a>.<\/p>\n","protected":false},"excerpt":{"rendered":"<p>&nbsp;<\/p>\n<p>Cantidad: 16 varitas.<\/p>\n<p>Duraci\u00f3n: 30 &#8211; 45 min.<\/p>\n<ul>\n<li class=\"fusion-responsive-typography-calculated\" data-fontsize=\"16.38\" data-lineheight=\"26.208px\">\n<h4>Floral<\/h4>\n<\/li>\n<\/ul>\n<p>Una deliciosa fragancia, golosa a la vez que elegante y floral; como un libro que nos cuenta la historia de la Vainilla, desde que es una Orqu\u00eddea maravillosa hasta convertirse en la vaina voluptuosa.<\/p>\n<p><strong>Notas de fragancia<\/strong><\/p>\n<ul>\n<li><strong>Salida:\u00a0<\/strong>Vibrante, a Flores de Vainilla y Orqu\u00eddea.<\/li>\n<li><strong>Coraz\u00f3n:\u00a0<\/strong>Flores tropicales Tiar\u00e9, Ylang, y matices de Trufa, Chocolate Negro y Almendras.<\/li>\n<li><strong>Fondo:\u00a0<\/strong>Dulcemente a Vainilla, con toques de S\u00e1ndalo, Balsamo de Benju\u00ed y Pachul\u00ed.<\/li>\n<\/ul>\n","protected":false},"featured_media":4604,"comment_status":"open","ping_status":"closed","template":"","meta":{"_joinchat":[]},"product_brand":[],"product_cat":[26,126],"product_tag":[42,43,127],"class_list":{"0":"post-4603","1":"product","2":"type-product","3":"status-publish","4":"has-post-thumbnail","6":"product_cat-boles-dolor-un-mundo-de-suenos-fragantes","7":"product_cat-incienso","8":"product_tag-ambientador","9":"product_tag-floral","10":"product_tag-incienso","11":"latest_post","13":"first","14":"instock","15":"taxable","16":"shipping-taxable","17":"purchasable","18":"product-type-simple"},"yoast_head":"<!-- This site is optimized with the Yoast SEO plugin v27.4 - https:\/\/yoast.com\/product\/yoast-seo-wordpress\/ -->\n<title>Incienso Flor de Vainilla - Anaroma Nature - Tienda Premium<\/title>\n<meta name=\"description\" content=\"Incienso Flor de Vainilla. Una forma de perfumar tu hogar de una manera diferente. Si eres amante de los aromas de Boles d&#039;olor, disfruta de\" \/>\n<meta name=\"robots\" content=\"index, follow, max-snippet:-1, max-image-preview:large, max-video-preview:-1\" \/>\n<link rel=\"canonical\" href=\"https:\/\/www.anaromanature.com\/index.php\/producto\/incienso-flor-de-vainilla\/\" \/>\n<meta property=\"og:locale\" content=\"es_ES\" \/>\n<meta property=\"og:type\" content=\"article\" \/>\n<meta property=\"og:title\" content=\"Incienso Flor de Vainilla - Anaroma Nature - Tienda Premium\" \/>\n<meta property=\"og:description\" content=\"Incienso Flor de Vainilla. Una forma de perfumar tu hogar de una manera diferente. Si eres amante de los aromas de Boles d&#039;olor, disfruta de\" \/>\n<meta property=\"og:url\" content=\"https:\/\/www.anaromanature.com\/index.php\/producto\/incienso-flor-de-vainilla\/\" \/>\n<meta property=\"og:site_name\" content=\"Anaroma Nature\" \/>\n<meta property=\"article:publisher\" content=\"http:\/\/facebook.com\/Anaroma-326324794814915\" \/>\n<meta property=\"article:modified_time\" content=\"2025-01-10T16:06:50+00:00\" \/>\n<meta property=\"og:image\" content=\"https:\/\/www.anaromanature.com\/wp-content\/uploads\/2021\/10\/Incienso-Flor-de-Vainilla.jpg\" \/>\n\t<meta property=\"og:image:width\" content=\"600\" \/>\n\t<meta property=\"og:image:height\" content=\"600\" \/>\n\t<meta property=\"og:image:type\" content=\"image\/jpeg\" \/>\n<meta name=\"twitter:card\" content=\"summary_large_image\" \/>\n<meta name=\"twitter:label1\" content=\"Tiempo de lectura\" \/>\n\t<meta name=\"twitter:data1\" content=\"1 minuto\" \/>\n<script type=\"application\/ld+json\" class=\"yoast-schema-graph\">{\"@context\":\"https:\\\/\\\/schema.org\",\"@graph\":[{\"@type\":\"WebPage\",\"@id\":\"https:\\\/\\\/www.anaromanature.com\\\/index.php\\\/producto\\\/incienso-flor-de-vainilla\\\/\",\"url\":\"https:\\\/\\\/www.anaromanature.com\\\/index.php\\\/producto\\\/incienso-flor-de-vainilla\\\/\",\"name\":\"Incienso Flor de Vainilla - Anaroma Nature - Tienda Premium\",\"isPartOf\":{\"@id\":\"https:\\\/\\\/www.anaromanature.com\\\/#website\"},\"primaryImageOfPage\":{\"@id\":\"https:\\\/\\\/www.anaromanature.com\\\/index.php\\\/producto\\\/incienso-flor-de-vainilla\\\/#primaryimage\"},\"image\":{\"@id\":\"https:\\\/\\\/www.anaromanature.com\\\/index.php\\\/producto\\\/incienso-flor-de-vainilla\\\/#primaryimage\"},\"thumbnailUrl\":\"https:\\\/\\\/www.anaromanature.com\\\/wp-content\\\/uploads\\\/2021\\\/10\\\/Incienso-Flor-de-Vainilla.jpg\",\"datePublished\":\"2021-10-31T16:19:05+00:00\",\"dateModified\":\"2025-01-10T16:06:50+00:00\",\"description\":\"Incienso Flor de Vainilla. Una forma de perfumar tu hogar de una manera diferente. Si eres amante de los aromas de Boles d'olor, disfruta de\",\"breadcrumb\":{\"@id\":\"https:\\\/\\\/www.anaromanature.com\\\/index.php\\\/producto\\\/incienso-flor-de-vainilla\\\/#breadcrumb\"},\"inLanguage\":\"es\",\"potentialAction\":[{\"@type\":\"ReadAction\",\"target\":[\"https:\\\/\\\/www.anaromanature.com\\\/index.php\\\/producto\\\/incienso-flor-de-vainilla\\\/\"]}]},{\"@type\":\"ImageObject\",\"inLanguage\":\"es\",\"@id\":\"https:\\\/\\\/www.anaromanature.com\\\/index.php\\\/producto\\\/incienso-flor-de-vainilla\\\/#primaryimage\",\"url\":\"https:\\\/\\\/www.anaromanature.com\\\/wp-content\\\/uploads\\\/2021\\\/10\\\/Incienso-Flor-de-Vainilla.jpg\",\"contentUrl\":\"https:\\\/\\\/www.anaromanature.com\\\/wp-content\\\/uploads\\\/2021\\\/10\\\/Incienso-Flor-de-Vainilla.jpg\",\"width\":600,\"height\":600,\"caption\":\"Incienso Flor de Vainilla\"},{\"@type\":\"BreadcrumbList\",\"@id\":\"https:\\\/\\\/www.anaromanature.com\\\/index.php\\\/producto\\\/incienso-flor-de-vainilla\\\/#breadcrumb\",\"itemListElement\":[{\"@type\":\"ListItem\",\"position\":1,\"name\":\"Portada\",\"item\":\"https:\\\/\\\/www.anaromanature.com\\\/\"},{\"@type\":\"ListItem\",\"position\":2,\"name\":\"Tienda\",\"item\":\"https:\\\/\\\/www.anaromanature.com\\\/index.php\\\/tienda-premium-online-anarome-nature\\\/\"},{\"@type\":\"ListItem\",\"position\":3,\"name\":\"Incienso Flor de Vainilla\"}]},{\"@type\":\"WebSite\",\"@id\":\"https:\\\/\\\/www.anaromanature.com\\\/#website\",\"url\":\"https:\\\/\\\/www.anaromanature.com\\\/\",\"name\":\"Anaroma Nature\",\"description\":\"Aromas y color\",\"publisher\":{\"@id\":\"https:\\\/\\\/www.anaromanature.com\\\/#organization\"},\"potentialAction\":[{\"@type\":\"SearchAction\",\"target\":{\"@type\":\"EntryPoint\",\"urlTemplate\":\"https:\\\/\\\/www.anaromanature.com\\\/?s={search_term_string}\"},\"query-input\":{\"@type\":\"PropertyValueSpecification\",\"valueRequired\":true,\"valueName\":\"search_term_string\"}}],\"inLanguage\":\"es\"},{\"@type\":\"Organization\",\"@id\":\"https:\\\/\\\/www.anaromanature.com\\\/#organization\",\"name\":\"Anaroma Nature\",\"url\":\"https:\\\/\\\/www.anaromanature.com\\\/\",\"logo\":{\"@type\":\"ImageObject\",\"inLanguage\":\"es\",\"@id\":\"https:\\\/\\\/www.anaromanature.com\\\/#\\\/schema\\\/logo\\\/image\\\/\",\"url\":\"https:\\\/\\\/i2.wp.com\\\/www.anaromanature.com\\\/wp-content\\\/uploads\\\/2021\\\/02\\\/cropped-Logotipo-Anaroma-2.png?fit=290%2C288&ssl=1\",\"contentUrl\":\"https:\\\/\\\/i2.wp.com\\\/www.anaromanature.com\\\/wp-content\\\/uploads\\\/2021\\\/02\\\/cropped-Logotipo-Anaroma-2.png?fit=290%2C288&ssl=1\",\"width\":290,\"height\":288,\"caption\":\"Anaroma Nature\"},\"image\":{\"@id\":\"https:\\\/\\\/www.anaromanature.com\\\/#\\\/schema\\\/logo\\\/image\\\/\"},\"sameAs\":[\"http:\\\/\\\/facebook.com\\\/Anaroma-326324794814915\",\"http:\\\/\\\/instagram.com\\\/anaromanature\"]}]}<\/script>\n<!-- \/ Yoast SEO plugin. -->","yoast_head_json":{"title":"Incienso Flor de Vainilla - Anaroma Nature - Tienda Premium","description":"Incienso Flor de Vainilla. Una forma de perfumar tu hogar de una manera diferente. Si eres amante de los aromas de Boles d'olor, disfruta de","robots":{"index":"index","follow":"follow","max-snippet":"max-snippet:-1","max-image-preview":"max-image-preview:large","max-video-preview":"max-video-preview:-1"},"canonical":"https:\/\/www.anaromanature.com\/index.php\/producto\/incienso-flor-de-vainilla\/","og_locale":"es_ES","og_type":"article","og_title":"Incienso Flor de Vainilla - Anaroma Nature - Tienda Premium","og_description":"Incienso Flor de Vainilla. Una forma de perfumar tu hogar de una manera diferente. Si eres amante de los aromas de Boles d'olor, disfruta de","og_url":"https:\/\/www.anaromanature.com\/index.php\/producto\/incienso-flor-de-vainilla\/","og_site_name":"Anaroma Nature","article_publisher":"http:\/\/facebook.com\/Anaroma-326324794814915","article_modified_time":"2025-01-10T16:06:50+00:00","og_image":[{"width":600,"height":600,"url":"https:\/\/www.anaromanature.com\/wp-content\/uploads\/2021\/10\/Incienso-Flor-de-Vainilla.jpg","type":"image\/jpeg"}],"twitter_card":"summary_large_image","twitter_misc":{"Tiempo de lectura":"1 minuto"},"schema":{"@context":"https:\/\/schema.org","@graph":[{"@type":"WebPage","@id":"https:\/\/www.anaromanature.com\/index.php\/producto\/incienso-flor-de-vainilla\/","url":"https:\/\/www.anaromanature.com\/index.php\/producto\/incienso-flor-de-vainilla\/","name":"Incienso Flor de Vainilla - Anaroma Nature - Tienda Premium","isPartOf":{"@id":"https:\/\/www.anaromanature.com\/#website"},"primaryImageOfPage":{"@id":"https:\/\/www.anaromanature.com\/index.php\/producto\/incienso-flor-de-vainilla\/#primaryimage"},"image":{"@id":"https:\/\/www.anaromanature.com\/index.php\/producto\/incienso-flor-de-vainilla\/#primaryimage"},"thumbnailUrl":"https:\/\/www.anaromanature.com\/wp-content\/uploads\/2021\/10\/Incienso-Flor-de-Vainilla.jpg","datePublished":"2021-10-31T16:19:05+00:00","dateModified":"2025-01-10T16:06:50+00:00","description":"Incienso Flor de Vainilla. Una forma de perfumar tu hogar de una manera diferente. Si eres amante de los aromas de Boles d'olor, disfruta de","breadcrumb":{"@id":"https:\/\/www.anaromanature.com\/index.php\/producto\/incienso-flor-de-vainilla\/#breadcrumb"},"inLanguage":"es","potentialAction":[{"@type":"ReadAction","target":["https:\/\/www.anaromanature.com\/index.php\/producto\/incienso-flor-de-vainilla\/"]}]},{"@type":"ImageObject","inLanguage":"es","@id":"https:\/\/www.anaromanature.com\/index.php\/producto\/incienso-flor-de-vainilla\/#primaryimage","url":"https:\/\/www.anaromanature.com\/wp-content\/uploads\/2021\/10\/Incienso-Flor-de-Vainilla.jpg","contentUrl":"https:\/\/www.anaromanature.com\/wp-content\/uploads\/2021\/10\/Incienso-Flor-de-Vainilla.jpg","width":600,"height":600,"caption":"Incienso Flor de Vainilla"},{"@type":"BreadcrumbList","@id":"https:\/\/www.anaromanature.com\/index.php\/producto\/incienso-flor-de-vainilla\/#breadcrumb","itemListElement":[{"@type":"ListItem","position":1,"name":"Portada","item":"https:\/\/www.anaromanature.com\/"},{"@type":"ListItem","position":2,"name":"Tienda","item":"https:\/\/www.anaromanature.com\/index.php\/tienda-premium-online-anarome-nature\/"},{"@type":"ListItem","position":3,"name":"Incienso Flor de Vainilla"}]},{"@type":"WebSite","@id":"https:\/\/www.anaromanature.com\/#website","url":"https:\/\/www.anaromanature.com\/","name":"Anaroma Nature","description":"Aromas y color","publisher":{"@id":"https:\/\/www.anaromanature.com\/#organization"},"potentialAction":[{"@type":"SearchAction","target":{"@type":"EntryPoint","urlTemplate":"https:\/\/www.anaromanature.com\/?s={search_term_string}"},"query-input":{"@type":"PropertyValueSpecification","valueRequired":true,"valueName":"search_term_string"}}],"inLanguage":"es"},{"@type":"Organization","@id":"https:\/\/www.anaromanature.com\/#organization","name":"Anaroma Nature","url":"https:\/\/www.anaromanature.com\/","logo":{"@type":"ImageObject","inLanguage":"es","@id":"https:\/\/www.anaromanature.com\/#\/schema\/logo\/image\/","url":"https:\/\/i2.wp.com\/www.anaromanature.com\/wp-content\/uploads\/2021\/02\/cropped-Logotipo-Anaroma-2.png?fit=290%2C288&ssl=1","contentUrl":"https:\/\/i2.wp.com\/www.anaromanature.com\/wp-content\/uploads\/2021\/02\/cropped-Logotipo-Anaroma-2.png?fit=290%2C288&ssl=1","width":290,"height":288,"caption":"Anaroma Nature"},"image":{"@id":"https:\/\/www.anaromanature.com\/#\/schema\/logo\/image\/"},"sameAs":["http:\/\/facebook.com\/Anaroma-326324794814915","http:\/\/instagram.com\/anaromanature"]}]}},"_links":{"self":[{"href":"https:\/\/www.anaromanature.com\/index.php\/wp-json\/wp\/v2\/product\/4603","targetHints":{"allow":["GET"]}}],"collection":[{"href":"https:\/\/www.anaromanature.com\/index.php\/wp-json\/wp\/v2\/product"}],"about":[{"href":"https:\/\/www.anaromanature.com\/index.php\/wp-json\/wp\/v2\/types\/product"}],"replies":[{"embeddable":true,"href":"https:\/\/www.anaromanature.com\/index.php\/wp-json\/wp\/v2\/comments?post=4603"}],"wp:featuredmedia":[{"embeddable":true,"href":"https:\/\/www.anaromanature.com\/index.php\/wp-json\/wp\/v2\/media\/4604"}],"wp:attachment":[{"href":"https:\/\/www.anaromanature.com\/index.php\/wp-json\/wp\/v2\/media?parent=4603"}],"wp:term":[{"taxonomy":"product_brand","embeddable":true,"href":"https:\/\/www.anaromanature.com\/index.php\/wp-json\/wp\/v2\/product_brand?post=4603"},{"taxonomy":"product_cat","embeddable":true,"href":"https:\/\/www.anaromanature.com\/index.php\/wp-json\/wp\/v2\/product_cat?post=4603"},{"taxonomy":"product_tag","embeddable":true,"href":"https:\/\/www.anaromanature.com\/index.php\/wp-json\/wp\/v2\/product_tag?post=4603"}],"curies":[{"name":"wp","href":"https:\/\/api.w.org\/{rel}","templated":true}]}}