{"id":4711,"date":"2021-11-20T19:59:51","date_gmt":"2021-11-20T18:59:51","guid":{"rendered":"https:\/\/www.anaromanature.com\/?post_type=product&#038;p=4711"},"modified":"2025-01-10T17:37:00","modified_gmt":"2025-01-10T16:37:00","slug":"recambio-mikado-black-edition-200-ml-jazmin-blanco-rattan","status":"publish","type":"product","link":"https:\/\/www.anaromanature.com\/index.php\/producto\/recambio-mikado-black-edition-200-ml-jazmin-blanco-rattan\/","title":{"rendered":"Recambio Mikado Black Edition 200 ml. Jazm\u00edn Blanco + Rattan"},"content":{"rendered":"<p>Recambio Mikado Black Edition Jazm\u00edn Blanco<\/p>\n<p><strong>Botella de l\u00edquido para rellenar los mikados, lleva incluido los palitos de repuesto.<\/strong><\/p>\n<p><strong>Caracter\u00edsticas de la l\u00ednea Black Edition:<\/strong><\/p>\n<ul>\n<li>Black Edition est\u00e1 formulada sobre alcohol natural (Ca\u00f1a de Azucar).<\/li>\n<li>Sin conservantes ni colorantes.<\/li>\n<li>Varitas de fibra de algod\u00f3n que aseguran una m\u00e1xima absorci\u00f3n.<\/li>\n<\/ul>\n<p>Formato tradicional de \u00abpalitos\u00bb para ambientar tu hogar.<\/p>\n<p>Cuenta con un dise\u00f1o pr\u00e1ctico y moderno, detalle esencial para quien no quiere que desentone dentro de la decoraci\u00f3n de su hogar.<\/p>\n<p>Es la mejor herramienta si te gusta personalizar el aroma de cada estancia de tu casa.<\/p>\n<p>Ya que no necesita ninguna fuente de alimentaci\u00f3n, es ideal para dejarlo colocado en esa residencia que s\u00f3lo usas los fines de semana y durante la semana se mantiene cerrada. \u00a1Qu\u00e9 mejor que cuando abramos la puerta nos reciba un olor a hogar!.<\/p>\n<p><strong>Instrucciones de uso:<\/strong><\/p>\n<p>1.- Abre el paquete y saca el envase.<\/p>\n<p>2.- Destapa la botella e introduce las varitas que lo acompa\u00f1an.<\/p>\n<p>3.- Coloca tu Mikado, en el lugar deseado.<\/p>\n<p>4.- Voltea las varitas cada 6 \u00f3 7 d\u00edas.<\/p>\n<p>5.- Si quieres regular la intensidad de fragancia, tan s\u00f3lo debes ir probando la cantidad de palitos que has de introducir en el l\u00edquido.<\/p>\n<p><strong>Precauciones de uso:<\/strong><\/p>\n<ul>\n<li>No coloques tu Mikado encima ni debajo de una fuente de calor (acelerar\u00e1 la evaporaci\u00f3n).<\/li>\n<li>Para evitar una evaporaci\u00f3n de producto excesiva al introducir los palitos, humedece ligeramente estos y s\u00e9calos; despu\u00e9s introducelos en el l\u00edquido.<\/li>\n<li>No rellenar con agua ni ning\u00fan otro producto cuando baje el nivel, ya que perder\u00e1 si eficacia.<\/li>\n<li>Una vez agotado el l\u00edquido, puedes rellenarlo con el \u00abrecambio de mikado\u00bb, este lleva incluido los palitos. \u00a1P\u00eddelos en tu tienda!.<\/li>\n<\/ul>\n<p>Recambio Mikado Black Edition Jazm\u00edn Blanco<\/p>\n<p>Perfuma tu hogar con\u00a0<a href=\"https:\/\/www.anaromanature.com\/\">Anaroma Nature<\/a><\/p>\n<p><a href=\"mailto:%20info@anaromanature.com\">Cons\u00faltanos\u00a0<\/a>lo que necesites saber o aclarar.<\/p>\n<p>S\u00edguenos en <a href=\"https:\/\/www.instagram.com\/anaromanature\/\">Instagram<\/a>.<\/p>\n","protected":false},"excerpt":{"rendered":"<p>&nbsp;<\/p>\n<p>Botella de recarga para rellenar el envase del mikado.<\/p>\n<p>Contenido: 200 ml.<\/p>\n<p><em>Varillas incluidas.<\/em><\/p>\n<ul>\n<li>\n<h3>Floral<\/h3>\n<p>Un Jazm\u00edn nuevo, m\u00e1s fresco, ligero y a la vez embriagador. Forma parte de nuestras fragancias florales, ideal para vestir tu hogar durante la primavera y el verano.<\/p>\n<p><strong>Notas de fragancia<\/strong><\/p>\n<ul>\n<li><strong>Salida:\u00a0<\/strong>Hojas de Limonero y Flores de Jazm\u00edn Blanco.<\/li>\n<li><strong>Coraz\u00f3n:\u00a0<\/strong>Madreselva, Azahar y Ozono.<\/li>\n<li><strong>Fondo:\u00a0<\/strong>Toques de Nuez Moscada, Cedro y Clavel. Ligeramente especiado.<\/li>\n<\/ul>\n<\/li>\n<\/ul>\n<p>Lee abajo las recomendaciones de uso.<\/p>\n","protected":false},"featured_media":4712,"comment_status":"open","ping_status":"closed","template":"","meta":{"_joinchat":[]},"product_brand":[],"product_cat":[26,32,30],"product_tag":[42,109,43,114],"class_list":{"0":"post-4711","1":"product","2":"type-product","3":"status-publish","4":"has-post-thumbnail","6":"product_cat-boles-dolor-un-mundo-de-suenos-fragantes","7":"product_cat-rec-mik-linea-black-edition","8":"product_cat-recambio-mikado","9":"product_tag-ambientador","10":"product_tag-black-edition","11":"product_tag-floral","12":"product_tag-recambio-mikado","13":"latest_post","15":"first","16":"instock","17":"taxable","18":"shipping-taxable","19":"purchasable","20":"product-type-simple"},"yoast_head":"<!-- This site is optimized with the Yoast SEO plugin v27.4 - https:\/\/yoast.com\/product\/yoast-seo-wordpress\/ -->\n<title>Recambio Mikado Black Edition 200 ml. Jazm\u00edn Blanco + Rattan - Anaroma Nature<\/title>\n<meta name=\"description\" content=\"Recambio Mikado Black Edition Jazm\u00edn Blanco. Botella de l\u00edquido para rellenar los mikados, lleva incluido los palitos de repuesto.\" \/>\n<meta name=\"robots\" content=\"index, follow, max-snippet:-1, max-image-preview:large, max-video-preview:-1\" \/>\n<link rel=\"canonical\" href=\"https:\/\/www.anaromanature.com\/index.php\/producto\/recambio-mikado-black-edition-200-ml-jazmin-blanco-rattan\/\" \/>\n<meta property=\"og:locale\" content=\"es_ES\" \/>\n<meta property=\"og:type\" content=\"article\" \/>\n<meta property=\"og:title\" content=\"Recambio Mikado Black Edition 200 ml. Jazm\u00edn Blanco + Rattan - Anaroma Nature\" \/>\n<meta property=\"og:description\" content=\"Recambio Mikado Black Edition Jazm\u00edn Blanco. Botella de l\u00edquido para rellenar los mikados, lleva incluido los palitos de repuesto.\" \/>\n<meta property=\"og:url\" content=\"https:\/\/www.anaromanature.com\/index.php\/producto\/recambio-mikado-black-edition-200-ml-jazmin-blanco-rattan\/\" \/>\n<meta property=\"og:site_name\" content=\"Anaroma Nature\" \/>\n<meta property=\"article:publisher\" content=\"http:\/\/facebook.com\/Anaroma-326324794814915\" \/>\n<meta property=\"article:modified_time\" content=\"2025-01-10T16:37:00+00:00\" \/>\n<meta property=\"og:image\" content=\"https:\/\/www.anaromanature.com\/wp-content\/uploads\/2021\/11\/Recambio-Mikado-Black-Edition-200-ml.-Jazmin-Blanco-0800535-scaled.jpg\" \/>\n\t<meta property=\"og:image:width\" content=\"600\" \/>\n\t<meta property=\"og:image:height\" content=\"600\" \/>\n\t<meta property=\"og:image:type\" content=\"image\/jpeg\" \/>\n<meta name=\"twitter:card\" content=\"summary_large_image\" \/>\n<meta name=\"twitter:label1\" content=\"Tiempo de lectura\" \/>\n\t<meta name=\"twitter:data1\" content=\"2 minutos\" \/>\n<script type=\"application\/ld+json\" class=\"yoast-schema-graph\">{\"@context\":\"https:\\\/\\\/schema.org\",\"@graph\":[{\"@type\":\"WebPage\",\"@id\":\"https:\\\/\\\/www.anaromanature.com\\\/index.php\\\/producto\\\/recambio-mikado-black-edition-200-ml-jazmin-blanco-rattan\\\/\",\"url\":\"https:\\\/\\\/www.anaromanature.com\\\/index.php\\\/producto\\\/recambio-mikado-black-edition-200-ml-jazmin-blanco-rattan\\\/\",\"name\":\"Recambio Mikado Black Edition 200 ml. Jazm\u00edn Blanco + Rattan - Anaroma Nature\",\"isPartOf\":{\"@id\":\"https:\\\/\\\/www.anaromanature.com\\\/#website\"},\"primaryImageOfPage\":{\"@id\":\"https:\\\/\\\/www.anaromanature.com\\\/index.php\\\/producto\\\/recambio-mikado-black-edition-200-ml-jazmin-blanco-rattan\\\/#primaryimage\"},\"image\":{\"@id\":\"https:\\\/\\\/www.anaromanature.com\\\/index.php\\\/producto\\\/recambio-mikado-black-edition-200-ml-jazmin-blanco-rattan\\\/#primaryimage\"},\"thumbnailUrl\":\"https:\\\/\\\/www.anaromanature.com\\\/wp-content\\\/uploads\\\/2021\\\/11\\\/Recambio-Mikado-Black-Edition-200-ml.-Jazmin-Blanco-0800535-scaled.jpg\",\"datePublished\":\"2021-11-20T18:59:51+00:00\",\"dateModified\":\"2025-01-10T16:37:00+00:00\",\"description\":\"Recambio Mikado Black Edition Jazm\u00edn Blanco. Botella de l\u00edquido para rellenar los mikados, lleva incluido los palitos de repuesto.\",\"breadcrumb\":{\"@id\":\"https:\\\/\\\/www.anaromanature.com\\\/index.php\\\/producto\\\/recambio-mikado-black-edition-200-ml-jazmin-blanco-rattan\\\/#breadcrumb\"},\"inLanguage\":\"es\",\"potentialAction\":[{\"@type\":\"ReadAction\",\"target\":[\"https:\\\/\\\/www.anaromanature.com\\\/index.php\\\/producto\\\/recambio-mikado-black-edition-200-ml-jazmin-blanco-rattan\\\/\"]}]},{\"@type\":\"ImageObject\",\"inLanguage\":\"es\",\"@id\":\"https:\\\/\\\/www.anaromanature.com\\\/index.php\\\/producto\\\/recambio-mikado-black-edition-200-ml-jazmin-blanco-rattan\\\/#primaryimage\",\"url\":\"https:\\\/\\\/www.anaromanature.com\\\/wp-content\\\/uploads\\\/2021\\\/11\\\/Recambio-Mikado-Black-Edition-200-ml.-Jazmin-Blanco-0800535-scaled.jpg\",\"contentUrl\":\"https:\\\/\\\/www.anaromanature.com\\\/wp-content\\\/uploads\\\/2021\\\/11\\\/Recambio-Mikado-Black-Edition-200-ml.-Jazmin-Blanco-0800535-scaled.jpg\",\"width\":600,\"height\":600,\"caption\":\"Recambio Mikado Black Edition 200 ml. Jazmin Blanco 0800535\"},{\"@type\":\"BreadcrumbList\",\"@id\":\"https:\\\/\\\/www.anaromanature.com\\\/index.php\\\/producto\\\/recambio-mikado-black-edition-200-ml-jazmin-blanco-rattan\\\/#breadcrumb\",\"itemListElement\":[{\"@type\":\"ListItem\",\"position\":1,\"name\":\"Portada\",\"item\":\"https:\\\/\\\/www.anaromanature.com\\\/\"},{\"@type\":\"ListItem\",\"position\":2,\"name\":\"Tienda\",\"item\":\"https:\\\/\\\/www.anaromanature.com\\\/index.php\\\/tienda-premium-online-anarome-nature\\\/\"},{\"@type\":\"ListItem\",\"position\":3,\"name\":\"Recambio Mikado Black Edition 200 ml. Jazm\u00edn Blanco + Rattan\"}]},{\"@type\":\"WebSite\",\"@id\":\"https:\\\/\\\/www.anaromanature.com\\\/#website\",\"url\":\"https:\\\/\\\/www.anaromanature.com\\\/\",\"name\":\"Anaroma Nature\",\"description\":\"Aromas y color\",\"publisher\":{\"@id\":\"https:\\\/\\\/www.anaromanature.com\\\/#organization\"},\"potentialAction\":[{\"@type\":\"SearchAction\",\"target\":{\"@type\":\"EntryPoint\",\"urlTemplate\":\"https:\\\/\\\/www.anaromanature.com\\\/?s={search_term_string}\"},\"query-input\":{\"@type\":\"PropertyValueSpecification\",\"valueRequired\":true,\"valueName\":\"search_term_string\"}}],\"inLanguage\":\"es\"},{\"@type\":\"Organization\",\"@id\":\"https:\\\/\\\/www.anaromanature.com\\\/#organization\",\"name\":\"Anaroma Nature\",\"url\":\"https:\\\/\\\/www.anaromanature.com\\\/\",\"logo\":{\"@type\":\"ImageObject\",\"inLanguage\":\"es\",\"@id\":\"https:\\\/\\\/www.anaromanature.com\\\/#\\\/schema\\\/logo\\\/image\\\/\",\"url\":\"https:\\\/\\\/i2.wp.com\\\/www.anaromanature.com\\\/wp-content\\\/uploads\\\/2021\\\/02\\\/cropped-Logotipo-Anaroma-2.png?fit=290%2C288&ssl=1\",\"contentUrl\":\"https:\\\/\\\/i2.wp.com\\\/www.anaromanature.com\\\/wp-content\\\/uploads\\\/2021\\\/02\\\/cropped-Logotipo-Anaroma-2.png?fit=290%2C288&ssl=1\",\"width\":290,\"height\":288,\"caption\":\"Anaroma Nature\"},\"image\":{\"@id\":\"https:\\\/\\\/www.anaromanature.com\\\/#\\\/schema\\\/logo\\\/image\\\/\"},\"sameAs\":[\"http:\\\/\\\/facebook.com\\\/Anaroma-326324794814915\",\"http:\\\/\\\/instagram.com\\\/anaromanature\"]}]}<\/script>\n<!-- \/ Yoast SEO plugin. -->","yoast_head_json":{"title":"Recambio Mikado Black Edition 200 ml. Jazm\u00edn Blanco + Rattan - Anaroma Nature","description":"Recambio Mikado Black Edition Jazm\u00edn Blanco. Botella de l\u00edquido para rellenar los mikados, lleva incluido los palitos de repuesto.","robots":{"index":"index","follow":"follow","max-snippet":"max-snippet:-1","max-image-preview":"max-image-preview:large","max-video-preview":"max-video-preview:-1"},"canonical":"https:\/\/www.anaromanature.com\/index.php\/producto\/recambio-mikado-black-edition-200-ml-jazmin-blanco-rattan\/","og_locale":"es_ES","og_type":"article","og_title":"Recambio Mikado Black Edition 200 ml. Jazm\u00edn Blanco + Rattan - Anaroma Nature","og_description":"Recambio Mikado Black Edition Jazm\u00edn Blanco. Botella de l\u00edquido para rellenar los mikados, lleva incluido los palitos de repuesto.","og_url":"https:\/\/www.anaromanature.com\/index.php\/producto\/recambio-mikado-black-edition-200-ml-jazmin-blanco-rattan\/","og_site_name":"Anaroma Nature","article_publisher":"http:\/\/facebook.com\/Anaroma-326324794814915","article_modified_time":"2025-01-10T16:37:00+00:00","og_image":[{"width":600,"height":600,"url":"https:\/\/www.anaromanature.com\/wp-content\/uploads\/2021\/11\/Recambio-Mikado-Black-Edition-200-ml.-Jazmin-Blanco-0800535-scaled.jpg","type":"image\/jpeg"}],"twitter_card":"summary_large_image","twitter_misc":{"Tiempo de lectura":"2 minutos"},"schema":{"@context":"https:\/\/schema.org","@graph":[{"@type":"WebPage","@id":"https:\/\/www.anaromanature.com\/index.php\/producto\/recambio-mikado-black-edition-200-ml-jazmin-blanco-rattan\/","url":"https:\/\/www.anaromanature.com\/index.php\/producto\/recambio-mikado-black-edition-200-ml-jazmin-blanco-rattan\/","name":"Recambio Mikado Black Edition 200 ml. Jazm\u00edn Blanco + Rattan - Anaroma Nature","isPartOf":{"@id":"https:\/\/www.anaromanature.com\/#website"},"primaryImageOfPage":{"@id":"https:\/\/www.anaromanature.com\/index.php\/producto\/recambio-mikado-black-edition-200-ml-jazmin-blanco-rattan\/#primaryimage"},"image":{"@id":"https:\/\/www.anaromanature.com\/index.php\/producto\/recambio-mikado-black-edition-200-ml-jazmin-blanco-rattan\/#primaryimage"},"thumbnailUrl":"https:\/\/www.anaromanature.com\/wp-content\/uploads\/2021\/11\/Recambio-Mikado-Black-Edition-200-ml.-Jazmin-Blanco-0800535-scaled.jpg","datePublished":"2021-11-20T18:59:51+00:00","dateModified":"2025-01-10T16:37:00+00:00","description":"Recambio Mikado Black Edition Jazm\u00edn Blanco. Botella de l\u00edquido para rellenar los mikados, lleva incluido los palitos de repuesto.","breadcrumb":{"@id":"https:\/\/www.anaromanature.com\/index.php\/producto\/recambio-mikado-black-edition-200-ml-jazmin-blanco-rattan\/#breadcrumb"},"inLanguage":"es","potentialAction":[{"@type":"ReadAction","target":["https:\/\/www.anaromanature.com\/index.php\/producto\/recambio-mikado-black-edition-200-ml-jazmin-blanco-rattan\/"]}]},{"@type":"ImageObject","inLanguage":"es","@id":"https:\/\/www.anaromanature.com\/index.php\/producto\/recambio-mikado-black-edition-200-ml-jazmin-blanco-rattan\/#primaryimage","url":"https:\/\/www.anaromanature.com\/wp-content\/uploads\/2021\/11\/Recambio-Mikado-Black-Edition-200-ml.-Jazmin-Blanco-0800535-scaled.jpg","contentUrl":"https:\/\/www.anaromanature.com\/wp-content\/uploads\/2021\/11\/Recambio-Mikado-Black-Edition-200-ml.-Jazmin-Blanco-0800535-scaled.jpg","width":600,"height":600,"caption":"Recambio Mikado Black Edition 200 ml. Jazmin Blanco 0800535"},{"@type":"BreadcrumbList","@id":"https:\/\/www.anaromanature.com\/index.php\/producto\/recambio-mikado-black-edition-200-ml-jazmin-blanco-rattan\/#breadcrumb","itemListElement":[{"@type":"ListItem","position":1,"name":"Portada","item":"https:\/\/www.anaromanature.com\/"},{"@type":"ListItem","position":2,"name":"Tienda","item":"https:\/\/www.anaromanature.com\/index.php\/tienda-premium-online-anarome-nature\/"},{"@type":"ListItem","position":3,"name":"Recambio Mikado Black Edition 200 ml. Jazm\u00edn Blanco + Rattan"}]},{"@type":"WebSite","@id":"https:\/\/www.anaromanature.com\/#website","url":"https:\/\/www.anaromanature.com\/","name":"Anaroma Nature","description":"Aromas y color","publisher":{"@id":"https:\/\/www.anaromanature.com\/#organization"},"potentialAction":[{"@type":"SearchAction","target":{"@type":"EntryPoint","urlTemplate":"https:\/\/www.anaromanature.com\/?s={search_term_string}"},"query-input":{"@type":"PropertyValueSpecification","valueRequired":true,"valueName":"search_term_string"}}],"inLanguage":"es"},{"@type":"Organization","@id":"https:\/\/www.anaromanature.com\/#organization","name":"Anaroma Nature","url":"https:\/\/www.anaromanature.com\/","logo":{"@type":"ImageObject","inLanguage":"es","@id":"https:\/\/www.anaromanature.com\/#\/schema\/logo\/image\/","url":"https:\/\/i2.wp.com\/www.anaromanature.com\/wp-content\/uploads\/2021\/02\/cropped-Logotipo-Anaroma-2.png?fit=290%2C288&ssl=1","contentUrl":"https:\/\/i2.wp.com\/www.anaromanature.com\/wp-content\/uploads\/2021\/02\/cropped-Logotipo-Anaroma-2.png?fit=290%2C288&ssl=1","width":290,"height":288,"caption":"Anaroma Nature"},"image":{"@id":"https:\/\/www.anaromanature.com\/#\/schema\/logo\/image\/"},"sameAs":["http:\/\/facebook.com\/Anaroma-326324794814915","http:\/\/instagram.com\/anaromanature"]}]}},"_links":{"self":[{"href":"https:\/\/www.anaromanature.com\/index.php\/wp-json\/wp\/v2\/product\/4711","targetHints":{"allow":["GET"]}}],"collection":[{"href":"https:\/\/www.anaromanature.com\/index.php\/wp-json\/wp\/v2\/product"}],"about":[{"href":"https:\/\/www.anaromanature.com\/index.php\/wp-json\/wp\/v2\/types\/product"}],"replies":[{"embeddable":true,"href":"https:\/\/www.anaromanature.com\/index.php\/wp-json\/wp\/v2\/comments?post=4711"}],"wp:featuredmedia":[{"embeddable":true,"href":"https:\/\/www.anaromanature.com\/index.php\/wp-json\/wp\/v2\/media\/4712"}],"wp:attachment":[{"href":"https:\/\/www.anaromanature.com\/index.php\/wp-json\/wp\/v2\/media?parent=4711"}],"wp:term":[{"taxonomy":"product_brand","embeddable":true,"href":"https:\/\/www.anaromanature.com\/index.php\/wp-json\/wp\/v2\/product_brand?post=4711"},{"taxonomy":"product_cat","embeddable":true,"href":"https:\/\/www.anaromanature.com\/index.php\/wp-json\/wp\/v2\/product_cat?post=4711"},{"taxonomy":"product_tag","embeddable":true,"href":"https:\/\/www.anaromanature.com\/index.php\/wp-json\/wp\/v2\/product_tag?post=4711"}],"curies":[{"name":"wp","href":"https:\/\/api.w.org\/{rel}","templated":true}]}}