{"id":4741,"date":"2021-11-21T20:30:44","date_gmt":"2021-11-21T19:30:44","guid":{"rendered":"https:\/\/www.anaromanature.com\/?post_type=product&#038;p=4741"},"modified":"2025-01-10T16:31:45","modified_gmt":"2025-01-10T15:31:45","slug":"on-the-car-botella-coche-lavanda","status":"publish","type":"product","link":"https:\/\/www.anaromanature.com\/index.php\/producto\/on-the-car-botella-coche-lavanda\/","title":{"rendered":"On the car (Botella coche) Lavanda"},"content":{"rendered":"<p>On the Car Lavanda<\/p>\n<p>Discreto, potente y duradero ambientador de coche en el formato tradicional.<\/p>\n<p>Si quieres que tu veh\u00edculo est\u00e9 perfectamente perfumado de la manera m\u00e1s c\u00f3moda, este es tu producto perfecto.<\/p>\n<p>Tan s\u00f3lo tienes que extraerlo del embalaje de cart\u00f3n, retirar el tap\u00f3n de pl\u00e1stico, colgar el tap\u00f3n de madera del retrovisor con el cord\u00f3n y enroscar la botellita nuevamente.<\/p>\n<p>Volt\u00e9alo durante unos segundos, hasta que aprecies que la madera cambia color y devu\u00e9lvelo a su posici\u00f3n inicial.<\/p>\n<p>A partir de este momento empezar\u00e1s a disfrutar del aroma que se encuentra encerrado en el interior del frasco.<\/p>\n<p>Repite la operaci\u00f3n cuando veas la madera seca o que ya no huele.<\/p>\n<p>Es importante decir que los coches que cuenten con tapicer\u00eda de cuero, en los que se fumen o transporten mascotas, necesitar\u00e1n un aroma m\u00e1s intenso que en el caso contrario.<\/p>\n<p>Si quieres aumentar la intensidad y que la madera siempre est\u00e9 impregnada de esencia, inserta el palito que encontrar\u00e1s en la caja del producto y repite los mismos pasos.<\/p>\n<p>De esta manera te evitar\u00e1s tener que dar vueltas al producto. Ten en cuenta que de la misma manera que aumentar\u00e1 la intensidad de aroma, los har\u00e1 la evaporaci\u00f3n, por lo que la duraci\u00f3n ser\u00e1 menor.<\/p>\n<p>Duraci\u00f3n del producto: entre 4 y 6 semanas.<\/p>\n<p><strong>Es un producto que sufre con las temperaturas altas, ya que se aumenta la evaporaci\u00f3n con el calor del interior del veh\u00edculo.<\/strong><\/p>\n<p>On the Car Lavanda<\/p>\n<p>Perfuma tu hogar con\u00a0<a href=\"https:\/\/www.anaromanature.com\/\">Anaroma Nature<\/a><\/p>\n<p><a href=\"mailto:%20info@anaromanature.com\">Cons\u00faltanos\u00a0<\/a>lo que necesites saber o aclarar.<\/p>\n<p>Visita nuestro\u00a0<a href=\"https:\/\/www.instagram.com\/anaromanature\/\">Instagram<\/a>.<\/p>\n","protected":false},"excerpt":{"rendered":"<p>&nbsp;<\/p>\n<p>Capacidad: 8 ml.<\/p>\n<p>Duraci\u00f3n: entre 4 y 6 semanas.<\/p>\n<ul>\n<li class=\"fusion-responsive-typography-calculated\" data-fontsize=\"16.38\" data-lineheight=\"26.208px\">\n<h4>Floral<\/h4>\n<\/li>\n<\/ul>\n<p>El aspecto m\u00e1s natural y silvestre de las Lavandas. Un cl\u00e1sico atemporal que llenar\u00e1 tu hogar de calma y relajaci\u00f3n con el caracteristico aroma de los montes mediterraneos.<\/p>\n<p><strong>Notas de fragancia<\/strong><\/p>\n<ul>\n<li><strong>Salida:\u00a0<\/strong>Lavanda, Romero, Espliego, y Bergamota.<\/li>\n<li><strong>Coraz\u00f3n:\u00a0<\/strong>Hojas de Limonero, Tomillo, Salvia y Geranio.<\/li>\n<li><strong>Fondo:\u00a0<\/strong>Musgo de Encinas, madera de Cedro, S\u00e1ndalo, Tonka, Clavo y Almizcle.<\/li>\n<\/ul>\n<p>&nbsp;<\/p>\n","protected":false},"featured_media":4742,"comment_status":"open","ping_status":"closed","template":"","meta":{"_joinchat":[]},"product_brand":[],"product_cat":[128,26],"product_tag":[42,129,43,130],"class_list":{"0":"post-4741","1":"product","2":"type-product","3":"status-publish","4":"has-post-thumbnail","6":"product_cat-ambientador-coche","7":"product_cat-boles-dolor-un-mundo-de-suenos-fragantes","8":"product_tag-ambientador","9":"product_tag-coche","10":"product_tag-floral","11":"product_tag-on-the-car","12":"latest_post","14":"first","15":"instock","16":"taxable","17":"shipping-taxable","18":"purchasable","19":"product-type-simple"},"yoast_head":"<!-- This site is optimized with the Yoast SEO plugin v27.4 - https:\/\/yoast.com\/product\/yoast-seo-wordpress\/ -->\n<title>On the car (Botella coche) Lavanda - Anaroma Nature - Tienda<\/title>\n<meta name=\"description\" content=\"On the Car Lavanda. Discreto, potente y duradero ambientador de coche en el formato tradicional. Si quieres que tu veh\u00edculo est\u00e9\" \/>\n<meta name=\"robots\" content=\"index, follow, max-snippet:-1, max-image-preview:large, max-video-preview:-1\" \/>\n<link rel=\"canonical\" href=\"https:\/\/www.anaromanature.com\/index.php\/producto\/on-the-car-botella-coche-lavanda\/\" \/>\n<meta property=\"og:locale\" content=\"es_ES\" \/>\n<meta property=\"og:type\" content=\"article\" \/>\n<meta property=\"og:title\" content=\"On the car (Botella coche) Lavanda - Anaroma Nature - Tienda\" \/>\n<meta property=\"og:description\" content=\"On the Car Lavanda. Discreto, potente y duradero ambientador de coche en el formato tradicional. Si quieres que tu veh\u00edculo est\u00e9\" \/>\n<meta property=\"og:url\" content=\"https:\/\/www.anaromanature.com\/index.php\/producto\/on-the-car-botella-coche-lavanda\/\" \/>\n<meta property=\"og:site_name\" content=\"Anaroma Nature\" \/>\n<meta property=\"article:publisher\" content=\"http:\/\/facebook.com\/Anaroma-326324794814915\" \/>\n<meta property=\"article:modified_time\" content=\"2025-01-10T15:31:45+00:00\" \/>\n<meta property=\"og:image\" content=\"https:\/\/www.anaromanature.com\/wp-content\/uploads\/2021\/11\/On-the-Car-Lavanda-0139507-scaled.jpg\" \/>\n\t<meta property=\"og:image:width\" content=\"600\" \/>\n\t<meta property=\"og:image:height\" content=\"600\" \/>\n\t<meta property=\"og:image:type\" content=\"image\/jpeg\" \/>\n<meta name=\"twitter:card\" content=\"summary_large_image\" \/>\n<meta name=\"twitter:label1\" content=\"Tiempo de lectura\" \/>\n\t<meta name=\"twitter:data1\" content=\"2 minutos\" \/>\n<script type=\"application\/ld+json\" class=\"yoast-schema-graph\">{\"@context\":\"https:\\\/\\\/schema.org\",\"@graph\":[{\"@type\":\"WebPage\",\"@id\":\"https:\\\/\\\/www.anaromanature.com\\\/index.php\\\/producto\\\/on-the-car-botella-coche-lavanda\\\/\",\"url\":\"https:\\\/\\\/www.anaromanature.com\\\/index.php\\\/producto\\\/on-the-car-botella-coche-lavanda\\\/\",\"name\":\"On the car (Botella coche) Lavanda - Anaroma Nature - Tienda\",\"isPartOf\":{\"@id\":\"https:\\\/\\\/www.anaromanature.com\\\/#website\"},\"primaryImageOfPage\":{\"@id\":\"https:\\\/\\\/www.anaromanature.com\\\/index.php\\\/producto\\\/on-the-car-botella-coche-lavanda\\\/#primaryimage\"},\"image\":{\"@id\":\"https:\\\/\\\/www.anaromanature.com\\\/index.php\\\/producto\\\/on-the-car-botella-coche-lavanda\\\/#primaryimage\"},\"thumbnailUrl\":\"https:\\\/\\\/www.anaromanature.com\\\/wp-content\\\/uploads\\\/2021\\\/11\\\/On-the-Car-Lavanda-0139507-scaled.jpg\",\"datePublished\":\"2021-11-21T19:30:44+00:00\",\"dateModified\":\"2025-01-10T15:31:45+00:00\",\"description\":\"On the Car Lavanda. Discreto, potente y duradero ambientador de coche en el formato tradicional. Si quieres que tu veh\u00edculo est\u00e9\",\"breadcrumb\":{\"@id\":\"https:\\\/\\\/www.anaromanature.com\\\/index.php\\\/producto\\\/on-the-car-botella-coche-lavanda\\\/#breadcrumb\"},\"inLanguage\":\"es\",\"potentialAction\":[{\"@type\":\"ReadAction\",\"target\":[\"https:\\\/\\\/www.anaromanature.com\\\/index.php\\\/producto\\\/on-the-car-botella-coche-lavanda\\\/\"]}]},{\"@type\":\"ImageObject\",\"inLanguage\":\"es\",\"@id\":\"https:\\\/\\\/www.anaromanature.com\\\/index.php\\\/producto\\\/on-the-car-botella-coche-lavanda\\\/#primaryimage\",\"url\":\"https:\\\/\\\/www.anaromanature.com\\\/wp-content\\\/uploads\\\/2021\\\/11\\\/On-the-Car-Lavanda-0139507-scaled.jpg\",\"contentUrl\":\"https:\\\/\\\/www.anaromanature.com\\\/wp-content\\\/uploads\\\/2021\\\/11\\\/On-the-Car-Lavanda-0139507-scaled.jpg\",\"width\":600,\"height\":600,\"caption\":\"On the Car Lavanda 0139507\"},{\"@type\":\"BreadcrumbList\",\"@id\":\"https:\\\/\\\/www.anaromanature.com\\\/index.php\\\/producto\\\/on-the-car-botella-coche-lavanda\\\/#breadcrumb\",\"itemListElement\":[{\"@type\":\"ListItem\",\"position\":1,\"name\":\"Portada\",\"item\":\"https:\\\/\\\/www.anaromanature.com\\\/\"},{\"@type\":\"ListItem\",\"position\":2,\"name\":\"Tienda\",\"item\":\"https:\\\/\\\/www.anaromanature.com\\\/index.php\\\/tienda-premium-online-anarome-nature\\\/\"},{\"@type\":\"ListItem\",\"position\":3,\"name\":\"On the car (Botella coche) Lavanda\"}]},{\"@type\":\"WebSite\",\"@id\":\"https:\\\/\\\/www.anaromanature.com\\\/#website\",\"url\":\"https:\\\/\\\/www.anaromanature.com\\\/\",\"name\":\"Anaroma Nature\",\"description\":\"Aromas y color\",\"publisher\":{\"@id\":\"https:\\\/\\\/www.anaromanature.com\\\/#organization\"},\"potentialAction\":[{\"@type\":\"SearchAction\",\"target\":{\"@type\":\"EntryPoint\",\"urlTemplate\":\"https:\\\/\\\/www.anaromanature.com\\\/?s={search_term_string}\"},\"query-input\":{\"@type\":\"PropertyValueSpecification\",\"valueRequired\":true,\"valueName\":\"search_term_string\"}}],\"inLanguage\":\"es\"},{\"@type\":\"Organization\",\"@id\":\"https:\\\/\\\/www.anaromanature.com\\\/#organization\",\"name\":\"Anaroma Nature\",\"url\":\"https:\\\/\\\/www.anaromanature.com\\\/\",\"logo\":{\"@type\":\"ImageObject\",\"inLanguage\":\"es\",\"@id\":\"https:\\\/\\\/www.anaromanature.com\\\/#\\\/schema\\\/logo\\\/image\\\/\",\"url\":\"https:\\\/\\\/i2.wp.com\\\/www.anaromanature.com\\\/wp-content\\\/uploads\\\/2021\\\/02\\\/cropped-Logotipo-Anaroma-2.png?fit=290%2C288&ssl=1\",\"contentUrl\":\"https:\\\/\\\/i2.wp.com\\\/www.anaromanature.com\\\/wp-content\\\/uploads\\\/2021\\\/02\\\/cropped-Logotipo-Anaroma-2.png?fit=290%2C288&ssl=1\",\"width\":290,\"height\":288,\"caption\":\"Anaroma Nature\"},\"image\":{\"@id\":\"https:\\\/\\\/www.anaromanature.com\\\/#\\\/schema\\\/logo\\\/image\\\/\"},\"sameAs\":[\"http:\\\/\\\/facebook.com\\\/Anaroma-326324794814915\",\"http:\\\/\\\/instagram.com\\\/anaromanature\"]}]}<\/script>\n<!-- \/ Yoast SEO plugin. -->","yoast_head_json":{"title":"On the car (Botella coche) Lavanda - Anaroma Nature - Tienda","description":"On the Car Lavanda. Discreto, potente y duradero ambientador de coche en el formato tradicional. Si quieres que tu veh\u00edculo est\u00e9","robots":{"index":"index","follow":"follow","max-snippet":"max-snippet:-1","max-image-preview":"max-image-preview:large","max-video-preview":"max-video-preview:-1"},"canonical":"https:\/\/www.anaromanature.com\/index.php\/producto\/on-the-car-botella-coche-lavanda\/","og_locale":"es_ES","og_type":"article","og_title":"On the car (Botella coche) Lavanda - Anaroma Nature - Tienda","og_description":"On the Car Lavanda. Discreto, potente y duradero ambientador de coche en el formato tradicional. Si quieres que tu veh\u00edculo est\u00e9","og_url":"https:\/\/www.anaromanature.com\/index.php\/producto\/on-the-car-botella-coche-lavanda\/","og_site_name":"Anaroma Nature","article_publisher":"http:\/\/facebook.com\/Anaroma-326324794814915","article_modified_time":"2025-01-10T15:31:45+00:00","og_image":[{"width":600,"height":600,"url":"https:\/\/www.anaromanature.com\/wp-content\/uploads\/2021\/11\/On-the-Car-Lavanda-0139507-scaled.jpg","type":"image\/jpeg"}],"twitter_card":"summary_large_image","twitter_misc":{"Tiempo de lectura":"2 minutos"},"schema":{"@context":"https:\/\/schema.org","@graph":[{"@type":"WebPage","@id":"https:\/\/www.anaromanature.com\/index.php\/producto\/on-the-car-botella-coche-lavanda\/","url":"https:\/\/www.anaromanature.com\/index.php\/producto\/on-the-car-botella-coche-lavanda\/","name":"On the car (Botella coche) Lavanda - Anaroma Nature - Tienda","isPartOf":{"@id":"https:\/\/www.anaromanature.com\/#website"},"primaryImageOfPage":{"@id":"https:\/\/www.anaromanature.com\/index.php\/producto\/on-the-car-botella-coche-lavanda\/#primaryimage"},"image":{"@id":"https:\/\/www.anaromanature.com\/index.php\/producto\/on-the-car-botella-coche-lavanda\/#primaryimage"},"thumbnailUrl":"https:\/\/www.anaromanature.com\/wp-content\/uploads\/2021\/11\/On-the-Car-Lavanda-0139507-scaled.jpg","datePublished":"2021-11-21T19:30:44+00:00","dateModified":"2025-01-10T15:31:45+00:00","description":"On the Car Lavanda. Discreto, potente y duradero ambientador de coche en el formato tradicional. Si quieres que tu veh\u00edculo est\u00e9","breadcrumb":{"@id":"https:\/\/www.anaromanature.com\/index.php\/producto\/on-the-car-botella-coche-lavanda\/#breadcrumb"},"inLanguage":"es","potentialAction":[{"@type":"ReadAction","target":["https:\/\/www.anaromanature.com\/index.php\/producto\/on-the-car-botella-coche-lavanda\/"]}]},{"@type":"ImageObject","inLanguage":"es","@id":"https:\/\/www.anaromanature.com\/index.php\/producto\/on-the-car-botella-coche-lavanda\/#primaryimage","url":"https:\/\/www.anaromanature.com\/wp-content\/uploads\/2021\/11\/On-the-Car-Lavanda-0139507-scaled.jpg","contentUrl":"https:\/\/www.anaromanature.com\/wp-content\/uploads\/2021\/11\/On-the-Car-Lavanda-0139507-scaled.jpg","width":600,"height":600,"caption":"On the Car Lavanda 0139507"},{"@type":"BreadcrumbList","@id":"https:\/\/www.anaromanature.com\/index.php\/producto\/on-the-car-botella-coche-lavanda\/#breadcrumb","itemListElement":[{"@type":"ListItem","position":1,"name":"Portada","item":"https:\/\/www.anaromanature.com\/"},{"@type":"ListItem","position":2,"name":"Tienda","item":"https:\/\/www.anaromanature.com\/index.php\/tienda-premium-online-anarome-nature\/"},{"@type":"ListItem","position":3,"name":"On the car (Botella coche) Lavanda"}]},{"@type":"WebSite","@id":"https:\/\/www.anaromanature.com\/#website","url":"https:\/\/www.anaromanature.com\/","name":"Anaroma Nature","description":"Aromas y color","publisher":{"@id":"https:\/\/www.anaromanature.com\/#organization"},"potentialAction":[{"@type":"SearchAction","target":{"@type":"EntryPoint","urlTemplate":"https:\/\/www.anaromanature.com\/?s={search_term_string}"},"query-input":{"@type":"PropertyValueSpecification","valueRequired":true,"valueName":"search_term_string"}}],"inLanguage":"es"},{"@type":"Organization","@id":"https:\/\/www.anaromanature.com\/#organization","name":"Anaroma Nature","url":"https:\/\/www.anaromanature.com\/","logo":{"@type":"ImageObject","inLanguage":"es","@id":"https:\/\/www.anaromanature.com\/#\/schema\/logo\/image\/","url":"https:\/\/i2.wp.com\/www.anaromanature.com\/wp-content\/uploads\/2021\/02\/cropped-Logotipo-Anaroma-2.png?fit=290%2C288&ssl=1","contentUrl":"https:\/\/i2.wp.com\/www.anaromanature.com\/wp-content\/uploads\/2021\/02\/cropped-Logotipo-Anaroma-2.png?fit=290%2C288&ssl=1","width":290,"height":288,"caption":"Anaroma Nature"},"image":{"@id":"https:\/\/www.anaromanature.com\/#\/schema\/logo\/image\/"},"sameAs":["http:\/\/facebook.com\/Anaroma-326324794814915","http:\/\/instagram.com\/anaromanature"]}]}},"_links":{"self":[{"href":"https:\/\/www.anaromanature.com\/index.php\/wp-json\/wp\/v2\/product\/4741","targetHints":{"allow":["GET"]}}],"collection":[{"href":"https:\/\/www.anaromanature.com\/index.php\/wp-json\/wp\/v2\/product"}],"about":[{"href":"https:\/\/www.anaromanature.com\/index.php\/wp-json\/wp\/v2\/types\/product"}],"replies":[{"embeddable":true,"href":"https:\/\/www.anaromanature.com\/index.php\/wp-json\/wp\/v2\/comments?post=4741"}],"wp:featuredmedia":[{"embeddable":true,"href":"https:\/\/www.anaromanature.com\/index.php\/wp-json\/wp\/v2\/media\/4742"}],"wp:attachment":[{"href":"https:\/\/www.anaromanature.com\/index.php\/wp-json\/wp\/v2\/media?parent=4741"}],"wp:term":[{"taxonomy":"product_brand","embeddable":true,"href":"https:\/\/www.anaromanature.com\/index.php\/wp-json\/wp\/v2\/product_brand?post=4741"},{"taxonomy":"product_cat","embeddable":true,"href":"https:\/\/www.anaromanature.com\/index.php\/wp-json\/wp\/v2\/product_cat?post=4741"},{"taxonomy":"product_tag","embeddable":true,"href":"https:\/\/www.anaromanature.com\/index.php\/wp-json\/wp\/v2\/product_tag?post=4741"}],"curies":[{"name":"wp","href":"https:\/\/api.w.org\/{rel}","templated":true}]}}