{"id":4775,"date":"2021-11-29T19:16:36","date_gmt":"2021-11-29T18:16:36","guid":{"rendered":"https:\/\/www.anaromanature.com\/?post_type=product&#038;p=4775"},"modified":"2025-01-10T16:40:04","modified_gmt":"2025-01-10T15:40:04","slug":"mini-sachet-winter-fruits","status":"publish","type":"product","link":"https:\/\/www.anaromanature.com\/index.php\/producto\/mini-sachet-winter-fruits\/","title":{"rendered":"Mini Sachet Winter Fruits"},"content":{"rendered":"<p>Mini Sachet Winter Fruits<\/p>\n<p>Peque\u00f1os sobrecitos de ambiente para perfumar diferentes lugares.<\/p>\n<p>Si queremos conseguir que nuestros cajones, bolsos, mochilas, etc., se mantengan perfumados por m\u00e1s tiempo, es necesarios que introduzcamos alguna soluci\u00f3n en ellos.<\/p>\n<p>Los mini sachets, de peque\u00f1o tama\u00f1o, son una soluci\u00f3n muy apropiada para tal fin, duraderos, intensos y muy econ\u00f3micos.<\/p>\n<p>Es importante resaltar que si lo que buscamos es ambientar un gran espacio, quiz\u00e1 no sea el formato ideal y tengamos que mirar otras opciones, ya que pueden quedarse cortos.<\/p>\n<p>Gracias a que son muy econ\u00f3micos nos da la posibilidad de tener un gran producto por muy poco, que mantendr\u00e1 no s\u00f3lo nuestros cajones ambientados, sino\u00a0 los de todos los miembros de nuestra familia.<\/p>\n<p>Otro uso que le podemos dar a los mini sachets, es en el aspirador; basta con poner una peque\u00f1a cantidad en el suelo y aspirarla.<\/p>\n<p>De esta manera a medida que limpiamos nuestro suelo, iremos perfumando las habitaciones por donde pasemos.<\/p>\n<p>Nosotros te hemos propuesto una serie de ideas para usarlos \u00bfquieres compartir con nosotros alguna idea m\u00e1s donde poder usar los mini sachets?<\/p>\n<p>Mini Sachet Winter Fruits<\/p>\n<p>Perfuma tu hogar con\u00a0<a href=\"https:\/\/www.anaromanature.com\/\">Anaroma Nature<\/a><\/p>\n<p><a href=\"mailto:%20info@anaromanature.com\">Cons\u00faltanos\u00a0<\/a>lo que necesites saber o aclarar.<\/p>\n<p>Visita nuestro\u00a0<a href=\"https:\/\/www.instagram.com\/anaromanature\/\">Instagram<\/a>.<\/p>\n","protected":false},"excerpt":{"rendered":"<p>&nbsp;<\/p>\n<h3 class=\"fusion-responsive-typography-calculated\" data-fontsize=\"16.38\" data-lineheight=\"26.208px\">Especiado \u25cf Frutal<\/h3>\n<p>Una intensa fragancia frutal y muy golosa, cuyo aroma nos traer\u00e1 la calidez de las Navidades en los d\u00edas helados de invierno.<\/p>\n<p><strong>Notas de fragancia<\/strong><\/p>\n<ul>\n<li><strong>Salida:\u00a0<\/strong>Hojas de Frambuesa, Fresas Salvajes y Menta.<\/li>\n<li><strong>Coraz\u00f3n:\u00a0<\/strong>Ar\u00e1ndanos, Ciruelas y explosi\u00f3n de Frambuesas.<\/li>\n<li><strong>Fondo:\u00a0<\/strong>Ligeramente especiado a Jengibre y Pimienta e infinito a Frambuesas.<\/li>\n<\/ul>\n","protected":false},"featured_media":4776,"comment_status":"open","ping_status":"closed","template":"","meta":{"_joinchat":[]},"product_brand":[],"product_cat":[110,26,304],"product_tag":[90,42,132,56,59,560],"class_list":{"0":"post-4775","1":"product","2":"type-product","3":"status-publish","4":"has-post-thumbnail","6":"product_cat-armarios-perfumados","7":"product_cat-boles-dolor-un-mundo-de-suenos-fragantes","8":"product_cat-mini-sachet","9":"product_tag-amaderado","10":"product_tag-ambientador","11":"product_tag-armario","12":"product_tag-especiado","13":"product_tag-frutal","14":"product_tag-mini-sachet","15":"latest_post","17":"first","18":"instock","19":"taxable","20":"shipping-taxable","21":"purchasable","22":"product-type-simple"},"yoast_head":"<!-- This site is optimized with the Yoast SEO plugin v27.4 - https:\/\/yoast.com\/product\/yoast-seo-wordpress\/ -->\n<title>Mini Sachet Winter Fruits - Anaroma Nature - Tienda Premium<\/title>\n<meta name=\"description\" content=\"Mini Sachet Winter Fruits. Peque\u00f1os sobrecitos de ambiente para perfumar diferentes lugares. Si queremos conseguir que nuestros\" \/>\n<meta name=\"robots\" content=\"index, follow, max-snippet:-1, max-image-preview:large, max-video-preview:-1\" \/>\n<link rel=\"canonical\" href=\"https:\/\/www.anaromanature.com\/index.php\/producto\/mini-sachet-winter-fruits\/\" \/>\n<meta property=\"og:locale\" content=\"es_ES\" \/>\n<meta property=\"og:type\" content=\"article\" \/>\n<meta property=\"og:title\" content=\"Mini Sachet Winter Fruits - Anaroma Nature - Tienda Premium\" \/>\n<meta property=\"og:description\" content=\"Mini Sachet Winter Fruits. Peque\u00f1os sobrecitos de ambiente para perfumar diferentes lugares. Si queremos conseguir que nuestros\" \/>\n<meta property=\"og:url\" content=\"https:\/\/www.anaromanature.com\/index.php\/producto\/mini-sachet-winter-fruits\/\" \/>\n<meta property=\"og:site_name\" content=\"Anaroma Nature\" \/>\n<meta property=\"article:publisher\" content=\"http:\/\/facebook.com\/Anaroma-326324794814915\" \/>\n<meta property=\"article:modified_time\" content=\"2025-01-10T15:40:04+00:00\" \/>\n<meta property=\"og:image\" content=\"https:\/\/www.anaromanature.com\/wp-content\/uploads\/2021\/11\/Mini-Sachet-Ambients-Winter-Fruits-0137056-scaled.jpg\" \/>\n\t<meta property=\"og:image:width\" content=\"600\" \/>\n\t<meta property=\"og:image:height\" content=\"600\" \/>\n\t<meta property=\"og:image:type\" content=\"image\/jpeg\" \/>\n<meta name=\"twitter:card\" content=\"summary_large_image\" \/>\n<meta name=\"twitter:label1\" content=\"Tiempo de lectura\" \/>\n\t<meta name=\"twitter:data1\" content=\"1 minuto\" \/>\n<script type=\"application\/ld+json\" class=\"yoast-schema-graph\">{\"@context\":\"https:\\\/\\\/schema.org\",\"@graph\":[{\"@type\":\"WebPage\",\"@id\":\"https:\\\/\\\/www.anaromanature.com\\\/index.php\\\/producto\\\/mini-sachet-winter-fruits\\\/\",\"url\":\"https:\\\/\\\/www.anaromanature.com\\\/index.php\\\/producto\\\/mini-sachet-winter-fruits\\\/\",\"name\":\"Mini Sachet Winter Fruits - Anaroma Nature - Tienda Premium\",\"isPartOf\":{\"@id\":\"https:\\\/\\\/www.anaromanature.com\\\/#website\"},\"primaryImageOfPage\":{\"@id\":\"https:\\\/\\\/www.anaromanature.com\\\/index.php\\\/producto\\\/mini-sachet-winter-fruits\\\/#primaryimage\"},\"image\":{\"@id\":\"https:\\\/\\\/www.anaromanature.com\\\/index.php\\\/producto\\\/mini-sachet-winter-fruits\\\/#primaryimage\"},\"thumbnailUrl\":\"https:\\\/\\\/www.anaromanature.com\\\/wp-content\\\/uploads\\\/2021\\\/11\\\/Mini-Sachet-Ambients-Winter-Fruits-0137056-scaled.jpg\",\"datePublished\":\"2021-11-29T18:16:36+00:00\",\"dateModified\":\"2025-01-10T15:40:04+00:00\",\"description\":\"Mini Sachet Winter Fruits. Peque\u00f1os sobrecitos de ambiente para perfumar diferentes lugares. Si queremos conseguir que nuestros\",\"breadcrumb\":{\"@id\":\"https:\\\/\\\/www.anaromanature.com\\\/index.php\\\/producto\\\/mini-sachet-winter-fruits\\\/#breadcrumb\"},\"inLanguage\":\"es\",\"potentialAction\":[{\"@type\":\"ReadAction\",\"target\":[\"https:\\\/\\\/www.anaromanature.com\\\/index.php\\\/producto\\\/mini-sachet-winter-fruits\\\/\"]}]},{\"@type\":\"ImageObject\",\"inLanguage\":\"es\",\"@id\":\"https:\\\/\\\/www.anaromanature.com\\\/index.php\\\/producto\\\/mini-sachet-winter-fruits\\\/#primaryimage\",\"url\":\"https:\\\/\\\/www.anaromanature.com\\\/wp-content\\\/uploads\\\/2021\\\/11\\\/Mini-Sachet-Ambients-Winter-Fruits-0137056-scaled.jpg\",\"contentUrl\":\"https:\\\/\\\/www.anaromanature.com\\\/wp-content\\\/uploads\\\/2021\\\/11\\\/Mini-Sachet-Ambients-Winter-Fruits-0137056-scaled.jpg\",\"width\":600,\"height\":600,\"caption\":\"Mini Sachet Winter Fruits\"},{\"@type\":\"BreadcrumbList\",\"@id\":\"https:\\\/\\\/www.anaromanature.com\\\/index.php\\\/producto\\\/mini-sachet-winter-fruits\\\/#breadcrumb\",\"itemListElement\":[{\"@type\":\"ListItem\",\"position\":1,\"name\":\"Portada\",\"item\":\"https:\\\/\\\/www.anaromanature.com\\\/\"},{\"@type\":\"ListItem\",\"position\":2,\"name\":\"Tienda\",\"item\":\"https:\\\/\\\/www.anaromanature.com\\\/index.php\\\/tienda-premium-online-anarome-nature\\\/\"},{\"@type\":\"ListItem\",\"position\":3,\"name\":\"Mini Sachet Winter Fruits\"}]},{\"@type\":\"WebSite\",\"@id\":\"https:\\\/\\\/www.anaromanature.com\\\/#website\",\"url\":\"https:\\\/\\\/www.anaromanature.com\\\/\",\"name\":\"Anaroma Nature\",\"description\":\"Aromas y color\",\"publisher\":{\"@id\":\"https:\\\/\\\/www.anaromanature.com\\\/#organization\"},\"potentialAction\":[{\"@type\":\"SearchAction\",\"target\":{\"@type\":\"EntryPoint\",\"urlTemplate\":\"https:\\\/\\\/www.anaromanature.com\\\/?s={search_term_string}\"},\"query-input\":{\"@type\":\"PropertyValueSpecification\",\"valueRequired\":true,\"valueName\":\"search_term_string\"}}],\"inLanguage\":\"es\"},{\"@type\":\"Organization\",\"@id\":\"https:\\\/\\\/www.anaromanature.com\\\/#organization\",\"name\":\"Anaroma Nature\",\"url\":\"https:\\\/\\\/www.anaromanature.com\\\/\",\"logo\":{\"@type\":\"ImageObject\",\"inLanguage\":\"es\",\"@id\":\"https:\\\/\\\/www.anaromanature.com\\\/#\\\/schema\\\/logo\\\/image\\\/\",\"url\":\"https:\\\/\\\/i2.wp.com\\\/www.anaromanature.com\\\/wp-content\\\/uploads\\\/2021\\\/02\\\/cropped-Logotipo-Anaroma-2.png?fit=290%2C288&ssl=1\",\"contentUrl\":\"https:\\\/\\\/i2.wp.com\\\/www.anaromanature.com\\\/wp-content\\\/uploads\\\/2021\\\/02\\\/cropped-Logotipo-Anaroma-2.png?fit=290%2C288&ssl=1\",\"width\":290,\"height\":288,\"caption\":\"Anaroma Nature\"},\"image\":{\"@id\":\"https:\\\/\\\/www.anaromanature.com\\\/#\\\/schema\\\/logo\\\/image\\\/\"},\"sameAs\":[\"http:\\\/\\\/facebook.com\\\/Anaroma-326324794814915\",\"http:\\\/\\\/instagram.com\\\/anaromanature\"]}]}<\/script>\n<!-- \/ Yoast SEO plugin. -->","yoast_head_json":{"title":"Mini Sachet Winter Fruits - Anaroma Nature - Tienda Premium","description":"Mini Sachet Winter Fruits. Peque\u00f1os sobrecitos de ambiente para perfumar diferentes lugares. Si queremos conseguir que nuestros","robots":{"index":"index","follow":"follow","max-snippet":"max-snippet:-1","max-image-preview":"max-image-preview:large","max-video-preview":"max-video-preview:-1"},"canonical":"https:\/\/www.anaromanature.com\/index.php\/producto\/mini-sachet-winter-fruits\/","og_locale":"es_ES","og_type":"article","og_title":"Mini Sachet Winter Fruits - Anaroma Nature - Tienda Premium","og_description":"Mini Sachet Winter Fruits. Peque\u00f1os sobrecitos de ambiente para perfumar diferentes lugares. Si queremos conseguir que nuestros","og_url":"https:\/\/www.anaromanature.com\/index.php\/producto\/mini-sachet-winter-fruits\/","og_site_name":"Anaroma Nature","article_publisher":"http:\/\/facebook.com\/Anaroma-326324794814915","article_modified_time":"2025-01-10T15:40:04+00:00","og_image":[{"width":600,"height":600,"url":"https:\/\/www.anaromanature.com\/wp-content\/uploads\/2021\/11\/Mini-Sachet-Ambients-Winter-Fruits-0137056-scaled.jpg","type":"image\/jpeg"}],"twitter_card":"summary_large_image","twitter_misc":{"Tiempo de lectura":"1 minuto"},"schema":{"@context":"https:\/\/schema.org","@graph":[{"@type":"WebPage","@id":"https:\/\/www.anaromanature.com\/index.php\/producto\/mini-sachet-winter-fruits\/","url":"https:\/\/www.anaromanature.com\/index.php\/producto\/mini-sachet-winter-fruits\/","name":"Mini Sachet Winter Fruits - Anaroma Nature - Tienda Premium","isPartOf":{"@id":"https:\/\/www.anaromanature.com\/#website"},"primaryImageOfPage":{"@id":"https:\/\/www.anaromanature.com\/index.php\/producto\/mini-sachet-winter-fruits\/#primaryimage"},"image":{"@id":"https:\/\/www.anaromanature.com\/index.php\/producto\/mini-sachet-winter-fruits\/#primaryimage"},"thumbnailUrl":"https:\/\/www.anaromanature.com\/wp-content\/uploads\/2021\/11\/Mini-Sachet-Ambients-Winter-Fruits-0137056-scaled.jpg","datePublished":"2021-11-29T18:16:36+00:00","dateModified":"2025-01-10T15:40:04+00:00","description":"Mini Sachet Winter Fruits. Peque\u00f1os sobrecitos de ambiente para perfumar diferentes lugares. Si queremos conseguir que nuestros","breadcrumb":{"@id":"https:\/\/www.anaromanature.com\/index.php\/producto\/mini-sachet-winter-fruits\/#breadcrumb"},"inLanguage":"es","potentialAction":[{"@type":"ReadAction","target":["https:\/\/www.anaromanature.com\/index.php\/producto\/mini-sachet-winter-fruits\/"]}]},{"@type":"ImageObject","inLanguage":"es","@id":"https:\/\/www.anaromanature.com\/index.php\/producto\/mini-sachet-winter-fruits\/#primaryimage","url":"https:\/\/www.anaromanature.com\/wp-content\/uploads\/2021\/11\/Mini-Sachet-Ambients-Winter-Fruits-0137056-scaled.jpg","contentUrl":"https:\/\/www.anaromanature.com\/wp-content\/uploads\/2021\/11\/Mini-Sachet-Ambients-Winter-Fruits-0137056-scaled.jpg","width":600,"height":600,"caption":"Mini Sachet Winter Fruits"},{"@type":"BreadcrumbList","@id":"https:\/\/www.anaromanature.com\/index.php\/producto\/mini-sachet-winter-fruits\/#breadcrumb","itemListElement":[{"@type":"ListItem","position":1,"name":"Portada","item":"https:\/\/www.anaromanature.com\/"},{"@type":"ListItem","position":2,"name":"Tienda","item":"https:\/\/www.anaromanature.com\/index.php\/tienda-premium-online-anarome-nature\/"},{"@type":"ListItem","position":3,"name":"Mini Sachet Winter Fruits"}]},{"@type":"WebSite","@id":"https:\/\/www.anaromanature.com\/#website","url":"https:\/\/www.anaromanature.com\/","name":"Anaroma Nature","description":"Aromas y color","publisher":{"@id":"https:\/\/www.anaromanature.com\/#organization"},"potentialAction":[{"@type":"SearchAction","target":{"@type":"EntryPoint","urlTemplate":"https:\/\/www.anaromanature.com\/?s={search_term_string}"},"query-input":{"@type":"PropertyValueSpecification","valueRequired":true,"valueName":"search_term_string"}}],"inLanguage":"es"},{"@type":"Organization","@id":"https:\/\/www.anaromanature.com\/#organization","name":"Anaroma Nature","url":"https:\/\/www.anaromanature.com\/","logo":{"@type":"ImageObject","inLanguage":"es","@id":"https:\/\/www.anaromanature.com\/#\/schema\/logo\/image\/","url":"https:\/\/i2.wp.com\/www.anaromanature.com\/wp-content\/uploads\/2021\/02\/cropped-Logotipo-Anaroma-2.png?fit=290%2C288&ssl=1","contentUrl":"https:\/\/i2.wp.com\/www.anaromanature.com\/wp-content\/uploads\/2021\/02\/cropped-Logotipo-Anaroma-2.png?fit=290%2C288&ssl=1","width":290,"height":288,"caption":"Anaroma Nature"},"image":{"@id":"https:\/\/www.anaromanature.com\/#\/schema\/logo\/image\/"},"sameAs":["http:\/\/facebook.com\/Anaroma-326324794814915","http:\/\/instagram.com\/anaromanature"]}]}},"_links":{"self":[{"href":"https:\/\/www.anaromanature.com\/index.php\/wp-json\/wp\/v2\/product\/4775","targetHints":{"allow":["GET"]}}],"collection":[{"href":"https:\/\/www.anaromanature.com\/index.php\/wp-json\/wp\/v2\/product"}],"about":[{"href":"https:\/\/www.anaromanature.com\/index.php\/wp-json\/wp\/v2\/types\/product"}],"replies":[{"embeddable":true,"href":"https:\/\/www.anaromanature.com\/index.php\/wp-json\/wp\/v2\/comments?post=4775"}],"wp:featuredmedia":[{"embeddable":true,"href":"https:\/\/www.anaromanature.com\/index.php\/wp-json\/wp\/v2\/media\/4776"}],"wp:attachment":[{"href":"https:\/\/www.anaromanature.com\/index.php\/wp-json\/wp\/v2\/media?parent=4775"}],"wp:term":[{"taxonomy":"product_brand","embeddable":true,"href":"https:\/\/www.anaromanature.com\/index.php\/wp-json\/wp\/v2\/product_brand?post=4775"},{"taxonomy":"product_cat","embeddable":true,"href":"https:\/\/www.anaromanature.com\/index.php\/wp-json\/wp\/v2\/product_cat?post=4775"},{"taxonomy":"product_tag","embeddable":true,"href":"https:\/\/www.anaromanature.com\/index.php\/wp-json\/wp\/v2\/product_tag?post=4775"}],"curies":[{"name":"wp","href":"https:\/\/api.w.org\/{rel}","templated":true}]}}