{"id":5049,"date":"2022-01-09T17:16:40","date_gmt":"2022-01-09T16:16:40","guid":{"rendered":"https:\/\/www.anaromanature.com\/?post_type=product&#038;p=5049"},"modified":"2022-02-22T17:33:11","modified_gmt":"2022-02-22T16:33:11","slug":"manzana-verde-crema-corporal-the-fruit-company","status":"publish","type":"product","link":"https:\/\/www.anaromanature.com\/index.php\/producto\/manzana-verde-crema-corporal-the-fruit-company\/","title":{"rendered":"MANZANA VERDE Crema Corporal The Fruit Company"},"content":{"rendered":"<p>MANZANA VERDE Crema Corporal The Fruit Company<\/p>\n<div class=\"woocommerce-product-details__short-description\">\n<div class=\"woocommerce-product-details__short-description\">\n<p>Te gusta disfrutar de la vida y de una piel bonita e incre\u00edblemente hidratada. La\u00a0<strong>Crema Corporal Manzana Verde<\/strong>\u00a0y su delicado y fresco aroma hacen que hidratar tu cuerpo diariamente te ponga de buen humor al instante.<\/p>\n<\/div>\n<\/div>\n<p>Crema corporal MANZANA VERDE textura yogur de 200 gr. Con aloe vera y manteca de karit\u00e9. Sin colorantes ni parabenos. Absorci\u00f3n ultra r\u00e1pida. \u00a1V\u00edstete en 30 segundos!<\/p>\n<p><strong><span style=\"color: #a0d9bc\">Descripci\u00f3n Olfativa<\/span><\/strong><\/p>\n<p><em><strong>Manzana:\u00a0<\/strong><\/em>Nota natural a Manzana.<\/p>\n<p>Cuida tu piel con\u00a0<a href=\"https:\/\/www.anaromanature.com\/\">Anaroma Nature<\/a><\/p>\n<p><a href=\"mailto:%20info@anaromanature.com\">Cons\u00faltanos\u00a0<\/a>lo que necesites saber o aclarar.<\/p>\n<p>Visita nuestro\u00a0<a href=\"https:\/\/www.instagram.com\/anaromanature\/\">Instagram<\/a>.<\/p>\n","protected":false},"excerpt":{"rendered":"<p>Te gusta disfrutar de la vida y de una piel bonita e incre\u00edblemente hidratada. La\u00a0<strong>Crema Corporal Manzana Verde<\/strong>\u00a0y su delicado y fresco aroma hacen que hidratar tu cuerpo diariamente te ponga de buen humor al instante.<\/p>\n<p><strong><span style=\"color: #a0d9bc\">Descripci\u00f3n Olfativa<\/span><\/strong><\/p>\n<p><em><strong>Manzana:\u00a0<\/strong><\/em>Nota natural a Manzana.<\/p>\n","protected":false},"featured_media":5050,"comment_status":"open","ping_status":"closed","template":"","meta":{"_joinchat":[]},"product_brand":[],"product_cat":[605,599],"product_tag":[606,607,601],"class_list":{"0":"post-5049","1":"product","2":"type-product","3":"status-publish","4":"has-post-thumbnail","6":"product_cat-crema-corporal-tfc","7":"product_cat-the-fruit-company","8":"product_tag-crema-corporal","9":"product_tag-manzana-verde","10":"product_tag-tfc","11":"latest_post","13":"first","14":"outofstock","15":"taxable","16":"shipping-taxable","17":"purchasable","18":"product-type-simple"},"yoast_head":"<!-- This site is optimized with the Yoast SEO plugin v27.4 - https:\/\/yoast.com\/product\/yoast-seo-wordpress\/ -->\n<title>MANZANA VERDE Crema Corporal The Fruit Company - Anaroma Nature<\/title>\n<meta name=\"description\" content=\"MANZANA VERDE Crema Corporal The Fruit Company Te gusta disfrutar de la vida y de una piel bonita e incre\u00edblemente hidratada. La\u00a0Crema\" \/>\n<meta name=\"robots\" content=\"index, follow, max-snippet:-1, max-image-preview:large, max-video-preview:-1\" \/>\n<link rel=\"canonical\" href=\"https:\/\/www.anaromanature.com\/index.php\/producto\/manzana-verde-crema-corporal-the-fruit-company\/\" \/>\n<meta property=\"og:locale\" content=\"es_ES\" \/>\n<meta property=\"og:type\" content=\"article\" \/>\n<meta property=\"og:title\" content=\"MANZANA VERDE Crema Corporal The Fruit Company - Anaroma Nature\" \/>\n<meta property=\"og:description\" content=\"MANZANA VERDE Crema Corporal The Fruit Company Te gusta disfrutar de la vida y de una piel bonita e incre\u00edblemente hidratada. La\u00a0Crema\" \/>\n<meta property=\"og:url\" content=\"https:\/\/www.anaromanature.com\/index.php\/producto\/manzana-verde-crema-corporal-the-fruit-company\/\" \/>\n<meta property=\"og:site_name\" content=\"Anaroma Nature\" \/>\n<meta property=\"article:publisher\" content=\"http:\/\/facebook.com\/Anaroma-326324794814915\" \/>\n<meta property=\"article:modified_time\" content=\"2022-02-22T16:33:11+00:00\" \/>\n<meta property=\"og:image\" content=\"https:\/\/www.anaromanature.com\/wp-content\/uploads\/2022\/01\/TFC-Crema-Corporal-1-MANZANA-VERDE.jpg\" \/>\n\t<meta property=\"og:image:width\" content=\"1240\" \/>\n\t<meta property=\"og:image:height\" content=\"1240\" \/>\n\t<meta property=\"og:image:type\" content=\"image\/jpeg\" \/>\n<meta name=\"twitter:card\" content=\"summary_large_image\" \/>\n<meta name=\"twitter:label1\" content=\"Tiempo de lectura\" \/>\n\t<meta name=\"twitter:data1\" content=\"1 minuto\" \/>\n<script type=\"application\/ld+json\" class=\"yoast-schema-graph\">{\"@context\":\"https:\\\/\\\/schema.org\",\"@graph\":[{\"@type\":\"WebPage\",\"@id\":\"https:\\\/\\\/www.anaromanature.com\\\/index.php\\\/producto\\\/manzana-verde-crema-corporal-the-fruit-company\\\/\",\"url\":\"https:\\\/\\\/www.anaromanature.com\\\/index.php\\\/producto\\\/manzana-verde-crema-corporal-the-fruit-company\\\/\",\"name\":\"MANZANA VERDE Crema Corporal The Fruit Company - Anaroma Nature\",\"isPartOf\":{\"@id\":\"https:\\\/\\\/www.anaromanature.com\\\/#website\"},\"primaryImageOfPage\":{\"@id\":\"https:\\\/\\\/www.anaromanature.com\\\/index.php\\\/producto\\\/manzana-verde-crema-corporal-the-fruit-company\\\/#primaryimage\"},\"image\":{\"@id\":\"https:\\\/\\\/www.anaromanature.com\\\/index.php\\\/producto\\\/manzana-verde-crema-corporal-the-fruit-company\\\/#primaryimage\"},\"thumbnailUrl\":\"https:\\\/\\\/www.anaromanature.com\\\/wp-content\\\/uploads\\\/2022\\\/01\\\/TFC-Crema-Corporal-1-MANZANA-VERDE.jpg\",\"datePublished\":\"2022-01-09T16:16:40+00:00\",\"dateModified\":\"2022-02-22T16:33:11+00:00\",\"description\":\"MANZANA VERDE Crema Corporal The Fruit Company Te gusta disfrutar de la vida y de una piel bonita e incre\u00edblemente hidratada. La\u00a0Crema\",\"breadcrumb\":{\"@id\":\"https:\\\/\\\/www.anaromanature.com\\\/index.php\\\/producto\\\/manzana-verde-crema-corporal-the-fruit-company\\\/#breadcrumb\"},\"inLanguage\":\"es\",\"potentialAction\":[{\"@type\":\"ReadAction\",\"target\":[\"https:\\\/\\\/www.anaromanature.com\\\/index.php\\\/producto\\\/manzana-verde-crema-corporal-the-fruit-company\\\/\"]}]},{\"@type\":\"ImageObject\",\"inLanguage\":\"es\",\"@id\":\"https:\\\/\\\/www.anaromanature.com\\\/index.php\\\/producto\\\/manzana-verde-crema-corporal-the-fruit-company\\\/#primaryimage\",\"url\":\"https:\\\/\\\/www.anaromanature.com\\\/wp-content\\\/uploads\\\/2022\\\/01\\\/TFC-Crema-Corporal-1-MANZANA-VERDE.jpg\",\"contentUrl\":\"https:\\\/\\\/www.anaromanature.com\\\/wp-content\\\/uploads\\\/2022\\\/01\\\/TFC-Crema-Corporal-1-MANZANA-VERDE.jpg\",\"width\":600,\"height\":600,\"caption\":\"TFC Crema Corporal 1 MANZANA VERDE\"},{\"@type\":\"BreadcrumbList\",\"@id\":\"https:\\\/\\\/www.anaromanature.com\\\/index.php\\\/producto\\\/manzana-verde-crema-corporal-the-fruit-company\\\/#breadcrumb\",\"itemListElement\":[{\"@type\":\"ListItem\",\"position\":1,\"name\":\"Portada\",\"item\":\"https:\\\/\\\/www.anaromanature.com\\\/\"},{\"@type\":\"ListItem\",\"position\":2,\"name\":\"Tienda\",\"item\":\"https:\\\/\\\/www.anaromanature.com\\\/index.php\\\/tienda-premium-online-anarome-nature\\\/\"},{\"@type\":\"ListItem\",\"position\":3,\"name\":\"MANZANA VERDE Crema Corporal The Fruit Company\"}]},{\"@type\":\"WebSite\",\"@id\":\"https:\\\/\\\/www.anaromanature.com\\\/#website\",\"url\":\"https:\\\/\\\/www.anaromanature.com\\\/\",\"name\":\"Anaroma Nature\",\"description\":\"Aromas y color\",\"publisher\":{\"@id\":\"https:\\\/\\\/www.anaromanature.com\\\/#organization\"},\"potentialAction\":[{\"@type\":\"SearchAction\",\"target\":{\"@type\":\"EntryPoint\",\"urlTemplate\":\"https:\\\/\\\/www.anaromanature.com\\\/?s={search_term_string}\"},\"query-input\":{\"@type\":\"PropertyValueSpecification\",\"valueRequired\":true,\"valueName\":\"search_term_string\"}}],\"inLanguage\":\"es\"},{\"@type\":\"Organization\",\"@id\":\"https:\\\/\\\/www.anaromanature.com\\\/#organization\",\"name\":\"Anaroma Nature\",\"url\":\"https:\\\/\\\/www.anaromanature.com\\\/\",\"logo\":{\"@type\":\"ImageObject\",\"inLanguage\":\"es\",\"@id\":\"https:\\\/\\\/www.anaromanature.com\\\/#\\\/schema\\\/logo\\\/image\\\/\",\"url\":\"https:\\\/\\\/i2.wp.com\\\/www.anaromanature.com\\\/wp-content\\\/uploads\\\/2021\\\/02\\\/cropped-Logotipo-Anaroma-2.png?fit=290%2C288&ssl=1\",\"contentUrl\":\"https:\\\/\\\/i2.wp.com\\\/www.anaromanature.com\\\/wp-content\\\/uploads\\\/2021\\\/02\\\/cropped-Logotipo-Anaroma-2.png?fit=290%2C288&ssl=1\",\"width\":290,\"height\":288,\"caption\":\"Anaroma Nature\"},\"image\":{\"@id\":\"https:\\\/\\\/www.anaromanature.com\\\/#\\\/schema\\\/logo\\\/image\\\/\"},\"sameAs\":[\"http:\\\/\\\/facebook.com\\\/Anaroma-326324794814915\",\"http:\\\/\\\/instagram.com\\\/anaromanature\"]}]}<\/script>\n<!-- \/ Yoast SEO plugin. -->","yoast_head_json":{"title":"MANZANA VERDE Crema Corporal The Fruit Company - Anaroma Nature","description":"MANZANA VERDE Crema Corporal The Fruit Company Te gusta disfrutar de la vida y de una piel bonita e incre\u00edblemente hidratada. La\u00a0Crema","robots":{"index":"index","follow":"follow","max-snippet":"max-snippet:-1","max-image-preview":"max-image-preview:large","max-video-preview":"max-video-preview:-1"},"canonical":"https:\/\/www.anaromanature.com\/index.php\/producto\/manzana-verde-crema-corporal-the-fruit-company\/","og_locale":"es_ES","og_type":"article","og_title":"MANZANA VERDE Crema Corporal The Fruit Company - Anaroma Nature","og_description":"MANZANA VERDE Crema Corporal The Fruit Company Te gusta disfrutar de la vida y de una piel bonita e incre\u00edblemente hidratada. La\u00a0Crema","og_url":"https:\/\/www.anaromanature.com\/index.php\/producto\/manzana-verde-crema-corporal-the-fruit-company\/","og_site_name":"Anaroma Nature","article_publisher":"http:\/\/facebook.com\/Anaroma-326324794814915","article_modified_time":"2022-02-22T16:33:11+00:00","og_image":[{"width":1240,"height":1240,"url":"https:\/\/www.anaromanature.com\/wp-content\/uploads\/2022\/01\/TFC-Crema-Corporal-1-MANZANA-VERDE.jpg","type":"image\/jpeg"}],"twitter_card":"summary_large_image","twitter_misc":{"Tiempo de lectura":"1 minuto"},"schema":{"@context":"https:\/\/schema.org","@graph":[{"@type":"WebPage","@id":"https:\/\/www.anaromanature.com\/index.php\/producto\/manzana-verde-crema-corporal-the-fruit-company\/","url":"https:\/\/www.anaromanature.com\/index.php\/producto\/manzana-verde-crema-corporal-the-fruit-company\/","name":"MANZANA VERDE Crema Corporal The Fruit Company - Anaroma Nature","isPartOf":{"@id":"https:\/\/www.anaromanature.com\/#website"},"primaryImageOfPage":{"@id":"https:\/\/www.anaromanature.com\/index.php\/producto\/manzana-verde-crema-corporal-the-fruit-company\/#primaryimage"},"image":{"@id":"https:\/\/www.anaromanature.com\/index.php\/producto\/manzana-verde-crema-corporal-the-fruit-company\/#primaryimage"},"thumbnailUrl":"https:\/\/www.anaromanature.com\/wp-content\/uploads\/2022\/01\/TFC-Crema-Corporal-1-MANZANA-VERDE.jpg","datePublished":"2022-01-09T16:16:40+00:00","dateModified":"2022-02-22T16:33:11+00:00","description":"MANZANA VERDE Crema Corporal The Fruit Company Te gusta disfrutar de la vida y de una piel bonita e incre\u00edblemente hidratada. La\u00a0Crema","breadcrumb":{"@id":"https:\/\/www.anaromanature.com\/index.php\/producto\/manzana-verde-crema-corporal-the-fruit-company\/#breadcrumb"},"inLanguage":"es","potentialAction":[{"@type":"ReadAction","target":["https:\/\/www.anaromanature.com\/index.php\/producto\/manzana-verde-crema-corporal-the-fruit-company\/"]}]},{"@type":"ImageObject","inLanguage":"es","@id":"https:\/\/www.anaromanature.com\/index.php\/producto\/manzana-verde-crema-corporal-the-fruit-company\/#primaryimage","url":"https:\/\/www.anaromanature.com\/wp-content\/uploads\/2022\/01\/TFC-Crema-Corporal-1-MANZANA-VERDE.jpg","contentUrl":"https:\/\/www.anaromanature.com\/wp-content\/uploads\/2022\/01\/TFC-Crema-Corporal-1-MANZANA-VERDE.jpg","width":600,"height":600,"caption":"TFC Crema Corporal 1 MANZANA VERDE"},{"@type":"BreadcrumbList","@id":"https:\/\/www.anaromanature.com\/index.php\/producto\/manzana-verde-crema-corporal-the-fruit-company\/#breadcrumb","itemListElement":[{"@type":"ListItem","position":1,"name":"Portada","item":"https:\/\/www.anaromanature.com\/"},{"@type":"ListItem","position":2,"name":"Tienda","item":"https:\/\/www.anaromanature.com\/index.php\/tienda-premium-online-anarome-nature\/"},{"@type":"ListItem","position":3,"name":"MANZANA VERDE Crema Corporal The Fruit Company"}]},{"@type":"WebSite","@id":"https:\/\/www.anaromanature.com\/#website","url":"https:\/\/www.anaromanature.com\/","name":"Anaroma Nature","description":"Aromas y color","publisher":{"@id":"https:\/\/www.anaromanature.com\/#organization"},"potentialAction":[{"@type":"SearchAction","target":{"@type":"EntryPoint","urlTemplate":"https:\/\/www.anaromanature.com\/?s={search_term_string}"},"query-input":{"@type":"PropertyValueSpecification","valueRequired":true,"valueName":"search_term_string"}}],"inLanguage":"es"},{"@type":"Organization","@id":"https:\/\/www.anaromanature.com\/#organization","name":"Anaroma Nature","url":"https:\/\/www.anaromanature.com\/","logo":{"@type":"ImageObject","inLanguage":"es","@id":"https:\/\/www.anaromanature.com\/#\/schema\/logo\/image\/","url":"https:\/\/i2.wp.com\/www.anaromanature.com\/wp-content\/uploads\/2021\/02\/cropped-Logotipo-Anaroma-2.png?fit=290%2C288&ssl=1","contentUrl":"https:\/\/i2.wp.com\/www.anaromanature.com\/wp-content\/uploads\/2021\/02\/cropped-Logotipo-Anaroma-2.png?fit=290%2C288&ssl=1","width":290,"height":288,"caption":"Anaroma Nature"},"image":{"@id":"https:\/\/www.anaromanature.com\/#\/schema\/logo\/image\/"},"sameAs":["http:\/\/facebook.com\/Anaroma-326324794814915","http:\/\/instagram.com\/anaromanature"]}]}},"_links":{"self":[{"href":"https:\/\/www.anaromanature.com\/index.php\/wp-json\/wp\/v2\/product\/5049","targetHints":{"allow":["GET"]}}],"collection":[{"href":"https:\/\/www.anaromanature.com\/index.php\/wp-json\/wp\/v2\/product"}],"about":[{"href":"https:\/\/www.anaromanature.com\/index.php\/wp-json\/wp\/v2\/types\/product"}],"replies":[{"embeddable":true,"href":"https:\/\/www.anaromanature.com\/index.php\/wp-json\/wp\/v2\/comments?post=5049"}],"wp:featuredmedia":[{"embeddable":true,"href":"https:\/\/www.anaromanature.com\/index.php\/wp-json\/wp\/v2\/media\/5050"}],"wp:attachment":[{"href":"https:\/\/www.anaromanature.com\/index.php\/wp-json\/wp\/v2\/media?parent=5049"}],"wp:term":[{"taxonomy":"product_brand","embeddable":true,"href":"https:\/\/www.anaromanature.com\/index.php\/wp-json\/wp\/v2\/product_brand?post=5049"},{"taxonomy":"product_cat","embeddable":true,"href":"https:\/\/www.anaromanature.com\/index.php\/wp-json\/wp\/v2\/product_cat?post=5049"},{"taxonomy":"product_tag","embeddable":true,"href":"https:\/\/www.anaromanature.com\/index.php\/wp-json\/wp\/v2\/product_tag?post=5049"}],"curies":[{"name":"wp","href":"https:\/\/api.w.org\/{rel}","templated":true}]}}