{"id":5077,"date":"2022-01-09T19:08:33","date_gmt":"2022-01-09T18:08:33","guid":{"rendered":"https:\/\/www.anaromanature.com\/?post_type=product&#038;p=5077"},"modified":"2022-01-09T19:54:27","modified_gmt":"2022-01-09T18:54:27","slug":"moras-limpiador-de-manos-the-fruit-company","status":"publish","type":"product","link":"https:\/\/www.anaromanature.com\/index.php\/producto\/moras-limpiador-de-manos-the-fruit-company\/","title":{"rendered":"MORAS Limpiador de manos The Fruit Company"},"content":{"rendered":"<p>MORAS Limpiador de manos The Fruit Company<\/p>\n<div class=\"woocommerce-product-details__short-description\">\n<div class=\"woocommerce-product-details__short-description\">\n<div class=\"woocommerce-product-details__short-description\">\n<div class=\"woocommerce-product-details__short-description\">\n<div class=\"woocommerce-product-details__short-description\">\n<div class=\"woocommerce-product-details__short-description\">\n<div class=\"woocommerce-product-details__short-description\">\n<div class=\"woocommerce-product-details__short-description\">\n<div class=\"woocommerce-product-details__short-description\">\n<p>\u00a1Un producto del que tus manos y t\u00fa vivir\u00e9is ena-MORA-das! El\u00a0<strong>Gel Limpiador de Manos Moras<\/strong>, tambi\u00e9n conocido como hand sanitizer o gel anti bacteriano, limpiar\u00e1 tus manos sin necesidad de aclarado y dejar\u00e1 en ellas un rico olor a Moras que te ena-mora-r\u00e1 la instante.<\/p>\n<p>Gel limpiador de manos MORAS sin aclarado. Gel hidroalcoh\u00f3lico o hand sanitizer con aroma a MORAS.<\/p>\n<\/div>\n<\/div>\n<\/div>\n<\/div>\n<\/div>\n<\/div>\n<\/div>\n<\/div>\n<\/div>\n<p><strong>Modo de empleo:<\/strong>\u00a0Uso externo. Poner una peque\u00f1a cantidad de producto en las manos y frotar hasta su absorci\u00f3n. No utilizar sobre la piel irritada o heridas abiertas.<\/p>\n<p><strong><span style=\"color: #a0d9bc;\">Descripci\u00f3n Olfativa<\/span><\/strong><\/p>\n<p><strong><em>Moras:\u00a0<\/em><\/strong>Salida donde predominan las notas refrescantes de fresas y frambuesas con un toque de c\u00edtricos mediterr\u00e1neos. Esta fragancia descubre un extraordinario coraz\u00f3n, donde moras y frambuesas se funden con notas florales de violetas. Un fondo dulce , tostado y almizclado enriquece esta fragancia.<\/p>\n<p>Cuida tu piel con\u00a0<a href=\"https:\/\/www.anaromanature.com\/\">Anaroma Nature<\/a><\/p>\n<p><a href=\"mailto:%20info@anaromanature.com\">Cons\u00faltanos\u00a0<\/a>lo que necesites saber o aclarar.<\/p>\n<p>Visita nuestro\u00a0<a href=\"https:\/\/www.instagram.com\/anaromanature\/\">Instagram<\/a>.<\/p>\n","protected":false},"excerpt":{"rendered":"<div class=\"woocommerce-product-details__short-description\">\n<div class=\"woocommerce-product-details__short-description\">\n<p>\u00a1Un producto del que tus manos y t\u00fa vivir\u00e9is ena-MORA-das! El\u00a0<strong>Gel Limpiador de Manos Moras<\/strong>, tambi\u00e9n conocido como hand sanitizer o gel anti bacteriano, limpiar\u00e1 tus manos sin necesidad de aclarado y dejar\u00e1 en ellas un rico olor a Moras que te ena-mora-r\u00e1 la instante.<\/p>\n<p><strong><span style=\"color: #a0d9bc;\">Descripci\u00f3n Olfativa<\/span><\/strong><\/p>\n<\/div>\n<\/div>\n<p><strong><em>Moras:\u00a0<\/em><\/strong>Salida donde predominan las notas refrescantes de fresas y frambuesas con un toque de c\u00edtricos mediterr\u00e1neos. Esta fragancia descubre un extraordinario coraz\u00f3n, donde moras y frambuesas se funden con notas florales de violetas. Un fondo dulce , tostado y almizclado enriquece esta fragancia.<\/p>\n","protected":false},"featured_media":5078,"comment_status":"open","ping_status":"closed","template":"","meta":{"_joinchat":[]},"product_brand":[],"product_cat":[610,599],"product_tag":[611,602,601],"class_list":{"0":"post-5077","1":"product","2":"type-product","3":"status-publish","4":"has-post-thumbnail","6":"product_cat-limpiador-de-manos-tfc","7":"product_cat-the-fruit-company","8":"product_tag-limpiador-de-manos","9":"product_tag-moras","10":"product_tag-tfc","11":"latest_post","13":"first","14":"instock","15":"taxable","16":"shipping-taxable","17":"purchasable","18":"product-type-simple"},"yoast_head":"<!-- This site is optimized with the Yoast SEO plugin v27.1.1 - https:\/\/yoast.com\/product\/yoast-seo-wordpress\/ -->\n<title>MORAS Limpiador de manos The Fruit Company - Anaroma Nature<\/title>\n<meta name=\"description\" content=\"MORAS Limpiador de manos The Fruit Company \u00a1Un producto del que tus manos y t\u00fa vivir\u00e9is ena-MORA-das! El\u00a0Gel Limpiador de Manos Moras, tambi\u00e9n\" \/>\n<meta name=\"robots\" content=\"index, follow, max-snippet:-1, max-image-preview:large, max-video-preview:-1\" \/>\n<link rel=\"canonical\" href=\"https:\/\/www.anaromanature.com\/index.php\/producto\/moras-limpiador-de-manos-the-fruit-company\/\" \/>\n<meta property=\"og:locale\" content=\"es_ES\" \/>\n<meta property=\"og:type\" content=\"article\" \/>\n<meta property=\"og:title\" content=\"MORAS Limpiador de manos The Fruit Company - Anaroma Nature\" \/>\n<meta property=\"og:description\" content=\"MORAS Limpiador de manos The Fruit Company \u00a1Un producto del que tus manos y t\u00fa vivir\u00e9is ena-MORA-das! El\u00a0Gel Limpiador de Manos Moras, tambi\u00e9n\" \/>\n<meta property=\"og:url\" content=\"https:\/\/www.anaromanature.com\/index.php\/producto\/moras-limpiador-de-manos-the-fruit-company\/\" \/>\n<meta property=\"og:site_name\" content=\"Anaroma Nature\" \/>\n<meta property=\"article:publisher\" content=\"http:\/\/facebook.com\/Anaroma-326324794814915\" \/>\n<meta property=\"article:modified_time\" content=\"2022-01-09T18:54:27+00:00\" \/>\n<meta property=\"og:image\" content=\"https:\/\/www.anaromanature.com\/wp-content\/uploads\/2022\/01\/TFC-Limpiador-de-manos-MORAS.jpg\" \/>\n\t<meta property=\"og:image:width\" content=\"1200\" \/>\n\t<meta property=\"og:image:height\" content=\"1200\" \/>\n\t<meta property=\"og:image:type\" content=\"image\/jpeg\" \/>\n<meta name=\"twitter:card\" content=\"summary_large_image\" \/>\n<meta name=\"twitter:label1\" content=\"Tiempo de lectura\" \/>\n\t<meta name=\"twitter:data1\" content=\"1 minuto\" \/>\n<script type=\"application\/ld+json\" class=\"yoast-schema-graph\">{\"@context\":\"https:\/\/schema.org\",\"@graph\":[{\"@type\":\"WebPage\",\"@id\":\"https:\/\/www.anaromanature.com\/index.php\/producto\/moras-limpiador-de-manos-the-fruit-company\/\",\"url\":\"https:\/\/www.anaromanature.com\/index.php\/producto\/moras-limpiador-de-manos-the-fruit-company\/\",\"name\":\"MORAS Limpiador de manos The Fruit Company - Anaroma Nature\",\"isPartOf\":{\"@id\":\"https:\/\/www.anaromanature.com\/#website\"},\"primaryImageOfPage\":{\"@id\":\"https:\/\/www.anaromanature.com\/index.php\/producto\/moras-limpiador-de-manos-the-fruit-company\/#primaryimage\"},\"image\":{\"@id\":\"https:\/\/www.anaromanature.com\/index.php\/producto\/moras-limpiador-de-manos-the-fruit-company\/#primaryimage\"},\"thumbnailUrl\":\"https:\/\/www.anaromanature.com\/wp-content\/uploads\/2022\/01\/TFC-Limpiador-de-manos-MORAS.jpg\",\"datePublished\":\"2022-01-09T18:08:33+00:00\",\"dateModified\":\"2022-01-09T18:54:27+00:00\",\"description\":\"MORAS Limpiador de manos The Fruit Company \u00a1Un producto del que tus manos y t\u00fa vivir\u00e9is ena-MORA-das! El\u00a0Gel Limpiador de Manos Moras, tambi\u00e9n\",\"breadcrumb\":{\"@id\":\"https:\/\/www.anaromanature.com\/index.php\/producto\/moras-limpiador-de-manos-the-fruit-company\/#breadcrumb\"},\"inLanguage\":\"es\",\"potentialAction\":[{\"@type\":\"ReadAction\",\"target\":[\"https:\/\/www.anaromanature.com\/index.php\/producto\/moras-limpiador-de-manos-the-fruit-company\/\"]}]},{\"@type\":\"ImageObject\",\"inLanguage\":\"es\",\"@id\":\"https:\/\/www.anaromanature.com\/index.php\/producto\/moras-limpiador-de-manos-the-fruit-company\/#primaryimage\",\"url\":\"https:\/\/www.anaromanature.com\/wp-content\/uploads\/2022\/01\/TFC-Limpiador-de-manos-MORAS.jpg\",\"contentUrl\":\"https:\/\/www.anaromanature.com\/wp-content\/uploads\/2022\/01\/TFC-Limpiador-de-manos-MORAS.jpg\",\"width\":600,\"height\":600,\"caption\":\"TFC Limpiador de manos MORAS\"},{\"@type\":\"BreadcrumbList\",\"@id\":\"https:\/\/www.anaromanature.com\/index.php\/producto\/moras-limpiador-de-manos-the-fruit-company\/#breadcrumb\",\"itemListElement\":[{\"@type\":\"ListItem\",\"position\":1,\"name\":\"Portada\",\"item\":\"https:\/\/www.anaromanature.com\/\"},{\"@type\":\"ListItem\",\"position\":2,\"name\":\"Tienda\",\"item\":\"https:\/\/www.anaromanature.com\/index.php\/tienda-premium-online-anarome-nature\/\"},{\"@type\":\"ListItem\",\"position\":3,\"name\":\"MORAS Limpiador de manos The Fruit Company\"}]},{\"@type\":\"WebSite\",\"@id\":\"https:\/\/www.anaromanature.com\/#website\",\"url\":\"https:\/\/www.anaromanature.com\/\",\"name\":\"Anaroma Nature\",\"description\":\"Aromas y color\",\"publisher\":{\"@id\":\"https:\/\/www.anaromanature.com\/#organization\"},\"potentialAction\":[{\"@type\":\"SearchAction\",\"target\":{\"@type\":\"EntryPoint\",\"urlTemplate\":\"https:\/\/www.anaromanature.com\/?s={search_term_string}\"},\"query-input\":{\"@type\":\"PropertyValueSpecification\",\"valueRequired\":true,\"valueName\":\"search_term_string\"}}],\"inLanguage\":\"es\"},{\"@type\":\"Organization\",\"@id\":\"https:\/\/www.anaromanature.com\/#organization\",\"name\":\"Anaroma Nature\",\"url\":\"https:\/\/www.anaromanature.com\/\",\"logo\":{\"@type\":\"ImageObject\",\"inLanguage\":\"es\",\"@id\":\"https:\/\/www.anaromanature.com\/#\/schema\/logo\/image\/\",\"url\":\"https:\/\/i2.wp.com\/www.anaromanature.com\/wp-content\/uploads\/2021\/02\/cropped-Logotipo-Anaroma-2.png?fit=290%2C288&ssl=1\",\"contentUrl\":\"https:\/\/i2.wp.com\/www.anaromanature.com\/wp-content\/uploads\/2021\/02\/cropped-Logotipo-Anaroma-2.png?fit=290%2C288&ssl=1\",\"width\":290,\"height\":288,\"caption\":\"Anaroma Nature\"},\"image\":{\"@id\":\"https:\/\/www.anaromanature.com\/#\/schema\/logo\/image\/\"},\"sameAs\":[\"http:\/\/facebook.com\/Anaroma-326324794814915\",\"http:\/\/instagram.com\/anaromanature\"]}]}<\/script>\n<!-- \/ Yoast SEO plugin. -->","yoast_head_json":{"title":"MORAS Limpiador de manos The Fruit Company - Anaroma Nature","description":"MORAS Limpiador de manos The Fruit Company \u00a1Un producto del que tus manos y t\u00fa vivir\u00e9is ena-MORA-das! El\u00a0Gel Limpiador de Manos Moras, tambi\u00e9n","robots":{"index":"index","follow":"follow","max-snippet":"max-snippet:-1","max-image-preview":"max-image-preview:large","max-video-preview":"max-video-preview:-1"},"canonical":"https:\/\/www.anaromanature.com\/index.php\/producto\/moras-limpiador-de-manos-the-fruit-company\/","og_locale":"es_ES","og_type":"article","og_title":"MORAS Limpiador de manos The Fruit Company - Anaroma Nature","og_description":"MORAS Limpiador de manos The Fruit Company \u00a1Un producto del que tus manos y t\u00fa vivir\u00e9is ena-MORA-das! El\u00a0Gel Limpiador de Manos Moras, tambi\u00e9n","og_url":"https:\/\/www.anaromanature.com\/index.php\/producto\/moras-limpiador-de-manos-the-fruit-company\/","og_site_name":"Anaroma Nature","article_publisher":"http:\/\/facebook.com\/Anaroma-326324794814915","article_modified_time":"2022-01-09T18:54:27+00:00","og_image":[{"width":1200,"height":1200,"url":"https:\/\/www.anaromanature.com\/wp-content\/uploads\/2022\/01\/TFC-Limpiador-de-manos-MORAS.jpg","type":"image\/jpeg"}],"twitter_card":"summary_large_image","twitter_misc":{"Tiempo de lectura":"1 minuto"},"schema":{"@context":"https:\/\/schema.org","@graph":[{"@type":"WebPage","@id":"https:\/\/www.anaromanature.com\/index.php\/producto\/moras-limpiador-de-manos-the-fruit-company\/","url":"https:\/\/www.anaromanature.com\/index.php\/producto\/moras-limpiador-de-manos-the-fruit-company\/","name":"MORAS Limpiador de manos The Fruit Company - Anaroma Nature","isPartOf":{"@id":"https:\/\/www.anaromanature.com\/#website"},"primaryImageOfPage":{"@id":"https:\/\/www.anaromanature.com\/index.php\/producto\/moras-limpiador-de-manos-the-fruit-company\/#primaryimage"},"image":{"@id":"https:\/\/www.anaromanature.com\/index.php\/producto\/moras-limpiador-de-manos-the-fruit-company\/#primaryimage"},"thumbnailUrl":"https:\/\/www.anaromanature.com\/wp-content\/uploads\/2022\/01\/TFC-Limpiador-de-manos-MORAS.jpg","datePublished":"2022-01-09T18:08:33+00:00","dateModified":"2022-01-09T18:54:27+00:00","description":"MORAS Limpiador de manos The Fruit Company \u00a1Un producto del que tus manos y t\u00fa vivir\u00e9is ena-MORA-das! El\u00a0Gel Limpiador de Manos Moras, tambi\u00e9n","breadcrumb":{"@id":"https:\/\/www.anaromanature.com\/index.php\/producto\/moras-limpiador-de-manos-the-fruit-company\/#breadcrumb"},"inLanguage":"es","potentialAction":[{"@type":"ReadAction","target":["https:\/\/www.anaromanature.com\/index.php\/producto\/moras-limpiador-de-manos-the-fruit-company\/"]}]},{"@type":"ImageObject","inLanguage":"es","@id":"https:\/\/www.anaromanature.com\/index.php\/producto\/moras-limpiador-de-manos-the-fruit-company\/#primaryimage","url":"https:\/\/www.anaromanature.com\/wp-content\/uploads\/2022\/01\/TFC-Limpiador-de-manos-MORAS.jpg","contentUrl":"https:\/\/www.anaromanature.com\/wp-content\/uploads\/2022\/01\/TFC-Limpiador-de-manos-MORAS.jpg","width":600,"height":600,"caption":"TFC Limpiador de manos MORAS"},{"@type":"BreadcrumbList","@id":"https:\/\/www.anaromanature.com\/index.php\/producto\/moras-limpiador-de-manos-the-fruit-company\/#breadcrumb","itemListElement":[{"@type":"ListItem","position":1,"name":"Portada","item":"https:\/\/www.anaromanature.com\/"},{"@type":"ListItem","position":2,"name":"Tienda","item":"https:\/\/www.anaromanature.com\/index.php\/tienda-premium-online-anarome-nature\/"},{"@type":"ListItem","position":3,"name":"MORAS Limpiador de manos The Fruit Company"}]},{"@type":"WebSite","@id":"https:\/\/www.anaromanature.com\/#website","url":"https:\/\/www.anaromanature.com\/","name":"Anaroma Nature","description":"Aromas y color","publisher":{"@id":"https:\/\/www.anaromanature.com\/#organization"},"potentialAction":[{"@type":"SearchAction","target":{"@type":"EntryPoint","urlTemplate":"https:\/\/www.anaromanature.com\/?s={search_term_string}"},"query-input":{"@type":"PropertyValueSpecification","valueRequired":true,"valueName":"search_term_string"}}],"inLanguage":"es"},{"@type":"Organization","@id":"https:\/\/www.anaromanature.com\/#organization","name":"Anaroma Nature","url":"https:\/\/www.anaromanature.com\/","logo":{"@type":"ImageObject","inLanguage":"es","@id":"https:\/\/www.anaromanature.com\/#\/schema\/logo\/image\/","url":"https:\/\/i2.wp.com\/www.anaromanature.com\/wp-content\/uploads\/2021\/02\/cropped-Logotipo-Anaroma-2.png?fit=290%2C288&ssl=1","contentUrl":"https:\/\/i2.wp.com\/www.anaromanature.com\/wp-content\/uploads\/2021\/02\/cropped-Logotipo-Anaroma-2.png?fit=290%2C288&ssl=1","width":290,"height":288,"caption":"Anaroma Nature"},"image":{"@id":"https:\/\/www.anaromanature.com\/#\/schema\/logo\/image\/"},"sameAs":["http:\/\/facebook.com\/Anaroma-326324794814915","http:\/\/instagram.com\/anaromanature"]}]}},"_links":{"self":[{"href":"https:\/\/www.anaromanature.com\/index.php\/wp-json\/wp\/v2\/product\/5077","targetHints":{"allow":["GET"]}}],"collection":[{"href":"https:\/\/www.anaromanature.com\/index.php\/wp-json\/wp\/v2\/product"}],"about":[{"href":"https:\/\/www.anaromanature.com\/index.php\/wp-json\/wp\/v2\/types\/product"}],"replies":[{"embeddable":true,"href":"https:\/\/www.anaromanature.com\/index.php\/wp-json\/wp\/v2\/comments?post=5077"}],"wp:featuredmedia":[{"embeddable":true,"href":"https:\/\/www.anaromanature.com\/index.php\/wp-json\/wp\/v2\/media\/5078"}],"wp:attachment":[{"href":"https:\/\/www.anaromanature.com\/index.php\/wp-json\/wp\/v2\/media?parent=5077"}],"wp:term":[{"taxonomy":"product_brand","embeddable":true,"href":"https:\/\/www.anaromanature.com\/index.php\/wp-json\/wp\/v2\/product_brand?post=5077"},{"taxonomy":"product_cat","embeddable":true,"href":"https:\/\/www.anaromanature.com\/index.php\/wp-json\/wp\/v2\/product_cat?post=5077"},{"taxonomy":"product_tag","embeddable":true,"href":"https:\/\/www.anaromanature.com\/index.php\/wp-json\/wp\/v2\/product_tag?post=5077"}],"curies":[{"name":"wp","href":"https:\/\/api.w.org\/{rel}","templated":true}]}}