{"id":5107,"date":"2022-01-11T19:44:30","date_gmt":"2022-01-11T18:44:30","guid":{"rendered":"https:\/\/www.anaromanature.com\/?post_type=product&#038;p=5107"},"modified":"2022-01-11T19:49:35","modified_gmt":"2022-01-11T18:49:35","slug":"fresa-nata-jabon-de-manos-the-fruit-company","status":"publish","type":"product","link":"https:\/\/www.anaromanature.com\/index.php\/producto\/fresa-nata-jabon-de-manos-the-fruit-company\/","title":{"rendered":"FRESA NATA Jab\u00f3n de manos The Fruit Company"},"content":{"rendered":"<p>FRESA NATA Jab\u00f3n de manos The Fruit Company<\/p>\n<div class=\"woocommerce-product-details__short-description\">\n<div class=\"woocommerce-product-details__short-description\">\n<div class=\"woocommerce-product-details__short-description\">\n<div class=\"woocommerce-product-details__short-description\">\n<div class=\"woocommerce-product-details__short-description\">\n<div class=\"woocommerce-product-details__short-description\">\n<div class=\"woocommerce-product-details__short-description\">\n<div class=\"woocommerce-product-details__short-description\">\n<div class=\"woocommerce-product-details__short-description\">\n<p>El\u00a0<strong>jab\u00f3n de manos Fresa Nata<\/strong> de The Fruit Company en formato gel mousse, te encantar\u00e1 gracias a la cremosidad de su f\u00f3rmula y la dulzura su aroma. \u00a1Parecer\u00e1 que te est\u00e1s lavando las manos con nata!<\/p>\n<p>Jab\u00f3n de manos Fresa Nata en formato gel y con textura mousse de 250 ml. Cremosidad, limpieza e hidrataci\u00f3n con Aloe Vera.<\/p>\n<p><strong><span style=\"color: #a0d9bc;\">Descripci\u00f3n Olfativa<\/span><\/strong><\/p>\n<\/div>\n<\/div>\n<\/div>\n<\/div>\n<\/div>\n<\/div>\n<\/div>\n<\/div>\n<\/div>\n<p><em><strong>Fresa Nata:\u00a0<\/strong><\/em>Salida donde predominan las notas refrescantes de fresa junto con acordes de l\u00e1cteos cremosos. Cuerpo apetecible de fresas acompa\u00f1adas por notas de pasteler\u00eda. Fondo donde predominan la dulce vainilla y el caramelo.<\/p>\n<p>Cuida tu piel con\u00a0<a href=\"https:\/\/www.anaromanature.com\/\">Anaroma Nature<\/a><\/p>\n<p><a href=\"mailto:%20info@anaromanature.com\">Cons\u00faltanos\u00a0<\/a>lo que necesites saber o aclarar.<\/p>\n<p>Visita nuestro\u00a0<a href=\"https:\/\/www.instagram.com\/anaromanature\/\">Instagram<\/a>.<\/p>\n","protected":false},"excerpt":{"rendered":"<div class=\"woocommerce-product-details__short-description\">\n<div class=\"woocommerce-product-details__short-description\">\n<p>El\u00a0<strong>jab\u00f3n de manos Fresa Nata<\/strong> de The Fruit Company en formato gel mousse, te encantar\u00e1 gracias a la cremosidad de su f\u00f3rmula y la dulzura su aroma. \u00a1Parecer\u00e1 que te est\u00e1s lavando las manos con nata!<\/p>\n<p><strong><span style=\"color: #a0d9bc;\">Descripci\u00f3n Olfativa<\/span><\/strong><\/p>\n<\/div>\n<\/div>\n<p><em><strong>Fresa Nata:\u00a0<\/strong><\/em>Salida donde predominan las notas refrescantes de fresa junto con acordes de l\u00e1cteos cremosos. Cuerpo apetecible de fresas acompa\u00f1adas por notas de pasteler\u00eda. Fondo donde predominan la dulce vainilla y el caramelo.<\/p>\n","protected":false},"featured_media":5108,"comment_status":"open","ping_status":"closed","template":"","meta":{"_joinchat":[]},"product_brand":[],"product_cat":[612,599],"product_tag":[603,347,601],"class_list":{"0":"post-5107","1":"product","2":"type-product","3":"status-publish","4":"has-post-thumbnail","6":"product_cat-jabones-de-manos","7":"product_cat-the-fruit-company","8":"product_tag-fresa-nata","9":"product_tag-jabon-manos","10":"product_tag-tfc","11":"latest_post","13":"first","14":"instock","15":"taxable","16":"shipping-taxable","17":"purchasable","18":"product-type-simple"},"yoast_head":"<!-- This site is optimized with the Yoast SEO plugin v27.1.1 - https:\/\/yoast.com\/product\/yoast-seo-wordpress\/ -->\n<title>FRESA NATA Jab\u00f3n de manos The Fruit Company - Anaroma Nature<\/title>\n<meta name=\"description\" content=\"FRESA NATA Jab\u00f3n de manos The Fruit Company El\u00a0jab\u00f3n de manos Fresa Nata de The Fruit Company en formato gel mousse, te encantar\u00e1 gracias\" \/>\n<meta name=\"robots\" content=\"index, follow, max-snippet:-1, max-image-preview:large, max-video-preview:-1\" \/>\n<link rel=\"canonical\" href=\"https:\/\/www.anaromanature.com\/index.php\/producto\/fresa-nata-jabon-de-manos-the-fruit-company\/\" \/>\n<meta property=\"og:locale\" content=\"es_ES\" \/>\n<meta property=\"og:type\" content=\"article\" \/>\n<meta property=\"og:title\" content=\"FRESA NATA Jab\u00f3n de manos The Fruit Company - Anaroma Nature\" \/>\n<meta property=\"og:description\" content=\"FRESA NATA Jab\u00f3n de manos The Fruit Company El\u00a0jab\u00f3n de manos Fresa Nata de The Fruit Company en formato gel mousse, te encantar\u00e1 gracias\" \/>\n<meta property=\"og:url\" content=\"https:\/\/www.anaromanature.com\/index.php\/producto\/fresa-nata-jabon-de-manos-the-fruit-company\/\" \/>\n<meta property=\"og:site_name\" content=\"Anaroma Nature\" \/>\n<meta property=\"article:publisher\" content=\"http:\/\/facebook.com\/Anaroma-326324794814915\" \/>\n<meta property=\"article:modified_time\" content=\"2022-01-11T18:49:35+00:00\" \/>\n<meta property=\"og:image\" content=\"https:\/\/www.anaromanature.com\/wp-content\/uploads\/2022\/01\/Jabon-de-manos-FRESA-NATA.jpg\" \/>\n\t<meta property=\"og:image:width\" content=\"1000\" \/>\n\t<meta property=\"og:image:height\" content=\"999\" \/>\n\t<meta property=\"og:image:type\" content=\"image\/jpeg\" \/>\n<meta name=\"twitter:card\" content=\"summary_large_image\" \/>\n<meta name=\"twitter:label1\" content=\"Tiempo de lectura\" \/>\n\t<meta name=\"twitter:data1\" content=\"1 minuto\" \/>\n<script type=\"application\/ld+json\" class=\"yoast-schema-graph\">{\"@context\":\"https:\/\/schema.org\",\"@graph\":[{\"@type\":\"WebPage\",\"@id\":\"https:\/\/www.anaromanature.com\/index.php\/producto\/fresa-nata-jabon-de-manos-the-fruit-company\/\",\"url\":\"https:\/\/www.anaromanature.com\/index.php\/producto\/fresa-nata-jabon-de-manos-the-fruit-company\/\",\"name\":\"FRESA NATA Jab\u00f3n de manos The Fruit Company - Anaroma Nature\",\"isPartOf\":{\"@id\":\"https:\/\/www.anaromanature.com\/#website\"},\"primaryImageOfPage\":{\"@id\":\"https:\/\/www.anaromanature.com\/index.php\/producto\/fresa-nata-jabon-de-manos-the-fruit-company\/#primaryimage\"},\"image\":{\"@id\":\"https:\/\/www.anaromanature.com\/index.php\/producto\/fresa-nata-jabon-de-manos-the-fruit-company\/#primaryimage\"},\"thumbnailUrl\":\"https:\/\/www.anaromanature.com\/wp-content\/uploads\/2022\/01\/Jabon-de-manos-FRESA-NATA.jpg\",\"datePublished\":\"2022-01-11T18:44:30+00:00\",\"dateModified\":\"2022-01-11T18:49:35+00:00\",\"description\":\"FRESA NATA Jab\u00f3n de manos The Fruit Company El\u00a0jab\u00f3n de manos Fresa Nata de The Fruit Company en formato gel mousse, te encantar\u00e1 gracias\",\"breadcrumb\":{\"@id\":\"https:\/\/www.anaromanature.com\/index.php\/producto\/fresa-nata-jabon-de-manos-the-fruit-company\/#breadcrumb\"},\"inLanguage\":\"es\",\"potentialAction\":[{\"@type\":\"ReadAction\",\"target\":[\"https:\/\/www.anaromanature.com\/index.php\/producto\/fresa-nata-jabon-de-manos-the-fruit-company\/\"]}]},{\"@type\":\"ImageObject\",\"inLanguage\":\"es\",\"@id\":\"https:\/\/www.anaromanature.com\/index.php\/producto\/fresa-nata-jabon-de-manos-the-fruit-company\/#primaryimage\",\"url\":\"https:\/\/www.anaromanature.com\/wp-content\/uploads\/2022\/01\/Jabon-de-manos-FRESA-NATA.jpg\",\"contentUrl\":\"https:\/\/www.anaromanature.com\/wp-content\/uploads\/2022\/01\/Jabon-de-manos-FRESA-NATA.jpg\",\"width\":600,\"height\":600,\"caption\":\"Jabon de manos FRESA NATA\"},{\"@type\":\"BreadcrumbList\",\"@id\":\"https:\/\/www.anaromanature.com\/index.php\/producto\/fresa-nata-jabon-de-manos-the-fruit-company\/#breadcrumb\",\"itemListElement\":[{\"@type\":\"ListItem\",\"position\":1,\"name\":\"Portada\",\"item\":\"https:\/\/www.anaromanature.com\/\"},{\"@type\":\"ListItem\",\"position\":2,\"name\":\"Tienda\",\"item\":\"https:\/\/www.anaromanature.com\/index.php\/tienda-premium-online-anarome-nature\/\"},{\"@type\":\"ListItem\",\"position\":3,\"name\":\"FRESA NATA Jab\u00f3n de manos The Fruit Company\"}]},{\"@type\":\"WebSite\",\"@id\":\"https:\/\/www.anaromanature.com\/#website\",\"url\":\"https:\/\/www.anaromanature.com\/\",\"name\":\"Anaroma Nature\",\"description\":\"Aromas y color\",\"publisher\":{\"@id\":\"https:\/\/www.anaromanature.com\/#organization\"},\"potentialAction\":[{\"@type\":\"SearchAction\",\"target\":{\"@type\":\"EntryPoint\",\"urlTemplate\":\"https:\/\/www.anaromanature.com\/?s={search_term_string}\"},\"query-input\":{\"@type\":\"PropertyValueSpecification\",\"valueRequired\":true,\"valueName\":\"search_term_string\"}}],\"inLanguage\":\"es\"},{\"@type\":\"Organization\",\"@id\":\"https:\/\/www.anaromanature.com\/#organization\",\"name\":\"Anaroma Nature\",\"url\":\"https:\/\/www.anaromanature.com\/\",\"logo\":{\"@type\":\"ImageObject\",\"inLanguage\":\"es\",\"@id\":\"https:\/\/www.anaromanature.com\/#\/schema\/logo\/image\/\",\"url\":\"https:\/\/i2.wp.com\/www.anaromanature.com\/wp-content\/uploads\/2021\/02\/cropped-Logotipo-Anaroma-2.png?fit=290%2C288&ssl=1\",\"contentUrl\":\"https:\/\/i2.wp.com\/www.anaromanature.com\/wp-content\/uploads\/2021\/02\/cropped-Logotipo-Anaroma-2.png?fit=290%2C288&ssl=1\",\"width\":290,\"height\":288,\"caption\":\"Anaroma Nature\"},\"image\":{\"@id\":\"https:\/\/www.anaromanature.com\/#\/schema\/logo\/image\/\"},\"sameAs\":[\"http:\/\/facebook.com\/Anaroma-326324794814915\",\"http:\/\/instagram.com\/anaromanature\"]}]}<\/script>\n<!-- \/ Yoast SEO plugin. -->","yoast_head_json":{"title":"FRESA NATA Jab\u00f3n de manos The Fruit Company - Anaroma Nature","description":"FRESA NATA Jab\u00f3n de manos The Fruit Company El\u00a0jab\u00f3n de manos Fresa Nata de The Fruit Company en formato gel mousse, te encantar\u00e1 gracias","robots":{"index":"index","follow":"follow","max-snippet":"max-snippet:-1","max-image-preview":"max-image-preview:large","max-video-preview":"max-video-preview:-1"},"canonical":"https:\/\/www.anaromanature.com\/index.php\/producto\/fresa-nata-jabon-de-manos-the-fruit-company\/","og_locale":"es_ES","og_type":"article","og_title":"FRESA NATA Jab\u00f3n de manos The Fruit Company - Anaroma Nature","og_description":"FRESA NATA Jab\u00f3n de manos The Fruit Company El\u00a0jab\u00f3n de manos Fresa Nata de The Fruit Company en formato gel mousse, te encantar\u00e1 gracias","og_url":"https:\/\/www.anaromanature.com\/index.php\/producto\/fresa-nata-jabon-de-manos-the-fruit-company\/","og_site_name":"Anaroma Nature","article_publisher":"http:\/\/facebook.com\/Anaroma-326324794814915","article_modified_time":"2022-01-11T18:49:35+00:00","og_image":[{"width":1000,"height":999,"url":"https:\/\/www.anaromanature.com\/wp-content\/uploads\/2022\/01\/Jabon-de-manos-FRESA-NATA.jpg","type":"image\/jpeg"}],"twitter_card":"summary_large_image","twitter_misc":{"Tiempo de lectura":"1 minuto"},"schema":{"@context":"https:\/\/schema.org","@graph":[{"@type":"WebPage","@id":"https:\/\/www.anaromanature.com\/index.php\/producto\/fresa-nata-jabon-de-manos-the-fruit-company\/","url":"https:\/\/www.anaromanature.com\/index.php\/producto\/fresa-nata-jabon-de-manos-the-fruit-company\/","name":"FRESA NATA Jab\u00f3n de manos The Fruit Company - Anaroma Nature","isPartOf":{"@id":"https:\/\/www.anaromanature.com\/#website"},"primaryImageOfPage":{"@id":"https:\/\/www.anaromanature.com\/index.php\/producto\/fresa-nata-jabon-de-manos-the-fruit-company\/#primaryimage"},"image":{"@id":"https:\/\/www.anaromanature.com\/index.php\/producto\/fresa-nata-jabon-de-manos-the-fruit-company\/#primaryimage"},"thumbnailUrl":"https:\/\/www.anaromanature.com\/wp-content\/uploads\/2022\/01\/Jabon-de-manos-FRESA-NATA.jpg","datePublished":"2022-01-11T18:44:30+00:00","dateModified":"2022-01-11T18:49:35+00:00","description":"FRESA NATA Jab\u00f3n de manos The Fruit Company El\u00a0jab\u00f3n de manos Fresa Nata de The Fruit Company en formato gel mousse, te encantar\u00e1 gracias","breadcrumb":{"@id":"https:\/\/www.anaromanature.com\/index.php\/producto\/fresa-nata-jabon-de-manos-the-fruit-company\/#breadcrumb"},"inLanguage":"es","potentialAction":[{"@type":"ReadAction","target":["https:\/\/www.anaromanature.com\/index.php\/producto\/fresa-nata-jabon-de-manos-the-fruit-company\/"]}]},{"@type":"ImageObject","inLanguage":"es","@id":"https:\/\/www.anaromanature.com\/index.php\/producto\/fresa-nata-jabon-de-manos-the-fruit-company\/#primaryimage","url":"https:\/\/www.anaromanature.com\/wp-content\/uploads\/2022\/01\/Jabon-de-manos-FRESA-NATA.jpg","contentUrl":"https:\/\/www.anaromanature.com\/wp-content\/uploads\/2022\/01\/Jabon-de-manos-FRESA-NATA.jpg","width":600,"height":600,"caption":"Jabon de manos FRESA NATA"},{"@type":"BreadcrumbList","@id":"https:\/\/www.anaromanature.com\/index.php\/producto\/fresa-nata-jabon-de-manos-the-fruit-company\/#breadcrumb","itemListElement":[{"@type":"ListItem","position":1,"name":"Portada","item":"https:\/\/www.anaromanature.com\/"},{"@type":"ListItem","position":2,"name":"Tienda","item":"https:\/\/www.anaromanature.com\/index.php\/tienda-premium-online-anarome-nature\/"},{"@type":"ListItem","position":3,"name":"FRESA NATA Jab\u00f3n de manos The Fruit Company"}]},{"@type":"WebSite","@id":"https:\/\/www.anaromanature.com\/#website","url":"https:\/\/www.anaromanature.com\/","name":"Anaroma Nature","description":"Aromas y color","publisher":{"@id":"https:\/\/www.anaromanature.com\/#organization"},"potentialAction":[{"@type":"SearchAction","target":{"@type":"EntryPoint","urlTemplate":"https:\/\/www.anaromanature.com\/?s={search_term_string}"},"query-input":{"@type":"PropertyValueSpecification","valueRequired":true,"valueName":"search_term_string"}}],"inLanguage":"es"},{"@type":"Organization","@id":"https:\/\/www.anaromanature.com\/#organization","name":"Anaroma Nature","url":"https:\/\/www.anaromanature.com\/","logo":{"@type":"ImageObject","inLanguage":"es","@id":"https:\/\/www.anaromanature.com\/#\/schema\/logo\/image\/","url":"https:\/\/i2.wp.com\/www.anaromanature.com\/wp-content\/uploads\/2021\/02\/cropped-Logotipo-Anaroma-2.png?fit=290%2C288&ssl=1","contentUrl":"https:\/\/i2.wp.com\/www.anaromanature.com\/wp-content\/uploads\/2021\/02\/cropped-Logotipo-Anaroma-2.png?fit=290%2C288&ssl=1","width":290,"height":288,"caption":"Anaroma Nature"},"image":{"@id":"https:\/\/www.anaromanature.com\/#\/schema\/logo\/image\/"},"sameAs":["http:\/\/facebook.com\/Anaroma-326324794814915","http:\/\/instagram.com\/anaromanature"]}]}},"_links":{"self":[{"href":"https:\/\/www.anaromanature.com\/index.php\/wp-json\/wp\/v2\/product\/5107","targetHints":{"allow":["GET"]}}],"collection":[{"href":"https:\/\/www.anaromanature.com\/index.php\/wp-json\/wp\/v2\/product"}],"about":[{"href":"https:\/\/www.anaromanature.com\/index.php\/wp-json\/wp\/v2\/types\/product"}],"replies":[{"embeddable":true,"href":"https:\/\/www.anaromanature.com\/index.php\/wp-json\/wp\/v2\/comments?post=5107"}],"wp:featuredmedia":[{"embeddable":true,"href":"https:\/\/www.anaromanature.com\/index.php\/wp-json\/wp\/v2\/media\/5108"}],"wp:attachment":[{"href":"https:\/\/www.anaromanature.com\/index.php\/wp-json\/wp\/v2\/media?parent=5107"}],"wp:term":[{"taxonomy":"product_brand","embeddable":true,"href":"https:\/\/www.anaromanature.com\/index.php\/wp-json\/wp\/v2\/product_brand?post=5107"},{"taxonomy":"product_cat","embeddable":true,"href":"https:\/\/www.anaromanature.com\/index.php\/wp-json\/wp\/v2\/product_cat?post=5107"},{"taxonomy":"product_tag","embeddable":true,"href":"https:\/\/www.anaromanature.com\/index.php\/wp-json\/wp\/v2\/product_tag?post=5107"}],"curies":[{"name":"wp","href":"https:\/\/api.w.org\/{rel}","templated":true}]}}