{"id":5173,"date":"2022-01-31T19:12:25","date_gmt":"2022-01-31T18:12:25","guid":{"rendered":"https:\/\/www.anaromanature.com\/?post_type=product&#038;p=5173"},"modified":"2025-01-10T16:53:53","modified_gmt":"2025-01-10T15:53:53","slug":"bruma-violetta-50-ml","status":"publish","type":"product","link":"https:\/\/www.anaromanature.com\/index.php\/producto\/bruma-violetta-50-ml\/","title":{"rendered":"Bruma Violetta 50 ml"},"content":{"rendered":"<p>Bruma Violetta 50 ml<\/p>\n<p>Las brumas de ambiente de Boles d&#8217;olor est\u00e1n especialmente formuladas para usarse con los Brumizadores de ambiente de la marca.<\/p>\n<p>Se trata de aceites semi hidrosolubles que se mezclan con el agua y desprenden todo su aroma.<\/p>\n<p>Vierte la cantidad deseada en el dep\u00f3sito del aparato y ponlo a funcionar, en breve, sentir\u00e1s como las part\u00edculas olfativas llenar\u00e1n todo el espacio.<\/p>\n<p>Las brumas pueden usarse de forma individual o mezclarse hasta encontrar tu aroma deseado.<\/p>\n<p>Siempre es aconsejable tener m\u00e1s de un aroma en casa para que nuestro sentido del olfato no se acostumbre al olor que habitualmente usamos y pensemos que no huele como siempre.<\/p>\n<p>Esto producir\u00eda un efecto negativo y ser\u00eda un gasto innecesario de bruma, por lo tanto de dinero.<\/p>\n<p>Cantidad de Bruma por modelo de Brumizador:<\/p>\n<ul>\n<li>Brumizador Essencials 400 ml: hasta 6 ml (dependiendo de la intensidad de la bruma).<\/li>\n<li>Brumizador Essencials 600 ml: hasta 9 ml (dependiendo de la intensidad de la bruma).<\/li>\n<li>Brumizador EASY: hasta 3 ml (dependiendo de la intensidad de la bruma).<\/li>\n<li>Brumizador Padma: hasta 2 ml (dependiendo de la intensidad de la bruma).<\/li>\n<\/ul>\n<p>Estas cantidades son orientativas para el p\u00fablico en general, pero recuerda que depende del tama\u00f1o donde est\u00e9 colocado y el aroma, necesitar\u00e1s adaptar estas cantidades.<\/p>\n<p>Bruma Violetta 50 ml<\/p>\n<p>Perfuma tu hogar con\u00a0<a href=\"https:\/\/www.anaromanature.com\/\">Anaroma Nature<\/a><\/p>\n<p><a href=\"mailto:%20info@anaromanature.com\">Cons\u00faltanos\u00a0<\/a>lo que necesites saber o aclarar.<\/p>\n<p>S\u00edguenos en <a href=\"https:\/\/www.instagram.com\/anaromanature\/\">Instagram<\/a>.<\/p>\n","protected":false},"excerpt":{"rendered":"<p>&nbsp;<\/p>\n<p>Contenido: 50 ml.<\/p>\n<h3 class=\"fusion-responsive-typography-calculated\" data-fontsize=\"16.38\" data-lineheight=\"26.208px\">Floral \u25cf Dulce<\/h3>\n<p>Inconfundible, una aire floral de Violetas inunda tu hogar y lo llena de una maravillosa voluptuosidad transform\u00e1ndolo en un exuberante jard\u00edn secreto en cualquier \u00e9poca del a\u00f1o.<\/p>\n<p><strong>Notas de fragancia<\/strong><\/p>\n<ul>\n<li><strong>Salida:\u00a0<\/strong>Golosa y acaramelada, con toques de Cereza y Frambuesas.<\/li>\n<li><strong>Coraz\u00f3n:\u00a0<\/strong>Narcisos, Jacintos, Magnolia y Ciruelas.<\/li>\n<li><strong>Fondo:\u00a0<\/strong>Polvoroso y floral a Violetas y ra\u00edz de Iris.<\/li>\n<\/ul>\n<p>Lee abajo las recomendaciones de uso.<\/p>\n","protected":false},"featured_media":5174,"comment_status":"open","ping_status":"closed","template":"","meta":{"_joinchat":[]},"product_brand":[],"product_cat":[26,105,106],"product_tag":[42,104,50,43],"class_list":{"0":"post-5173","1":"product","2":"type-product","3":"status-publish","4":"has-post-thumbnail","6":"product_cat-boles-dolor-un-mundo-de-suenos-fragantes","7":"product_cat-brumas-de-ambiente","8":"product_cat-brumas-ambients-50ml","9":"product_tag-ambientador","10":"product_tag-bruma","11":"product_tag-dulce","12":"product_tag-floral","13":"latest_post","15":"first","16":"instock","17":"taxable","18":"shipping-taxable","19":"purchasable","20":"product-type-simple"},"yoast_head":"<!-- This site is optimized with the Yoast SEO plugin v27.4 - https:\/\/yoast.com\/product\/yoast-seo-wordpress\/ -->\n<title>Bruma Violetta 50 ml - Anaroma Nature - Tienda Premium - Boles d&#039;olor<\/title>\n<meta name=\"description\" content=\"Bruma Violetta 50 ml. Las brumas de ambiente de Boles d&#039;olor est\u00e1n especialmente formuladas para usarse con los Brumizadores de ambiente de\" \/>\n<meta name=\"robots\" content=\"index, follow, max-snippet:-1, max-image-preview:large, max-video-preview:-1\" \/>\n<link rel=\"canonical\" href=\"https:\/\/www.anaromanature.com\/index.php\/producto\/bruma-violetta-50-ml\/\" \/>\n<meta property=\"og:locale\" content=\"es_ES\" \/>\n<meta property=\"og:type\" content=\"article\" \/>\n<meta property=\"og:title\" content=\"Bruma Violetta 50 ml - Anaroma Nature - Tienda Premium - Boles d&#039;olor\" \/>\n<meta property=\"og:description\" content=\"Bruma Violetta 50 ml. Las brumas de ambiente de Boles d&#039;olor est\u00e1n especialmente formuladas para usarse con los Brumizadores de ambiente de\" \/>\n<meta property=\"og:url\" content=\"https:\/\/www.anaromanature.com\/index.php\/producto\/bruma-violetta-50-ml\/\" \/>\n<meta property=\"og:site_name\" content=\"Anaroma Nature\" \/>\n<meta property=\"article:publisher\" content=\"http:\/\/facebook.com\/Anaroma-326324794814915\" \/>\n<meta property=\"article:modified_time\" content=\"2025-01-10T15:53:53+00:00\" \/>\n<meta property=\"og:image\" content=\"https:\/\/www.anaromanature.com\/wp-content\/uploads\/2022\/01\/Brumas-de-Ambiente-Violetta-0600193-scaled-e1643652908499.jpg\" \/>\n\t<meta property=\"og:image:width\" content=\"600\" \/>\n\t<meta property=\"og:image:height\" content=\"600\" \/>\n\t<meta property=\"og:image:type\" content=\"image\/jpeg\" \/>\n<meta name=\"twitter:card\" content=\"summary_large_image\" \/>\n<meta name=\"twitter:label1\" content=\"Tiempo de lectura\" \/>\n\t<meta name=\"twitter:data1\" content=\"2 minutos\" \/>\n<script type=\"application\/ld+json\" class=\"yoast-schema-graph\">{\"@context\":\"https:\\\/\\\/schema.org\",\"@graph\":[{\"@type\":\"WebPage\",\"@id\":\"https:\\\/\\\/www.anaromanature.com\\\/index.php\\\/producto\\\/bruma-violetta-50-ml\\\/\",\"url\":\"https:\\\/\\\/www.anaromanature.com\\\/index.php\\\/producto\\\/bruma-violetta-50-ml\\\/\",\"name\":\"Bruma Violetta 50 ml - Anaroma Nature - Tienda Premium - Boles d'olor\",\"isPartOf\":{\"@id\":\"https:\\\/\\\/www.anaromanature.com\\\/#website\"},\"primaryImageOfPage\":{\"@id\":\"https:\\\/\\\/www.anaromanature.com\\\/index.php\\\/producto\\\/bruma-violetta-50-ml\\\/#primaryimage\"},\"image\":{\"@id\":\"https:\\\/\\\/www.anaromanature.com\\\/index.php\\\/producto\\\/bruma-violetta-50-ml\\\/#primaryimage\"},\"thumbnailUrl\":\"https:\\\/\\\/www.anaromanature.com\\\/wp-content\\\/uploads\\\/2022\\\/01\\\/Brumas-de-Ambiente-Violetta-0600193-scaled-e1643652908499.jpg\",\"datePublished\":\"2022-01-31T18:12:25+00:00\",\"dateModified\":\"2025-01-10T15:53:53+00:00\",\"description\":\"Bruma Violetta 50 ml. Las brumas de ambiente de Boles d'olor est\u00e1n especialmente formuladas para usarse con los Brumizadores de ambiente de\",\"breadcrumb\":{\"@id\":\"https:\\\/\\\/www.anaromanature.com\\\/index.php\\\/producto\\\/bruma-violetta-50-ml\\\/#breadcrumb\"},\"inLanguage\":\"es\",\"potentialAction\":[{\"@type\":\"ReadAction\",\"target\":[\"https:\\\/\\\/www.anaromanature.com\\\/index.php\\\/producto\\\/bruma-violetta-50-ml\\\/\"]}]},{\"@type\":\"ImageObject\",\"inLanguage\":\"es\",\"@id\":\"https:\\\/\\\/www.anaromanature.com\\\/index.php\\\/producto\\\/bruma-violetta-50-ml\\\/#primaryimage\",\"url\":\"https:\\\/\\\/www.anaromanature.com\\\/wp-content\\\/uploads\\\/2022\\\/01\\\/Brumas-de-Ambiente-Violetta-0600193-scaled-e1643652908499.jpg\",\"contentUrl\":\"https:\\\/\\\/www.anaromanature.com\\\/wp-content\\\/uploads\\\/2022\\\/01\\\/Brumas-de-Ambiente-Violetta-0600193-scaled-e1643652908499.jpg\",\"width\":600,\"height\":600,\"caption\":\"Brumas de Ambiente Violetta 0600193\"},{\"@type\":\"BreadcrumbList\",\"@id\":\"https:\\\/\\\/www.anaromanature.com\\\/index.php\\\/producto\\\/bruma-violetta-50-ml\\\/#breadcrumb\",\"itemListElement\":[{\"@type\":\"ListItem\",\"position\":1,\"name\":\"Portada\",\"item\":\"https:\\\/\\\/www.anaromanature.com\\\/\"},{\"@type\":\"ListItem\",\"position\":2,\"name\":\"Tienda\",\"item\":\"https:\\\/\\\/www.anaromanature.com\\\/index.php\\\/tienda-premium-online-anarome-nature\\\/\"},{\"@type\":\"ListItem\",\"position\":3,\"name\":\"Bruma Violetta 50 ml\"}]},{\"@type\":\"WebSite\",\"@id\":\"https:\\\/\\\/www.anaromanature.com\\\/#website\",\"url\":\"https:\\\/\\\/www.anaromanature.com\\\/\",\"name\":\"Anaroma Nature\",\"description\":\"Aromas y color\",\"publisher\":{\"@id\":\"https:\\\/\\\/www.anaromanature.com\\\/#organization\"},\"potentialAction\":[{\"@type\":\"SearchAction\",\"target\":{\"@type\":\"EntryPoint\",\"urlTemplate\":\"https:\\\/\\\/www.anaromanature.com\\\/?s={search_term_string}\"},\"query-input\":{\"@type\":\"PropertyValueSpecification\",\"valueRequired\":true,\"valueName\":\"search_term_string\"}}],\"inLanguage\":\"es\"},{\"@type\":\"Organization\",\"@id\":\"https:\\\/\\\/www.anaromanature.com\\\/#organization\",\"name\":\"Anaroma Nature\",\"url\":\"https:\\\/\\\/www.anaromanature.com\\\/\",\"logo\":{\"@type\":\"ImageObject\",\"inLanguage\":\"es\",\"@id\":\"https:\\\/\\\/www.anaromanature.com\\\/#\\\/schema\\\/logo\\\/image\\\/\",\"url\":\"https:\\\/\\\/i2.wp.com\\\/www.anaromanature.com\\\/wp-content\\\/uploads\\\/2021\\\/02\\\/cropped-Logotipo-Anaroma-2.png?fit=290%2C288&ssl=1\",\"contentUrl\":\"https:\\\/\\\/i2.wp.com\\\/www.anaromanature.com\\\/wp-content\\\/uploads\\\/2021\\\/02\\\/cropped-Logotipo-Anaroma-2.png?fit=290%2C288&ssl=1\",\"width\":290,\"height\":288,\"caption\":\"Anaroma Nature\"},\"image\":{\"@id\":\"https:\\\/\\\/www.anaromanature.com\\\/#\\\/schema\\\/logo\\\/image\\\/\"},\"sameAs\":[\"http:\\\/\\\/facebook.com\\\/Anaroma-326324794814915\",\"http:\\\/\\\/instagram.com\\\/anaromanature\"]}]}<\/script>\n<!-- \/ Yoast SEO plugin. -->","yoast_head_json":{"title":"Bruma Violetta 50 ml - Anaroma Nature - Tienda Premium - Boles d'olor","description":"Bruma Violetta 50 ml. Las brumas de ambiente de Boles d'olor est\u00e1n especialmente formuladas para usarse con los Brumizadores de ambiente de","robots":{"index":"index","follow":"follow","max-snippet":"max-snippet:-1","max-image-preview":"max-image-preview:large","max-video-preview":"max-video-preview:-1"},"canonical":"https:\/\/www.anaromanature.com\/index.php\/producto\/bruma-violetta-50-ml\/","og_locale":"es_ES","og_type":"article","og_title":"Bruma Violetta 50 ml - Anaroma Nature - Tienda Premium - Boles d'olor","og_description":"Bruma Violetta 50 ml. Las brumas de ambiente de Boles d'olor est\u00e1n especialmente formuladas para usarse con los Brumizadores de ambiente de","og_url":"https:\/\/www.anaromanature.com\/index.php\/producto\/bruma-violetta-50-ml\/","og_site_name":"Anaroma Nature","article_publisher":"http:\/\/facebook.com\/Anaroma-326324794814915","article_modified_time":"2025-01-10T15:53:53+00:00","og_image":[{"width":600,"height":600,"url":"https:\/\/www.anaromanature.com\/wp-content\/uploads\/2022\/01\/Brumas-de-Ambiente-Violetta-0600193-scaled-e1643652908499.jpg","type":"image\/jpeg"}],"twitter_card":"summary_large_image","twitter_misc":{"Tiempo de lectura":"2 minutos"},"schema":{"@context":"https:\/\/schema.org","@graph":[{"@type":"WebPage","@id":"https:\/\/www.anaromanature.com\/index.php\/producto\/bruma-violetta-50-ml\/","url":"https:\/\/www.anaromanature.com\/index.php\/producto\/bruma-violetta-50-ml\/","name":"Bruma Violetta 50 ml - Anaroma Nature - Tienda Premium - Boles d'olor","isPartOf":{"@id":"https:\/\/www.anaromanature.com\/#website"},"primaryImageOfPage":{"@id":"https:\/\/www.anaromanature.com\/index.php\/producto\/bruma-violetta-50-ml\/#primaryimage"},"image":{"@id":"https:\/\/www.anaromanature.com\/index.php\/producto\/bruma-violetta-50-ml\/#primaryimage"},"thumbnailUrl":"https:\/\/www.anaromanature.com\/wp-content\/uploads\/2022\/01\/Brumas-de-Ambiente-Violetta-0600193-scaled-e1643652908499.jpg","datePublished":"2022-01-31T18:12:25+00:00","dateModified":"2025-01-10T15:53:53+00:00","description":"Bruma Violetta 50 ml. Las brumas de ambiente de Boles d'olor est\u00e1n especialmente formuladas para usarse con los Brumizadores de ambiente de","breadcrumb":{"@id":"https:\/\/www.anaromanature.com\/index.php\/producto\/bruma-violetta-50-ml\/#breadcrumb"},"inLanguage":"es","potentialAction":[{"@type":"ReadAction","target":["https:\/\/www.anaromanature.com\/index.php\/producto\/bruma-violetta-50-ml\/"]}]},{"@type":"ImageObject","inLanguage":"es","@id":"https:\/\/www.anaromanature.com\/index.php\/producto\/bruma-violetta-50-ml\/#primaryimage","url":"https:\/\/www.anaromanature.com\/wp-content\/uploads\/2022\/01\/Brumas-de-Ambiente-Violetta-0600193-scaled-e1643652908499.jpg","contentUrl":"https:\/\/www.anaromanature.com\/wp-content\/uploads\/2022\/01\/Brumas-de-Ambiente-Violetta-0600193-scaled-e1643652908499.jpg","width":600,"height":600,"caption":"Brumas de Ambiente Violetta 0600193"},{"@type":"BreadcrumbList","@id":"https:\/\/www.anaromanature.com\/index.php\/producto\/bruma-violetta-50-ml\/#breadcrumb","itemListElement":[{"@type":"ListItem","position":1,"name":"Portada","item":"https:\/\/www.anaromanature.com\/"},{"@type":"ListItem","position":2,"name":"Tienda","item":"https:\/\/www.anaromanature.com\/index.php\/tienda-premium-online-anarome-nature\/"},{"@type":"ListItem","position":3,"name":"Bruma Violetta 50 ml"}]},{"@type":"WebSite","@id":"https:\/\/www.anaromanature.com\/#website","url":"https:\/\/www.anaromanature.com\/","name":"Anaroma Nature","description":"Aromas y color","publisher":{"@id":"https:\/\/www.anaromanature.com\/#organization"},"potentialAction":[{"@type":"SearchAction","target":{"@type":"EntryPoint","urlTemplate":"https:\/\/www.anaromanature.com\/?s={search_term_string}"},"query-input":{"@type":"PropertyValueSpecification","valueRequired":true,"valueName":"search_term_string"}}],"inLanguage":"es"},{"@type":"Organization","@id":"https:\/\/www.anaromanature.com\/#organization","name":"Anaroma Nature","url":"https:\/\/www.anaromanature.com\/","logo":{"@type":"ImageObject","inLanguage":"es","@id":"https:\/\/www.anaromanature.com\/#\/schema\/logo\/image\/","url":"https:\/\/i2.wp.com\/www.anaromanature.com\/wp-content\/uploads\/2021\/02\/cropped-Logotipo-Anaroma-2.png?fit=290%2C288&ssl=1","contentUrl":"https:\/\/i2.wp.com\/www.anaromanature.com\/wp-content\/uploads\/2021\/02\/cropped-Logotipo-Anaroma-2.png?fit=290%2C288&ssl=1","width":290,"height":288,"caption":"Anaroma Nature"},"image":{"@id":"https:\/\/www.anaromanature.com\/#\/schema\/logo\/image\/"},"sameAs":["http:\/\/facebook.com\/Anaroma-326324794814915","http:\/\/instagram.com\/anaromanature"]}]}},"_links":{"self":[{"href":"https:\/\/www.anaromanature.com\/index.php\/wp-json\/wp\/v2\/product\/5173","targetHints":{"allow":["GET"]}}],"collection":[{"href":"https:\/\/www.anaromanature.com\/index.php\/wp-json\/wp\/v2\/product"}],"about":[{"href":"https:\/\/www.anaromanature.com\/index.php\/wp-json\/wp\/v2\/types\/product"}],"replies":[{"embeddable":true,"href":"https:\/\/www.anaromanature.com\/index.php\/wp-json\/wp\/v2\/comments?post=5173"}],"wp:featuredmedia":[{"embeddable":true,"href":"https:\/\/www.anaromanature.com\/index.php\/wp-json\/wp\/v2\/media\/5174"}],"wp:attachment":[{"href":"https:\/\/www.anaromanature.com\/index.php\/wp-json\/wp\/v2\/media?parent=5173"}],"wp:term":[{"taxonomy":"product_brand","embeddable":true,"href":"https:\/\/www.anaromanature.com\/index.php\/wp-json\/wp\/v2\/product_brand?post=5173"},{"taxonomy":"product_cat","embeddable":true,"href":"https:\/\/www.anaromanature.com\/index.php\/wp-json\/wp\/v2\/product_cat?post=5173"},{"taxonomy":"product_tag","embeddable":true,"href":"https:\/\/www.anaromanature.com\/index.php\/wp-json\/wp\/v2\/product_tag?post=5173"}],"curies":[{"name":"wp","href":"https:\/\/api.w.org\/{rel}","templated":true}]}}