{"id":5375,"date":"2022-05-02T18:51:51","date_gmt":"2022-05-02T17:51:51","guid":{"rendered":"https:\/\/www.anaromanature.com\/?post_type=product&#038;p=5375"},"modified":"2025-01-10T17:36:56","modified_gmt":"2025-01-10T16:36:56","slug":"recambio-mikado-perf-infantil-rattan-emb","status":"publish","type":"product","link":"https:\/\/www.anaromanature.com\/index.php\/producto\/recambio-mikado-perf-infantil-rattan-emb\/","title":{"rendered":"Recambio MIKADO Perf. Infantil + Rattan Emb."},"content":{"rendered":"<p>Recambio MIKADO Perf. Infantil + Rattan Emb.<\/p>\n<p><strong>Botella de l\u00edquido para rellenar los mikados, lleva incluido los palitos de repuesto.<\/strong><\/p>\n<p>Formato tradicional de \u00abpalitos\u00bb para ambientar tu hogar.<\/p>\n<p>Cuenta con un dise\u00f1o estilizado y moderno, detalle esencial para quien no quiere que desentone dentro de la decoraci\u00f3n de su hogar.<\/p>\n<p>Es la mejor herramienta si te gusta personalizar el aroma de cada estancia de tu casa.<\/p>\n<p>Ya que no necesita ninguna fuente de alimentaci\u00f3n, es ideal para dejarlo colocado en esa residencia que s\u00f3lo usas los fines de semana y durante la semana se mantiene cerrada. \u00a1Qu\u00e9 mejor que cuando abramos la puerta nos reciba un olor a hogar!.<\/p>\n<p><strong>Instrucciones de uso:<\/strong><\/p>\n<p>1.- Abre el paquete y saca el envase.<\/p>\n<p>2.- Destapa la botella e introduce las varitas que lo acompa\u00f1an.<\/p>\n<p>3.- Coloca tu Mikado, en el lugar deseado.<\/p>\n<p>4.- Voltea las varitas cada 4 \u00f3 5 d\u00edas.<\/p>\n<p>5.- Si quieres regular la intensidad de fragancia, tan s\u00f3lo debes ir probando la cantidad de palitos que has de introducir en el l\u00edquido.<\/p>\n<p><strong>Precauciones de uso:<\/strong><\/p>\n<ul>\n<li>No coloques tu Mikado encima ni debajo de una fuente de calor (acelerar\u00e1 la evaporaci\u00f3n).<\/li>\n<li>Para evitar una evaporaci\u00f3n de producto excesiva al introducir los palitos, humedece ligeramente estos y s\u00e9calos; despu\u00e9s introducelos en el l\u00edquido.<\/li>\n<li>No rellenar con agua ni ning\u00fan otro producto cuando baje el nivel, ya que perder\u00e1 si eficacia.<\/li>\n<li>Una vez agotado el l\u00edquido, puedes rellenarlo con el \u00abrecambio de mikado\u00bb, este lleva incluido los palitos. \u00a1P\u00eddelos en tu tienda!.<\/li>\n<\/ul>\n<p>Recambio MIKADO Perf. Infantil + Rattan Emb.<\/p>\n<p>Perfuma tu hogar con\u00a0<a href=\"https:\/\/www.anaromanature.com\/\">Anaroma Nature<\/a><\/p>\n<p><a href=\"mailto:%20info@anaromanature.com\">Cons\u00faltanos\u00a0<\/a>lo que necesites saber o aclarar.<\/p>\n<p>S\u00edguenos en <a href=\"https:\/\/www.instagram.com\/anaromanature\/\">Instagram<\/a>.<\/p>\n","protected":false},"excerpt":{"rendered":"<p>Botella de recarga para rellenar el envase del mikado<\/p>\n<p>Contenido: 200 ml.<\/p>\n<p><em>Palitos incluidos<\/em><\/p>\n<ul>\n<li class=\"fusion-responsive-typography-calculated\" data-fontsize=\"16.38\" data-lineheight=\"26.208px\">\n<h4>Fresco<\/h4>\n<\/li>\n<\/ul>\n<p>La fragancia original Infantil llega sin cambios a tu hogar desde 1980. Envuelve de frescor a tus seres m\u00e1s queridos con esta fragancia, \u00a1El cl\u00e1sico de Boles d\u2019olor que m\u00e1s gusta a los ni\u00f1os!<\/p>\n<p><strong>Notas de fragancia<\/strong><\/p>\n<ul>\n<li><strong>Salida:\u00a0<\/strong>Mandarina, Naranja, Lim\u00f3n y Lima.<\/li>\n<li><strong>Coraz\u00f3n:\u00a0<\/strong>Hojas de Limonero, Citronela, Romero, Lavanda y Geranio.<\/li>\n<li><strong>Fondo:\u00a0<\/strong>Todo el esplendor del Almizcle.<\/li>\n<\/ul>\n<p>Lee abajo las recomendaciones de uso.<\/p>\n","protected":false},"featured_media":5376,"comment_status":"open","ping_status":"closed","template":"","meta":{"_joinchat":[]},"product_brand":[],"product_cat":[26,31,30],"product_tag":[42,53,114],"class_list":{"0":"post-5375","1":"product","2":"type-product","3":"status-publish","4":"has-post-thumbnail","6":"product_cat-boles-dolor-un-mundo-de-suenos-fragantes","7":"product_cat-rec-mik-linea-ambients","8":"product_cat-recambio-mikado","9":"product_tag-ambientador","10":"product_tag-fresco","11":"product_tag-recambio-mikado","12":"latest_post","14":"first","15":"instock","16":"taxable","17":"shipping-taxable","18":"purchasable","19":"product-type-simple"},"yoast_head":"<!-- This site is optimized with the Yoast SEO plugin v27.4 - https:\/\/yoast.com\/product\/yoast-seo-wordpress\/ -->\n<title>Recambio MIKADO Perf. Infantil + Rattan Emb. - Anaroma Nature<\/title>\n<meta name=\"description\" content=\"Recambio MIKADO Perf. Infantil + Rattan Emb. Botella de l\u00edquido para rellenar los mikados, lleva incluido los palitos de repuesto. Formato\" \/>\n<meta name=\"robots\" content=\"index, follow, max-snippet:-1, max-image-preview:large, max-video-preview:-1\" \/>\n<link rel=\"canonical\" href=\"https:\/\/www.anaromanature.com\/index.php\/producto\/recambio-mikado-perf-infantil-rattan-emb\/\" \/>\n<meta property=\"og:locale\" content=\"es_ES\" \/>\n<meta property=\"og:type\" content=\"article\" \/>\n<meta property=\"og:title\" content=\"Recambio MIKADO Perf. Infantil + Rattan Emb. - Anaroma Nature\" \/>\n<meta property=\"og:description\" content=\"Recambio MIKADO Perf. Infantil + Rattan Emb. Botella de l\u00edquido para rellenar los mikados, lleva incluido los palitos de repuesto. Formato\" \/>\n<meta property=\"og:url\" content=\"https:\/\/www.anaromanature.com\/index.php\/producto\/recambio-mikado-perf-infantil-rattan-emb\/\" \/>\n<meta property=\"og:site_name\" content=\"Anaroma Nature\" \/>\n<meta property=\"article:publisher\" content=\"http:\/\/facebook.com\/Anaroma-326324794814915\" \/>\n<meta property=\"article:modified_time\" content=\"2025-01-10T16:36:56+00:00\" \/>\n<meta property=\"og:image\" content=\"https:\/\/www.anaromanature.com\/wp-content\/uploads\/2022\/05\/Recambio-Mikado-Ambients-Infantil-Rattan-0139310-scaled-e1651514083890.jpg\" \/>\n\t<meta property=\"og:image:width\" content=\"600\" \/>\n\t<meta property=\"og:image:height\" content=\"600\" \/>\n\t<meta property=\"og:image:type\" content=\"image\/jpeg\" \/>\n<meta name=\"twitter:card\" content=\"summary_large_image\" \/>\n<meta name=\"twitter:label1\" content=\"Tiempo de lectura\" \/>\n\t<meta name=\"twitter:data1\" content=\"2 minutos\" \/>\n<script type=\"application\/ld+json\" class=\"yoast-schema-graph\">{\"@context\":\"https:\\\/\\\/schema.org\",\"@graph\":[{\"@type\":\"WebPage\",\"@id\":\"https:\\\/\\\/www.anaromanature.com\\\/index.php\\\/producto\\\/recambio-mikado-perf-infantil-rattan-emb\\\/\",\"url\":\"https:\\\/\\\/www.anaromanature.com\\\/index.php\\\/producto\\\/recambio-mikado-perf-infantil-rattan-emb\\\/\",\"name\":\"Recambio MIKADO Perf. Infantil + Rattan Emb. - Anaroma Nature\",\"isPartOf\":{\"@id\":\"https:\\\/\\\/www.anaromanature.com\\\/#website\"},\"primaryImageOfPage\":{\"@id\":\"https:\\\/\\\/www.anaromanature.com\\\/index.php\\\/producto\\\/recambio-mikado-perf-infantil-rattan-emb\\\/#primaryimage\"},\"image\":{\"@id\":\"https:\\\/\\\/www.anaromanature.com\\\/index.php\\\/producto\\\/recambio-mikado-perf-infantil-rattan-emb\\\/#primaryimage\"},\"thumbnailUrl\":\"https:\\\/\\\/www.anaromanature.com\\\/wp-content\\\/uploads\\\/2022\\\/05\\\/Recambio-Mikado-Ambients-Infantil-Rattan-0139310-scaled-e1651514083890.jpg\",\"datePublished\":\"2022-05-02T17:51:51+00:00\",\"dateModified\":\"2025-01-10T16:36:56+00:00\",\"description\":\"Recambio MIKADO Perf. Infantil + Rattan Emb. Botella de l\u00edquido para rellenar los mikados, lleva incluido los palitos de repuesto. Formato\",\"breadcrumb\":{\"@id\":\"https:\\\/\\\/www.anaromanature.com\\\/index.php\\\/producto\\\/recambio-mikado-perf-infantil-rattan-emb\\\/#breadcrumb\"},\"inLanguage\":\"es\",\"potentialAction\":[{\"@type\":\"ReadAction\",\"target\":[\"https:\\\/\\\/www.anaromanature.com\\\/index.php\\\/producto\\\/recambio-mikado-perf-infantil-rattan-emb\\\/\"]}]},{\"@type\":\"ImageObject\",\"inLanguage\":\"es\",\"@id\":\"https:\\\/\\\/www.anaromanature.com\\\/index.php\\\/producto\\\/recambio-mikado-perf-infantil-rattan-emb\\\/#primaryimage\",\"url\":\"https:\\\/\\\/www.anaromanature.com\\\/wp-content\\\/uploads\\\/2022\\\/05\\\/Recambio-Mikado-Ambients-Infantil-Rattan-0139310-scaled-e1651514083890.jpg\",\"contentUrl\":\"https:\\\/\\\/www.anaromanature.com\\\/wp-content\\\/uploads\\\/2022\\\/05\\\/Recambio-Mikado-Ambients-Infantil-Rattan-0139310-scaled-e1651514083890.jpg\",\"width\":600,\"height\":600,\"caption\":\"Recambio Mikado Ambients Infantil Rattan 0139310\"},{\"@type\":\"BreadcrumbList\",\"@id\":\"https:\\\/\\\/www.anaromanature.com\\\/index.php\\\/producto\\\/recambio-mikado-perf-infantil-rattan-emb\\\/#breadcrumb\",\"itemListElement\":[{\"@type\":\"ListItem\",\"position\":1,\"name\":\"Portada\",\"item\":\"https:\\\/\\\/www.anaromanature.com\\\/\"},{\"@type\":\"ListItem\",\"position\":2,\"name\":\"Tienda\",\"item\":\"https:\\\/\\\/www.anaromanature.com\\\/index.php\\\/tienda-premium-online-anarome-nature\\\/\"},{\"@type\":\"ListItem\",\"position\":3,\"name\":\"Recambio MIKADO Perf. Infantil + Rattan Emb.\"}]},{\"@type\":\"WebSite\",\"@id\":\"https:\\\/\\\/www.anaromanature.com\\\/#website\",\"url\":\"https:\\\/\\\/www.anaromanature.com\\\/\",\"name\":\"Anaroma Nature\",\"description\":\"Aromas y color\",\"publisher\":{\"@id\":\"https:\\\/\\\/www.anaromanature.com\\\/#organization\"},\"potentialAction\":[{\"@type\":\"SearchAction\",\"target\":{\"@type\":\"EntryPoint\",\"urlTemplate\":\"https:\\\/\\\/www.anaromanature.com\\\/?s={search_term_string}\"},\"query-input\":{\"@type\":\"PropertyValueSpecification\",\"valueRequired\":true,\"valueName\":\"search_term_string\"}}],\"inLanguage\":\"es\"},{\"@type\":\"Organization\",\"@id\":\"https:\\\/\\\/www.anaromanature.com\\\/#organization\",\"name\":\"Anaroma Nature\",\"url\":\"https:\\\/\\\/www.anaromanature.com\\\/\",\"logo\":{\"@type\":\"ImageObject\",\"inLanguage\":\"es\",\"@id\":\"https:\\\/\\\/www.anaromanature.com\\\/#\\\/schema\\\/logo\\\/image\\\/\",\"url\":\"https:\\\/\\\/i2.wp.com\\\/www.anaromanature.com\\\/wp-content\\\/uploads\\\/2021\\\/02\\\/cropped-Logotipo-Anaroma-2.png?fit=290%2C288&ssl=1\",\"contentUrl\":\"https:\\\/\\\/i2.wp.com\\\/www.anaromanature.com\\\/wp-content\\\/uploads\\\/2021\\\/02\\\/cropped-Logotipo-Anaroma-2.png?fit=290%2C288&ssl=1\",\"width\":290,\"height\":288,\"caption\":\"Anaroma Nature\"},\"image\":{\"@id\":\"https:\\\/\\\/www.anaromanature.com\\\/#\\\/schema\\\/logo\\\/image\\\/\"},\"sameAs\":[\"http:\\\/\\\/facebook.com\\\/Anaroma-326324794814915\",\"http:\\\/\\\/instagram.com\\\/anaromanature\"]}]}<\/script>\n<!-- \/ Yoast SEO plugin. -->","yoast_head_json":{"title":"Recambio MIKADO Perf. Infantil + Rattan Emb. - Anaroma Nature","description":"Recambio MIKADO Perf. Infantil + Rattan Emb. Botella de l\u00edquido para rellenar los mikados, lleva incluido los palitos de repuesto. Formato","robots":{"index":"index","follow":"follow","max-snippet":"max-snippet:-1","max-image-preview":"max-image-preview:large","max-video-preview":"max-video-preview:-1"},"canonical":"https:\/\/www.anaromanature.com\/index.php\/producto\/recambio-mikado-perf-infantil-rattan-emb\/","og_locale":"es_ES","og_type":"article","og_title":"Recambio MIKADO Perf. Infantil + Rattan Emb. - Anaroma Nature","og_description":"Recambio MIKADO Perf. Infantil + Rattan Emb. Botella de l\u00edquido para rellenar los mikados, lleva incluido los palitos de repuesto. Formato","og_url":"https:\/\/www.anaromanature.com\/index.php\/producto\/recambio-mikado-perf-infantil-rattan-emb\/","og_site_name":"Anaroma Nature","article_publisher":"http:\/\/facebook.com\/Anaroma-326324794814915","article_modified_time":"2025-01-10T16:36:56+00:00","og_image":[{"width":600,"height":600,"url":"https:\/\/www.anaromanature.com\/wp-content\/uploads\/2022\/05\/Recambio-Mikado-Ambients-Infantil-Rattan-0139310-scaled-e1651514083890.jpg","type":"image\/jpeg"}],"twitter_card":"summary_large_image","twitter_misc":{"Tiempo de lectura":"2 minutos"},"schema":{"@context":"https:\/\/schema.org","@graph":[{"@type":"WebPage","@id":"https:\/\/www.anaromanature.com\/index.php\/producto\/recambio-mikado-perf-infantil-rattan-emb\/","url":"https:\/\/www.anaromanature.com\/index.php\/producto\/recambio-mikado-perf-infantil-rattan-emb\/","name":"Recambio MIKADO Perf. Infantil + Rattan Emb. - Anaroma Nature","isPartOf":{"@id":"https:\/\/www.anaromanature.com\/#website"},"primaryImageOfPage":{"@id":"https:\/\/www.anaromanature.com\/index.php\/producto\/recambio-mikado-perf-infantil-rattan-emb\/#primaryimage"},"image":{"@id":"https:\/\/www.anaromanature.com\/index.php\/producto\/recambio-mikado-perf-infantil-rattan-emb\/#primaryimage"},"thumbnailUrl":"https:\/\/www.anaromanature.com\/wp-content\/uploads\/2022\/05\/Recambio-Mikado-Ambients-Infantil-Rattan-0139310-scaled-e1651514083890.jpg","datePublished":"2022-05-02T17:51:51+00:00","dateModified":"2025-01-10T16:36:56+00:00","description":"Recambio MIKADO Perf. Infantil + Rattan Emb. Botella de l\u00edquido para rellenar los mikados, lleva incluido los palitos de repuesto. Formato","breadcrumb":{"@id":"https:\/\/www.anaromanature.com\/index.php\/producto\/recambio-mikado-perf-infantil-rattan-emb\/#breadcrumb"},"inLanguage":"es","potentialAction":[{"@type":"ReadAction","target":["https:\/\/www.anaromanature.com\/index.php\/producto\/recambio-mikado-perf-infantil-rattan-emb\/"]}]},{"@type":"ImageObject","inLanguage":"es","@id":"https:\/\/www.anaromanature.com\/index.php\/producto\/recambio-mikado-perf-infantil-rattan-emb\/#primaryimage","url":"https:\/\/www.anaromanature.com\/wp-content\/uploads\/2022\/05\/Recambio-Mikado-Ambients-Infantil-Rattan-0139310-scaled-e1651514083890.jpg","contentUrl":"https:\/\/www.anaromanature.com\/wp-content\/uploads\/2022\/05\/Recambio-Mikado-Ambients-Infantil-Rattan-0139310-scaled-e1651514083890.jpg","width":600,"height":600,"caption":"Recambio Mikado Ambients Infantil Rattan 0139310"},{"@type":"BreadcrumbList","@id":"https:\/\/www.anaromanature.com\/index.php\/producto\/recambio-mikado-perf-infantil-rattan-emb\/#breadcrumb","itemListElement":[{"@type":"ListItem","position":1,"name":"Portada","item":"https:\/\/www.anaromanature.com\/"},{"@type":"ListItem","position":2,"name":"Tienda","item":"https:\/\/www.anaromanature.com\/index.php\/tienda-premium-online-anarome-nature\/"},{"@type":"ListItem","position":3,"name":"Recambio MIKADO Perf. Infantil + Rattan Emb."}]},{"@type":"WebSite","@id":"https:\/\/www.anaromanature.com\/#website","url":"https:\/\/www.anaromanature.com\/","name":"Anaroma Nature","description":"Aromas y color","publisher":{"@id":"https:\/\/www.anaromanature.com\/#organization"},"potentialAction":[{"@type":"SearchAction","target":{"@type":"EntryPoint","urlTemplate":"https:\/\/www.anaromanature.com\/?s={search_term_string}"},"query-input":{"@type":"PropertyValueSpecification","valueRequired":true,"valueName":"search_term_string"}}],"inLanguage":"es"},{"@type":"Organization","@id":"https:\/\/www.anaromanature.com\/#organization","name":"Anaroma Nature","url":"https:\/\/www.anaromanature.com\/","logo":{"@type":"ImageObject","inLanguage":"es","@id":"https:\/\/www.anaromanature.com\/#\/schema\/logo\/image\/","url":"https:\/\/i2.wp.com\/www.anaromanature.com\/wp-content\/uploads\/2021\/02\/cropped-Logotipo-Anaroma-2.png?fit=290%2C288&ssl=1","contentUrl":"https:\/\/i2.wp.com\/www.anaromanature.com\/wp-content\/uploads\/2021\/02\/cropped-Logotipo-Anaroma-2.png?fit=290%2C288&ssl=1","width":290,"height":288,"caption":"Anaroma Nature"},"image":{"@id":"https:\/\/www.anaromanature.com\/#\/schema\/logo\/image\/"},"sameAs":["http:\/\/facebook.com\/Anaroma-326324794814915","http:\/\/instagram.com\/anaromanature"]}]}},"_links":{"self":[{"href":"https:\/\/www.anaromanature.com\/index.php\/wp-json\/wp\/v2\/product\/5375","targetHints":{"allow":["GET"]}}],"collection":[{"href":"https:\/\/www.anaromanature.com\/index.php\/wp-json\/wp\/v2\/product"}],"about":[{"href":"https:\/\/www.anaromanature.com\/index.php\/wp-json\/wp\/v2\/types\/product"}],"replies":[{"embeddable":true,"href":"https:\/\/www.anaromanature.com\/index.php\/wp-json\/wp\/v2\/comments?post=5375"}],"wp:featuredmedia":[{"embeddable":true,"href":"https:\/\/www.anaromanature.com\/index.php\/wp-json\/wp\/v2\/media\/5376"}],"wp:attachment":[{"href":"https:\/\/www.anaromanature.com\/index.php\/wp-json\/wp\/v2\/media?parent=5375"}],"wp:term":[{"taxonomy":"product_brand","embeddable":true,"href":"https:\/\/www.anaromanature.com\/index.php\/wp-json\/wp\/v2\/product_brand?post=5375"},{"taxonomy":"product_cat","embeddable":true,"href":"https:\/\/www.anaromanature.com\/index.php\/wp-json\/wp\/v2\/product_cat?post=5375"},{"taxonomy":"product_tag","embeddable":true,"href":"https:\/\/www.anaromanature.com\/index.php\/wp-json\/wp\/v2\/product_tag?post=5375"}],"curies":[{"name":"wp","href":"https:\/\/api.w.org\/{rel}","templated":true}]}}