{"id":5610,"date":"2022-09-07T16:03:21","date_gmt":"2022-09-07T15:03:21","guid":{"rendered":"https:\/\/www.anaromanature.com\/?post_type=product&#038;p=5610"},"modified":"2025-01-10T17:15:51","modified_gmt":"2025-01-10T16:15:51","slug":"mikado-difusor-perfume-pina-colada","status":"publish","type":"product","link":"https:\/\/www.anaromanature.com\/index.php\/producto\/mikado-difusor-perfume-pina-colada\/","title":{"rendered":"MIKADO Difusor Perfume Pi\u00f1a Colada"},"content":{"rendered":"<p>MIKADO Difusor Pi\u00f1a Colada<\/p>\n<p>Formato tradicional de \u00abpalitos\u00bb para ambientar tu hogar.<\/p>\n<p>Cuenta con un dise\u00f1o estilizado y moderno, detalle esencial para quien no quiere que desentone dentro de la decoraci\u00f3n de su hogar.<\/p>\n<p>Es la mejor herramienta si te gusta personalizar el aroma de cada estancia de tu casa.<\/p>\n<p>Ya que no necesita ninguna fuente de alimentaci\u00f3n, es ideal para dejarlo colocado en esa residencia que s\u00f3lo usas los fines de semana y durante la semana se mantiene cerrada. \u00a1Qu\u00e9 mejor que cuando abramos la puerta nos reciba un olor a hogar!.<\/p>\n<p><strong>Instrucciones de uso:<\/strong><\/p>\n<p>1.- Abre el paquete y saca el envase.<\/p>\n<p>2.- Destapa la botella e introduce las varitas que lo acompa\u00f1an.<\/p>\n<p>3.- Coloca tu Mikado, en el lugar deseado.<\/p>\n<p>4.- Voltea las varitas cada 4 \u00f3 5 d\u00edas.<\/p>\n<p>5.- Si quieres regular la intensidad de fragancia, tan s\u00f3lo debes ir probando la cantidad de palitos que has de introducir en el l\u00edquido.<\/p>\n<p><strong>Precauciones de uso:<\/strong><\/p>\n<ul>\n<li>No coloques tu Mikado encima ni debajo de una fuente de calor (acelerar\u00e1 la evaporaci\u00f3n).<\/li>\n<li>Para evitar una evaporaci\u00f3n de producto excesiva al introducir los palitos, humedece ligeramente estos y s\u00e9calos; despu\u00e9s introducelos en el l\u00edquido.<\/li>\n<li>No rellenar con agua ni ning\u00fan otro producto cuando baje el nivel, ya que perder\u00e1 si eficacia.<\/li>\n<li>Una vez agotado el l\u00edquido, puedes rellenarlo con el \u00abrecambio de mikado\u00bb, este lleva incluido los palitos. \u00a1P\u00eddelos en tu tienda!.<\/li>\n<\/ul>\n<p>Mikado difusor Pi\u00f1a Colada<\/p>\n<p>Perfuma tu hogar con\u00a0<a href=\"https:\/\/www.anaromanature.com\/\">Anaroma Nature<\/a><\/p>\n<p><a href=\"mailto:%20info@anaromanature.com\">Cons\u00faltanos\u00a0<\/a>lo que necesites saber o aclarar.<\/p>\n<p>S\u00edguenos en <a href=\"https:\/\/www.instagram.com\/anaromanature\/\">Instagram<\/a>.<\/p>\n","protected":false},"excerpt":{"rendered":"<p>&nbsp;<\/p>\n<p>Contenido: 200 ml.<\/p>\n<p>Duraci\u00f3n: hasta 3 meses.<\/p>\n<h3 class=\"fusion-responsive-typography-calculated\" data-fontsize=\"16.38\" data-lineheight=\"26.208px\">Frutal \u25cf Dulce<\/h3>\n<p>La maravillosa fragancia del c\u00f3ctel tropical por excelencia, naturalmente con Pi\u00f1a, crema de Coco, Ron y Az\u00facar quemado, y todo el aroma del aire caribe\u00f1o. \u00a1Cierra los ojos y estar\u00e1s en el Para\u00edso!<\/p>\n<p><strong>Notas de fragancia<\/strong><\/p>\n<ul>\n<li><strong>Salida:\u00a0<\/strong>Pi\u00f1a tropical.<\/li>\n<li><strong>Coraz\u00f3n:\u00a0<\/strong>Fruta de la Pasi\u00f3n y Coco fresco.<\/li>\n<li><strong>Fondo:\u00a0<\/strong>Crema de Coco, Orqu\u00eddeas, Almizcle azucarado y Vainilla.<\/li>\n<\/ul>\n","protected":false},"featured_media":5611,"comment_status":"open","ping_status":"closed","template":"","meta":{"_joinchat":[]},"product_brand":[],"product_cat":[26,27,28],"product_tag":[42,59,103],"class_list":{"0":"post-5610","1":"product","2":"type-product","3":"status-publish","4":"has-post-thumbnail","6":"product_cat-boles-dolor-un-mundo-de-suenos-fragantes","7":"product_cat-mikado","8":"product_cat-mikado-linea-ambients","9":"product_tag-ambientador","10":"product_tag-frutal","11":"product_tag-mikado","12":"latest_post","14":"first","15":"outofstock","16":"taxable","17":"shipping-taxable","18":"purchasable","19":"product-type-simple"},"yoast_head":"<!-- This site is optimized with the Yoast SEO plugin v27.4 - https:\/\/yoast.com\/product\/yoast-seo-wordpress\/ -->\n<title>MIKADO Difusor Perfume Pi\u00f1a Colada - Anaroma Nature - Tienda<\/title>\n<meta name=\"description\" content=\"Mikado difusor Pi\u00f1a Colada. Formato tradicional de &quot;palitos&quot; para ambientar tu hogar. Cuenta con un dise\u00f1o estilizado y moderno, detalle\" \/>\n<meta name=\"robots\" content=\"index, follow, max-snippet:-1, max-image-preview:large, max-video-preview:-1\" \/>\n<link rel=\"canonical\" href=\"https:\/\/www.anaromanature.com\/index.php\/producto\/mikado-difusor-perfume-pina-colada\/\" \/>\n<meta property=\"og:locale\" content=\"es_ES\" \/>\n<meta property=\"og:type\" content=\"article\" \/>\n<meta property=\"og:title\" content=\"MIKADO Difusor Perfume Pi\u00f1a Colada - Anaroma Nature - Tienda\" \/>\n<meta property=\"og:description\" content=\"Mikado difusor Pi\u00f1a Colada. Formato tradicional de &quot;palitos&quot; para ambientar tu hogar. Cuenta con un dise\u00f1o estilizado y moderno, detalle\" \/>\n<meta property=\"og:url\" content=\"https:\/\/www.anaromanature.com\/index.php\/producto\/mikado-difusor-perfume-pina-colada\/\" \/>\n<meta property=\"og:site_name\" content=\"Anaroma Nature\" \/>\n<meta property=\"article:publisher\" content=\"http:\/\/facebook.com\/Anaroma-326324794814915\" \/>\n<meta property=\"article:modified_time\" content=\"2025-01-10T16:15:51+00:00\" \/>\n<meta property=\"og:image\" content=\"https:\/\/www.anaromanature.com\/wp-content\/uploads\/2022\/09\/Mikado-Ambients-Pina-Colada-0139271.jpg\" \/>\n\t<meta property=\"og:image:width\" content=\"400\" \/>\n\t<meta property=\"og:image:height\" content=\"400\" \/>\n\t<meta property=\"og:image:type\" content=\"image\/jpeg\" \/>\n<meta name=\"twitter:card\" content=\"summary_large_image\" \/>\n<meta name=\"twitter:label1\" content=\"Tiempo de lectura\" \/>\n\t<meta name=\"twitter:data1\" content=\"2 minutos\" \/>\n<script type=\"application\/ld+json\" class=\"yoast-schema-graph\">{\"@context\":\"https:\\\/\\\/schema.org\",\"@graph\":[{\"@type\":\"WebPage\",\"@id\":\"https:\\\/\\\/www.anaromanature.com\\\/index.php\\\/producto\\\/mikado-difusor-perfume-pina-colada\\\/\",\"url\":\"https:\\\/\\\/www.anaromanature.com\\\/index.php\\\/producto\\\/mikado-difusor-perfume-pina-colada\\\/\",\"name\":\"MIKADO Difusor Perfume Pi\u00f1a Colada - Anaroma Nature - Tienda\",\"isPartOf\":{\"@id\":\"https:\\\/\\\/www.anaromanature.com\\\/#website\"},\"primaryImageOfPage\":{\"@id\":\"https:\\\/\\\/www.anaromanature.com\\\/index.php\\\/producto\\\/mikado-difusor-perfume-pina-colada\\\/#primaryimage\"},\"image\":{\"@id\":\"https:\\\/\\\/www.anaromanature.com\\\/index.php\\\/producto\\\/mikado-difusor-perfume-pina-colada\\\/#primaryimage\"},\"thumbnailUrl\":\"https:\\\/\\\/www.anaromanature.com\\\/wp-content\\\/uploads\\\/2022\\\/09\\\/Mikado-Ambients-Pina-Colada-0139271.jpg\",\"datePublished\":\"2022-09-07T15:03:21+00:00\",\"dateModified\":\"2025-01-10T16:15:51+00:00\",\"description\":\"Mikado difusor Pi\u00f1a Colada. Formato tradicional de \\\"palitos\\\" para ambientar tu hogar. Cuenta con un dise\u00f1o estilizado y moderno, detalle\",\"breadcrumb\":{\"@id\":\"https:\\\/\\\/www.anaromanature.com\\\/index.php\\\/producto\\\/mikado-difusor-perfume-pina-colada\\\/#breadcrumb\"},\"inLanguage\":\"es\",\"potentialAction\":[{\"@type\":\"ReadAction\",\"target\":[\"https:\\\/\\\/www.anaromanature.com\\\/index.php\\\/producto\\\/mikado-difusor-perfume-pina-colada\\\/\"]}]},{\"@type\":\"ImageObject\",\"inLanguage\":\"es\",\"@id\":\"https:\\\/\\\/www.anaromanature.com\\\/index.php\\\/producto\\\/mikado-difusor-perfume-pina-colada\\\/#primaryimage\",\"url\":\"https:\\\/\\\/www.anaromanature.com\\\/wp-content\\\/uploads\\\/2022\\\/09\\\/Mikado-Ambients-Pina-Colada-0139271.jpg\",\"contentUrl\":\"https:\\\/\\\/www.anaromanature.com\\\/wp-content\\\/uploads\\\/2022\\\/09\\\/Mikado-Ambients-Pina-Colada-0139271.jpg\",\"width\":400,\"height\":400,\"caption\":\"Mikado Ambients Pina Colada 0139271\"},{\"@type\":\"BreadcrumbList\",\"@id\":\"https:\\\/\\\/www.anaromanature.com\\\/index.php\\\/producto\\\/mikado-difusor-perfume-pina-colada\\\/#breadcrumb\",\"itemListElement\":[{\"@type\":\"ListItem\",\"position\":1,\"name\":\"Portada\",\"item\":\"https:\\\/\\\/www.anaromanature.com\\\/\"},{\"@type\":\"ListItem\",\"position\":2,\"name\":\"Tienda\",\"item\":\"https:\\\/\\\/www.anaromanature.com\\\/index.php\\\/tienda-premium-online-anarome-nature\\\/\"},{\"@type\":\"ListItem\",\"position\":3,\"name\":\"MIKADO Difusor Perfume Pi\u00f1a Colada\"}]},{\"@type\":\"WebSite\",\"@id\":\"https:\\\/\\\/www.anaromanature.com\\\/#website\",\"url\":\"https:\\\/\\\/www.anaromanature.com\\\/\",\"name\":\"Anaroma Nature\",\"description\":\"Aromas y color\",\"publisher\":{\"@id\":\"https:\\\/\\\/www.anaromanature.com\\\/#organization\"},\"potentialAction\":[{\"@type\":\"SearchAction\",\"target\":{\"@type\":\"EntryPoint\",\"urlTemplate\":\"https:\\\/\\\/www.anaromanature.com\\\/?s={search_term_string}\"},\"query-input\":{\"@type\":\"PropertyValueSpecification\",\"valueRequired\":true,\"valueName\":\"search_term_string\"}}],\"inLanguage\":\"es\"},{\"@type\":\"Organization\",\"@id\":\"https:\\\/\\\/www.anaromanature.com\\\/#organization\",\"name\":\"Anaroma Nature\",\"url\":\"https:\\\/\\\/www.anaromanature.com\\\/\",\"logo\":{\"@type\":\"ImageObject\",\"inLanguage\":\"es\",\"@id\":\"https:\\\/\\\/www.anaromanature.com\\\/#\\\/schema\\\/logo\\\/image\\\/\",\"url\":\"https:\\\/\\\/i2.wp.com\\\/www.anaromanature.com\\\/wp-content\\\/uploads\\\/2021\\\/02\\\/cropped-Logotipo-Anaroma-2.png?fit=290%2C288&ssl=1\",\"contentUrl\":\"https:\\\/\\\/i2.wp.com\\\/www.anaromanature.com\\\/wp-content\\\/uploads\\\/2021\\\/02\\\/cropped-Logotipo-Anaroma-2.png?fit=290%2C288&ssl=1\",\"width\":290,\"height\":288,\"caption\":\"Anaroma Nature\"},\"image\":{\"@id\":\"https:\\\/\\\/www.anaromanature.com\\\/#\\\/schema\\\/logo\\\/image\\\/\"},\"sameAs\":[\"http:\\\/\\\/facebook.com\\\/Anaroma-326324794814915\",\"http:\\\/\\\/instagram.com\\\/anaromanature\"]}]}<\/script>\n<!-- \/ Yoast SEO plugin. -->","yoast_head_json":{"title":"MIKADO Difusor Perfume Pi\u00f1a Colada - Anaroma Nature - Tienda","description":"Mikado difusor Pi\u00f1a Colada. Formato tradicional de \"palitos\" para ambientar tu hogar. Cuenta con un dise\u00f1o estilizado y moderno, detalle","robots":{"index":"index","follow":"follow","max-snippet":"max-snippet:-1","max-image-preview":"max-image-preview:large","max-video-preview":"max-video-preview:-1"},"canonical":"https:\/\/www.anaromanature.com\/index.php\/producto\/mikado-difusor-perfume-pina-colada\/","og_locale":"es_ES","og_type":"article","og_title":"MIKADO Difusor Perfume Pi\u00f1a Colada - Anaroma Nature - Tienda","og_description":"Mikado difusor Pi\u00f1a Colada. Formato tradicional de \"palitos\" para ambientar tu hogar. Cuenta con un dise\u00f1o estilizado y moderno, detalle","og_url":"https:\/\/www.anaromanature.com\/index.php\/producto\/mikado-difusor-perfume-pina-colada\/","og_site_name":"Anaroma Nature","article_publisher":"http:\/\/facebook.com\/Anaroma-326324794814915","article_modified_time":"2025-01-10T16:15:51+00:00","og_image":[{"width":400,"height":400,"url":"https:\/\/www.anaromanature.com\/wp-content\/uploads\/2022\/09\/Mikado-Ambients-Pina-Colada-0139271.jpg","type":"image\/jpeg"}],"twitter_card":"summary_large_image","twitter_misc":{"Tiempo de lectura":"2 minutos"},"schema":{"@context":"https:\/\/schema.org","@graph":[{"@type":"WebPage","@id":"https:\/\/www.anaromanature.com\/index.php\/producto\/mikado-difusor-perfume-pina-colada\/","url":"https:\/\/www.anaromanature.com\/index.php\/producto\/mikado-difusor-perfume-pina-colada\/","name":"MIKADO Difusor Perfume Pi\u00f1a Colada - Anaroma Nature - Tienda","isPartOf":{"@id":"https:\/\/www.anaromanature.com\/#website"},"primaryImageOfPage":{"@id":"https:\/\/www.anaromanature.com\/index.php\/producto\/mikado-difusor-perfume-pina-colada\/#primaryimage"},"image":{"@id":"https:\/\/www.anaromanature.com\/index.php\/producto\/mikado-difusor-perfume-pina-colada\/#primaryimage"},"thumbnailUrl":"https:\/\/www.anaromanature.com\/wp-content\/uploads\/2022\/09\/Mikado-Ambients-Pina-Colada-0139271.jpg","datePublished":"2022-09-07T15:03:21+00:00","dateModified":"2025-01-10T16:15:51+00:00","description":"Mikado difusor Pi\u00f1a Colada. Formato tradicional de \"palitos\" para ambientar tu hogar. Cuenta con un dise\u00f1o estilizado y moderno, detalle","breadcrumb":{"@id":"https:\/\/www.anaromanature.com\/index.php\/producto\/mikado-difusor-perfume-pina-colada\/#breadcrumb"},"inLanguage":"es","potentialAction":[{"@type":"ReadAction","target":["https:\/\/www.anaromanature.com\/index.php\/producto\/mikado-difusor-perfume-pina-colada\/"]}]},{"@type":"ImageObject","inLanguage":"es","@id":"https:\/\/www.anaromanature.com\/index.php\/producto\/mikado-difusor-perfume-pina-colada\/#primaryimage","url":"https:\/\/www.anaromanature.com\/wp-content\/uploads\/2022\/09\/Mikado-Ambients-Pina-Colada-0139271.jpg","contentUrl":"https:\/\/www.anaromanature.com\/wp-content\/uploads\/2022\/09\/Mikado-Ambients-Pina-Colada-0139271.jpg","width":400,"height":400,"caption":"Mikado Ambients Pina Colada 0139271"},{"@type":"BreadcrumbList","@id":"https:\/\/www.anaromanature.com\/index.php\/producto\/mikado-difusor-perfume-pina-colada\/#breadcrumb","itemListElement":[{"@type":"ListItem","position":1,"name":"Portada","item":"https:\/\/www.anaromanature.com\/"},{"@type":"ListItem","position":2,"name":"Tienda","item":"https:\/\/www.anaromanature.com\/index.php\/tienda-premium-online-anarome-nature\/"},{"@type":"ListItem","position":3,"name":"MIKADO Difusor Perfume Pi\u00f1a Colada"}]},{"@type":"WebSite","@id":"https:\/\/www.anaromanature.com\/#website","url":"https:\/\/www.anaromanature.com\/","name":"Anaroma Nature","description":"Aromas y color","publisher":{"@id":"https:\/\/www.anaromanature.com\/#organization"},"potentialAction":[{"@type":"SearchAction","target":{"@type":"EntryPoint","urlTemplate":"https:\/\/www.anaromanature.com\/?s={search_term_string}"},"query-input":{"@type":"PropertyValueSpecification","valueRequired":true,"valueName":"search_term_string"}}],"inLanguage":"es"},{"@type":"Organization","@id":"https:\/\/www.anaromanature.com\/#organization","name":"Anaroma Nature","url":"https:\/\/www.anaromanature.com\/","logo":{"@type":"ImageObject","inLanguage":"es","@id":"https:\/\/www.anaromanature.com\/#\/schema\/logo\/image\/","url":"https:\/\/i2.wp.com\/www.anaromanature.com\/wp-content\/uploads\/2021\/02\/cropped-Logotipo-Anaroma-2.png?fit=290%2C288&ssl=1","contentUrl":"https:\/\/i2.wp.com\/www.anaromanature.com\/wp-content\/uploads\/2021\/02\/cropped-Logotipo-Anaroma-2.png?fit=290%2C288&ssl=1","width":290,"height":288,"caption":"Anaroma Nature"},"image":{"@id":"https:\/\/www.anaromanature.com\/#\/schema\/logo\/image\/"},"sameAs":["http:\/\/facebook.com\/Anaroma-326324794814915","http:\/\/instagram.com\/anaromanature"]}]}},"_links":{"self":[{"href":"https:\/\/www.anaromanature.com\/index.php\/wp-json\/wp\/v2\/product\/5610","targetHints":{"allow":["GET"]}}],"collection":[{"href":"https:\/\/www.anaromanature.com\/index.php\/wp-json\/wp\/v2\/product"}],"about":[{"href":"https:\/\/www.anaromanature.com\/index.php\/wp-json\/wp\/v2\/types\/product"}],"replies":[{"embeddable":true,"href":"https:\/\/www.anaromanature.com\/index.php\/wp-json\/wp\/v2\/comments?post=5610"}],"wp:featuredmedia":[{"embeddable":true,"href":"https:\/\/www.anaromanature.com\/index.php\/wp-json\/wp\/v2\/media\/5611"}],"wp:attachment":[{"href":"https:\/\/www.anaromanature.com\/index.php\/wp-json\/wp\/v2\/media?parent=5610"}],"wp:term":[{"taxonomy":"product_brand","embeddable":true,"href":"https:\/\/www.anaromanature.com\/index.php\/wp-json\/wp\/v2\/product_brand?post=5610"},{"taxonomy":"product_cat","embeddable":true,"href":"https:\/\/www.anaromanature.com\/index.php\/wp-json\/wp\/v2\/product_cat?post=5610"},{"taxonomy":"product_tag","embeddable":true,"href":"https:\/\/www.anaromanature.com\/index.php\/wp-json\/wp\/v2\/product_tag?post=5610"}],"curies":[{"name":"wp","href":"https:\/\/api.w.org\/{rel}","templated":true}]}}