{"id":5710,"date":"2022-11-24T18:52:23","date_gmt":"2022-11-24T17:52:23","guid":{"rendered":"https:\/\/www.anaromanature.com\/?post_type=product&#038;p=5710"},"modified":"2025-01-10T17:41:40","modified_gmt":"2025-01-10T16:41:40","slug":"ambientador-spray-100ml-rice-milk-peony","status":"publish","type":"product","link":"https:\/\/www.anaromanature.com\/index.php\/producto\/ambientador-spray-100ml-rice-milk-peony\/","title":{"rendered":"Ambientador Spray 100ml. Rice Milk &#038; Peony"},"content":{"rendered":"<p>Ambientador Spray 100ml. Rice Milk &amp; Peony<\/p>\n<p>Pulverizador concentrado en spray con gran capacidad de ambientaci\u00f3n.<\/p>\n<p>Con un sencillo gesto, conseguir\u00e1s ambientar todo tu hogar.<\/p>\n<p><strong>Es r\u00e1pido, c\u00f3modo y eficaz.<\/strong><\/p>\n<p>El formato m\u00e1s habitual cuando queremos perfumar nuestro hogar o negocio.<\/p>\n<p>Tambi\u00e9n es muy recomendable usarlo en el coche, basta con unas pulverizaciones debajo de las alfombrillas y el efecto permanecer\u00e1 durante d\u00edas.<\/p>\n<p>Aunque tengamos otro sistema de forma continua ambientando en casa tambi\u00e9n es recomendable tener un spray para reforzar en ciertos momentos, por ejemplo, cuando cocinamos, fumamos, recibimos visitas o si se han ido.<\/p>\n<p><em>Es muy c\u00f3modo cuando nos vamos de viaje, ya que es la mejor manera de llevar siempre nuestro aroma preferido con nosotros y as\u00ed, sentirnos como en casa<\/em>.<\/p>\n<p>Siempre que el l\u00edquido del spray sea incoloro, puedes perfumar, cortinas, alfombras o tapicer\u00edas. No hacerlo en aquellos tejidos delicados o mascotas.<\/p>\n<p>Tambi\u00e9n puedes rociar plantas artificiales que tengas en casa, as\u00ed estas actuaran de ambientador sin tu darte cuenta.<\/p>\n<p>Se recomienda tener varios sprays en el hogar y usarlos de forma alterna, de esta manera no nos acostumbraremos siempre al mismo aroma y nos parecer\u00e1 que huele m\u00e1s y mejor <em>\u00a1haz la prueba!<\/em><\/p>\n<p>Ambientador Spray 100ml. Rice Milk &amp; Peony<\/p>\n<p>Perfuma tu hogar con\u00a0<a href=\"https:\/\/www.anaromanature.com\/\">Anaroma Nature<\/a><\/p>\n<p><a href=\"mailto:%20info@anaromanature.com\">Cons\u00faltanos\u00a0<\/a>lo que necesites saber o aclarar.<\/p>\n<p>S\u00edguenos en <a href=\"https:\/\/www.instagram.com\/anaromanature\/\">Instagram<\/a>.<\/p>\n","protected":false},"excerpt":{"rendered":"<p>Contenido: 100 ml.<\/p>\n<p>Duraci\u00f3n: hasta 1.000 pulverizaciones.<\/p>\n<p>R\u00e1pido, c\u00f3modo y eficaz pulverizador concentrado.<\/p>\n<h4 class=\"fusion-responsive-typography-calculated\" data-fontsize=\"15.21\" data-lineheight=\"24.336px\">FLORAL \u25cf FRUTAL<\/h4>\n<p>Un perfume delicado, floral y cremoso, rico y exuberante. Huele a p\u00e9talos\u2026 de Peon\u00eda, de Rosas, de Flores de Cerezo y Melocot\u00f3n, de Almendro\u2026 Con una salida cremosa, a Leche de Arroz y el dulzor del Lychee y el Rambut\u00e1n.<\/p>\n<p>Para dejar fuera de tu casa el invierno duro y riguroso y crear un jard\u00edn interior que huele a (expresa) abundancia, felicidad, optimismo, relax, seguridad y liberaci\u00f3n.<\/p>\n<p><strong>Notas de fragancia<\/strong><\/p>\n<ul>\n<li><strong>Salida:\u00a0<\/strong>Leche de Arroz, Lychee y Pimienta Rosa.<\/li>\n<li><strong>Coraz\u00f3n:\u00a0<\/strong>P\u00e9talos de Peon\u00eda, Rosa Damascena, Cerezo y Almendro.<\/li>\n<li><strong>Fondo:\u00a0<\/strong>Piel de Melocot\u00f3n, \u00c1mbar, Jazm\u00edn de Sambac y Vainilla.<\/li>\n<\/ul>\n","protected":false},"featured_media":5709,"comment_status":"open","ping_status":"closed","template":"","meta":{"_joinchat":[]},"product_brand":[],"product_cat":[26,453,119,118],"product_tag":[42,618,41],"class_list":{"0":"post-5710","1":"product","2":"type-product","3":"status-publish","4":"has-post-thumbnail","6":"product_cat-boles-dolor-un-mundo-de-suenos-fragantes","7":"product_cat-novedades","8":"product_cat-spray-ambientador","9":"product_cat-spray-ambients-100-ml","10":"product_tag-ambientador","11":"product_tag-aroma-floral","12":"product_tag-spray","13":"latest_post","15":"first","16":"instock","17":"taxable","18":"shipping-taxable","19":"purchasable","20":"product-type-simple"},"yoast_head":"<!-- This site is optimized with the Yoast SEO plugin v27.4 - https:\/\/yoast.com\/product\/yoast-seo-wordpress\/ -->\n<title>Ambientador Spray 100ml. Rice Milk &amp; Peony - Anaroma Nature - Tienda<\/title>\n<meta name=\"description\" content=\"Ambientador Spray 100ml. Rice Milk &amp; Peony. Pulverizador concentrado en spray con gran capacidad de ambientaci\u00f3n. Con un sencillo gesto,\" \/>\n<meta name=\"robots\" content=\"index, follow, max-snippet:-1, max-image-preview:large, max-video-preview:-1\" \/>\n<link rel=\"canonical\" href=\"https:\/\/www.anaromanature.com\/index.php\/producto\/ambientador-spray-100ml-rice-milk-peony\/\" \/>\n<meta property=\"og:locale\" content=\"es_ES\" \/>\n<meta property=\"og:type\" content=\"article\" \/>\n<meta property=\"og:title\" content=\"Ambientador Spray 100ml. Rice Milk &amp; Peony - Anaroma Nature - Tienda\" \/>\n<meta property=\"og:description\" content=\"Ambientador Spray 100ml. Rice Milk &amp; Peony. Pulverizador concentrado en spray con gran capacidad de ambientaci\u00f3n. Con un sencillo gesto,\" \/>\n<meta property=\"og:url\" content=\"https:\/\/www.anaromanature.com\/index.php\/producto\/ambientador-spray-100ml-rice-milk-peony\/\" \/>\n<meta property=\"og:site_name\" content=\"Anaroma Nature\" \/>\n<meta property=\"article:publisher\" content=\"http:\/\/facebook.com\/Anaroma-326324794814915\" \/>\n<meta property=\"article:modified_time\" content=\"2025-01-10T16:41:40+00:00\" \/>\n<meta property=\"og:image\" content=\"https:\/\/www.anaromanature.com\/wp-content\/uploads\/2022\/11\/Ambientador-Spray-100-ml-Rice-Milk-Peony-0134094.jpg\" \/>\n\t<meta property=\"og:image:width\" content=\"600\" \/>\n\t<meta property=\"og:image:height\" content=\"600\" \/>\n\t<meta property=\"og:image:type\" content=\"image\/jpeg\" \/>\n<meta name=\"twitter:card\" content=\"summary_large_image\" \/>\n<meta name=\"twitter:label1\" content=\"Tiempo de lectura\" \/>\n\t<meta name=\"twitter:data1\" content=\"1 minuto\" \/>\n<script type=\"application\/ld+json\" class=\"yoast-schema-graph\">{\"@context\":\"https:\\\/\\\/schema.org\",\"@graph\":[{\"@type\":\"WebPage\",\"@id\":\"https:\\\/\\\/www.anaromanature.com\\\/index.php\\\/producto\\\/ambientador-spray-100ml-rice-milk-peony\\\/\",\"url\":\"https:\\\/\\\/www.anaromanature.com\\\/index.php\\\/producto\\\/ambientador-spray-100ml-rice-milk-peony\\\/\",\"name\":\"Ambientador Spray 100ml. Rice Milk & Peony - Anaroma Nature - Tienda\",\"isPartOf\":{\"@id\":\"https:\\\/\\\/www.anaromanature.com\\\/#website\"},\"primaryImageOfPage\":{\"@id\":\"https:\\\/\\\/www.anaromanature.com\\\/index.php\\\/producto\\\/ambientador-spray-100ml-rice-milk-peony\\\/#primaryimage\"},\"image\":{\"@id\":\"https:\\\/\\\/www.anaromanature.com\\\/index.php\\\/producto\\\/ambientador-spray-100ml-rice-milk-peony\\\/#primaryimage\"},\"thumbnailUrl\":\"https:\\\/\\\/www.anaromanature.com\\\/wp-content\\\/uploads\\\/2022\\\/11\\\/Ambientador-Spray-100-ml-Rice-Milk-Peony-0134094.jpg\",\"datePublished\":\"2022-11-24T17:52:23+00:00\",\"dateModified\":\"2025-01-10T16:41:40+00:00\",\"description\":\"Ambientador Spray 100ml. Rice Milk & Peony. Pulverizador concentrado en spray con gran capacidad de ambientaci\u00f3n. Con un sencillo gesto,\",\"breadcrumb\":{\"@id\":\"https:\\\/\\\/www.anaromanature.com\\\/index.php\\\/producto\\\/ambientador-spray-100ml-rice-milk-peony\\\/#breadcrumb\"},\"inLanguage\":\"es\",\"potentialAction\":[{\"@type\":\"ReadAction\",\"target\":[\"https:\\\/\\\/www.anaromanature.com\\\/index.php\\\/producto\\\/ambientador-spray-100ml-rice-milk-peony\\\/\"]}]},{\"@type\":\"ImageObject\",\"inLanguage\":\"es\",\"@id\":\"https:\\\/\\\/www.anaromanature.com\\\/index.php\\\/producto\\\/ambientador-spray-100ml-rice-milk-peony\\\/#primaryimage\",\"url\":\"https:\\\/\\\/www.anaromanature.com\\\/wp-content\\\/uploads\\\/2022\\\/11\\\/Ambientador-Spray-100-ml-Rice-Milk-Peony-0134094.jpg\",\"contentUrl\":\"https:\\\/\\\/www.anaromanature.com\\\/wp-content\\\/uploads\\\/2022\\\/11\\\/Ambientador-Spray-100-ml-Rice-Milk-Peony-0134094.jpg\",\"width\":600,\"height\":600,\"caption\":\"Ambientador Spray 100 ml Rice Milk Peony 0134094\"},{\"@type\":\"BreadcrumbList\",\"@id\":\"https:\\\/\\\/www.anaromanature.com\\\/index.php\\\/producto\\\/ambientador-spray-100ml-rice-milk-peony\\\/#breadcrumb\",\"itemListElement\":[{\"@type\":\"ListItem\",\"position\":1,\"name\":\"Portada\",\"item\":\"https:\\\/\\\/www.anaromanature.com\\\/\"},{\"@type\":\"ListItem\",\"position\":2,\"name\":\"Tienda\",\"item\":\"https:\\\/\\\/www.anaromanature.com\\\/index.php\\\/tienda-premium-online-anarome-nature\\\/\"},{\"@type\":\"ListItem\",\"position\":3,\"name\":\"Ambientador Spray 100ml. Rice Milk &#038; Peony\"}]},{\"@type\":\"WebSite\",\"@id\":\"https:\\\/\\\/www.anaromanature.com\\\/#website\",\"url\":\"https:\\\/\\\/www.anaromanature.com\\\/\",\"name\":\"Anaroma Nature\",\"description\":\"Aromas y color\",\"publisher\":{\"@id\":\"https:\\\/\\\/www.anaromanature.com\\\/#organization\"},\"potentialAction\":[{\"@type\":\"SearchAction\",\"target\":{\"@type\":\"EntryPoint\",\"urlTemplate\":\"https:\\\/\\\/www.anaromanature.com\\\/?s={search_term_string}\"},\"query-input\":{\"@type\":\"PropertyValueSpecification\",\"valueRequired\":true,\"valueName\":\"search_term_string\"}}],\"inLanguage\":\"es\"},{\"@type\":\"Organization\",\"@id\":\"https:\\\/\\\/www.anaromanature.com\\\/#organization\",\"name\":\"Anaroma Nature\",\"url\":\"https:\\\/\\\/www.anaromanature.com\\\/\",\"logo\":{\"@type\":\"ImageObject\",\"inLanguage\":\"es\",\"@id\":\"https:\\\/\\\/www.anaromanature.com\\\/#\\\/schema\\\/logo\\\/image\\\/\",\"url\":\"https:\\\/\\\/i2.wp.com\\\/www.anaromanature.com\\\/wp-content\\\/uploads\\\/2021\\\/02\\\/cropped-Logotipo-Anaroma-2.png?fit=290%2C288&ssl=1\",\"contentUrl\":\"https:\\\/\\\/i2.wp.com\\\/www.anaromanature.com\\\/wp-content\\\/uploads\\\/2021\\\/02\\\/cropped-Logotipo-Anaroma-2.png?fit=290%2C288&ssl=1\",\"width\":290,\"height\":288,\"caption\":\"Anaroma Nature\"},\"image\":{\"@id\":\"https:\\\/\\\/www.anaromanature.com\\\/#\\\/schema\\\/logo\\\/image\\\/\"},\"sameAs\":[\"http:\\\/\\\/facebook.com\\\/Anaroma-326324794814915\",\"http:\\\/\\\/instagram.com\\\/anaromanature\"]}]}<\/script>\n<!-- \/ Yoast SEO plugin. -->","yoast_head_json":{"title":"Ambientador Spray 100ml. Rice Milk & Peony - Anaroma Nature - Tienda","description":"Ambientador Spray 100ml. Rice Milk & Peony. Pulverizador concentrado en spray con gran capacidad de ambientaci\u00f3n. Con un sencillo gesto,","robots":{"index":"index","follow":"follow","max-snippet":"max-snippet:-1","max-image-preview":"max-image-preview:large","max-video-preview":"max-video-preview:-1"},"canonical":"https:\/\/www.anaromanature.com\/index.php\/producto\/ambientador-spray-100ml-rice-milk-peony\/","og_locale":"es_ES","og_type":"article","og_title":"Ambientador Spray 100ml. Rice Milk & Peony - Anaroma Nature - Tienda","og_description":"Ambientador Spray 100ml. Rice Milk & Peony. Pulverizador concentrado en spray con gran capacidad de ambientaci\u00f3n. Con un sencillo gesto,","og_url":"https:\/\/www.anaromanature.com\/index.php\/producto\/ambientador-spray-100ml-rice-milk-peony\/","og_site_name":"Anaroma Nature","article_publisher":"http:\/\/facebook.com\/Anaroma-326324794814915","article_modified_time":"2025-01-10T16:41:40+00:00","og_image":[{"width":600,"height":600,"url":"https:\/\/www.anaromanature.com\/wp-content\/uploads\/2022\/11\/Ambientador-Spray-100-ml-Rice-Milk-Peony-0134094.jpg","type":"image\/jpeg"}],"twitter_card":"summary_large_image","twitter_misc":{"Tiempo de lectura":"1 minuto"},"schema":{"@context":"https:\/\/schema.org","@graph":[{"@type":"WebPage","@id":"https:\/\/www.anaromanature.com\/index.php\/producto\/ambientador-spray-100ml-rice-milk-peony\/","url":"https:\/\/www.anaromanature.com\/index.php\/producto\/ambientador-spray-100ml-rice-milk-peony\/","name":"Ambientador Spray 100ml. Rice Milk & Peony - Anaroma Nature - Tienda","isPartOf":{"@id":"https:\/\/www.anaromanature.com\/#website"},"primaryImageOfPage":{"@id":"https:\/\/www.anaromanature.com\/index.php\/producto\/ambientador-spray-100ml-rice-milk-peony\/#primaryimage"},"image":{"@id":"https:\/\/www.anaromanature.com\/index.php\/producto\/ambientador-spray-100ml-rice-milk-peony\/#primaryimage"},"thumbnailUrl":"https:\/\/www.anaromanature.com\/wp-content\/uploads\/2022\/11\/Ambientador-Spray-100-ml-Rice-Milk-Peony-0134094.jpg","datePublished":"2022-11-24T17:52:23+00:00","dateModified":"2025-01-10T16:41:40+00:00","description":"Ambientador Spray 100ml. Rice Milk & Peony. Pulverizador concentrado en spray con gran capacidad de ambientaci\u00f3n. Con un sencillo gesto,","breadcrumb":{"@id":"https:\/\/www.anaromanature.com\/index.php\/producto\/ambientador-spray-100ml-rice-milk-peony\/#breadcrumb"},"inLanguage":"es","potentialAction":[{"@type":"ReadAction","target":["https:\/\/www.anaromanature.com\/index.php\/producto\/ambientador-spray-100ml-rice-milk-peony\/"]}]},{"@type":"ImageObject","inLanguage":"es","@id":"https:\/\/www.anaromanature.com\/index.php\/producto\/ambientador-spray-100ml-rice-milk-peony\/#primaryimage","url":"https:\/\/www.anaromanature.com\/wp-content\/uploads\/2022\/11\/Ambientador-Spray-100-ml-Rice-Milk-Peony-0134094.jpg","contentUrl":"https:\/\/www.anaromanature.com\/wp-content\/uploads\/2022\/11\/Ambientador-Spray-100-ml-Rice-Milk-Peony-0134094.jpg","width":600,"height":600,"caption":"Ambientador Spray 100 ml Rice Milk Peony 0134094"},{"@type":"BreadcrumbList","@id":"https:\/\/www.anaromanature.com\/index.php\/producto\/ambientador-spray-100ml-rice-milk-peony\/#breadcrumb","itemListElement":[{"@type":"ListItem","position":1,"name":"Portada","item":"https:\/\/www.anaromanature.com\/"},{"@type":"ListItem","position":2,"name":"Tienda","item":"https:\/\/www.anaromanature.com\/index.php\/tienda-premium-online-anarome-nature\/"},{"@type":"ListItem","position":3,"name":"Ambientador Spray 100ml. Rice Milk &#038; Peony"}]},{"@type":"WebSite","@id":"https:\/\/www.anaromanature.com\/#website","url":"https:\/\/www.anaromanature.com\/","name":"Anaroma Nature","description":"Aromas y color","publisher":{"@id":"https:\/\/www.anaromanature.com\/#organization"},"potentialAction":[{"@type":"SearchAction","target":{"@type":"EntryPoint","urlTemplate":"https:\/\/www.anaromanature.com\/?s={search_term_string}"},"query-input":{"@type":"PropertyValueSpecification","valueRequired":true,"valueName":"search_term_string"}}],"inLanguage":"es"},{"@type":"Organization","@id":"https:\/\/www.anaromanature.com\/#organization","name":"Anaroma Nature","url":"https:\/\/www.anaromanature.com\/","logo":{"@type":"ImageObject","inLanguage":"es","@id":"https:\/\/www.anaromanature.com\/#\/schema\/logo\/image\/","url":"https:\/\/i2.wp.com\/www.anaromanature.com\/wp-content\/uploads\/2021\/02\/cropped-Logotipo-Anaroma-2.png?fit=290%2C288&ssl=1","contentUrl":"https:\/\/i2.wp.com\/www.anaromanature.com\/wp-content\/uploads\/2021\/02\/cropped-Logotipo-Anaroma-2.png?fit=290%2C288&ssl=1","width":290,"height":288,"caption":"Anaroma Nature"},"image":{"@id":"https:\/\/www.anaromanature.com\/#\/schema\/logo\/image\/"},"sameAs":["http:\/\/facebook.com\/Anaroma-326324794814915","http:\/\/instagram.com\/anaromanature"]}]}},"_links":{"self":[{"href":"https:\/\/www.anaromanature.com\/index.php\/wp-json\/wp\/v2\/product\/5710","targetHints":{"allow":["GET"]}}],"collection":[{"href":"https:\/\/www.anaromanature.com\/index.php\/wp-json\/wp\/v2\/product"}],"about":[{"href":"https:\/\/www.anaromanature.com\/index.php\/wp-json\/wp\/v2\/types\/product"}],"replies":[{"embeddable":true,"href":"https:\/\/www.anaromanature.com\/index.php\/wp-json\/wp\/v2\/comments?post=5710"}],"wp:featuredmedia":[{"embeddable":true,"href":"https:\/\/www.anaromanature.com\/index.php\/wp-json\/wp\/v2\/media\/5709"}],"wp:attachment":[{"href":"https:\/\/www.anaromanature.com\/index.php\/wp-json\/wp\/v2\/media?parent=5710"}],"wp:term":[{"taxonomy":"product_brand","embeddable":true,"href":"https:\/\/www.anaromanature.com\/index.php\/wp-json\/wp\/v2\/product_brand?post=5710"},{"taxonomy":"product_cat","embeddable":true,"href":"https:\/\/www.anaromanature.com\/index.php\/wp-json\/wp\/v2\/product_cat?post=5710"},{"taxonomy":"product_tag","embeddable":true,"href":"https:\/\/www.anaromanature.com\/index.php\/wp-json\/wp\/v2\/product_tag?post=5710"}],"curies":[{"name":"wp","href":"https:\/\/api.w.org\/{rel}","templated":true}]}}