{"id":577,"date":"2021-02-06T17:19:56","date_gmt":"2021-02-06T16:19:56","guid":{"rendered":"https:\/\/www.anaromanature.com\/index.php\/producto\/sachet-perfumado-black-edition-cotonet\/"},"modified":"2025-01-10T16:44:29","modified_gmt":"2025-01-10T15:44:29","slug":"sachet-perfumado-black-edition-cotonet","status":"publish","type":"product","link":"https:\/\/www.anaromanature.com\/index.php\/producto\/sachet-perfumado-black-edition-cotonet\/","title":{"rendered":"Sachet Perfumado Black Edition Cotonet"},"content":{"rendered":"<p style=\"text-align: left;\">Sachet Black Edition Cotonet<\/p>\n<p>Otra opci\u00f3n de Boles d&#8217;olor para perfumar tus armarios.<\/p>\n<p>En esta ocasi\u00f3n se trata de un sobre de celulosa decorado con la imagen del aroma que cuenta con una cinta para poder colgarlo de la barra de nuestro armario.<\/p>\n<p>Sus usos tambi\u00e9n son infinitos; maletas, cajones, armarios, coche, mochilas, cajas de ropa, etc. Si le pones algo de imaginaci\u00f3n, seguro que le sacas m\u00e1s posibilidades.<\/p>\n<p>Muy similar a las mini resinas perfumadas pero con otro formato.<\/p>\n<p>Adem\u00e1s, este formato cuenta con algo que le diferencia del resto, ya que posee extracto de Cedro.<\/p>\n<p><strong>Cuenta con un ingrediente adem\u00e1s que no le aporta aroma, pero si le hace altamente eficaz contra las polillas de armario.<\/strong><\/p>\n<p>Recomendamos al principio colocar el sachet directamente con el pl\u00e1stico dentro del armario y sacarlo cuando ya no percibas su aroma, de esta manera alargar\u00e1s su vida \u00fatil.<\/p>\n<p>La duraci\u00f3n aproximada de este producto es de 3 meses, aunque dependiendo del aroma y lugar puede variar.<\/p>\n<p>Ahora s\u00f3lo falta que elijas el aroma y lo pruebes. Seguro que notar\u00e1s la diferencia con lo que hayas probado anteriormente.<\/p>\n<p>Sachet Black Edition Cotonet<\/p>\n<p>Perfuma tu hogar con\u00a0<a href=\"https:\/\/www.anaromanature.com\/\">Anaroma Nature<\/a><\/p>\n<p><a href=\"mailto:%20info@anaromanature.com\">Cons\u00faltanos\u00a0<\/a>lo que necesites saber o aclarar.<\/p>\n<p>Visita nuestro\u00a0<a href=\"https:\/\/www.instagram.com\/anaromanature\/\">Instagram<\/a>.<\/p>\n","protected":false},"excerpt":{"rendered":"<p>&nbsp;<\/p>\n<p>Duraci\u00f3n: hasta 3 meses.<\/p>\n<ul>\n<li>\n<h4>Fresco<\/h4>\n<\/li>\n<\/ul>\n<p>La fresca caricia de la fragancia del Algod\u00f3n y el Lino reci\u00e9n lavados. Una fragancia que evoca, naturaleza, frescor, y limpieza que mantendr\u00e1 los armarios con esta inigualable sensaci\u00f3n de la ropa limpia.<\/p>\n<p><strong>Notas de fragancia<\/strong><\/p>\n<ul>\n<li><strong>Salida:\u00a0<\/strong>Corteza de Lim\u00f3n y Lima. Hierba verde reci\u00e9n cortada.<\/li>\n<li><strong>Coraz\u00f3n:\u00a0<\/strong>Flores blancas del prado, Muguet y Madreselvas.<\/li>\n<li><strong>Fondo:\u00a0<\/strong>Almizcle blanco y Magnolia.<\/li>\n<\/ul>\n<p>&nbsp;<\/p>\n","protected":false},"featured_media":848,"comment_status":"open","ping_status":"closed","template":"","meta":{"_joinchat":[]},"product_brand":[],"product_cat":[110,26,111],"product_tag":[42,109,53,108],"class_list":{"0":"post-577","1":"product","2":"type-product","3":"status-publish","4":"has-post-thumbnail","6":"product_cat-armarios-perfumados","7":"product_cat-boles-dolor-un-mundo-de-suenos-fragantes","8":"product_cat-sachet-black-edition","9":"product_tag-ambientador","10":"product_tag-black-edition","11":"product_tag-fresco","12":"product_tag-sachet","13":"latest_post","15":"first","16":"instock","17":"taxable","18":"shipping-taxable","19":"purchasable","20":"product-type-simple"},"yoast_head":"<!-- This site is optimized with the Yoast SEO plugin v27.4 - https:\/\/yoast.com\/product\/yoast-seo-wordpress\/ -->\n<title>Sachet Perfumado Black Edition Cotonet - Anaroma Nature - Tienda<\/title>\n<meta name=\"description\" content=\"Sachet Black Edition Cotonet. Otra opci\u00f3n de Boles d&#039;olor para perfumar tus armarios. En esta ocasi\u00f3n se trata de un sobre de celulosa decorado\" \/>\n<meta name=\"robots\" content=\"index, follow, max-snippet:-1, max-image-preview:large, max-video-preview:-1\" \/>\n<link rel=\"canonical\" href=\"https:\/\/www.anaromanature.com\/index.php\/producto\/sachet-perfumado-black-edition-cotonet\/\" \/>\n<meta property=\"og:locale\" content=\"es_ES\" \/>\n<meta property=\"og:type\" content=\"article\" \/>\n<meta property=\"og:title\" content=\"Sachet Perfumado Black Edition Cotonet - Anaroma Nature - Tienda\" \/>\n<meta property=\"og:description\" content=\"Sachet Black Edition Cotonet. Otra opci\u00f3n de Boles d&#039;olor para perfumar tus armarios. En esta ocasi\u00f3n se trata de un sobre de celulosa decorado\" \/>\n<meta property=\"og:url\" content=\"https:\/\/www.anaromanature.com\/index.php\/producto\/sachet-perfumado-black-edition-cotonet\/\" \/>\n<meta property=\"og:site_name\" content=\"Anaroma Nature\" \/>\n<meta property=\"article:publisher\" content=\"http:\/\/facebook.com\/Anaroma-326324794814915\" \/>\n<meta property=\"article:modified_time\" content=\"2025-01-10T15:44:29+00:00\" \/>\n<meta property=\"og:image\" content=\"https:\/\/www.anaromanature.com\/wp-content\/uploads\/2021\/02\/Sachet-Black-Edition-Cotonet-0136326-scaled.jpg\" \/>\n\t<meta property=\"og:image:width\" content=\"600\" \/>\n\t<meta property=\"og:image:height\" content=\"600\" \/>\n\t<meta property=\"og:image:type\" content=\"image\/jpeg\" \/>\n<meta name=\"twitter:card\" content=\"summary_large_image\" \/>\n<meta name=\"twitter:label1\" content=\"Tiempo de lectura\" \/>\n\t<meta name=\"twitter:data1\" content=\"1 minuto\" \/>\n<script type=\"application\/ld+json\" class=\"yoast-schema-graph\">{\"@context\":\"https:\\\/\\\/schema.org\",\"@graph\":[{\"@type\":\"WebPage\",\"@id\":\"https:\\\/\\\/www.anaromanature.com\\\/index.php\\\/producto\\\/sachet-perfumado-black-edition-cotonet\\\/\",\"url\":\"https:\\\/\\\/www.anaromanature.com\\\/index.php\\\/producto\\\/sachet-perfumado-black-edition-cotonet\\\/\",\"name\":\"Sachet Perfumado Black Edition Cotonet - Anaroma Nature - Tienda\",\"isPartOf\":{\"@id\":\"https:\\\/\\\/www.anaromanature.com\\\/#website\"},\"primaryImageOfPage\":{\"@id\":\"https:\\\/\\\/www.anaromanature.com\\\/index.php\\\/producto\\\/sachet-perfumado-black-edition-cotonet\\\/#primaryimage\"},\"image\":{\"@id\":\"https:\\\/\\\/www.anaromanature.com\\\/index.php\\\/producto\\\/sachet-perfumado-black-edition-cotonet\\\/#primaryimage\"},\"thumbnailUrl\":\"https:\\\/\\\/www.anaromanature.com\\\/wp-content\\\/uploads\\\/2021\\\/02\\\/Sachet-Black-Edition-Cotonet-0136326-scaled.jpg\",\"datePublished\":\"2021-02-06T16:19:56+00:00\",\"dateModified\":\"2025-01-10T15:44:29+00:00\",\"description\":\"Sachet Black Edition Cotonet. Otra opci\u00f3n de Boles d'olor para perfumar tus armarios. En esta ocasi\u00f3n se trata de un sobre de celulosa decorado\",\"breadcrumb\":{\"@id\":\"https:\\\/\\\/www.anaromanature.com\\\/index.php\\\/producto\\\/sachet-perfumado-black-edition-cotonet\\\/#breadcrumb\"},\"inLanguage\":\"es\",\"potentialAction\":[{\"@type\":\"ReadAction\",\"target\":[\"https:\\\/\\\/www.anaromanature.com\\\/index.php\\\/producto\\\/sachet-perfumado-black-edition-cotonet\\\/\"]}]},{\"@type\":\"ImageObject\",\"inLanguage\":\"es\",\"@id\":\"https:\\\/\\\/www.anaromanature.com\\\/index.php\\\/producto\\\/sachet-perfumado-black-edition-cotonet\\\/#primaryimage\",\"url\":\"https:\\\/\\\/www.anaromanature.com\\\/wp-content\\\/uploads\\\/2021\\\/02\\\/Sachet-Black-Edition-Cotonet-0136326-scaled.jpg\",\"contentUrl\":\"https:\\\/\\\/www.anaromanature.com\\\/wp-content\\\/uploads\\\/2021\\\/02\\\/Sachet-Black-Edition-Cotonet-0136326-scaled.jpg\",\"width\":600,\"height\":600,\"caption\":\"Sachet Black Edition Cotonet 0136326\"},{\"@type\":\"BreadcrumbList\",\"@id\":\"https:\\\/\\\/www.anaromanature.com\\\/index.php\\\/producto\\\/sachet-perfumado-black-edition-cotonet\\\/#breadcrumb\",\"itemListElement\":[{\"@type\":\"ListItem\",\"position\":1,\"name\":\"Portada\",\"item\":\"https:\\\/\\\/www.anaromanature.com\\\/\"},{\"@type\":\"ListItem\",\"position\":2,\"name\":\"Tienda\",\"item\":\"https:\\\/\\\/www.anaromanature.com\\\/index.php\\\/tienda-premium-online-anarome-nature\\\/\"},{\"@type\":\"ListItem\",\"position\":3,\"name\":\"Sachet Perfumado Black Edition Cotonet\"}]},{\"@type\":\"WebSite\",\"@id\":\"https:\\\/\\\/www.anaromanature.com\\\/#website\",\"url\":\"https:\\\/\\\/www.anaromanature.com\\\/\",\"name\":\"Anaroma Nature\",\"description\":\"Aromas y color\",\"publisher\":{\"@id\":\"https:\\\/\\\/www.anaromanature.com\\\/#organization\"},\"potentialAction\":[{\"@type\":\"SearchAction\",\"target\":{\"@type\":\"EntryPoint\",\"urlTemplate\":\"https:\\\/\\\/www.anaromanature.com\\\/?s={search_term_string}\"},\"query-input\":{\"@type\":\"PropertyValueSpecification\",\"valueRequired\":true,\"valueName\":\"search_term_string\"}}],\"inLanguage\":\"es\"},{\"@type\":\"Organization\",\"@id\":\"https:\\\/\\\/www.anaromanature.com\\\/#organization\",\"name\":\"Anaroma Nature\",\"url\":\"https:\\\/\\\/www.anaromanature.com\\\/\",\"logo\":{\"@type\":\"ImageObject\",\"inLanguage\":\"es\",\"@id\":\"https:\\\/\\\/www.anaromanature.com\\\/#\\\/schema\\\/logo\\\/image\\\/\",\"url\":\"https:\\\/\\\/i2.wp.com\\\/www.anaromanature.com\\\/wp-content\\\/uploads\\\/2021\\\/02\\\/cropped-Logotipo-Anaroma-2.png?fit=290%2C288&ssl=1\",\"contentUrl\":\"https:\\\/\\\/i2.wp.com\\\/www.anaromanature.com\\\/wp-content\\\/uploads\\\/2021\\\/02\\\/cropped-Logotipo-Anaroma-2.png?fit=290%2C288&ssl=1\",\"width\":290,\"height\":288,\"caption\":\"Anaroma Nature\"},\"image\":{\"@id\":\"https:\\\/\\\/www.anaromanature.com\\\/#\\\/schema\\\/logo\\\/image\\\/\"},\"sameAs\":[\"http:\\\/\\\/facebook.com\\\/Anaroma-326324794814915\",\"http:\\\/\\\/instagram.com\\\/anaromanature\"]}]}<\/script>\n<!-- \/ Yoast SEO plugin. -->","yoast_head_json":{"title":"Sachet Perfumado Black Edition Cotonet - Anaroma Nature - Tienda","description":"Sachet Black Edition Cotonet. Otra opci\u00f3n de Boles d'olor para perfumar tus armarios. En esta ocasi\u00f3n se trata de un sobre de celulosa decorado","robots":{"index":"index","follow":"follow","max-snippet":"max-snippet:-1","max-image-preview":"max-image-preview:large","max-video-preview":"max-video-preview:-1"},"canonical":"https:\/\/www.anaromanature.com\/index.php\/producto\/sachet-perfumado-black-edition-cotonet\/","og_locale":"es_ES","og_type":"article","og_title":"Sachet Perfumado Black Edition Cotonet - Anaroma Nature - Tienda","og_description":"Sachet Black Edition Cotonet. Otra opci\u00f3n de Boles d'olor para perfumar tus armarios. En esta ocasi\u00f3n se trata de un sobre de celulosa decorado","og_url":"https:\/\/www.anaromanature.com\/index.php\/producto\/sachet-perfumado-black-edition-cotonet\/","og_site_name":"Anaroma Nature","article_publisher":"http:\/\/facebook.com\/Anaroma-326324794814915","article_modified_time":"2025-01-10T15:44:29+00:00","og_image":[{"width":600,"height":600,"url":"https:\/\/www.anaromanature.com\/wp-content\/uploads\/2021\/02\/Sachet-Black-Edition-Cotonet-0136326-scaled.jpg","type":"image\/jpeg"}],"twitter_card":"summary_large_image","twitter_misc":{"Tiempo de lectura":"1 minuto"},"schema":{"@context":"https:\/\/schema.org","@graph":[{"@type":"WebPage","@id":"https:\/\/www.anaromanature.com\/index.php\/producto\/sachet-perfumado-black-edition-cotonet\/","url":"https:\/\/www.anaromanature.com\/index.php\/producto\/sachet-perfumado-black-edition-cotonet\/","name":"Sachet Perfumado Black Edition Cotonet - Anaroma Nature - Tienda","isPartOf":{"@id":"https:\/\/www.anaromanature.com\/#website"},"primaryImageOfPage":{"@id":"https:\/\/www.anaromanature.com\/index.php\/producto\/sachet-perfumado-black-edition-cotonet\/#primaryimage"},"image":{"@id":"https:\/\/www.anaromanature.com\/index.php\/producto\/sachet-perfumado-black-edition-cotonet\/#primaryimage"},"thumbnailUrl":"https:\/\/www.anaromanature.com\/wp-content\/uploads\/2021\/02\/Sachet-Black-Edition-Cotonet-0136326-scaled.jpg","datePublished":"2021-02-06T16:19:56+00:00","dateModified":"2025-01-10T15:44:29+00:00","description":"Sachet Black Edition Cotonet. Otra opci\u00f3n de Boles d'olor para perfumar tus armarios. En esta ocasi\u00f3n se trata de un sobre de celulosa decorado","breadcrumb":{"@id":"https:\/\/www.anaromanature.com\/index.php\/producto\/sachet-perfumado-black-edition-cotonet\/#breadcrumb"},"inLanguage":"es","potentialAction":[{"@type":"ReadAction","target":["https:\/\/www.anaromanature.com\/index.php\/producto\/sachet-perfumado-black-edition-cotonet\/"]}]},{"@type":"ImageObject","inLanguage":"es","@id":"https:\/\/www.anaromanature.com\/index.php\/producto\/sachet-perfumado-black-edition-cotonet\/#primaryimage","url":"https:\/\/www.anaromanature.com\/wp-content\/uploads\/2021\/02\/Sachet-Black-Edition-Cotonet-0136326-scaled.jpg","contentUrl":"https:\/\/www.anaromanature.com\/wp-content\/uploads\/2021\/02\/Sachet-Black-Edition-Cotonet-0136326-scaled.jpg","width":600,"height":600,"caption":"Sachet Black Edition Cotonet 0136326"},{"@type":"BreadcrumbList","@id":"https:\/\/www.anaromanature.com\/index.php\/producto\/sachet-perfumado-black-edition-cotonet\/#breadcrumb","itemListElement":[{"@type":"ListItem","position":1,"name":"Portada","item":"https:\/\/www.anaromanature.com\/"},{"@type":"ListItem","position":2,"name":"Tienda","item":"https:\/\/www.anaromanature.com\/index.php\/tienda-premium-online-anarome-nature\/"},{"@type":"ListItem","position":3,"name":"Sachet Perfumado Black Edition Cotonet"}]},{"@type":"WebSite","@id":"https:\/\/www.anaromanature.com\/#website","url":"https:\/\/www.anaromanature.com\/","name":"Anaroma Nature","description":"Aromas y color","publisher":{"@id":"https:\/\/www.anaromanature.com\/#organization"},"potentialAction":[{"@type":"SearchAction","target":{"@type":"EntryPoint","urlTemplate":"https:\/\/www.anaromanature.com\/?s={search_term_string}"},"query-input":{"@type":"PropertyValueSpecification","valueRequired":true,"valueName":"search_term_string"}}],"inLanguage":"es"},{"@type":"Organization","@id":"https:\/\/www.anaromanature.com\/#organization","name":"Anaroma Nature","url":"https:\/\/www.anaromanature.com\/","logo":{"@type":"ImageObject","inLanguage":"es","@id":"https:\/\/www.anaromanature.com\/#\/schema\/logo\/image\/","url":"https:\/\/i2.wp.com\/www.anaromanature.com\/wp-content\/uploads\/2021\/02\/cropped-Logotipo-Anaroma-2.png?fit=290%2C288&ssl=1","contentUrl":"https:\/\/i2.wp.com\/www.anaromanature.com\/wp-content\/uploads\/2021\/02\/cropped-Logotipo-Anaroma-2.png?fit=290%2C288&ssl=1","width":290,"height":288,"caption":"Anaroma Nature"},"image":{"@id":"https:\/\/www.anaromanature.com\/#\/schema\/logo\/image\/"},"sameAs":["http:\/\/facebook.com\/Anaroma-326324794814915","http:\/\/instagram.com\/anaromanature"]}]}},"_links":{"self":[{"href":"https:\/\/www.anaromanature.com\/index.php\/wp-json\/wp\/v2\/product\/577","targetHints":{"allow":["GET"]}}],"collection":[{"href":"https:\/\/www.anaromanature.com\/index.php\/wp-json\/wp\/v2\/product"}],"about":[{"href":"https:\/\/www.anaromanature.com\/index.php\/wp-json\/wp\/v2\/types\/product"}],"replies":[{"embeddable":true,"href":"https:\/\/www.anaromanature.com\/index.php\/wp-json\/wp\/v2\/comments?post=577"}],"wp:featuredmedia":[{"embeddable":true,"href":"https:\/\/www.anaromanature.com\/index.php\/wp-json\/wp\/v2\/media\/848"}],"wp:attachment":[{"href":"https:\/\/www.anaromanature.com\/index.php\/wp-json\/wp\/v2\/media?parent=577"}],"wp:term":[{"taxonomy":"product_brand","embeddable":true,"href":"https:\/\/www.anaromanature.com\/index.php\/wp-json\/wp\/v2\/product_brand?post=577"},{"taxonomy":"product_cat","embeddable":true,"href":"https:\/\/www.anaromanature.com\/index.php\/wp-json\/wp\/v2\/product_cat?post=577"},{"taxonomy":"product_tag","embeddable":true,"href":"https:\/\/www.anaromanature.com\/index.php\/wp-json\/wp\/v2\/product_tag?post=577"}],"curies":[{"name":"wp","href":"https:\/\/api.w.org\/{rel}","templated":true}]}}